{"id":1997,"date":"2021-02-21T12:16:40","date_gmt":"2021-02-21T05:16:40","guid":{"rendered":"http:\/\/new-tranthi.test\/import-placeholder-for-5437\/"},"modified":"2022-04-23T14:02:03","modified_gmt":"2022-04-23T07:02:03","slug":"tu-ao-nguoi-lon-dl20","status":"publish","type":"product","link":"https:\/\/tranthi.vn\/hochiminh\/tu-ao-nguoi-lon-dl20\/","title":{"rendered":"T\u1ee7 \u00c1o Ng\u01b0\u1eddi L\u1edbn DL20"},"content":{"rendered":"","protected":false},"excerpt":{"rendered":"<p><span style=\"font-family: 'times new roman', times, serif; font-size: 130%; color: #282828;\"><strong><span style=\"font-size: 140%; color: #ff6600;\">\u2666\u00a0<\/span><\/strong>B\u1ea3o h\u00e0nh 1 n\u0103m\u00a0<\/span><\/p>\n<p><span style=\"font-family: 'times new roman', times, serif; font-size: 130%; color: #282828;\"><strong><span style=\"font-size: 140%; color: #ff6600;\">\u2666 <\/span><\/strong>\u0110\u01a1n v\u1ecb t\u00ednh : C\u00e1i<\/span><\/p>\n<p><span style=\"font-family: 'times new roman', times, serif; font-size: 130%; color: #282828;\"><strong><span style=\"font-size: 140%; color: #ff6600;\">\u2666 <\/span><\/strong>M\u00e0u s\u1eafc: Tr\u1eafng, D\u01b0\u01a1ng, H\u1ed3ng, T\u00edm, L\u00e1\u2026<\/span><\/p>\n<p><span style=\"font-family: 'times new roman', times, serif; font-size: 130%; color: #282828;\"><strong><span style=\"font-size: 140%; color: #ff6600;\">\u2666 <\/span><\/strong>K\u00edch th\u01b0\u1edbc: 185 x 109 x 48 cm<\/span><\/p>\n<p><span style=\"font-family: 'times new roman', times, serif; font-size: 130%; color: #282828;\"><strong><span style=\"font-size: 140%; color: #ff6600;\">\u2666 <\/span><\/strong>Gi\u00e1\u00a0t\u1ee7 \u00e1o ng\u01b0\u1eddi l\u1edbn DL20:<span style=\"color: #008000;\"><strong> 2.250.000\/\u0110 <\/strong><strong>c\u00e1i<\/strong><\/span><\/span><\/p>\n<p><span style=\"font-family: 'times new roman', times, serif; font-size: 130%; color: #282828;\"> <strong><span style=\"font-size: 140%; color: #ff6600;\">\u2666 <\/span><\/strong>Tay n\u1eafm: nh\u1ef1a<\/span><\/p>\n<p><span style=\"font-family: 'times new roman', times, serif; font-size: 130%; color: #282828;\"><strong><span style=\"font-size: 140%; color: #ff6600;\">\u2666 <\/span><\/strong>Gi\u00e1 tr\u00ean ch\u01b0a bao g\u1ed3m v\u1eadn chuy\u1ec3n ph\u00ed v\u1eadn chuy\u1ec3n \u0111\u01b0\u1ee3c t\u00ednh t\u00f9y thu\u1ed9c v\u00e0o g\u1ea7n hay xa<\/span><\/p>\n<p><span style=\"font-family: 'times new roman', times, serif; font-size: 130%; color: #282828;\"><strong><span style=\"font-size: 140%; color: #ff6600;\">\u2666 <\/span><\/strong>H\u00ecnh d\u00e1n nh\u00e2n v\u1eadt ho\u1ea1t h\u00ecnh Chu\u1ed9t micky, Doremon, B\u1ea1ch tuy\u1ebft, c\u00e1c con v\u1eadt ng\u1ed9 ngh\u0129nh\u2026t\u00f9y ch\u1ecdn theo \u00fd kh\u00e1ch h\u00e0ng<\/span><\/p>\n<p><span style=\"font-family: 'times new roman', times, serif; font-size: 130%; color: #282828;\"><em>\u00a0 \u00a0 \u00a0 \u00a0 \u00a0 \u00a0 \u00a0 \u00a0 \u00a0 \u00a0\u00a0<\/em><\/span><\/p>\n<p>&nbsp;<\/p>\n<p>&nbsp;<\/p>\n","protected":false},"featured_media":4811,"comment_status":"open","ping_status":"closed","template":"","meta":[],"product_cat":[125],"product_tag":[832],"class_list":{"0":"post-1997","1":"product","2":"type-product","3":"status-publish","4":"has-post-thumbnail","6":"product_cat-tu-quan-ao-nguoi-lon","7":"product_tag-mau-tu-ao-quan-nhua-dai-loan-cao-cap-tai-hue","9":"first","10":"instock","11":"sale","12":"shipping-taxable","13":"purchasable","14":"product-type-simple"},"yoast_head":"<!-- This site is optimized with the Yoast SEO Premium plugin v22.3 (Yoast SEO v22.4) - https:\/\/yoast.com\/wordpress\/plugins\/seo\/ -->\n<title>T\u1ee7 \u00c1o Ng\u01b0\u1eddi L\u1edbn DL20 - V\u1eadt Li\u1ec7u X\u00e2y D\u1ef1ng Tr\u1ea7n Th\u1ecb Chi Nh\u00e1nh H\u1ed3 Ch\u00ed Minh<\/title>\n<meta name=\"robots\" content=\"index, follow, max-snippet:-1, max-image-preview:large, max-video-preview:-1\" \/>\n<link rel=\"canonical\" href=\"https:\/\/tranthi.vn\/hochiminh\/tu-ao-nguoi-lon-dl20\/\" \/>\n<meta property=\"og:locale\" content=\"vi_VN\" \/>\n<meta property=\"og:type\" content=\"article\" \/>\n<meta property=\"og:title\" content=\"T\u1ee7 \u00c1o Ng\u01b0\u1eddi L\u1edbn DL20\" \/>\n<meta property=\"og:description\" content=\"\u2666\u00a0B\u1ea3o h\u00e0nh 1 n\u0103m\u00a0  \u2666 \u0110\u01a1n v\u1ecb t\u00ednh : C\u00e1i  \u2666 M\u00e0u s\u1eafc: Tr\u1eafng, D\u01b0\u01a1ng, H\u1ed3ng, T\u00edm, L\u00e1\u2026  \u2666 K\u00edch th\u01b0\u1edbc: 185 x 109 x 48 cm  \u2666 Gi\u00e1\u00a0t\u1ee7 \u00e1o ng\u01b0\u1eddi l\u1edbn DL20: 2.250.000\/\u0110 c\u00e1i   \u2666 Tay n\u1eafm: nh\u1ef1a  \u2666 Gi\u00e1 tr\u00ean ch\u01b0a bao g\u1ed3m v\u1eadn chuy\u1ec3n ph\u00ed v\u1eadn chuy\u1ec3n \u0111\u01b0\u1ee3c t\u00ednh t\u00f9y thu\u1ed9c v\u00e0o g\u1ea7n hay xa  \u2666 H\u00ecnh d\u00e1n nh\u00e2n v\u1eadt ho\u1ea1t h\u00ecnh Chu\u1ed9t micky, Doremon, B\u1ea1ch tuy\u1ebft, c\u00e1c con v\u1eadt ng\u1ed9 ngh\u0129nh\u2026t\u00f9y ch\u1ecdn theo \u00fd kh\u00e1ch h\u00e0ng  \u00a0 \u00a0 \u00a0 \u00a0 \u00a0 \u00a0 \u00a0 \u00a0 \u00a0 \u00a0\u00a0  &nbsp;  &nbsp;\" \/>\n<meta property=\"og:url\" content=\"https:\/\/tranthi.vn\/hochiminh\/tu-ao-nguoi-lon-dl20\/\" \/>\n<meta property=\"og:site_name\" content=\"V\u1eadt Li\u1ec7u X\u00e2y D\u1ef1ng Tr\u1ea7n Th\u1ecb Chi Nh\u00e1nh H\u1ed3 Ch\u00ed Minh\" \/>\n<meta property=\"article:modified_time\" content=\"2022-04-23T07:02:03+00:00\" \/>\n<meta property=\"og:image\" content=\"https:\/\/tranthi.vn\/hochiminh\/wp-content\/uploads\/2021\/02\/mau-tu-ao-quan-nhua-dai-loan-cao-cap-tai-Hue.jpg\" \/>\n\t<meta property=\"og:image:width\" content=\"400\" \/>\n\t<meta property=\"og:image:height\" content=\"400\" \/>\n\t<meta property=\"og:image:type\" content=\"image\/jpeg\" \/>\n<meta name=\"twitter:card\" content=\"summary_large_image\" \/>\n<meta name=\"twitter:label1\" content=\"Gi\u00e1\" \/>\n\t<meta name=\"twitter:data1\" content=\"2,250,000&nbsp;&#8363;\" \/>\n\t<meta name=\"twitter:label2\" content=\"Kh\u1ea3 d\u1ee5ng\" \/>\n\t<meta name=\"twitter:data2\" content=\"Trong kho\" \/>\n<script type=\"application\/ld+json\" class=\"yoast-schema-graph\">{\"@context\":\"https:\/\/schema.org\",\"@graph\":[{\"@type\":[\"WebPage\",\"ItemPage\"],\"@id\":\"https:\/\/tranthi.vn\/hochiminh\/tu-ao-nguoi-lon-dl20\/\",\"url\":\"https:\/\/tranthi.vn\/hochiminh\/tu-ao-nguoi-lon-dl20\/\",\"name\":\"T\u1ee7 \u00c1o Ng\u01b0\u1eddi L\u1edbn DL20 - V\u1eadt Li\u1ec7u X\u00e2y D\u1ef1ng Tr\u1ea7n Th\u1ecb Chi Nh\u00e1nh H\u1ed3 Ch\u00ed Minh\",\"isPartOf\":{\"@id\":\"https:\/\/tranthi.vn\/hochiminh\/#website\"},\"primaryImageOfPage\":{\"@id\":\"https:\/\/tranthi.vn\/hochiminh\/tu-ao-nguoi-lon-dl20\/#primaryimage\"},\"image\":{\"@id\":\"https:\/\/tranthi.vn\/hochiminh\/tu-ao-nguoi-lon-dl20\/#primaryimage\"},\"thumbnailUrl\":\"https:\/\/tranthi.vn\/hochiminh\/wp-content\/uploads\/2021\/02\/mau-tu-ao-quan-nhua-dai-loan-cao-cap-tai-Hue.jpg\",\"datePublished\":\"2021-02-21T05:16:40+00:00\",\"dateModified\":\"2022-04-23T07:02:03+00:00\",\"breadcrumb\":{\"@id\":\"https:\/\/tranthi.vn\/hochiminh\/tu-ao-nguoi-lon-dl20\/#breadcrumb\"},\"inLanguage\":\"vi\",\"potentialAction\":[{\"@type\":\"ReadAction\",\"target\":[\"https:\/\/tranthi.vn\/hochiminh\/tu-ao-nguoi-lon-dl20\/\"]}]},{\"@type\":\"ImageObject\",\"inLanguage\":\"vi\",\"@id\":\"https:\/\/tranthi.vn\/hochiminh\/tu-ao-nguoi-lon-dl20\/#primaryimage\",\"url\":\"https:\/\/tranthi.vn\/hochiminh\/wp-content\/uploads\/2021\/02\/mau-tu-ao-quan-nhua-dai-loan-cao-cap-tai-Hue.jpg\",\"contentUrl\":\"https:\/\/tranthi.vn\/hochiminh\/wp-content\/uploads\/2021\/02\/mau-tu-ao-quan-nhua-dai-loan-cao-cap-tai-Hue.jpg\",\"width\":400,\"height\":400,\"caption\":\"m\u1eabu t\u1ee7 \u00e1o qu\u1ea7n nh\u1ef1a \u0111\u00e0i loan cao c\u1ea5p t\u1ea1i Hu\u1ebf\"},{\"@type\":\"BreadcrumbList\",\"@id\":\"https:\/\/tranthi.vn\/hochiminh\/tu-ao-nguoi-lon-dl20\/#breadcrumb\",\"itemListElement\":[{\"@type\":\"ListItem\",\"position\":1,\"name\":\"Trang ch\u1ee7\",\"item\":\"https:\/\/tranthi.vn\/hochiminh\/\"},{\"@type\":\"ListItem\",\"position\":2,\"name\":\"Shop\",\"item\":\"https:\/\/tranthi.vn\/hochiminh\/shop\/\"},{\"@type\":\"ListItem\",\"position\":3,\"name\":\"T\u1ee7 \u00c1o Ng\u01b0\u1eddi L\u1edbn DL20\"}]},{\"@type\":\"WebSite\",\"@id\":\"https:\/\/tranthi.vn\/hochiminh\/#website\",\"url\":\"https:\/\/tranthi.vn\/hochiminh\/\",\"name\":\"V\u1eadt Li\u1ec7u X\u00e2y D\u1ef1ng Tr\u1ea7n Th\u1ecb Chi Nh\u00e1nh H\u1ed3 Ch\u00ed Minh\",\"description\":\"V\u1eadt Li\u1ec7u X\u00e2y D\u1ef1ng - H\u1ed3 Ch\u00ed Minh\",\"potentialAction\":[{\"@type\":\"SearchAction\",\"target\":{\"@type\":\"EntryPoint\",\"urlTemplate\":\"https:\/\/tranthi.vn\/hochiminh\/?s={search_term_string}\"},\"query-input\":\"required name=search_term_string\"}],\"inLanguage\":\"vi\"},{\"@type\":\"ImageObject\",\"inLanguage\":\"vi\",\"@id\":\"https:\/\/tranthi.vn\/hochiminh\/tu-ao-nguoi-lon-dl20\/#local-main-organization-logo\",\"url\":\"\",\"contentUrl\":\"\",\"caption\":\"V\u1eadt Li\u1ec7u X\u00e2y D\u1ef1ng Tr\u1ea7n Th\u1ecb Chi Nh\u00e1nh H\u1ed3 Ch\u00ed Minh\"}]}<\/script>\n<meta property=\"product:price:amount\" content=\"2250000\" \/>\n<meta property=\"product:price:currency\" content=\"VND\" \/>\n<meta property=\"og:availability\" content=\"instock\" \/>\n<meta property=\"product:availability\" content=\"instock\" \/>\n<meta property=\"product:condition\" content=\"new\" \/>\n<!-- \/ Yoast SEO Premium plugin. -->","yoast_head_json":{"title":"T\u1ee7 \u00c1o Ng\u01b0\u1eddi L\u1edbn DL20 - V\u1eadt Li\u1ec7u X\u00e2y D\u1ef1ng Tr\u1ea7n Th\u1ecb Chi Nh\u00e1nh H\u1ed3 Ch\u00ed Minh","robots":{"index":"index","follow":"follow","max-snippet":"max-snippet:-1","max-image-preview":"max-image-preview:large","max-video-preview":"max-video-preview:-1"},"canonical":"https:\/\/tranthi.vn\/hochiminh\/tu-ao-nguoi-lon-dl20\/","og_locale":"vi_VN","og_type":"article","og_title":"T\u1ee7 \u00c1o Ng\u01b0\u1eddi L\u1edbn DL20","og_description":"\u2666\u00a0B\u1ea3o h\u00e0nh 1 n\u0103m\u00a0  \u2666 \u0110\u01a1n v\u1ecb t\u00ednh : C\u00e1i  \u2666 M\u00e0u s\u1eafc: Tr\u1eafng, D\u01b0\u01a1ng, H\u1ed3ng, T\u00edm, L\u00e1\u2026  \u2666 K\u00edch th\u01b0\u1edbc: 185 x 109 x 48 cm  \u2666 Gi\u00e1\u00a0t\u1ee7 \u00e1o ng\u01b0\u1eddi l\u1edbn DL20: 2.250.000\/\u0110 c\u00e1i   \u2666 Tay n\u1eafm: nh\u1ef1a  \u2666 Gi\u00e1 tr\u00ean ch\u01b0a bao g\u1ed3m v\u1eadn chuy\u1ec3n ph\u00ed v\u1eadn chuy\u1ec3n \u0111\u01b0\u1ee3c t\u00ednh t\u00f9y thu\u1ed9c v\u00e0o g\u1ea7n hay xa  \u2666 H\u00ecnh d\u00e1n nh\u00e2n v\u1eadt ho\u1ea1t h\u00ecnh Chu\u1ed9t micky, Doremon, B\u1ea1ch tuy\u1ebft, c\u00e1c con v\u1eadt ng\u1ed9 ngh\u0129nh\u2026t\u00f9y ch\u1ecdn theo \u00fd kh\u00e1ch h\u00e0ng  \u00a0 \u00a0 \u00a0 \u00a0 \u00a0 \u00a0 \u00a0 \u00a0 \u00a0 \u00a0\u00a0  &nbsp;  &nbsp;","og_url":"https:\/\/tranthi.vn\/hochiminh\/tu-ao-nguoi-lon-dl20\/","og_site_name":"V\u1eadt Li\u1ec7u X\u00e2y D\u1ef1ng Tr\u1ea7n Th\u1ecb Chi Nh\u00e1nh H\u1ed3 Ch\u00ed Minh","article_modified_time":"2022-04-23T07:02:03+00:00","og_image":[{"width":400,"height":400,"url":"https:\/\/tranthi.vn\/hochiminh\/wp-content\/uploads\/2021\/02\/mau-tu-ao-quan-nhua-dai-loan-cao-cap-tai-Hue.jpg","type":"image\/jpeg"}],"twitter_card":"summary_large_image","twitter_misc":{"Gi\u00e1":"2,250,000&nbsp;&#8363;","Kh\u1ea3 d\u1ee5ng":"Trong kho"},"schema":{"@context":"https:\/\/schema.org","@graph":[{"@type":["WebPage","ItemPage"],"@id":"https:\/\/tranthi.vn\/hochiminh\/tu-ao-nguoi-lon-dl20\/","url":"https:\/\/tranthi.vn\/hochiminh\/tu-ao-nguoi-lon-dl20\/","name":"T\u1ee7 \u00c1o Ng\u01b0\u1eddi L\u1edbn DL20 - V\u1eadt Li\u1ec7u X\u00e2y D\u1ef1ng Tr\u1ea7n Th\u1ecb Chi Nh\u00e1nh H\u1ed3 Ch\u00ed Minh","isPartOf":{"@id":"https:\/\/tranthi.vn\/hochiminh\/#website"},"primaryImageOfPage":{"@id":"https:\/\/tranthi.vn\/hochiminh\/tu-ao-nguoi-lon-dl20\/#primaryimage"},"image":{"@id":"https:\/\/tranthi.vn\/hochiminh\/tu-ao-nguoi-lon-dl20\/#primaryimage"},"thumbnailUrl":"https:\/\/tranthi.vn\/hochiminh\/wp-content\/uploads\/2021\/02\/mau-tu-ao-quan-nhua-dai-loan-cao-cap-tai-Hue.jpg","datePublished":"2021-02-21T05:16:40+00:00","dateModified":"2022-04-23T07:02:03+00:00","breadcrumb":{"@id":"https:\/\/tranthi.vn\/hochiminh\/tu-ao-nguoi-lon-dl20\/#breadcrumb"},"inLanguage":"vi","potentialAction":[{"@type":"ReadAction","target":["https:\/\/tranthi.vn\/hochiminh\/tu-ao-nguoi-lon-dl20\/"]}]},{"@type":"ImageObject","inLanguage":"vi","@id":"https:\/\/tranthi.vn\/hochiminh\/tu-ao-nguoi-lon-dl20\/#primaryimage","url":"https:\/\/tranthi.vn\/hochiminh\/wp-content\/uploads\/2021\/02\/mau-tu-ao-quan-nhua-dai-loan-cao-cap-tai-Hue.jpg","contentUrl":"https:\/\/tranthi.vn\/hochiminh\/wp-content\/uploads\/2021\/02\/mau-tu-ao-quan-nhua-dai-loan-cao-cap-tai-Hue.jpg","width":400,"height":400,"caption":"m\u1eabu t\u1ee7 \u00e1o qu\u1ea7n nh\u1ef1a \u0111\u00e0i loan cao c\u1ea5p t\u1ea1i Hu\u1ebf"},{"@type":"BreadcrumbList","@id":"https:\/\/tranthi.vn\/hochiminh\/tu-ao-nguoi-lon-dl20\/#breadcrumb","itemListElement":[{"@type":"ListItem","position":1,"name":"Trang ch\u1ee7","item":"https:\/\/tranthi.vn\/hochiminh\/"},{"@type":"ListItem","position":2,"name":"Shop","item":"https:\/\/tranthi.vn\/hochiminh\/shop\/"},{"@type":"ListItem","position":3,"name":"T\u1ee7 \u00c1o Ng\u01b0\u1eddi L\u1edbn DL20"}]},{"@type":"WebSite","@id":"https:\/\/tranthi.vn\/hochiminh\/#website","url":"https:\/\/tranthi.vn\/hochiminh\/","name":"V\u1eadt Li\u1ec7u X\u00e2y D\u1ef1ng Tr\u1ea7n Th\u1ecb Chi Nh\u00e1nh H\u1ed3 Ch\u00ed Minh","description":"V\u1eadt Li\u1ec7u X\u00e2y D\u1ef1ng - H\u1ed3 Ch\u00ed Minh","potentialAction":[{"@type":"SearchAction","target":{"@type":"EntryPoint","urlTemplate":"https:\/\/tranthi.vn\/hochiminh\/?s={search_term_string}"},"query-input":"required name=search_term_string"}],"inLanguage":"vi"},{"@type":"ImageObject","inLanguage":"vi","@id":"https:\/\/tranthi.vn\/hochiminh\/tu-ao-nguoi-lon-dl20\/#local-main-organization-logo","url":"","contentUrl":"","caption":"V\u1eadt Li\u1ec7u X\u00e2y D\u1ef1ng Tr\u1ea7n Th\u1ecb Chi Nh\u00e1nh H\u1ed3 Ch\u00ed Minh"}]},"product_price_amount":"2250000","product_price_currency":"VND","og_availability":"instock","product_availability":"instock","product_condition":"new"},"_links":{"self":[{"href":"https:\/\/tranthi.vn\/hochiminh\/wp-json\/wp\/v2\/product\/1997","targetHints":{"allow":["GET"]}}],"collection":[{"href":"https:\/\/tranthi.vn\/hochiminh\/wp-json\/wp\/v2\/product"}],"about":[{"href":"https:\/\/tranthi.vn\/hochiminh\/wp-json\/wp\/v2\/types\/product"}],"replies":[{"embeddable":true,"href":"https:\/\/tranthi.vn\/hochiminh\/wp-json\/wp\/v2\/comments?post=1997"}],"wp:featuredmedia":[{"embeddable":true,"href":"https:\/\/tranthi.vn\/hochiminh\/wp-json\/wp\/v2\/media\/4811"}],"wp:attachment":[{"href":"https:\/\/tranthi.vn\/hochiminh\/wp-json\/wp\/v2\/media?parent=1997"}],"wp:term":[{"taxonomy":"product_cat","embeddable":true,"href":"https:\/\/tranthi.vn\/hochiminh\/wp-json\/wp\/v2\/product_cat?post=1997"},{"taxonomy":"product_tag","embeddable":true,"href":"https:\/\/tranthi.vn\/hochiminh\/wp-json\/wp\/v2\/product_tag?post=1997"}],"curies":[{"name":"wp","href":"https:\/\/api.w.org\/{rel}","templated":true}]}}