{"id":1671,"date":"2021-02-18T14:34:38","date_gmt":"2021-02-18T14:34:38","guid":{"rendered":"http:\/\/new-tranthi.test\/san-pham\/son-lot-chong-kiem-ngoai-that-mykolor-touch-nano-seal-thung-18l\/"},"modified":"2022-04-04T13:34:32","modified_gmt":"2022-04-04T06:34:32","slug":"son-lot-chong-kiem-ngoai-that-mykolor-touch-nano-seal-thung-18l","status":"publish","type":"product","link":"https:\/\/tranthi.vn\/hochiminh\/son-lot-chong-kiem-ngoai-that-mykolor-touch-nano-seal-thung-18l\/","title":{"rendered":"S\u01a1n L\u00f3t Ch\u1ed1ng Ki\u1ec1m Ngo\u1ea1i Th\u1ea5t Mykolor Touch Nano Seal-Th\u00f9ng 18l"},"content":{"rendered":"","protected":false},"excerpt":{"rendered":"<p><span style=\"font-family: 'times new roman', times, serif; font-size: 130%;\"><span style=\"font-size: 160%; color: #ff6600;\">\u2666<\/span>\u00a0\u00a0B\u1ea3o h\u00e0nh 1 n\u0103m<\/span><\/p>\n<p><span style=\"font-family: 'times new roman', times, serif; font-size: 130%;\"><span style=\"font-size: 160%; color: #ff6600;\">\u2666<\/span>\u00a0 \u0110\u01a1n v\u1ecb t\u00ednh: Th\u00f9ng 18\u00a0 L\u00edt<\/span><\/p>\n<p><span style=\"font-family: 'times new roman', times, serif; font-size: 130%;\"><span style=\"font-size: 160%; color: #ff6600;\">\u2666<\/span>\u00a0 \u0110\u01a1n gi\u00e1: <span style=\"color: #00aae7;\"><em><strong><a style=\"color: #00aae7;\" href=\"http:\/\/tranthi.vn\/son-lot-chong-kiem-ngoai-that-mykolor-touch-nano-seal-da-nang\">S\u01a1n L\u00f3t Ch\u1ed1ng Ki\u1ec1m Ngo\u1ea1i Th\u1ea5t Mykolor Touch Nano Seal<\/a><\/strong><\/em><strong> \u00a0<\/strong>\u00a0 <\/span><\/span><\/p>\n<p><span style=\"font-family: 'times new roman', times, serif; font-size: 130%;\">\u00a0 \u00a0 \u00a0 Th\u00f9ng\u00a0 <strong><span style=\"color: #008000;\"><em>18\u00a0 l\u00edt<\/em><\/span>_\u00a0 \u00a0<\/strong>Gi\u00e1<strong>:\u00a0 <em><span style=\"color: #008000;\">2.765.000\u0111<\/span><\/em><\/strong><\/span><\/p>\n<p><span style=\"font-family: 'times new roman', times, serif; font-size: 130%;\">\u00a0 \u00a0 \u00a0 Th\u00f9ng <em><strong><span style=\"color: #008000;\">4.375 <\/span><\/strong><span style=\"color: #008000;\"><strong>l\u00edt<\/strong><\/span><\/em><strong>_\u00a0<\/strong>Gi\u00e1:<strong>\u00a0<span style=\"color: #008000;\"><em> 1.209.000\u0111<\/em><\/span><\/strong><\/span><\/p>\n<p><span style=\"font-family: 'times new roman', times, serif; font-size: 130%;\"><span style=\"font-size: 160%; color: #ff6600;\">\u2666<\/span>\u00a0Mi\u1ec5n ph\u00ed ship t\u1eeb 2 \u0111\u01a1n v\u1ecb tr\u1edf l\u00ean Ho\u1eb7c trong Tp Hu\u1ebf<\/span><\/p>\n<p>&nbsp;<\/p>\n","protected":false},"featured_media":4364,"comment_status":"open","ping_status":"closed","template":"","meta":[],"product_cat":[139,143,140,144],"product_tag":[573],"class_list":{"0":"post-1671","1":"product","2":"type-product","3":"status-publish","4":"has-post-thumbnail","6":"product_cat-son","7":"product_cat-son-lot-chong-kiem-mykolor","8":"product_cat-bang-gia-son-mykolor-tai-da-nang","9":"product_cat-son-phu-ngoai-that-mykolor","10":"product_tag-son-ngoai-that-mykolor-son-lot-chong-kiem-hue","12":"first","13":"instock","14":"sale","15":"shipping-taxable","16":"purchasable","17":"product-type-simple"},"yoast_head":"<!-- This site is optimized with the Yoast SEO Premium plugin v22.3 (Yoast SEO v22.4) - https:\/\/yoast.com\/wordpress\/plugins\/seo\/ -->\n<title>Gi\u00e1 S\u01a1n L\u00f3t Ch\u1ed1ng Ki\u1ec1m Ngo\u1ea1i Th\u1ea5t Mykolor \u0110\u00e0 N\u1eb5ng-0903.595.049<\/title>\n<meta name=\"description\" content=\"Tr\u1ea7n Th\u1ecb l\u00e0 \u0111\u1ea1i l\u00fd S\u01a1n L\u00f3t Ch\u1ed1ng Ki\u1ec1m Ngo\u1ea1i Th\u1ea5t Mykolor t\u1ea1i \u0111\u00e0 n\u1eb5ng. Ph\u1ee5c v\u1ee5 t\u1eadn ch\u00e2n c\u00f4ng tr\u00ecnh v\u1edbi gi\u00e1 r\u1ebb nh\u1ea5t th\u1ecb tr\u01b0\u1eddng \u0110\u00e0 N\u1eb5ng. \u0110\u1ecba ch\u1ec9: 204 L\u00ea V\u0103n Hi\u1ebfn\" \/>\n<meta name=\"robots\" content=\"index, follow, max-snippet:-1, max-image-preview:large, max-video-preview:-1\" \/>\n<link rel=\"canonical\" href=\"https:\/\/tranthi.vn\/hochiminh\/son-lot-chong-kiem-ngoai-that-mykolor-touch-nano-seal-thung-18l\/\" \/>\n<meta property=\"og:locale\" content=\"vi_VN\" \/>\n<meta property=\"og:type\" content=\"article\" \/>\n<meta property=\"og:title\" content=\"S\u01a1n L\u00f3t Ch\u1ed1ng Ki\u1ec1m Ngo\u1ea1i Th\u1ea5t Mykolor Touch Nano Seal-Th\u00f9ng 18l\" \/>\n<meta property=\"og:description\" content=\"Tr\u1ea7n Th\u1ecb l\u00e0 \u0111\u1ea1i l\u00fd S\u01a1n L\u00f3t Ch\u1ed1ng Ki\u1ec1m Ngo\u1ea1i Th\u1ea5t Mykolor t\u1ea1i \u0111\u00e0 n\u1eb5ng. Ph\u1ee5c v\u1ee5 t\u1eadn ch\u00e2n c\u00f4ng tr\u00ecnh v\u1edbi gi\u00e1 r\u1ebb nh\u1ea5t th\u1ecb tr\u01b0\u1eddng \u0110\u00e0 N\u1eb5ng. \u0110\u1ecba ch\u1ec9: 204 L\u00ea V\u0103n Hi\u1ebfn\" \/>\n<meta property=\"og:url\" content=\"https:\/\/tranthi.vn\/hochiminh\/son-lot-chong-kiem-ngoai-that-mykolor-touch-nano-seal-thung-18l\/\" \/>\n<meta property=\"og:site_name\" content=\"V\u1eadt Li\u1ec7u X\u00e2y D\u1ef1ng Tr\u1ea7n Th\u1ecb Chi Nh\u00e1nh H\u1ed3 Ch\u00ed Minh\" \/>\n<meta property=\"article:modified_time\" content=\"2022-04-04T06:34:32+00:00\" \/>\n<meta property=\"og:image\" content=\"https:\/\/tranthi.vn\/hochiminh\/wp-content\/uploads\/2021\/02\/son-ngoai-that-Mykolor-son-lot-chong-kiem-Hue.png\" \/>\n\t<meta property=\"og:image:width\" content=\"400\" \/>\n\t<meta property=\"og:image:height\" content=\"400\" \/>\n\t<meta property=\"og:image:type\" content=\"image\/png\" \/>\n<meta name=\"twitter:card\" content=\"summary_large_image\" \/>\n<meta name=\"twitter:label1\" content=\"Gi\u00e1\" \/>\n\t<meta name=\"twitter:data1\" content=\"2,765,000&nbsp;&#8363;\" \/>\n\t<meta name=\"twitter:label2\" content=\"Kh\u1ea3 d\u1ee5ng\" \/>\n\t<meta name=\"twitter:data2\" content=\"Trong kho\" \/>\n<script type=\"application\/ld+json\" class=\"yoast-schema-graph\">{\"@context\":\"https:\/\/schema.org\",\"@graph\":[{\"@type\":[\"WebPage\",\"ItemPage\"],\"@id\":\"https:\/\/tranthi.vn\/hochiminh\/son-lot-chong-kiem-ngoai-that-mykolor-touch-nano-seal-thung-18l\/\",\"url\":\"https:\/\/tranthi.vn\/hochiminh\/son-lot-chong-kiem-ngoai-that-mykolor-touch-nano-seal-thung-18l\/\",\"name\":\"Gi\u00e1 S\u01a1n L\u00f3t Ch\u1ed1ng Ki\u1ec1m Ngo\u1ea1i Th\u1ea5t Mykolor \u0110\u00e0 N\u1eb5ng-0903.595.049\",\"isPartOf\":{\"@id\":\"https:\/\/tranthi.vn\/hochiminh\/#website\"},\"primaryImageOfPage\":{\"@id\":\"https:\/\/tranthi.vn\/hochiminh\/son-lot-chong-kiem-ngoai-that-mykolor-touch-nano-seal-thung-18l\/#primaryimage\"},\"image\":{\"@id\":\"https:\/\/tranthi.vn\/hochiminh\/son-lot-chong-kiem-ngoai-that-mykolor-touch-nano-seal-thung-18l\/#primaryimage\"},\"thumbnailUrl\":\"https:\/\/tranthi.vn\/hochiminh\/wp-content\/uploads\/2021\/02\/son-ngoai-that-Mykolor-son-lot-chong-kiem-Hue.png\",\"datePublished\":\"2021-02-18T14:34:38+00:00\",\"dateModified\":\"2022-04-04T06:34:32+00:00\",\"description\":\"Tr\u1ea7n Th\u1ecb l\u00e0 \u0111\u1ea1i l\u00fd S\u01a1n L\u00f3t Ch\u1ed1ng Ki\u1ec1m Ngo\u1ea1i Th\u1ea5t Mykolor t\u1ea1i \u0111\u00e0 n\u1eb5ng. Ph\u1ee5c v\u1ee5 t\u1eadn ch\u00e2n c\u00f4ng tr\u00ecnh v\u1edbi gi\u00e1 r\u1ebb nh\u1ea5t th\u1ecb tr\u01b0\u1eddng \u0110\u00e0 N\u1eb5ng. \u0110\u1ecba ch\u1ec9: 204 L\u00ea V\u0103n Hi\u1ebfn\",\"breadcrumb\":{\"@id\":\"https:\/\/tranthi.vn\/hochiminh\/son-lot-chong-kiem-ngoai-that-mykolor-touch-nano-seal-thung-18l\/#breadcrumb\"},\"inLanguage\":\"vi\",\"potentialAction\":[{\"@type\":\"ReadAction\",\"target\":[\"https:\/\/tranthi.vn\/hochiminh\/son-lot-chong-kiem-ngoai-that-mykolor-touch-nano-seal-thung-18l\/\"]}]},{\"@type\":\"ImageObject\",\"inLanguage\":\"vi\",\"@id\":\"https:\/\/tranthi.vn\/hochiminh\/son-lot-chong-kiem-ngoai-that-mykolor-touch-nano-seal-thung-18l\/#primaryimage\",\"url\":\"https:\/\/tranthi.vn\/hochiminh\/wp-content\/uploads\/2021\/02\/son-ngoai-that-Mykolor-son-lot-chong-kiem-Hue.png\",\"contentUrl\":\"https:\/\/tranthi.vn\/hochiminh\/wp-content\/uploads\/2021\/02\/son-ngoai-that-Mykolor-son-lot-chong-kiem-Hue.png\",\"width\":400,\"height\":400,\"caption\":\"s\u01a1n ngo\u1ea1i th\u1ea5t Mykolor - s\u01a1n l\u00f3t ch\u1ed1ng ki\u1ec1m Hu\u1ebf\"},{\"@type\":\"BreadcrumbList\",\"@id\":\"https:\/\/tranthi.vn\/hochiminh\/son-lot-chong-kiem-ngoai-that-mykolor-touch-nano-seal-thung-18l\/#breadcrumb\",\"itemListElement\":[{\"@type\":\"ListItem\",\"position\":1,\"name\":\"Trang ch\u1ee7\",\"item\":\"https:\/\/tranthi.vn\/hochiminh\/\"},{\"@type\":\"ListItem\",\"position\":2,\"name\":\"Shop\",\"item\":\"https:\/\/tranthi.vn\/hochiminh\/shop\/\"},{\"@type\":\"ListItem\",\"position\":3,\"name\":\"S\u01a1n L\u00f3t Ch\u1ed1ng Ki\u1ec1m Ngo\u1ea1i Th\u1ea5t Mykolor Touch Nano Seal-Th\u00f9ng 18l\"}]},{\"@type\":\"WebSite\",\"@id\":\"https:\/\/tranthi.vn\/hochiminh\/#website\",\"url\":\"https:\/\/tranthi.vn\/hochiminh\/\",\"name\":\"V\u1eadt Li\u1ec7u X\u00e2y D\u1ef1ng Tr\u1ea7n Th\u1ecb Chi Nh\u00e1nh H\u1ed3 Ch\u00ed Minh\",\"description\":\"V\u1eadt Li\u1ec7u X\u00e2y D\u1ef1ng - H\u1ed3 Ch\u00ed Minh\",\"potentialAction\":[{\"@type\":\"SearchAction\",\"target\":{\"@type\":\"EntryPoint\",\"urlTemplate\":\"https:\/\/tranthi.vn\/hochiminh\/?s={search_term_string}\"},\"query-input\":\"required name=search_term_string\"}],\"inLanguage\":\"vi\"},{\"@type\":\"ImageObject\",\"inLanguage\":\"vi\",\"@id\":\"https:\/\/tranthi.vn\/hochiminh\/son-lot-chong-kiem-ngoai-that-mykolor-touch-nano-seal-thung-18l\/#local-main-organization-logo\",\"url\":\"\",\"contentUrl\":\"\",\"caption\":\"V\u1eadt Li\u1ec7u X\u00e2y D\u1ef1ng Tr\u1ea7n Th\u1ecb Chi Nh\u00e1nh H\u1ed3 Ch\u00ed Minh\"}]}<\/script>\n<meta property=\"product:price:amount\" content=\"2765000\" \/>\n<meta property=\"product:price:currency\" content=\"VND\" \/>\n<meta property=\"og:availability\" content=\"instock\" \/>\n<meta property=\"product:availability\" content=\"instock\" \/>\n<meta property=\"product:condition\" content=\"new\" \/>\n<!-- \/ Yoast SEO Premium plugin. -->","yoast_head_json":{"title":"Gi\u00e1 S\u01a1n L\u00f3t Ch\u1ed1ng Ki\u1ec1m Ngo\u1ea1i Th\u1ea5t Mykolor \u0110\u00e0 N\u1eb5ng-0903.595.049","description":"Tr\u1ea7n Th\u1ecb l\u00e0 \u0111\u1ea1i l\u00fd S\u01a1n L\u00f3t Ch\u1ed1ng Ki\u1ec1m Ngo\u1ea1i Th\u1ea5t Mykolor t\u1ea1i \u0111\u00e0 n\u1eb5ng. Ph\u1ee5c v\u1ee5 t\u1eadn ch\u00e2n c\u00f4ng tr\u00ecnh v\u1edbi gi\u00e1 r\u1ebb nh\u1ea5t th\u1ecb tr\u01b0\u1eddng \u0110\u00e0 N\u1eb5ng. \u0110\u1ecba ch\u1ec9: 204 L\u00ea V\u0103n Hi\u1ebfn","robots":{"index":"index","follow":"follow","max-snippet":"max-snippet:-1","max-image-preview":"max-image-preview:large","max-video-preview":"max-video-preview:-1"},"canonical":"https:\/\/tranthi.vn\/hochiminh\/son-lot-chong-kiem-ngoai-that-mykolor-touch-nano-seal-thung-18l\/","og_locale":"vi_VN","og_type":"article","og_title":"S\u01a1n L\u00f3t Ch\u1ed1ng Ki\u1ec1m Ngo\u1ea1i Th\u1ea5t Mykolor Touch Nano Seal-Th\u00f9ng 18l","og_description":"Tr\u1ea7n Th\u1ecb l\u00e0 \u0111\u1ea1i l\u00fd S\u01a1n L\u00f3t Ch\u1ed1ng Ki\u1ec1m Ngo\u1ea1i Th\u1ea5t Mykolor t\u1ea1i \u0111\u00e0 n\u1eb5ng. Ph\u1ee5c v\u1ee5 t\u1eadn ch\u00e2n c\u00f4ng tr\u00ecnh v\u1edbi gi\u00e1 r\u1ebb nh\u1ea5t th\u1ecb tr\u01b0\u1eddng \u0110\u00e0 N\u1eb5ng. \u0110\u1ecba ch\u1ec9: 204 L\u00ea V\u0103n Hi\u1ebfn","og_url":"https:\/\/tranthi.vn\/hochiminh\/son-lot-chong-kiem-ngoai-that-mykolor-touch-nano-seal-thung-18l\/","og_site_name":"V\u1eadt Li\u1ec7u X\u00e2y D\u1ef1ng Tr\u1ea7n Th\u1ecb Chi Nh\u00e1nh H\u1ed3 Ch\u00ed Minh","article_modified_time":"2022-04-04T06:34:32+00:00","og_image":[{"width":400,"height":400,"url":"https:\/\/tranthi.vn\/hochiminh\/wp-content\/uploads\/2021\/02\/son-ngoai-that-Mykolor-son-lot-chong-kiem-Hue.png","type":"image\/png"}],"twitter_card":"summary_large_image","twitter_misc":{"Gi\u00e1":"2,765,000&nbsp;&#8363;","Kh\u1ea3 d\u1ee5ng":"Trong kho"},"schema":{"@context":"https:\/\/schema.org","@graph":[{"@type":["WebPage","ItemPage"],"@id":"https:\/\/tranthi.vn\/hochiminh\/son-lot-chong-kiem-ngoai-that-mykolor-touch-nano-seal-thung-18l\/","url":"https:\/\/tranthi.vn\/hochiminh\/son-lot-chong-kiem-ngoai-that-mykolor-touch-nano-seal-thung-18l\/","name":"Gi\u00e1 S\u01a1n L\u00f3t Ch\u1ed1ng Ki\u1ec1m Ngo\u1ea1i Th\u1ea5t Mykolor \u0110\u00e0 N\u1eb5ng-0903.595.049","isPartOf":{"@id":"https:\/\/tranthi.vn\/hochiminh\/#website"},"primaryImageOfPage":{"@id":"https:\/\/tranthi.vn\/hochiminh\/son-lot-chong-kiem-ngoai-that-mykolor-touch-nano-seal-thung-18l\/#primaryimage"},"image":{"@id":"https:\/\/tranthi.vn\/hochiminh\/son-lot-chong-kiem-ngoai-that-mykolor-touch-nano-seal-thung-18l\/#primaryimage"},"thumbnailUrl":"https:\/\/tranthi.vn\/hochiminh\/wp-content\/uploads\/2021\/02\/son-ngoai-that-Mykolor-son-lot-chong-kiem-Hue.png","datePublished":"2021-02-18T14:34:38+00:00","dateModified":"2022-04-04T06:34:32+00:00","description":"Tr\u1ea7n Th\u1ecb l\u00e0 \u0111\u1ea1i l\u00fd S\u01a1n L\u00f3t Ch\u1ed1ng Ki\u1ec1m Ngo\u1ea1i Th\u1ea5t Mykolor t\u1ea1i \u0111\u00e0 n\u1eb5ng. Ph\u1ee5c v\u1ee5 t\u1eadn ch\u00e2n c\u00f4ng tr\u00ecnh v\u1edbi gi\u00e1 r\u1ebb nh\u1ea5t th\u1ecb tr\u01b0\u1eddng \u0110\u00e0 N\u1eb5ng. \u0110\u1ecba ch\u1ec9: 204 L\u00ea V\u0103n Hi\u1ebfn","breadcrumb":{"@id":"https:\/\/tranthi.vn\/hochiminh\/son-lot-chong-kiem-ngoai-that-mykolor-touch-nano-seal-thung-18l\/#breadcrumb"},"inLanguage":"vi","potentialAction":[{"@type":"ReadAction","target":["https:\/\/tranthi.vn\/hochiminh\/son-lot-chong-kiem-ngoai-that-mykolor-touch-nano-seal-thung-18l\/"]}]},{"@type":"ImageObject","inLanguage":"vi","@id":"https:\/\/tranthi.vn\/hochiminh\/son-lot-chong-kiem-ngoai-that-mykolor-touch-nano-seal-thung-18l\/#primaryimage","url":"https:\/\/tranthi.vn\/hochiminh\/wp-content\/uploads\/2021\/02\/son-ngoai-that-Mykolor-son-lot-chong-kiem-Hue.png","contentUrl":"https:\/\/tranthi.vn\/hochiminh\/wp-content\/uploads\/2021\/02\/son-ngoai-that-Mykolor-son-lot-chong-kiem-Hue.png","width":400,"height":400,"caption":"s\u01a1n ngo\u1ea1i th\u1ea5t Mykolor - s\u01a1n l\u00f3t ch\u1ed1ng ki\u1ec1m Hu\u1ebf"},{"@type":"BreadcrumbList","@id":"https:\/\/tranthi.vn\/hochiminh\/son-lot-chong-kiem-ngoai-that-mykolor-touch-nano-seal-thung-18l\/#breadcrumb","itemListElement":[{"@type":"ListItem","position":1,"name":"Trang ch\u1ee7","item":"https:\/\/tranthi.vn\/hochiminh\/"},{"@type":"ListItem","position":2,"name":"Shop","item":"https:\/\/tranthi.vn\/hochiminh\/shop\/"},{"@type":"ListItem","position":3,"name":"S\u01a1n L\u00f3t Ch\u1ed1ng Ki\u1ec1m Ngo\u1ea1i Th\u1ea5t Mykolor Touch Nano Seal-Th\u00f9ng 18l"}]},{"@type":"WebSite","@id":"https:\/\/tranthi.vn\/hochiminh\/#website","url":"https:\/\/tranthi.vn\/hochiminh\/","name":"V\u1eadt Li\u1ec7u X\u00e2y D\u1ef1ng Tr\u1ea7n Th\u1ecb Chi Nh\u00e1nh H\u1ed3 Ch\u00ed Minh","description":"V\u1eadt Li\u1ec7u X\u00e2y D\u1ef1ng - H\u1ed3 Ch\u00ed Minh","potentialAction":[{"@type":"SearchAction","target":{"@type":"EntryPoint","urlTemplate":"https:\/\/tranthi.vn\/hochiminh\/?s={search_term_string}"},"query-input":"required name=search_term_string"}],"inLanguage":"vi"},{"@type":"ImageObject","inLanguage":"vi","@id":"https:\/\/tranthi.vn\/hochiminh\/son-lot-chong-kiem-ngoai-that-mykolor-touch-nano-seal-thung-18l\/#local-main-organization-logo","url":"","contentUrl":"","caption":"V\u1eadt Li\u1ec7u X\u00e2y D\u1ef1ng Tr\u1ea7n Th\u1ecb Chi Nh\u00e1nh H\u1ed3 Ch\u00ed Minh"}]},"product_price_amount":"2765000","product_price_currency":"VND","og_availability":"instock","product_availability":"instock","product_condition":"new"},"_links":{"self":[{"href":"https:\/\/tranthi.vn\/hochiminh\/wp-json\/wp\/v2\/product\/1671","targetHints":{"allow":["GET"]}}],"collection":[{"href":"https:\/\/tranthi.vn\/hochiminh\/wp-json\/wp\/v2\/product"}],"about":[{"href":"https:\/\/tranthi.vn\/hochiminh\/wp-json\/wp\/v2\/types\/product"}],"replies":[{"embeddable":true,"href":"https:\/\/tranthi.vn\/hochiminh\/wp-json\/wp\/v2\/comments?post=1671"}],"wp:featuredmedia":[{"embeddable":true,"href":"https:\/\/tranthi.vn\/hochiminh\/wp-json\/wp\/v2\/media\/4364"}],"wp:attachment":[{"href":"https:\/\/tranthi.vn\/hochiminh\/wp-json\/wp\/v2\/media?parent=1671"}],"wp:term":[{"taxonomy":"product_cat","embeddable":true,"href":"https:\/\/tranthi.vn\/hochiminh\/wp-json\/wp\/v2\/product_cat?post=1671"},{"taxonomy":"product_tag","embeddable":true,"href":"https:\/\/tranthi.vn\/hochiminh\/wp-json\/wp\/v2\/product_tag?post=1671"}],"curies":[{"name":"wp","href":"https:\/\/api.w.org\/{rel}","templated":true}]}}