{"id":1548,"date":"2021-02-18T13:30:08","date_gmt":"2021-02-18T06:30:08","guid":{"rendered":"http:\/\/new-tranthi.test\/san-pham\/xi-mang-kim-dinh-pc-40\/"},"modified":"2025-06-19T11:46:23","modified_gmt":"2025-06-19T04:46:23","slug":"xi-mang-kim-dinh-pc-40-ho-chi-minh","status":"publish","type":"product","link":"https:\/\/tranthi.vn\/hochiminh\/xi-mang-kim-dinh-pc-40-ho-chi-minh\/","title":{"rendered":"Xi M\u0103ng Kim \u0110\u1ec9nh PC 40"},"content":{"rendered":"<h1 class=\"tieude_spham\" style=\"text-align: center;\"><strong><span style=\"font-family: 'times new roman', times, serif; font-size: 130%;\">\u00a0Xi m\u0103ng Kim \u0110\u1ec9nh PC40 <a href=\"https:\/\/vi.wikipedia.org\/wiki\/Th%C3%A0nh_ph%E1%BB%91_H%E1%BB%93_Ch%C3%AD_Minh\">H\u1ed3 Ch\u00ed Minh<\/a><\/span><\/strong><\/h1>\n<h2><span style=\"font-family: 'times new roman', times, serif; font-size: 130%;\"><strong><span style=\"color: #0000ff;\">1. Gi\u1edbi thi\u1ec7u v\u1ec1 Xi M\u0103ng Kim \u0110\u1ec9nh: <\/span><\/strong><\/span><\/h2>\n<ul>\n<li><span style=\"font-size: 130%; font-family: 'times new roman', times, serif;\"><a href=\"https:\/\/tranthi.vn\/hanoi\/xi-mang-kim-dinh-pc-40-ha-noi\/\" target=\"_blank\" rel=\"noopener\"><em><strong>Xi M\u0103ng Kim \u0110\u1ec9nh PCB40<\/strong><\/em><\/a> l\u00e0 xi m\u0103ng ch\u1ea5t l\u01b0\u1ee3ng cao, s\u1ea3n xu\u1ea5t theo c\u00f4ng ngh\u1ec7 l\u00f2 quay hi\u1ec7n \u0111\u1ea1i, s\u1eed d\u1ee5ng quy tr\u00ecnh n\u1ea1p li\u1ec7u kh\u00f4. Nguy\u00ean li\u1ec7u g\u1ed3m \u0111\u00e1 v\u00f4i, \u0111\u1ea5t s\u00e9t, qu\u1eb7ng s\u1eaft \u0111\u1ec1u \u0111\u1ea1t chu\u1ea9n v\u1ec1 h\u00f3a h\u1ecdc v\u00e0 k\u1ef9 thu\u1eadt, \u0111\u1ea3m b\u1ea3o ch\u1ea5t l\u01b0\u1ee3ng Clinker v\u00e0 xi m\u0103ng \u0111\u1ea7u ra.<\/span><\/li>\n<li><span style=\"font-size: 130%; font-family: 'times new roman', times, serif;\">Xi M\u0103ng Km \u0110\u1ec9nh l\u00e0 xi m\u0103ng Pooc l\u0103ng h\u1ed7n h\u1ee3p, c\u00f3 m\u00e1c cao, ph\u00f9 h\u1ee3p v\u1edbi c\u00e1c ti\u00eau chu\u1ea9n TCVN 6260-1997, TCVN 2682-1999, TCVN 6067-1995, TCVN 6067:2004.<\/span><\/li>\n<\/ul>\n<figure id=\"attachment_5973\" aria-describedby=\"caption-attachment-5973\" style=\"width: 162px\" class=\"wp-caption aligncenter\"><img loading=\"lazy\" decoding=\"async\" class=\" wp-image-5973\" src=\"https:\/\/tranthi.vn\/hochiminh\/wp-content\/uploads\/2021\/02\/Mau-xi-mang-kim-dinh-TP-HCM.png\" alt=\"M\u1eabu xi m\u0103ng kim \u0111\u1ec9nh TP HCM\" width=\"162\" height=\"268\" \/><figcaption id=\"caption-attachment-5973\" class=\"wp-caption-text\">M\u1eabu xi m\u0103ng kim \u0111\u1ec9nh TP HCM<\/figcaption><\/figure>\n<p><span style=\"font-size: 130%; font-family: 'times new roman', times, serif;\">S\u1ea3n ph\u1ea9m \u0111\u01b0\u1ee3c qu\u1ea3n l\u00fd ch\u1ea5t l\u01b0\u1ee3ng theo ISO 9001:2000 v\u00e0 qu\u1ea3n l\u00fd m\u00f4i tr\u01b0\u1eddng theo ISO 14001:2004.<\/span><\/p>\n<p style=\"text-align: center;\"><iframe loading=\"lazy\" src=\"\/\/www.youtube.com\/embed\/3wokdU1oc-o\" width=\"560\" height=\"314\" allowfullscreen=\"allowfullscreen\" data-mce-fragment=\"1\"><\/iframe><\/p>\n<ul>\n<li><span style=\"font-family: 'times new roman', times, serif; font-size: 130%;\">S\u1ea3n ph\u1ea9m <strong><em><a href=\"https:\/\/vi.wikipedia.org\/wiki\/Xi_m%C4%83ng\">Xi M\u0103ng<\/a> <a href=\"https:\/\/tranthi.vn\/hanoi\/xi-mang-kim-dinh-pc-40-ha-noi\/\" target=\"_blank\" rel=\"noopener\">Kim \u0110\u1ec9nh <\/a><\/em><\/strong>PCB40 \u2013 Ch\u1ea5t l\u01b0\u1ee3ng cao, t\u1ed1i \u01b0u c\u00e1c th\u00e0nh ph\u1ea7n l\u00fd h\u00f3a, mang \u0111\u1ebfn c\u00e1c \u0111\u1eb7c t\u00ednh v\u01b0\u1ee3t tr\u1ed9i, ph\u00f9 h\u1ee3p cho t\u1ea5t c\u1ea3 c\u00e1c h\u1ea1ng m\u1ee5c, c\u00f4ng tr\u00ecnh x\u00e2y d\u1ef1ng d\u00e2n d\u1ee5ng v\u00e0 c\u00f4ng nghi\u1ec7p.<\/span><\/li>\n<li><span style=\"font-family: 'times new roman', times, serif; font-size: 130%;\">Xi M\u0103ng KIM \u0110\u1ec8NH PCB40 c\u00f3 \u0111\u1ed9 m\u1ecbn cao v\u00e0 ph\u00e2n b\u1ed1 c\u1ee1 h\u1ea1t t\u1ed1i \u01b0u gi\u00fap d\u1ec5 thi c\u00f4ng, c\u00f3 \u0111\u1ed9 b\u00e1m d\u00ednh t\u1ed1t h\u01a1n, \u0111em l\u1ea1i b\u1ec1 m\u1eb7t t\u01b0\u1eddng l\u00e1ng m\u1ecbn h\u01a1n.<\/span><\/li>\n<li><span style=\"font-family: 'times new roman', times, serif; font-size: 130%;\">Xi M\u0103ng <a href=\"https:\/\/tranthi.vn\/hanoi\/xi-mang-kim-dinh-pc-40-ha-noi\/\" target=\"_blank\" rel=\"noopener\"><em>Kim \u0110\u1ec9nh\u00a0PCB40<\/em><\/a> c\u00f3 c\u01b0\u1eddng \u0111\u1ed9 cao gi\u00fap cho ch\u1ee7 nh\u00e0, ch\u1ee7 \u0111\u1ea7u t\u01b0 ti\u1ebft ki\u1ec7m chi ph\u00ed xi m\u0103ng v\u00e0 ph\u00ed thi c\u00f4ng.<\/span><\/li>\n<li><span style=\"font-family: 'times new roman', times, serif; font-size: 130%;\">D\u1ecbch v\u1ee5 h\u1ed7 tr\u1ee3 k\u1ef9 thu\u1eadt t\u01b0 v\u1ea5n cho ch\u1ee7 nh\u00e0, ch\u1ee7 \u0111\u1ea7u t\u01b0 s\u1eed d\u1ee5ng hi\u1ec7u qu\u1ea3 s\u1ea3n ph\u1ea9m xi m\u0103ng, t\u1ea1o d\u1ef1ng c\u00e1c c\u00f4ng tr\u00ecnh ch\u1ea5t l\u01b0\u1ee3ng cao v\u00e0 b\u1ec1n v\u1eefng.<\/span><\/li>\n<li><\/li>\n<li>\n<figure id=\"attachment_4506\" aria-describedby=\"caption-attachment-4506\" style=\"width: 250px\" class=\"wp-caption aligncenter\"><img loading=\"lazy\" decoding=\"async\" class=\"size-full wp-image-4506\" src=\"https:\/\/tranthi.vn\/hochiminh\/wp-content\/uploads\/2021\/02\/gia-xi-mang-kim-dinh-pc-40-tai-hue.jpg\" alt=\"gia-xi-mang-kim-dinh-pc-40-tai-hue\" width=\"250\" height=\"250\" srcset=\"https:\/\/tranthi.vn\/hochiminh\/wp-content\/uploads\/2021\/02\/gia-xi-mang-kim-dinh-pc-40-tai-hue.jpg 250w, https:\/\/tranthi.vn\/hochiminh\/wp-content\/uploads\/2021\/02\/gia-xi-mang-kim-dinh-pc-40-tai-hue-100x100.jpg 100w\" sizes=\"auto, (max-width: 250px) 100vw, 250px\" \/><figcaption id=\"caption-attachment-4506\" class=\"wp-caption-text\">gia-xi-mang-kim-dinh-pc-40-tai-ho-chi-minh-sai-gon<\/figcaption><\/figure>\n<p>&nbsp;<\/li>\n<\/ul>\n<div>\n<h2><span style=\"font-family: 'times new roman', times, serif; font-size: 130%;\"><strong><span style=\"color: #0000ff;\">2. H\u01af\u1edaNG D\u1eaaN S\u1eec D\u1ee4NG<\/span><\/strong><\/span><\/h2>\n<ul>\n<li><span style=\"font-family: 'times new roman', times, serif; font-size: 130%;\">S\u1eed d\u1ee5ng v\u1eadt li\u1ec7u s\u1ea1ch cho v\u1eefa, B\u00eat\u00f4ng<\/span><\/li>\n<li><span style=\"font-family: 'times new roman', times, serif; font-size: 130%;\">Tr\u1ed9n \u0111\u1ec1u h\u1ed7n h\u1ee3p v\u1eefa, B\u00eat\u00f4ng tr\u01b0\u1edbc khi th\u00eam n\u01b0\u1edbc tr\u1ed9n<\/span><\/li>\n<li><span style=\"font-family: 'times new roman', times, serif; font-size: 130%;\">L\u01b0\u1ee3ng n\u01b0\u1edbc tr\u1ed9n v\u1eeba \u0111\u1ee7 \u0111\u1ec3 \u0111\u1ea1t \u0111\u1ed9 d\u1ebbo c\u1ea7n thi\u1ebft<\/span><\/li>\n<li><span style=\"font-family: 'times new roman', times, serif; font-size: 130%;\">S\u1eed d\u1ee5ng h\u1ed7n h\u1ee3p v\u1eefa, B\u00eat\u00f4ng ngay sau khi tr\u1ed9n<\/span><\/li>\n<li><span style=\"font-family: 'times new roman', times, serif; font-size: 130%;\">D\u01b0\u1ee1ng \u1ea9m sau khi thi c\u00f4ng<\/span><\/li>\n<li><img loading=\"lazy\" decoding=\"async\" class=\"alignnone size-full wp-image-5782\" src=\"https:\/\/tranthi.vn\/hochiminh\/wp-content\/uploads\/2021\/02\/xi-mang-kim-dinh.png\" alt=\"\" width=\"266\" height=\"190\" \/><\/li>\n<\/ul>\n<\/div>\n<div>\n<h2><span style=\"font-family: 'times new roman', times, serif; font-size: 130%;\"><strong><span style=\"color: #0000ff;\">3.AN TO\u00c0N<\/span><\/strong><\/span><\/h2>\n<ul>\n<li><span style=\"font-family: 'times new roman', times, serif; font-size: 130%;\"><a href=\"https:\/\/tranthi.vn\/hanoi\/xi-mang-kim-dinh-pc-30-da-nang\/\" target=\"_blank\" rel=\"noopener\"><strong><em>Xi M\u0103ng Kim \u0110\u1ec9nh<\/em><\/strong><\/a>\u00a0PCB 40 an to\u00e0n khi s\u1eed d\u1ee5ng<\/span><\/li>\n<li><span style=\"font-family: 'times new roman', times, serif; font-size: 130%;\">N\u00ean mang bao tay trong tr\u01b0\u1eddng h\u1ee3p ti\u1ebfp x\u00fac tr\u1ef1c ti\u1ebfp v\u1edbi da l\u00e2u<\/span><\/li>\n<li><span style=\"font-family: 'times new roman', times, serif; font-size: 130%;\">R\u1eeda b\u1eb1ng n\u01b0\u1edbc s\u1ea1ch khi xi m\u0103ng b\u1eafn v\u00e0o m\u1eaft hay khi xi m\u0103ng ti\u1ebfp x\u00fac v\u1edbi da, mi\u1ec7ng<\/span><\/li>\n<li><span style=\"font-family: 'times new roman', times, serif; font-size: 130%;\">N\u1ebfu b\u1ecb d\u1ecb \u1ee9ng, n\u00ean \u0111\u1ebfn g\u1eb7p b\u00e1c s\u0129 \u0111\u1ec3 \u0111\u01b0\u1ee3c ch\u0103m s\u00f3c<\/span><\/li>\n<\/ul>\n<\/div>\n<div>\n<h2><span style=\"font-family: 'times new roman', times, serif; font-size: 130%;\"><strong><span style=\"color: #0000ff;\">4. \u0110\u00d3NG G\u00d3I<\/span><\/strong><\/span><\/h2>\n<p><span style=\"font-family: 'times new roman', times, serif; font-size: 130%; color: #333333;\">Kh\u1ed1i l\u01b0\u1ee3ng t\u1ecbnh m\u1ed7i bao l\u00e0 50 (+ 0.5kg<\/span><\/p>\n<p data-start=\"42\" data-end=\"334\"><span style=\"font-size: 130%; font-family: 'times new roman', times, serif; color: #333333;\">\u0110\u1ec3 \u0111\u1ea3m b\u1ea3o an to\u00e0n v\u00e0 hi\u1ec7u qu\u1ea3 trong qu\u00e1 tr\u00ecnh s\u1eed d\u1ee5ng xi m\u0103ng Kim \u0110\u1ec9nh, \u0111\u1eb7c bi\u1ec7t v\u1edbi c\u00e1c c\u00f4ng tr\u00ecnh d\u00e2n d\u1ee5ng nh\u1ecf, vi\u1ec7c thi c\u00f4ng \u0111\u00fang k\u1ef9 thu\u1eadt l\u00e0 v\u00f4 c\u00f9ng quan tr\u1ecdng. <\/span><\/p>\n<p data-start=\"42\" data-end=\"334\"><span style=\"font-size: 130%; font-family: 'times new roman', times, serif; color: #333333;\">N\u1ebfu b\u1ea1n kh\u00f4ng c\u00f3 kinh nghi\u1ec7m ho\u1eb7c c\u1ea7n h\u1ed7 tr\u1ee3 chuy\u00ean m\u00f4n, c\u00f3 th\u1ec3 s\u1eed d\u1ee5ng \u1ee9ng d\u1ee5ng g\u1ecdi th\u1ee3 s\u1eeda ch\u1eefa v\u1eb7t t\u1ea1i<a href=\"https:\/\/vi.wikipedia.org\/wiki\/Th%C3%A0nh_ph%E1%BB%91_H%E1%BB%93_Ch%C3%AD_Minh\" target=\"_blank\" rel=\"noopener\"> TP. H\u1ed3 Ch\u00ed Minh.<\/a><\/span><\/p>\n<h3><span style=\"font-family: times new roman,times,serif; font-size: 120%;\"><img loading=\"lazy\" decoding=\"async\" class=\"alignnone size-full wp-image-6016\" src=\"https:\/\/tranthi.vn\/hanoi\/wp-content\/uploads\/2023\/04\/anh-app-goi-tho-sua-chua-vat-tran-thi.png\" alt=\"\" width=\"1400\" height=\"319\" \/><\/span><\/h3>\n<p data-start=\"336\" data-end=\"358\"><span style=\"font-size: 130%; font-family: 'times new roman', times, serif; color: #333333;\">\u1ee8ng d\u1ee5ng n\u00e0y gi\u00fap b\u1ea1n:<\/span><\/p>\n<ul data-start=\"359\" data-end=\"525\">\n<li data-start=\"359\" data-end=\"421\">\n<p data-start=\"361\" data-end=\"421\"><span style=\"font-size: 130%; font-family: 'times new roman', times, serif; color: #333333;\">\u0110\u1eb7t th\u1ee3 x\u00e2y, tr\u1ed9n v\u1eefa, \u0111\u1ed5 n\u1ec1n, t\u00f4 tr\u00e1t&#8230; \u0111\u00fang quy chu\u1ea9n<\/span><\/p>\n<\/li>\n<li data-start=\"422\" data-end=\"463\">\n<p data-start=\"424\" data-end=\"463\"><span style=\"font-size: 130%; font-family: 'times new roman', times, serif; color: #333333;\">Ch\u1ecdn th\u1ee3 g\u1ea7n nh\u00e0, b\u00e1o gi\u00e1 minh b\u1ea1ch<\/span><\/p>\n<\/li>\n<li data-start=\"464\" data-end=\"525\">\n<p data-start=\"466\" data-end=\"525\"><span style=\"font-size: 130%; font-family: 'times new roman', times, serif; color: #333333;\">L\u00e0m vi\u1ec7c chuy\u00ean nghi\u1ec7p, \u0111\u00fang gi\u1edd, h\u1ed7 tr\u1ee3 v\u1eadt t\u01b0 n\u1ebfu c\u1ea7n<\/span><\/p>\n<\/li>\n<\/ul>\n<p><iframe loading=\"lazy\" title=\"s\u1eeda ch\u1eefa v\u1eb7t g\u1ecdi th\u1ee3 s\u00e0i G\u00f2n #app_g\u1ecdi_th\u1ee3_s\u00e0i_g\u00f2n\" width=\"1020\" height=\"574\" src=\"https:\/\/www.youtube.com\/embed\/BfnqrqOIaVE?feature=oembed\" frameborder=\"0\" allow=\"accelerometer; autoplay; clipboard-write; encrypted-media; gyroscope; picture-in-picture; web-share\" referrerpolicy=\"strict-origin-when-cross-origin\" allowfullscreen><\/iframe><\/p>\n<p data-start=\"527\" data-end=\"763\" data-is-last-node=\"\" data-is-only-node=\"\"><span style=\"font-size: 130%; font-family: 'times new roman', times, serif; color: #333333;\">\ud83d\udc49 T\u1ea3i ngay \u1ee9ng d\u1ee5ng s\u1eeda ch\u1eefa v\u1eb7t <a href=\"https:\/\/vi.wikipedia.org\/wiki\/Th%C3%A0nh_ph%E1%BB%91_H%E1%BB%93_Ch%C3%AD_Minh\" target=\"_blank\" rel=\"noopener\">TP. HCM<\/a> \u0111\u1ec3 ch\u1ee7 \u0111\u1ed9ng h\u01a1n trong thi c\u00f4ng \u2013 \u0111\u1ea3m b\u1ea3o an to\u00e0n, \u0111\u00fang k\u1ef9 thu\u1eadt v\u00e0 ti\u1ebft ki\u1ec7m th\u1eddi gian. \u0110\u00e2y l\u00e0 gi\u1ea3i ph\u00e1p t\u1ed1i \u01b0u cho nh\u1eefng ai c\u1ea7n x\u1eed l\u00fd c\u00e1c h\u1ea1ng m\u1ee5c nh\u1ecf l\u1ebb m\u00e0 kh\u00f4ng c\u1ea7n thu\u00ea \u0111\u1ed9i x\u00e2y d\u1ef1ng l\u1edbn.<\/span><\/p>\n<\/div>\n","protected":false},"excerpt":{"rendered":"<p><span style=\"font-family: 'times new roman', times, serif;\"><img loading=\"lazy\" decoding=\"async\" class=\"\" src=\"https:\/\/static.xx.fbcdn.net\/images\/emoji.php\/v9\/tb\/1\/16\/1f388.png\" alt=\"\ud83c\udf88\" width=\"19\" height=\"19\" \/> <span style=\"font-size: 130%;\">Giao h\u00e0ng trong \u0111\u1ecba b\u00e0n Hu\u1ebf<\/span><\/span><\/p>\n<p><span style=\"font-family: 'times new roman', times, serif; font-size: 130%;\"> <img loading=\"lazy\" decoding=\"async\" class=\"\" src=\"https:\/\/static.xx.fbcdn.net\/images\/emoji.php\/v9\/tb\/1\/16\/1f388.png\" alt=\"\ud83c\udf88\" width=\"19\" height=\"19\" \/> \u0110\u01a1n gi\u00e1 <strong><span style=\"color: #008000;\">\u00a0\u21d2 1.985.000\u0111\/t\u1ea5n<\/span><\/strong><\/span><\/p>\n<p><span style=\"font-family: 'times new roman', times, serif; font-size: 130%;\"> <img loading=\"lazy\" decoding=\"async\" class=\"\" src=\"https:\/\/static.xx.fbcdn.net\/images\/emoji.php\/v9\/tb\/1\/16\/1f388.png\" alt=\"\ud83c\udf88\" width=\"19\" height=\"19\" \/> \u0110i chuy\u1ebfn xe 10 t\u1ea5n<\/span><\/p>\n<p><span style=\"font-family: 'times new roman', times, serif; font-size: 130%;\"> <img loading=\"lazy\" decoding=\"async\" class=\"\" src=\"https:\/\/static.xx.fbcdn.net\/images\/emoji.php\/v9\/tb\/1\/16\/1f388.png\" alt=\"\ud83c\udf88\" width=\"19\" height=\"19\" \/> B\u1ed1c h\u00e0ng c\u00e1ch v\u1ecb tr\u00ed xe \u0111\u1ed7 c\u1ef1 ly &gt; 5m<\/span><\/p>\n<p><span style=\"font-family: 'times new roman', times, serif; font-size: 130%;\"><img loading=\"lazy\" decoding=\"async\" class=\"\" src=\"https:\/\/static.xx.fbcdn.net\/images\/emoji.php\/v9\/tb\/1\/16\/1f388.png\" alt=\"\ud83c\udf88\" width=\"19\" height=\"19\" \/> \u00a0Gi\u00e1 tr\u00ean c\u00f3 th\u1ec3 thay \u0111\u1ed5i t\u00f9y thu\u1ed9c v\u00e0o th\u1eddi \u0111i\u1ec3m, s\u1ed1 l\u01b0\u1ee3ng v\u00e0 v\u1ecb tr\u00ed g\u1ea7n hay xa<\/span><\/p>\n","protected":false},"featured_media":4506,"comment_status":"open","ping_status":"closed","template":"","meta":[],"product_cat":[203,208],"product_tag":[664],"class_list":{"0":"post-1548","1":"product","2":"type-product","3":"status-publish","4":"has-post-thumbnail","6":"product_cat-vat-lieu-xay-dung","7":"product_cat-xi-mang","8":"product_tag-gia-xi-mang-kim-dinh-pc-40-tai-hue","10":"first","11":"instock","12":"sale","13":"shipping-taxable","14":"purchasable","15":"product-type-simple"},"yoast_head":"<!-- This site is optimized with the Yoast SEO Premium plugin v22.3 (Yoast SEO v22.4) - https:\/\/yoast.com\/wordpress\/plugins\/seo\/ -->\n<title>Gi\u00e1 xi m\u0103ng kim \u0111\u1ec9nh pc40 t\u1ea1i Tp. H\u1ed3 Ch\u00ed Minh<\/title>\n<meta name=\"description\" content=\"Tr\u1ea7n Th\u1ecb l\u00e0 nh\u00e0 cung c\u1ea5p xi m\u0103ng kim \u0111\u1ec9nh pc40 gi\u00e1 r\u1ebb nh\u1ea5t \u0111\u00e0 n\u1eb5ng. Ph\u1ee5c v\u1ee5 t\u1eadn ch\u00e2n c\u00f4ng tr\u00ecnh v\u1edbi gi\u00e1 r\u1ebb nh\u1ea5t th\u1ecb tr\u01b0\u1eddng \u0110\u00e0 N\u1eb5ng. \u0110\u1ecba ch\u1ec9: 308 L\u00ea V\u0103n Hi\u1ebfn\" \/>\n<meta name=\"robots\" content=\"index, follow, max-snippet:-1, max-image-preview:large, max-video-preview:-1\" \/>\n<link rel=\"canonical\" href=\"https:\/\/tranthi.vn\/hochiminh\/xi-mang-kim-dinh-pc-40-ho-chi-minh\/\" \/>\n<meta property=\"og:locale\" content=\"vi_VN\" \/>\n<meta property=\"og:type\" content=\"article\" \/>\n<meta property=\"og:title\" content=\"Xi M\u0103ng Kim \u0110\u1ec9nh PC 40\" \/>\n<meta property=\"og:description\" content=\"Tr\u1ea7n Th\u1ecb l\u00e0 nh\u00e0 cung c\u1ea5p xi m\u0103ng kim \u0111\u1ec9nh pc40 gi\u00e1 r\u1ebb nh\u1ea5t \u0111\u00e0 n\u1eb5ng. Ph\u1ee5c v\u1ee5 t\u1eadn ch\u00e2n c\u00f4ng tr\u00ecnh v\u1edbi gi\u00e1 r\u1ebb nh\u1ea5t th\u1ecb tr\u01b0\u1eddng \u0110\u00e0 N\u1eb5ng. \u0110\u1ecba ch\u1ec9: 308 L\u00ea V\u0103n Hi\u1ebfn\" \/>\n<meta property=\"og:url\" content=\"https:\/\/tranthi.vn\/hochiminh\/xi-mang-kim-dinh-pc-40-ho-chi-minh\/\" \/>\n<meta property=\"og:site_name\" content=\"V\u1eadt Li\u1ec7u X\u00e2y D\u1ef1ng Tr\u1ea7n Th\u1ecb Chi Nh\u00e1nh H\u1ed3 Ch\u00ed Minh\" \/>\n<meta property=\"article:modified_time\" content=\"2025-06-19T04:46:23+00:00\" \/>\n<meta property=\"og:image\" content=\"https:\/\/tranthi.vn\/hochiminh\/wp-content\/uploads\/2021\/02\/gia-xi-mang-kim-dinh-pc-40-tai-hue.jpg\" \/>\n\t<meta property=\"og:image:width\" content=\"250\" \/>\n\t<meta property=\"og:image:height\" content=\"250\" \/>\n\t<meta property=\"og:image:type\" content=\"image\/jpeg\" \/>\n<meta name=\"twitter:card\" content=\"summary_large_image\" \/>\n<meta name=\"twitter:label1\" content=\"Gi\u00e1\" \/>\n\t<meta name=\"twitter:data1\" content=\"1,985,000&nbsp;&#8363;\" \/>\n\t<meta name=\"twitter:label2\" content=\"Kh\u1ea3 d\u1ee5ng\" \/>\n\t<meta name=\"twitter:data2\" content=\"Trong kho\" \/>\n<script type=\"application\/ld+json\" class=\"yoast-schema-graph\">{\"@context\":\"https:\/\/schema.org\",\"@graph\":[{\"@type\":[\"WebPage\",\"ItemPage\"],\"@id\":\"https:\/\/tranthi.vn\/hochiminh\/xi-mang-kim-dinh-pc-40-ho-chi-minh\/\",\"url\":\"https:\/\/tranthi.vn\/hochiminh\/xi-mang-kim-dinh-pc-40-ho-chi-minh\/\",\"name\":\"Gi\u00e1 xi m\u0103ng kim \u0111\u1ec9nh pc40 t\u1ea1i Tp. H\u1ed3 Ch\u00ed Minh\",\"isPartOf\":{\"@id\":\"https:\/\/tranthi.vn\/hochiminh\/#website\"},\"primaryImageOfPage\":{\"@id\":\"https:\/\/tranthi.vn\/hochiminh\/xi-mang-kim-dinh-pc-40-ho-chi-minh\/#primaryimage\"},\"image\":{\"@id\":\"https:\/\/tranthi.vn\/hochiminh\/xi-mang-kim-dinh-pc-40-ho-chi-minh\/#primaryimage\"},\"thumbnailUrl\":\"https:\/\/tranthi.vn\/hochiminh\/wp-content\/uploads\/2021\/02\/gia-xi-mang-kim-dinh-pc-40-tai-hue.jpg\",\"datePublished\":\"2021-02-18T06:30:08+00:00\",\"dateModified\":\"2025-06-19T04:46:23+00:00\",\"description\":\"Tr\u1ea7n Th\u1ecb l\u00e0 nh\u00e0 cung c\u1ea5p xi m\u0103ng kim \u0111\u1ec9nh pc40 gi\u00e1 r\u1ebb nh\u1ea5t \u0111\u00e0 n\u1eb5ng. Ph\u1ee5c v\u1ee5 t\u1eadn ch\u00e2n c\u00f4ng tr\u00ecnh v\u1edbi gi\u00e1 r\u1ebb nh\u1ea5t th\u1ecb tr\u01b0\u1eddng \u0110\u00e0 N\u1eb5ng. \u0110\u1ecba ch\u1ec9: 308 L\u00ea V\u0103n Hi\u1ebfn\",\"breadcrumb\":{\"@id\":\"https:\/\/tranthi.vn\/hochiminh\/xi-mang-kim-dinh-pc-40-ho-chi-minh\/#breadcrumb\"},\"inLanguage\":\"vi\",\"potentialAction\":[{\"@type\":\"ReadAction\",\"target\":[\"https:\/\/tranthi.vn\/hochiminh\/xi-mang-kim-dinh-pc-40-ho-chi-minh\/\"]}]},{\"@type\":\"ImageObject\",\"inLanguage\":\"vi\",\"@id\":\"https:\/\/tranthi.vn\/hochiminh\/xi-mang-kim-dinh-pc-40-ho-chi-minh\/#primaryimage\",\"url\":\"https:\/\/tranthi.vn\/hochiminh\/wp-content\/uploads\/2021\/02\/gia-xi-mang-kim-dinh-pc-40-tai-hue.jpg\",\"contentUrl\":\"https:\/\/tranthi.vn\/hochiminh\/wp-content\/uploads\/2021\/02\/gia-xi-mang-kim-dinh-pc-40-tai-hue.jpg\",\"width\":250,\"height\":250,\"caption\":\"gia-xi-mang-kim-dinh-pc-40-tai-hue\"},{\"@type\":\"BreadcrumbList\",\"@id\":\"https:\/\/tranthi.vn\/hochiminh\/xi-mang-kim-dinh-pc-40-ho-chi-minh\/#breadcrumb\",\"itemListElement\":[{\"@type\":\"ListItem\",\"position\":1,\"name\":\"Trang ch\u1ee7\",\"item\":\"https:\/\/tranthi.vn\/hochiminh\/\"},{\"@type\":\"ListItem\",\"position\":2,\"name\":\"Shop\",\"item\":\"https:\/\/tranthi.vn\/hochiminh\/shop\/\"},{\"@type\":\"ListItem\",\"position\":3,\"name\":\"Xi M\u0103ng Kim \u0110\u1ec9nh PC 40\"}]},{\"@type\":\"WebSite\",\"@id\":\"https:\/\/tranthi.vn\/hochiminh\/#website\",\"url\":\"https:\/\/tranthi.vn\/hochiminh\/\",\"name\":\"V\u1eadt Li\u1ec7u X\u00e2y D\u1ef1ng Tr\u1ea7n Th\u1ecb Chi Nh\u00e1nh H\u1ed3 Ch\u00ed Minh\",\"description\":\"V\u1eadt Li\u1ec7u X\u00e2y D\u1ef1ng - H\u1ed3 Ch\u00ed Minh\",\"potentialAction\":[{\"@type\":\"SearchAction\",\"target\":{\"@type\":\"EntryPoint\",\"urlTemplate\":\"https:\/\/tranthi.vn\/hochiminh\/?s={search_term_string}\"},\"query-input\":\"required name=search_term_string\"}],\"inLanguage\":\"vi\"},{\"@type\":\"ImageObject\",\"inLanguage\":\"vi\",\"@id\":\"https:\/\/tranthi.vn\/hochiminh\/xi-mang-kim-dinh-pc-40-ho-chi-minh\/#local-main-organization-logo\",\"url\":\"\",\"contentUrl\":\"\",\"caption\":\"V\u1eadt Li\u1ec7u X\u00e2y D\u1ef1ng Tr\u1ea7n Th\u1ecb Chi Nh\u00e1nh H\u1ed3 Ch\u00ed Minh\"}]}<\/script>\n<meta property=\"product:price:amount\" content=\"1985000\" \/>\n<meta property=\"product:price:currency\" content=\"VND\" \/>\n<meta property=\"og:availability\" content=\"instock\" \/>\n<meta property=\"product:availability\" content=\"instock\" \/>\n<meta property=\"product:condition\" content=\"new\" \/>\n<!-- \/ Yoast SEO Premium plugin. -->","yoast_head_json":{"title":"Gi\u00e1 xi m\u0103ng kim \u0111\u1ec9nh pc40 t\u1ea1i Tp. H\u1ed3 Ch\u00ed Minh","description":"Tr\u1ea7n Th\u1ecb l\u00e0 nh\u00e0 cung c\u1ea5p xi m\u0103ng kim \u0111\u1ec9nh pc40 gi\u00e1 r\u1ebb nh\u1ea5t \u0111\u00e0 n\u1eb5ng. Ph\u1ee5c v\u1ee5 t\u1eadn ch\u00e2n c\u00f4ng tr\u00ecnh v\u1edbi gi\u00e1 r\u1ebb nh\u1ea5t th\u1ecb tr\u01b0\u1eddng \u0110\u00e0 N\u1eb5ng. \u0110\u1ecba ch\u1ec9: 308 L\u00ea V\u0103n Hi\u1ebfn","robots":{"index":"index","follow":"follow","max-snippet":"max-snippet:-1","max-image-preview":"max-image-preview:large","max-video-preview":"max-video-preview:-1"},"canonical":"https:\/\/tranthi.vn\/hochiminh\/xi-mang-kim-dinh-pc-40-ho-chi-minh\/","og_locale":"vi_VN","og_type":"article","og_title":"Xi M\u0103ng Kim \u0110\u1ec9nh PC 40","og_description":"Tr\u1ea7n Th\u1ecb l\u00e0 nh\u00e0 cung c\u1ea5p xi m\u0103ng kim \u0111\u1ec9nh pc40 gi\u00e1 r\u1ebb nh\u1ea5t \u0111\u00e0 n\u1eb5ng. Ph\u1ee5c v\u1ee5 t\u1eadn ch\u00e2n c\u00f4ng tr\u00ecnh v\u1edbi gi\u00e1 r\u1ebb nh\u1ea5t th\u1ecb tr\u01b0\u1eddng \u0110\u00e0 N\u1eb5ng. \u0110\u1ecba ch\u1ec9: 308 L\u00ea V\u0103n Hi\u1ebfn","og_url":"https:\/\/tranthi.vn\/hochiminh\/xi-mang-kim-dinh-pc-40-ho-chi-minh\/","og_site_name":"V\u1eadt Li\u1ec7u X\u00e2y D\u1ef1ng Tr\u1ea7n Th\u1ecb Chi Nh\u00e1nh H\u1ed3 Ch\u00ed Minh","article_modified_time":"2025-06-19T04:46:23+00:00","og_image":[{"width":250,"height":250,"url":"https:\/\/tranthi.vn\/hochiminh\/wp-content\/uploads\/2021\/02\/gia-xi-mang-kim-dinh-pc-40-tai-hue.jpg","type":"image\/jpeg"}],"twitter_card":"summary_large_image","twitter_misc":{"Gi\u00e1":"1,985,000&nbsp;&#8363;","Kh\u1ea3 d\u1ee5ng":"Trong kho"},"schema":{"@context":"https:\/\/schema.org","@graph":[{"@type":["WebPage","ItemPage"],"@id":"https:\/\/tranthi.vn\/hochiminh\/xi-mang-kim-dinh-pc-40-ho-chi-minh\/","url":"https:\/\/tranthi.vn\/hochiminh\/xi-mang-kim-dinh-pc-40-ho-chi-minh\/","name":"Gi\u00e1 xi m\u0103ng kim \u0111\u1ec9nh pc40 t\u1ea1i Tp. H\u1ed3 Ch\u00ed Minh","isPartOf":{"@id":"https:\/\/tranthi.vn\/hochiminh\/#website"},"primaryImageOfPage":{"@id":"https:\/\/tranthi.vn\/hochiminh\/xi-mang-kim-dinh-pc-40-ho-chi-minh\/#primaryimage"},"image":{"@id":"https:\/\/tranthi.vn\/hochiminh\/xi-mang-kim-dinh-pc-40-ho-chi-minh\/#primaryimage"},"thumbnailUrl":"https:\/\/tranthi.vn\/hochiminh\/wp-content\/uploads\/2021\/02\/gia-xi-mang-kim-dinh-pc-40-tai-hue.jpg","datePublished":"2021-02-18T06:30:08+00:00","dateModified":"2025-06-19T04:46:23+00:00","description":"Tr\u1ea7n Th\u1ecb l\u00e0 nh\u00e0 cung c\u1ea5p xi m\u0103ng kim \u0111\u1ec9nh pc40 gi\u00e1 r\u1ebb nh\u1ea5t \u0111\u00e0 n\u1eb5ng. Ph\u1ee5c v\u1ee5 t\u1eadn ch\u00e2n c\u00f4ng tr\u00ecnh v\u1edbi gi\u00e1 r\u1ebb nh\u1ea5t th\u1ecb tr\u01b0\u1eddng \u0110\u00e0 N\u1eb5ng. \u0110\u1ecba ch\u1ec9: 308 L\u00ea V\u0103n Hi\u1ebfn","breadcrumb":{"@id":"https:\/\/tranthi.vn\/hochiminh\/xi-mang-kim-dinh-pc-40-ho-chi-minh\/#breadcrumb"},"inLanguage":"vi","potentialAction":[{"@type":"ReadAction","target":["https:\/\/tranthi.vn\/hochiminh\/xi-mang-kim-dinh-pc-40-ho-chi-minh\/"]}]},{"@type":"ImageObject","inLanguage":"vi","@id":"https:\/\/tranthi.vn\/hochiminh\/xi-mang-kim-dinh-pc-40-ho-chi-minh\/#primaryimage","url":"https:\/\/tranthi.vn\/hochiminh\/wp-content\/uploads\/2021\/02\/gia-xi-mang-kim-dinh-pc-40-tai-hue.jpg","contentUrl":"https:\/\/tranthi.vn\/hochiminh\/wp-content\/uploads\/2021\/02\/gia-xi-mang-kim-dinh-pc-40-tai-hue.jpg","width":250,"height":250,"caption":"gia-xi-mang-kim-dinh-pc-40-tai-hue"},{"@type":"BreadcrumbList","@id":"https:\/\/tranthi.vn\/hochiminh\/xi-mang-kim-dinh-pc-40-ho-chi-minh\/#breadcrumb","itemListElement":[{"@type":"ListItem","position":1,"name":"Trang ch\u1ee7","item":"https:\/\/tranthi.vn\/hochiminh\/"},{"@type":"ListItem","position":2,"name":"Shop","item":"https:\/\/tranthi.vn\/hochiminh\/shop\/"},{"@type":"ListItem","position":3,"name":"Xi M\u0103ng Kim \u0110\u1ec9nh PC 40"}]},{"@type":"WebSite","@id":"https:\/\/tranthi.vn\/hochiminh\/#website","url":"https:\/\/tranthi.vn\/hochiminh\/","name":"V\u1eadt Li\u1ec7u X\u00e2y D\u1ef1ng Tr\u1ea7n Th\u1ecb Chi Nh\u00e1nh H\u1ed3 Ch\u00ed Minh","description":"V\u1eadt Li\u1ec7u X\u00e2y D\u1ef1ng - H\u1ed3 Ch\u00ed Minh","potentialAction":[{"@type":"SearchAction","target":{"@type":"EntryPoint","urlTemplate":"https:\/\/tranthi.vn\/hochiminh\/?s={search_term_string}"},"query-input":"required name=search_term_string"}],"inLanguage":"vi"},{"@type":"ImageObject","inLanguage":"vi","@id":"https:\/\/tranthi.vn\/hochiminh\/xi-mang-kim-dinh-pc-40-ho-chi-minh\/#local-main-organization-logo","url":"","contentUrl":"","caption":"V\u1eadt Li\u1ec7u X\u00e2y D\u1ef1ng Tr\u1ea7n Th\u1ecb Chi Nh\u00e1nh H\u1ed3 Ch\u00ed Minh"}]},"product_price_amount":"1985000","product_price_currency":"VND","og_availability":"instock","product_availability":"instock","product_condition":"new"},"_links":{"self":[{"href":"https:\/\/tranthi.vn\/hochiminh\/wp-json\/wp\/v2\/product\/1548","targetHints":{"allow":["GET"]}}],"collection":[{"href":"https:\/\/tranthi.vn\/hochiminh\/wp-json\/wp\/v2\/product"}],"about":[{"href":"https:\/\/tranthi.vn\/hochiminh\/wp-json\/wp\/v2\/types\/product"}],"replies":[{"embeddable":true,"href":"https:\/\/tranthi.vn\/hochiminh\/wp-json\/wp\/v2\/comments?post=1548"}],"wp:featuredmedia":[{"embeddable":true,"href":"https:\/\/tranthi.vn\/hochiminh\/wp-json\/wp\/v2\/media\/4506"}],"wp:attachment":[{"href":"https:\/\/tranthi.vn\/hochiminh\/wp-json\/wp\/v2\/media?parent=1548"}],"wp:term":[{"taxonomy":"product_cat","embeddable":true,"href":"https:\/\/tranthi.vn\/hochiminh\/wp-json\/wp\/v2\/product_cat?post=1548"},{"taxonomy":"product_tag","embeddable":true,"href":"https:\/\/tranthi.vn\/hochiminh\/wp-json\/wp\/v2\/product_tag?post=1548"}],"curies":[{"name":"wp","href":"https:\/\/api.w.org\/{rel}","templated":true}]}}