{"id":1511,"date":"2021-02-17T16:08:38","date_gmt":"2021-02-17T09:08:38","guid":{"rendered":"http:\/\/new-tranthi.test\/san-pham\/sen-voi-lanh-l002-2\/"},"modified":"2024-11-06T14:16:25","modified_gmt":"2024-11-06T07:16:25","slug":"sen-voi-lanh-gia-re-ho-chi-minh-sai-gon","status":"publish","type":"product","link":"https:\/\/tranthi.vn\/hochiminh\/sen-voi-lanh-gia-re-ho-chi-minh-sai-gon\/","title":{"rendered":"Sen v\u00f2i l\u1ea1nh &#8211; L002"},"content":{"rendered":"<h1 style=\"text-align: center;\"><a href=\"https:\/\/tranthi.vn\/voi-lavabo-lanh-gia-re-da-nang\/\"><span style=\"font-family: 'times new roman', times, serif; font-size: 130%;\">V\u00f2i Lavavo l\u1ea1nh \u1edf Tp H\u1ed3 Ch\u00ed Minh<\/span><\/a><\/h1>\n<h1><span style=\"font-size: 120%;\"><strong><span style=\"font-family: 'times new roman', times, serif;\">Lavabo L\u1ea1nh &#8211; S\u1ef1 L\u1ef1a Ch\u1ecdn Th\u00f4ng Minh Cho Ph\u00f2ng T\u1eafm Hi\u1ec7n \u0110\u1ea1i<\/span><\/strong><\/span><\/h1>\n<h1><span style=\"font-family: 'times new roman', times, serif; font-size: 120%;\">Lavabo l\u1ea1nh \u0111ang tr\u1edf th\u00e0nh m\u1ed9t xu h\u01b0\u1edbng \u0111\u01b0\u1ee3c \u01b0a chu\u1ed9ng trong c\u00e1c thi\u1ebft k\u1ebf ph\u00f2ng t\u1eafm t\u1ea1i <em><a href=\"https:\/\/vi.wikipedia.org\/wiki\/Th%C3%A0nh_%E1%BB%A7y_Th%C3%A0nh_ph%E1%BB%91_H%E1%BB%93_Ch%C3%AD_Minh\">Tp H\u1ed3 Ch\u00ed Minh<\/a><\/em>. V\u1edbi nh\u1eefng \u01b0u \u0111i\u1ec3m v\u1ec1 t\u00ednh ti\u1ec7n d\u1ee5ng v\u00e0 th\u1ea9m m\u1ef9, lavabo l\u1ea1nh kh\u00f4ng ch\u1ec9 \u0111\u00e1p \u1ee9ng nhu c\u1ea7u s\u1eed d\u1ee5ng h\u00e0ng ng\u00e0y m\u00e0 c\u00f2n mang l\u1ea1i v\u1ebb \u0111\u1eb9p hi\u1ec7n \u0111\u1ea1i, tinh t\u1ebf cho kh\u00f4ng gian ph\u00f2ng t\u1eafm.\u00a0<\/span><\/h1>\n<p>&nbsp;<\/p>\n<figure id=\"attachment_5852\" aria-describedby=\"caption-attachment-5852\" style=\"width: 300px\" class=\"wp-caption aligncenter\"><img loading=\"lazy\" decoding=\"async\" class=\"size-full wp-image-5852\" src=\"https:\/\/tranthi.vn\/hochiminh\/wp-content\/uploads\/2021\/02\/voi-lavabo-lanh-tai-ho-chi-minh-sai-gon.png\" alt=\"v\u00f2i lavabo l\u1ea1nh t\u1ea1i h\u1ed3 ch\u00ed minh- s\u00e0i g\u00f2n\" width=\"300\" height=\"300\" srcset=\"https:\/\/tranthi.vn\/hochiminh\/wp-content\/uploads\/2021\/02\/voi-lavabo-lanh-tai-ho-chi-minh-sai-gon.png 300w, https:\/\/tranthi.vn\/hochiminh\/wp-content\/uploads\/2021\/02\/voi-lavabo-lanh-tai-ho-chi-minh-sai-gon-100x100.png 100w\" sizes=\"auto, (max-width: 300px) 100vw, 300px\" \/><figcaption id=\"caption-attachment-5852\" class=\"wp-caption-text\"><span style=\"font-family: 'times new roman', times, serif;\"><em>\u00a0 \u00a0 \u00a0 \u00a0v\u00f2i lavabo l\u1ea1nh t\u1ea1i h\u1ed3 ch\u00ed minh- s\u00e0i g\u00f2n<\/em><\/span><\/figcaption><\/figure>\n<p>&nbsp;<\/p>\n<h1><span style=\"font-size: 120%;\"><strong><span style=\"font-family: 'times new roman', times, serif;\">1. Gi\u1edbi Thi\u1ec7u V\u1ec1 Lavabo L\u1ea1nh<\/span><\/strong><\/span><\/h1>\n<h3><span style=\"font-family: 'times new roman', times, serif; font-size: 120%;\">Lavabo l\u1ea1nh l\u00e0 lo\u1ea1i ch\u1eadu r\u1eeda m\u1eb7t ch\u1ec9 s\u1eed d\u1ee5ng n\u01b0\u1edbc l\u1ea1nh, th\u01b0\u1eddng \u0111\u01b0\u1ee3c l\u1eafp \u0111\u1eb7t trong ph\u00f2ng t\u1eafm ho\u1eb7c nh\u00e0 v\u1ec7 sinh. V\u1edbi thi\u1ebft k\u1ebf \u0111a d\u1ea1ng v\u1ec1 ki\u1ec3u d\u00e1ng v\u00e0 ch\u1ea5t li\u1ec7u, lavabo l\u1ea1nh kh\u00f4ng ch\u1ec9 ph\u1ee5c v\u1ee5 nhu c\u1ea7u r\u1eeda m\u1eb7t, r\u1eeda tay m\u00e0 c\u00f2n g\u00f3p ph\u1ea7n t\u1ea1o n\u00ean v\u1ebb \u0111\u1eb9p v\u00e0 s\u1ef1 sang tr\u1ecdng cho kh\u00f4ng gian s\u1ed1ng.<\/span><\/h3>\n<h3 style=\"text-align: center;\"><iframe loading=\"lazy\" src=\"\/\/www.youtube.com\/embed\/6CTWQXEsSb8?pp=ygUSdsOyaSBsYXZhdm8gbOG6oW5o\" width=\"560\" height=\"314\" allowfullscreen=\"allowfullscreen\" data-mce-fragment=\"1\"><\/iframe><\/h3>\n<h1><span style=\"font-size: 120%;\"><strong><span style=\"font-family: 'times new roman', times, serif;\">2. L\u1ee3i \u00cdch C\u1ee7a Lavabo L\u1ea1nh<\/span><\/strong><\/span><\/h1>\n<ul>\n<li>\n<h3><span style=\"font-family: 'times new roman', times, serif; font-size: 120%;\">Ti\u1ebft ki\u1ec7m chi ph\u00ed: Lavabo l\u1ea1nh kh\u00f4ng c\u1ea7n k\u1ebft n\u1ed1i v\u1edbi h\u1ec7 th\u1ed1ng n\u01b0\u1edbc n\u00f3ng, gi\u00fap ti\u1ebft ki\u1ec7m chi ph\u00ed l\u1eafp \u0111\u1eb7t v\u00e0 s\u1eed d\u1ee5ng. \u0110\u1eb7c bi\u1ec7t, trong nh\u1eefng th\u00e1ng h\u00e8 n\u00f3ng b\u1ee9c t\u1ea1i <em><a href=\"https:\/\/vi.wikipedia.org\/wiki\/Th%C3%A0nh_%E1%BB%A7y_Th%C3%A0nh_ph%E1%BB%91_H%E1%BB%93_Ch%C3%AD_Minh\">Tp H\u1ed3 Ch\u00ed Minh<\/a><\/em>, s\u1eed d\u1ee5ng n\u01b0\u1edbc l\u1ea1nh mang l\u1ea1i c\u1ea3m gi\u00e1c s\u1ea3ng kho\u00e1i v\u00e0 d\u1ec5 ch\u1ecbu.<\/span><\/h3>\n<\/li>\n<li>\n<h3><span style=\"font-family: 'times new roman', times, serif; font-size: 120%;\">D\u1ec5 d\u00e0ng l\u1eafp \u0111\u1eb7t: V\u1edbi c\u1ea5u tr\u00fac \u0111\u01a1n gi\u1ea3n, lavabo l\u1ea1nh d\u1ec5 d\u00e0ng l\u1eafp \u0111\u1eb7t v\u00e0 kh\u00f4ng \u0111\u00f2i h\u1ecfi c\u00e1c thi\u1ebft b\u1ecb ph\u1ee9c t\u1ea1p nh\u01b0 m\u00e1y n\u01b0\u1edbc n\u00f3ng. \u0110i\u1ec1u n\u00e0y gi\u00fap gi\u1ea3m b\u1edbt chi ph\u00ed v\u00e0 th\u1eddi gian l\u1eafp \u0111\u1eb7t.<\/span><\/h3>\n<\/li>\n<li>\n<h3><span style=\"font-family: 'times new roman', times, serif; font-size: 120%;\">\u0110a d\u1ea1ng m\u1eabu m\u00e3: Lavabo l\u1ea1nh c\u00f3 nhi\u1ec1u ki\u1ec3u d\u00e1ng v\u00e0 ch\u1ea5t li\u1ec7u kh\u00e1c nhau, t\u1eeb s\u1ee9 tr\u1eafng truy\u1ec1n th\u1ed1ng \u0111\u1ebfn nh\u1eefng thi\u1ebft k\u1ebf hi\u1ec7n \u0111\u1ea1i b\u1eb1ng \u0111\u00e1 ho\u1eb7c kim lo\u1ea1i. \u0110i\u1ec1u n\u00e0y gi\u00fap b\u1ea1n d\u1ec5 d\u00e0ng l\u1ef1a ch\u1ecdn s\u1ea3n ph\u1ea9m ph\u00f9 h\u1ee3p v\u1edbi phong c\u00e1ch v\u00e0 kh\u00f4ng gian ph\u00f2ng t\u1eafm c\u1ee7a m\u00ecnh.<\/span><\/h3>\n<\/li>\n<li>\n<h3><span style=\"font-family: 'times new roman', times, serif; font-size: 120%;\">D\u1ec5 d\u00e0ng v\u1ec7 sinh: Lavabo l\u1ea1nh th\u01b0\u1eddng \u0111\u01b0\u1ee3c l\u00e0m t\u1eeb c\u00e1c ch\u1ea5t li\u1ec7u nh\u01b0 s\u1ee9, \u0111\u00e1, ho\u1eb7c k\u00ednh c\u01b0\u1eddng l\u1ef1c, d\u1ec5 d\u00e0ng lau ch\u00f9i v\u00e0 gi\u1eef g\u00ecn v\u1ec7 sinh. B\u1ec1 m\u1eb7t nh\u1eb5n m\u1ecbn gi\u00fap ng\u0103n ng\u1eeba s\u1ef1 t\u00edch t\u1ee5 c\u1ee7a b\u1ee5i b\u1ea9n v\u00e0 vi khu\u1ea9n, \u0111\u1ea3m b\u1ea3o kh\u00f4ng gian lu\u00f4n s\u1ea1ch s\u1ebd.<\/span><\/h3>\n<\/li>\n<\/ul>\n<h3 style=\"text-align: center;\"><iframe loading=\"lazy\" src=\"\/\/www.youtube.com\/embed\/MYKuF5c8JFc?pp=ygUSdsOyaSBsYXZhdm8gbOG6oW5o\" width=\"560\" height=\"314\" allowfullscreen=\"allowfullscreen\" data-mce-fragment=\"1\"><\/iframe><\/h3>\n<h1><span style=\"font-size: 120%;\"><strong><span style=\"font-family: 'times new roman', times, serif;\">3. L\u00fd Do N\u00ean Ch\u1ecdn Lavabo L\u1ea1nh\u00a0<\/span><\/strong><\/span><\/h1>\n<ul>\n<li>\n<h3><span style=\"font-family: 'times new roman', times, serif; font-size: 120%;\">Kh\u00ed h\u1eadu \u0111\u1eb7c th\u00f9: <a href=\"https:\/\/vi.wikipedia.org\/wiki\/Th%C3%A0nh_%E1%BB%A7y_Th%C3%A0nh_ph%E1%BB%91_H%E1%BB%93_Ch%C3%AD_Minh\"><em>Tp H\u1ed3 Ch\u00ed Minh<\/em>\u00a0<\/a>c\u00f3 kh\u00ed h\u1eadu nhi\u1ec7t \u0111\u1edbi gi\u00f3 m\u00f9a, v\u1edbi m\u00f9a h\u00e8 n\u00f3ng \u1ea9m v\u00e0 m\u00f9a \u0111\u00f4ng kh\u00f4ng qu\u00e1 l\u1ea1nh. Do \u0111\u00f3, vi\u1ec7c s\u1eed d\u1ee5ng lavabo l\u1ea1nh l\u00e0 ho\u00e0n to\u00e0n h\u1ee3p l\u00fd v\u00e0 mang l\u1ea1i s\u1ef1 tho\u1ea3i m\u00e1i cho ng\u01b0\u1eddi s\u1eed d\u1ee5ng.<\/span><\/h3>\n<\/li>\n<li>\n<h3><span style=\"font-family: 'times new roman', times, serif; font-size: 120%;\">Th\u1ecb tr\u01b0\u1eddng \u0111a d\u1ea1ng: C\u00f3 nhi\u1ec1u c\u1eeda h\u00e0ng v\u00e0 showroom cung c\u1ea5p lavabo l\u1ea1nh v\u1edbi \u0111a d\u1ea1ng m\u1eabu m\u00e3 v\u00e0 ch\u1ea5t li\u1ec7u. B\u1ea1n c\u00f3 th\u1ec3 d\u1ec5 d\u00e0ng t\u00ecm ki\u1ebfm s\u1ea3n ph\u1ea9m ph\u00f9 h\u1ee3p v\u1edbi nhu c\u1ea7u v\u00e0 phong c\u00e1ch thi\u1ebft k\u1ebf c\u1ee7a m\u00ecnh.<\/span><\/h3>\n<\/li>\n<li>\n<h3><span style=\"font-family: 'times new roman', times, serif; font-size: 120%;\">D\u1ecbch v\u1ee5 h\u1ed7 tr\u1ee3 ch\u1ea5t l\u01b0\u1ee3ng: C\u00e1c nh\u00e0 cung c\u1ea5p lavabo l\u1ea1nh t\u1ea1i \u0111\u00e2y th\u01b0\u1eddng cung c\u1ea5p d\u1ecbch v\u1ee5 t\u01b0 v\u1ea5n, l\u1eafp \u0111\u1eb7t v\u00e0 b\u1ea3o tr\u00ec chuy\u00ean nghi\u1ec7p, gi\u00fap b\u1ea1n y\u00ean t\u00e2m v\u1ec1 ch\u1ea5t l\u01b0\u1ee3ng v\u00e0 hi\u1ec7u qu\u1ea3 s\u1eed d\u1ee5ng s\u1ea3n ph\u1ea9m.<\/span><\/h3>\n<\/li>\n<\/ul>\n<p>&nbsp;<\/p>\n<figure id=\"attachment_5853\" aria-describedby=\"caption-attachment-5853\" style=\"width: 300px\" class=\"wp-caption aligncenter\"><img loading=\"lazy\" decoding=\"async\" class=\"size-full wp-image-5853\" src=\"https:\/\/tranthi.vn\/hochiminh\/wp-content\/uploads\/2021\/02\/voi-lavabo-lanh-tai-ho-chi-minh-sai-gon-1.png\" alt=\"v\u00f2i lavabo l\u1ea1nh t\u1ea1i h\u1ed3 ch\u00ed minh - s\u00e0i g\u00f2n\" width=\"300\" height=\"300\" srcset=\"https:\/\/tranthi.vn\/hochiminh\/wp-content\/uploads\/2021\/02\/voi-lavabo-lanh-tai-ho-chi-minh-sai-gon-1.png 300w, https:\/\/tranthi.vn\/hochiminh\/wp-content\/uploads\/2021\/02\/voi-lavabo-lanh-tai-ho-chi-minh-sai-gon-1-100x100.png 100w\" sizes=\"auto, (max-width: 300px) 100vw, 300px\" \/><figcaption id=\"caption-attachment-5853\" class=\"wp-caption-text\"><span style=\"font-family: 'times new roman', times, serif;\"><em>\u00a0 \u00a0 \u00a0 \u00a0 \u00a0 \u00a0v\u00f2i lavabo l\u1ea1nh t\u1ea1i h\u1ed3 ch\u00ed minh &#8211; s\u00e0i g\u00f2n<\/em><\/span><\/figcaption><\/figure>\n<blockquote class=\"tiktok-embed\" cite=\"https:\/\/www.tiktok.com\/@tranthi.danang\/video\/7380631680312151304\" data-video-id=\"7380631680312151304\" data-embed-from=\"oembed\" style=\"max-width:605px; min-width:325px;\">\n<section> <a target=\"_blank\" title=\"@tranthi.danang\" href=\"https:\/\/www.tiktok.com\/@tranthi.danang?refer=embed\">@tranthi.danang<\/a> <\/p>\n<p>v\u00f2i lavabo n\u00f3ng l\u1ea1nh gi\u00e1 r\u1ebb t\u1ea1i \u0111\u00e0 n\u1eb5ng- tr\u1ea7n th\u1ecb- 0903.595.049 <a title=\"v\u00f2i\" target=\"_blank\" href=\"https:\/\/www.tiktok.com\/tag\/v%C3%B2i?refer=embed\">#v\u00f2i<\/a> <a title=\"v\u00f2in\u01b0\u1edbc\" target=\"_blank\" href=\"https:\/\/www.tiktok.com\/tag\/v%C3%B2in%C6%B0%E1%BB%9Bc?refer=embed\">#v\u00f2in\u01b0\u1edbc<\/a> <a title=\"v\u00f2ilavabo\" target=\"_blank\" href=\"https:\/\/www.tiktok.com\/tag\/v%C3%B2ilavabo?refer=embed\">#v\u00f2ilavabo<\/a><\/p>\n<p> <a target=\"_blank\" title=\"\u266c nh\u1ea1c n\u1ec1n - Tr\u1ea7n Th\u1ecb \u0110\u00e0 N\u1eb5ng - Tr\u1ea7n Th\u1ecb \u0110\u00e0 N\u1eb5ng\" href=\"https:\/\/www.tiktok.com\/music\/nh\u1ea1c-n\u1ec1n-Tr\u1ea7n-Th\u1ecb-\u0110\u00e0-N\u1eb5ng-7380632327023594241?refer=embed\">\u266c nh\u1ea1c n\u1ec1n &#8211; Tr\u1ea7n Th\u1ecb \u0110\u00e0 N\u1eb5ng &#8211; Tr\u1ea7n Th\u1ecb \u0110\u00e0 N\u1eb5ng<\/a> <\/section>\n<\/blockquote>\n<p> <script async src=\"https:\/\/www.tiktok.com\/embed.js\"><\/script><\/p>\n<p>&nbsp;<\/p>\n","protected":false},"excerpt":{"rendered":"<p><span style=\"font-family: 'times new roman', times, serif;\"><img decoding=\"async\" class=\"emoji\" draggable=\"false\" src=\"https:\/\/s.w.org\/images\/core\/emoji\/12.0.0-1\/svg\/1f61b.svg\" alt=\"\ud83d\ude1b\" \/><span style=\"font-size: 14pt; color: #000000;\">\u00a0 K\u00edch th\u01b0\u1edbc: 12 cm<\/span><\/span><\/p>\n<p><span style=\"font-family: 'times new roman', times, serif; font-size: 14pt; color: #000000;\"><img decoding=\"async\" class=\"emoji\" draggable=\"false\" src=\"https:\/\/s.w.org\/images\/core\/emoji\/12.0.0-1\/svg\/1f61b.svg\" alt=\"\ud83d\ude1b\" \/> Thu\u1ed9c t\u00ednh: Inox 304<\/span><\/p>\n<p><span style=\"font-family: 'times new roman', times, serif; font-size: 14pt; color: #000000;\"><img decoding=\"async\" class=\"emoji\" draggable=\"false\" src=\"https:\/\/s.w.org\/images\/core\/emoji\/12.0.0-1\/svg\/1f61b.svg\" alt=\"\ud83d\ude1b\" \/> Mi\u1ec5n ph\u00ed v\u1eadn chuy\u1ec3n t\u1eeb 2 \u0111\u01a1n v\u1ecb tr\u1edf l\u00ean v\u00e0 trong TP Hu\u1ebf<\/span><\/p>\n","protected":false},"featured_media":1461,"comment_status":"open","ping_status":"closed","template":"","meta":[],"product_cat":[186,247,179],"product_tag":[450],"class_list":{"0":"post-1511","1":"product","2":"type-product","3":"status-publish","4":"has-post-thumbnail","6":"product_cat-sen-voi","7":"product_cat-sen-voi-lanh","8":"product_cat-thiet-bi-ve-sinh-da-nang","9":"product_tag-mau-sen-voi-lanh-inox-304-hue","11":"first","12":"instock","13":"sale","14":"shipping-taxable","15":"purchasable","16":"product-type-simple"},"yoast_head":"<!-- This site is optimized with the Yoast SEO Premium plugin v22.3 (Yoast SEO v22.4) - https:\/\/yoast.com\/wordpress\/plugins\/seo\/ -->\n<title>V\u00f2i lavabo l\u1ea1nh gi\u00e1 r\u1ebb t\u1ea1i TP H\u1ed3 Ch\u00ed Minh-0947.335.871<\/title>\n<meta name=\"description\" content=\"Tr\u1ea7n Th\u1ecb - Chuy\u00ean cung c\u1ea5p V\u00f2i lavabo l\u1ea1nh gi\u00e1 r\u1ebb ch\u00ednh h\u00e3ng t\u1ea1i tp h\u1ed3 ch\u00ed minh, s\u00e0i g\u00f2n cho m\u1ecdi c\u00f4ng tr\u00ecnh t\u1eeb nh\u00e0 \u1edf \u0111\u1ebfn c\u00e1c c\u00f4ng tr\u00ecnh l\u1edbn\" \/>\n<meta name=\"robots\" content=\"index, follow, max-snippet:-1, max-image-preview:large, max-video-preview:-1\" \/>\n<link rel=\"canonical\" href=\"https:\/\/tranthi.vn\/hochiminh\/sen-voi-lanh-gia-re-ho-chi-minh-sai-gon\/\" \/>\n<meta property=\"og:locale\" content=\"vi_VN\" \/>\n<meta property=\"og:type\" content=\"article\" \/>\n<meta property=\"og:title\" content=\"Sen v\u00f2i l\u1ea1nh - L002\" \/>\n<meta property=\"og:description\" content=\"Tr\u1ea7n Th\u1ecb - Chuy\u00ean cung c\u1ea5p V\u00f2i lavabo l\u1ea1nh gi\u00e1 r\u1ebb ch\u00ednh h\u00e3ng t\u1ea1i tp h\u1ed3 ch\u00ed minh, s\u00e0i g\u00f2n cho m\u1ecdi c\u00f4ng tr\u00ecnh t\u1eeb nh\u00e0 \u1edf \u0111\u1ebfn c\u00e1c c\u00f4ng tr\u00ecnh l\u1edbn\" \/>\n<meta property=\"og:url\" content=\"https:\/\/tranthi.vn\/hochiminh\/sen-voi-lanh-gia-re-ho-chi-minh-sai-gon\/\" \/>\n<meta property=\"og:site_name\" content=\"V\u1eadt Li\u1ec7u X\u00e2y D\u1ef1ng Tr\u1ea7n Th\u1ecb Chi Nh\u00e1nh H\u1ed3 Ch\u00ed Minh\" \/>\n<meta property=\"article:modified_time\" content=\"2024-11-06T07:16:25+00:00\" \/>\n<meta property=\"og:image\" content=\"https:\/\/tranthi.vn\/hochiminh\/wp-content\/uploads\/2021\/02\/vl-401l.jpg\" \/>\n\t<meta property=\"og:image:width\" content=\"460\" \/>\n\t<meta property=\"og:image:height\" content=\"535\" \/>\n\t<meta property=\"og:image:type\" content=\"image\/jpeg\" \/>\n<meta name=\"twitter:card\" content=\"summary_large_image\" \/>\n<meta name=\"twitter:label1\" content=\"Gi\u00e1\" \/>\n\t<meta name=\"twitter:data1\" content=\"199,000&nbsp;&#8363;\" \/>\n\t<meta name=\"twitter:label2\" content=\"Kh\u1ea3 d\u1ee5ng\" \/>\n\t<meta name=\"twitter:data2\" content=\"Trong kho\" \/>\n<script type=\"application\/ld+json\" class=\"yoast-schema-graph\">{\"@context\":\"https:\/\/schema.org\",\"@graph\":[{\"@type\":[\"WebPage\",\"ItemPage\"],\"@id\":\"https:\/\/tranthi.vn\/hochiminh\/sen-voi-lanh-gia-re-ho-chi-minh-sai-gon\/\",\"url\":\"https:\/\/tranthi.vn\/hochiminh\/sen-voi-lanh-gia-re-ho-chi-minh-sai-gon\/\",\"name\":\"V\u00f2i lavabo l\u1ea1nh gi\u00e1 r\u1ebb t\u1ea1i TP H\u1ed3 Ch\u00ed Minh-0947.335.871\",\"isPartOf\":{\"@id\":\"https:\/\/tranthi.vn\/hochiminh\/#website\"},\"primaryImageOfPage\":{\"@id\":\"https:\/\/tranthi.vn\/hochiminh\/sen-voi-lanh-gia-re-ho-chi-minh-sai-gon\/#primaryimage\"},\"image\":{\"@id\":\"https:\/\/tranthi.vn\/hochiminh\/sen-voi-lanh-gia-re-ho-chi-minh-sai-gon\/#primaryimage\"},\"thumbnailUrl\":\"https:\/\/tranthi.vn\/hochiminh\/wp-content\/uploads\/2021\/02\/vl-401l.jpg\",\"datePublished\":\"2021-02-17T09:08:38+00:00\",\"dateModified\":\"2024-11-06T07:16:25+00:00\",\"description\":\"Tr\u1ea7n Th\u1ecb - Chuy\u00ean cung c\u1ea5p V\u00f2i lavabo l\u1ea1nh gi\u00e1 r\u1ebb ch\u00ednh h\u00e3ng t\u1ea1i tp h\u1ed3 ch\u00ed minh, s\u00e0i g\u00f2n cho m\u1ecdi c\u00f4ng tr\u00ecnh t\u1eeb nh\u00e0 \u1edf \u0111\u1ebfn c\u00e1c c\u00f4ng tr\u00ecnh l\u1edbn\",\"breadcrumb\":{\"@id\":\"https:\/\/tranthi.vn\/hochiminh\/sen-voi-lanh-gia-re-ho-chi-minh-sai-gon\/#breadcrumb\"},\"inLanguage\":\"vi\",\"potentialAction\":[{\"@type\":\"ReadAction\",\"target\":[\"https:\/\/tranthi.vn\/hochiminh\/sen-voi-lanh-gia-re-ho-chi-minh-sai-gon\/\"]}]},{\"@type\":\"ImageObject\",\"inLanguage\":\"vi\",\"@id\":\"https:\/\/tranthi.vn\/hochiminh\/sen-voi-lanh-gia-re-ho-chi-minh-sai-gon\/#primaryimage\",\"url\":\"https:\/\/tranthi.vn\/hochiminh\/wp-content\/uploads\/2021\/02\/vl-401l.jpg\",\"contentUrl\":\"https:\/\/tranthi.vn\/hochiminh\/wp-content\/uploads\/2021\/02\/vl-401l.jpg\",\"width\":460,\"height\":535},{\"@type\":\"BreadcrumbList\",\"@id\":\"https:\/\/tranthi.vn\/hochiminh\/sen-voi-lanh-gia-re-ho-chi-minh-sai-gon\/#breadcrumb\",\"itemListElement\":[{\"@type\":\"ListItem\",\"position\":1,\"name\":\"Trang ch\u1ee7\",\"item\":\"https:\/\/tranthi.vn\/hochiminh\/\"},{\"@type\":\"ListItem\",\"position\":2,\"name\":\"Shop\",\"item\":\"https:\/\/tranthi.vn\/hochiminh\/shop\/\"},{\"@type\":\"ListItem\",\"position\":3,\"name\":\"Sen v\u00f2i l\u1ea1nh &#8211; L002\"}]},{\"@type\":\"WebSite\",\"@id\":\"https:\/\/tranthi.vn\/hochiminh\/#website\",\"url\":\"https:\/\/tranthi.vn\/hochiminh\/\",\"name\":\"V\u1eadt Li\u1ec7u X\u00e2y D\u1ef1ng Tr\u1ea7n Th\u1ecb Chi Nh\u00e1nh H\u1ed3 Ch\u00ed Minh\",\"description\":\"V\u1eadt Li\u1ec7u X\u00e2y D\u1ef1ng - H\u1ed3 Ch\u00ed Minh\",\"potentialAction\":[{\"@type\":\"SearchAction\",\"target\":{\"@type\":\"EntryPoint\",\"urlTemplate\":\"https:\/\/tranthi.vn\/hochiminh\/?s={search_term_string}\"},\"query-input\":\"required name=search_term_string\"}],\"inLanguage\":\"vi\"},{\"@type\":\"ImageObject\",\"inLanguage\":\"vi\",\"@id\":\"https:\/\/tranthi.vn\/hochiminh\/sen-voi-lanh-gia-re-ho-chi-minh-sai-gon\/#local-main-organization-logo\",\"url\":\"\",\"contentUrl\":\"\",\"caption\":\"V\u1eadt Li\u1ec7u X\u00e2y D\u1ef1ng Tr\u1ea7n Th\u1ecb Chi Nh\u00e1nh H\u1ed3 Ch\u00ed Minh\"}]}<\/script>\n<meta property=\"product:price:amount\" content=\"199000\" \/>\n<meta property=\"product:price:currency\" content=\"VND\" \/>\n<meta property=\"og:availability\" content=\"instock\" \/>\n<meta property=\"product:availability\" content=\"instock\" \/>\n<meta property=\"product:condition\" content=\"new\" \/>\n<!-- \/ Yoast SEO Premium plugin. -->","yoast_head_json":{"title":"V\u00f2i lavabo l\u1ea1nh gi\u00e1 r\u1ebb t\u1ea1i TP H\u1ed3 Ch\u00ed Minh-0947.335.871","description":"Tr\u1ea7n Th\u1ecb - Chuy\u00ean cung c\u1ea5p V\u00f2i lavabo l\u1ea1nh gi\u00e1 r\u1ebb ch\u00ednh h\u00e3ng t\u1ea1i tp h\u1ed3 ch\u00ed minh, s\u00e0i g\u00f2n cho m\u1ecdi c\u00f4ng tr\u00ecnh t\u1eeb nh\u00e0 \u1edf \u0111\u1ebfn c\u00e1c c\u00f4ng tr\u00ecnh l\u1edbn","robots":{"index":"index","follow":"follow","max-snippet":"max-snippet:-1","max-image-preview":"max-image-preview:large","max-video-preview":"max-video-preview:-1"},"canonical":"https:\/\/tranthi.vn\/hochiminh\/sen-voi-lanh-gia-re-ho-chi-minh-sai-gon\/","og_locale":"vi_VN","og_type":"article","og_title":"Sen v\u00f2i l\u1ea1nh - L002","og_description":"Tr\u1ea7n Th\u1ecb - Chuy\u00ean cung c\u1ea5p V\u00f2i lavabo l\u1ea1nh gi\u00e1 r\u1ebb ch\u00ednh h\u00e3ng t\u1ea1i tp h\u1ed3 ch\u00ed minh, s\u00e0i g\u00f2n cho m\u1ecdi c\u00f4ng tr\u00ecnh t\u1eeb nh\u00e0 \u1edf \u0111\u1ebfn c\u00e1c c\u00f4ng tr\u00ecnh l\u1edbn","og_url":"https:\/\/tranthi.vn\/hochiminh\/sen-voi-lanh-gia-re-ho-chi-minh-sai-gon\/","og_site_name":"V\u1eadt Li\u1ec7u X\u00e2y D\u1ef1ng Tr\u1ea7n Th\u1ecb Chi Nh\u00e1nh H\u1ed3 Ch\u00ed Minh","article_modified_time":"2024-11-06T07:16:25+00:00","og_image":[{"width":460,"height":535,"url":"https:\/\/tranthi.vn\/hochiminh\/wp-content\/uploads\/2021\/02\/vl-401l.jpg","type":"image\/jpeg"}],"twitter_card":"summary_large_image","twitter_misc":{"Gi\u00e1":"199,000&nbsp;&#8363;","Kh\u1ea3 d\u1ee5ng":"Trong kho"},"schema":{"@context":"https:\/\/schema.org","@graph":[{"@type":["WebPage","ItemPage"],"@id":"https:\/\/tranthi.vn\/hochiminh\/sen-voi-lanh-gia-re-ho-chi-minh-sai-gon\/","url":"https:\/\/tranthi.vn\/hochiminh\/sen-voi-lanh-gia-re-ho-chi-minh-sai-gon\/","name":"V\u00f2i lavabo l\u1ea1nh gi\u00e1 r\u1ebb t\u1ea1i TP H\u1ed3 Ch\u00ed Minh-0947.335.871","isPartOf":{"@id":"https:\/\/tranthi.vn\/hochiminh\/#website"},"primaryImageOfPage":{"@id":"https:\/\/tranthi.vn\/hochiminh\/sen-voi-lanh-gia-re-ho-chi-minh-sai-gon\/#primaryimage"},"image":{"@id":"https:\/\/tranthi.vn\/hochiminh\/sen-voi-lanh-gia-re-ho-chi-minh-sai-gon\/#primaryimage"},"thumbnailUrl":"https:\/\/tranthi.vn\/hochiminh\/wp-content\/uploads\/2021\/02\/vl-401l.jpg","datePublished":"2021-02-17T09:08:38+00:00","dateModified":"2024-11-06T07:16:25+00:00","description":"Tr\u1ea7n Th\u1ecb - Chuy\u00ean cung c\u1ea5p V\u00f2i lavabo l\u1ea1nh gi\u00e1 r\u1ebb ch\u00ednh h\u00e3ng t\u1ea1i tp h\u1ed3 ch\u00ed minh, s\u00e0i g\u00f2n cho m\u1ecdi c\u00f4ng tr\u00ecnh t\u1eeb nh\u00e0 \u1edf \u0111\u1ebfn c\u00e1c c\u00f4ng tr\u00ecnh l\u1edbn","breadcrumb":{"@id":"https:\/\/tranthi.vn\/hochiminh\/sen-voi-lanh-gia-re-ho-chi-minh-sai-gon\/#breadcrumb"},"inLanguage":"vi","potentialAction":[{"@type":"ReadAction","target":["https:\/\/tranthi.vn\/hochiminh\/sen-voi-lanh-gia-re-ho-chi-minh-sai-gon\/"]}]},{"@type":"ImageObject","inLanguage":"vi","@id":"https:\/\/tranthi.vn\/hochiminh\/sen-voi-lanh-gia-re-ho-chi-minh-sai-gon\/#primaryimage","url":"https:\/\/tranthi.vn\/hochiminh\/wp-content\/uploads\/2021\/02\/vl-401l.jpg","contentUrl":"https:\/\/tranthi.vn\/hochiminh\/wp-content\/uploads\/2021\/02\/vl-401l.jpg","width":460,"height":535},{"@type":"BreadcrumbList","@id":"https:\/\/tranthi.vn\/hochiminh\/sen-voi-lanh-gia-re-ho-chi-minh-sai-gon\/#breadcrumb","itemListElement":[{"@type":"ListItem","position":1,"name":"Trang ch\u1ee7","item":"https:\/\/tranthi.vn\/hochiminh\/"},{"@type":"ListItem","position":2,"name":"Shop","item":"https:\/\/tranthi.vn\/hochiminh\/shop\/"},{"@type":"ListItem","position":3,"name":"Sen v\u00f2i l\u1ea1nh &#8211; L002"}]},{"@type":"WebSite","@id":"https:\/\/tranthi.vn\/hochiminh\/#website","url":"https:\/\/tranthi.vn\/hochiminh\/","name":"V\u1eadt Li\u1ec7u X\u00e2y D\u1ef1ng Tr\u1ea7n Th\u1ecb Chi Nh\u00e1nh H\u1ed3 Ch\u00ed Minh","description":"V\u1eadt Li\u1ec7u X\u00e2y D\u1ef1ng - H\u1ed3 Ch\u00ed Minh","potentialAction":[{"@type":"SearchAction","target":{"@type":"EntryPoint","urlTemplate":"https:\/\/tranthi.vn\/hochiminh\/?s={search_term_string}"},"query-input":"required name=search_term_string"}],"inLanguage":"vi"},{"@type":"ImageObject","inLanguage":"vi","@id":"https:\/\/tranthi.vn\/hochiminh\/sen-voi-lanh-gia-re-ho-chi-minh-sai-gon\/#local-main-organization-logo","url":"","contentUrl":"","caption":"V\u1eadt Li\u1ec7u X\u00e2y D\u1ef1ng Tr\u1ea7n Th\u1ecb Chi Nh\u00e1nh H\u1ed3 Ch\u00ed Minh"}]},"product_price_amount":"199000","product_price_currency":"VND","og_availability":"instock","product_availability":"instock","product_condition":"new"},"_links":{"self":[{"href":"https:\/\/tranthi.vn\/hochiminh\/wp-json\/wp\/v2\/product\/1511","targetHints":{"allow":["GET"]}}],"collection":[{"href":"https:\/\/tranthi.vn\/hochiminh\/wp-json\/wp\/v2\/product"}],"about":[{"href":"https:\/\/tranthi.vn\/hochiminh\/wp-json\/wp\/v2\/types\/product"}],"replies":[{"embeddable":true,"href":"https:\/\/tranthi.vn\/hochiminh\/wp-json\/wp\/v2\/comments?post=1511"}],"wp:featuredmedia":[{"embeddable":true,"href":"https:\/\/tranthi.vn\/hochiminh\/wp-json\/wp\/v2\/media\/1461"}],"wp:attachment":[{"href":"https:\/\/tranthi.vn\/hochiminh\/wp-json\/wp\/v2\/media?parent=1511"}],"wp:term":[{"taxonomy":"product_cat","embeddable":true,"href":"https:\/\/tranthi.vn\/hochiminh\/wp-json\/wp\/v2\/product_cat?post=1511"},{"taxonomy":"product_tag","embeddable":true,"href":"https:\/\/tranthi.vn\/hochiminh\/wp-json\/wp\/v2\/product_tag?post=1511"}],"curies":[{"name":"wp","href":"https:\/\/api.w.org\/{rel}","templated":true}]}}