{"id":1484,"date":"2021-02-17T16:08:22","date_gmt":"2021-02-17T09:08:22","guid":{"rendered":"http:\/\/new-tranthi.test\/san-pham\/son-phu-noi-that-dulux-inspire-mau-nhat-thung-18l\/"},"modified":"2025-06-19T16:38:41","modified_gmt":"2025-06-19T09:38:41","slug":"son-phu-noi-that-dulux-inspire-sai-gon-ho-chi-minh","status":"publish","type":"product","link":"https:\/\/tranthi.vn\/hochiminh\/son-phu-noi-that-dulux-inspire-sai-gon-ho-chi-minh\/","title":{"rendered":"Dulux Inspire &#8211; base a-Th\u00f9ng 18l"},"content":{"rendered":"<h1 style=\"text-align: center;\"><strong><span style=\"font-family: 'times new roman', times, serif; font-size: 150%;\"><a href=\"https:\/\/tranthi.vn\/hochiminh\/son-phu-noi-that-dulux-inspire-sai-gon-ho-chi-minh\/\">\u00a0Gi\u00e1 S\u01a1n dulux t\u1ea1i TP. H\u1ed3 Ch\u00ed Minh<\/a><\/span><\/strong><\/h1>\n<p><span style=\"font-family: 'times new roman', times, serif; font-size: 14pt; color: #000000;\"><a href=\"https:\/\/tranthi.vn\/hochiminh\/gia-son-nippon-tai-sai-gon-ho-chi-minh\/\" target=\"_blank\" rel=\"noopener\"><span style=\"color: #008000;\"><strong>S\u01a1n<\/strong> Ph\u1ee7 N\u1ed9i Th\u1ea5t <strong>Dulux <\/strong>Inspire &#8211; M\u00e0u Nh\u1ea1t<\/span><\/a>&#8211; t\u00f4 \u0111i\u1ec3m v\u00e0 g\u00ecn gi\u1eef v\u1ebb \u0111\u1eb9p cho ng\u00f4i nh\u00e0 b\u1ea1n. V\u1edbi c\u00f4ng ngh\u1ec7 ChromaBrite cho m\u00e0u s\u1eafc b\u1ec1n v\u00e0 t\u01b0\u01a1i \u0111\u1eb9p, t\u1ed5 \u1ea5m c\u1ee7a b\u1ea1n s\u1ebd lu\u00f4n l\u00e0 kh\u00f4ng gian \u0111\u1eb9p, d\u1ec5 ch\u1ecbu v\u00e0 tho\u1ea3i m\u00e1i.<\/span><\/p>\n<p><iframe loading=\"lazy\" title=\"Dulux ch\u1ed1ng th\u1ea5m s\u00e0n \u0111\u00e0 n\u1eb5ng #dulux_ch\u1ed1ng_th\u1ea5m _s\u00e0n_\u0111\u00e0_n\u1eb5ng\" width=\"1020\" height=\"574\" src=\"https:\/\/www.youtube.com\/embed\/hISNf1VJirA?feature=oembed\" frameborder=\"0\" allow=\"accelerometer; autoplay; clipboard-write; encrypted-media; gyroscope; picture-in-picture; web-share\" referrerpolicy=\"strict-origin-when-cross-origin\" allowfullscreen><\/iframe><\/p>\n<h2 class=\"ie9_headlines\"><span style=\"font-family: 'times new roman', times, serif; font-size: 14pt; color: #ff0000;\">1.H\u01b0\u1edbng d\u1eabn s\u1eed d\u1ee5ng &amp; B\u1ea3o qu\u1ea3n<\/span><\/h2>\n<p><span style=\"font-family: 'times new roman', times, serif; font-size: 14pt; color: #000000;\">B\u1ea3o \u0111\u1ea3m b\u1ec1 m\u1eb7t s\u01a1n ph\u1ea3i s\u1ea1ch, kh\u00f4ng c\u00f3 t\u1ea1p ch\u1ea5t l\u00e0m gi\u1ea3m \u0111\u1ed9 b\u00e1m d\u00ednh nh\u01b0 b\u1ed9t, b\u1ee5i, d\u1ea7u m\u1ee1 hay s\u00e1p.<\/span><\/p>\n<p><span style=\"font-family: 'times new roman', times, serif; font-size: 14pt; color: #000000;\">\u0110\u1ed9 \u1ea9m c\u1ee7a b\u1ec1 m\u1eb7t d\u01b0\u1edbi 16% theo m\u00e1y \u0111o \u0111\u1ed9 \u1ea9m Protimeter hay \u0111\u1ec3 b\u1ec1 m\u1eb7t t\u01b0\u1eddng kh\u00f4 t\u1eeb 21 \u0111\u1ebfn 28 ng\u00e0y trong \u0111i\u1ec1u ki\u1ec7n b\u00ecnh th\u01b0\u1eddng (nhi\u1ec7t \u0111\u1ed9 trung b\u00ecnh 30<sup>0<\/sup>C, \u0111\u1ed9 \u1ea9m m\u00f4i tr\u01b0\u1eddng 80%).<\/span><\/p>\n<p style=\"text-align: center;\"><iframe loading=\"lazy\" src=\"\/\/www.youtube.com\/embed\/d7VGD78WJw8\" width=\"560\" height=\"314\" allowfullscreen=\"allowfullscreen\"><\/iframe><\/p>\n<h2><span style=\"font-family: 'times new roman', times, serif; font-size: 14pt; color: #ff0000;\">2. Thi c\u00f4ng s\u01a1n:<\/span><\/h2>\n<p><span style=\"font-family: 'times new roman', times, serif; font-size: 14pt; color: #000000;\">Kh\u00f4 b\u1ec1 m\u1eb7t: 30 ph\u00fat<\/span><\/p>\n<p><span style=\"font-family: 'times new roman', times, serif; font-size: 14pt; color: #000000;\">S\u01a1n l\u1edbp sau: 1-2 gi\u1edd<\/span><\/p>\n<p><span style=\"font-family: 'times new roman', times, serif; font-size: 14pt; color: #000000;\">S\u1ed1 l\u1edbp s\u01a1n: 2 l\u1edbp<\/span><\/p>\n<p><span style=\"font-family: 'times new roman', times, serif; font-size: 14pt; color: #000000;\">Pha s\u01a1n:\u00a0kh\u00f4ng c\u1ea7n pha cho s\u1eed d\u1ee5ng th\u00f4ng th\u01b0\u1eddng. Nh\u01b0ng n\u1ebfu c\u1ea7n c\u00f3 th\u1ec3 pha t\u1ed1i \u0111a 10% n\u01b0\u1edbc s\u1ea1ch. Khu\u1ea5y \u0111\u1ec1u tr\u01b0\u1edbc khi s\u1eed d\u1ee5ng.<\/span><\/p>\n<p><img loading=\"lazy\" decoding=\"async\" class=\"aligncenter\" src=\"https:\/\/tranthi.vn\/hanoi\/wp-content\/uploads\/2021\/02\/Mau-son-Dulux-Ha-Noi.jpg\" alt=\"M\u1eabu s\u01a1n Dulux H\u00e0 N\u1ed9i\" width=\"341\" height=\"556\" \/><\/p>\n<p><span style=\"font-family: 'times new roman', times, serif; font-size: 14pt; color: #000000;\">L\u00e0m s\u1ea1ch: r\u1eeda s\u1ea1ch d\u1ee5ng c\u1ee5 v\u1edbi n\u01b0\u1edbc s\u1ea1ch ngay sau khi s\u1eed d\u1ee5ng.<\/span><\/p>\n<p><span style=\"font-family: 'times new roman', times, serif; font-size: 14pt; color: #000000;\">B\u1ea3o qu\u1ea3n:\u00a0t\u1ed3n tr\u1eef s\u01a1n \u1edf n\u01a1i kh\u00f4, m\u00e1t. \u0110\u1eb7t th\u00f9ng s\u01a1n \u1edf v\u1ecb tr\u00ed th\u1eb3ng \u0111\u1ee9ng an to\u00e0n v\u00e0 \u0111\u1eady ch\u1eb7t n\u1eafp. D\u00f9ng ngay sau khi m\u1edf n\u1eafp.<\/span><\/p>\n<p style=\"text-align: center;\"><iframe loading=\"lazy\" src=\"\/\/www.youtube.com\/embed\/6Fa0wdcTYZs\" width=\"560\" height=\"314\" allowfullscreen=\"allowfullscreen\"><\/iframe><\/p>\n<h4><span style=\"color: #ff0000; font-family: 'times new roman', times, serif; font-size: 14pt;\"><strong>3. H\u1ec7 th\u1ed1ngs\u01a1n \u0111\u1ec1 ngh\u1ecb<\/strong><\/span><\/h4>\n<ul>\n<li><span style=\"font-family: 'times new roman', times, serif; font-size: 14pt; color: #000000;\">B\u1ed9t tr\u00e9t : S\u1eed d\u1ee5ng 2-3 l\u1edbp\u00a0b\u1ed9t tr\u00e9t t\u01b0\u1eddng <a href=\"https:\/\/tranthi.vn\/hochiminh\/gia-son-phu-noi-that-dulux-easy-clean-hue\/\" target=\"_blank\" rel=\"noopener\"><em><strong>Dulux<\/strong><\/em><\/a> cao c\u1ea5p<\/span><\/li>\n<li><span style=\"font-family: 'times new roman', times, serif; font-size: 14pt; color: #000000;\">S\u01a1n L\u00f3t: L\u0103n 2 l\u1edbp\u00a0S\u01a1n l\u00f3t n\u1ed9i th\u1ea5t Dulux cao c\u1ea5p<\/span><\/li>\n<li><span style=\"font-family: 'times new roman', times, serif; font-size: 14pt; color: #000000;\">S\u01a1n ph\u1ee7 : 2 l\u1edbp\u00a0<strong>s\u01a1n\u00a0<\/strong>n\u1ed9i th\u1ea5t Dulux Inspire<\/span><\/li>\n<\/ul>\n<p style=\"text-align: center;\"><iframe loading=\"lazy\" src=\"\/\/www.youtube.com\/embed\/_4-UnzKuJ-U\" width=\"560\" height=\"314\" allowfullscreen=\"allowfullscreen\"><\/iframe><\/p>\n<p><span style=\"font-size: 130%; font-family: 'times new roman', times, serif;\">N\u1ebfu qu\u00fd kh\u00e1ch c\u1ea7n t\u01b0 v\u1ea5n ph\u1ed1i m\u00e0u <a href=\"https:\/\/tranthi.vn\/hochiminh\/son-phu-ngoai-that-dulux-inspire-mau-nhat\/\" target=\"_blank\" rel=\"noopener\">Dulux<\/a>, ch\u1ecdn lo\u1ea1i s\u01a1n ph\u00f9 h\u1ee3p, ho\u1eb7c t\u00ecm th\u1ee3 s\u01a1n nh\u00e0 chuy\u00ean nghi\u1ec7p, h\u00e3y \u0111\u1eb7t th\u1ee3 ngay tr\u00ean App G\u1ecdi Th\u1ee3<a href=\"https:\/\/tranthi.vn\/hanoi\" target=\"_blank\" rel=\"noopener\"> Tr\u1ea7n Th\u1ecb<\/a> \u2013 n\u01a1i k\u1ebft n\u1ed1i nhanh v\u1edbi th\u1ee3 l\u00e0nh ngh\u1ec1, thi c\u00f4ng \u0111\u00fang k\u1ef9 thu\u1eadt, \u0111\u1ea3m b\u1ea3o m\u00e0u s\u01a1n b\u1ec1n \u0111\u1eb9p theo n\u0103m th\u00e1ng.<\/span><\/p>\n<p><iframe loading=\"lazy\" title=\"s\u01b0az chua v\u1eb7t \u0111\u00e0 n\u1eb5ng #g\u1ecdi_th\u1ee3_s\u1eefa_ch\u1eefa_vat_\u0111\u00e0_nang\" width=\"1020\" height=\"574\" src=\"https:\/\/www.youtube.com\/embed\/CNQ7en8cvyI?feature=oembed\" frameborder=\"0\" allow=\"accelerometer; autoplay; clipboard-write; encrypted-media; gyroscope; picture-in-picture; web-share\" referrerpolicy=\"strict-origin-when-cross-origin\" allowfullscreen><\/iframe><\/p>\n<div id=\"messageView\" class=\"message-view \" tabindex=\"21\">\n<div>\n<div id=\"messageViewContainer\" class=\" message-view__scroll \">\n<div class=\"transform-gpu\">\n<div id=\"messageViewScroll\" class=\"message-view__scroll__inner --audit-message-spacing preview-ts fadeInAndOut\">\n<div class=\"block-date\">\n<div class=\"chat-item flx chat-item-audit chat-item-spacing \">\n<div class=\"chat-content flx flx-col flx-cell chat-content-audit\">\n<div id=\"bb_msg_id_1749958375537\" class=\"chat-message chat-message-v2 wrap-message rotate-container -send-time -reaction\" data-component=\"bubble-message\">\n<div class=\"message-wrapper\">\n<div class=\"message-content-wrapper\">\n<div class=\"message-content-render focused-background\">\n<div class=\" pin-react last-msg card shadow-bubble message-frame focused-item focused-item--has-border\" data-component=\"message-content-view\" data-qid=\"6706769173919@1749958375537_4138016239974804886_4138016239974804886\">\n<div class=\"\" data-id=\"div_DisabledTargetEventLayer\">\n<div class=\"message-action\">\n<div id=\"text-mCntr_6706769173919-1749958375537-4138016239974804886-4138016239974804886\" class=\"text-message__container\" data-id=\"div_ReceivedMsg_Text\">\n<div>\n<div class=\"overflow-hidden\" data-component=\"message-text-content\"><span class=\"text\" style=\"font-family: 'times new roman', times, serif; font-size: 130%;\">App G\u1ecdi th\u1ee3 S\u1eeda ch\u1eefa V\u1eb7t <a href=\"https:\/\/tranthi.vn\/hanoi\" target=\"_blank\" rel=\"noopener\">Tr\u1ea7n Th\u1ecb<\/a> gi\u00fap b\u1ea1n k\u1ebft n\u1ed1i v\u1edbi th\u1ee3 chuy\u00ean nghi\u1ec7p ch\u1ec9 sau v\u00e0i thao t\u00e1c \u0111\u01a1n gi\u1ea3n. D\u1ecbch v\u1ee5 \u0111a d\u1ea1ng \u2013 \u0111\u1ebfn t\u1eadn n\u01a1i \u2013 gi\u00e1 r\u00f5 r\u00e0ng. T\u1ea3i ngay tr\u00ean Google Play ho\u1eb7c App Store, ho\u1eb7c qu\u00e9t m\u00e3 QR \u0111\u1ec3 \u0111\u01b0\u1ee3c h\u1ed7 tr\u1ee3 nhanh ch\u00f3ng, ti\u1ebft ki\u1ec7m th\u1eddi gian v\u00e0 chi ph\u00ed!<\/span><\/div>\n<\/div>\n<\/div>\n<\/div>\n<div class=\"card-send-time flx flx-al-c flx-1 \">\n<figure id=\"attachment_6021\" aria-describedby=\"caption-attachment-6021\" style=\"width: 1400px\" class=\"wp-caption alignnone\"><img loading=\"lazy\" decoding=\"async\" class=\"size-full wp-image-6021\" src=\"https:\/\/tranthi.vn\/hanoi\/wp-content\/uploads\/2021\/04\/app-goi-sua-chua-vat-Tran-Thi-Ha-Noi.png\" alt=\"app goi s\u1eeda ch\u1eefa v\u1eb7t Tr\u1ea7n Th\u1ecb H\u00e0 N\u1ed9i\" width=\"1400\" height=\"319\" \/><figcaption id=\"caption-attachment-6021\" class=\"wp-caption-text\">app goi s\u1eeda ch\u1eefa v\u1eb7t Tr\u1ea7n Th\u1ecb H\u00e0 N\u1ed9i<\/figcaption><\/figure>\n<\/div>\n<\/div>\n<\/div>\n<\/div>\n<\/div>\n<\/div>\n<\/div>\n<\/div>\n<\/div>\n<\/div>\n<\/div>\n<\/div>\n<\/div>\n<\/div>\n<\/div>\n","protected":false},"excerpt":{"rendered":"<p><span style=\"font-family: 'times new roman', times, serif; font-size: 130%;\"><span style=\"color: #ff6600; font-size: 150%;\">\u2666<\/span>\u00a0<span style=\"color: #282828;\">B\u1ea3o h\u00e0nh 1 n\u0103m<\/span><\/span><\/p>\n<p><span style=\"font-family: 'times new roman', times, serif; font-size: 130%; color: #000000;\"><span style=\"font-family: 'times new roman', times, serif; font-size: 150%;\"> <span style=\"color: #ff6600;\">\u2666 <\/span><\/span>\u0110\u01a1n v\u1ecb t\u00ednh: Th\u00f9ng 18 L\u00edt<\/span><\/p>\n<p><span style=\"font-family: 'times new roman', times, serif; font-size: 130%; color: #000000;\"><span style=\"font-family: 'times new roman', times, serif; font-size: 150%;\"><span style=\"color: #ff6600;\">\u2666<\/span><\/span>\u00a0\u0110\u01a1n gi\u00e1:\u00a0 <strong><span style=\"color: #666699;\"><em>S\u01a1n ph\u1ee7 n\u1ed9i th\u1ea5t Dulux Inspire &#8211; m\u00e0u nh\u1ea1t<\/em> <\/span><\/strong><\/span><\/p>\n<p><span style=\"font-family: 'times new roman', times, serif; font-size: 130%; color: #000000;\"><span style=\"font-family: 'times new roman', times, serif; font-size: 150%;\"><span style=\"color: #ff6600;\"><strong><span style=\"color: #008000;\">Tr\u1eafng tr\u1ea7n:1.690.000\u0110\/18 l\u00edt<\/span><\/strong><br \/>\n<strong><span style=\"color: #008000;\">Base A: 1.599.000\u0110\/18 l\u00edt<\/span><\/strong><br \/>\n<\/span><\/span><\/span><\/p>\n<p><span style=\"font-family: 'times new roman', times, serif; font-size: 130%; color: #000000;\"><strong><span style=\"color: #ff0000;\"><span style=\"font-family: 'times new roman', times, serif; font-size: 150%;\"><span style=\"color: #ff6600;\">\u2666 <\/span><\/span><\/span><\/strong><\/span><span style=\"font-family: 'times new roman', times, serif; font-size: 130%;\"><span style=\"color: #282828;\">Mi\u1ec5n ph\u00ed Ship t\u1eeb 2 \u0111\u01a1n v\u1ecb tr\u1edf l\u00ean ho\u1eb7c trong <a href=\"https:\/\/vi.wikipedia.org\/wiki\/Th%C3%A0nh_ph%E1%BB%91_H%E1%BB%93_Ch%C3%AD_Minh\"><em><strong>Tp H\u1ed3 Ch\u00ed Minh<\/strong><\/em><\/a><\/span><\/span><\/p>\n<p><span style=\"font-family: 'times new roman', times, serif; font-size: 130%;\"><span style=\"font-family: 'times new roman', times, serif; font-size: 150%; color: #000000;\"> <strong><span style=\"color: #ff0000;\"><span style=\"font-family: 'times new roman', times, serif;\"><span style=\"color: #ff6600;\">\u2666 <\/span><\/span><\/span><\/strong><\/span><span style=\"color: #282828;\">5 \u0111\u1eb7c t\u00ednh v\u01b0\u1ee3t tr\u1ed9i : \u00cdt m\u00f9i, d\u1ec5 lau ch\u00f9i, \u0111\u1ed9 m\u1edd cao, c\u00f3 ch\u1ea5t kh\u00e1ng khu\u1ea9n, l\u1edbp s\u01a1n b\u1ec1n \u0111\u1eb9p<\/span><\/span><\/p>\n<p><span style=\"font-family: 'times new roman', times, serif; font-size: 130%; color: #000000;\"><strong><span style=\"color: #ff0000;\"><span style=\"font-family: 'times new roman', times, serif; font-size: 150%;\"><span style=\"color: #ff6600;\">\u2666<\/span><\/span><\/span><\/strong>\u00a0S\u1eed d\u1ee5ng k\u1ebft h\u1ee3p 2-3 l\u1edbp b\u1ed9t tr\u00e9t t\u01b0\u1eddng Dulux cao c\u1ea5p + L\u0103n 2 l\u1edbp S\u01a1n l\u00f3t n\u1ed9i th\u1ea5t Dulux cao c\u1ea5p +2 l\u1edbp <span style=\"color: #282828;\">s\u01a1n\u00a0n\u1ed9i th\u1ea5t Dulux Inspire<\/span><\/span><\/p>\n<p>&nbsp;<\/p>\n","protected":false},"featured_media":4372,"comment_status":"open","ping_status":"closed","template":"","meta":[],"product_cat":[139,146,151],"product_tag":[581],"class_list":{"0":"post-1484","1":"product","2":"type-product","3":"status-publish","4":"has-post-thumbnail","6":"product_cat-son","7":"product_cat-gia-son-dulux-tai-da-nang","8":"product_cat-son-phu-noi-that-dulux","9":"product_tag-son-dulux-hue-son-phu-noi-that-cao-cap","11":"first","12":"instock","13":"sale","14":"shipping-taxable","15":"purchasable","16":"product-type-simple"},"yoast_head":"<!-- This site is optimized with the Yoast SEO Premium plugin v22.3 (Yoast SEO v22.4) - https:\/\/yoast.com\/wordpress\/plugins\/seo\/ -->\n<title>Gi\u00e1 S\u01a1n Ph\u1ee7 N\u1ed9i Th\u1ea5t Dulux Inspire t\u1ea1i TP. H\u1ed3 Ch\u00ed Minh<\/title>\n<meta name=\"description\" content=\"Tr\u1ea7n Th\u1ecb l\u00e0 nh\u00e0 cung c\u1ea5p s\u01a1n Ph\u1ee7 N\u1ed9i Th\u1ea5t Dulux Inspire t\u1ea1i S\u00e0i G\u00f2n tp. H\u1ed3 Ch\u00ed M\u00ednh. Ph\u1ee5c v\u1ee5 t\u1eadn ch\u00e2n c\u00f4ng tr\u00ecnh v\u1edbi gi\u00e1 r\u1ebb nh\u1ea5t th\u1ecb tr\u01b0\u1eddng\" \/>\n<meta name=\"robots\" content=\"index, follow, max-snippet:-1, max-image-preview:large, max-video-preview:-1\" \/>\n<link rel=\"canonical\" href=\"https:\/\/tranthi.vn\/hochiminh\/son-phu-noi-that-dulux-inspire-sai-gon-ho-chi-minh\/\" \/>\n<meta property=\"og:locale\" content=\"vi_VN\" \/>\n<meta property=\"og:type\" content=\"article\" \/>\n<meta property=\"og:title\" content=\"Dulux Inspire - base a-Th\u00f9ng 18l\" \/>\n<meta property=\"og:description\" content=\"Tr\u1ea7n Th\u1ecb l\u00e0 nh\u00e0 cung c\u1ea5p s\u01a1n Ph\u1ee7 N\u1ed9i Th\u1ea5t Dulux Inspire t\u1ea1i S\u00e0i G\u00f2n tp. H\u1ed3 Ch\u00ed M\u00ednh. Ph\u1ee5c v\u1ee5 t\u1eadn ch\u00e2n c\u00f4ng tr\u00ecnh v\u1edbi gi\u00e1 r\u1ebb nh\u1ea5t th\u1ecb tr\u01b0\u1eddng\" \/>\n<meta property=\"og:url\" content=\"https:\/\/tranthi.vn\/hochiminh\/son-phu-noi-that-dulux-inspire-sai-gon-ho-chi-minh\/\" \/>\n<meta property=\"og:site_name\" content=\"V\u1eadt Li\u1ec7u X\u00e2y D\u1ef1ng Tr\u1ea7n Th\u1ecb Chi Nh\u00e1nh H\u1ed3 Ch\u00ed Minh\" \/>\n<meta property=\"article:modified_time\" content=\"2025-06-19T09:38:41+00:00\" \/>\n<meta property=\"og:image\" content=\"https:\/\/tranthi.vn\/hochiminh\/wp-content\/uploads\/2021\/02\/Son-Dulux-Hue-Son-phu-noi-that-cao-cap.jpg\" \/>\n\t<meta property=\"og:image:width\" content=\"280\" \/>\n\t<meta property=\"og:image:height\" content=\"280\" \/>\n\t<meta property=\"og:image:type\" content=\"image\/jpeg\" \/>\n<meta name=\"twitter:card\" content=\"summary_large_image\" \/>\n<meta name=\"twitter:label1\" content=\"Gi\u00e1\" \/>\n\t<meta name=\"twitter:data1\" content=\"1,599,000&nbsp;&#8363;\" \/>\n\t<meta name=\"twitter:label2\" content=\"Kh\u1ea3 d\u1ee5ng\" \/>\n\t<meta name=\"twitter:data2\" content=\"Trong kho\" \/>\n<script type=\"application\/ld+json\" class=\"yoast-schema-graph\">{\"@context\":\"https:\/\/schema.org\",\"@graph\":[{\"@type\":[\"WebPage\",\"ItemPage\"],\"@id\":\"https:\/\/tranthi.vn\/hochiminh\/son-phu-noi-that-dulux-inspire-sai-gon-ho-chi-minh\/\",\"url\":\"https:\/\/tranthi.vn\/hochiminh\/son-phu-noi-that-dulux-inspire-sai-gon-ho-chi-minh\/\",\"name\":\"Gi\u00e1 S\u01a1n Ph\u1ee7 N\u1ed9i Th\u1ea5t Dulux Inspire t\u1ea1i TP. H\u1ed3 Ch\u00ed Minh\",\"isPartOf\":{\"@id\":\"https:\/\/tranthi.vn\/hochiminh\/#website\"},\"primaryImageOfPage\":{\"@id\":\"https:\/\/tranthi.vn\/hochiminh\/son-phu-noi-that-dulux-inspire-sai-gon-ho-chi-minh\/#primaryimage\"},\"image\":{\"@id\":\"https:\/\/tranthi.vn\/hochiminh\/son-phu-noi-that-dulux-inspire-sai-gon-ho-chi-minh\/#primaryimage\"},\"thumbnailUrl\":\"https:\/\/tranthi.vn\/hochiminh\/wp-content\/uploads\/2021\/02\/Son-Dulux-Hue-Son-phu-noi-that-cao-cap.jpg\",\"datePublished\":\"2021-02-17T09:08:22+00:00\",\"dateModified\":\"2025-06-19T09:38:41+00:00\",\"description\":\"Tr\u1ea7n Th\u1ecb l\u00e0 nh\u00e0 cung c\u1ea5p s\u01a1n Ph\u1ee7 N\u1ed9i Th\u1ea5t Dulux Inspire t\u1ea1i S\u00e0i G\u00f2n tp. H\u1ed3 Ch\u00ed M\u00ednh. Ph\u1ee5c v\u1ee5 t\u1eadn ch\u00e2n c\u00f4ng tr\u00ecnh v\u1edbi gi\u00e1 r\u1ebb nh\u1ea5t th\u1ecb tr\u01b0\u1eddng\",\"breadcrumb\":{\"@id\":\"https:\/\/tranthi.vn\/hochiminh\/son-phu-noi-that-dulux-inspire-sai-gon-ho-chi-minh\/#breadcrumb\"},\"inLanguage\":\"vi\",\"potentialAction\":[{\"@type\":\"ReadAction\",\"target\":[\"https:\/\/tranthi.vn\/hochiminh\/son-phu-noi-that-dulux-inspire-sai-gon-ho-chi-minh\/\"]}]},{\"@type\":\"ImageObject\",\"inLanguage\":\"vi\",\"@id\":\"https:\/\/tranthi.vn\/hochiminh\/son-phu-noi-that-dulux-inspire-sai-gon-ho-chi-minh\/#primaryimage\",\"url\":\"https:\/\/tranthi.vn\/hochiminh\/wp-content\/uploads\/2021\/02\/Son-Dulux-Hue-Son-phu-noi-that-cao-cap.jpg\",\"contentUrl\":\"https:\/\/tranthi.vn\/hochiminh\/wp-content\/uploads\/2021\/02\/Son-Dulux-Hue-Son-phu-noi-that-cao-cap.jpg\",\"width\":280,\"height\":280,\"caption\":\"S\u01a1n Dulux Hu\u1ebf - S\u01a1n ph\u1ee7 n\u1ed9i th\u1ea5t cao c\u1ea5p\"},{\"@type\":\"BreadcrumbList\",\"@id\":\"https:\/\/tranthi.vn\/hochiminh\/son-phu-noi-that-dulux-inspire-sai-gon-ho-chi-minh\/#breadcrumb\",\"itemListElement\":[{\"@type\":\"ListItem\",\"position\":1,\"name\":\"Trang ch\u1ee7\",\"item\":\"https:\/\/tranthi.vn\/hochiminh\/\"},{\"@type\":\"ListItem\",\"position\":2,\"name\":\"Shop\",\"item\":\"https:\/\/tranthi.vn\/hochiminh\/shop\/\"},{\"@type\":\"ListItem\",\"position\":3,\"name\":\"Dulux Inspire &#8211; base a-Th\u00f9ng 18l\"}]},{\"@type\":\"WebSite\",\"@id\":\"https:\/\/tranthi.vn\/hochiminh\/#website\",\"url\":\"https:\/\/tranthi.vn\/hochiminh\/\",\"name\":\"V\u1eadt Li\u1ec7u X\u00e2y D\u1ef1ng Tr\u1ea7n Th\u1ecb Chi Nh\u00e1nh H\u1ed3 Ch\u00ed Minh\",\"description\":\"V\u1eadt Li\u1ec7u X\u00e2y D\u1ef1ng - H\u1ed3 Ch\u00ed Minh\",\"potentialAction\":[{\"@type\":\"SearchAction\",\"target\":{\"@type\":\"EntryPoint\",\"urlTemplate\":\"https:\/\/tranthi.vn\/hochiminh\/?s={search_term_string}\"},\"query-input\":\"required name=search_term_string\"}],\"inLanguage\":\"vi\"},{\"@type\":\"ImageObject\",\"inLanguage\":\"vi\",\"@id\":\"https:\/\/tranthi.vn\/hochiminh\/son-phu-noi-that-dulux-inspire-sai-gon-ho-chi-minh\/#local-main-organization-logo\",\"url\":\"\",\"contentUrl\":\"\",\"caption\":\"V\u1eadt Li\u1ec7u X\u00e2y D\u1ef1ng Tr\u1ea7n Th\u1ecb Chi Nh\u00e1nh H\u1ed3 Ch\u00ed Minh\"}]}<\/script>\n<meta property=\"product:price:amount\" content=\"1599000\" \/>\n<meta property=\"product:price:currency\" content=\"VND\" \/>\n<meta property=\"og:availability\" content=\"instock\" \/>\n<meta property=\"product:availability\" content=\"instock\" \/>\n<meta property=\"product:condition\" content=\"new\" \/>\n<!-- \/ Yoast SEO Premium plugin. -->","yoast_head_json":{"title":"Gi\u00e1 S\u01a1n Ph\u1ee7 N\u1ed9i Th\u1ea5t Dulux Inspire t\u1ea1i TP. H\u1ed3 Ch\u00ed Minh","description":"Tr\u1ea7n Th\u1ecb l\u00e0 nh\u00e0 cung c\u1ea5p s\u01a1n Ph\u1ee7 N\u1ed9i Th\u1ea5t Dulux Inspire t\u1ea1i S\u00e0i G\u00f2n tp. H\u1ed3 Ch\u00ed M\u00ednh. Ph\u1ee5c v\u1ee5 t\u1eadn ch\u00e2n c\u00f4ng tr\u00ecnh v\u1edbi gi\u00e1 r\u1ebb nh\u1ea5t th\u1ecb tr\u01b0\u1eddng","robots":{"index":"index","follow":"follow","max-snippet":"max-snippet:-1","max-image-preview":"max-image-preview:large","max-video-preview":"max-video-preview:-1"},"canonical":"https:\/\/tranthi.vn\/hochiminh\/son-phu-noi-that-dulux-inspire-sai-gon-ho-chi-minh\/","og_locale":"vi_VN","og_type":"article","og_title":"Dulux Inspire - base a-Th\u00f9ng 18l","og_description":"Tr\u1ea7n Th\u1ecb l\u00e0 nh\u00e0 cung c\u1ea5p s\u01a1n Ph\u1ee7 N\u1ed9i Th\u1ea5t Dulux Inspire t\u1ea1i S\u00e0i G\u00f2n tp. H\u1ed3 Ch\u00ed M\u00ednh. Ph\u1ee5c v\u1ee5 t\u1eadn ch\u00e2n c\u00f4ng tr\u00ecnh v\u1edbi gi\u00e1 r\u1ebb nh\u1ea5t th\u1ecb tr\u01b0\u1eddng","og_url":"https:\/\/tranthi.vn\/hochiminh\/son-phu-noi-that-dulux-inspire-sai-gon-ho-chi-minh\/","og_site_name":"V\u1eadt Li\u1ec7u X\u00e2y D\u1ef1ng Tr\u1ea7n Th\u1ecb Chi Nh\u00e1nh H\u1ed3 Ch\u00ed Minh","article_modified_time":"2025-06-19T09:38:41+00:00","og_image":[{"width":280,"height":280,"url":"https:\/\/tranthi.vn\/hochiminh\/wp-content\/uploads\/2021\/02\/Son-Dulux-Hue-Son-phu-noi-that-cao-cap.jpg","type":"image\/jpeg"}],"twitter_card":"summary_large_image","twitter_misc":{"Gi\u00e1":"1,599,000&nbsp;&#8363;","Kh\u1ea3 d\u1ee5ng":"Trong kho"},"schema":{"@context":"https:\/\/schema.org","@graph":[{"@type":["WebPage","ItemPage"],"@id":"https:\/\/tranthi.vn\/hochiminh\/son-phu-noi-that-dulux-inspire-sai-gon-ho-chi-minh\/","url":"https:\/\/tranthi.vn\/hochiminh\/son-phu-noi-that-dulux-inspire-sai-gon-ho-chi-minh\/","name":"Gi\u00e1 S\u01a1n Ph\u1ee7 N\u1ed9i Th\u1ea5t Dulux Inspire t\u1ea1i TP. H\u1ed3 Ch\u00ed Minh","isPartOf":{"@id":"https:\/\/tranthi.vn\/hochiminh\/#website"},"primaryImageOfPage":{"@id":"https:\/\/tranthi.vn\/hochiminh\/son-phu-noi-that-dulux-inspire-sai-gon-ho-chi-minh\/#primaryimage"},"image":{"@id":"https:\/\/tranthi.vn\/hochiminh\/son-phu-noi-that-dulux-inspire-sai-gon-ho-chi-minh\/#primaryimage"},"thumbnailUrl":"https:\/\/tranthi.vn\/hochiminh\/wp-content\/uploads\/2021\/02\/Son-Dulux-Hue-Son-phu-noi-that-cao-cap.jpg","datePublished":"2021-02-17T09:08:22+00:00","dateModified":"2025-06-19T09:38:41+00:00","description":"Tr\u1ea7n Th\u1ecb l\u00e0 nh\u00e0 cung c\u1ea5p s\u01a1n Ph\u1ee7 N\u1ed9i Th\u1ea5t Dulux Inspire t\u1ea1i S\u00e0i G\u00f2n tp. H\u1ed3 Ch\u00ed M\u00ednh. Ph\u1ee5c v\u1ee5 t\u1eadn ch\u00e2n c\u00f4ng tr\u00ecnh v\u1edbi gi\u00e1 r\u1ebb nh\u1ea5t th\u1ecb tr\u01b0\u1eddng","breadcrumb":{"@id":"https:\/\/tranthi.vn\/hochiminh\/son-phu-noi-that-dulux-inspire-sai-gon-ho-chi-minh\/#breadcrumb"},"inLanguage":"vi","potentialAction":[{"@type":"ReadAction","target":["https:\/\/tranthi.vn\/hochiminh\/son-phu-noi-that-dulux-inspire-sai-gon-ho-chi-minh\/"]}]},{"@type":"ImageObject","inLanguage":"vi","@id":"https:\/\/tranthi.vn\/hochiminh\/son-phu-noi-that-dulux-inspire-sai-gon-ho-chi-minh\/#primaryimage","url":"https:\/\/tranthi.vn\/hochiminh\/wp-content\/uploads\/2021\/02\/Son-Dulux-Hue-Son-phu-noi-that-cao-cap.jpg","contentUrl":"https:\/\/tranthi.vn\/hochiminh\/wp-content\/uploads\/2021\/02\/Son-Dulux-Hue-Son-phu-noi-that-cao-cap.jpg","width":280,"height":280,"caption":"S\u01a1n Dulux Hu\u1ebf - S\u01a1n ph\u1ee7 n\u1ed9i th\u1ea5t cao c\u1ea5p"},{"@type":"BreadcrumbList","@id":"https:\/\/tranthi.vn\/hochiminh\/son-phu-noi-that-dulux-inspire-sai-gon-ho-chi-minh\/#breadcrumb","itemListElement":[{"@type":"ListItem","position":1,"name":"Trang ch\u1ee7","item":"https:\/\/tranthi.vn\/hochiminh\/"},{"@type":"ListItem","position":2,"name":"Shop","item":"https:\/\/tranthi.vn\/hochiminh\/shop\/"},{"@type":"ListItem","position":3,"name":"Dulux Inspire &#8211; base a-Th\u00f9ng 18l"}]},{"@type":"WebSite","@id":"https:\/\/tranthi.vn\/hochiminh\/#website","url":"https:\/\/tranthi.vn\/hochiminh\/","name":"V\u1eadt Li\u1ec7u X\u00e2y D\u1ef1ng Tr\u1ea7n Th\u1ecb Chi Nh\u00e1nh H\u1ed3 Ch\u00ed Minh","description":"V\u1eadt Li\u1ec7u X\u00e2y D\u1ef1ng - H\u1ed3 Ch\u00ed Minh","potentialAction":[{"@type":"SearchAction","target":{"@type":"EntryPoint","urlTemplate":"https:\/\/tranthi.vn\/hochiminh\/?s={search_term_string}"},"query-input":"required name=search_term_string"}],"inLanguage":"vi"},{"@type":"ImageObject","inLanguage":"vi","@id":"https:\/\/tranthi.vn\/hochiminh\/son-phu-noi-that-dulux-inspire-sai-gon-ho-chi-minh\/#local-main-organization-logo","url":"","contentUrl":"","caption":"V\u1eadt Li\u1ec7u X\u00e2y D\u1ef1ng Tr\u1ea7n Th\u1ecb Chi Nh\u00e1nh H\u1ed3 Ch\u00ed Minh"}]},"product_price_amount":"1599000","product_price_currency":"VND","og_availability":"instock","product_availability":"instock","product_condition":"new"},"_links":{"self":[{"href":"https:\/\/tranthi.vn\/hochiminh\/wp-json\/wp\/v2\/product\/1484","targetHints":{"allow":["GET"]}}],"collection":[{"href":"https:\/\/tranthi.vn\/hochiminh\/wp-json\/wp\/v2\/product"}],"about":[{"href":"https:\/\/tranthi.vn\/hochiminh\/wp-json\/wp\/v2\/types\/product"}],"replies":[{"embeddable":true,"href":"https:\/\/tranthi.vn\/hochiminh\/wp-json\/wp\/v2\/comments?post=1484"}],"wp:featuredmedia":[{"embeddable":true,"href":"https:\/\/tranthi.vn\/hochiminh\/wp-json\/wp\/v2\/media\/4372"}],"wp:attachment":[{"href":"https:\/\/tranthi.vn\/hochiminh\/wp-json\/wp\/v2\/media?parent=1484"}],"wp:term":[{"taxonomy":"product_cat","embeddable":true,"href":"https:\/\/tranthi.vn\/hochiminh\/wp-json\/wp\/v2\/product_cat?post=1484"},{"taxonomy":"product_tag","embeddable":true,"href":"https:\/\/tranthi.vn\/hochiminh\/wp-json\/wp\/v2\/product_tag?post=1484"}],"curies":[{"name":"wp","href":"https:\/\/api.w.org\/{rel}","templated":true}]}}