{"id":952,"date":"2021-02-16T18:09:11","date_gmt":"2021-02-16T11:09:11","guid":{"rendered":"http:\/\/new-tranthi.test\/san-pham\/gach-lat-via-he-re-quat-mau-den-gia-90-000-m\/"},"modified":"2023-12-04T14:58:24","modified_gmt":"2023-12-04T07:58:24","slug":"gach-lat-via-he-re-quat-mau-den-gia-90-000-m","status":"publish","type":"product","link":"https:\/\/tranthi.vn\/hatinh\/gach-lat-via-he-re-quat-mau-den-gia-90-000-m\/","title":{"rendered":"G\u1ea1ch R\u1ebd Qu\u1ea1t M\u00e0u Ghi \u0110\u1eadm: 30&#215;30"},"content":{"rendered":"<p style=\"text-align: center;\"><strong><span style=\"font-family: 'times new roman', times, serif; font-size: 24pt;\">G\u1ea1ch l\u00e1t v\u1ec9a h\u00e8<\/span><\/strong><\/p>\n<p><span style=\"font-family: 'times new roman', times, serif; font-size: 14pt;\">Hi\u1ec7n nay t\u1ea1i\u00a0<a href=\"https:\/\/vi.wikipedia.org\/wiki\/%C4%90%C3%A0_N%E1%BA%B5ng\"><strong><em>\u0110\u00e0 N\u1eb5ng<\/em><\/strong><\/a>, \u1edf m\u1ed9t s\u1ed1 khu d\u00e2n c\u01b0 quy hoach nh\u01b0 khu Nam Vi\u1ec7t \u00c1, H\u00f2a Xu\u00e2n, Ph\u01b0\u1edbc L\u00fd\u00a0<strong>\u0110\u00e0 N\u1eb5ng<\/strong>.,,,vvv. Sau khi ch\u1ee7 nh\u00e0 l\u00e0m nh\u00e0 th\u00ec ph\u1ea7n sau c\u00f9ng th\u01b0\u1eddng l\u00e0\u00a0<strong>l\u00e1t<\/strong>\u00a0l\u1ea1i\u00a0<em><strong>v\u1ec9a h\u00e8<\/strong><\/em><\/span><\/p>\n<ul>\n<li><span style=\"font-family: 'times new roman', times, serif; font-size: 14pt;\"><em><strong>G\u1ea1ch v\u1ec9a h\u00e8<\/strong><\/em>\u00a0sau khi l\u00e1t l\u00e0\u00a0<strong>g\u1ea1ch<\/strong>\u00a0block v\u1edbi k\u00edch th\u01b0\u1edbc ch\u1ee7 y\u1ebfu l\u00e0 30 x 30 v\u00e0 40 x 40<\/span><\/li>\n<li><span style=\"font-family: 'times new roman', times, serif; font-size: 14pt;\">C\u00f3 kho\u1ea3ng 4 m\u00e0u ch\u00ednh l\u00e0 m\u00e0u x\u00e1m nh\u1ea1t, m\u00e0u x\u00e1m \u0111\u1eadm. m\u00e0u \u0111\u1ecf, m\u00e0u v\u00e0ng<\/span><\/li>\n<\/ul>\n<p><span style=\"font-family: 'times new roman', times, serif; font-size: 14pt;\">C\u1ea5u t\u1ea1o c\u1ee7a\u00a0<em><strong>g\u1ea1ch l\u00e1t v\u1ec9a h\u00e8<\/strong><\/em><\/span><br \/>\n<span style=\"font-family: 'times new roman', times, serif; font-size: 14pt;\">\u2013 Th\u00e0nh ph\u1ea7n ch\u1ee7 y\u1ebfu l\u00e0 xi m\u0103ng, \u0111\u00e1 tr\u1eafng nh\u1ecf k\u00edch th\u01b0\u1edbc l\u00e0 0,2 cm \u0111\u1ebfn 0,4 cm, v\u00e0 ch\u1ea5t t\u1ea1o m\u00e0u<\/span><\/p>\n<p><span style=\"font-family: 'times new roman', times, serif; font-size: 14pt; color: #000000;\">Tr\u00ean th\u1ecb tr\u01b0\u1eddng t\u1ea1i<\/span><span style=\"font-family: 'times new roman', times, serif; font-size: 14pt; color: #000000;\"> <a href=\"https:\/\/vi.wikipedia.org\/wiki\/%C4%90%C3%A0_N%E1%BA%B5ng\">\u0110\u00e0 N\u1eb5ng<\/a> c\u00f3 r\u1ea5t nhi\u1ec1u \u0111\u01a1n v\u1ecb cung c\u1ea5p s\u0129 v\u00e0 l\u1ebb <a href=\"http:\/\/tranthi.vn\/quangnam\/gach-lat-via-he-re-quat-mau-den-gia-90-000-m\/\">g\u1ea1ch l\u00e1t v\u1ec9a h\u00e8<\/a> v\u1edbi nhi\u1ec1u m\u1eabu m\u00e3, k\u00edch th\u01b0\u1edbc v\u00e0 m\u1ee9c gi\u00e1 kh\u00e1c nhau. N\u1ebfu b\u1ea1n \u0111ang mu\u1ed1n mua g\u1ea1ch l\u00e1t v\u1ec9a h\u00e8 m\u00e0 ch\u01b0a bi\u1ebft gi\u00e1 th\u00ec h\u00e3y tham kh\u1ea3o b\u00e0i vi\u1ebft d\u01b0\u1edbi \u0111\u00e2y nh\u00e9<\/span><\/p>\n<h2><span style=\"font-family: 'times new roman', times, serif; font-size: 14pt; color: #ff0000;\"><strong>1. B\u1ea2NG GI\u00c1 G\u1ea0CH L\u00c1T V\u1ec8A H\u00c8 T\u1ea0I <a href=\"https:\/\/vi.wikipedia.org\/wiki\/Th%C3%A0nh_%E1%BB%A7y_%C4%90%C3%A0_N%E1%BA%B5ng\"><em>\u0110\u00c0 N\u1eb4NG<\/em><\/a><\/strong><\/span><\/h2>\n<table style=\"border-collapse: collapse; width: 100%; height: 162px;\">\n<tbody>\n<tr style=\"height: 27px;\">\n<td style=\"width: 25%; text-align: center; height: 27px;\"><span style=\"color: #000000;\"><strong><span style=\"font-family: 'times new roman', times, serif; font-size: 14pt;\">STT<\/span><\/strong><\/span><\/td>\n<td style=\"width: 25%; text-align: center; height: 27px;\"><span style=\"color: #000000;\"><strong><span style=\"font-family: 'times new roman', times, serif; font-size: 14pt;\">LO\u1ea0I G\u1ea0CH<\/span><\/strong><\/span><\/td>\n<td style=\"width: 25%; text-align: center; height: 27px;\"><span style=\"color: #000000;\"><strong><span style=\"font-family: 'times new roman', times, serif; font-size: 14pt;\">K\u00cdCH TH\u01af\u1edaC<\/span><\/strong><\/span><\/td>\n<td style=\"width: 25%; text-align: center; height: 27px;\"><span style=\"color: #000000;\"><strong><span style=\"font-family: 'times new roman', times, serif; font-size: 14pt;\">GI\u00c1<\/span><\/strong><\/span><\/td>\n<\/tr>\n<tr style=\"height: 27px;\">\n<td style=\"width: 25%; text-align: center; height: 27px;\"><span style=\"font-family: 'times new roman', times, serif; font-size: 14pt; color: #000000;\">1<\/span><\/td>\n<td style=\"width: 25%; height: 27px;\"><span style=\"font-family: 'times new roman', times, serif; font-size: 14pt; color: #000000;\"><strong>Terrazzo m\u00e0u ghi, \u0111\u1ecf<\/strong><\/span><\/td>\n<td style=\"width: 25%; height: 27px; text-align: center;\"><span style=\"font-size: 14pt; font-family: 'times new roman', times, serif; color: #000000;\">30&#215;30<\/span><\/td>\n<td style=\"width: 25%; height: 27px;\"><span style=\"color: #000000; font-family: 'times new roman', times, serif; font-size: 14pt;\">93.000\/m2<\/span><\/td>\n<\/tr>\n<tr style=\"height: 27px;\">\n<td style=\"width: 25%; text-align: center; height: 27px;\"><span style=\"font-family: 'times new roman', times, serif; font-size: 14pt; color: #000000;\">2<\/span><\/td>\n<td style=\"width: 25%; height: 27px;\"><span style=\"font-family: 'times new roman', times, serif; font-size: 14pt; color: #000000;\"><strong>Terrazzo m\u00e0u tr\u1eafng<\/strong><\/span><\/td>\n<td style=\"width: 25%; height: 27px; text-align: center;\"><span style=\"font-size: 14pt; font-family: 'times new roman', times, serif; color: #000000;\">30&#215;30\u00a0<\/span><\/td>\n<td style=\"width: 25%; height: 27px;\"><span style=\"color: #000000; font-family: 'times new roman', times, serif; font-size: 14pt;\">88.000\/m2<\/span><\/td>\n<\/tr>\n<tr style=\"height: 27px;\">\n<td style=\"width: 25%; text-align: center; height: 27px;\"><span style=\"font-family: 'times new roman', times, serif; font-size: 14pt; color: #000000;\">3<\/span><\/td>\n<td style=\"width: 25%; height: 27px;\"><span style=\"font-family: 'times new roman', times, serif; font-size: 14pt; color: #000000;\"><strong>Terrazzo m\u00e0u v\u00e0ng<\/strong><\/span><\/td>\n<td style=\"width: 25%; height: 27px; text-align: center;\"><span style=\"font-size: 14pt; font-family: 'times new roman', times, serif; color: #000000;\">30&#215;30\u00a0<\/span><\/td>\n<td style=\"width: 25%; height: 27px;\"><span style=\"color: #000000; font-family: 'times new roman', times, serif; font-size: 14pt;\">100.000\/m2<\/span><\/td>\n<\/tr>\n<tr style=\"height: 27px;\">\n<td style=\"width: 25%; text-align: center; height: 27px;\"><span style=\"font-family: 'times new roman', times, serif; font-size: 14pt; color: #000000;\">4<\/span><\/td>\n<td style=\"width: 25%; height: 27px;\"><span style=\"font-family: 'times new roman', times, serif; font-size: 14pt; color: #000000;\"><strong>Terrazzo m\u00e0u tr\u1eafng<\/strong><\/span><\/td>\n<td style=\"width: 25%; height: 27px; text-align: center;\"><span style=\"font-size: 14pt; font-family: 'times new roman', times, serif; color: #000000;\">40&#215;40<\/span><\/td>\n<td style=\"width: 25%; height: 27px;\"><span style=\"color: #000000; font-family: 'times new roman', times, serif; font-size: 14pt;\">98.000\/m2<\/span><\/td>\n<\/tr>\n<tr style=\"height: 27px;\">\n<td style=\"width: 25%; text-align: center; height: 27px;\"><span style=\"font-family: 'times new roman', times, serif; font-size: 14pt; color: #000000;\">5<\/span><\/td>\n<td style=\"width: 25%; height: 27px;\"><span style=\"font-family: 'times new roman', times, serif; font-size: 14pt; color: #000000;\"><strong>Terrazzo m\u00e0u ghi<\/strong><\/span><\/td>\n<td style=\"width: 25%; height: 27px; text-align: center;\"><span style=\"font-size: 14pt; font-family: 'times new roman', times, serif; color: #000000;\">40&#215;40<\/span><\/td>\n<td style=\"width: 25%; height: 27px;\"><span style=\"color: #000000; font-family: 'times new roman', times, serif; font-size: 14pt;\">98.000\/m2<\/span><\/td>\n<\/tr>\n<\/tbody>\n<\/table>\n<h2><span style=\"font-family: 'times new roman', times, serif; font-size: 14pt; color: #ff0000;\"><strong>2. G\u1ea0CH L\u00c1T V\u1ec8A H\u00c8 TERRAZZO<\/strong><\/span><\/h2>\n<p><span style=\"font-family: 'times new roman', times, serif; font-size: 14pt; color: #000000;\"><em>G\u1ea1ch l\u00e1t v\u1ec9a h\u00e8<\/em> terrazzo \u0111\u01b0\u1ee3c s\u1ea3n xu\u1ea5t t\u1eeb nh\u1eefng nguy\u00ean li\u1ec7u nh\u01b0 b\u1ed9t \u0111\u00e1, xi m\u0103ng, c\u00e1t \u0111\u01b0\u1ee3c \u00e9p d\u01b0\u1edbi \u00e1p l\u1ef1c cao \u0111\u1ec3 t\u1ea1o th\u00e0nh kh\u1ed1i. So v\u1edbi lo\u1ea1i g\u1ea1ch l\u00e1t v\u1ec9a h\u00e8 kh\u00e1c th\u00ec g\u1ea1ch l\u00e1t n\u1ec1n terrazzo l\u00e0 <strong><a href=\"https:\/\/vi.wikipedia.org\/wiki\/G%E1%BA%A1ch_nung\">g\u1ea1ch<\/a><\/strong> \u0111\u01b0\u1ee3c s\u1eed d\u1ee5ng nhi\u1ec1u nh\u1ea5t hi\u1ec7n nay<\/span><\/p>\n<p><span style=\"font-family: 'times new roman', times, serif; font-size: 14pt; color: #000000;\"><img loading=\"lazy\" decoding=\"async\" class=\"size-full wp-image-4714 aligncenter\" src=\"http:\/\/tranthi.vn\/quangnam\/wp-content\/uploads\/2020\/01\/gach-via-he-1.jpg\" alt=\"\" width=\"500\" height=\"333\" \/><\/span><\/p>\n<p><span style=\"font-family: 'times new roman', times, serif; font-size: 14pt; color: #000000;\">B\u1edfi s\u1ef1 \u0111a d\u1ea1ng v\u1ec1 m\u00e0u s\u1eafc m\u1eabu m\u00e3 c\u0169ng nh\u01b0 \u0111\u1ed9 b\u1ec1n v\u00e0 kh\u1ea3 n\u0103ng ch\u1ecbu l\u1ef1c cao hoa v\u0103n \u0111\u01a1n gi\u1ea3n d\u1ec5 d\u00e0ng d\u1ecdn d\u1eb9p. \u0110\u1ed3ng th\u1eddi so v\u1edbi g\u1ea1ch con s\u00e2u hay g\u1ea1ch ch\u1eef I th\u00ec <strong><em><a href=\"https:\/\/vi.wikipedia.org\/wiki\/Gi%C3%A1_c%E1%BA%A3\">gi\u00e1<\/a> g\u1ea1ch<\/em><\/strong> terrazzo c\u0169ng kh\u00e1 r\u1ebb h\u01a1n<\/span><\/p>\n<p><span style=\"font-family: 'times new roman', times, serif; font-size: 14pt; color: #000000;\">C\u00e1c m\u00e0u s\u1eafc c\u1ee7a vi\u00ean <em>g\u1ea1ch<\/em> l\u00e0 \u0111\u01b0\u1ee3c tr\u1ed9n chung ho\u1eb7c ph\u1ee7 l\u00ean b\u1ec1 m\u1eb7t b\u1eb1ng l\u1edbp men m\u00e0u<\/span><\/p>\n<p><span style=\"color: #000000;\"><span style=\"font-family: 'times new roman', times, serif; font-size: 14pt;\">Th\u00f4ng tin v\u00e0 k\u00edch th\u01b0\u1edbc v\u00e0 tr\u1ecdng l\u01b0\u1ee3ng c\u1ee7a <em><strong>g\u1ea1ch<\/strong><\/em> terrazzo<\/span><\/span><\/p>\n<p><span style=\"font-family: 'times new roman', times, serif; font-size: 14pt; color: #000000;\">G\u1ea1ch terrazzo c\u00f3 c\u00e1c k\u00edch th\u01b0\u1edbc ch\u00ednh l\u00e0 30x30cm 40x40cm v\u00e0 50x50cm. <\/span><span style=\"font-family: 'times new roman', times, serif; font-size: 14pt; color: #000000;\">S\u1ed1 vi\u00ean t\u01b0\u01a1ng \u1ee9ng cho m\u1ed7i m2 l\u1ea7n l\u01b0\u1ee3t l\u00e0 6,25 vi\u00ean (lo\u1ea1i 400&#215;400), 11,1 vi\u00ean (lo\u1ea1i 300&#215;300) v\u00e0 4 (lo\u1ea1i 500&#215;500).<\/span><\/p>\n<p><span style=\"font-family: 'times new roman', times, serif; font-size: 14pt; color: #000000;\">\u00a0Kh\u1ed1i l\u01b0\u1ee3ng\u00a0: 11 kg\/vi\u00ean<\/span><\/p>\n","protected":false},"excerpt":{"rendered":"<p><strong><span style=\"font-family: 'times new roman', times, serif; font-size: 130%;\">1m2= 11 Vi\u00ean<\/span><\/strong><\/p>\n<p><span style=\"color: #000000; font-family: 'times new roman', times, serif; font-size: 14pt;\">\ud83d\ude1b \u0110\u01a1n v\u1ecb t\u00ednh: M\u00e9t<\/span><\/p>\n<p><span style=\"color: #000000; font-family: 'times new roman', times, serif; font-size: 14pt;\">\ud83d\ude1b \u0110\u01a1n gi\u00e1<em><strong>: <a href=\"http:\/\/tranthi.vn\/quangnam\/gach-lat-via-he-re-quat-mau-den-gia-90-000-m\/\"><span style=\"color: #008000;\">G\u1ea1ch L\u00e1t V\u1ec9a H\u00e8 <\/span><\/a><\/strong><\/em>trong n\u1ed9i th\u00e0nh \u0110\u00e0 N\u1eb5ng<\/span><\/p>\n<p><span style=\"font-family: 'times new roman', times, serif; font-size: 120%; color: #000000;\">K\u00edch th\u01b0\u1edbc: 30&#215;30<\/span><\/p>\n<p><span style=\"color: #000000; font-family: 'times new roman', times, serif; font-size: 14pt;\"><strong>Gi\u00e1:<span style=\"color: #ff0000;\"> 94.000\/M2<\/span><\/strong><\/span><\/p>\n<p><span style=\"color: #000000; font-family: 'times new roman', times, serif; font-size: 14pt;\">\ud83d\ude1b Mi\u1ec5n ph\u00ed giao h\u00e0ng tr\u00ean 50m<\/span><\/p>\n<p><span style=\"color: #000000; font-family: 'times new roman', times, serif; font-size: 14pt;\">\ud83d\ude1b D\u01b0\u1edbi 50m t\u00ednh ph\u00ed v\u1eadn chuy\u1ec3n tu\u1ef3 v\u00e0o v\u1ecb tr\u00ed<\/span><\/p>\n<p><span style=\"color: #000000; font-family: 'times new roman', times, serif; font-size: 14pt;\">\ud83d\ude1b Giao h\u00e0ng trong \u0111\u1ecba b\u00e0n\u00a0<span style=\"color: #008000;\"><em><a style=\"color: #008000;\" href=\"https:\/\/fr.wikipedia.org\/wiki\/Da_Nang\"><strong>\u0110\u00e0 N\u1eb5ng<\/strong><\/a><\/em><\/span><\/span><\/p>\n<p><em><span style=\"color: #0000ff;\">(Ph\u00ed giao h\u00e0ng ph\u1ee5 thu\u1ed9c v\u00e0o v\u1ecb tr\u00ed giao)<\/span><\/em><\/p>\n","protected":false},"featured_media":951,"comment_status":"open","ping_status":"closed","template":"","meta":[],"product_cat":[95,96],"product_tag":[],"class_list":{"0":"post-952","1":"product","2":"type-product","3":"status-publish","4":"has-post-thumbnail","6":"product_cat-gach-lat-via-he","7":"product_cat-gach-men","9":"first","10":"instock","11":"sale","12":"shipping-taxable","13":"purchasable","14":"product-type-simple"},"yoast_head":"<!-- This site is optimized with the Yoast SEO Premium plugin v22.3 (Yoast SEO v22.8) - https:\/\/yoast.com\/wordpress\/plugins\/seo\/ -->\n<title>G\u1ea1ch R\u1ebd Qu\u1ea1t M\u00e0u Ghi \u0110\u1eadm: 30x30 - V\u1eadt Li\u1ec7u X\u00e2y D\u1ef1ng Tr\u1ea7n Th\u1ecb Chi Nh\u00e1nh H\u00e0 T\u0129nh<\/title>\n<meta name=\"robots\" content=\"index, follow, max-snippet:-1, max-image-preview:large, max-video-preview:-1\" \/>\n<link rel=\"canonical\" href=\"https:\/\/tranthi.vn\/hatinh\/gach-lat-via-he-re-quat-mau-den-gia-90-000-m\/\" \/>\n<meta property=\"og:locale\" content=\"vi_VN\" \/>\n<meta property=\"og:type\" content=\"article\" \/>\n<meta property=\"og:title\" content=\"G\u1ea1ch R\u1ebd Qu\u1ea1t M\u00e0u Ghi \u0110\u1eadm: 30x30\" \/>\n<meta property=\"og:description\" content=\"1m2= 11 Vi\u00ean  \ud83d\ude1b \u0110\u01a1n v\u1ecb t\u00ednh: M\u00e9t  \ud83d\ude1b \u0110\u01a1n gi\u00e1: G\u1ea1ch L\u00e1t V\u1ec9a H\u00e8 trong n\u1ed9i th\u00e0nh \u0110\u00e0 N\u1eb5ng  K\u00edch th\u01b0\u1edbc: 30x30  Gi\u00e1: 94.000\/M2  \ud83d\ude1b Mi\u1ec5n ph\u00ed giao h\u00e0ng tr\u00ean 50m  \ud83d\ude1b D\u01b0\u1edbi 50m t\u00ednh ph\u00ed v\u1eadn chuy\u1ec3n tu\u1ef3 v\u00e0o v\u1ecb tr\u00ed  \ud83d\ude1b Giao h\u00e0ng trong \u0111\u1ecba b\u00e0n\u00a0\u0110\u00e0 N\u1eb5ng  (Ph\u00ed giao h\u00e0ng ph\u1ee5 thu\u1ed9c v\u00e0o v\u1ecb tr\u00ed giao)\" \/>\n<meta property=\"og:url\" content=\"https:\/\/tranthi.vn\/hatinh\/gach-lat-via-he-re-quat-mau-den-gia-90-000-m\/\" \/>\n<meta property=\"og:site_name\" content=\"V\u1eadt Li\u1ec7u X\u00e2y D\u1ef1ng Tr\u1ea7n Th\u1ecb Chi Nh\u00e1nh H\u00e0 T\u0129nh\" \/>\n<meta property=\"article:modified_time\" content=\"2023-12-04T07:58:24+00:00\" \/>\n<meta property=\"og:image\" content=\"https:\/\/tranthi.vn\/hatinh\/wp-content\/uploads\/2021\/02\/gach-lat-via-he-mau-den.jpg\" \/>\n\t<meta property=\"og:image:width\" content=\"480\" \/>\n\t<meta property=\"og:image:height\" content=\"480\" \/>\n\t<meta property=\"og:image:type\" content=\"image\/jpeg\" \/>\n<meta name=\"twitter:card\" content=\"summary_large_image\" \/>\n<meta name=\"twitter:label1\" content=\"Gi\u00e1\" \/>\n\t<meta name=\"twitter:data1\" content=\"94,000&nbsp;&#8363;\" \/>\n\t<meta name=\"twitter:label2\" content=\"Kh\u1ea3 d\u1ee5ng\" \/>\n\t<meta name=\"twitter:data2\" content=\"Trong kho\" \/>\n<script type=\"application\/ld+json\" class=\"yoast-schema-graph\">{\"@context\":\"https:\/\/schema.org\",\"@graph\":[{\"@type\":[\"WebPage\",\"ItemPage\"],\"@id\":\"https:\/\/tranthi.vn\/hatinh\/gach-lat-via-he-re-quat-mau-den-gia-90-000-m\/\",\"url\":\"https:\/\/tranthi.vn\/hatinh\/gach-lat-via-he-re-quat-mau-den-gia-90-000-m\/\",\"name\":\"G\u1ea1ch R\u1ebd Qu\u1ea1t M\u00e0u Ghi \u0110\u1eadm: 30x30 - V\u1eadt Li\u1ec7u X\u00e2y D\u1ef1ng Tr\u1ea7n Th\u1ecb Chi Nh\u00e1nh H\u00e0 T\u0129nh\",\"isPartOf\":{\"@id\":\"https:\/\/tranthi.vn\/hatinh\/#website\"},\"primaryImageOfPage\":{\"@id\":\"https:\/\/tranthi.vn\/hatinh\/gach-lat-via-he-re-quat-mau-den-gia-90-000-m\/#primaryimage\"},\"image\":{\"@id\":\"https:\/\/tranthi.vn\/hatinh\/gach-lat-via-he-re-quat-mau-den-gia-90-000-m\/#primaryimage\"},\"thumbnailUrl\":\"https:\/\/tranthi.vn\/hatinh\/wp-content\/uploads\/2021\/02\/gach-lat-via-he-mau-den.jpg\",\"datePublished\":\"2021-02-16T11:09:11+00:00\",\"dateModified\":\"2023-12-04T07:58:24+00:00\",\"breadcrumb\":{\"@id\":\"https:\/\/tranthi.vn\/hatinh\/gach-lat-via-he-re-quat-mau-den-gia-90-000-m\/#breadcrumb\"},\"inLanguage\":\"vi\",\"potentialAction\":[{\"@type\":\"ReadAction\",\"target\":[\"https:\/\/tranthi.vn\/hatinh\/gach-lat-via-he-re-quat-mau-den-gia-90-000-m\/\"]}]},{\"@type\":\"ImageObject\",\"inLanguage\":\"vi\",\"@id\":\"https:\/\/tranthi.vn\/hatinh\/gach-lat-via-he-re-quat-mau-den-gia-90-000-m\/#primaryimage\",\"url\":\"https:\/\/tranthi.vn\/hatinh\/wp-content\/uploads\/2021\/02\/gach-lat-via-he-mau-den.jpg\",\"contentUrl\":\"https:\/\/tranthi.vn\/hatinh\/wp-content\/uploads\/2021\/02\/gach-lat-via-he-mau-den.jpg\",\"width\":480,\"height\":480},{\"@type\":\"BreadcrumbList\",\"@id\":\"https:\/\/tranthi.vn\/hatinh\/gach-lat-via-he-re-quat-mau-den-gia-90-000-m\/#breadcrumb\",\"itemListElement\":[{\"@type\":\"ListItem\",\"position\":1,\"name\":\"Trang ch\u1ee7\",\"item\":\"https:\/\/tranthi.vn\/hatinh\/\"},{\"@type\":\"ListItem\",\"position\":2,\"name\":\"Shop\",\"item\":\"https:\/\/tranthi.vn\/hatinh\/shop\/\"},{\"@type\":\"ListItem\",\"position\":3,\"name\":\"G\u1ea1ch R\u1ebd Qu\u1ea1t M\u00e0u Ghi \u0110\u1eadm: 30&#215;30\"}]},{\"@type\":\"WebSite\",\"@id\":\"https:\/\/tranthi.vn\/hatinh\/#website\",\"url\":\"https:\/\/tranthi.vn\/hatinh\/\",\"name\":\"V\u1eadt Li\u1ec7u X\u00e2y D\u1ef1ng Tr\u1ea7n Th\u1ecb Chi Nh\u00e1nh H\u00e0 T\u0129nh\",\"description\":\"V\u1eadt Li\u1ec7u X\u00e2y D\u1ef1ng - H\u00e0 T\u0129nh\",\"potentialAction\":[{\"@type\":\"SearchAction\",\"target\":{\"@type\":\"EntryPoint\",\"urlTemplate\":\"https:\/\/tranthi.vn\/hatinh\/?s={search_term_string}\"},\"query-input\":\"required name=search_term_string\"}],\"inLanguage\":\"vi\"},{\"@type\":\"ImageObject\",\"inLanguage\":\"vi\",\"@id\":\"https:\/\/tranthi.vn\/hatinh\/gach-lat-via-he-re-quat-mau-den-gia-90-000-m\/#local-main-organization-logo\",\"url\":\"\",\"contentUrl\":\"\",\"caption\":\"V\u1eadt Li\u1ec7u X\u00e2y D\u1ef1ng Tr\u1ea7n Th\u1ecb Chi Nh\u00e1nh H\u00e0 T\u0129nh\"}]}<\/script>\n<meta property=\"product:price:amount\" content=\"94000\" \/>\n<meta property=\"product:price:currency\" content=\"VND\" \/>\n<meta property=\"og:availability\" content=\"instock\" \/>\n<meta property=\"product:availability\" content=\"instock\" \/>\n<meta property=\"product:condition\" content=\"new\" \/>\n<!-- \/ Yoast SEO Premium plugin. -->","yoast_head_json":{"title":"G\u1ea1ch R\u1ebd Qu\u1ea1t M\u00e0u Ghi \u0110\u1eadm: 30x30 - V\u1eadt Li\u1ec7u X\u00e2y D\u1ef1ng Tr\u1ea7n Th\u1ecb Chi Nh\u00e1nh H\u00e0 T\u0129nh","robots":{"index":"index","follow":"follow","max-snippet":"max-snippet:-1","max-image-preview":"max-image-preview:large","max-video-preview":"max-video-preview:-1"},"canonical":"https:\/\/tranthi.vn\/hatinh\/gach-lat-via-he-re-quat-mau-den-gia-90-000-m\/","og_locale":"vi_VN","og_type":"article","og_title":"G\u1ea1ch R\u1ebd Qu\u1ea1t M\u00e0u Ghi \u0110\u1eadm: 30x30","og_description":"1m2= 11 Vi\u00ean  \ud83d\ude1b \u0110\u01a1n v\u1ecb t\u00ednh: M\u00e9t  \ud83d\ude1b \u0110\u01a1n gi\u00e1: G\u1ea1ch L\u00e1t V\u1ec9a H\u00e8 trong n\u1ed9i th\u00e0nh \u0110\u00e0 N\u1eb5ng  K\u00edch th\u01b0\u1edbc: 30x30  Gi\u00e1: 94.000\/M2  \ud83d\ude1b Mi\u1ec5n ph\u00ed giao h\u00e0ng tr\u00ean 50m  \ud83d\ude1b D\u01b0\u1edbi 50m t\u00ednh ph\u00ed v\u1eadn chuy\u1ec3n tu\u1ef3 v\u00e0o v\u1ecb tr\u00ed  \ud83d\ude1b Giao h\u00e0ng trong \u0111\u1ecba b\u00e0n\u00a0\u0110\u00e0 N\u1eb5ng  (Ph\u00ed giao h\u00e0ng ph\u1ee5 thu\u1ed9c v\u00e0o v\u1ecb tr\u00ed giao)","og_url":"https:\/\/tranthi.vn\/hatinh\/gach-lat-via-he-re-quat-mau-den-gia-90-000-m\/","og_site_name":"V\u1eadt Li\u1ec7u X\u00e2y D\u1ef1ng Tr\u1ea7n Th\u1ecb Chi Nh\u00e1nh H\u00e0 T\u0129nh","article_modified_time":"2023-12-04T07:58:24+00:00","og_image":[{"width":480,"height":480,"url":"https:\/\/tranthi.vn\/hatinh\/wp-content\/uploads\/2021\/02\/gach-lat-via-he-mau-den.jpg","type":"image\/jpeg"}],"twitter_card":"summary_large_image","twitter_misc":{"Gi\u00e1":"94,000&nbsp;&#8363;","Kh\u1ea3 d\u1ee5ng":"Trong kho"},"schema":{"@context":"https:\/\/schema.org","@graph":[{"@type":["WebPage","ItemPage"],"@id":"https:\/\/tranthi.vn\/hatinh\/gach-lat-via-he-re-quat-mau-den-gia-90-000-m\/","url":"https:\/\/tranthi.vn\/hatinh\/gach-lat-via-he-re-quat-mau-den-gia-90-000-m\/","name":"G\u1ea1ch R\u1ebd Qu\u1ea1t M\u00e0u Ghi \u0110\u1eadm: 30x30 - V\u1eadt Li\u1ec7u X\u00e2y D\u1ef1ng Tr\u1ea7n Th\u1ecb Chi Nh\u00e1nh H\u00e0 T\u0129nh","isPartOf":{"@id":"https:\/\/tranthi.vn\/hatinh\/#website"},"primaryImageOfPage":{"@id":"https:\/\/tranthi.vn\/hatinh\/gach-lat-via-he-re-quat-mau-den-gia-90-000-m\/#primaryimage"},"image":{"@id":"https:\/\/tranthi.vn\/hatinh\/gach-lat-via-he-re-quat-mau-den-gia-90-000-m\/#primaryimage"},"thumbnailUrl":"https:\/\/tranthi.vn\/hatinh\/wp-content\/uploads\/2021\/02\/gach-lat-via-he-mau-den.jpg","datePublished":"2021-02-16T11:09:11+00:00","dateModified":"2023-12-04T07:58:24+00:00","breadcrumb":{"@id":"https:\/\/tranthi.vn\/hatinh\/gach-lat-via-he-re-quat-mau-den-gia-90-000-m\/#breadcrumb"},"inLanguage":"vi","potentialAction":[{"@type":"ReadAction","target":["https:\/\/tranthi.vn\/hatinh\/gach-lat-via-he-re-quat-mau-den-gia-90-000-m\/"]}]},{"@type":"ImageObject","inLanguage":"vi","@id":"https:\/\/tranthi.vn\/hatinh\/gach-lat-via-he-re-quat-mau-den-gia-90-000-m\/#primaryimage","url":"https:\/\/tranthi.vn\/hatinh\/wp-content\/uploads\/2021\/02\/gach-lat-via-he-mau-den.jpg","contentUrl":"https:\/\/tranthi.vn\/hatinh\/wp-content\/uploads\/2021\/02\/gach-lat-via-he-mau-den.jpg","width":480,"height":480},{"@type":"BreadcrumbList","@id":"https:\/\/tranthi.vn\/hatinh\/gach-lat-via-he-re-quat-mau-den-gia-90-000-m\/#breadcrumb","itemListElement":[{"@type":"ListItem","position":1,"name":"Trang ch\u1ee7","item":"https:\/\/tranthi.vn\/hatinh\/"},{"@type":"ListItem","position":2,"name":"Shop","item":"https:\/\/tranthi.vn\/hatinh\/shop\/"},{"@type":"ListItem","position":3,"name":"G\u1ea1ch R\u1ebd Qu\u1ea1t M\u00e0u Ghi \u0110\u1eadm: 30&#215;30"}]},{"@type":"WebSite","@id":"https:\/\/tranthi.vn\/hatinh\/#website","url":"https:\/\/tranthi.vn\/hatinh\/","name":"V\u1eadt Li\u1ec7u X\u00e2y D\u1ef1ng Tr\u1ea7n Th\u1ecb Chi Nh\u00e1nh H\u00e0 T\u0129nh","description":"V\u1eadt Li\u1ec7u X\u00e2y D\u1ef1ng - H\u00e0 T\u0129nh","potentialAction":[{"@type":"SearchAction","target":{"@type":"EntryPoint","urlTemplate":"https:\/\/tranthi.vn\/hatinh\/?s={search_term_string}"},"query-input":"required name=search_term_string"}],"inLanguage":"vi"},{"@type":"ImageObject","inLanguage":"vi","@id":"https:\/\/tranthi.vn\/hatinh\/gach-lat-via-he-re-quat-mau-den-gia-90-000-m\/#local-main-organization-logo","url":"","contentUrl":"","caption":"V\u1eadt Li\u1ec7u X\u00e2y D\u1ef1ng Tr\u1ea7n Th\u1ecb Chi Nh\u00e1nh H\u00e0 T\u0129nh"}]},"product_price_amount":"94000","product_price_currency":"VND","og_availability":"instock","product_availability":"instock","product_condition":"new"},"_links":{"self":[{"href":"https:\/\/tranthi.vn\/hatinh\/wp-json\/wp\/v2\/product\/952","targetHints":{"allow":["GET"]}}],"collection":[{"href":"https:\/\/tranthi.vn\/hatinh\/wp-json\/wp\/v2\/product"}],"about":[{"href":"https:\/\/tranthi.vn\/hatinh\/wp-json\/wp\/v2\/types\/product"}],"replies":[{"embeddable":true,"href":"https:\/\/tranthi.vn\/hatinh\/wp-json\/wp\/v2\/comments?post=952"}],"wp:featuredmedia":[{"embeddable":true,"href":"https:\/\/tranthi.vn\/hatinh\/wp-json\/wp\/v2\/media\/951"}],"wp:attachment":[{"href":"https:\/\/tranthi.vn\/hatinh\/wp-json\/wp\/v2\/media?parent=952"}],"wp:term":[{"taxonomy":"product_cat","embeddable":true,"href":"https:\/\/tranthi.vn\/hatinh\/wp-json\/wp\/v2\/product_cat?post=952"},{"taxonomy":"product_tag","embeddable":true,"href":"https:\/\/tranthi.vn\/hatinh\/wp-json\/wp\/v2\/product_tag?post=952"}],"curies":[{"name":"wp","href":"https:\/\/api.w.org\/{rel}","templated":true}]}}