{"id":849,"date":"2021-02-16T16:32:50","date_gmt":"2021-02-16T09:32:50","guid":{"rendered":"http:\/\/new-tranthi.test\/san-pham\/son-chong-tham-sikaproof-membrane-5kg\/"},"modified":"2024-03-14T08:14:12","modified_gmt":"2024-03-14T01:14:12","slug":"son-chong-tham-sikaproof-membrane-5kg","status":"publish","type":"product","link":"https:\/\/tranthi.vn\/hatinh\/son-chong-tham-sikaproof-membrane-5kg\/","title":{"rendered":"Ch\u1ed1ng Th\u1ea5m Sikaproof Membrane-6kg"},"content":{"rendered":"<h1 style=\"text-align: center;\"><a href=\"http:\/\/tranthi.vn\/quangnam\/son-chong-tham-sikaproof-membrane\/\"><span style=\"color: #008000;\"><strong><span style=\"font-family: 'times new roman', times, serif; font-size: 18pt;\">CH\u1ed0NG TH\u1ea4M SIKAPROOF MEMBRANE<\/span><\/strong><\/span><\/a><\/h1>\n<p><span style=\"font-family: 'times new roman', times, serif; font-size: 14pt;\"><span style=\"color: #33cccc;\"><em><strong><span style=\"color: #008000;\">Ch\u1ed1ng Th\u1ea5m Sikaproof Membrane<\/span> <\/strong><\/em><\/span>&#8211; D\u1ea1ng l\u1ecfng g\u1ed1c bitum polymer c\u1ea3i ti\u1ebfn pha n\u01b0\u1edbc ch\u1ed1ng th\u1ea5m b\u00ean ngo\u00e0i b\u1ec1 m\u1eb7t c\u00f4ng tr\u00ecnh. Thi c\u00f4ng d\u1ec5 d\u00e0ng, b\u00e1m d\u00ednh ch\u1eb7t, che k\u00edn v\u1ebft n\u1ee9t, \u0111\u00e0n h\u1ed3i d\u1ebbo dai, kh\u00f4 nhanh ph\u00f9 h\u1ee3p nhi\u1ec1u m\u1ee5c \u0111\u00edch ch\u1ed1ng th\u1ea5m v\u00e0 \u0111\u1eb7c bi\u1ec7t Sikaproof Membrane c\u00f3 gi\u00e1 th\u00e0nh r\u1ea5t h\u1ee3p l\u00fd.<\/span><\/p>\n<h2><span style=\"font-size: 14pt; color: #ff0000; font-family: 'times new roman', times, serif;\"><strong>1.H\u1ec6 TH\u1ed0NG S\u01a0N \u0110\u1ec0 NGH\u1eca\u00a0<\/strong><\/span><\/h2>\n<p><span style=\"font-family: 'times new roman', times, serif; font-size: 14pt;\">\u2013 V\u1eadt li\u1ec7u: Xi m\u0103ng : <a href=\"https:\/\/tranthi.vn\/quangnam\/xi-mang-trang-thai-lan-scg-mac-50\">scg<\/a>, <a href=\"https:\/\/tranthi.vn\/quangnam\/gia-xi-mang-song-gianh-pc-40-da-nang\">S\u00f4ng Gianh PC 40<\/a> ho\u1eb7c <a href=\"https:\/\/tranthi.vn\/quangnam\/xi-mang-kim-dinh-pc-30-da-nang\">Kim \u0110\u1ec9nh PCB 30<\/a><\/span><br \/>\n<span style=\"font-family: 'times new roman', times, serif; font-size: 14pt;\">\u2013 C\u00e1t: Ph\u1ea3i s\u00e0ng \u0111\u1ec3 lo\u1ea1i b\u1ecf c\u00e1c v\u1eadt li\u1ec7u l\u1edbn h\u01a1n 5mm v\u00e0 t\u1ea1p ch\u1ea5t.<\/span><br \/>\n<span style=\"font-family: 'times new roman', times, serif; font-size: 14pt;\">\u2013 S\u1ea3n ph\u1ea9m Sika:\u00a0<a href=\"https:\/\/tranthi.vn\/quangnam\/son-chong-tham-sikaproof-membrane-18kg\">Sika proof Membrane<\/a>,\u00a0Sika Latex\u00a0\/\u00a0<a href=\"https:\/\/tranthi.vn\/quangnam\/son-chong-tham-san-thuong-sikalatex-th\">Sika Latex TH\u00a0<\/a><\/span><\/p>\n<p style=\"text-align: center;\"><img loading=\"lazy\" decoding=\"async\" class=\"alignnone size-full wp-image-850\" src=\"http:\/\/tranthi.vn\/quangnam\/wp-content\/uploads\/2021\/02\/chong-tham-sika-membrane-tai-da-nang_optimized.jpg\" alt=\"\" width=\"300\" height=\"300\" srcset=\"https:\/\/tranthi.vn\/hatinh\/wp-content\/uploads\/2021\/02\/chong-tham-sika-membrane-tai-da-nang_optimized.jpg 300w, https:\/\/tranthi.vn\/hatinh\/wp-content\/uploads\/2021\/02\/chong-tham-sika-membrane-tai-da-nang_optimized-280x280.jpg 280w, https:\/\/tranthi.vn\/hatinh\/wp-content\/uploads\/2021\/02\/chong-tham-sika-membrane-tai-da-nang_optimized-100x100.jpg 100w\" sizes=\"auto, (max-width: 300px) 100vw, 300px\" \/><\/p>\n<h2><span style=\"font-size: 14pt; color: #ff0000; font-family: 'times new roman', times, serif;\"><strong>2. QUY TR\u00ccNH THI C\u00d4NG CH\u1ed0NG TH\u1ea4M\u00a0<\/strong><\/span><\/h2>\n<h3><span style=\"font-family: 'times new roman', times, serif; font-size: 14pt;\">a. D\u1ecdn d\u1eb9p v\u1ec7 sinh b\u1ec1 m\u1eb7t ch\u1ed1ng th\u1ea5m<\/span><\/h3>\n<p><span style=\"font-family: 'times new roman', times, serif; font-size: 14pt;\">\u2013 D\u1ecdn d\u1eb9p c\u00e1c ch\u01b0\u1edbng ng\u1ea1i v\u1eadt.<\/span><br \/>\n<span style=\"font-family: 'times new roman', times, serif; font-size: 14pt;\">\u2013 \u0110\u1ee5c b\u1ecf ph\u1ea7n b\u00ea t\u00f4ng kh\u00f4ng \u0111\u1eb7c ch\u1eafc<\/span><br \/>\n<span style=\"font-family: 'times new roman', times, serif; font-size: 14pt;\">\u2013 D\u00f9ng m\u00e1y m\u00e0i b\u1eb1ng ch\u1ed5i m\u00e0i s\u1ea1ch b\u1ec1 m\u1eb7t b\u00ea t\u00f4ng<\/span><br \/>\n<span style=\"font-family: 'times new roman', times, serif; font-size: 14pt;\">\u2013 D\u00f9ng c\u00e1c d\u1ee5ng c\u1ee5 l\u00e0m s\u1ea1ch c\u00e1c l\u1edbp v\u1eefa b\u00ea t\u00f4ng v\u1eeba \u0111\u1ee5c, t\u1ea9y, m\u00e0i<\/span><\/p>\n<h3><span style=\"font-family: 'times new roman', times, serif; font-size: 14pt;\">b: Th\u1ef1c hi\u1ec7n thi c\u00f4ng.<\/span><\/h3>\n<h4><span style=\"font-family: 'times new roman', times, serif; font-size: 14pt;\">B\u01b0\u1edbc 1:<\/span><\/h4>\n<p><span style=\"font-family: 'times new roman', times, serif; font-size: 14pt;\">\u2013 Thi c\u00f4ng l\u1edbp<span style=\"color: #008000;\"><em><strong> ch\u1ed1ng Th\u1ea5m Sikaproof Membrane<\/strong><\/em><\/span> (pha v\u1edbi 50% n\u01b0\u1edbc) l\u00ean b\u1ec1 m\u1eb7t b\u00ea t\u00f4ng kh\u00f4 b\u1eb1ng c\u1ecd ho\u1eb7c b\u1eb1ng c\u00e1ch phun.<\/span><br \/>\n<span style=\"font-family: 'times new roman', times, serif; font-size: 14pt;\">\u2013 M\u1eadt \u0111\u1ed9 thi c\u00f4ng kho\u1ea3ng 0.2 \u2013 0.3 kg\/m\u00b2 cho l\u1edbp l\u00f3t.<\/span><br \/>\n<span style=\"font-family: 'times new roman', times, serif; font-size: 14pt;\">-Trong tr\u01b0\u1eddng h\u1ee3p b\u1ec1 m\u1eb7t h\u00fat n\u01b0\u1edbc ph\u1ea3i l\u00e0m \u1ea9m b\u1ec1 m\u1eb7t tr\u01b0\u1edbc b\u1eb1ng n\u01b0\u1edbc s\u1ea1ch.<\/span><\/p>\n<h4><span style=\"font-family: 'times new roman', times, serif; font-size: 14pt;\">B\u01b0\u1edbc 2:<\/span><\/h4>\n<p><span style=\"font-family: 'times new roman', times, serif; font-size: 14pt;\">\u2013 \u0110\u1ec3 cho l\u1edbp l\u00f3t kh\u00f4 ho\u00e0n to\u00e0n (kho\u1ea3ng 2-3 gi\u1edd \u1edf 30\u00baC) sau \u0111\u00f3 thi c\u00f4ng l\u1edbp th\u1ee9 nh\u1ea5t Sikaproof Membrane d\u00e0y nguy\u00ean ch\u1ea5t v\u1edbi m\u1eadt \u0111\u1ed9 ti\u00eau th\u1ee5 kho\u1ea3ng 0.85 kg\/m\u00b2.<\/span><\/p>\n<p><span style=\"font-family: 'times new roman', times, serif; font-size: 14pt;\"><strong>L\u01b0u \u00fd:<\/strong><\/span><\/p>\n<p><span style=\"font-family: 'times new roman', times, serif; font-size: 14pt;\">\u2013 T\u1ea1i c\u00e1c g\u00f3c, c\u1ea1nh v\u00e0 nh\u1eefng n\u01a1i n\u1ec1n b\u00ea t\u00f4ng xu\u1ea5t hi\u1ec7n c\u00e1c v\u1ebft n\u1ee9t \u0111\u00e3 c\u1ed1 \u0111\u1ecbnh, n\u00ean \u0111\u1eb7t th\u00eam m\u1ed9t l\u1edbp l\u01b0\u1edbi th\u1ee7y tinh c\u00f3 m\u1eaft l\u01b0\u1edbi r\u1ed7ng v\u00e0 khi r\u00e1p n\u1ed1i c\u1ea7n n\u1ed1i ch\u1ed3ng \u00edt nh\u1ea5t 50mm. L\u1edbp l\u01b0\u1edbi n\u00e0y ph\u1ea3i \u0111\u01b0\u1ee3c thi c\u00f4ng l\u00ean l\u1edbp Sikaproof Membrane th\u1ee9 nh\u1ea5t \u0111\u00e3 kh\u00f4 nh\u01b0ng v\u1eabn c\u00f2n d\u00ednh.<\/span><\/p>\n<p><span style=\"font-family: 'times new roman', times, serif; font-size: 14pt;\">\u2013 Thi c\u00f4ng l\u1edbp Sikaproof Membrane th\u1ee9 hai v\u00e0 ba (kh\u00f4ng pha lo\u00e3ng) v\u1edbi m\u1eadt \u0111\u1ed9 ti\u00eau th\u1ee5 kho\u1ea3ng 0.85 kg\/m\u00b2. Th\u1eddi gian cho gi\u1eefa c\u00e1c l\u1edbp l\u00e0 2 gi\u1edd.<\/span><\/p>\n<h4><span style=\"font-family: 'times new roman', times, serif; font-size: 14pt;\">B\u01b0\u1edbc 3:<\/span><\/h4>\n<p><span style=\"font-family: 'times new roman', times, serif; font-size: 14pt;\">\u2013 Thi c\u00f4ng k\u1ebft n\u1ed1i b\u1eb1ng Sika Latex\/ Sika Latex TH<\/span><\/p>\n<h4><span style=\"color: #33cccc; font-family: 'times new roman', times, serif; font-size: 14pt;\"><strong>L\u1edbp k\u1ebft n\u1ed1i th\u1ee9 nh\u1ea5t:<\/strong><\/span><\/h4>\n<p><span style=\"font-family: 'times new roman', times, serif; font-size: 14pt;\">+ Tr\u1ed9n Sika Latex\/ Sika Latex TH v\u1edbi n\u01b0\u1edbc theo t\u1ec9 l\u1ec7 1:1 v\u00e0 h\u00f2a \u0111\u1ec1u. Sau \u0111\u00f3 ti\u1ebfp t\u1ee5c cho xi m\u0103ng v\u00e0o h\u1ed7n h\u1ee3p Sika Latex\/ Sika Latex TH v\u00e0 n\u01b0\u1edbc theo t\u1ec9 l\u1ec7 4:1:1 \u0111\u01b0\u1ee3c h\u1ed7n h\u1ee3p h\u1ed3 d\u1ea7u.<\/span><\/p>\n<p><span style=\"font-family: 'times new roman', times, serif; font-size: 14pt;\">+ Qu\u00e9t h\u1ed7n h\u1ee3p k\u1ebft n\u1ed1i h\u1ed3 d\u1ea7u l\u00ean l\u1edbp Sikaproof Membrane tr\u00ean c\u00f9ng sau khi ch\u1edd \u0111\u1ee7 th\u1eddi gian ho\u1eb7c cho \u0111\u1ebfn khi Sikaprof Membrane kh\u00f4 ho\u00e0n to\u00e0n (4-5 gi\u1edd) v\u1edbi m\u1eadt \u0111\u1ed9 ti\u00eau th\u1ee5 0.25 l\u00edt\/m\u00b2.<\/span><\/p>\n<p><span style=\"font-family: 'times new roman', times, serif; font-size: 14pt;\">+ Ho\u00e0n thi\u1ec7n v\u1eefa ch\u1ed1ng th\u1ea5m Sika Latex\/ Sika Latex TH b\u1eb1ng ph\u01b0\u01a1ng ph\u00e1p xoa n\u1ec1n. N\u1ebfu kh\u00f4ng th\u1ec3 xoa ph\u1eb3ng b\u1ec1 m\u1eb7t th\u00ec xoa \u0111\u1ec1u b\u1eb1ng bay th\u00e9p.<\/span><\/p>\n<h4><span style=\"color: #33cccc; font-family: 'times new roman', times, serif; font-size: 14pt;\"><strong>L\u1edbp k\u1ebft n\u1ed1i th\u1ee9 hai:<\/strong><\/span><\/h4>\n<p><span style=\"font-family: 'times new roman', times, serif; font-size: 14pt;\">+ Ph\u1ee7 l\u1edbp v\u1eefa b\u1ea3o v\u1ec7 b\u1eb1ng h\u1ed7n h\u1ee3p xi m\u0103ng \u2013 c\u00e1t v\u00e0 h\u1ed7n h\u1ee3p Sika Latex\/ Sika Latex TH \u2013 n\u01b0\u1edbc.<\/span><\/p>\n<p><span style=\"font-family: 'times new roman', times, serif; font-size: 14pt;\">+ Tr\u1ed9n xi m\u0103ng \u2013 c\u00e1t theo t\u1ec9 l\u1ec7 1:3, sau \u0111\u00f3 tr\u1ed9n ti\u1ebfp Sika Latex\/ Sika Latex TH v\u1edbi n\u01b0\u1edbc theo t\u1ec9 l\u1ec7 1:3 r\u1ed3i tr\u1ed9n 2 h\u1ed7n h\u1ee3p \u0111\u1ec1u v\u1edbi nhau cho \u0111\u1ebfn khi \u0111\u1ea1t \u0111\u1ed9 d\u1ebbo theo y\u00eau c\u1ea7u \u0111\u1ed1i v\u1edbi thi c\u00f4ng ch\u1ed1ng th\u1ea5m.<\/span><\/p>\n<p><span style=\"font-family: 'times new roman', times, serif; font-size: 14pt;\">+ Thi c\u00f4ng b\u1eb1ng tay khi l\u1edbp h\u1ed3 d\u1ea7u Sika Latex\/ Sika Latex TH c\u00f2n \u01b0\u1edbt, l\u00e0m ph\u1eb3ng b\u1ec1 m\u1eb7t b\u1eb1ng bay.<\/span><\/p>\n<h2><span style=\"font-family: 'times new roman', times, serif; font-size: 14pt;\"><strong><span style=\"color: #ff0000;\">3. H\u01af\u1edaNG D\u1eaaN THI C\u00d4NG CH\u1ed0NG TH\u1ea4M S\u00c0N\u00a0<\/span><\/strong><\/span><\/h2>\n<p style=\"text-align: center;\"><iframe loading=\"lazy\" src=\"\/\/www.youtube.com\/embed\/9b6AN-_jgW4\" width=\"560\" height=\"314\" allowfullscreen=\"allowfullscreen\" data-mce-fragment=\"1\"><\/iframe><\/p>\n<p style=\"text-align: center;\"><span style=\"font-family: 'times new roman', times, serif; font-size: 14pt;\"><strong><span style=\"color: #33cccc;\"><em>Video h\u01b0\u1edbng d\u1eabn thi c\u00f4ng ch\u1ed1ng th\u1ea5m s\u00e0n<\/em><\/span><\/strong><\/span><\/p>\n<div class=\"woocommerce-tabs wc-tabs-wrapper\">\n<div id=\"tab-description\" class=\"woocommerce-Tabs-panel woocommerce-Tabs-panel--description panel entry-content wc-tab\" role=\"tabpanel\" aria-labelledby=\"tab-title-description\">\n<p><span style=\"font-family: 'times new roman', times, serif; font-size: 14pt;\"><strong><a href=\"https:\/\/tranthi.vn\/quangnam\/\">C\u00f4ng ty v\u1eadt li\u1ec7u x\u00e2y d\u1ef1ng Tr\u1ea7n Th\u1ecb<\/a><\/strong> l\u00e0 \u0111\u1ea1i l\u00fd S\u01a1n viglacera t\u1ea1i <em><strong><a href=\"https:\/\/fr.wikipedia.org\/wiki\/Da_Nang\">\u0110\u00e0 N\u1eb5ng<\/a>,\u00a0<\/strong><\/em> <strong>\u0110\u00f4ng H\u00e0 Qu\u1ea3ng tr\u1ecb<\/strong>, <strong>H\u1ed9i An<\/strong>, <strong>Tam k\u1ef3 Qu\u1ea3ng Nam<\/strong>,<strong> Hu\u1ebf<\/strong> , <strong>Qu\u1ea3ng Ng\u00e3i<\/strong> \u00a0Ph\u1ee5c v\u1ee5 t\u1eadn ch\u00e2n c\u00f4ng tr\u00ecnh v\u1edbi gi\u00e1 r\u1ebb nh\u1ea5t th\u1ecb tr\u01b0\u1eddng \u0110\u00e0 N\u1eb5ng.<\/span><\/p>\n<\/div>\n<\/div>\n","protected":false},"excerpt":{"rendered":"<p><span style=\"font-family: 'times new roman', times, serif; font-size: 130%;\">\ud83d\ude1b M\u1ea3ng l\u1ecfng ch\u1ed1ng th\u1ea5m bitum polymer c\u1ea3i ti\u1ebfn g\u1ed1c n\u01b0\u1edbc<\/span><\/p>\n<p><span style=\"font-family: 'times new roman', times, serif; font-size: 130%;\">\ud83d\ude1b \u1ee8ng d\u1ee5ng: L\u1edbp ph\u1ee7 ch\u1ed1ng th\u1ea5m m\u1eb7t ngo\u00e0i c\u1ee7a t\u01b0\u1eddng, ban c\u00f4ng, s\u00e0n m\u00e1i b\u1eb1ng, c\u00e1c k\u1ebft c\u1ea5u b\u00ean trong l\u00f2ng \u0111\u1ea5t.<\/span><\/p>\n<p><span style=\"font-family: 'times new roman', times, serif; font-size: 130%;\">\ud83d\ude1b \u0110\u01a1n v\u1ecb t\u00ednh: Can- 6kg <strong>s\u1eed d\u1ee5ng \u0111\u01b0\u1ee3c kho\u1ea3ng 3m2<\/strong>\u00a0( 1 l\u1edbp l\u00f3t, 2 l\u1edbp ph\u1ee7)<\/span><\/p>\n<p><span style=\"font-family: 'times new roman', times, serif; font-size: 130%;\">\ud83d\ude1b \u0110\u01a1n gi\u00e1 <a href=\"https:\/\/tranthi.vn\/quangnam\/son-chong-tham-sikaproof-membrane\"><b><i>s\u01a1n ch\u1ed1ng th\u1ea5m sikaproof membrane<\/i><\/b><\/a> trong n\u1ed9i th\u00e0nh can 6kg: <span style=\"color: #ff0000;\"><strong>440.000\u0111<\/strong><\/span><\/span><\/p>\n<p><strong><em><span style=\"font-family: 'times new roman', times, serif; font-size: 140%;\">( \u0110\u01a1n gi\u00e1 \u00e1p d\u1ee5ng khi mua tr\u00ean 5 s\u1ea3n ph\u1ea9m )<\/span><\/em><\/strong><\/p>\n<p><span style=\"font-family: 'times new roman', times, serif; font-size: 130%;\">\ud83d\ude1b Giao h\u00e0ng trong \u0111\u1ecba b\u00e0n\u00a0<em><a href=\"https:\/\/fr.wikipedia.org\/wiki\/Da_Nang\"><strong>\u0110\u00e0 N\u1eb5ng<\/strong><\/a><\/em><\/span><\/p>\n<p><span style=\"font-family: 'times new roman', times, serif; font-size: 130%;\">\ud83d\ude1b S\u1eed d\u1ee5ng k\u1ebft h\u1ee3p v\u1edbi : Xi m\u0103ng : <a href=\"https:\/\/tranthi.vn\/quangnam\/xi-mang-trang-thai-lan-scg-mac-50\">scg<\/a>, <a href=\"https:\/\/tranthi.vn\/quangnam\/gia-xi-mang-song-gianh-pc-40-da-nang\">S\u00f4ng Gianh PC 40<\/a> ho\u1eb7c <a href=\"https:\/\/tranthi.vn\/quangnam\/xi-mang-kim-dinh-pc-30-da-nang\">Kim \u0110\u1ec9nh PCB 30<\/a>, c\u00e1t, <a href=\"https:\/\/tranthi.vn\/quangnam\/son-chong-tham-sikaproof-membrane-18kg\">Sika proof Membrane<\/a>,\u00a0Sika Latex\u00a0\/\u00a0<a href=\"https:\/\/tranthi.vn\/quangnam\/son-chong-tham-san-thuong-sikalatex-th\">Sika Latex TH\u00a0<\/a><\/span><\/p>\n<p><span style=\"font-family: 'times new roman', times, serif; font-size: 130%;\">\ud83d\ude1b Ngo\u00e0i ra Tr\u1ea7n Th\u1ecb c\u00f2n nh\u1eadn giao h\u00e0ng \u0111\u1ebfn c\u00e1c \u0111i\u1ec3m <strong><a href=\"https:\/\/vi.wikipedia.org\/wiki\/%C4%90%C3%B4ng_H%C3%A0\">\u0110\u00f4ng H\u00e0 Qu\u1ea3ng tr\u1ecb<\/a><\/strong>, <strong><a href=\"https:\/\/vi.wikipedia.org\/wiki\/H%E1%BB%99i_An\">H\u1ed9i An<\/a><\/strong>, <strong><a href=\"https:\/\/vi.wikipedia.org\/wiki\/Tam_K%E1%BB%B3\">Tam k\u1ef3 Qu\u1ea3ng Nam<\/a><\/strong>,<strong><a href=\"https:\/\/vi.wikipedia.org\/wiki\/Hu%E1%BA%BF\"> Hu\u1ebf<\/a><\/strong> , <strong><a href=\"https:\/\/vi.wikipedia.org\/wiki\/Qu%E1%BA%A3ng_Ng%C3%A3i\">Qu\u1ea3ng Ng\u00e3i<\/a><\/strong> -Chi ph\u00ed v\u1eadn chuy\u1ec3n s\u1ebd t\u00ednh theo kho\u1ea3ng c\u00e1ch v\u00e0 s\u1ed1 l\u01b0\u1ee3ng h\u00e0ng h\u00f3a nh\u1eadp<\/span><\/p>\n","protected":false},"featured_media":848,"comment_status":"open","ping_status":"closed","template":"","meta":[],"product_cat":[89,92],"product_tag":[],"class_list":{"0":"post-849","1":"product","2":"type-product","3":"status-publish","4":"has-post-thumbnail","6":"product_cat-chong-tham","7":"product_cat-chong-tham-sika","9":"first","10":"instock","11":"sale","12":"shipping-taxable","13":"purchasable","14":"product-type-simple"},"yoast_head":"<!-- This site is optimized with the Yoast SEO Premium plugin v22.3 (Yoast SEO v22.8) - https:\/\/yoast.com\/wordpress\/plugins\/seo\/ -->\n<title>Gi\u00e1 sika membrane ch\u1ed1ng th\u1ea5m s\u00e0n t\u1ea1i \u0110\u00e0 N\u1eb5ng - 0903.595.049<\/title>\n<meta name=\"description\" content=\"Tr\u1ea7n Th\u1ecb - chuy\u00ean cung c\u1ea5p ch\u1ed1ng th\u1ea5m s\u00e0n sikamembrane gi\u00e1 r\u1ebb t\u1ea1i \u0110\u00e0 N\u1eb5ng, d\u00f9ng \u0111\u1ec3 ch\u1ed1ng th\u1ea5m cho s\u00e0n m\u00e1i, s\u00e2n th\u01b0\u1ee3ng.....\" \/>\n<meta name=\"robots\" content=\"index, follow, max-snippet:-1, max-image-preview:large, max-video-preview:-1\" \/>\n<link rel=\"canonical\" href=\"https:\/\/tranthi.vn\/hatinh\/son-chong-tham-sikaproof-membrane-5kg\/\" \/>\n<meta property=\"og:locale\" content=\"vi_VN\" \/>\n<meta property=\"og:type\" content=\"article\" \/>\n<meta property=\"og:title\" content=\"Ch\u1ed1ng Th\u1ea5m Sikaproof Membrane-6kg\" \/>\n<meta property=\"og:description\" content=\"Tr\u1ea7n Th\u1ecb - chuy\u00ean cung c\u1ea5p ch\u1ed1ng th\u1ea5m s\u00e0n sikamembrane gi\u00e1 r\u1ebb t\u1ea1i \u0110\u00e0 N\u1eb5ng, d\u00f9ng \u0111\u1ec3 ch\u1ed1ng th\u1ea5m cho s\u00e0n m\u00e1i, s\u00e2n th\u01b0\u1ee3ng.....\" \/>\n<meta property=\"og:url\" content=\"https:\/\/tranthi.vn\/hatinh\/son-chong-tham-sikaproof-membrane-5kg\/\" \/>\n<meta property=\"og:site_name\" content=\"V\u1eadt Li\u1ec7u X\u00e2y D\u1ef1ng Tr\u1ea7n Th\u1ecb Chi Nh\u00e1nh H\u00e0 T\u0129nh\" \/>\n<meta property=\"article:modified_time\" content=\"2024-03-14T01:14:12+00:00\" \/>\n<meta property=\"og:image\" content=\"https:\/\/tranthi.vn\/hatinh\/wp-content\/uploads\/2021\/02\/sikaproof-membrane-18kg-1-300x300_optimized.jpg\" \/>\n\t<meta property=\"og:image:width\" content=\"300\" \/>\n\t<meta property=\"og:image:height\" content=\"300\" \/>\n\t<meta property=\"og:image:type\" content=\"image\/jpeg\" \/>\n<meta name=\"twitter:card\" content=\"summary_large_image\" \/>\n<meta name=\"twitter:label1\" content=\"Gi\u00e1\" \/>\n\t<meta name=\"twitter:data1\" content=\"440,000&nbsp;&#8363;\" \/>\n\t<meta name=\"twitter:label2\" content=\"Kh\u1ea3 d\u1ee5ng\" \/>\n\t<meta name=\"twitter:data2\" content=\"Trong kho\" \/>\n<script type=\"application\/ld+json\" class=\"yoast-schema-graph\">{\"@context\":\"https:\/\/schema.org\",\"@graph\":[{\"@type\":[\"WebPage\",\"ItemPage\"],\"@id\":\"https:\/\/tranthi.vn\/hatinh\/son-chong-tham-sikaproof-membrane-5kg\/\",\"url\":\"https:\/\/tranthi.vn\/hatinh\/son-chong-tham-sikaproof-membrane-5kg\/\",\"name\":\"Gi\u00e1 sika membrane ch\u1ed1ng th\u1ea5m s\u00e0n t\u1ea1i \u0110\u00e0 N\u1eb5ng - 0903.595.049\",\"isPartOf\":{\"@id\":\"https:\/\/tranthi.vn\/hatinh\/#website\"},\"primaryImageOfPage\":{\"@id\":\"https:\/\/tranthi.vn\/hatinh\/son-chong-tham-sikaproof-membrane-5kg\/#primaryimage\"},\"image\":{\"@id\":\"https:\/\/tranthi.vn\/hatinh\/son-chong-tham-sikaproof-membrane-5kg\/#primaryimage\"},\"thumbnailUrl\":\"https:\/\/tranthi.vn\/hatinh\/wp-content\/uploads\/2021\/02\/sikaproof-membrane-18kg-1-300x300_optimized.jpg\",\"datePublished\":\"2021-02-16T09:32:50+00:00\",\"dateModified\":\"2024-03-14T01:14:12+00:00\",\"description\":\"Tr\u1ea7n Th\u1ecb - chuy\u00ean cung c\u1ea5p ch\u1ed1ng th\u1ea5m s\u00e0n sikamembrane gi\u00e1 r\u1ebb t\u1ea1i \u0110\u00e0 N\u1eb5ng, d\u00f9ng \u0111\u1ec3 ch\u1ed1ng th\u1ea5m cho s\u00e0n m\u00e1i, s\u00e2n th\u01b0\u1ee3ng.....\",\"breadcrumb\":{\"@id\":\"https:\/\/tranthi.vn\/hatinh\/son-chong-tham-sikaproof-membrane-5kg\/#breadcrumb\"},\"inLanguage\":\"vi\",\"potentialAction\":[{\"@type\":\"ReadAction\",\"target\":[\"https:\/\/tranthi.vn\/hatinh\/son-chong-tham-sikaproof-membrane-5kg\/\"]}]},{\"@type\":\"ImageObject\",\"inLanguage\":\"vi\",\"@id\":\"https:\/\/tranthi.vn\/hatinh\/son-chong-tham-sikaproof-membrane-5kg\/#primaryimage\",\"url\":\"https:\/\/tranthi.vn\/hatinh\/wp-content\/uploads\/2021\/02\/sikaproof-membrane-18kg-1-300x300_optimized.jpg\",\"contentUrl\":\"https:\/\/tranthi.vn\/hatinh\/wp-content\/uploads\/2021\/02\/sikaproof-membrane-18kg-1-300x300_optimized.jpg\",\"width\":300,\"height\":300},{\"@type\":\"BreadcrumbList\",\"@id\":\"https:\/\/tranthi.vn\/hatinh\/son-chong-tham-sikaproof-membrane-5kg\/#breadcrumb\",\"itemListElement\":[{\"@type\":\"ListItem\",\"position\":1,\"name\":\"Trang ch\u1ee7\",\"item\":\"https:\/\/tranthi.vn\/hatinh\/\"},{\"@type\":\"ListItem\",\"position\":2,\"name\":\"Shop\",\"item\":\"https:\/\/tranthi.vn\/hatinh\/shop\/\"},{\"@type\":\"ListItem\",\"position\":3,\"name\":\"Ch\u1ed1ng Th\u1ea5m Sikaproof Membrane-6kg\"}]},{\"@type\":\"WebSite\",\"@id\":\"https:\/\/tranthi.vn\/hatinh\/#website\",\"url\":\"https:\/\/tranthi.vn\/hatinh\/\",\"name\":\"V\u1eadt Li\u1ec7u X\u00e2y D\u1ef1ng Tr\u1ea7n Th\u1ecb Chi Nh\u00e1nh H\u00e0 T\u0129nh\",\"description\":\"V\u1eadt Li\u1ec7u X\u00e2y D\u1ef1ng - H\u00e0 T\u0129nh\",\"potentialAction\":[{\"@type\":\"SearchAction\",\"target\":{\"@type\":\"EntryPoint\",\"urlTemplate\":\"https:\/\/tranthi.vn\/hatinh\/?s={search_term_string}\"},\"query-input\":\"required name=search_term_string\"}],\"inLanguage\":\"vi\"},{\"@type\":\"ImageObject\",\"inLanguage\":\"vi\",\"@id\":\"https:\/\/tranthi.vn\/hatinh\/son-chong-tham-sikaproof-membrane-5kg\/#local-main-organization-logo\",\"url\":\"\",\"contentUrl\":\"\",\"caption\":\"V\u1eadt Li\u1ec7u X\u00e2y D\u1ef1ng Tr\u1ea7n Th\u1ecb Chi Nh\u00e1nh H\u00e0 T\u0129nh\"}]}<\/script>\n<meta property=\"product:price:amount\" content=\"440000\" \/>\n<meta property=\"product:price:currency\" content=\"VND\" \/>\n<meta property=\"og:availability\" content=\"instock\" \/>\n<meta property=\"product:availability\" content=\"instock\" \/>\n<meta property=\"product:condition\" content=\"new\" \/>\n<!-- \/ Yoast SEO Premium plugin. -->","yoast_head_json":{"title":"Gi\u00e1 sika membrane ch\u1ed1ng th\u1ea5m s\u00e0n t\u1ea1i \u0110\u00e0 N\u1eb5ng - 0903.595.049","description":"Tr\u1ea7n Th\u1ecb - chuy\u00ean cung c\u1ea5p ch\u1ed1ng th\u1ea5m s\u00e0n sikamembrane gi\u00e1 r\u1ebb t\u1ea1i \u0110\u00e0 N\u1eb5ng, d\u00f9ng \u0111\u1ec3 ch\u1ed1ng th\u1ea5m cho s\u00e0n m\u00e1i, s\u00e2n th\u01b0\u1ee3ng.....","robots":{"index":"index","follow":"follow","max-snippet":"max-snippet:-1","max-image-preview":"max-image-preview:large","max-video-preview":"max-video-preview:-1"},"canonical":"https:\/\/tranthi.vn\/hatinh\/son-chong-tham-sikaproof-membrane-5kg\/","og_locale":"vi_VN","og_type":"article","og_title":"Ch\u1ed1ng Th\u1ea5m Sikaproof Membrane-6kg","og_description":"Tr\u1ea7n Th\u1ecb - chuy\u00ean cung c\u1ea5p ch\u1ed1ng th\u1ea5m s\u00e0n sikamembrane gi\u00e1 r\u1ebb t\u1ea1i \u0110\u00e0 N\u1eb5ng, d\u00f9ng \u0111\u1ec3 ch\u1ed1ng th\u1ea5m cho s\u00e0n m\u00e1i, s\u00e2n th\u01b0\u1ee3ng.....","og_url":"https:\/\/tranthi.vn\/hatinh\/son-chong-tham-sikaproof-membrane-5kg\/","og_site_name":"V\u1eadt Li\u1ec7u X\u00e2y D\u1ef1ng Tr\u1ea7n Th\u1ecb Chi Nh\u00e1nh H\u00e0 T\u0129nh","article_modified_time":"2024-03-14T01:14:12+00:00","og_image":[{"width":300,"height":300,"url":"https:\/\/tranthi.vn\/hatinh\/wp-content\/uploads\/2021\/02\/sikaproof-membrane-18kg-1-300x300_optimized.jpg","type":"image\/jpeg"}],"twitter_card":"summary_large_image","twitter_misc":{"Gi\u00e1":"440,000&nbsp;&#8363;","Kh\u1ea3 d\u1ee5ng":"Trong kho"},"schema":{"@context":"https:\/\/schema.org","@graph":[{"@type":["WebPage","ItemPage"],"@id":"https:\/\/tranthi.vn\/hatinh\/son-chong-tham-sikaproof-membrane-5kg\/","url":"https:\/\/tranthi.vn\/hatinh\/son-chong-tham-sikaproof-membrane-5kg\/","name":"Gi\u00e1 sika membrane ch\u1ed1ng th\u1ea5m s\u00e0n t\u1ea1i \u0110\u00e0 N\u1eb5ng - 0903.595.049","isPartOf":{"@id":"https:\/\/tranthi.vn\/hatinh\/#website"},"primaryImageOfPage":{"@id":"https:\/\/tranthi.vn\/hatinh\/son-chong-tham-sikaproof-membrane-5kg\/#primaryimage"},"image":{"@id":"https:\/\/tranthi.vn\/hatinh\/son-chong-tham-sikaproof-membrane-5kg\/#primaryimage"},"thumbnailUrl":"https:\/\/tranthi.vn\/hatinh\/wp-content\/uploads\/2021\/02\/sikaproof-membrane-18kg-1-300x300_optimized.jpg","datePublished":"2021-02-16T09:32:50+00:00","dateModified":"2024-03-14T01:14:12+00:00","description":"Tr\u1ea7n Th\u1ecb - chuy\u00ean cung c\u1ea5p ch\u1ed1ng th\u1ea5m s\u00e0n sikamembrane gi\u00e1 r\u1ebb t\u1ea1i \u0110\u00e0 N\u1eb5ng, d\u00f9ng \u0111\u1ec3 ch\u1ed1ng th\u1ea5m cho s\u00e0n m\u00e1i, s\u00e2n th\u01b0\u1ee3ng.....","breadcrumb":{"@id":"https:\/\/tranthi.vn\/hatinh\/son-chong-tham-sikaproof-membrane-5kg\/#breadcrumb"},"inLanguage":"vi","potentialAction":[{"@type":"ReadAction","target":["https:\/\/tranthi.vn\/hatinh\/son-chong-tham-sikaproof-membrane-5kg\/"]}]},{"@type":"ImageObject","inLanguage":"vi","@id":"https:\/\/tranthi.vn\/hatinh\/son-chong-tham-sikaproof-membrane-5kg\/#primaryimage","url":"https:\/\/tranthi.vn\/hatinh\/wp-content\/uploads\/2021\/02\/sikaproof-membrane-18kg-1-300x300_optimized.jpg","contentUrl":"https:\/\/tranthi.vn\/hatinh\/wp-content\/uploads\/2021\/02\/sikaproof-membrane-18kg-1-300x300_optimized.jpg","width":300,"height":300},{"@type":"BreadcrumbList","@id":"https:\/\/tranthi.vn\/hatinh\/son-chong-tham-sikaproof-membrane-5kg\/#breadcrumb","itemListElement":[{"@type":"ListItem","position":1,"name":"Trang ch\u1ee7","item":"https:\/\/tranthi.vn\/hatinh\/"},{"@type":"ListItem","position":2,"name":"Shop","item":"https:\/\/tranthi.vn\/hatinh\/shop\/"},{"@type":"ListItem","position":3,"name":"Ch\u1ed1ng Th\u1ea5m Sikaproof Membrane-6kg"}]},{"@type":"WebSite","@id":"https:\/\/tranthi.vn\/hatinh\/#website","url":"https:\/\/tranthi.vn\/hatinh\/","name":"V\u1eadt Li\u1ec7u X\u00e2y D\u1ef1ng Tr\u1ea7n Th\u1ecb Chi Nh\u00e1nh H\u00e0 T\u0129nh","description":"V\u1eadt Li\u1ec7u X\u00e2y D\u1ef1ng - H\u00e0 T\u0129nh","potentialAction":[{"@type":"SearchAction","target":{"@type":"EntryPoint","urlTemplate":"https:\/\/tranthi.vn\/hatinh\/?s={search_term_string}"},"query-input":"required name=search_term_string"}],"inLanguage":"vi"},{"@type":"ImageObject","inLanguage":"vi","@id":"https:\/\/tranthi.vn\/hatinh\/son-chong-tham-sikaproof-membrane-5kg\/#local-main-organization-logo","url":"","contentUrl":"","caption":"V\u1eadt Li\u1ec7u X\u00e2y D\u1ef1ng Tr\u1ea7n Th\u1ecb Chi Nh\u00e1nh H\u00e0 T\u0129nh"}]},"product_price_amount":"440000","product_price_currency":"VND","og_availability":"instock","product_availability":"instock","product_condition":"new"},"_links":{"self":[{"href":"https:\/\/tranthi.vn\/hatinh\/wp-json\/wp\/v2\/product\/849","targetHints":{"allow":["GET"]}}],"collection":[{"href":"https:\/\/tranthi.vn\/hatinh\/wp-json\/wp\/v2\/product"}],"about":[{"href":"https:\/\/tranthi.vn\/hatinh\/wp-json\/wp\/v2\/types\/product"}],"replies":[{"embeddable":true,"href":"https:\/\/tranthi.vn\/hatinh\/wp-json\/wp\/v2\/comments?post=849"}],"wp:featuredmedia":[{"embeddable":true,"href":"https:\/\/tranthi.vn\/hatinh\/wp-json\/wp\/v2\/media\/848"}],"wp:attachment":[{"href":"https:\/\/tranthi.vn\/hatinh\/wp-json\/wp\/v2\/media?parent=849"}],"wp:term":[{"taxonomy":"product_cat","embeddable":true,"href":"https:\/\/tranthi.vn\/hatinh\/wp-json\/wp\/v2\/product_cat?post=849"},{"taxonomy":"product_tag","embeddable":true,"href":"https:\/\/tranthi.vn\/hatinh\/wp-json\/wp\/v2\/product_tag?post=849"}],"curies":[{"name":"wp","href":"https:\/\/api.w.org\/{rel}","templated":true}]}}