{"id":845,"date":"2021-02-16T16:32:49","date_gmt":"2021-02-16T09:32:49","guid":{"rendered":"http:\/\/new-tranthi.test\/san-pham\/son-chong-tham-san-thuong-sikalatex-5l-loai-tot\/"},"modified":"2024-03-13T17:02:36","modified_gmt":"2024-03-13T10:02:36","slug":"son-chong-tham-san-thuong-sikalatex-5l-loai-tot","status":"publish","type":"product","link":"https:\/\/tranthi.vn\/hatinh\/son-chong-tham-san-thuong-sikalatex-5l-loai-tot\/","title":{"rendered":"Ch\u1ed1ng Th\u1ea5m S\u00e0n Sika latex 5L"},"content":{"rendered":"","protected":false},"excerpt":{"rendered":"<p><span style=\"font-family: 'times new roman', times, serif; color: #000000;\"><img decoding=\"async\" class=\"emoji\" role=\"img\" draggable=\"false\" src=\"https:\/\/s.w.org\/images\/core\/emoji\/14.0.0\/svg\/1f61b.svg\" alt=\"\ud83d\ude1b\" \/><span style=\"font-size: 130%;\">\u00a0Ph\u1ee5 gia ch\u1ed1ng th\u1ea5m v\u00e0 t\u00e1c nh\u00e2n k\u1ebft n\u1ed1i<\/span><\/span><\/p>\n<p><span style=\"font-family: 'times new roman', times, serif; font-size: 130%; color: #000000;\"><img decoding=\"async\" class=\"emoji\" role=\"img\" draggable=\"false\" src=\"https:\/\/s.w.org\/images\/core\/emoji\/14.0.0\/svg\/1f61b.svg\" alt=\"\ud83d\ude1b\" \/>\u00a0<strong>\u1ee8ng d\u1ee5ng<\/strong>: Ch\u1ea5t nh\u0169 t\u01b0\u01a1ng cao su t\u1ed5ng h\u1ee3p \u0111\u01b0\u1ee3c th\u00eam v\u00e0o v\u1eefa xi m\u0103ng d\u00f9ng \u0111\u1ec3 t\u1ea1o: l\u1edbp h\u1ed3 d\u1ea7u. l\u1edbp v\u1eefa tr\u00e1t ch\u1ed1ng th\u1ea5m, l\u1edbp v\u1eefa c\u00e1n s\u00e0n, v\u1eefa x\u00e2y, d\u00e1n g\u1ea1ch<\/span><\/p>\n<p><span style=\"font-family: 'times new roman', times, serif; font-size: 130%; color: #000000;\"><img decoding=\"async\" class=\"emoji\" role=\"img\" draggable=\"false\" src=\"https:\/\/s.w.org\/images\/core\/emoji\/14.0.0\/svg\/1f61b.svg\" alt=\"\ud83d\ude1b\" \/>\u00a0<strong>\u0110\u01a1n v\u1ecb t\u00ednh<\/strong>: Th\u00f9ng \u2013 5 l\u00edt<\/span><\/p>\n<p><span style=\"font-family: 'times new roman', times, serif; font-size: 130%; color: #000000;\">\ud83d\ude1b \u0110\u01a1n gi\u00e1 <a style=\"color: #000000;\" href=\"https:\/\/tranthi.vn\/quangnam\/son-chong-tham-san-thuong-sikalatex-5l-loai-tot\"><strong><em>s\u01a1n ch\u1ed1ng th\u1ea5m s\u00e0n th\u01b0\u1eddng sikalatex 5l-lo\u1ea1i t\u1ed1t<\/em><\/strong><\/a> giao h\u00e0ng trong n\u1ed9i th\u00e0nh th\u00f9ng 0.5 l\u00edt: <span style=\"color: #ed1c24;\"><strong>480,000\u0111<\/strong><\/span><\/span><\/p>\n<p><span style=\"font-family: 'times new roman', times, serif; font-size: 130%;\"><strong><em>( \u0110\u01a1n gi\u00e1 \u00e1p d\u1ee5ng khi mua tr\u00ean 5 s\u1ea3n ph\u1ea9m )<\/em><\/strong><\/span><\/p>\n<p><span style=\"font-family: 'times new roman', times, serif; font-size: 130%; color: #000000;\">\ud83d\ude1bGiao h\u00e0ng trong \u0111\u1ecba b\u00e0n <em><a style=\"color: #000000;\" href=\"https:\/\/fr.wikipedia.org\/wiki\/Da_Nang\"><strong>\u0110\u00e0 N\u1eb5ng<\/strong><\/a><\/em><\/span><\/p>\n","protected":false},"featured_media":844,"comment_status":"open","ping_status":"closed","template":"","meta":[],"product_cat":[89,92],"product_tag":[],"class_list":{"0":"post-845","1":"product","2":"type-product","3":"status-publish","4":"has-post-thumbnail","6":"product_cat-chong-tham","7":"product_cat-chong-tham-sika","9":"first","10":"instock","11":"sale","12":"shipping-taxable","13":"purchasable","14":"product-type-simple"},"yoast_head":"<!-- This site is optimized with the Yoast SEO Premium plugin v22.3 (Yoast SEO v22.8) - https:\/\/yoast.com\/wordpress\/plugins\/seo\/ -->\n<title>Ch\u1ed1ng Th\u1ea5m S\u00e0n Sika latex 5L - V\u1eadt Li\u1ec7u X\u00e2y D\u1ef1ng Tr\u1ea7n Th\u1ecb Chi Nh\u00e1nh H\u00e0 T\u0129nh<\/title>\n<meta name=\"robots\" content=\"index, follow, max-snippet:-1, max-image-preview:large, max-video-preview:-1\" \/>\n<link rel=\"canonical\" href=\"https:\/\/tranthi.vn\/hatinh\/son-chong-tham-san-thuong-sikalatex-5l-loai-tot\/\" \/>\n<meta property=\"og:locale\" content=\"vi_VN\" \/>\n<meta property=\"og:type\" content=\"article\" \/>\n<meta property=\"og:title\" content=\"Ch\u1ed1ng Th\u1ea5m S\u00e0n Sika latex 5L\" \/>\n<meta property=\"og:description\" content=\"\u00a0Ph\u1ee5 gia ch\u1ed1ng th\u1ea5m v\u00e0 t\u00e1c nh\u00e2n k\u1ebft n\u1ed1i  \u00a0\u1ee8ng d\u1ee5ng: Ch\u1ea5t nh\u0169 t\u01b0\u01a1ng cao su t\u1ed5ng h\u1ee3p \u0111\u01b0\u1ee3c th\u00eam v\u00e0o v\u1eefa xi m\u0103ng d\u00f9ng \u0111\u1ec3 t\u1ea1o: l\u1edbp h\u1ed3 d\u1ea7u. l\u1edbp v\u1eefa tr\u00e1t ch\u1ed1ng th\u1ea5m, l\u1edbp v\u1eefa c\u00e1n s\u00e0n, v\u1eefa x\u00e2y, d\u00e1n g\u1ea1ch  \u00a0\u0110\u01a1n v\u1ecb t\u00ednh: Th\u00f9ng \u2013 5 l\u00edt  \ud83d\ude1b \u0110\u01a1n gi\u00e1 s\u01a1n ch\u1ed1ng th\u1ea5m s\u00e0n th\u01b0\u1eddng sikalatex 5l-lo\u1ea1i t\u1ed1t giao h\u00e0ng trong n\u1ed9i th\u00e0nh th\u00f9ng 0.5 l\u00edt: 480,000\u0111  ( \u0110\u01a1n gi\u00e1 \u00e1p d\u1ee5ng khi mua tr\u00ean 5 s\u1ea3n ph\u1ea9m )  \ud83d\ude1bGiao h\u00e0ng trong \u0111\u1ecba b\u00e0n \u0110\u00e0 N\u1eb5ng\" \/>\n<meta property=\"og:url\" content=\"https:\/\/tranthi.vn\/hatinh\/son-chong-tham-san-thuong-sikalatex-5l-loai-tot\/\" \/>\n<meta property=\"og:site_name\" content=\"V\u1eadt Li\u1ec7u X\u00e2y D\u1ef1ng Tr\u1ea7n Th\u1ecb Chi Nh\u00e1nh H\u00e0 T\u0129nh\" \/>\n<meta property=\"article:modified_time\" content=\"2024-03-13T10:02:36+00:00\" \/>\n<meta property=\"og:image\" content=\"https:\/\/tranthi.vn\/hatinh\/wp-content\/uploads\/2021\/02\/chong-tham-san-sika-latex-tai-da-nang_optimized.jpg\" \/>\n\t<meta property=\"og:image:width\" content=\"225\" \/>\n\t<meta property=\"og:image:height\" content=\"225\" \/>\n\t<meta property=\"og:image:type\" content=\"image\/jpeg\" \/>\n<meta name=\"twitter:card\" content=\"summary_large_image\" \/>\n<meta name=\"twitter:label1\" content=\"Gi\u00e1\" \/>\n\t<meta name=\"twitter:data1\" content=\"480,000&nbsp;&#8363;\" \/>\n\t<meta name=\"twitter:label2\" content=\"Kh\u1ea3 d\u1ee5ng\" \/>\n\t<meta name=\"twitter:data2\" content=\"Trong kho\" \/>\n<script type=\"application\/ld+json\" class=\"yoast-schema-graph\">{\"@context\":\"https:\/\/schema.org\",\"@graph\":[{\"@type\":[\"WebPage\",\"ItemPage\"],\"@id\":\"https:\/\/tranthi.vn\/hatinh\/son-chong-tham-san-thuong-sikalatex-5l-loai-tot\/\",\"url\":\"https:\/\/tranthi.vn\/hatinh\/son-chong-tham-san-thuong-sikalatex-5l-loai-tot\/\",\"name\":\"Ch\u1ed1ng Th\u1ea5m S\u00e0n Sika latex 5L - V\u1eadt Li\u1ec7u X\u00e2y D\u1ef1ng Tr\u1ea7n Th\u1ecb Chi Nh\u00e1nh H\u00e0 T\u0129nh\",\"isPartOf\":{\"@id\":\"https:\/\/tranthi.vn\/hatinh\/#website\"},\"primaryImageOfPage\":{\"@id\":\"https:\/\/tranthi.vn\/hatinh\/son-chong-tham-san-thuong-sikalatex-5l-loai-tot\/#primaryimage\"},\"image\":{\"@id\":\"https:\/\/tranthi.vn\/hatinh\/son-chong-tham-san-thuong-sikalatex-5l-loai-tot\/#primaryimage\"},\"thumbnailUrl\":\"https:\/\/tranthi.vn\/hatinh\/wp-content\/uploads\/2021\/02\/chong-tham-san-sika-latex-tai-da-nang_optimized.jpg\",\"datePublished\":\"2021-02-16T09:32:49+00:00\",\"dateModified\":\"2024-03-13T10:02:36+00:00\",\"breadcrumb\":{\"@id\":\"https:\/\/tranthi.vn\/hatinh\/son-chong-tham-san-thuong-sikalatex-5l-loai-tot\/#breadcrumb\"},\"inLanguage\":\"vi\",\"potentialAction\":[{\"@type\":\"ReadAction\",\"target\":[\"https:\/\/tranthi.vn\/hatinh\/son-chong-tham-san-thuong-sikalatex-5l-loai-tot\/\"]}]},{\"@type\":\"ImageObject\",\"inLanguage\":\"vi\",\"@id\":\"https:\/\/tranthi.vn\/hatinh\/son-chong-tham-san-thuong-sikalatex-5l-loai-tot\/#primaryimage\",\"url\":\"https:\/\/tranthi.vn\/hatinh\/wp-content\/uploads\/2021\/02\/chong-tham-san-sika-latex-tai-da-nang_optimized.jpg\",\"contentUrl\":\"https:\/\/tranthi.vn\/hatinh\/wp-content\/uploads\/2021\/02\/chong-tham-san-sika-latex-tai-da-nang_optimized.jpg\",\"width\":225,\"height\":225},{\"@type\":\"BreadcrumbList\",\"@id\":\"https:\/\/tranthi.vn\/hatinh\/son-chong-tham-san-thuong-sikalatex-5l-loai-tot\/#breadcrumb\",\"itemListElement\":[{\"@type\":\"ListItem\",\"position\":1,\"name\":\"Trang ch\u1ee7\",\"item\":\"https:\/\/tranthi.vn\/hatinh\/\"},{\"@type\":\"ListItem\",\"position\":2,\"name\":\"Shop\",\"item\":\"https:\/\/tranthi.vn\/hatinh\/shop\/\"},{\"@type\":\"ListItem\",\"position\":3,\"name\":\"Ch\u1ed1ng Th\u1ea5m S\u00e0n Sika latex 5L\"}]},{\"@type\":\"WebSite\",\"@id\":\"https:\/\/tranthi.vn\/hatinh\/#website\",\"url\":\"https:\/\/tranthi.vn\/hatinh\/\",\"name\":\"V\u1eadt Li\u1ec7u X\u00e2y D\u1ef1ng Tr\u1ea7n Th\u1ecb Chi Nh\u00e1nh H\u00e0 T\u0129nh\",\"description\":\"V\u1eadt Li\u1ec7u X\u00e2y D\u1ef1ng - H\u00e0 T\u0129nh\",\"potentialAction\":[{\"@type\":\"SearchAction\",\"target\":{\"@type\":\"EntryPoint\",\"urlTemplate\":\"https:\/\/tranthi.vn\/hatinh\/?s={search_term_string}\"},\"query-input\":\"required name=search_term_string\"}],\"inLanguage\":\"vi\"},{\"@type\":\"ImageObject\",\"inLanguage\":\"vi\",\"@id\":\"https:\/\/tranthi.vn\/hatinh\/son-chong-tham-san-thuong-sikalatex-5l-loai-tot\/#local-main-organization-logo\",\"url\":\"\",\"contentUrl\":\"\",\"caption\":\"V\u1eadt Li\u1ec7u X\u00e2y D\u1ef1ng Tr\u1ea7n Th\u1ecb Chi Nh\u00e1nh H\u00e0 T\u0129nh\"}]}<\/script>\n<meta property=\"product:price:amount\" content=\"480000\" \/>\n<meta property=\"product:price:currency\" content=\"VND\" \/>\n<meta property=\"og:availability\" content=\"instock\" \/>\n<meta property=\"product:availability\" content=\"instock\" \/>\n<meta property=\"product:condition\" content=\"new\" \/>\n<!-- \/ Yoast SEO Premium plugin. -->","yoast_head_json":{"title":"Ch\u1ed1ng Th\u1ea5m S\u00e0n Sika latex 5L - V\u1eadt Li\u1ec7u X\u00e2y D\u1ef1ng Tr\u1ea7n Th\u1ecb Chi Nh\u00e1nh H\u00e0 T\u0129nh","robots":{"index":"index","follow":"follow","max-snippet":"max-snippet:-1","max-image-preview":"max-image-preview:large","max-video-preview":"max-video-preview:-1"},"canonical":"https:\/\/tranthi.vn\/hatinh\/son-chong-tham-san-thuong-sikalatex-5l-loai-tot\/","og_locale":"vi_VN","og_type":"article","og_title":"Ch\u1ed1ng Th\u1ea5m S\u00e0n Sika latex 5L","og_description":"\u00a0Ph\u1ee5 gia ch\u1ed1ng th\u1ea5m v\u00e0 t\u00e1c nh\u00e2n k\u1ebft n\u1ed1i  \u00a0\u1ee8ng d\u1ee5ng: Ch\u1ea5t nh\u0169 t\u01b0\u01a1ng cao su t\u1ed5ng h\u1ee3p \u0111\u01b0\u1ee3c th\u00eam v\u00e0o v\u1eefa xi m\u0103ng d\u00f9ng \u0111\u1ec3 t\u1ea1o: l\u1edbp h\u1ed3 d\u1ea7u. l\u1edbp v\u1eefa tr\u00e1t ch\u1ed1ng th\u1ea5m, l\u1edbp v\u1eefa c\u00e1n s\u00e0n, v\u1eefa x\u00e2y, d\u00e1n g\u1ea1ch  \u00a0\u0110\u01a1n v\u1ecb t\u00ednh: Th\u00f9ng \u2013 5 l\u00edt  \ud83d\ude1b \u0110\u01a1n gi\u00e1 s\u01a1n ch\u1ed1ng th\u1ea5m s\u00e0n th\u01b0\u1eddng sikalatex 5l-lo\u1ea1i t\u1ed1t giao h\u00e0ng trong n\u1ed9i th\u00e0nh th\u00f9ng 0.5 l\u00edt: 480,000\u0111  ( \u0110\u01a1n gi\u00e1 \u00e1p d\u1ee5ng khi mua tr\u00ean 5 s\u1ea3n ph\u1ea9m )  \ud83d\ude1bGiao h\u00e0ng trong \u0111\u1ecba b\u00e0n \u0110\u00e0 N\u1eb5ng","og_url":"https:\/\/tranthi.vn\/hatinh\/son-chong-tham-san-thuong-sikalatex-5l-loai-tot\/","og_site_name":"V\u1eadt Li\u1ec7u X\u00e2y D\u1ef1ng Tr\u1ea7n Th\u1ecb Chi Nh\u00e1nh H\u00e0 T\u0129nh","article_modified_time":"2024-03-13T10:02:36+00:00","og_image":[{"width":225,"height":225,"url":"https:\/\/tranthi.vn\/hatinh\/wp-content\/uploads\/2021\/02\/chong-tham-san-sika-latex-tai-da-nang_optimized.jpg","type":"image\/jpeg"}],"twitter_card":"summary_large_image","twitter_misc":{"Gi\u00e1":"480,000&nbsp;&#8363;","Kh\u1ea3 d\u1ee5ng":"Trong kho"},"schema":{"@context":"https:\/\/schema.org","@graph":[{"@type":["WebPage","ItemPage"],"@id":"https:\/\/tranthi.vn\/hatinh\/son-chong-tham-san-thuong-sikalatex-5l-loai-tot\/","url":"https:\/\/tranthi.vn\/hatinh\/son-chong-tham-san-thuong-sikalatex-5l-loai-tot\/","name":"Ch\u1ed1ng Th\u1ea5m S\u00e0n Sika latex 5L - V\u1eadt Li\u1ec7u X\u00e2y D\u1ef1ng Tr\u1ea7n Th\u1ecb Chi Nh\u00e1nh H\u00e0 T\u0129nh","isPartOf":{"@id":"https:\/\/tranthi.vn\/hatinh\/#website"},"primaryImageOfPage":{"@id":"https:\/\/tranthi.vn\/hatinh\/son-chong-tham-san-thuong-sikalatex-5l-loai-tot\/#primaryimage"},"image":{"@id":"https:\/\/tranthi.vn\/hatinh\/son-chong-tham-san-thuong-sikalatex-5l-loai-tot\/#primaryimage"},"thumbnailUrl":"https:\/\/tranthi.vn\/hatinh\/wp-content\/uploads\/2021\/02\/chong-tham-san-sika-latex-tai-da-nang_optimized.jpg","datePublished":"2021-02-16T09:32:49+00:00","dateModified":"2024-03-13T10:02:36+00:00","breadcrumb":{"@id":"https:\/\/tranthi.vn\/hatinh\/son-chong-tham-san-thuong-sikalatex-5l-loai-tot\/#breadcrumb"},"inLanguage":"vi","potentialAction":[{"@type":"ReadAction","target":["https:\/\/tranthi.vn\/hatinh\/son-chong-tham-san-thuong-sikalatex-5l-loai-tot\/"]}]},{"@type":"ImageObject","inLanguage":"vi","@id":"https:\/\/tranthi.vn\/hatinh\/son-chong-tham-san-thuong-sikalatex-5l-loai-tot\/#primaryimage","url":"https:\/\/tranthi.vn\/hatinh\/wp-content\/uploads\/2021\/02\/chong-tham-san-sika-latex-tai-da-nang_optimized.jpg","contentUrl":"https:\/\/tranthi.vn\/hatinh\/wp-content\/uploads\/2021\/02\/chong-tham-san-sika-latex-tai-da-nang_optimized.jpg","width":225,"height":225},{"@type":"BreadcrumbList","@id":"https:\/\/tranthi.vn\/hatinh\/son-chong-tham-san-thuong-sikalatex-5l-loai-tot\/#breadcrumb","itemListElement":[{"@type":"ListItem","position":1,"name":"Trang ch\u1ee7","item":"https:\/\/tranthi.vn\/hatinh\/"},{"@type":"ListItem","position":2,"name":"Shop","item":"https:\/\/tranthi.vn\/hatinh\/shop\/"},{"@type":"ListItem","position":3,"name":"Ch\u1ed1ng Th\u1ea5m S\u00e0n Sika latex 5L"}]},{"@type":"WebSite","@id":"https:\/\/tranthi.vn\/hatinh\/#website","url":"https:\/\/tranthi.vn\/hatinh\/","name":"V\u1eadt Li\u1ec7u X\u00e2y D\u1ef1ng Tr\u1ea7n Th\u1ecb Chi Nh\u00e1nh H\u00e0 T\u0129nh","description":"V\u1eadt Li\u1ec7u X\u00e2y D\u1ef1ng - H\u00e0 T\u0129nh","potentialAction":[{"@type":"SearchAction","target":{"@type":"EntryPoint","urlTemplate":"https:\/\/tranthi.vn\/hatinh\/?s={search_term_string}"},"query-input":"required name=search_term_string"}],"inLanguage":"vi"},{"@type":"ImageObject","inLanguage":"vi","@id":"https:\/\/tranthi.vn\/hatinh\/son-chong-tham-san-thuong-sikalatex-5l-loai-tot\/#local-main-organization-logo","url":"","contentUrl":"","caption":"V\u1eadt Li\u1ec7u X\u00e2y D\u1ef1ng Tr\u1ea7n Th\u1ecb Chi Nh\u00e1nh H\u00e0 T\u0129nh"}]},"product_price_amount":"480000","product_price_currency":"VND","og_availability":"instock","product_availability":"instock","product_condition":"new"},"_links":{"self":[{"href":"https:\/\/tranthi.vn\/hatinh\/wp-json\/wp\/v2\/product\/845","targetHints":{"allow":["GET"]}}],"collection":[{"href":"https:\/\/tranthi.vn\/hatinh\/wp-json\/wp\/v2\/product"}],"about":[{"href":"https:\/\/tranthi.vn\/hatinh\/wp-json\/wp\/v2\/types\/product"}],"replies":[{"embeddable":true,"href":"https:\/\/tranthi.vn\/hatinh\/wp-json\/wp\/v2\/comments?post=845"}],"wp:featuredmedia":[{"embeddable":true,"href":"https:\/\/tranthi.vn\/hatinh\/wp-json\/wp\/v2\/media\/844"}],"wp:attachment":[{"href":"https:\/\/tranthi.vn\/hatinh\/wp-json\/wp\/v2\/media?parent=845"}],"wp:term":[{"taxonomy":"product_cat","embeddable":true,"href":"https:\/\/tranthi.vn\/hatinh\/wp-json\/wp\/v2\/product_cat?post=845"},{"taxonomy":"product_tag","embeddable":true,"href":"https:\/\/tranthi.vn\/hatinh\/wp-json\/wp\/v2\/product_tag?post=845"}],"curies":[{"name":"wp","href":"https:\/\/api.w.org\/{rel}","templated":true}]}}