{"id":824,"date":"2021-02-16T16:01:46","date_gmt":"2021-02-16T09:01:46","guid":{"rendered":"http:\/\/new-tranthi.test\/san-pham\/cat-to\/"},"modified":"2024-07-27T16:42:14","modified_gmt":"2024-07-27T09:42:14","slug":"gia-cat-to-tai-hoi-an-tam-ky-quang-nam","status":"publish","type":"product","link":"https:\/\/tranthi.vn\/hatinh\/gia-cat-to-tai-hoi-an-tam-ky-quang-nam\/","title":{"rendered":"C\u00e1t T\u00f4"},"content":{"rendered":"<h1 style=\"text-align: center;\"><span style=\"font-family: 'times new roman', times, serif; font-size: 24pt;\">Gi\u00e1 c\u00e1t t\u00f4 Qu\u1ea3ng Nam<\/span><\/h1>\n<h2><span style=\"font-family: 'times new roman', times, serif;\">\u00a0 \u00a0 \u00a0 1. C\u00e1t t\u00f4 t\u1ea1i Quang c\u00f3 m\u1ea5y lo\u1ea1i<\/span><\/h2>\n<ul>\n<li><span style=\"font-family: 'times new roman', times, serif; font-size: 14pt;\"><span style=\"font-family: 'times new roman', times, serif; font-size: 14pt;\"><em><strong>C\u00e1t t\u00f4<\/strong><\/em> tr\u00ean th\u1ecb tr\u01b0\u1eddng<strong> Qu\u1ea3ng Nam <\/strong>th\u01b0\u1eddng chia l\u00e0m 2 lo\u1ea1i,<strong> c\u00e1t <\/strong>v\u00e0ng v\u00e0 c\u00e1t tr\u1eafng. <em>C\u00e1t<\/em> v\u00e0ng th\u01b0\u1eddng l\u1ea5y \u1edf s\u00f4ng su\u1ed1i, c\u00e1t m\u1ecbn nh\u1ecf v\u00e0 th\u01b0\u1eddng ch\u1ee9a nhi\u1ec1u b\u1ee5i.<\/span><\/span><\/li>\n<li><span style=\"font-family: 'times new roman', times, serif; font-size: 14pt;\"> C\u00e1t t\u00f4 tr\u1eafng th\u00ec \u0111\u01b0\u1ee3c l\u1ea5y t\u1eeb b\u1edd bi\u1ec3n, \u0111\u00e2y l\u00e0 c\u00e1t \u0111\u1ec3 s\u1ea3n xu\u1ea5t th\u1ee7y tinh v\u00e0 xu\u1ea5t kh\u1ea9u n\u00ean gi\u00e1 th\u00e0nh kh\u00e1 cao, t\u1ea1i <a href=\"https:\/\/vi.wikipedia.org\/wiki\/Qu%E1%BA%A3ng_Nam\"><em>Qu\u1ea3ng Nam<\/em><\/a> th\u00ec c\u00e1t <em><strong>t\u00f4<\/strong> <\/em>v\u00e0ng v\u1eabn \u0111\u01b0\u1ee3c s\u1eed d\u1ee5ng nhi\u1ec1u nh\u1ea5t<\/span><\/li>\n<\/ul>\n<p><iframe loading=\"lazy\" title=\"Gi\u00e1 c\u00e1t \u0111\u00fac, t\u00f4, x\u00e2y t\u1ea1i \u0111\u00e0 n\u1eb5ng v\u00e0 c\u00e1ch \u0111o th\u00f9ng xe quy ra kh\u1ed1i - 0903.595.049\" width=\"1020\" height=\"574\" src=\"https:\/\/www.youtube.com\/embed\/-weRntM2Osc?feature=oembed\" frameborder=\"0\" allow=\"accelerometer; autoplay; clipboard-write; encrypted-media; gyroscope; picture-in-picture; web-share\" referrerpolicy=\"strict-origin-when-cross-origin\" allowfullscreen><\/iframe><\/p>\n<h3><span style=\"font-family: 'times new roman', times, serif; font-size: 130%;\">\u00a0 \u00a0 \u00a0 2. C\u00f4ng d\u1ee5ng c\u1ee7a c\u00e1t t\u00f4<\/span><\/h3>\n<ul>\n<li>\n<h4><span style=\"font-family: 'times new roman', times, serif; font-size: 14pt;\">C\u00f4ng d\u1ee5ng c\u1ee7a<em><strong> c\u00e1t t\u00f4<\/strong><\/em> l\u00e0 d\u00f9ng \u0111\u1ec3 <strong>t\u00f4<\/strong> tr\u00e1t t\u01b0\u1eddng, tr\u1ea7n sau khi x\u00e2y g\u1ea1ch 6 l\u1ed7 xong. C\u00e1t d\u00f9ng <strong>t\u00f4<\/strong> trong nh\u00e0 v\u00e0 t\u01b0\u1eddng m\u1eb7t ti\u1ec1n v\u00e0 t\u01b0\u1eddng b\u00ean ngo\u00e0i, t\u00f4 tr\u1ee5 d\u1ea7m, s\u00e0n m\u00e1i b\u00ea t\u00f4ng<\/span><span style=\"font-family: 'times new roman', times, serif; font-size: 14pt;\"><br \/>\n<\/span><\/h4>\n<h4><span style=\"font-size: 170%; font-family: 'times new roman', times, serif;\">3. C\u00e1c y\u00eau c\u1ea7u c\u1ee7a c\u00e1t t\u00f4<\/span><\/h4>\n<\/li>\n<li><span style=\"font-family: 'times new roman', times, serif; font-size: 14pt;\"><strong><a href=\"https:\/\/vi.wikipedia.org\/wiki\/C%C3%A1t\">C\u00e1t <\/a><\/strong>t\u00f4 th\u01b0\u1eddng l\u1ea5y \u1edf s\u00f4ng, n\u00ean th\u01b0\u1eddng c\u00f3 l\u1eabn c\u00e1c t\u1ea1p ch\u1ea5t nh\u01b0 v\u1ecf c\u00e2y, b\u00f9n, v\u1ecf s\u00f2. N\u00ean c\u00e1t t\u00f4 c\u0169ng \u1ea3nh h\u01b0\u1edfng m\u1ed9t ph\u1ea7n n\u00e0o \u0111\u1ebfn ch\u1ea5t l\u01b0\u1ee3ng s\u01a1n ch\u1ed1ng th\u1ea5m sau n\u00e0y<\/span><\/li>\n<\/ul>\n<p><iframe loading=\"lazy\" title=\"&quot;ph\u00e2n bi\u1ec7t c\u00e1t s\u1ea1ch c\u00e1t b\u1ea9n ( \u0111\u00fac, t\u00f4, x\u00e2y)  \u0110\u00e0 N\u1eb5ng&quot; 0903595049\" width=\"1020\" height=\"574\" src=\"https:\/\/www.youtube.com\/embed\/d700UHkh2aE?feature=oembed\" frameborder=\"0\" allow=\"accelerometer; autoplay; clipboard-write; encrypted-media; gyroscope; picture-in-picture; web-share\" referrerpolicy=\"strict-origin-when-cross-origin\" allowfullscreen><\/iframe><\/p>\n<ul>\n<li><span style=\"font-family: 'times new roman', times, serif; font-size: 14pt;\">\u0110\u1ec3 \u0111\u1ea3m b\u1ea3o<strong> c\u00e1t t\u00f4<\/strong> s\u1ea1ch th\u00ec c\u00e1t ph\u1ea3i kh\u00f4ng nhi\u1ec5m m\u1eb7n th\u00ec ch\u00fang ta l\u1ecdc qua n\u01b0\u1edbc lo\u1ea1i b\u1ecf c\u00e1c t\u1ea1p ch\u1ea5t \u0111\u1ec3 h\u1ed7 tr\u1ee3 cho s\u01a1n ch\u1ed1ng th\u1ea5m sau n\u00e0y<\/span><\/li>\n<\/ul>\n<p><img loading=\"lazy\" decoding=\"async\" class=\"alignnone size-full wp-image-2932 aligncenter\" src=\"https:\/\/tranthi.vn\/quangnam\/wp-content\/uploads\/2021\/02\/9b68fe963df6cfa896e7_optimized.jpg\" alt=\"gia-cat-to-tai-da-nang\" width=\"342\" height=\"562\" \/><\/p>\n<ul>\n<li style=\"text-align: left;\"><span style=\"font-family: 'times new roman', times, serif; font-size: 14pt;\"><span style=\"font-family: 'times new roman', times, serif; font-size: 14pt;\">\u0110\u00e2y l\u00e0 h\u1eadu qu\u1ea3 c\u1ee7a vi\u1ec7c s\u00e0n c\u00e1t kh\u00f4ng s\u1ea1ch, v\u00e9t \u1ed1 v\u00e0ng do r\u1ec5 c\u00e2y l\u00e0 \u1ed1 l\u1edbp b\u1ed9t t\u00edc , vi\u1ec7c x\u1eed l\u00fd r\u1ea5t kh\u00f3 kh\u0103n<\/span><\/span><\/li>\n<li><span style=\"font-family: 'times new roman', times, serif; font-size: 14pt;\"><span style=\"font-family: 'times new roman', times, serif; font-size: 14pt;\">C\u00e1t t\u00f4 l\u00e0 b\u1ec1 m\u1eb7t ti\u1ebfp x\u00fac v\u1edbi b\u1ed9t tr\u00e9t, v\u00e0 s\u01a1n th\u00ec y\u00eau c\u1ea7u <em>c\u00e1t t\u00f4<\/em> ph\u1ea3i s\u1ea1ch v\u00e0 kh\u00f4ng nhi\u1ec3m m\u1eb7t<\/span><\/span><\/li>\n<li><span style=\"font-family: 'times new roman', times, serif; font-size: 14pt;\"><span style=\"font-family: 'times new roman', times, serif; font-size: 14pt;\">\u0110\u1ec3 b\u1ec1 m\u1eb7t t\u00f4 t\u01b0\u1eddng \u0111\u1eb9p v\u00e0 l\u00e1ng m\u1ecbn c\u1ea7n ph\u1ea3i chon lo\u1ea1i c\u00e1t m\u1ecbn.<\/span><\/span><\/li>\n<\/ul>\n<p style=\"text-align: center;\"><iframe loading=\"lazy\" src=\"\/\/www.youtube.com\/embed\/mkBUz9V1tIE\" width=\"560\" height=\"314\" allowfullscreen=\"allowfullscreen\"><\/iframe><\/p>\n","protected":false},"excerpt":{"rendered":"<p><span style=\"font-family: 'times new roman', times, serif; font-size: 130%;\">\ud83e\udd70\u0110\u1eb7c \u0111i\u1ec3m:<\/span><\/p>\n<ul>\n<li><span style=\"font-family: 'times new roman', times, serif; font-size: 130%;\">C\u00f3 \u0111\u1ed9 s\u1ea1ch cao, g\u1ea7n nh\u01b0 l\u00e0 tuy\u1ec7t \u0111\u1ed1i, kh\u00f4ng l\u1eabn t\u1ea1p ch\u1ea5t v\u00e0 b\u00f9n \u0111\u1ea5t. <\/span><\/li>\n<li><span style=\"font-family: 'times new roman', times, serif; font-size: 130%;\">V\u1edbi \u0111\u1eb7c t\u00ednh l\u00e0 c\u00f3 k\u00edch th\u01b0\u1edbc r\u1ea5t nh\u1ecf, \u0111\u1ed9 m\u1ecbn, \u0111\u1ed9 x\u1ed1p cao,\u00a0<\/span><\/li>\n<\/ul>\n<p><span style=\"font-family: 'times new roman', times, serif; font-size: 130%; color: #000000;\">Giao h\u00e0ng trong \u0111\u1ecba b\u00e0n\u00a0<\/span><a href=\"https:\/\/vi.wikipedia.org\/wiki\/Qu%E1%BA%A3ng_Nam\"><span style=\"font-family: 'times new roman', times, serif; font-size: 130%; color: #000000;\"><span style=\"color: #008000;\">Qu\u1ea3ng Nam<\/span><\/span><\/a><\/p>\n<p><span style=\"font-family: 'times new roman', times, serif; font-size: 130%; color: #000000;\"><img decoding=\"async\" class=\"emoji\" draggable=\"false\" src=\"https:\/\/s.w.org\/images\/core\/emoji\/12.0.0-1\/svg\/1f61b.svg\" alt=\"\ud83d\ude1b\" \/> \u0110\u01a1n v\u1ecb t\u00ednh: kh\u1ed1i<\/span><\/p>\n<p><span style=\"font-family: 'times new roman', times, serif; font-size: 130%; color: #000000;\"><img decoding=\"async\" class=\"emoji\" draggable=\"false\" src=\"https:\/\/s.w.org\/images\/core\/emoji\/12.0.0-1\/svg\/1f61b.svg\" alt=\"\ud83d\ude1b\" \/> Mi\u1ec5n ph\u00ed t\u1eeb 3 kh\u1ed1i tr\u1edf l\u00ean<\/span><\/p>\n<p><span style=\"font-family: 'times new roman', times, serif; font-size: 130%; color: #000000;\"><img decoding=\"async\" class=\"emoji\" draggable=\"false\" src=\"https:\/\/s.w.org\/images\/core\/emoji\/12.0.0-1\/svg\/1f61b.svg\" alt=\"\ud83d\ude1b\" \/> <strong>Cam k\u1ebft giao \u0111\u00fang kh\u1ed1i l\u01b0\u1ee3ng, ch\u1ea5t l\u01b0\u1ee3ng.<\/strong><\/span><\/p>\n","protected":false},"featured_media":821,"comment_status":"open","ping_status":"closed","template":"","meta":[],"product_cat":[204,203],"product_tag":[],"class_list":{"0":"post-824","1":"product","2":"type-product","3":"status-publish","4":"has-post-thumbnail","6":"product_cat-cat-xay-dung","7":"product_cat-vat-lieu-xay-dung","9":"first","10":"instock","11":"sale","12":"shipping-taxable","13":"purchasable","14":"product-type-simple"},"yoast_head":"<!-- This site is optimized with the Yoast SEO Premium plugin v22.3 (Yoast SEO v22.8) - https:\/\/yoast.com\/wordpress\/plugins\/seo\/ -->\n<title>C\u00e1t t\u00f4 gi\u00e1 r\u1ebb t\u1ea1i Qu\u1ea3ng Nam-0947.335.871 vlxdtr\u1ea7n Th\u1ecb<\/title>\n<meta name=\"description\" content=\"Tr\u1ea7n Th\u1ecb - chuy\u00ean cung c\u1ea5p c\u00e1t t\u00f4 gi\u00e1 r\u1ebb t\u1ea1i Qu\u1ea3ng Nam, c\u00e1t \u0111\u01b0\u1ee3c l\u1ea5t t\u1eeb t\u1ef1 nhi\u00ean kh\u00f4ng th\u1ec3 \u0111\u1ea3m b\u1ea3o s\u1ea1ch 100% nh\u01b0ng cam k\u1ebft \u0111\u00fang kh\u1ed1i l\u01b0\u1ee3ng\" \/>\n<meta name=\"robots\" content=\"index, follow, max-snippet:-1, max-image-preview:large, max-video-preview:-1\" \/>\n<link rel=\"canonical\" href=\"https:\/\/tranthi.vn\/hatinh\/gia-cat-to-tai-hoi-an-tam-ky-quang-nam\/\" \/>\n<meta property=\"og:locale\" content=\"vi_VN\" \/>\n<meta property=\"og:type\" content=\"article\" \/>\n<meta property=\"og:title\" content=\"C\u00e1t T\u00f4\" \/>\n<meta property=\"og:description\" content=\"Tr\u1ea7n Th\u1ecb - chuy\u00ean cung c\u1ea5p c\u00e1t t\u00f4 gi\u00e1 r\u1ebb t\u1ea1i Qu\u1ea3ng Nam, c\u00e1t \u0111\u01b0\u1ee3c l\u1ea5t t\u1eeb t\u1ef1 nhi\u00ean kh\u00f4ng th\u1ec3 \u0111\u1ea3m b\u1ea3o s\u1ea1ch 100% nh\u01b0ng cam k\u1ebft \u0111\u00fang kh\u1ed1i l\u01b0\u1ee3ng\" \/>\n<meta property=\"og:url\" content=\"https:\/\/tranthi.vn\/hatinh\/gia-cat-to-tai-hoi-an-tam-ky-quang-nam\/\" \/>\n<meta property=\"og:site_name\" content=\"V\u1eadt Li\u1ec7u X\u00e2y D\u1ef1ng Tr\u1ea7n Th\u1ecb Chi Nh\u00e1nh H\u00e0 T\u0129nh\" \/>\n<meta property=\"article:modified_time\" content=\"2024-07-27T09:42:14+00:00\" \/>\n<meta property=\"og:image\" content=\"https:\/\/tranthi.vn\/hatinh\/wp-content\/uploads\/2021\/02\/cat-to.jpg\" \/>\n\t<meta property=\"og:image:width\" content=\"400\" \/>\n\t<meta property=\"og:image:height\" content=\"400\" \/>\n\t<meta property=\"og:image:type\" content=\"image\/jpeg\" \/>\n<meta name=\"twitter:card\" content=\"summary_large_image\" \/>\n<meta name=\"twitter:label1\" content=\"Gi\u00e1\" \/>\n\t<meta name=\"twitter:data1\" content=\"550,000&nbsp;&#8363;\" \/>\n\t<meta name=\"twitter:label2\" content=\"Kh\u1ea3 d\u1ee5ng\" \/>\n\t<meta name=\"twitter:data2\" content=\"Trong kho\" \/>\n<script type=\"application\/ld+json\" class=\"yoast-schema-graph\">{\"@context\":\"https:\/\/schema.org\",\"@graph\":[{\"@type\":[\"WebPage\",\"ItemPage\"],\"@id\":\"https:\/\/tranthi.vn\/hatinh\/gia-cat-to-tai-hoi-an-tam-ky-quang-nam\/\",\"url\":\"https:\/\/tranthi.vn\/hatinh\/gia-cat-to-tai-hoi-an-tam-ky-quang-nam\/\",\"name\":\"C\u00e1t t\u00f4 gi\u00e1 r\u1ebb t\u1ea1i Qu\u1ea3ng Nam-0947.335.871 vlxdtr\u1ea7n Th\u1ecb\",\"isPartOf\":{\"@id\":\"https:\/\/tranthi.vn\/hatinh\/#website\"},\"primaryImageOfPage\":{\"@id\":\"https:\/\/tranthi.vn\/hatinh\/gia-cat-to-tai-hoi-an-tam-ky-quang-nam\/#primaryimage\"},\"image\":{\"@id\":\"https:\/\/tranthi.vn\/hatinh\/gia-cat-to-tai-hoi-an-tam-ky-quang-nam\/#primaryimage\"},\"thumbnailUrl\":\"https:\/\/tranthi.vn\/hatinh\/wp-content\/uploads\/2021\/02\/cat-to.jpg\",\"datePublished\":\"2021-02-16T09:01:46+00:00\",\"dateModified\":\"2024-07-27T09:42:14+00:00\",\"description\":\"Tr\u1ea7n Th\u1ecb - chuy\u00ean cung c\u1ea5p c\u00e1t t\u00f4 gi\u00e1 r\u1ebb t\u1ea1i Qu\u1ea3ng Nam, c\u00e1t \u0111\u01b0\u1ee3c l\u1ea5t t\u1eeb t\u1ef1 nhi\u00ean kh\u00f4ng th\u1ec3 \u0111\u1ea3m b\u1ea3o s\u1ea1ch 100% nh\u01b0ng cam k\u1ebft \u0111\u00fang kh\u1ed1i l\u01b0\u1ee3ng\",\"breadcrumb\":{\"@id\":\"https:\/\/tranthi.vn\/hatinh\/gia-cat-to-tai-hoi-an-tam-ky-quang-nam\/#breadcrumb\"},\"inLanguage\":\"vi\",\"potentialAction\":[{\"@type\":\"ReadAction\",\"target\":[\"https:\/\/tranthi.vn\/hatinh\/gia-cat-to-tai-hoi-an-tam-ky-quang-nam\/\"]}]},{\"@type\":\"ImageObject\",\"inLanguage\":\"vi\",\"@id\":\"https:\/\/tranthi.vn\/hatinh\/gia-cat-to-tai-hoi-an-tam-ky-quang-nam\/#primaryimage\",\"url\":\"https:\/\/tranthi.vn\/hatinh\/wp-content\/uploads\/2021\/02\/cat-to.jpg\",\"contentUrl\":\"https:\/\/tranthi.vn\/hatinh\/wp-content\/uploads\/2021\/02\/cat-to.jpg\",\"width\":400,\"height\":400},{\"@type\":\"BreadcrumbList\",\"@id\":\"https:\/\/tranthi.vn\/hatinh\/gia-cat-to-tai-hoi-an-tam-ky-quang-nam\/#breadcrumb\",\"itemListElement\":[{\"@type\":\"ListItem\",\"position\":1,\"name\":\"Trang ch\u1ee7\",\"item\":\"https:\/\/tranthi.vn\/hatinh\/\"},{\"@type\":\"ListItem\",\"position\":2,\"name\":\"Shop\",\"item\":\"https:\/\/tranthi.vn\/hatinh\/shop\/\"},{\"@type\":\"ListItem\",\"position\":3,\"name\":\"C\u00e1t T\u00f4\"}]},{\"@type\":\"WebSite\",\"@id\":\"https:\/\/tranthi.vn\/hatinh\/#website\",\"url\":\"https:\/\/tranthi.vn\/hatinh\/\",\"name\":\"V\u1eadt Li\u1ec7u X\u00e2y D\u1ef1ng Tr\u1ea7n Th\u1ecb Chi Nh\u00e1nh H\u00e0 T\u0129nh\",\"description\":\"V\u1eadt Li\u1ec7u X\u00e2y D\u1ef1ng - H\u00e0 T\u0129nh\",\"potentialAction\":[{\"@type\":\"SearchAction\",\"target\":{\"@type\":\"EntryPoint\",\"urlTemplate\":\"https:\/\/tranthi.vn\/hatinh\/?s={search_term_string}\"},\"query-input\":\"required name=search_term_string\"}],\"inLanguage\":\"vi\"},{\"@type\":\"ImageObject\",\"inLanguage\":\"vi\",\"@id\":\"https:\/\/tranthi.vn\/hatinh\/gia-cat-to-tai-hoi-an-tam-ky-quang-nam\/#local-main-organization-logo\",\"url\":\"\",\"contentUrl\":\"\",\"caption\":\"V\u1eadt Li\u1ec7u X\u00e2y D\u1ef1ng Tr\u1ea7n Th\u1ecb Chi Nh\u00e1nh H\u00e0 T\u0129nh\"}]}<\/script>\n<meta property=\"product:price:amount\" content=\"550000\" \/>\n<meta property=\"product:price:currency\" content=\"VND\" \/>\n<meta property=\"og:availability\" content=\"instock\" \/>\n<meta property=\"product:availability\" content=\"instock\" \/>\n<meta property=\"product:condition\" content=\"new\" \/>\n<!-- \/ Yoast SEO Premium plugin. -->","yoast_head_json":{"title":"C\u00e1t t\u00f4 gi\u00e1 r\u1ebb t\u1ea1i Qu\u1ea3ng Nam-0947.335.871 vlxdtr\u1ea7n Th\u1ecb","description":"Tr\u1ea7n Th\u1ecb - chuy\u00ean cung c\u1ea5p c\u00e1t t\u00f4 gi\u00e1 r\u1ebb t\u1ea1i Qu\u1ea3ng Nam, c\u00e1t \u0111\u01b0\u1ee3c l\u1ea5t t\u1eeb t\u1ef1 nhi\u00ean kh\u00f4ng th\u1ec3 \u0111\u1ea3m b\u1ea3o s\u1ea1ch 100% nh\u01b0ng cam k\u1ebft \u0111\u00fang kh\u1ed1i l\u01b0\u1ee3ng","robots":{"index":"index","follow":"follow","max-snippet":"max-snippet:-1","max-image-preview":"max-image-preview:large","max-video-preview":"max-video-preview:-1"},"canonical":"https:\/\/tranthi.vn\/hatinh\/gia-cat-to-tai-hoi-an-tam-ky-quang-nam\/","og_locale":"vi_VN","og_type":"article","og_title":"C\u00e1t T\u00f4","og_description":"Tr\u1ea7n Th\u1ecb - chuy\u00ean cung c\u1ea5p c\u00e1t t\u00f4 gi\u00e1 r\u1ebb t\u1ea1i Qu\u1ea3ng Nam, c\u00e1t \u0111\u01b0\u1ee3c l\u1ea5t t\u1eeb t\u1ef1 nhi\u00ean kh\u00f4ng th\u1ec3 \u0111\u1ea3m b\u1ea3o s\u1ea1ch 100% nh\u01b0ng cam k\u1ebft \u0111\u00fang kh\u1ed1i l\u01b0\u1ee3ng","og_url":"https:\/\/tranthi.vn\/hatinh\/gia-cat-to-tai-hoi-an-tam-ky-quang-nam\/","og_site_name":"V\u1eadt Li\u1ec7u X\u00e2y D\u1ef1ng Tr\u1ea7n Th\u1ecb Chi Nh\u00e1nh H\u00e0 T\u0129nh","article_modified_time":"2024-07-27T09:42:14+00:00","og_image":[{"width":400,"height":400,"url":"https:\/\/tranthi.vn\/hatinh\/wp-content\/uploads\/2021\/02\/cat-to.jpg","type":"image\/jpeg"}],"twitter_card":"summary_large_image","twitter_misc":{"Gi\u00e1":"550,000&nbsp;&#8363;","Kh\u1ea3 d\u1ee5ng":"Trong kho"},"schema":{"@context":"https:\/\/schema.org","@graph":[{"@type":["WebPage","ItemPage"],"@id":"https:\/\/tranthi.vn\/hatinh\/gia-cat-to-tai-hoi-an-tam-ky-quang-nam\/","url":"https:\/\/tranthi.vn\/hatinh\/gia-cat-to-tai-hoi-an-tam-ky-quang-nam\/","name":"C\u00e1t t\u00f4 gi\u00e1 r\u1ebb t\u1ea1i Qu\u1ea3ng Nam-0947.335.871 vlxdtr\u1ea7n Th\u1ecb","isPartOf":{"@id":"https:\/\/tranthi.vn\/hatinh\/#website"},"primaryImageOfPage":{"@id":"https:\/\/tranthi.vn\/hatinh\/gia-cat-to-tai-hoi-an-tam-ky-quang-nam\/#primaryimage"},"image":{"@id":"https:\/\/tranthi.vn\/hatinh\/gia-cat-to-tai-hoi-an-tam-ky-quang-nam\/#primaryimage"},"thumbnailUrl":"https:\/\/tranthi.vn\/hatinh\/wp-content\/uploads\/2021\/02\/cat-to.jpg","datePublished":"2021-02-16T09:01:46+00:00","dateModified":"2024-07-27T09:42:14+00:00","description":"Tr\u1ea7n Th\u1ecb - chuy\u00ean cung c\u1ea5p c\u00e1t t\u00f4 gi\u00e1 r\u1ebb t\u1ea1i Qu\u1ea3ng Nam, c\u00e1t \u0111\u01b0\u1ee3c l\u1ea5t t\u1eeb t\u1ef1 nhi\u00ean kh\u00f4ng th\u1ec3 \u0111\u1ea3m b\u1ea3o s\u1ea1ch 100% nh\u01b0ng cam k\u1ebft \u0111\u00fang kh\u1ed1i l\u01b0\u1ee3ng","breadcrumb":{"@id":"https:\/\/tranthi.vn\/hatinh\/gia-cat-to-tai-hoi-an-tam-ky-quang-nam\/#breadcrumb"},"inLanguage":"vi","potentialAction":[{"@type":"ReadAction","target":["https:\/\/tranthi.vn\/hatinh\/gia-cat-to-tai-hoi-an-tam-ky-quang-nam\/"]}]},{"@type":"ImageObject","inLanguage":"vi","@id":"https:\/\/tranthi.vn\/hatinh\/gia-cat-to-tai-hoi-an-tam-ky-quang-nam\/#primaryimage","url":"https:\/\/tranthi.vn\/hatinh\/wp-content\/uploads\/2021\/02\/cat-to.jpg","contentUrl":"https:\/\/tranthi.vn\/hatinh\/wp-content\/uploads\/2021\/02\/cat-to.jpg","width":400,"height":400},{"@type":"BreadcrumbList","@id":"https:\/\/tranthi.vn\/hatinh\/gia-cat-to-tai-hoi-an-tam-ky-quang-nam\/#breadcrumb","itemListElement":[{"@type":"ListItem","position":1,"name":"Trang ch\u1ee7","item":"https:\/\/tranthi.vn\/hatinh\/"},{"@type":"ListItem","position":2,"name":"Shop","item":"https:\/\/tranthi.vn\/hatinh\/shop\/"},{"@type":"ListItem","position":3,"name":"C\u00e1t T\u00f4"}]},{"@type":"WebSite","@id":"https:\/\/tranthi.vn\/hatinh\/#website","url":"https:\/\/tranthi.vn\/hatinh\/","name":"V\u1eadt Li\u1ec7u X\u00e2y D\u1ef1ng Tr\u1ea7n Th\u1ecb Chi Nh\u00e1nh H\u00e0 T\u0129nh","description":"V\u1eadt Li\u1ec7u X\u00e2y D\u1ef1ng - H\u00e0 T\u0129nh","potentialAction":[{"@type":"SearchAction","target":{"@type":"EntryPoint","urlTemplate":"https:\/\/tranthi.vn\/hatinh\/?s={search_term_string}"},"query-input":"required name=search_term_string"}],"inLanguage":"vi"},{"@type":"ImageObject","inLanguage":"vi","@id":"https:\/\/tranthi.vn\/hatinh\/gia-cat-to-tai-hoi-an-tam-ky-quang-nam\/#local-main-organization-logo","url":"","contentUrl":"","caption":"V\u1eadt Li\u1ec7u X\u00e2y D\u1ef1ng Tr\u1ea7n Th\u1ecb Chi Nh\u00e1nh H\u00e0 T\u0129nh"}]},"product_price_amount":"550000","product_price_currency":"VND","og_availability":"instock","product_availability":"instock","product_condition":"new"},"_links":{"self":[{"href":"https:\/\/tranthi.vn\/hatinh\/wp-json\/wp\/v2\/product\/824","targetHints":{"allow":["GET"]}}],"collection":[{"href":"https:\/\/tranthi.vn\/hatinh\/wp-json\/wp\/v2\/product"}],"about":[{"href":"https:\/\/tranthi.vn\/hatinh\/wp-json\/wp\/v2\/types\/product"}],"replies":[{"embeddable":true,"href":"https:\/\/tranthi.vn\/hatinh\/wp-json\/wp\/v2\/comments?post=824"}],"wp:featuredmedia":[{"embeddable":true,"href":"https:\/\/tranthi.vn\/hatinh\/wp-json\/wp\/v2\/media\/821"}],"wp:attachment":[{"href":"https:\/\/tranthi.vn\/hatinh\/wp-json\/wp\/v2\/media?parent=824"}],"wp:term":[{"taxonomy":"product_cat","embeddable":true,"href":"https:\/\/tranthi.vn\/hatinh\/wp-json\/wp\/v2\/product_cat?post=824"},{"taxonomy":"product_tag","embeddable":true,"href":"https:\/\/tranthi.vn\/hatinh\/wp-json\/wp\/v2\/product_tag?post=824"}],"curies":[{"name":"wp","href":"https:\/\/api.w.org\/{rel}","templated":true}]}}