{"id":823,"date":"2021-02-16T16:01:46","date_gmt":"2021-02-16T09:01:46","guid":{"rendered":"http:\/\/new-tranthi.test\/san-pham\/cat-xay\/"},"modified":"2024-07-29T15:50:29","modified_gmt":"2024-07-29T08:50:29","slug":"gia-cat-xay-dung-ha-tinh","status":"publish","type":"product","link":"https:\/\/tranthi.vn\/hatinh\/gia-cat-xay-dung-ha-tinh\/","title":{"rendered":"C\u00e1t X\u00e2y"},"content":{"rendered":"<h1 style=\"text-align: center;\"><span style=\"color: #ff0000;\"><strong><span style=\"font-family: 'times new roman', times, serif; font-size: 24pt;\">C\u00c1T X\u00c2Y <a href=\"https:\/\/vi.wikipedia.org\/wiki\/H%C3%A0_T%C4%A9nh\">H\u00c0 T\u0128NH<\/a><\/span><\/strong><\/span><\/h1>\n<p><span style=\"font-family: 'times new roman', times, serif; font-size: 18pt; color: #000000;\"><em><strong>C\u00e1t x\u00e2y<\/strong><\/em> lu\u00f4n l\u00e0 v\u1eadt t\u01b0 \u0111\u01b0\u1ee3c s\u1eed d\u1ee5ng xuy\u00ean su\u1ed1t t\u1eeb \u0111\u1ea7u \u0111\u1ebfn cu\u1ed1i c\u00f4ng tr\u00ecnh, trong n\u0103m v\u1eeba qua <strong>gi\u00e1<\/strong> <em>c\u00e1t x\u00e2y<\/em> t\u1ea1i H\u00e0 T\u0129nh bi\u1ebfn \u0111\u1ed9ng kh\u00e1 nh\u1eb9, c\u00f3 th\u1ec3 g\u1ecdi l\u00e0 \u1ed5n \u0111\u1ecbnh.<\/span><\/p>\n<p style=\"text-align: center;\"><span style=\"font-family: 'times new roman', times, serif; font-size: 14pt; color: #ff0000;\"><strong>Ph\u00e2n bi\u1ec7t c\u00e1t s\u1ea1ch c\u00e1t b\u1ea9n<\/strong><\/span><\/p>\n<p style=\"text-align: center;\"><iframe loading=\"lazy\" src=\"\/\/www.youtube.com\/embed\/d700UHkh2aE\" width=\"560\" height=\"314\" allowfullscreen=\"allowfullscreen\"><\/iframe><\/p>\n<p><span style=\"font-family: 'times new roman', times, serif; font-size: 18pt; color: #000000;\"> T\u1ea1i <a href=\"https:\/\/vi.wikipedia.org\/wiki\/H%C3%A0_T%C4%A9nh\">H\u00e0 T\u0129nh<\/a> c\u00f3 r\u1ea5t nhi\u1ec1u b\u00e3i<em> c\u00e1t<\/em> t\u1ef1 ph\u00e1t \u0111\u01b0\u1ee3c \u0111\u1eb7t t\u1ea1i c\u00e1c khu x\u00e2y d\u1ef1ng m\u1edbi nh\u01b0 khu H\u00f2a Xu\u00e2n, Nam Vi\u1ec7t \u00c1, Ph\u01b0\u1edbc l\u00fd. <\/span><\/p>\n<p><span style=\"font-family: 'times new roman', times, serif; font-size: 18pt; color: #000000;\"><strong>C\u00e1t x\u00e2y<\/strong> \u0111\u01b0\u1ee3c li\u00ean k\u1ebft v\u1edbi g\u1ea1ch 6 l\u1ed7 \u0111\u1ec3 t\u1ea1o ra c\u00e1c m\u1ea3ng t\u01b0\u1eddng ng\u0103n ph\u00f2ng. <\/span><\/p>\n<p><span style=\"font-family: 'times new roman', times, serif; font-size: 18pt; color: #000000;\"><em>C\u00e1<\/em>t <em><strong>x\u00e2y<\/strong><\/em> c\u0169ng \u1ea3nh h\u01b0\u1edfng r\u1ea5t l\u1edbn ch\u1ea5t l\u01b0\u1ee3ng c\u00f4ng tr\u00ecnh c\u0169ng nh\u01b0 kh\u1ea3 n\u0103ng ch\u1ed1ng th\u1ea5m cho c\u00f4ng tr\u00ecnh nh\u00e0 b\u1ea1n. V\u00ec <strong><em>c\u00e1t<\/em><\/strong> x\u00e2y \u0111\u01b0\u1ee3c l\u1ea5y t\u1eeb s\u00f4ng v\u00ec vi\u1ec7c c\u00f3 l\u1eabn c\u00e1c t\u1ea1p ch\u1ea5t nh\u01b0 c\u00e2y, v\u00f5 s\u00f2, b\u00f9n l\u00e0 \u0111i\u1ec1u kh\u00f4ng tr\u00e1nh kh\u1ecfi.<\/span><\/p>\n<p><span style=\"font-family: 'times new roman', times, serif; font-size: 18pt; color: #000000;\"> Hi\u1ec7n nay, ch\u1ec9 c\u00f3 <em>c\u00e1t<\/em> t\u00f4 l\u00e0 ng\u01b0\u1eddi ta s\u00e0n qua l\u01b0\u1edbi, c\u00f2n <em><strong>c\u00e1t x\u00e2y<\/strong><\/em> v\u00e0 <em>c\u00e1t<\/em> \u0111\u00fac l\u00e0 g\u1ea7n nh\u01b0 kh\u00f4ng<\/span><\/p>\n<h2><strong><span style=\"font-family: 'times new roman', times, serif; font-size: 18pt; color: #ff0000;\">1. GI\u00c1 <em>C\u00c1T X\u00c2Y\u00a0<\/em><\/span><\/strong><\/h2>\n<p><span style=\"font-family: 'times new roman', times, serif; font-size: 18pt; color: #000000;\"><a href=\"https:\/\/vi.wikipedia.org\/wiki\/C%C3%A1t\">C\u00e1t x\u00e2y<\/a> c\u00f3 \u0111\u1eb7c \u0111i\u1ec3m h\u1ea1t c\u00e1t m\u1ecbn, m\u00e0u s\u1eabm, c\u00f3 \u0111\u1ed9 s\u1ea1ch \u0111\u1ea1t chu\u1ea9n. Lo\u1ea1i c\u00e1t n\u00e0y th\u01b0\u1eddng c\u00f3 gi\u00e1 r\u1ebb h\u01a1n so v\u1edbi c\u00e1c lo\u1ea1i <strong>c\u00e1t<\/strong> b\u00ea t\u00f4ng v\u00e0 <strong>c\u00e1t<\/strong> h\u1ea1t v\u00e0ng lo\u1ea1i \u0111\u1eb9p.<\/span><\/p>\n<p><span style=\"font-family: 'times new roman', times, serif; font-size: 18pt; color: #000000;\"><em><strong>Gi\u00e1 c\u00e1t x\u00e2y<\/strong><\/em> t\u1ea1i<a href=\"https:\/\/vi.wikipedia.org\/wiki\/H%C3%A0_T%C4%A9nh\"><b><i> H\u00e0 T\u0129nh <\/i><\/b><\/a>ph\u1ee5 thu\u1ed9c v\u00e0o nhi\u1ec1u y\u1ebfu t\u1ed1. V\u00e0 t\u00f9y v\u00e0o t\u1eebng nhu c\u1ea7u s\u1eed d\u1ee5ng c\u1ee7a c\u00f4ng t\u00ecnh s\u1ebd c\u00f3 nh\u1eefng lo\u1ea1i <em>c\u00e1t<\/em> kh\u00e1c nhau v\u00e0 m\u1ee9c gi\u00e1 kh\u00e1c nhau<\/span><\/p>\n<p>&nbsp;<\/p>\n<p style=\"text-align: center;\"><iframe loading=\"lazy\" src=\"\/\/www.youtube.com\/embed\/mkBUz9V1tIE\" width=\"560\" height=\"314\" allowfullscreen=\"allowfullscreen\"><\/iframe><\/p>\n<blockquote><p>&nbsp;<\/p><\/blockquote>\n<h2><strong><span style=\"font-family: 'times new roman', times, serif; font-size: 18pt; color: #ff0000;\">2. C\u00c1CH T\u00cdNH TH\u00d9NG XE QUY RA KH\u1ed0I C\u00c1T<\/span><\/strong><\/h2>\n<p><span style=\"font-family: 'times new roman', times, serif; font-size: 18pt; color: #000000;\">C\u00e1c b\u1ea1n ti\u1ebfn h\u00e0nh \u0111o \u0111o chi\u1ec1u cao, chi\u1ec1u d\u00e0i v\u00e0 chi\u1ec1u ngang c\u1ee7a\u00a0 th\u00f9ng xe. Sau \u0111\u00f3 nh\u00e2n l\u1ea1i v\u1edbi nhau s\u1ebd ra kh\u1ed1i th\u00f9ng xe<\/span><\/p>\n<p><span style=\"font-family: 'times new roman', times, serif; font-size: 18pt; color: #000000;\">\u0110a s\u1ed1 nh\u1eefng \u0111\u01a1n v\u1ecb cung c\u1ea5p <em><strong>c\u00e1t x\u00e2y<\/strong><\/em> s\u1ebd l\u1ee3i d\u1ee5ng s\u01a1 h\u1edf n\u00e0y c\u1ee7a kh\u00e1ch h\u00e0ng \u0111\u1ec3 \u0103n gian kh\u1ed1i l\u01b0\u1ee3ng. C\u00e1c b\u1ea1n n\u00ean t\u1ef1 ki\u1ec3m tra ho\u1eb7c thu\u00ea ng\u01b0\u1eddi gi\u00e1m s\u00e1t \u0111\u1ec3 ki\u1ec3m tra cho ch\u1eafc ch\u1eafn nh\u1ea5t<\/span><\/p>\n<h2 class=\"title style-scope ytd-video-primary-info-renderer\"><span style=\"color: #ff0000; font-size: 18pt;\"><strong><span style=\"font-family: 'times new roman', times, serif;\">Video h\u01b0\u1edbng d\u1eabn c\u00e1ch \u0111o th\u00f9ng xe quy ra kh\u1ed1i<\/span><\/strong><\/span><\/h2>\n<p style=\"text-align: center;\"><iframe loading=\"lazy\" src=\"\/\/www.youtube.com\/embed\/-weRntM2Osc?t=4s\" width=\"560\" height=\"314\" allowfullscreen=\"allowfullscreen\"><\/iframe><\/p>\n","protected":false},"excerpt":{"rendered":"<p><span style=\"font-family: 'times new roman', times, serif; font-size: 130%; color: #000000;\">\ud83e\udd70\u0110\u1eb7c \u0111i\u1ec3m:<\/span><\/p>\n<p><span style=\"font-size: 130%; font-family: 'times new roman', times, serif;\"><strong><span style=\"color: #000000;\">H\u1ea1t c\u00e1t m\u1ecbn, m\u00e0u s\u1eabm, c\u00f3 \u0111\u1ed9 s\u1ea1ch \u0111\u1ea1t chu\u1ea9n<\/span><\/strong><\/span><\/p>\n<p><span style=\"color: #000000; font-size: 130%; font-family: 'times new roman', times, serif;\">\ud83e\udd70 Giao h\u00e0ng trong \u0111\u1ecba b\u00e0n<a href=\"https:\/\/vi.wikipedia.org\/wiki\/H%C3%A0_T%C4%A9nh\"><span style=\"color: #008000;\"> H\u00e0 T\u0129nh<\/span><\/a><\/span><\/p>\n<p><span style=\"color: #000000; font-size: 130%; font-family: 'times new roman', times, serif;\">\ud83e\udd70 \u0110\u01a1n v\u1ecb t\u00ednh: m kh\u1ed1i<\/span><\/p>\n<p><span style=\"color: #000000; font-size: 130%; font-family: 'times new roman', times, serif;\">\ud83e\udd70 Giao h\u00e0ng t\u1eeb 3 kh\u1ed1i tr\u1edf l\u00ean. Cam k\u1ebft \u0111i \u0111\u00fang kh\u1ed1i.<\/span><\/p>\n<p><span style=\"font-family: 'times new roman', times, serif; font-size: 130%; color: #000000;\">(Ch\u00fang t\u00f4i kh\u00f4ng cam k\u1ebft c\u00e1t s\u1ea1ch 100 ph\u1ea7n tr\u0103m , v\u00ec c\u00e1t l\u1ea5y t\u1ea1i s\u00f4ng v\u00e0 b\u00e3i . ch\u00fang t\u00f4i ko ki\u1ec3m so\u00e1t \u0111\u01b0\u1ee3c)<\/span><\/p>\n","protected":false},"featured_media":821,"comment_status":"open","ping_status":"closed","template":"","meta":[],"product_cat":[204,203],"product_tag":[],"class_list":{"0":"post-823","1":"product","2":"type-product","3":"status-publish","4":"has-post-thumbnail","6":"product_cat-cat-xay-dung","7":"product_cat-vat-lieu-xay-dung","9":"first","10":"instock","11":"sale","12":"shipping-taxable","13":"purchasable","14":"product-type-simple"},"yoast_head":"<!-- This site is optimized with the Yoast SEO Premium plugin v22.3 (Yoast SEO v22.8) - https:\/\/yoast.com\/wordpress\/plugins\/seo\/ -->\n<title>Gi\u00e1 c\u00e1t x\u00e2y m\u1edbi nh\u1ea5t t\u1ea1i H\u00e0 T\u0129nh-0947.335.871 Tr\u1ea7n Th\u1ecb<\/title>\n<meta name=\"description\" content=\"Tr\u1ea7n Th\u1ecb - chuy\u00ean cung c\u1ea5p c\u00e1t x\u00e2y gi\u00e1 r\u1ebb t\u1ea1i H\u00e0 T\u0129nh, c\u00e1t \u0111\u01b0\u1ee3c l\u1ea5y t\u1eeb t\u1ef1 nhi\u00ean n\u00ean kh\u00f4ng \u0111\u1ea3m b\u1ea3o s\u1ea1ch 100%, nh\u01b0ng \u0111\u1ea3m b\u1ea3o \u0111\u00fang kh\u1ed1i l\u01b0\u1ee3ng\" \/>\n<meta name=\"robots\" content=\"index, follow, max-snippet:-1, max-image-preview:large, max-video-preview:-1\" \/>\n<link rel=\"canonical\" href=\"https:\/\/tranthi.vn\/hatinh\/gia-cat-xay-dung-ha-tinh\/\" \/>\n<meta property=\"og:locale\" content=\"vi_VN\" \/>\n<meta property=\"og:type\" content=\"article\" \/>\n<meta property=\"og:title\" content=\"C\u00e1t X\u00e2y\" \/>\n<meta property=\"og:description\" content=\"Tr\u1ea7n Th\u1ecb - chuy\u00ean cung c\u1ea5p c\u00e1t x\u00e2y gi\u00e1 r\u1ebb t\u1ea1i H\u00e0 T\u0129nh, c\u00e1t \u0111\u01b0\u1ee3c l\u1ea5y t\u1eeb t\u1ef1 nhi\u00ean n\u00ean kh\u00f4ng \u0111\u1ea3m b\u1ea3o s\u1ea1ch 100%, nh\u01b0ng \u0111\u1ea3m b\u1ea3o \u0111\u00fang kh\u1ed1i l\u01b0\u1ee3ng\" \/>\n<meta property=\"og:url\" content=\"https:\/\/tranthi.vn\/hatinh\/gia-cat-xay-dung-ha-tinh\/\" \/>\n<meta property=\"og:site_name\" content=\"V\u1eadt Li\u1ec7u X\u00e2y D\u1ef1ng Tr\u1ea7n Th\u1ecb Chi Nh\u00e1nh H\u00e0 T\u0129nh\" \/>\n<meta property=\"article:modified_time\" content=\"2024-07-29T08:50:29+00:00\" \/>\n<meta property=\"og:image\" content=\"https:\/\/tranthi.vn\/hatinh\/wp-content\/uploads\/2021\/02\/cat-to.jpg\" \/>\n\t<meta property=\"og:image:width\" content=\"400\" \/>\n\t<meta property=\"og:image:height\" content=\"400\" \/>\n\t<meta property=\"og:image:type\" content=\"image\/jpeg\" \/>\n<meta name=\"twitter:card\" content=\"summary_large_image\" \/>\n<meta name=\"twitter:label1\" content=\"Gi\u00e1\" \/>\n\t<meta name=\"twitter:data1\" content=\"550,000&nbsp;&#8363;\" \/>\n\t<meta name=\"twitter:label2\" content=\"Kh\u1ea3 d\u1ee5ng\" \/>\n\t<meta name=\"twitter:data2\" content=\"Trong kho\" \/>\n<script type=\"application\/ld+json\" class=\"yoast-schema-graph\">{\"@context\":\"https:\/\/schema.org\",\"@graph\":[{\"@type\":[\"WebPage\",\"ItemPage\"],\"@id\":\"https:\/\/tranthi.vn\/hatinh\/gia-cat-xay-dung-ha-tinh\/\",\"url\":\"https:\/\/tranthi.vn\/hatinh\/gia-cat-xay-dung-ha-tinh\/\",\"name\":\"Gi\u00e1 c\u00e1t x\u00e2y m\u1edbi nh\u1ea5t t\u1ea1i H\u00e0 T\u0129nh-0947.335.871 Tr\u1ea7n Th\u1ecb\",\"isPartOf\":{\"@id\":\"https:\/\/tranthi.vn\/hatinh\/#website\"},\"primaryImageOfPage\":{\"@id\":\"https:\/\/tranthi.vn\/hatinh\/gia-cat-xay-dung-ha-tinh\/#primaryimage\"},\"image\":{\"@id\":\"https:\/\/tranthi.vn\/hatinh\/gia-cat-xay-dung-ha-tinh\/#primaryimage\"},\"thumbnailUrl\":\"https:\/\/tranthi.vn\/hatinh\/wp-content\/uploads\/2021\/02\/cat-to.jpg\",\"datePublished\":\"2021-02-16T09:01:46+00:00\",\"dateModified\":\"2024-07-29T08:50:29+00:00\",\"description\":\"Tr\u1ea7n Th\u1ecb - chuy\u00ean cung c\u1ea5p c\u00e1t x\u00e2y gi\u00e1 r\u1ebb t\u1ea1i H\u00e0 T\u0129nh, c\u00e1t \u0111\u01b0\u1ee3c l\u1ea5y t\u1eeb t\u1ef1 nhi\u00ean n\u00ean kh\u00f4ng \u0111\u1ea3m b\u1ea3o s\u1ea1ch 100%, nh\u01b0ng \u0111\u1ea3m b\u1ea3o \u0111\u00fang kh\u1ed1i l\u01b0\u1ee3ng\",\"breadcrumb\":{\"@id\":\"https:\/\/tranthi.vn\/hatinh\/gia-cat-xay-dung-ha-tinh\/#breadcrumb\"},\"inLanguage\":\"vi\",\"potentialAction\":[{\"@type\":\"ReadAction\",\"target\":[\"https:\/\/tranthi.vn\/hatinh\/gia-cat-xay-dung-ha-tinh\/\"]}]},{\"@type\":\"ImageObject\",\"inLanguage\":\"vi\",\"@id\":\"https:\/\/tranthi.vn\/hatinh\/gia-cat-xay-dung-ha-tinh\/#primaryimage\",\"url\":\"https:\/\/tranthi.vn\/hatinh\/wp-content\/uploads\/2021\/02\/cat-to.jpg\",\"contentUrl\":\"https:\/\/tranthi.vn\/hatinh\/wp-content\/uploads\/2021\/02\/cat-to.jpg\",\"width\":400,\"height\":400},{\"@type\":\"BreadcrumbList\",\"@id\":\"https:\/\/tranthi.vn\/hatinh\/gia-cat-xay-dung-ha-tinh\/#breadcrumb\",\"itemListElement\":[{\"@type\":\"ListItem\",\"position\":1,\"name\":\"Trang ch\u1ee7\",\"item\":\"https:\/\/tranthi.vn\/hatinh\/\"},{\"@type\":\"ListItem\",\"position\":2,\"name\":\"Shop\",\"item\":\"https:\/\/tranthi.vn\/hatinh\/shop\/\"},{\"@type\":\"ListItem\",\"position\":3,\"name\":\"C\u00e1t X\u00e2y\"}]},{\"@type\":\"WebSite\",\"@id\":\"https:\/\/tranthi.vn\/hatinh\/#website\",\"url\":\"https:\/\/tranthi.vn\/hatinh\/\",\"name\":\"V\u1eadt Li\u1ec7u X\u00e2y D\u1ef1ng Tr\u1ea7n Th\u1ecb Chi Nh\u00e1nh H\u00e0 T\u0129nh\",\"description\":\"V\u1eadt Li\u1ec7u X\u00e2y D\u1ef1ng - H\u00e0 T\u0129nh\",\"potentialAction\":[{\"@type\":\"SearchAction\",\"target\":{\"@type\":\"EntryPoint\",\"urlTemplate\":\"https:\/\/tranthi.vn\/hatinh\/?s={search_term_string}\"},\"query-input\":\"required name=search_term_string\"}],\"inLanguage\":\"vi\"},{\"@type\":\"ImageObject\",\"inLanguage\":\"vi\",\"@id\":\"https:\/\/tranthi.vn\/hatinh\/gia-cat-xay-dung-ha-tinh\/#local-main-organization-logo\",\"url\":\"\",\"contentUrl\":\"\",\"caption\":\"V\u1eadt Li\u1ec7u X\u00e2y D\u1ef1ng Tr\u1ea7n Th\u1ecb Chi Nh\u00e1nh H\u00e0 T\u0129nh\"}]}<\/script>\n<meta property=\"product:price:amount\" content=\"550000\" \/>\n<meta property=\"product:price:currency\" content=\"VND\" \/>\n<meta property=\"og:availability\" content=\"instock\" \/>\n<meta property=\"product:availability\" content=\"instock\" \/>\n<meta property=\"product:condition\" content=\"new\" \/>\n<!-- \/ Yoast SEO Premium plugin. -->","yoast_head_json":{"title":"Gi\u00e1 c\u00e1t x\u00e2y m\u1edbi nh\u1ea5t t\u1ea1i H\u00e0 T\u0129nh-0947.335.871 Tr\u1ea7n Th\u1ecb","description":"Tr\u1ea7n Th\u1ecb - chuy\u00ean cung c\u1ea5p c\u00e1t x\u00e2y gi\u00e1 r\u1ebb t\u1ea1i H\u00e0 T\u0129nh, c\u00e1t \u0111\u01b0\u1ee3c l\u1ea5y t\u1eeb t\u1ef1 nhi\u00ean n\u00ean kh\u00f4ng \u0111\u1ea3m b\u1ea3o s\u1ea1ch 100%, nh\u01b0ng \u0111\u1ea3m b\u1ea3o \u0111\u00fang kh\u1ed1i l\u01b0\u1ee3ng","robots":{"index":"index","follow":"follow","max-snippet":"max-snippet:-1","max-image-preview":"max-image-preview:large","max-video-preview":"max-video-preview:-1"},"canonical":"https:\/\/tranthi.vn\/hatinh\/gia-cat-xay-dung-ha-tinh\/","og_locale":"vi_VN","og_type":"article","og_title":"C\u00e1t X\u00e2y","og_description":"Tr\u1ea7n Th\u1ecb - chuy\u00ean cung c\u1ea5p c\u00e1t x\u00e2y gi\u00e1 r\u1ebb t\u1ea1i H\u00e0 T\u0129nh, c\u00e1t \u0111\u01b0\u1ee3c l\u1ea5y t\u1eeb t\u1ef1 nhi\u00ean n\u00ean kh\u00f4ng \u0111\u1ea3m b\u1ea3o s\u1ea1ch 100%, nh\u01b0ng \u0111\u1ea3m b\u1ea3o \u0111\u00fang kh\u1ed1i l\u01b0\u1ee3ng","og_url":"https:\/\/tranthi.vn\/hatinh\/gia-cat-xay-dung-ha-tinh\/","og_site_name":"V\u1eadt Li\u1ec7u X\u00e2y D\u1ef1ng Tr\u1ea7n Th\u1ecb Chi Nh\u00e1nh H\u00e0 T\u0129nh","article_modified_time":"2024-07-29T08:50:29+00:00","og_image":[{"width":400,"height":400,"url":"https:\/\/tranthi.vn\/hatinh\/wp-content\/uploads\/2021\/02\/cat-to.jpg","type":"image\/jpeg"}],"twitter_card":"summary_large_image","twitter_misc":{"Gi\u00e1":"550,000&nbsp;&#8363;","Kh\u1ea3 d\u1ee5ng":"Trong kho"},"schema":{"@context":"https:\/\/schema.org","@graph":[{"@type":["WebPage","ItemPage"],"@id":"https:\/\/tranthi.vn\/hatinh\/gia-cat-xay-dung-ha-tinh\/","url":"https:\/\/tranthi.vn\/hatinh\/gia-cat-xay-dung-ha-tinh\/","name":"Gi\u00e1 c\u00e1t x\u00e2y m\u1edbi nh\u1ea5t t\u1ea1i H\u00e0 T\u0129nh-0947.335.871 Tr\u1ea7n Th\u1ecb","isPartOf":{"@id":"https:\/\/tranthi.vn\/hatinh\/#website"},"primaryImageOfPage":{"@id":"https:\/\/tranthi.vn\/hatinh\/gia-cat-xay-dung-ha-tinh\/#primaryimage"},"image":{"@id":"https:\/\/tranthi.vn\/hatinh\/gia-cat-xay-dung-ha-tinh\/#primaryimage"},"thumbnailUrl":"https:\/\/tranthi.vn\/hatinh\/wp-content\/uploads\/2021\/02\/cat-to.jpg","datePublished":"2021-02-16T09:01:46+00:00","dateModified":"2024-07-29T08:50:29+00:00","description":"Tr\u1ea7n Th\u1ecb - chuy\u00ean cung c\u1ea5p c\u00e1t x\u00e2y gi\u00e1 r\u1ebb t\u1ea1i H\u00e0 T\u0129nh, c\u00e1t \u0111\u01b0\u1ee3c l\u1ea5y t\u1eeb t\u1ef1 nhi\u00ean n\u00ean kh\u00f4ng \u0111\u1ea3m b\u1ea3o s\u1ea1ch 100%, nh\u01b0ng \u0111\u1ea3m b\u1ea3o \u0111\u00fang kh\u1ed1i l\u01b0\u1ee3ng","breadcrumb":{"@id":"https:\/\/tranthi.vn\/hatinh\/gia-cat-xay-dung-ha-tinh\/#breadcrumb"},"inLanguage":"vi","potentialAction":[{"@type":"ReadAction","target":["https:\/\/tranthi.vn\/hatinh\/gia-cat-xay-dung-ha-tinh\/"]}]},{"@type":"ImageObject","inLanguage":"vi","@id":"https:\/\/tranthi.vn\/hatinh\/gia-cat-xay-dung-ha-tinh\/#primaryimage","url":"https:\/\/tranthi.vn\/hatinh\/wp-content\/uploads\/2021\/02\/cat-to.jpg","contentUrl":"https:\/\/tranthi.vn\/hatinh\/wp-content\/uploads\/2021\/02\/cat-to.jpg","width":400,"height":400},{"@type":"BreadcrumbList","@id":"https:\/\/tranthi.vn\/hatinh\/gia-cat-xay-dung-ha-tinh\/#breadcrumb","itemListElement":[{"@type":"ListItem","position":1,"name":"Trang ch\u1ee7","item":"https:\/\/tranthi.vn\/hatinh\/"},{"@type":"ListItem","position":2,"name":"Shop","item":"https:\/\/tranthi.vn\/hatinh\/shop\/"},{"@type":"ListItem","position":3,"name":"C\u00e1t X\u00e2y"}]},{"@type":"WebSite","@id":"https:\/\/tranthi.vn\/hatinh\/#website","url":"https:\/\/tranthi.vn\/hatinh\/","name":"V\u1eadt Li\u1ec7u X\u00e2y D\u1ef1ng Tr\u1ea7n Th\u1ecb Chi Nh\u00e1nh H\u00e0 T\u0129nh","description":"V\u1eadt Li\u1ec7u X\u00e2y D\u1ef1ng - H\u00e0 T\u0129nh","potentialAction":[{"@type":"SearchAction","target":{"@type":"EntryPoint","urlTemplate":"https:\/\/tranthi.vn\/hatinh\/?s={search_term_string}"},"query-input":"required name=search_term_string"}],"inLanguage":"vi"},{"@type":"ImageObject","inLanguage":"vi","@id":"https:\/\/tranthi.vn\/hatinh\/gia-cat-xay-dung-ha-tinh\/#local-main-organization-logo","url":"","contentUrl":"","caption":"V\u1eadt Li\u1ec7u X\u00e2y D\u1ef1ng Tr\u1ea7n Th\u1ecb Chi Nh\u00e1nh H\u00e0 T\u0129nh"}]},"product_price_amount":"550000","product_price_currency":"VND","og_availability":"instock","product_availability":"instock","product_condition":"new"},"_links":{"self":[{"href":"https:\/\/tranthi.vn\/hatinh\/wp-json\/wp\/v2\/product\/823","targetHints":{"allow":["GET"]}}],"collection":[{"href":"https:\/\/tranthi.vn\/hatinh\/wp-json\/wp\/v2\/product"}],"about":[{"href":"https:\/\/tranthi.vn\/hatinh\/wp-json\/wp\/v2\/types\/product"}],"replies":[{"embeddable":true,"href":"https:\/\/tranthi.vn\/hatinh\/wp-json\/wp\/v2\/comments?post=823"}],"wp:featuredmedia":[{"embeddable":true,"href":"https:\/\/tranthi.vn\/hatinh\/wp-json\/wp\/v2\/media\/821"}],"wp:attachment":[{"href":"https:\/\/tranthi.vn\/hatinh\/wp-json\/wp\/v2\/media?parent=823"}],"wp:term":[{"taxonomy":"product_cat","embeddable":true,"href":"https:\/\/tranthi.vn\/hatinh\/wp-json\/wp\/v2\/product_cat?post=823"},{"taxonomy":"product_tag","embeddable":true,"href":"https:\/\/tranthi.vn\/hatinh\/wp-json\/wp\/v2\/product_tag?post=823"}],"curies":[{"name":"wp","href":"https:\/\/api.w.org\/{rel}","templated":true}]}}