{"id":808,"date":"2021-02-16T15:37:02","date_gmt":"2021-02-16T15:37:02","guid":{"rendered":"http:\/\/new-tranthi.test\/san-pham\/bot-ba-viglacera-ngoai-that-cao-cap-bao-40kg\/"},"modified":"2024-05-01T12:31:17","modified_gmt":"2024-05-01T05:31:17","slug":"bot-ba-viglacera-ngoai-that-cao-cap-bao-40kg","status":"publish","type":"product","link":"https:\/\/tranthi.vn\/hatinh\/bot-ba-viglacera-ngoai-that-cao-cap-bao-40kg\/","title":{"rendered":"B\u1ed9t B\u1ea3 Viglacera Ngo\u1ea1i Th\u1ea5t Cao C\u1ea5p-Bao 40kg"},"content":{"rendered":"<h1 style=\"text-align: center;\"><a href=\"http:\/\/tranthi.vn\/quangnam\/bot-ba-viglacera-ngoai-that-cao-cap\/\"><span style=\"color: #008000;\"><strong><span style=\"font-family: 'times new roman', times, serif; font-size: 18pt;\">B\u1ed8T B\u1ea2 VIGLACERA NGO\u1ea0I TH\u1ea4T CAO C\u1ea4P<\/span><\/strong><\/span><\/a><\/h1>\n<p><span style=\"font-family: 'times new roman', times, serif; font-size: 14pt;\"><span style=\"color: #008000;\"><em><strong>B\u1ed9t B\u1ea3 Viglacera Ngo\u1ea1i Th\u1ea5t Cao C\u1ea5p<\/strong><\/em><\/span> l\u00e0 lo\u1ea1i b\u1ed9t ch\u00e9t \u0111\u01b0\u1ee3c s\u1ea3n xu\u1ea5t v\u1edbi c\u00f4ng ngh\u1ec7 m\u1edbi, \u0111\u01b0\u1ee3c t\u1ed5ng h\u1ee3p t\u1eeb xi m\u0103ng Portland, b\u1ed9t keo, Ph\u1ee5 gia ch\u1ed1ng th\u1ea5m, ch\u1ed1ng n\u1ea5m m\u1ed1c. B\u1ed9t ch\u00e9t t\u01b0\u1eddng cao c\u1ea5p Viglacera ph\u00f9 h\u1ee3p v\u1edbi cho nh\u1eefng c\u00f4ng tr\u00ecnh \u00a0ki\u1ebfn tr\u00fac \u0111\u00f2i h\u1ecfi cao v\u1ec1 ch\u1ea5t l\u01b0\u1ee3ng, m\u1ef9 thu\u1eadt nh\u01b0: Kh\u00e1ch s\u1ea1n, v\u0103n ph\u00f2ng cao c\u1ea5p, bi\u1ec7t th\u1ef1 nh\u00e0 v\u01b0\u1eddn \u2026<\/span><\/p>\n<h2><span style=\"font-family: 'times new roman', times, serif; font-size: 14pt;\"><strong><span style=\"color: #ff0000;\">1. \u0110\u1eb6C \u0110I\u1ec2M\u00a0<\/span><\/strong><\/span><\/h2>\n<p><span style=\"font-family: 'times new roman', times, serif; font-size: 14pt;\">\u2013 \u0110\u00f3ng g\u00f3i: 40 Kg c\u1ea3 bao b\u00ec<\/span><\/p>\n<p><span style=\"font-family: 'times new roman', times, serif; font-size: 14pt;\">\u2013 C\u01b0\u1eddng \u0111\u1ed9 b\u00e1m d\u00ednh: 0,6 \u2013 2MPA<\/span><\/p>\n<p><span style=\"font-family: 'times new roman', times, serif; font-size: 14pt;\">\u2013 \u0110\u1ed9 ph\u1ee7 l\u00fd thuy\u1ebft: 0,55 \u2013 0,65m2\/Kg<\/span><\/p>\n<p><span style=\"font-family: 'times new roman', times, serif; font-size: 14pt;\">\u2013 H\u1ea1n b\u1ea3o qu\u1ea3n: 24 th\u00e1ng k\u1ec3 t\u1eeb ng\u00e0y s\u1ea3n xu\u1ea5t<\/span><\/p>\n<h2><span style=\"font-family: 'times new roman', times, serif; font-size: 14pt;\"><strong><span style=\"color: #ff0000;\">2. H\u01af\u1edaNG D\u1eaaN S\u1eec D\u1ee4NG<\/span><\/strong><\/span><\/h2>\n<p><span style=\"font-family: 'times new roman', times, serif; font-size: 14pt;\">\u2013 Tr\u1ed9n b\u1ed9t tr\u00e9t v\u1edbi n\u01b0\u1edbc\u00a0 cho v\u1eeba \u0111\u1ee7 \u0111\u1ed9 s\u1ec7t \u0111\u1ec3 c\u00f3 th\u1ec3 b\u1ea3 d\u1ec5 d\u00e0ng l\u00ean t\u01b0\u1eddng. Th\u00f4ng th\u01b0\u1eddng m\u1ed9t bao b\u1ed9t tr\u00e9t cho v\u00e0o kho\u1ea3ng 40-45% n\u01b0\u1edbc s\u1ea1ch, l\u01b0\u1ee3ng n\u01b0\u1edbc n\u00e0y ph\u1ee5 thu\u1ed9c v\u00e0o b\u1ec1 m\u1eb7t, nhi\u1ec7t \u0111\u1ed9 v\u00e0 \u0111\u1ed9 \u1ea9m.<\/span><\/p>\n<p><span style=\"font-family: 'times new roman', times, serif; font-size: 14pt;\">\u2013 Cho t\u1eeb t\u1eeb b\u1ed9t tr\u00e9t v\u00e0o n\u01b0\u1edbc, khu\u1ea5y k\u1ef9, \u0111\u1ec3 y\u00ean ch\u1eebng 5-10 ph\u00fat, sau \u0111\u00f3 khu\u1ea5y l\u1ea1i v\u00e0 d\u00f9ng bay, m\u00e1y phun b\u1ea3 b\u1ed9t tr\u00e9t l\u00ean t\u01b0\u1eddng v\u1edbi \u0111\u1ed9 d\u00e0y v\u1eeba \u0111\u1ee7 \u0111\u1ec3 che ph\u1ee7 b\u1ec1 m\u1eb7t t\u01b0\u1eddng. Kh\u00f4ng n\u00ean b\u1ea3 qu\u00e1 d\u00e0y, t\u1ed1i \u0111a kh\u00f4ng \u0111\u01b0\u1ee3c v\u01b0\u1ee3t qu\u00e1 3mm cho 2 l\u1edbp.<\/span><\/p>\n<p><span style=\"font-family: 'times new roman', times, serif; font-size: 14pt;\">\u2013 C\u00f3 th\u1ec3 b\u1ea3 2 l\u1edbp, m\u1ed7i l\u1edbp c\u00e1ch nhau 2-4 gi\u1edd. Sau khi b\u1ed9t tr\u00e9t kh\u00f4 d\u00f9ng gi\u1ea5y nh\u00e1m ch\u00e0 nh\u1eb5n l\u00e0m cho b\u1ec1 m\u1eb7t b\u1ed9t tr\u00e9t m\u1ecbn ph\u1eb3ng. Sau \u0111\u00f3 v\u1ec7 sinh s\u1ea1ch b\u1ee5i b\u1ed9t tr\u00e9t tr\u01b0\u1edbc khi ti\u1ebfn h\u00e0nh s\u01a1n ph\u1ee7. Sau 48 h m\u1edbi ti\u1ebfp t\u1ee5c s\u01a1n ph\u1ee7 b\u00ean ngo\u00e0i v\u00ec l\u00fac n\u00e0y t\u00ednh kh\u00e1ng ki\u1ec1m c\u1ee7a b\u1ed9t tr\u00e9t \u0111\u00e3 ho\u00e0n h\u1ea3o.<\/span><\/p>\n<p><span style=\"font-family: 'times new roman', times, serif; font-size: 14pt;\">Khi b\u1ec1 m\u1eb7t \u0111\u00e3 kh\u00f4 ho\u00e0n to\u00e0n, l\u00e0m nh\u1eb5n b\u1ec1 m\u1eb7t b\u1eb1ng gi\u1ea5y nh\u00e1m, b\u1ec1 d\u1ea7y l\u1edbp tr\u00e9t t\u1ed1t nh\u1ea5t t\u1eeb 1- 3mm, kh\u00f4ng n\u00ean \u0111\u1ec3 h\u1ed7n h\u1ee3p \u0111\u00e3 tr\u1ed9n n\u01b0\u1edbc qu\u00e1 4 gi\u1edd .<\/span><\/p>\n<p style=\"text-align: center;\"><img loading=\"lazy\" decoding=\"async\" class=\"alignnone size-full wp-image-815\" src=\"http:\/\/tranthi.vn\/quangnam\/wp-content\/uploads\/2021\/02\/bot-tret-tran-thi.jpeg\" alt=\"\" width=\"225\" height=\"225\" srcset=\"https:\/\/tranthi.vn\/hatinh\/wp-content\/uploads\/2021\/02\/bot-tret-tran-thi.jpeg 225w, https:\/\/tranthi.vn\/hatinh\/wp-content\/uploads\/2021\/02\/bot-tret-tran-thi-100x100.jpeg 100w\" sizes=\"auto, (max-width: 225px) 100vw, 225px\" \/><\/p>\n<p style=\"text-align: center;\"><strong><span style=\"color: #008080;\"><em><span style=\"font-family: 'times new roman', times, serif; font-size: 14pt;\">B\u1ed9t B\u1ea3 Viglacera Ngo\u1ea1i Th\u1ea5t Cao C\u1ea5p<\/span><\/em><\/span><\/strong><\/p>\n<h3 style=\"text-align: left;\"><span style=\"color: #000000;\"><span style=\"color: #ff0000; font-family: times new roman, times, serif;\"><span style=\"font-size: 18.6667px;\">Chu\u1ea9n b\u1ecb b\u1ec1 m\u1eb7t<\/span><\/span><\/span><\/h3>\n<p><span style=\"font-family: 'times new roman', times, serif; font-size: 14pt;\">+ B\u1ea3o \u0111\u1ea3m cho b\u1ec1 m\u1eb7t b\u00ea t\u00f4ng hay l\u1edbp h\u1ed3 t\u00f4 (v\u1eefa tr\u00e1t) ph\u1ea3i s\u1ea1ch kh\u00f4ng qu\u00e1 l\u1ed3i l\u00f5m.<\/span><\/p>\n<p><span style=\"font-family: 'times new roman', times, serif; font-size: 14pt;\">+ N\u1ebfu l\u00e0 b\u1ec1 m\u1eb7t c\u0169, n\u00ean l\u00e0m s\u1ea1ch l\u1edbp s\u01a1n ho\u1eb7c v\u00f4i c\u0169, b\u1ec1 m\u1eb7t thi c\u00f4ng n\u00ean c\u00f3 \u0111\u1ed9 \u1ea9m 12-20%<\/span><\/p>\n<p><span style=\"font-family: 'times new roman', times, serif; font-size: 14pt;\">+ Trong tr\u01b0\u1eddng h\u1ee3p t\u01b0\u1eddng qu\u00e1 kh\u00f4 v\u00e0 v\u1edbi c\u00e1c b\u1ec1 m\u1eb7t h\u00fat n\u01b0\u1edbc n\u00ean l\u00e0m \u1ea9m tr\u01b0\u1edbc khi tr\u00e9t<\/span><\/p>\n<p><span style=\"font-family: 'times new roman', times, serif; font-size: 14pt;\">\u2013\u00a0<strong>B\u1ea3o qu\u1ea3n<\/strong>: B\u1ed9t tr\u00e9t t\u01b0\u1eddng Viglacer kh\u00f4ng ch\u1ee9a c\u00e1c th\u00e0nh ph\u1ea7n \u0111\u1ed9c h\u1ea1i , tuy nhi\u00ean khi s\u1eed d\u1ee5ng c\u1ea7n mang kh\u1ea9u trang v\u00e0 g\u0103ng tay<\/span><\/p>\n<h3><span style=\"color: #ff0000; font-family: times new roman, times, serif;\"><span style=\"font-size: 18.6667px;\">H\u1ec7 th\u1ed1ng s\u01a1n \u0111\u1ec1 ngh\u1ecb<\/span><\/span><\/h3>\n<p><span style=\"font-family: 'times new roman', times, serif; font-size: 14pt;\">B\u1ed9t tr\u00e9t t\u01b0\u1eddng\u00a0\u00a0 \u00a01-2 l\u1edbp\u00a0\u00a0 \u00a0 B\u1ed9t b\u1ea3 cao c\u1ea5p ngo\u1ea1i th\u1ea5t Viglacera<\/span><br \/>\n<span style=\"font-family: 'times new roman', times, serif; font-size: 14pt;\">S\u01a1n l\u00f3t\u00a0\u00a0 \u00a01-2 l\u1edbp\u00a0\u00a0 \u00a0S\u01a1n l\u00f3t kh\u00e1ng ki\u1ec1m cao c\u1ea5p Viglacera \u2013 PRIME INT<\/span><br \/>\n<span style=\"font-family: 'times new roman', times, serif; font-size: 14pt;\">S\u01a1n ph\u1ee7\u00a0\u00a0 \u00a02 l\u1edbp\u00a0\u00a0 \u00a0-S\u01a1n ph\u1ee7 m\u1edd Viglacera \u2013 IN FAMI ho\u1eb7c VANET<\/span><br \/>\n<span style=\"font-family: 'times new roman', times, serif; font-size: 14pt;\">-S\u01a1n ph\u1ee7 b\u00f3ng Viglacera \u2013 IN FLAT<\/span><br \/>\n<span style=\"font-family: 'times new roman', times, serif; font-size: 14pt;\">\u2013 S\u01a1n si\u00eau b\u00f3ng Viglacera \u2013 GLOSS ONE<\/span><\/p>\n<p><span style=\"font-family: 'times new roman', times, serif; font-size: 14pt;\"><strong><a href=\"https:\/\/tranthi.vn\/quangnam\/\">Tr\u1ea7n Th\u1ecb<\/a><\/strong> l\u00e0 \u0111\u1ea1i l\u00fd s\u01a1n Viglacera cao c\u1ea5p t\u1ea1i <em><a href=\"https:\/\/fr.wikipedia.org\/wiki\/Da_Nang\"><strong>\u0110\u00e0 N\u1eb5ng.\u00a0<\/strong><\/a><\/em> <strong>\u0110\u00f4ng H\u00e0 Qu\u1ea3ng tr\u1ecb<\/strong>, <strong>H\u1ed9i An<\/strong>, <strong>Tam k\u1ef3 Qu\u1ea3ng Nam<\/strong>,<strong> Hu\u1ebf<\/strong> , <strong>Qu\u1ea3ng Ng\u00e3i<\/strong> . Ph\u1ee5c v\u1ee5 t\u1eadn ch\u00e2n c\u00f4ng tr\u00ecnh v\u1edbi gi\u00e1 r\u1ebb nh\u1ea5t th\u1ecb tr\u01b0\u1eddng <em><strong>\u0110\u00e0 N\u1eb5ng<\/strong><\/em>.<\/span><\/p>\n","protected":false},"excerpt":{"rendered":"<p>\ud83d\ude1b Giao h\u00e0ng trong \u0111\u1ecba b\u00e0n\u00a0<em><a href=\"https:\/\/fr.wikipedia.org\/wiki\/Da_Nang\"><strong>\u0110\u00e0 N\u1eb5ng<\/strong><\/a><\/em><\/p>\n<p>\ud83d\ude1b \u0110\u01a1n v\u1ecb t\u00ednh: Bao 40kg<\/p>\n<p>\ud83d\ude1b \u0110\u01a1n gi\u00e1 <strong><em><a href=\"https:\/\/tranthi.vn\/quangnam\/bot-ba-viglacera-ngoai-that-cao-cap\">B\u1ed9t b\u1ea3 viglacera ngo\u1ea1i th\u1ea5t cao c\u1ea5p<\/a>\u00a0\u00a0<\/em><\/strong>trong n\u1ed9i th\u00e0nh Bao 40kg: 343.000\u0111<\/p>\n<p>\ud83d\ude1b B\u1ed9t B\u1ea3 Viglacera Ngo\u1ea1i Th\u1ea5t Cao C\u1ea5p gi\u00fap b\u1ec1 m\u1eb7t nh\u1eb5n m\u1ecbn, Ch\u1ed1ng r\u1ea1n n\u1ee9t ch\u1ed1ng th\u1ea5m, n\u1ea5m m\u1ed1c. Th\u01b0\u1eddng \u0111i k\u00e8m v\u1edbi s\u01a1n l\u00f3t ch\u1ed1ng ki\u1ec1m n\u1ed9i th\u1ea5t <a href=\"https:\/\/tranthi.vn\/quangnam\/son-lot-khang-kiem-noi-that-viglacera-prime-int\"><strong>viglacera \u2013 Prinme.int<\/strong><\/a>\u00a0v\u00e0\u00a0<strong><a href=\"https:\/\/tranthi.vn\/quangnam\/son\/son-viglacera-da-nang\/son-phu-noi-that-viglacera-da-nang\">s\u01a1n ph\u1ee7 n\u1ed9i th\u1ea5t viglacera<\/a><\/strong><\/p>\n<p>\ud83d\ude1b Ngo\u00e0i ra Tr\u1ea7n Th\u1ecb c\u00f2n nh\u1eadn giao h\u00e0ng \u0111\u1ebfn c\u00e1c \u0111i\u1ec3m <strong><a href=\"https:\/\/vi.wikipedia.org\/wiki\/%C4%90%C3%B4ng_H%C3%A0\">\u0110\u00f4ng H\u00e0 Qu\u1ea3ng tr\u1ecb<\/a><\/strong>, <strong><a href=\"https:\/\/vi.wikipedia.org\/wiki\/H%E1%BB%99i_An\">H\u1ed9i An<\/a><\/strong>, <strong><a href=\"https:\/\/vi.wikipedia.org\/wiki\/Tam_K%E1%BB%B3\">Tam k\u1ef3 Qu\u1ea3ng Nam<\/a><\/strong>,<strong><a href=\"https:\/\/vi.wikipedia.org\/wiki\/Hu%E1%BA%BF\"> Hu\u1ebf<\/a><\/strong> , <strong><a href=\"https:\/\/vi.wikipedia.org\/wiki\/Qu%E1%BA%A3ng_Ng%C3%A3i\">Qu\u1ea3ng Ng\u00e3i<\/a><\/strong> -Chi ph\u00ed v\u1eadn chuy\u1ec3n s\u1ebd t\u00ednh theo kho\u1ea3ng c\u00e1ch v\u00e0 s\u1ed1 l\u01b0\u1ee3ng h\u00e0ng h\u00f3a nh\u1eadp<\/p>\n","protected":false},"featured_media":815,"comment_status":"open","ping_status":"closed","template":"","meta":[],"product_cat":[172,139,171],"product_tag":[],"class_list":{"0":"post-808","1":"product","2":"type-product","3":"status-publish","4":"has-post-thumbnail","6":"product_cat-bot-tret-viglacera","7":"product_cat-son","8":"product_cat-son-viglacera","10":"first","11":"instock","12":"sale","13":"shipping-taxable","14":"purchasable","15":"product-type-simple"},"yoast_head":"<!-- This site is optimized with the Yoast SEO Premium plugin v22.3 (Yoast SEO v22.8) - https:\/\/yoast.com\/wordpress\/plugins\/seo\/ -->\n<title>B\u1ed9t B\u1ea3 Viglacera Ngo\u1ea1i Th\u1ea5t Cao C\u1ea5p-Bao 40kg - V\u1eadt Li\u1ec7u X\u00e2y D\u1ef1ng Tr\u1ea7n Th\u1ecb Chi Nh\u00e1nh H\u00e0 T\u0129nh<\/title>\n<meta name=\"robots\" content=\"index, follow, max-snippet:-1, max-image-preview:large, max-video-preview:-1\" \/>\n<link rel=\"canonical\" href=\"https:\/\/tranthi.vn\/hatinh\/bot-ba-viglacera-ngoai-that-cao-cap-bao-40kg\/\" \/>\n<meta property=\"og:locale\" content=\"vi_VN\" \/>\n<meta property=\"og:type\" content=\"article\" \/>\n<meta property=\"og:title\" content=\"B\u1ed9t B\u1ea3 Viglacera Ngo\u1ea1i Th\u1ea5t Cao C\u1ea5p-Bao 40kg\" \/>\n<meta property=\"og:description\" content=\"\ud83d\ude1b Giao h\u00e0ng trong \u0111\u1ecba b\u00e0n\u00a0\u0110\u00e0 N\u1eb5ng  \ud83d\ude1b \u0110\u01a1n v\u1ecb t\u00ednh: Bao 40kg  \ud83d\ude1b \u0110\u01a1n gi\u00e1 B\u1ed9t b\u1ea3 viglacera ngo\u1ea1i th\u1ea5t cao c\u1ea5p\u00a0\u00a0trong n\u1ed9i th\u00e0nh Bao 40kg: 343.000\u0111  \ud83d\ude1b B\u1ed9t B\u1ea3 Viglacera Ngo\u1ea1i Th\u1ea5t Cao C\u1ea5p gi\u00fap b\u1ec1 m\u1eb7t nh\u1eb5n m\u1ecbn, Ch\u1ed1ng r\u1ea1n n\u1ee9t ch\u1ed1ng th\u1ea5m, n\u1ea5m m\u1ed1c. Th\u01b0\u1eddng \u0111i k\u00e8m v\u1edbi s\u01a1n l\u00f3t ch\u1ed1ng ki\u1ec1m n\u1ed9i th\u1ea5t viglacera \u2013 Prinme.int\u00a0v\u00e0\u00a0s\u01a1n ph\u1ee7 n\u1ed9i th\u1ea5t viglacera  \ud83d\ude1b Ngo\u00e0i ra Tr\u1ea7n Th\u1ecb c\u00f2n nh\u1eadn giao h\u00e0ng \u0111\u1ebfn c\u00e1c \u0111i\u1ec3m \u0110\u00f4ng H\u00e0 Qu\u1ea3ng tr\u1ecb, H\u1ed9i An, Tam k\u1ef3 Qu\u1ea3ng Nam, Hu\u1ebf , Qu\u1ea3ng Ng\u00e3i -Chi ph\u00ed v\u1eadn chuy\u1ec3n s\u1ebd t\u00ednh theo kho\u1ea3ng c\u00e1ch v\u00e0 s\u1ed1 l\u01b0\u1ee3ng h\u00e0ng h\u00f3a nh\u1eadp\" \/>\n<meta property=\"og:url\" content=\"https:\/\/tranthi.vn\/hatinh\/bot-ba-viglacera-ngoai-that-cao-cap-bao-40kg\/\" \/>\n<meta property=\"og:site_name\" content=\"V\u1eadt Li\u1ec7u X\u00e2y D\u1ef1ng Tr\u1ea7n Th\u1ecb Chi Nh\u00e1nh H\u00e0 T\u0129nh\" \/>\n<meta property=\"article:modified_time\" content=\"2024-05-01T05:31:17+00:00\" \/>\n<meta property=\"og:image\" content=\"https:\/\/tranthi.vn\/hatinh\/wp-content\/uploads\/2021\/02\/bot-tret-tran-thi.jpeg\" \/>\n\t<meta property=\"og:image:width\" content=\"225\" \/>\n\t<meta property=\"og:image:height\" content=\"225\" \/>\n\t<meta property=\"og:image:type\" content=\"image\/jpeg\" \/>\n<meta name=\"twitter:card\" content=\"summary_large_image\" \/>\n<meta name=\"twitter:label1\" content=\"Gi\u00e1\" \/>\n\t<meta name=\"twitter:data1\" content=\"343,000&nbsp;&#8363;\" \/>\n\t<meta name=\"twitter:label2\" content=\"Kh\u1ea3 d\u1ee5ng\" \/>\n\t<meta name=\"twitter:data2\" content=\"Trong kho\" \/>\n<script type=\"application\/ld+json\" class=\"yoast-schema-graph\">{\"@context\":\"https:\/\/schema.org\",\"@graph\":[{\"@type\":[\"WebPage\",\"ItemPage\"],\"@id\":\"https:\/\/tranthi.vn\/hatinh\/bot-ba-viglacera-ngoai-that-cao-cap-bao-40kg\/\",\"url\":\"https:\/\/tranthi.vn\/hatinh\/bot-ba-viglacera-ngoai-that-cao-cap-bao-40kg\/\",\"name\":\"B\u1ed9t B\u1ea3 Viglacera Ngo\u1ea1i Th\u1ea5t Cao C\u1ea5p-Bao 40kg - V\u1eadt Li\u1ec7u X\u00e2y D\u1ef1ng Tr\u1ea7n Th\u1ecb Chi Nh\u00e1nh H\u00e0 T\u0129nh\",\"isPartOf\":{\"@id\":\"https:\/\/tranthi.vn\/hatinh\/#website\"},\"primaryImageOfPage\":{\"@id\":\"https:\/\/tranthi.vn\/hatinh\/bot-ba-viglacera-ngoai-that-cao-cap-bao-40kg\/#primaryimage\"},\"image\":{\"@id\":\"https:\/\/tranthi.vn\/hatinh\/bot-ba-viglacera-ngoai-that-cao-cap-bao-40kg\/#primaryimage\"},\"thumbnailUrl\":\"https:\/\/tranthi.vn\/hatinh\/wp-content\/uploads\/2021\/02\/bot-tret-tran-thi.jpeg\",\"datePublished\":\"2021-02-16T15:37:02+00:00\",\"dateModified\":\"2024-05-01T05:31:17+00:00\",\"breadcrumb\":{\"@id\":\"https:\/\/tranthi.vn\/hatinh\/bot-ba-viglacera-ngoai-that-cao-cap-bao-40kg\/#breadcrumb\"},\"inLanguage\":\"vi\",\"potentialAction\":[{\"@type\":\"ReadAction\",\"target\":[\"https:\/\/tranthi.vn\/hatinh\/bot-ba-viglacera-ngoai-that-cao-cap-bao-40kg\/\"]}]},{\"@type\":\"ImageObject\",\"inLanguage\":\"vi\",\"@id\":\"https:\/\/tranthi.vn\/hatinh\/bot-ba-viglacera-ngoai-that-cao-cap-bao-40kg\/#primaryimage\",\"url\":\"https:\/\/tranthi.vn\/hatinh\/wp-content\/uploads\/2021\/02\/bot-tret-tran-thi.jpeg\",\"contentUrl\":\"https:\/\/tranthi.vn\/hatinh\/wp-content\/uploads\/2021\/02\/bot-tret-tran-thi.jpeg\",\"width\":225,\"height\":225},{\"@type\":\"BreadcrumbList\",\"@id\":\"https:\/\/tranthi.vn\/hatinh\/bot-ba-viglacera-ngoai-that-cao-cap-bao-40kg\/#breadcrumb\",\"itemListElement\":[{\"@type\":\"ListItem\",\"position\":1,\"name\":\"Trang ch\u1ee7\",\"item\":\"https:\/\/tranthi.vn\/hatinh\/\"},{\"@type\":\"ListItem\",\"position\":2,\"name\":\"Shop\",\"item\":\"https:\/\/tranthi.vn\/hatinh\/shop\/\"},{\"@type\":\"ListItem\",\"position\":3,\"name\":\"B\u1ed9t B\u1ea3 Viglacera Ngo\u1ea1i Th\u1ea5t Cao C\u1ea5p-Bao 40kg\"}]},{\"@type\":\"WebSite\",\"@id\":\"https:\/\/tranthi.vn\/hatinh\/#website\",\"url\":\"https:\/\/tranthi.vn\/hatinh\/\",\"name\":\"V\u1eadt Li\u1ec7u X\u00e2y D\u1ef1ng Tr\u1ea7n Th\u1ecb Chi Nh\u00e1nh H\u00e0 T\u0129nh\",\"description\":\"V\u1eadt Li\u1ec7u X\u00e2y D\u1ef1ng - H\u00e0 T\u0129nh\",\"potentialAction\":[{\"@type\":\"SearchAction\",\"target\":{\"@type\":\"EntryPoint\",\"urlTemplate\":\"https:\/\/tranthi.vn\/hatinh\/?s={search_term_string}\"},\"query-input\":\"required name=search_term_string\"}],\"inLanguage\":\"vi\"},{\"@type\":\"ImageObject\",\"inLanguage\":\"vi\",\"@id\":\"https:\/\/tranthi.vn\/hatinh\/bot-ba-viglacera-ngoai-that-cao-cap-bao-40kg\/#local-main-organization-logo\",\"url\":\"\",\"contentUrl\":\"\",\"caption\":\"V\u1eadt Li\u1ec7u X\u00e2y D\u1ef1ng Tr\u1ea7n Th\u1ecb Chi Nh\u00e1nh H\u00e0 T\u0129nh\"}]}<\/script>\n<meta property=\"product:price:amount\" content=\"343000\" \/>\n<meta property=\"product:price:currency\" content=\"VND\" \/>\n<meta property=\"og:availability\" content=\"instock\" \/>\n<meta property=\"product:availability\" content=\"instock\" \/>\n<meta property=\"product:condition\" content=\"new\" \/>\n<!-- \/ Yoast SEO Premium plugin. -->","yoast_head_json":{"title":"B\u1ed9t B\u1ea3 Viglacera Ngo\u1ea1i Th\u1ea5t Cao C\u1ea5p-Bao 40kg - V\u1eadt Li\u1ec7u X\u00e2y D\u1ef1ng Tr\u1ea7n Th\u1ecb Chi Nh\u00e1nh H\u00e0 T\u0129nh","robots":{"index":"index","follow":"follow","max-snippet":"max-snippet:-1","max-image-preview":"max-image-preview:large","max-video-preview":"max-video-preview:-1"},"canonical":"https:\/\/tranthi.vn\/hatinh\/bot-ba-viglacera-ngoai-that-cao-cap-bao-40kg\/","og_locale":"vi_VN","og_type":"article","og_title":"B\u1ed9t B\u1ea3 Viglacera Ngo\u1ea1i Th\u1ea5t Cao C\u1ea5p-Bao 40kg","og_description":"\ud83d\ude1b Giao h\u00e0ng trong \u0111\u1ecba b\u00e0n\u00a0\u0110\u00e0 N\u1eb5ng  \ud83d\ude1b \u0110\u01a1n v\u1ecb t\u00ednh: Bao 40kg  \ud83d\ude1b \u0110\u01a1n gi\u00e1 B\u1ed9t b\u1ea3 viglacera ngo\u1ea1i th\u1ea5t cao c\u1ea5p\u00a0\u00a0trong n\u1ed9i th\u00e0nh Bao 40kg: 343.000\u0111  \ud83d\ude1b B\u1ed9t B\u1ea3 Viglacera Ngo\u1ea1i Th\u1ea5t Cao C\u1ea5p gi\u00fap b\u1ec1 m\u1eb7t nh\u1eb5n m\u1ecbn, Ch\u1ed1ng r\u1ea1n n\u1ee9t ch\u1ed1ng th\u1ea5m, n\u1ea5m m\u1ed1c. Th\u01b0\u1eddng \u0111i k\u00e8m v\u1edbi s\u01a1n l\u00f3t ch\u1ed1ng ki\u1ec1m n\u1ed9i th\u1ea5t viglacera \u2013 Prinme.int\u00a0v\u00e0\u00a0s\u01a1n ph\u1ee7 n\u1ed9i th\u1ea5t viglacera  \ud83d\ude1b Ngo\u00e0i ra Tr\u1ea7n Th\u1ecb c\u00f2n nh\u1eadn giao h\u00e0ng \u0111\u1ebfn c\u00e1c \u0111i\u1ec3m \u0110\u00f4ng H\u00e0 Qu\u1ea3ng tr\u1ecb, H\u1ed9i An, Tam k\u1ef3 Qu\u1ea3ng Nam, Hu\u1ebf , Qu\u1ea3ng Ng\u00e3i -Chi ph\u00ed v\u1eadn chuy\u1ec3n s\u1ebd t\u00ednh theo kho\u1ea3ng c\u00e1ch v\u00e0 s\u1ed1 l\u01b0\u1ee3ng h\u00e0ng h\u00f3a nh\u1eadp","og_url":"https:\/\/tranthi.vn\/hatinh\/bot-ba-viglacera-ngoai-that-cao-cap-bao-40kg\/","og_site_name":"V\u1eadt Li\u1ec7u X\u00e2y D\u1ef1ng Tr\u1ea7n Th\u1ecb Chi Nh\u00e1nh H\u00e0 T\u0129nh","article_modified_time":"2024-05-01T05:31:17+00:00","og_image":[{"width":225,"height":225,"url":"https:\/\/tranthi.vn\/hatinh\/wp-content\/uploads\/2021\/02\/bot-tret-tran-thi.jpeg","type":"image\/jpeg"}],"twitter_card":"summary_large_image","twitter_misc":{"Gi\u00e1":"343,000&nbsp;&#8363;","Kh\u1ea3 d\u1ee5ng":"Trong kho"},"schema":{"@context":"https:\/\/schema.org","@graph":[{"@type":["WebPage","ItemPage"],"@id":"https:\/\/tranthi.vn\/hatinh\/bot-ba-viglacera-ngoai-that-cao-cap-bao-40kg\/","url":"https:\/\/tranthi.vn\/hatinh\/bot-ba-viglacera-ngoai-that-cao-cap-bao-40kg\/","name":"B\u1ed9t B\u1ea3 Viglacera Ngo\u1ea1i Th\u1ea5t Cao C\u1ea5p-Bao 40kg - V\u1eadt Li\u1ec7u X\u00e2y D\u1ef1ng Tr\u1ea7n Th\u1ecb Chi Nh\u00e1nh H\u00e0 T\u0129nh","isPartOf":{"@id":"https:\/\/tranthi.vn\/hatinh\/#website"},"primaryImageOfPage":{"@id":"https:\/\/tranthi.vn\/hatinh\/bot-ba-viglacera-ngoai-that-cao-cap-bao-40kg\/#primaryimage"},"image":{"@id":"https:\/\/tranthi.vn\/hatinh\/bot-ba-viglacera-ngoai-that-cao-cap-bao-40kg\/#primaryimage"},"thumbnailUrl":"https:\/\/tranthi.vn\/hatinh\/wp-content\/uploads\/2021\/02\/bot-tret-tran-thi.jpeg","datePublished":"2021-02-16T15:37:02+00:00","dateModified":"2024-05-01T05:31:17+00:00","breadcrumb":{"@id":"https:\/\/tranthi.vn\/hatinh\/bot-ba-viglacera-ngoai-that-cao-cap-bao-40kg\/#breadcrumb"},"inLanguage":"vi","potentialAction":[{"@type":"ReadAction","target":["https:\/\/tranthi.vn\/hatinh\/bot-ba-viglacera-ngoai-that-cao-cap-bao-40kg\/"]}]},{"@type":"ImageObject","inLanguage":"vi","@id":"https:\/\/tranthi.vn\/hatinh\/bot-ba-viglacera-ngoai-that-cao-cap-bao-40kg\/#primaryimage","url":"https:\/\/tranthi.vn\/hatinh\/wp-content\/uploads\/2021\/02\/bot-tret-tran-thi.jpeg","contentUrl":"https:\/\/tranthi.vn\/hatinh\/wp-content\/uploads\/2021\/02\/bot-tret-tran-thi.jpeg","width":225,"height":225},{"@type":"BreadcrumbList","@id":"https:\/\/tranthi.vn\/hatinh\/bot-ba-viglacera-ngoai-that-cao-cap-bao-40kg\/#breadcrumb","itemListElement":[{"@type":"ListItem","position":1,"name":"Trang ch\u1ee7","item":"https:\/\/tranthi.vn\/hatinh\/"},{"@type":"ListItem","position":2,"name":"Shop","item":"https:\/\/tranthi.vn\/hatinh\/shop\/"},{"@type":"ListItem","position":3,"name":"B\u1ed9t B\u1ea3 Viglacera Ngo\u1ea1i Th\u1ea5t Cao C\u1ea5p-Bao 40kg"}]},{"@type":"WebSite","@id":"https:\/\/tranthi.vn\/hatinh\/#website","url":"https:\/\/tranthi.vn\/hatinh\/","name":"V\u1eadt Li\u1ec7u X\u00e2y D\u1ef1ng Tr\u1ea7n Th\u1ecb Chi Nh\u00e1nh H\u00e0 T\u0129nh","description":"V\u1eadt Li\u1ec7u X\u00e2y D\u1ef1ng - H\u00e0 T\u0129nh","potentialAction":[{"@type":"SearchAction","target":{"@type":"EntryPoint","urlTemplate":"https:\/\/tranthi.vn\/hatinh\/?s={search_term_string}"},"query-input":"required name=search_term_string"}],"inLanguage":"vi"},{"@type":"ImageObject","inLanguage":"vi","@id":"https:\/\/tranthi.vn\/hatinh\/bot-ba-viglacera-ngoai-that-cao-cap-bao-40kg\/#local-main-organization-logo","url":"","contentUrl":"","caption":"V\u1eadt Li\u1ec7u X\u00e2y D\u1ef1ng Tr\u1ea7n Th\u1ecb Chi Nh\u00e1nh H\u00e0 T\u0129nh"}]},"product_price_amount":"343000","product_price_currency":"VND","og_availability":"instock","product_availability":"instock","product_condition":"new"},"_links":{"self":[{"href":"https:\/\/tranthi.vn\/hatinh\/wp-json\/wp\/v2\/product\/808","targetHints":{"allow":["GET"]}}],"collection":[{"href":"https:\/\/tranthi.vn\/hatinh\/wp-json\/wp\/v2\/product"}],"about":[{"href":"https:\/\/tranthi.vn\/hatinh\/wp-json\/wp\/v2\/types\/product"}],"replies":[{"embeddable":true,"href":"https:\/\/tranthi.vn\/hatinh\/wp-json\/wp\/v2\/comments?post=808"}],"wp:featuredmedia":[{"embeddable":true,"href":"https:\/\/tranthi.vn\/hatinh\/wp-json\/wp\/v2\/media\/815"}],"wp:attachment":[{"href":"https:\/\/tranthi.vn\/hatinh\/wp-json\/wp\/v2\/media?parent=808"}],"wp:term":[{"taxonomy":"product_cat","embeddable":true,"href":"https:\/\/tranthi.vn\/hatinh\/wp-json\/wp\/v2\/product_cat?post=808"},{"taxonomy":"product_tag","embeddable":true,"href":"https:\/\/tranthi.vn\/hatinh\/wp-json\/wp\/v2\/product_tag?post=808"}],"curies":[{"name":"wp","href":"https:\/\/api.w.org\/{rel}","templated":true}]}}