{"id":7553,"date":"2024-07-19T16:33:13","date_gmt":"2024-07-19T09:33:13","guid":{"rendered":"https:\/\/tranthi.vn\/quangnam\/?post_type=product&#038;p=7553"},"modified":"2024-07-31T16:22:26","modified_gmt":"2024-07-31T09:22:26","slug":"gia-mau-da-hoa-cuong-granite-cau-thang-tai-ha-tinh","status":"publish","type":"product","link":"https:\/\/tranthi.vn\/hatinh\/gia-mau-da-hoa-cuong-granite-cau-thang-tai-ha-tinh\/","title":{"rendered":"M\u1eabu \u0110\u00e1 Granite Hoa C\u01b0\u01a1ng C\u1ea7u Thang"},"content":{"rendered":"<h1 style=\"text-align: center;\"><span style=\"font-family: 'times new roman', times, serif; font-size: 140%;\">M\u1eabu \u0110\u00e1 Granite Hoa C\u01b0\u01a1ng C\u1ea7u Thang <a href=\"https:\/\/vi.wikipedia.org\/wiki\/H%C3%A0_T%C4%A9nh\">H\u00e0 T\u0129nh<\/a><\/span><\/h1>\n<h1><strong><span style=\"font-family: 'times new roman', times, serif; font-size: 120%;\">M\u1eabu \u0110\u00e1 Granite Hoa C\u01b0\u01a1ng C\u1ea7u Thang Gi\u00e1 R\u1ebb &#8211; S\u1ef1 L\u1ef1a Ch\u1ecdn Ho\u00e0n H\u1ea3o Cho Kh\u00f4ng Gian S\u1ed1ng Sang Tr\u1ecdng<\/span><\/strong><\/h1>\n<h3><span style=\"font-family: 'times new roman', times, serif; font-size: 120%;\">\u0110\u00e1 granite hoa c\u01b0\u01a1ng l\u00e0 m\u1ed9t trong nh\u1eefng v\u1eadt li\u1ec7u ph\u1ed5 bi\u1ebfn nh\u1ea5t trong thi\u1ebft k\u1ebf v\u00e0 trang tr\u00ed n\u1ed9i th\u1ea5t, \u0111\u1eb7c bi\u1ec7t l\u00e0 c\u1ea7u thang. T\u1ea1i <b><i>H\u00e0 T\u0129nh<\/i><\/b>, nhu c\u1ea7u s\u1eed d\u1ee5ng \u0111\u00e1 granite hoa c\u01b0\u01a1ng gi\u00e1 r\u1ebb cho c\u1ea7u thang ng\u00e0y c\u00e0ng t\u0103ng cao nh\u1edd v\u00e0o c\u00e1c \u01b0u \u0111i\u1ec3m v\u01b0\u1ee3t tr\u1ed9i v\u1ec1 \u0111\u1ed9 b\u1ec1n, th\u1ea9m m\u1ef9 v\u00e0 chi ph\u00ed h\u1ee3p l\u00fd.\u00a0<\/span><\/h3>\n<h1><strong><span style=\"font-family: 'times new roman', times, serif; font-size: 120%;\">1. \u0110\u00e1 granite hoa c\u01b0\u01a1ng l\u00e0 g\u00ec?<\/span><\/strong><\/h1>\n<h3><span style=\"font-family: 'times new roman', times, serif; font-size: 120%;\">\u0110\u00e1 granite hoa c\u01b0\u01a1ng l\u00e0 lo\u1ea1i \u0111\u00e1 t\u1ef1 nhi\u00ean \u0111\u01b0\u1ee3c h\u00ecnh th\u00e0nh t\u1eeb qu\u00e1 tr\u00ecnh l\u00e0m m\u00e1t ch\u1eadm c\u1ee7a magma d\u01b0\u1edbi l\u00f2ng \u0111\u1ea5t. V\u1edbi c\u1ea5u tr\u00fac h\u1ea1t tinh th\u1ec3, \u0111\u00e1 granite c\u00f3 \u0111\u1ed9 c\u1ee9ng cao, kh\u1ea3 n\u0103ng ch\u1ecbu l\u1ef1c t\u1ed1t v\u00e0 \u0111\u1ed9 b\u1ec1n v\u01b0\u1ee3t tr\u1ed9i, l\u00e0m cho n\u00f3 tr\u1edf th\u00e0nh v\u1eadt li\u1ec7u l\u00fd t\u01b0\u1edfng cho nhi\u1ec1u \u1ee9ng d\u1ee5ng trong x\u00e2y d\u1ef1ng, \u0111\u1eb7c bi\u1ec7t l\u00e0 c\u1ea7u thang.<\/span><\/h3>\n<p style=\"text-align: center;\"><iframe loading=\"lazy\" src=\"\/\/www.youtube.com\/embed\/hXKICnDOJGQ\" width=\"560\" height=\"314\" allowfullscreen=\"allowfullscreen\"><\/iframe><\/p>\n<h1><strong><span style=\"font-family: 'times new roman', times, serif; font-size: 120%;\">2. C\u00e1c m\u1eabu \u0111\u00e1 granite hoa c\u01b0\u01a1ng c\u1ea7u thang gi\u00e1 r\u1ebb\u00a0<\/span><\/strong><\/h1>\n<h3><span style=\"font-family: 'times new roman', times, serif; font-size: 120%;\">T\u1ea1i H\u00e0 T\u0129nh, c\u00f3 nhi\u1ec1u m\u1eabu \u0111\u00e1 granite hoa c\u01b0\u01a1ng gi\u00e1 r\u1ebb ph\u00f9 h\u1ee3p cho c\u1ea7u thang, m\u1ed7i m\u1eabu \u0111\u1ec1u mang l\u1ea1i v\u1ebb \u0111\u1eb9p v\u00e0 phong c\u00e1ch ri\u00eang:<\/span><\/h3>\n<ul>\n<li>\n<h3><span style=\"font-family: 'times new roman', times, serif; font-size: 120%;\">\u0110\u00e1 granite \u0111en kim sa: \u0110\u00e2y l\u00e0 m\u1eabu \u0111\u00e1 ph\u1ed5 bi\u1ebfn v\u1edbi m\u00e0u \u0111en b\u00f3ng v\u00e0 c\u00e1c h\u1ea1t kim sa l\u1ea5p l\u00e1nh. \u0110\u00e1 granite \u0111en kim sa mang l\u1ea1i v\u1ebb \u0111\u1eb9p sang tr\u1ecdng v\u00e0 hi\u1ec7n \u0111\u1ea1i, ph\u00f9 h\u1ee3p v\u1edbi nhi\u1ec1u phong c\u00e1ch thi\u1ebft k\u1ebf n\u1ed9i th\u1ea5t.<\/span><\/h3>\n<\/li>\n<li>\n<h3><span style=\"font-family: 'times new roman', times, serif; font-size: 120%;\">\u0110\u00e1 granite tr\u1eafng su\u1ed1i lau: V\u1edbi m\u00e0u tr\u1eafng tinh khi\u1ebft v\u00e0 c\u00e1c v\u00e2n x\u00e1m nh\u1eb9, \u0111\u00e1 granite tr\u1eafng su\u1ed1i lau t\u1ea1o c\u1ea3m gi\u00e1c thanh l\u1ecbch v\u00e0 t\u01b0\u01a1i s\u00e1ng. \u0110\u00e2y l\u00e0 l\u1ef1a ch\u1ecdn l\u00fd t\u01b0\u1edfng cho nh\u1eefng kh\u00f4ng gian c\u1ea7n s\u1ef1 r\u1ed9ng r\u00e3i v\u00e0 tho\u00e1ng \u0111\u00e3ng.<\/span><\/h3>\n<\/li>\n<li>\n<h3><span style=\"font-family: 'times new roman', times, serif; font-size: 120%;\">\u0110\u00e1 granite \u0111\u1ecf B\u00ecnh \u0110\u1ecbnh: M\u1eabu \u0111\u00e1 n\u00e0y c\u00f3 m\u00e0u \u0111\u1ecf \u0111\u1eb7c tr\u01b0ng, mang l\u1ea1i s\u1ef1 n\u1ed5i b\u1eadt v\u00e0 \u1ea5m c\u00fang cho c\u1ea7u thang. \u0110\u00e1 granite \u0111\u1ecf B\u00ecnh \u0110\u1ecbnh kh\u00f4ng ch\u1ec9 c\u00f3 gi\u00e1 th\u00e0nh h\u1ee3p l\u00fd m\u00e0 c\u00f2n b\u1ec1n v\u1eefng v\u1edbi th\u1eddi gian.<\/span><\/h3>\n<\/li>\n<li>\n<h3><span style=\"font-family: 'times new roman', times, serif; font-size: 120%;\">\u0110\u00e1 granite v\u00e0ng B\u00ecnh \u0110\u1ecbnh: \u0110\u00e1 granite v\u00e0ng v\u1edbi m\u00e0u s\u1eafc \u1ea5m \u00e1p v\u00e0 hoa v\u0103n t\u1ef1 nhi\u00ean l\u00e0 l\u1ef1a ch\u1ecdn ho\u00e0n h\u1ea3o cho nh\u1eefng ai y\u00eau th\u00edch s\u1ef1 \u1ea5m c\u00fang v\u00e0 n\u1ed5i b\u1eadt.<\/span><\/h3>\n<\/li>\n<\/ul>\n<p style=\"text-align: center;\"><iframe loading=\"lazy\" src=\"\/\/www.youtube.com\/embed\/ins3i8Lr-9Q\" width=\"560\" height=\"314\" allowfullscreen=\"allowfullscreen\"><\/iframe><\/p>\n<h1><strong><span style=\"font-family: 'times new roman', times, serif; font-size: 120%;\">3. \u01afu \u0111i\u1ec3m c\u1ee7a \u0111\u00e1 granite hoa c\u01b0\u01a1ng c\u1ea7u thang gi\u00e1 r\u1ebb<\/span><\/strong><\/h1>\n<ul>\n<li>\n<h3><span style=\"font-family: 'times new roman', times, serif; font-size: 120%;\">\u0110\u1ed9 b\u1ec1n cao: \u0110\u00e1 granite c\u00f3 \u0111\u1ed9 c\u1ee9ng v\u00e0 kh\u1ea3 n\u0103ng ch\u1ecbu l\u1ef1c t\u1ed1t, \u00edt b\u1ecb tr\u1ea7y x\u01b0\u1edbc v\u00e0 ch\u1ecbu \u0111\u01b0\u1ee3c c\u00e1c t\u00e1c \u0111\u1ed9ng m\u1ea1nh, gi\u00fap c\u1ea7u thang b\u1ec1n v\u1eefng v\u1edbi th\u1eddi gian.<\/span><\/h3>\n<\/li>\n<li>\n<h3><span style=\"font-family: 'times new roman', times, serif; font-size: 120%;\">D\u1ec5 b\u1ea3o d\u01b0\u1ee1ng: B\u1ec1 m\u1eb7t \u0111\u00e1 granite \u00edt th\u1ea5m n\u01b0\u1edbc v\u00e0 d\u1ec5 d\u00e0ng lau ch\u00f9i, gi\u00fap duy tr\u00ec v\u1ebb \u0111\u1eb9p t\u1ef1 nhi\u00ean v\u00e0 s\u1ea1ch s\u1ebd cho c\u1ea7u thang.<\/span><\/h3>\n<\/li>\n<li>\n<h3><span style=\"font-family: 'times new roman', times, serif; font-size: 120%;\">T\u00ednh th\u1ea9m m\u1ef9 cao: \u0110\u00e1 granite c\u00f3 nhi\u1ec1u m\u00e0u s\u1eafc v\u00e0 hoa v\u0103n t\u1ef1 nhi\u00ean, mang l\u1ea1i v\u1ebb \u0111\u1eb9p sang tr\u1ecdng v\u00e0 \u0111a d\u1ea1ng cho m\u1ecdi phong c\u00e1ch thi\u1ebft k\u1ebf.<\/span><\/h3>\n<\/li>\n<li>\n<h3><span style=\"font-family: 'times new roman', times, serif; font-size: 120%;\">Gi\u00e1 c\u1ea3 h\u1ee3p l\u00fd: V\u1edbi s\u1ef1 \u0111a d\u1ea1ng v\u1ec1 ch\u1ee7ng lo\u1ea1i v\u00e0 ngu\u1ed3n g\u1ed1c, \u0111\u00e1 granite hoa c\u01b0\u01a1ng gi\u00e1 r\u1ebb t\u1ea1i <a href=\"https:\/\/vi.wikipedia.org\/wiki\/H%C3%A0_T%C4%A9nh\">H\u00e0 T\u0129nh<\/a> mang l\u1ea1i nhi\u1ec1u l\u1ef1a ch\u1ecdn ph\u00f9 h\u1ee3p v\u1edbi ng\u00e2n s\u00e1ch c\u1ee7a c\u00e1c d\u1ef1 \u00e1n x\u00e2y d\u1ef1ng.<\/span><\/h3>\n<\/li>\n<\/ul>\n<h1><strong><span style=\"font-family: 'times new roman', times, serif; font-size: 120%;\">4. L\u00fd do n\u00ean ch\u1ecdn \u0111\u00e1 granite hoa c\u01b0\u01a1ng c\u1ea7u thang gi\u00e1 r\u1ebb\u00a0<\/span><\/strong><\/h1>\n<ul>\n<li>\n<h3><span style=\"font-family: 'times new roman', times, serif; font-size: 120%;\">Ngu\u1ed3n cung d\u1ed3i d\u00e0o: <a href=\"https:\/\/vi.wikipedia.org\/wiki\/H%C3%A0_T%C4%A9nh\">H\u00e0 T\u0129nh<\/a> l\u00e0 trung t\u00e2m th\u01b0\u01a1ng m\u1ea1i l\u1edbn v\u1edbi nhi\u1ec1u nh\u00e0 cung c\u1ea5p \u0111\u00e1 granite uy t\u00edn, \u0111\u1ea3m b\u1ea3o ch\u1ea5t l\u01b0\u1ee3ng v\u00e0 s\u1ed1 l\u01b0\u1ee3ng s\u1ea3n ph\u1ea9m.<\/span><\/h3>\n<\/li>\n<li>\n<h3><span style=\"font-family: 'times new roman', times, serif; font-size: 120%;\">D\u1ecbch v\u1ee5 chuy\u00ean nghi\u1ec7p: C\u00e1c nh\u00e0 cung c\u1ea5p t\u1ea1i \u0111\u00e2y cung c\u1ea5p d\u1ecbch v\u1ee5 t\u01b0 v\u1ea5n, l\u1eafp \u0111\u1eb7t v\u00e0 b\u1ea3o d\u01b0\u1ee1ng chuy\u00ean nghi\u1ec7p, gi\u00fap b\u1ea1n y\u00ean t\u00e2m trong qu\u00e1 tr\u00ecnh s\u1eed d\u1ee5ng.<\/span><\/h3>\n<\/li>\n<li>\n<h3><span style=\"font-family: 'times new roman', times, serif; font-size: 120%;\">Gi\u00e1 th\u00e0nh c\u1ea1nh tranh: Nh\u1edd v\u00e0o s\u1ef1 c\u1ea1nh tranh gi\u1eefa c\u00e1c nh\u00e0 cung c\u1ea5p, b\u1ea1n c\u00f3 th\u1ec3 d\u1ec5 d\u00e0ng t\u00ecm \u0111\u01b0\u1ee3c m\u1eabu \u0111\u00e1 granite hoa c\u01b0\u01a1ng c\u1ea7u thang gi\u00e1 r\u1ebb, ph\u00f9 h\u1ee3p v\u1edbi ng\u00e2n s\u00e1ch c\u1ee7a m\u00ecnh.<\/span><\/h3>\n<\/li>\n<\/ul>\n","protected":false},"excerpt":{"rendered":"<p>M\u1eabu \u0110\u00e1 Granite Hoa C\u01b0\u01a1ng C\u1ea7u Thang H\u00e0 T\u0129nh M\u1eabu \u0110\u00e1 Granite Hoa C\u01b0\u01a1ng C\u1ea7u Thang Gi\u00e1 R\u1ebb &#8211; S\u1ef1 L\u1ef1a Ch\u1ecdn Ho\u00e0n H\u1ea3o Cho Kh\u00f4ng Gian S\u1ed1ng Sang Tr\u1ecdng \u0110\u00e1 granite hoa c\u01b0\u01a1ng l\u00e0 m\u1ed9t trong nh\u1eefng v\u1eadt li\u1ec7u ph\u1ed5 bi\u1ebfn nh\u1ea5t trong thi\u1ebft k\u1ebf v\u00e0 trang tr\u00ed n\u1ed9i th\u1ea5t, \u0111\u1eb7c bi\u1ec7t l\u00e0 c\u1ea7u [&#8230;]\n","protected":false},"featured_media":0,"comment_status":"closed","ping_status":"closed","template":"","meta":[],"product_cat":[256],"product_tag":[],"class_list":{"0":"post-7553","1":"product","2":"type-product","3":"status-publish","5":"product_cat-gach-op-lat","7":"first","8":"instock","9":"shipping-taxable","10":"product-type-simple"},"yoast_head":"<!-- This site is optimized with the Yoast SEO Premium plugin v22.3 (Yoast SEO v22.8) - https:\/\/yoast.com\/wordpress\/plugins\/seo\/ -->\n<title>M\u1eabu \u0110\u00e1 Granite Hoa C\u01b0\u01a1ng C\u1ea7u Thang t\u1ea1i H\u00e0 T\u0129nh- 0947335871<\/title>\n<meta name=\"description\" content=\"Gi\u00e1 m\u1eabu \u0111\u00e1 hoa c\u01b0\u01a1ng granite c\u1ea7u thang t\u1ea1i H\u00e0 T\u0129nh- 0947335871 Tr\u1ea7n th\u1ecb. Cung c\u1ea5p h\u00e0ng ho\u00e1 uy t\u00edn ch\u1ea5t l\u01b0\u1ee3ng. Tham kh\u1ea3o Web: tranthi.vn\" \/>\n<meta name=\"robots\" content=\"index, follow, max-snippet:-1, max-image-preview:large, max-video-preview:-1\" \/>\n<link rel=\"canonical\" href=\"https:\/\/tranthi.vn\/hatinh\/gia-mau-da-hoa-cuong-granite-cau-thang-tai-ha-tinh\/\" \/>\n<meta property=\"og:locale\" content=\"vi_VN\" \/>\n<meta property=\"og:type\" content=\"article\" \/>\n<meta property=\"og:title\" content=\"M\u1eabu \u0110\u00e1 Granite Hoa C\u01b0\u01a1ng C\u1ea7u Thang\" \/>\n<meta property=\"og:description\" content=\"Gi\u00e1 m\u1eabu \u0111\u00e1 hoa c\u01b0\u01a1ng granite c\u1ea7u thang t\u1ea1i H\u00e0 T\u0129nh- 0947335871 Tr\u1ea7n th\u1ecb. Cung c\u1ea5p h\u00e0ng ho\u00e1 uy t\u00edn ch\u1ea5t l\u01b0\u1ee3ng. Tham kh\u1ea3o Web: tranthi.vn\" \/>\n<meta property=\"og:url\" content=\"https:\/\/tranthi.vn\/hatinh\/gia-mau-da-hoa-cuong-granite-cau-thang-tai-ha-tinh\/\" \/>\n<meta property=\"og:site_name\" content=\"V\u1eadt Li\u1ec7u X\u00e2y D\u1ef1ng Tr\u1ea7n Th\u1ecb Chi Nh\u00e1nh H\u00e0 T\u0129nh\" \/>\n<meta property=\"article:modified_time\" content=\"2024-07-31T09:22:26+00:00\" \/>\n<meta name=\"twitter:card\" content=\"summary_large_image\" \/>\n<meta name=\"twitter:label1\" content=\"Gi\u00e1\" \/>\n\t<meta name=\"twitter:data1\" content=\"\" \/>\n\t<meta name=\"twitter:label2\" content=\"Kh\u1ea3 d\u1ee5ng\" \/>\n\t<meta name=\"twitter:data2\" content=\"Trong kho\" \/>\n<script type=\"application\/ld+json\" class=\"yoast-schema-graph\">{\"@context\":\"https:\/\/schema.org\",\"@graph\":[{\"@type\":[\"WebPage\",\"ItemPage\"],\"@id\":\"https:\/\/tranthi.vn\/hatinh\/gia-mau-da-hoa-cuong-granite-cau-thang-tai-ha-tinh\/\",\"url\":\"https:\/\/tranthi.vn\/hatinh\/gia-mau-da-hoa-cuong-granite-cau-thang-tai-ha-tinh\/\",\"name\":\"M\u1eabu \u0110\u00e1 Granite Hoa C\u01b0\u01a1ng C\u1ea7u Thang t\u1ea1i H\u00e0 T\u0129nh- 0947335871\",\"isPartOf\":{\"@id\":\"https:\/\/tranthi.vn\/hatinh\/#website\"},\"datePublished\":\"2024-07-19T09:33:13+00:00\",\"dateModified\":\"2024-07-31T09:22:26+00:00\",\"description\":\"Gi\u00e1 m\u1eabu \u0111\u00e1 hoa c\u01b0\u01a1ng granite c\u1ea7u thang t\u1ea1i H\u00e0 T\u0129nh- 0947335871 Tr\u1ea7n th\u1ecb. Cung c\u1ea5p h\u00e0ng ho\u00e1 uy t\u00edn ch\u1ea5t l\u01b0\u1ee3ng. Tham kh\u1ea3o Web: tranthi.vn\",\"breadcrumb\":{\"@id\":\"https:\/\/tranthi.vn\/hatinh\/gia-mau-da-hoa-cuong-granite-cau-thang-tai-ha-tinh\/#breadcrumb\"},\"inLanguage\":\"vi\",\"potentialAction\":[{\"@type\":\"ReadAction\",\"target\":[\"https:\/\/tranthi.vn\/hatinh\/gia-mau-da-hoa-cuong-granite-cau-thang-tai-ha-tinh\/\"]}]},{\"@type\":\"BreadcrumbList\",\"@id\":\"https:\/\/tranthi.vn\/hatinh\/gia-mau-da-hoa-cuong-granite-cau-thang-tai-ha-tinh\/#breadcrumb\",\"itemListElement\":[{\"@type\":\"ListItem\",\"position\":1,\"name\":\"Trang ch\u1ee7\",\"item\":\"https:\/\/tranthi.vn\/hatinh\/\"},{\"@type\":\"ListItem\",\"position\":2,\"name\":\"Shop\",\"item\":\"https:\/\/tranthi.vn\/hatinh\/shop\/\"},{\"@type\":\"ListItem\",\"position\":3,\"name\":\"M\u1eabu \u0110\u00e1 Granite Hoa C\u01b0\u01a1ng C\u1ea7u Thang\"}]},{\"@type\":\"WebSite\",\"@id\":\"https:\/\/tranthi.vn\/hatinh\/#website\",\"url\":\"https:\/\/tranthi.vn\/hatinh\/\",\"name\":\"V\u1eadt Li\u1ec7u X\u00e2y D\u1ef1ng Tr\u1ea7n Th\u1ecb Chi Nh\u00e1nh H\u00e0 T\u0129nh\",\"description\":\"V\u1eadt Li\u1ec7u X\u00e2y D\u1ef1ng - H\u00e0 T\u0129nh\",\"potentialAction\":[{\"@type\":\"SearchAction\",\"target\":{\"@type\":\"EntryPoint\",\"urlTemplate\":\"https:\/\/tranthi.vn\/hatinh\/?s={search_term_string}\"},\"query-input\":\"required name=search_term_string\"}],\"inLanguage\":\"vi\"},{\"@type\":\"ImageObject\",\"inLanguage\":\"vi\",\"@id\":\"https:\/\/tranthi.vn\/hatinh\/gia-mau-da-hoa-cuong-granite-cau-thang-tai-ha-tinh\/#local-main-organization-logo\",\"url\":\"\",\"contentUrl\":\"\",\"caption\":\"V\u1eadt Li\u1ec7u X\u00e2y D\u1ef1ng Tr\u1ea7n Th\u1ecb Chi Nh\u00e1nh H\u00e0 T\u0129nh\"}]}<\/script>\n<meta property=\"product:price:amount\" content=\"0\" \/>\n<meta property=\"product:price:currency\" content=\"VND\" \/>\n<meta property=\"og:availability\" content=\"instock\" \/>\n<meta property=\"product:availability\" content=\"instock\" \/>\n<meta property=\"product:condition\" content=\"new\" \/>\n<!-- \/ Yoast SEO Premium plugin. -->","yoast_head_json":{"title":"M\u1eabu \u0110\u00e1 Granite Hoa C\u01b0\u01a1ng C\u1ea7u Thang t\u1ea1i H\u00e0 T\u0129nh- 0947335871","description":"Gi\u00e1 m\u1eabu \u0111\u00e1 hoa c\u01b0\u01a1ng granite c\u1ea7u thang t\u1ea1i H\u00e0 T\u0129nh- 0947335871 Tr\u1ea7n th\u1ecb. Cung c\u1ea5p h\u00e0ng ho\u00e1 uy t\u00edn ch\u1ea5t l\u01b0\u1ee3ng. Tham kh\u1ea3o Web: tranthi.vn","robots":{"index":"index","follow":"follow","max-snippet":"max-snippet:-1","max-image-preview":"max-image-preview:large","max-video-preview":"max-video-preview:-1"},"canonical":"https:\/\/tranthi.vn\/hatinh\/gia-mau-da-hoa-cuong-granite-cau-thang-tai-ha-tinh\/","og_locale":"vi_VN","og_type":"article","og_title":"M\u1eabu \u0110\u00e1 Granite Hoa C\u01b0\u01a1ng C\u1ea7u Thang","og_description":"Gi\u00e1 m\u1eabu \u0111\u00e1 hoa c\u01b0\u01a1ng granite c\u1ea7u thang t\u1ea1i H\u00e0 T\u0129nh- 0947335871 Tr\u1ea7n th\u1ecb. Cung c\u1ea5p h\u00e0ng ho\u00e1 uy t\u00edn ch\u1ea5t l\u01b0\u1ee3ng. Tham kh\u1ea3o Web: tranthi.vn","og_url":"https:\/\/tranthi.vn\/hatinh\/gia-mau-da-hoa-cuong-granite-cau-thang-tai-ha-tinh\/","og_site_name":"V\u1eadt Li\u1ec7u X\u00e2y D\u1ef1ng Tr\u1ea7n Th\u1ecb Chi Nh\u00e1nh H\u00e0 T\u0129nh","article_modified_time":"2024-07-31T09:22:26+00:00","twitter_card":"summary_large_image","twitter_misc":{"Gi\u00e1":"","Kh\u1ea3 d\u1ee5ng":"Trong kho"},"schema":{"@context":"https:\/\/schema.org","@graph":[{"@type":["WebPage","ItemPage"],"@id":"https:\/\/tranthi.vn\/hatinh\/gia-mau-da-hoa-cuong-granite-cau-thang-tai-ha-tinh\/","url":"https:\/\/tranthi.vn\/hatinh\/gia-mau-da-hoa-cuong-granite-cau-thang-tai-ha-tinh\/","name":"M\u1eabu \u0110\u00e1 Granite Hoa C\u01b0\u01a1ng C\u1ea7u Thang t\u1ea1i H\u00e0 T\u0129nh- 0947335871","isPartOf":{"@id":"https:\/\/tranthi.vn\/hatinh\/#website"},"datePublished":"2024-07-19T09:33:13+00:00","dateModified":"2024-07-31T09:22:26+00:00","description":"Gi\u00e1 m\u1eabu \u0111\u00e1 hoa c\u01b0\u01a1ng granite c\u1ea7u thang t\u1ea1i H\u00e0 T\u0129nh- 0947335871 Tr\u1ea7n th\u1ecb. Cung c\u1ea5p h\u00e0ng ho\u00e1 uy t\u00edn ch\u1ea5t l\u01b0\u1ee3ng. Tham kh\u1ea3o Web: tranthi.vn","breadcrumb":{"@id":"https:\/\/tranthi.vn\/hatinh\/gia-mau-da-hoa-cuong-granite-cau-thang-tai-ha-tinh\/#breadcrumb"},"inLanguage":"vi","potentialAction":[{"@type":"ReadAction","target":["https:\/\/tranthi.vn\/hatinh\/gia-mau-da-hoa-cuong-granite-cau-thang-tai-ha-tinh\/"]}]},{"@type":"BreadcrumbList","@id":"https:\/\/tranthi.vn\/hatinh\/gia-mau-da-hoa-cuong-granite-cau-thang-tai-ha-tinh\/#breadcrumb","itemListElement":[{"@type":"ListItem","position":1,"name":"Trang ch\u1ee7","item":"https:\/\/tranthi.vn\/hatinh\/"},{"@type":"ListItem","position":2,"name":"Shop","item":"https:\/\/tranthi.vn\/hatinh\/shop\/"},{"@type":"ListItem","position":3,"name":"M\u1eabu \u0110\u00e1 Granite Hoa C\u01b0\u01a1ng C\u1ea7u Thang"}]},{"@type":"WebSite","@id":"https:\/\/tranthi.vn\/hatinh\/#website","url":"https:\/\/tranthi.vn\/hatinh\/","name":"V\u1eadt Li\u1ec7u X\u00e2y D\u1ef1ng Tr\u1ea7n Th\u1ecb Chi Nh\u00e1nh H\u00e0 T\u0129nh","description":"V\u1eadt Li\u1ec7u X\u00e2y D\u1ef1ng - H\u00e0 T\u0129nh","potentialAction":[{"@type":"SearchAction","target":{"@type":"EntryPoint","urlTemplate":"https:\/\/tranthi.vn\/hatinh\/?s={search_term_string}"},"query-input":"required name=search_term_string"}],"inLanguage":"vi"},{"@type":"ImageObject","inLanguage":"vi","@id":"https:\/\/tranthi.vn\/hatinh\/gia-mau-da-hoa-cuong-granite-cau-thang-tai-ha-tinh\/#local-main-organization-logo","url":"","contentUrl":"","caption":"V\u1eadt Li\u1ec7u X\u00e2y D\u1ef1ng Tr\u1ea7n Th\u1ecb Chi Nh\u00e1nh H\u00e0 T\u0129nh"}]},"product_price_currency":"VND","og_availability":"instock","product_availability":"instock","product_condition":"new"},"_links":{"self":[{"href":"https:\/\/tranthi.vn\/hatinh\/wp-json\/wp\/v2\/product\/7553","targetHints":{"allow":["GET"]}}],"collection":[{"href":"https:\/\/tranthi.vn\/hatinh\/wp-json\/wp\/v2\/product"}],"about":[{"href":"https:\/\/tranthi.vn\/hatinh\/wp-json\/wp\/v2\/types\/product"}],"replies":[{"embeddable":true,"href":"https:\/\/tranthi.vn\/hatinh\/wp-json\/wp\/v2\/comments?post=7553"}],"wp:attachment":[{"href":"https:\/\/tranthi.vn\/hatinh\/wp-json\/wp\/v2\/media?parent=7553"}],"wp:term":[{"taxonomy":"product_cat","embeddable":true,"href":"https:\/\/tranthi.vn\/hatinh\/wp-json\/wp\/v2\/product_cat?post=7553"},{"taxonomy":"product_tag","embeddable":true,"href":"https:\/\/tranthi.vn\/hatinh\/wp-json\/wp\/v2\/product_tag?post=7553"}],"curies":[{"name":"wp","href":"https:\/\/api.w.org\/{rel}","templated":true}]}}