{"id":7530,"date":"2024-07-19T11:20:03","date_gmt":"2024-07-19T04:20:03","guid":{"rendered":"https:\/\/tranthi.vn\/quangnam\/?post_type=product&#038;p=7530"},"modified":"2024-07-30T11:18:05","modified_gmt":"2024-07-30T04:18:05","slug":"bon-cau-nguoi-gia-gia-re-ha-tinh","status":"publish","type":"product","link":"https:\/\/tranthi.vn\/hatinh\/bon-cau-nguoi-gia-gia-re-ha-tinh\/","title":{"rendered":"B\u1ed3n C\u1ea7u Ng\u01b0\u1eddi Gi\u00e0"},"content":{"rendered":"<h1 style=\"text-align: center;\"><span style=\"font-size: 130%;\"><a href=\"https:\/\/tranthi.vn\/quangnam\/bon-cau-nguoi-gia-gia-re-da-nang\/\">B\u1ed3n C\u1ea7u Ng\u01b0\u1eddi Gi\u00e0 H\u00e0 T\u0129nh<\/a><\/span><\/h1>\n<h1><strong><span style=\"font-size: 130%; font-family: 'times new roman', times, serif;\">B\u1ed3n C\u1ea7u Ng\u01b0\u1eddi Gi\u00e0 <i>&#8211;<\/i>\u00a0Gi\u1ea3i Ph\u00e1p An To\u00e0n v\u00e0 Ti\u1ec7n L\u1ee3i Cho Ng\u01b0\u1eddi Cao Tu\u1ed5i<\/span><\/strong><\/h1>\n<h3><span style=\"font-size: 130%; font-family: 'times new roman', times, serif;\">Ch\u0103m s\u00f3c ng\u01b0\u1eddi cao tu\u1ed5i lu\u00f4n l\u00e0 m\u1ed9t trong nh\u1eefng \u01b0u ti\u00ean h\u00e0ng \u0111\u1ea7u c\u1ee7a nhi\u1ec1u gia \u0111\u00ecnh. \u0110\u1ec3 \u0111\u1ea3m b\u1ea3o s\u1ef1 tho\u1ea3i m\u00e1i v\u00e0 an to\u00e0n cho ng\u01b0\u1eddi gi\u00e0, c\u00e1c thi\u1ebft b\u1ecb v\u1ec7 sinh \u0111\u1eb7c bi\u1ec7t nh\u01b0 b\u1ed3n c\u1ea7u ng\u01b0\u1eddi gi\u00e0 \u0111\u00e3 \u0111\u01b0\u1ee3c ph\u00e1t tri\u1ec3n v\u00e0 ng\u00e0y c\u00e0ng tr\u1edf n\u00ean ph\u1ed5 bi\u1ebfn. T\u1ea1i <b><i><a href=\"https:\/\/vi.wikipedia.org\/wiki\/H%C3%A0_T%C4%A9nh\">H\u00e0 T\u0129nh<\/a>,<\/i><\/b>\u00a0vi\u1ec7c t\u00ecm ki\u1ebfm b\u1ed3n c\u1ea7u ph\u00f9 h\u1ee3p cho ng\u01b0\u1eddi cao tu\u1ed5i l\u00e0 nhu c\u1ea7u thi\u1ebft y\u1ebfu nh\u1eb1m mang l\u1ea1i cu\u1ed9c s\u1ed1ng ti\u1ec7n nghi h\u01a1n cho h\u1ecd.\u00a0<\/span><\/h3>\n<h1><strong><span style=\"font-size: 130%; font-family: 'times new roman', times, serif;\">1. B\u1ed3n c\u1ea7u ng\u01b0\u1eddi gi\u00e0 l\u00e0 g\u00ec?<\/span><\/strong><\/h1>\n<h3><span style=\"font-size: 130%; font-family: 'times new roman', times, serif;\">B\u1ed3n c\u1ea7u ng\u01b0\u1eddi gi\u00e0 l\u00e0 lo\u1ea1i b\u1ed3n c\u1ea7u \u0111\u01b0\u1ee3c thi\u1ebft k\u1ebf \u0111\u1eb7c bi\u1ec7t v\u1edbi c\u00e1c t\u00ednh n\u0103ng h\u1ed7 tr\u1ee3 nh\u1eb1m t\u1ea1o s\u1ef1 tho\u1ea3i m\u00e1i v\u00e0 an to\u00e0n cho ng\u01b0\u1eddi cao tu\u1ed5i trong qu\u00e1 tr\u00ecnh s\u1eed d\u1ee5ng. C\u00e1c t\u00ednh n\u0103ng n\u00e0y bao g\u1ed3m chi\u1ec1u cao ph\u00f9 h\u1ee3p, tay v\u1ecbn h\u1ed7 tr\u1ee3, b\u1ec1 m\u1eb7t ch\u1ed1ng tr\u01b0\u1ee3t v\u00e0 \u0111\u00f4i khi c\u00f3 c\u1ea3 h\u1ec7 th\u1ed1ng s\u01b0\u1edfi \u1ea5m b\u1ec7 ng\u1ed3i ho\u1eb7c v\u00f2i r\u1eeda t\u1ef1 \u0111\u1ed9ng.<\/span><\/h3>\n<p style=\"text-align: center;\"><iframe loading=\"lazy\" src=\"\/\/www.youtube.com\/embed\/MOgn1rgRZHY\" width=\"560\" height=\"314\" allowfullscreen=\"allowfullscreen\"><\/iframe><\/p>\n<h1><strong><span style=\"font-size: 130%; font-family: 'times new roman', times, serif;\">2. \u01afu \u0111i\u1ec3m c\u1ee7a b\u1ed3n c\u1ea7u ng\u01b0\u1eddi gi\u00e0<\/span><\/strong><\/h1>\n<h3><span style=\"font-size: 130%; font-family: 'times new roman', times, serif;\">B\u1ed3n c\u1ea7u ng\u01b0\u1eddi gi\u00e0 mang l\u1ea1i nhi\u1ec1u l\u1ee3i \u00edch thi\u1ebft th\u1ef1c, g\u00f3p ph\u1ea7n n\u00e2ng cao ch\u1ea5t l\u01b0\u1ee3ng cu\u1ed9c s\u1ed1ng cho ng\u01b0\u1eddi cao tu\u1ed5i:<\/span><\/h3>\n<ul>\n<li>\n<h3><span style=\"font-size: 130%; font-family: 'times new roman', times, serif;\">Chi\u1ec1u cao ph\u00f9 h\u1ee3p: B\u1ed3n c\u1ea7u ng\u01b0\u1eddi gi\u00e0 th\u01b0\u1eddng c\u00f3 chi\u1ec1u cao cao h\u01a1n so v\u1edbi b\u1ed3n c\u1ea7u th\u00f4ng th\u01b0\u1eddng, gi\u00fap ng\u01b0\u1eddi cao tu\u1ed5i d\u1ec5 d\u00e0ng ng\u1ed3i xu\u1ed1ng v\u00e0 \u0111\u1ee9ng l\u00ean m\u00e0 kh\u00f4ng c\u1ea7n ph\u1ea3i g\u1eadp g\u1ed1i qu\u00e1 nhi\u1ec1u.<\/span><\/h3>\n<\/li>\n<li>\n<h3><span style=\"font-size: 130%; font-family: 'times new roman', times, serif;\">Tay v\u1ecbn h\u1ed7 tr\u1ee3: Nhi\u1ec1u lo\u1ea1i b\u1ed3n c\u1ea7u ng\u01b0\u1eddi gi\u00e0 \u0111\u01b0\u1ee3c trang b\u1ecb tay v\u1ecbn hai b\u00ean, gi\u00fap ng\u01b0\u1eddi d\u00f9ng gi\u1eef th\u0103ng b\u1eb1ng v\u00e0 h\u1ed7 tr\u1ee3 khi ng\u1ed3i xu\u1ed1ng ho\u1eb7c \u0111\u1ee9ng l\u00ean, gi\u1ea3m nguy c\u01a1 t\u00e9 ng\u00e3.<\/span><\/h3>\n<\/li>\n<li>\n<h3><span style=\"font-size: 130%; font-family: 'times new roman', times, serif;\">B\u1ec1 m\u1eb7t ch\u1ed1ng tr\u01b0\u1ee3t: B\u1ec1 m\u1eb7t b\u1ec7 ng\u1ed3i v\u00e0 c\u00e1c khu v\u1ef1c xung quanh b\u1ed3n c\u1ea7u \u0111\u01b0\u1ee3c thi\u1ebft k\u1ebf ch\u1ed1ng tr\u01b0\u1ee3t, \u0111\u1ea3m b\u1ea3o an to\u00e0n tuy\u1ec7t \u0111\u1ed1i cho ng\u01b0\u1eddi s\u1eed d\u1ee5ng.<\/span><\/h3>\n<\/li>\n<li>\n<h3><span style=\"font-size: 130%; font-family: 'times new roman', times, serif;\">V\u00f2i r\u1eeda t\u1ef1 \u0111\u1ed9ng: M\u1ed9t s\u1ed1 m\u1eabu b\u1ed3n c\u1ea7u cao c\u1ea5p c\u00f3 t\u00edch h\u1ee3p v\u00f2i r\u1eeda t\u1ef1 \u0111\u1ed9ng, gi\u00fap ng\u01b0\u1eddi cao tu\u1ed5i d\u1ec5 d\u00e0ng v\u1ec7 sinh m\u00e0 kh\u00f4ng c\u1ea7n ph\u1ea3i di chuy\u1ec3n nhi\u1ec1u.<\/span><\/h3>\n<\/li>\n<li>\n<h3 style=\"text-align: center;\"><span style=\"font-size: 130%; font-family: 'times new roman', times, serif;\">H\u1ec7 th\u1ed1ng s\u01b0\u1edfi \u1ea5m b\u1ec7 ng\u1ed3i: \u0110\u1eb7c bi\u1ec7t h\u1eefu \u00edch trong nh\u1eefng ng\u00e0y l\u1ea1nh, h\u1ec7 th\u1ed1ng s\u01b0\u1edfi \u1ea5m b\u1ec7 ng\u1ed3i mang l\u1ea1i c\u1ea3m gi\u00e1c tho\u1ea3i m\u00e1i v\u00e0 d\u1ec5 ch\u1ecbu cho ng\u01b0\u1eddi s\u1eed d\u1ee5ng.<\/span><iframe loading=\"lazy\" src=\"\/\/www.youtube.com\/embed\/ZZv9zRDONrE\" width=\"560\" height=\"314\" allowfullscreen=\"allowfullscreen\"><\/iframe><\/h3>\n<\/li>\n<\/ul>\n<h1><strong><span style=\"font-size: 130%; font-family: 'times new roman', times, serif;\">3. L\u00fd do n\u00ean ch\u1ecdn mua b\u1ed3n c\u1ea7u ng\u01b0\u1eddi gi\u00e0 t\u1ea1i <a href=\"https:\/\/vi.wikipedia.org\/wiki\/H%C3%A0_T%C4%A9nh\">H\u00e0 T\u0129nh<\/a>:<\/span><\/strong><\/h1>\n<h3><span style=\"font-size: 130%; font-family: 'times new roman', times, serif;\">\u00a0D\u01b0\u1edbi \u0111\u00e2y l\u00e0 nh\u1eefng l\u00fd do n\u00ean ch\u1ecdn mua b\u1ed3n c\u1ea7u ng\u01b0\u1eddi gi\u00e0 :<\/span><\/h3>\n<ul>\n<li>\n<h3><span style=\"font-size: 130%; font-family: 'times new roman', times, serif;\">S\u1ea3n ph\u1ea9m \u0111a d\u1ea1ng: C\u00f3 nhi\u1ec1u nh\u00e0 cung c\u1ea5p uy t\u00edn v\u1edbi c\u00e1c lo\u1ea1i b\u1ed3n c\u1ea7u ng\u01b0\u1eddi gi\u00e0 \u0111a d\u1ea1ng v\u1ec1 m\u1eabu m\u00e3, ki\u1ec3u d\u00e1ng v\u00e0 t\u00ednh n\u0103ng, \u0111\u00e1p \u1ee9ng m\u1ecdi nhu c\u1ea7u c\u1ee7a kh\u00e1ch h\u00e0ng.<\/span><\/h3>\n<\/li>\n<li>\n<h3><span style=\"font-size: 130%; font-family: 'times new roman', times, serif;\">Ch\u1ea5t l\u01b0\u1ee3ng \u0111\u1ea3m b\u1ea3o: C\u00e1c s\u1ea3n ph\u1ea9m b\u1ed3n c\u1ea7u ng\u01b0\u1eddi gi\u00e0 \u0111\u01b0\u1ee3c ki\u1ec3m \u0111\u1ecbnh ch\u1ea5t l\u01b0\u1ee3ng k\u1ef9 c\u00e0ng, \u0111\u1ea3m b\u1ea3o \u0111\u1ed9 b\u1ec1n v\u00e0 an to\u00e0n cho ng\u01b0\u1eddi s\u1eed d\u1ee5ng.<\/span><\/h3>\n<\/li>\n<li>\n<h3><span style=\"font-size: 130%; font-family: 'times new roman', times, serif;\">D\u1ecbch v\u1ee5 h\u1eadu m\u00e3i t\u1ed1t: Nhi\u1ec1u nh\u00e0 cung c\u1ea5p \u0111\u00e3 cung c\u1ea5p ch\u00ednh s\u00e1ch b\u1ea3o h\u00e0nh v\u00e0 h\u1ed7 tr\u1ee3 k\u1ef9 thu\u1eadt chuy\u00ean nghi\u1ec7p, gi\u00fap kh\u00e1ch h\u00e0ng y\u00ean t\u00e2m trong qu\u00e1 tr\u00ecnh s\u1eed d\u1ee5ng.<\/span><\/h3>\n<\/li>\n<li>\n<h3><span style=\"font-size: 130%; font-family: 'times new roman', times, serif;\">Gi\u00e1 c\u1ea3 c\u1ea1nh tranh: V\u1edbi s\u1ef1 c\u1ea1nh tranh gi\u1eefa c\u00e1c nh\u00e0 cung c\u1ea5p, gi\u00e1 b\u1ed3n c\u1ea7u ng\u01b0\u1eddi gi\u00e0 t\u1ea1i <b><i>H\u00e0 T\u0129nh<\/i><\/b>\u00a0lu\u00f4n \u1edf m\u1ee9c h\u1ee3p l\u00fd, ph\u00f9 h\u1ee3p v\u1edbi ng\u00e2n s\u00e1ch c\u1ee7a nhi\u1ec1u gia \u0111\u00ecnh.<\/span><\/h3>\n<\/li>\n<\/ul>\n<h3><\/h3>\n","protected":false},"excerpt":{"rendered":"<p>B\u1ed3n C\u1ea7u Ng\u01b0\u1eddi Gi\u00e0 H\u00e0 T\u0129nh B\u1ed3n C\u1ea7u Ng\u01b0\u1eddi Gi\u00e0 &#8211;\u00a0Gi\u1ea3i Ph\u00e1p An To\u00e0n v\u00e0 Ti\u1ec7n L\u1ee3i Cho Ng\u01b0\u1eddi Cao Tu\u1ed5i Ch\u0103m s\u00f3c ng\u01b0\u1eddi cao tu\u1ed5i lu\u00f4n l\u00e0 m\u1ed9t trong nh\u1eefng \u01b0u ti\u00ean h\u00e0ng \u0111\u1ea7u c\u1ee7a nhi\u1ec1u gia \u0111\u00ecnh. \u0110\u1ec3 \u0111\u1ea3m b\u1ea3o s\u1ef1 tho\u1ea3i m\u00e1i v\u00e0 an to\u00e0n cho ng\u01b0\u1eddi gi\u00e0, c\u00e1c thi\u1ebft b\u1ecb v\u1ec7 [&#8230;]\n","protected":false},"featured_media":0,"comment_status":"closed","ping_status":"closed","template":"","meta":[],"product_cat":[180,179],"product_tag":[],"class_list":{"0":"post-7530","1":"product","2":"type-product","3":"status-publish","5":"product_cat-bon-cau","6":"product_cat-thiet-bi-ve-sinh-da-nang","8":"first","9":"instock","10":"shipping-taxable","11":"product-type-simple"},"yoast_head":"<!-- This site is optimized with the Yoast SEO Premium plugin v22.3 (Yoast SEO v22.8) - https:\/\/yoast.com\/wordpress\/plugins\/seo\/ -->\n<title>Gi\u00e1 b\u1ed3n c\u1ea7u ng\u01b0\u1eddi gi\u00e0 t\u1ea1i H\u00e0 T\u0129nh- 0947335871<\/title>\n<meta name=\"description\" content=\"Gi\u00e1 b\u1ed3n c\u1ea7u ng\u01b0\u1eddi gi\u00e0 t\u1ea1i H\u00e0 T\u0129nh- 0947335871 Tr\u1ea7n th\u1ecb. Cung c\u1ea5p h\u00e0ng ho\u00e1 uy t\u00edn ch\u1ea5t l\u01b0\u1ee3ng tham kh\u1ea3o t\u1ea1i web: tranthi.vn \u0111\u1ec3 bi\u1ebft th\u00eam chi ti\u1ebft\" \/>\n<meta name=\"robots\" content=\"index, follow, max-snippet:-1, max-image-preview:large, max-video-preview:-1\" \/>\n<link rel=\"canonical\" href=\"https:\/\/tranthi.vn\/hatinh\/bon-cau-nguoi-gia-gia-re-ha-tinh\/\" \/>\n<meta property=\"og:locale\" content=\"vi_VN\" \/>\n<meta property=\"og:type\" content=\"article\" \/>\n<meta property=\"og:title\" content=\"B\u1ed3n C\u1ea7u Ng\u01b0\u1eddi Gi\u00e0\" \/>\n<meta property=\"og:description\" content=\"Gi\u00e1 b\u1ed3n c\u1ea7u ng\u01b0\u1eddi gi\u00e0 t\u1ea1i H\u00e0 T\u0129nh- 0947335871 Tr\u1ea7n th\u1ecb. Cung c\u1ea5p h\u00e0ng ho\u00e1 uy t\u00edn ch\u1ea5t l\u01b0\u1ee3ng tham kh\u1ea3o t\u1ea1i web: tranthi.vn \u0111\u1ec3 bi\u1ebft th\u00eam chi ti\u1ebft\" \/>\n<meta property=\"og:url\" content=\"https:\/\/tranthi.vn\/hatinh\/bon-cau-nguoi-gia-gia-re-ha-tinh\/\" \/>\n<meta property=\"og:site_name\" content=\"V\u1eadt Li\u1ec7u X\u00e2y D\u1ef1ng Tr\u1ea7n Th\u1ecb Chi Nh\u00e1nh H\u00e0 T\u0129nh\" \/>\n<meta property=\"article:modified_time\" content=\"2024-07-30T04:18:05+00:00\" \/>\n<meta name=\"twitter:card\" content=\"summary_large_image\" \/>\n<meta name=\"twitter:label1\" content=\"Gi\u00e1\" \/>\n\t<meta name=\"twitter:data1\" content=\"\" \/>\n\t<meta name=\"twitter:label2\" content=\"Kh\u1ea3 d\u1ee5ng\" \/>\n\t<meta name=\"twitter:data2\" content=\"Trong kho\" \/>\n<script type=\"application\/ld+json\" class=\"yoast-schema-graph\">{\"@context\":\"https:\/\/schema.org\",\"@graph\":[{\"@type\":[\"WebPage\",\"ItemPage\"],\"@id\":\"https:\/\/tranthi.vn\/hatinh\/bon-cau-nguoi-gia-gia-re-ha-tinh\/\",\"url\":\"https:\/\/tranthi.vn\/hatinh\/bon-cau-nguoi-gia-gia-re-ha-tinh\/\",\"name\":\"Gi\u00e1 b\u1ed3n c\u1ea7u ng\u01b0\u1eddi gi\u00e0 t\u1ea1i H\u00e0 T\u0129nh- 0947335871\",\"isPartOf\":{\"@id\":\"https:\/\/tranthi.vn\/hatinh\/#website\"},\"datePublished\":\"2024-07-19T04:20:03+00:00\",\"dateModified\":\"2024-07-30T04:18:05+00:00\",\"description\":\"Gi\u00e1 b\u1ed3n c\u1ea7u ng\u01b0\u1eddi gi\u00e0 t\u1ea1i H\u00e0 T\u0129nh- 0947335871 Tr\u1ea7n th\u1ecb. Cung c\u1ea5p h\u00e0ng ho\u00e1 uy t\u00edn ch\u1ea5t l\u01b0\u1ee3ng tham kh\u1ea3o t\u1ea1i web: tranthi.vn \u0111\u1ec3 bi\u1ebft th\u00eam chi ti\u1ebft\",\"breadcrumb\":{\"@id\":\"https:\/\/tranthi.vn\/hatinh\/bon-cau-nguoi-gia-gia-re-ha-tinh\/#breadcrumb\"},\"inLanguage\":\"vi\",\"potentialAction\":[{\"@type\":\"ReadAction\",\"target\":[\"https:\/\/tranthi.vn\/hatinh\/bon-cau-nguoi-gia-gia-re-ha-tinh\/\"]}]},{\"@type\":\"BreadcrumbList\",\"@id\":\"https:\/\/tranthi.vn\/hatinh\/bon-cau-nguoi-gia-gia-re-ha-tinh\/#breadcrumb\",\"itemListElement\":[{\"@type\":\"ListItem\",\"position\":1,\"name\":\"Trang ch\u1ee7\",\"item\":\"https:\/\/tranthi.vn\/hatinh\/\"},{\"@type\":\"ListItem\",\"position\":2,\"name\":\"Shop\",\"item\":\"https:\/\/tranthi.vn\/hatinh\/shop\/\"},{\"@type\":\"ListItem\",\"position\":3,\"name\":\"B\u1ed3n C\u1ea7u Ng\u01b0\u1eddi Gi\u00e0\"}]},{\"@type\":\"WebSite\",\"@id\":\"https:\/\/tranthi.vn\/hatinh\/#website\",\"url\":\"https:\/\/tranthi.vn\/hatinh\/\",\"name\":\"V\u1eadt Li\u1ec7u X\u00e2y D\u1ef1ng Tr\u1ea7n Th\u1ecb Chi Nh\u00e1nh H\u00e0 T\u0129nh\",\"description\":\"V\u1eadt Li\u1ec7u X\u00e2y D\u1ef1ng - H\u00e0 T\u0129nh\",\"potentialAction\":[{\"@type\":\"SearchAction\",\"target\":{\"@type\":\"EntryPoint\",\"urlTemplate\":\"https:\/\/tranthi.vn\/hatinh\/?s={search_term_string}\"},\"query-input\":\"required name=search_term_string\"}],\"inLanguage\":\"vi\"},{\"@type\":\"ImageObject\",\"inLanguage\":\"vi\",\"@id\":\"https:\/\/tranthi.vn\/hatinh\/bon-cau-nguoi-gia-gia-re-ha-tinh\/#local-main-organization-logo\",\"url\":\"\",\"contentUrl\":\"\",\"caption\":\"V\u1eadt Li\u1ec7u X\u00e2y D\u1ef1ng Tr\u1ea7n Th\u1ecb Chi Nh\u00e1nh H\u00e0 T\u0129nh\"}]}<\/script>\n<meta property=\"product:price:amount\" content=\"0\" \/>\n<meta property=\"product:price:currency\" content=\"VND\" \/>\n<meta property=\"og:availability\" content=\"instock\" \/>\n<meta property=\"product:availability\" content=\"instock\" \/>\n<meta property=\"product:condition\" content=\"new\" \/>\n<!-- \/ Yoast SEO Premium plugin. -->","yoast_head_json":{"title":"Gi\u00e1 b\u1ed3n c\u1ea7u ng\u01b0\u1eddi gi\u00e0 t\u1ea1i H\u00e0 T\u0129nh- 0947335871","description":"Gi\u00e1 b\u1ed3n c\u1ea7u ng\u01b0\u1eddi gi\u00e0 t\u1ea1i H\u00e0 T\u0129nh- 0947335871 Tr\u1ea7n th\u1ecb. Cung c\u1ea5p h\u00e0ng ho\u00e1 uy t\u00edn ch\u1ea5t l\u01b0\u1ee3ng tham kh\u1ea3o t\u1ea1i web: tranthi.vn \u0111\u1ec3 bi\u1ebft th\u00eam chi ti\u1ebft","robots":{"index":"index","follow":"follow","max-snippet":"max-snippet:-1","max-image-preview":"max-image-preview:large","max-video-preview":"max-video-preview:-1"},"canonical":"https:\/\/tranthi.vn\/hatinh\/bon-cau-nguoi-gia-gia-re-ha-tinh\/","og_locale":"vi_VN","og_type":"article","og_title":"B\u1ed3n C\u1ea7u Ng\u01b0\u1eddi Gi\u00e0","og_description":"Gi\u00e1 b\u1ed3n c\u1ea7u ng\u01b0\u1eddi gi\u00e0 t\u1ea1i H\u00e0 T\u0129nh- 0947335871 Tr\u1ea7n th\u1ecb. Cung c\u1ea5p h\u00e0ng ho\u00e1 uy t\u00edn ch\u1ea5t l\u01b0\u1ee3ng tham kh\u1ea3o t\u1ea1i web: tranthi.vn \u0111\u1ec3 bi\u1ebft th\u00eam chi ti\u1ebft","og_url":"https:\/\/tranthi.vn\/hatinh\/bon-cau-nguoi-gia-gia-re-ha-tinh\/","og_site_name":"V\u1eadt Li\u1ec7u X\u00e2y D\u1ef1ng Tr\u1ea7n Th\u1ecb Chi Nh\u00e1nh H\u00e0 T\u0129nh","article_modified_time":"2024-07-30T04:18:05+00:00","twitter_card":"summary_large_image","twitter_misc":{"Gi\u00e1":"","Kh\u1ea3 d\u1ee5ng":"Trong kho"},"schema":{"@context":"https:\/\/schema.org","@graph":[{"@type":["WebPage","ItemPage"],"@id":"https:\/\/tranthi.vn\/hatinh\/bon-cau-nguoi-gia-gia-re-ha-tinh\/","url":"https:\/\/tranthi.vn\/hatinh\/bon-cau-nguoi-gia-gia-re-ha-tinh\/","name":"Gi\u00e1 b\u1ed3n c\u1ea7u ng\u01b0\u1eddi gi\u00e0 t\u1ea1i H\u00e0 T\u0129nh- 0947335871","isPartOf":{"@id":"https:\/\/tranthi.vn\/hatinh\/#website"},"datePublished":"2024-07-19T04:20:03+00:00","dateModified":"2024-07-30T04:18:05+00:00","description":"Gi\u00e1 b\u1ed3n c\u1ea7u ng\u01b0\u1eddi gi\u00e0 t\u1ea1i H\u00e0 T\u0129nh- 0947335871 Tr\u1ea7n th\u1ecb. Cung c\u1ea5p h\u00e0ng ho\u00e1 uy t\u00edn ch\u1ea5t l\u01b0\u1ee3ng tham kh\u1ea3o t\u1ea1i web: tranthi.vn \u0111\u1ec3 bi\u1ebft th\u00eam chi ti\u1ebft","breadcrumb":{"@id":"https:\/\/tranthi.vn\/hatinh\/bon-cau-nguoi-gia-gia-re-ha-tinh\/#breadcrumb"},"inLanguage":"vi","potentialAction":[{"@type":"ReadAction","target":["https:\/\/tranthi.vn\/hatinh\/bon-cau-nguoi-gia-gia-re-ha-tinh\/"]}]},{"@type":"BreadcrumbList","@id":"https:\/\/tranthi.vn\/hatinh\/bon-cau-nguoi-gia-gia-re-ha-tinh\/#breadcrumb","itemListElement":[{"@type":"ListItem","position":1,"name":"Trang ch\u1ee7","item":"https:\/\/tranthi.vn\/hatinh\/"},{"@type":"ListItem","position":2,"name":"Shop","item":"https:\/\/tranthi.vn\/hatinh\/shop\/"},{"@type":"ListItem","position":3,"name":"B\u1ed3n C\u1ea7u Ng\u01b0\u1eddi Gi\u00e0"}]},{"@type":"WebSite","@id":"https:\/\/tranthi.vn\/hatinh\/#website","url":"https:\/\/tranthi.vn\/hatinh\/","name":"V\u1eadt Li\u1ec7u X\u00e2y D\u1ef1ng Tr\u1ea7n Th\u1ecb Chi Nh\u00e1nh H\u00e0 T\u0129nh","description":"V\u1eadt Li\u1ec7u X\u00e2y D\u1ef1ng - H\u00e0 T\u0129nh","potentialAction":[{"@type":"SearchAction","target":{"@type":"EntryPoint","urlTemplate":"https:\/\/tranthi.vn\/hatinh\/?s={search_term_string}"},"query-input":"required name=search_term_string"}],"inLanguage":"vi"},{"@type":"ImageObject","inLanguage":"vi","@id":"https:\/\/tranthi.vn\/hatinh\/bon-cau-nguoi-gia-gia-re-ha-tinh\/#local-main-organization-logo","url":"","contentUrl":"","caption":"V\u1eadt Li\u1ec7u X\u00e2y D\u1ef1ng Tr\u1ea7n Th\u1ecb Chi Nh\u00e1nh H\u00e0 T\u0129nh"}]},"product_price_currency":"VND","og_availability":"instock","product_availability":"instock","product_condition":"new"},"_links":{"self":[{"href":"https:\/\/tranthi.vn\/hatinh\/wp-json\/wp\/v2\/product\/7530","targetHints":{"allow":["GET"]}}],"collection":[{"href":"https:\/\/tranthi.vn\/hatinh\/wp-json\/wp\/v2\/product"}],"about":[{"href":"https:\/\/tranthi.vn\/hatinh\/wp-json\/wp\/v2\/types\/product"}],"replies":[{"embeddable":true,"href":"https:\/\/tranthi.vn\/hatinh\/wp-json\/wp\/v2\/comments?post=7530"}],"wp:attachment":[{"href":"https:\/\/tranthi.vn\/hatinh\/wp-json\/wp\/v2\/media?parent=7530"}],"wp:term":[{"taxonomy":"product_cat","embeddable":true,"href":"https:\/\/tranthi.vn\/hatinh\/wp-json\/wp\/v2\/product_cat?post=7530"},{"taxonomy":"product_tag","embeddable":true,"href":"https:\/\/tranthi.vn\/hatinh\/wp-json\/wp\/v2\/product_tag?post=7530"}],"curies":[{"name":"wp","href":"https:\/\/api.w.org\/{rel}","templated":true}]}}