{"id":7526,"date":"2024-07-19T11:02:59","date_gmt":"2024-07-19T04:02:59","guid":{"rendered":"https:\/\/tranthi.vn\/quangnam\/?post_type=product&#038;p=7526"},"modified":"2024-07-31T10:28:34","modified_gmt":"2024-07-31T03:28:34","slug":"cau-thang-kinh-gia-re-ha-tinh","status":"publish","type":"product","link":"https:\/\/tranthi.vn\/hatinh\/cau-thang-kinh-gia-re-ha-tinh\/","title":{"rendered":"C\u1ea7u Thang K\u00ednh"},"content":{"rendered":"<h1 style=\"text-align: center;\"><span style=\"font-family: 'times new roman', times, serif; font-size: 140%;\">C\u1ea7u Thang K\u00ednh <a href=\"https:\/\/vi.wikipedia.org\/wiki\/H%C3%A0_T%C4%A9nh\">H\u00e0 T\u0129nh<\/a><\/span><\/h1>\n<h1><strong><span style=\"font-family: 'times new roman', times, serif; font-size: 120%;\">C\u1ea7u Thang K\u00ednh &#8211; Sang Tr\u1ecdng v\u00e0 Hi\u1ec7n \u0110\u1ea1i Cho Kh\u00f4ng Gian<\/span><\/strong><\/h1>\n<h3><span style=\"font-family: 'times new roman', times, serif; font-size: 120%;\">C\u1ea7u thang k\u00ednh \u0111ang tr\u1edf th\u00e0nh xu h\u01b0\u1edbng n\u1ed5i b\u1eadt trong thi\u1ebft k\u1ebf n\u1ed9i th\u1ea5t hi\u1ec7n \u0111\u1ea1i t\u1ea1i<b><i> H\u00e0 T\u0129nh<\/i><\/b>. V\u1edbi v\u1ebb \u0111\u1eb9p tinh t\u1ebf, s\u1ef1 s\u00e1ng s\u1ee7a v\u00e0 c\u1ea3m gi\u00e1c kh\u00f4ng gian m\u1edf, c\u1ea7u thang k\u00ednh kh\u00f4ng ch\u1ec9 n\u00e2ng cao t\u00ednh th\u1ea9m m\u1ef9 c\u1ee7a ng\u00f4i nh\u00e0 m\u00e0 c\u00f2n mang l\u1ea1i s\u1ef1 an to\u00e0n v\u00e0 \u0111\u1ed9 b\u1ec1n cao. B\u00e0i vi\u1ebft n\u00e0y s\u1ebd kh\u00e1m ph\u00e1 nh\u1eefng \u01b0u \u0111i\u1ec3m c\u1ee7a c\u1ea7u thang k\u00ednh v\u00e0 l\u00fd do t\u1ea1i sao n\u00f3 \u0111ang \u0111\u01b0\u1ee3c \u01b0a chu\u1ed9ng <\/span><\/h3>\n<h1><strong><span style=\"font-family: 'times new roman', times, serif; font-size: 120%;\">1. C\u1ea7u thang k\u00ednh l\u00e0 g\u00ec?<\/span><\/strong><\/h1>\n<h3><span style=\"font-family: 'times new roman', times, serif; font-size: 120%;\">C\u1ea7u thang k\u00ednh l\u00e0 lo\u1ea1i c\u1ea7u thang s\u1eed d\u1ee5ng k\u00ednh c\u01b0\u1eddng l\u1ef1c l\u00e0m v\u1eadt li\u1ec7u ch\u00ednh cho tay v\u1ecbn v\u00e0 b\u1eadc c\u1ea7u thang. K\u00ednh c\u01b0\u1eddng l\u1ef1c c\u00f3 \u0111\u1ed9 b\u1ec1n cao, kh\u1ea3 n\u0103ng ch\u1ecbu l\u1ef1c t\u1ed1t v\u00e0 \u0111\u01b0\u1ee3c thi\u1ebft k\u1ebf \u0111\u1ec3 t\u1ea1o ra c\u1ea3m gi\u00e1c tho\u00e1ng \u0111\u00e3ng, sang tr\u1ecdng cho kh\u00f4ng gian. C\u1ea7u thang k\u00ednh th\u01b0\u1eddng \u0111\u01b0\u1ee3c k\u1ebft h\u1ee3p v\u1edbi c\u00e1c v\u1eadt li\u1ec7u kh\u00e1c nh\u01b0 inox ho\u1eb7c g\u1ed7 \u0111\u1ec3 t\u0103ng th\u00eam t\u00ednh th\u1ea9m m\u1ef9 v\u00e0 s\u1ef1 ch\u1eafc ch\u1eafn.<\/span><\/h3>\n<p style=\"text-align: center;\"><iframe loading=\"lazy\" src=\"\/\/www.youtube.com\/embed\/XV458UDLbX0\" width=\"560\" height=\"314\" allowfullscreen=\"allowfullscreen\"><\/iframe><\/p>\n<h1><strong><span style=\"font-family: 'times new roman', times, serif; font-size: 120%;\">2. \u01afu \u0111i\u1ec3m c\u1ee7a c\u1ea7u thang k\u00ednh<\/span><\/strong><\/h1>\n<h3><span style=\"font-family: 'times new roman', times, serif; font-size: 120%;\">C\u1ea7u thang k\u00ednh mang l\u1ea1i nhi\u1ec1u l\u1ee3i \u00edch n\u1ed5i b\u1eadt:<\/span><\/h3>\n<ul>\n<li>\n<h3><span style=\"font-family: 'times new roman', times, serif; font-size: 120%;\">T\u00ednh th\u1ea9m m\u1ef9 cao: C\u1ea7u thang k\u00ednh mang l\u1ea1i v\u1ebb \u0111\u1eb9p hi\u1ec7n \u0111\u1ea1i v\u00e0 sang tr\u1ecdng, t\u1ea1o c\u1ea3m gi\u00e1c kh\u00f4ng gian m\u1edf v\u00e0 s\u00e1ng s\u1ee7a. K\u00ednh trong su\u1ed1t gi\u00fap kh\u00f4ng gian tr\u1edf n\u00ean r\u1ed9ng r\u00e3i h\u01a1n, ph\u00f9 h\u1ee3p v\u1edbi c\u00e1c thi\u1ebft k\u1ebf n\u1ed9i th\u1ea5t hi\u1ec7n \u0111\u1ea1i.<\/span><\/h3>\n<\/li>\n<li>\n<h3><span style=\"font-family: 'times new roman', times, serif; font-size: 120%;\">\u0110\u1ed9 b\u1ec1n v\u00e0 an to\u00e0n: K\u00ednh c\u01b0\u1eddng l\u1ef1c \u0111\u01b0\u1ee3c x\u1eed l\u00fd \u0111\u1eb7c bi\u1ec7t \u0111\u1ec3 ch\u1ecbu l\u1ef1c v\u00e0 va \u0111\u1eadp t\u1ed1t, \u0111\u1ea3m b\u1ea3o s\u1ef1 an to\u00e0n cho ng\u01b0\u1eddi s\u1eed d\u1ee5ng. C\u00e1c h\u1ec7 th\u1ed1ng tay v\u1ecbn b\u1eb1ng inox ho\u1eb7c v\u1eadt li\u1ec7u ch\u1eafc ch\u1eafn kh\u00e1c h\u1ed7 tr\u1ee3 th\u00eam t\u00ednh \u1ed5n \u0111\u1ecbnh.<\/span><\/h3>\n<\/li>\n<li>\n<h3><span style=\"font-family: 'times new roman', times, serif; font-size: 120%;\">D\u1ec5 d\u00e0ng b\u1ea3o tr\u00ec: B\u1ec1 m\u1eb7t k\u00ednh d\u1ec5 d\u00e0ng lau ch\u00f9i v\u00e0 b\u1ea3o tr\u00ec, gi\u00fap duy tr\u00ec v\u1ebb \u0111\u1eb9p c\u1ee7a c\u1ea7u thang trong th\u1eddi gian d\u00e0i m\u00e0 kh\u00f4ng t\u1ed1n nhi\u1ec1u c\u00f4ng s\u1ee9c.<\/span><\/h3>\n<\/li>\n<li>\n<h3><span style=\"font-family: 'times new roman', times, serif; font-size: 120%;\">T\u1ea1o kh\u00f4ng gian m\u1edf: K\u00ednh trong su\u1ed1t gi\u00fap \u00e1nh s\u00e1ng t\u1ef1 nhi\u00ean lan t\u1ecfa \u0111\u1ec1u trong kh\u00f4ng gian, t\u1ea1o c\u1ea3m gi\u00e1c tho\u00e1ng \u0111\u00e3ng v\u00e0 tho\u1ea3i m\u00e1i cho ng\u00f4i nh\u00e0.<\/span><\/h3>\n<\/li>\n<\/ul>\n<p style=\"text-align: center;\"><iframe loading=\"lazy\" src=\"\/\/www.youtube.com\/embed\/QSmwfHJQKT4\" width=\"560\" height=\"314\" allowfullscreen=\"allowfullscreen\"><\/iframe><\/p>\n<h1><strong><span style=\"font-family: 'times new roman', times, serif; font-size: 120%;\">3. L\u00fd do n\u00ean ch\u1ecdn c\u1ea7u thang k\u00ednh<\/span><\/strong><\/h1>\n<h3><span style=\"font-family: 'times new roman', times, serif; font-size: 120%;\"><a href=\"https:\/\/vi.wikipedia.org\/wiki\/H%C3%A0_T%C4%A9nh\">H\u00e0 T\u0129nh<\/a>\u00a0l\u00e0 th\u00e0nh ph\u1ed1 \u0111ang ph\u00e1t tri\u1ec3n nhanh ch\u00f3ng v\u1edbi nhi\u1ec1u d\u1ef1 \u00e1n x\u00e2y d\u1ef1ng v\u00e0 thi\u1ebft k\u1ebf n\u1ed9i th\u1ea5t hi\u1ec7n \u0111\u1ea1i. D\u01b0\u1edbi \u0111\u00e2y l\u00e0 l\u00fd do n\u00ean ch\u1ecdn c\u1ea7u thang k\u00ednh\u00a0<\/span><\/h3>\n<ul>\n<li>\n<h3><span style=\"font-family: 'times new roman', times, serif; font-size: 120%;\">S\u1ea3n ph\u1ea9m ch\u1ea5t l\u01b0\u1ee3ng: C\u00e1c nh\u00e0 cung c\u1ea5p \u0111\u00e3 cung c\u1ea5p c\u1ea7u thang k\u00ednh ch\u1ea5t l\u01b0\u1ee3ng cao, \u0111\u00e1p \u1ee9ng c\u00e1c ti\u00eau chu\u1ea9n an to\u00e0n v\u00e0 th\u1ea9m m\u1ef9 qu\u1ed1c t\u1ebf.<\/span><\/h3>\n<\/li>\n<li>\n<h3><span style=\"font-family: 'times new roman', times, serif; font-size: 120%;\">D\u1ecbch v\u1ee5 l\u1eafp \u0111\u1eb7t chuy\u00ean nghi\u1ec7p: Nhi\u1ec1u c\u00f4ng ty t\u1ea1i<b><i> H\u00e0 T\u0129nh<\/i><\/b>\u00a0cung c\u1ea5p d\u1ecbch v\u1ee5 l\u1eafp \u0111\u1eb7t c\u1ea7u thang k\u00ednh chuy\u00ean nghi\u1ec7p, \u0111\u1ea3m b\u1ea3o c\u00f4ng tr\u00ecnh \u0111\u01b0\u1ee3c th\u1ef1c hi\u1ec7n ch\u00ednh x\u00e1c v\u00e0 an to\u00e0n.<\/span><\/h3>\n<\/li>\n<li>\n<h3><span style=\"font-family: 'times new roman', times, serif; font-size: 120%;\">Gi\u00e1 c\u1ea3 c\u1ea1nh tranh: V\u1edbi s\u1ef1 c\u1ea1nh tranh gi\u1eefa c\u00e1c nh\u00e0 cung c\u1ea5p, gi\u00e1 c\u1ea7u thang k\u00ednh\u00a0 th\u01b0\u1eddng r\u1ea5t h\u1ee3p l\u00fd, ph\u00f9 h\u1ee3p v\u1edbi ng\u00e2n s\u00e1ch c\u1ee7a nhi\u1ec1u d\u1ef1 \u00e1n x\u00e2y d\u1ef1ng.<\/span><\/h3>\n<\/li>\n<\/ul>\n","protected":false},"excerpt":{"rendered":"<p>C\u1ea7u Thang K\u00ednh H\u00e0 T\u0129nh C\u1ea7u Thang K\u00ednh &#8211; Sang Tr\u1ecdng v\u00e0 Hi\u1ec7n \u0110\u1ea1i Cho Kh\u00f4ng Gian C\u1ea7u thang k\u00ednh \u0111ang tr\u1edf th\u00e0nh xu h\u01b0\u1edbng n\u1ed5i b\u1eadt trong thi\u1ebft k\u1ebf n\u1ed9i th\u1ea5t hi\u1ec7n \u0111\u1ea1i t\u1ea1i H\u00e0 T\u0129nh. V\u1edbi v\u1ebb \u0111\u1eb9p tinh t\u1ebf, s\u1ef1 s\u00e1ng s\u1ee7a v\u00e0 c\u1ea3m gi\u00e1c kh\u00f4ng gian m\u1edf, c\u1ea7u thang k\u00ednh kh\u00f4ng [&#8230;]\n","protected":false},"featured_media":0,"comment_status":"closed","ping_status":"closed","template":"","meta":[],"product_cat":[308],"product_tag":[482],"class_list":{"0":"post-7526","1":"product","2":"type-product","3":"status-publish","5":"product_cat-tu-gam-cau-thang","6":"product_tag-cau-thang-kinh-ha-tinh","8":"first","9":"instock","10":"shipping-taxable","11":"product-type-simple"},"yoast_head":"<!-- This site is optimized with the Yoast SEO Premium plugin v22.3 (Yoast SEO v22.8) - https:\/\/yoast.com\/wordpress\/plugins\/seo\/ -->\n<title>Gi\u00e1 c\u1ea7u thang k\u00ednh t\u1ea1i H\u00e0 T\u0129nh- 0947335871<\/title>\n<meta name=\"description\" content=\"Gi\u00e1 c\u1ea7u thang k\u00ednh t\u1ea1i H\u00e0 T\u0129nh- 0947335871 Tr\u1ea7n th\u1ecb. Cung c\u1ea5p h\u00e0ng ho\u00e1 uy t\u00edn ch\u1ea5t l\u01b0\u1ee3ng tham kh\u1ea3o t\u1ea1i web: tranthi.vn \u0111\u1ec3 bi\u1ebft th\u00eam chi ti\u1ebft\" \/>\n<meta name=\"robots\" content=\"index, follow, max-snippet:-1, max-image-preview:large, max-video-preview:-1\" \/>\n<link rel=\"canonical\" href=\"https:\/\/tranthi.vn\/hatinh\/cau-thang-kinh-gia-re-ha-tinh\/\" \/>\n<meta property=\"og:locale\" content=\"vi_VN\" \/>\n<meta property=\"og:type\" content=\"article\" \/>\n<meta property=\"og:title\" content=\"C\u1ea7u Thang K\u00ednh\" \/>\n<meta property=\"og:description\" content=\"Gi\u00e1 c\u1ea7u thang k\u00ednh t\u1ea1i H\u00e0 T\u0129nh- 0947335871 Tr\u1ea7n th\u1ecb. Cung c\u1ea5p h\u00e0ng ho\u00e1 uy t\u00edn ch\u1ea5t l\u01b0\u1ee3ng tham kh\u1ea3o t\u1ea1i web: tranthi.vn \u0111\u1ec3 bi\u1ebft th\u00eam chi ti\u1ebft\" \/>\n<meta property=\"og:url\" content=\"https:\/\/tranthi.vn\/hatinh\/cau-thang-kinh-gia-re-ha-tinh\/\" \/>\n<meta property=\"og:site_name\" content=\"V\u1eadt Li\u1ec7u X\u00e2y D\u1ef1ng Tr\u1ea7n Th\u1ecb Chi Nh\u00e1nh H\u00e0 T\u0129nh\" \/>\n<meta property=\"article:modified_time\" content=\"2024-07-31T03:28:34+00:00\" \/>\n<meta name=\"twitter:card\" content=\"summary_large_image\" \/>\n<meta name=\"twitter:label1\" content=\"Gi\u00e1\" \/>\n\t<meta name=\"twitter:data1\" content=\"\" \/>\n\t<meta name=\"twitter:label2\" content=\"Kh\u1ea3 d\u1ee5ng\" \/>\n\t<meta name=\"twitter:data2\" content=\"Trong kho\" \/>\n<script type=\"application\/ld+json\" class=\"yoast-schema-graph\">{\"@context\":\"https:\/\/schema.org\",\"@graph\":[{\"@type\":[\"WebPage\",\"ItemPage\"],\"@id\":\"https:\/\/tranthi.vn\/hatinh\/cau-thang-kinh-gia-re-ha-tinh\/\",\"url\":\"https:\/\/tranthi.vn\/hatinh\/cau-thang-kinh-gia-re-ha-tinh\/\",\"name\":\"Gi\u00e1 c\u1ea7u thang k\u00ednh t\u1ea1i H\u00e0 T\u0129nh- 0947335871\",\"isPartOf\":{\"@id\":\"https:\/\/tranthi.vn\/hatinh\/#website\"},\"datePublished\":\"2024-07-19T04:02:59+00:00\",\"dateModified\":\"2024-07-31T03:28:34+00:00\",\"description\":\"Gi\u00e1 c\u1ea7u thang k\u00ednh t\u1ea1i H\u00e0 T\u0129nh- 0947335871 Tr\u1ea7n th\u1ecb. Cung c\u1ea5p h\u00e0ng ho\u00e1 uy t\u00edn ch\u1ea5t l\u01b0\u1ee3ng tham kh\u1ea3o t\u1ea1i web: tranthi.vn \u0111\u1ec3 bi\u1ebft th\u00eam chi ti\u1ebft\",\"breadcrumb\":{\"@id\":\"https:\/\/tranthi.vn\/hatinh\/cau-thang-kinh-gia-re-ha-tinh\/#breadcrumb\"},\"inLanguage\":\"vi\",\"potentialAction\":[{\"@type\":\"ReadAction\",\"target\":[\"https:\/\/tranthi.vn\/hatinh\/cau-thang-kinh-gia-re-ha-tinh\/\"]}]},{\"@type\":\"BreadcrumbList\",\"@id\":\"https:\/\/tranthi.vn\/hatinh\/cau-thang-kinh-gia-re-ha-tinh\/#breadcrumb\",\"itemListElement\":[{\"@type\":\"ListItem\",\"position\":1,\"name\":\"Trang ch\u1ee7\",\"item\":\"https:\/\/tranthi.vn\/hatinh\/\"},{\"@type\":\"ListItem\",\"position\":2,\"name\":\"Shop\",\"item\":\"https:\/\/tranthi.vn\/hatinh\/shop\/\"},{\"@type\":\"ListItem\",\"position\":3,\"name\":\"C\u1ea7u Thang K\u00ednh\"}]},{\"@type\":\"WebSite\",\"@id\":\"https:\/\/tranthi.vn\/hatinh\/#website\",\"url\":\"https:\/\/tranthi.vn\/hatinh\/\",\"name\":\"V\u1eadt Li\u1ec7u X\u00e2y D\u1ef1ng Tr\u1ea7n Th\u1ecb Chi Nh\u00e1nh H\u00e0 T\u0129nh\",\"description\":\"V\u1eadt Li\u1ec7u X\u00e2y D\u1ef1ng - H\u00e0 T\u0129nh\",\"potentialAction\":[{\"@type\":\"SearchAction\",\"target\":{\"@type\":\"EntryPoint\",\"urlTemplate\":\"https:\/\/tranthi.vn\/hatinh\/?s={search_term_string}\"},\"query-input\":\"required name=search_term_string\"}],\"inLanguage\":\"vi\"},{\"@type\":\"ImageObject\",\"inLanguage\":\"vi\",\"@id\":\"https:\/\/tranthi.vn\/hatinh\/cau-thang-kinh-gia-re-ha-tinh\/#local-main-organization-logo\",\"url\":\"\",\"contentUrl\":\"\",\"caption\":\"V\u1eadt Li\u1ec7u X\u00e2y D\u1ef1ng Tr\u1ea7n Th\u1ecb Chi Nh\u00e1nh H\u00e0 T\u0129nh\"}]}<\/script>\n<meta property=\"product:price:amount\" content=\"0\" \/>\n<meta property=\"product:price:currency\" content=\"VND\" \/>\n<meta property=\"og:availability\" content=\"instock\" \/>\n<meta property=\"product:availability\" content=\"instock\" \/>\n<meta property=\"product:condition\" content=\"new\" \/>\n<!-- \/ Yoast SEO Premium plugin. -->","yoast_head_json":{"title":"Gi\u00e1 c\u1ea7u thang k\u00ednh t\u1ea1i H\u00e0 T\u0129nh- 0947335871","description":"Gi\u00e1 c\u1ea7u thang k\u00ednh t\u1ea1i H\u00e0 T\u0129nh- 0947335871 Tr\u1ea7n th\u1ecb. Cung c\u1ea5p h\u00e0ng ho\u00e1 uy t\u00edn ch\u1ea5t l\u01b0\u1ee3ng tham kh\u1ea3o t\u1ea1i web: tranthi.vn \u0111\u1ec3 bi\u1ebft th\u00eam chi ti\u1ebft","robots":{"index":"index","follow":"follow","max-snippet":"max-snippet:-1","max-image-preview":"max-image-preview:large","max-video-preview":"max-video-preview:-1"},"canonical":"https:\/\/tranthi.vn\/hatinh\/cau-thang-kinh-gia-re-ha-tinh\/","og_locale":"vi_VN","og_type":"article","og_title":"C\u1ea7u Thang K\u00ednh","og_description":"Gi\u00e1 c\u1ea7u thang k\u00ednh t\u1ea1i H\u00e0 T\u0129nh- 0947335871 Tr\u1ea7n th\u1ecb. Cung c\u1ea5p h\u00e0ng ho\u00e1 uy t\u00edn ch\u1ea5t l\u01b0\u1ee3ng tham kh\u1ea3o t\u1ea1i web: tranthi.vn \u0111\u1ec3 bi\u1ebft th\u00eam chi ti\u1ebft","og_url":"https:\/\/tranthi.vn\/hatinh\/cau-thang-kinh-gia-re-ha-tinh\/","og_site_name":"V\u1eadt Li\u1ec7u X\u00e2y D\u1ef1ng Tr\u1ea7n Th\u1ecb Chi Nh\u00e1nh H\u00e0 T\u0129nh","article_modified_time":"2024-07-31T03:28:34+00:00","twitter_card":"summary_large_image","twitter_misc":{"Gi\u00e1":"","Kh\u1ea3 d\u1ee5ng":"Trong kho"},"schema":{"@context":"https:\/\/schema.org","@graph":[{"@type":["WebPage","ItemPage"],"@id":"https:\/\/tranthi.vn\/hatinh\/cau-thang-kinh-gia-re-ha-tinh\/","url":"https:\/\/tranthi.vn\/hatinh\/cau-thang-kinh-gia-re-ha-tinh\/","name":"Gi\u00e1 c\u1ea7u thang k\u00ednh t\u1ea1i H\u00e0 T\u0129nh- 0947335871","isPartOf":{"@id":"https:\/\/tranthi.vn\/hatinh\/#website"},"datePublished":"2024-07-19T04:02:59+00:00","dateModified":"2024-07-31T03:28:34+00:00","description":"Gi\u00e1 c\u1ea7u thang k\u00ednh t\u1ea1i H\u00e0 T\u0129nh- 0947335871 Tr\u1ea7n th\u1ecb. Cung c\u1ea5p h\u00e0ng ho\u00e1 uy t\u00edn ch\u1ea5t l\u01b0\u1ee3ng tham kh\u1ea3o t\u1ea1i web: tranthi.vn \u0111\u1ec3 bi\u1ebft th\u00eam chi ti\u1ebft","breadcrumb":{"@id":"https:\/\/tranthi.vn\/hatinh\/cau-thang-kinh-gia-re-ha-tinh\/#breadcrumb"},"inLanguage":"vi","potentialAction":[{"@type":"ReadAction","target":["https:\/\/tranthi.vn\/hatinh\/cau-thang-kinh-gia-re-ha-tinh\/"]}]},{"@type":"BreadcrumbList","@id":"https:\/\/tranthi.vn\/hatinh\/cau-thang-kinh-gia-re-ha-tinh\/#breadcrumb","itemListElement":[{"@type":"ListItem","position":1,"name":"Trang ch\u1ee7","item":"https:\/\/tranthi.vn\/hatinh\/"},{"@type":"ListItem","position":2,"name":"Shop","item":"https:\/\/tranthi.vn\/hatinh\/shop\/"},{"@type":"ListItem","position":3,"name":"C\u1ea7u Thang K\u00ednh"}]},{"@type":"WebSite","@id":"https:\/\/tranthi.vn\/hatinh\/#website","url":"https:\/\/tranthi.vn\/hatinh\/","name":"V\u1eadt Li\u1ec7u X\u00e2y D\u1ef1ng Tr\u1ea7n Th\u1ecb Chi Nh\u00e1nh H\u00e0 T\u0129nh","description":"V\u1eadt Li\u1ec7u X\u00e2y D\u1ef1ng - H\u00e0 T\u0129nh","potentialAction":[{"@type":"SearchAction","target":{"@type":"EntryPoint","urlTemplate":"https:\/\/tranthi.vn\/hatinh\/?s={search_term_string}"},"query-input":"required name=search_term_string"}],"inLanguage":"vi"},{"@type":"ImageObject","inLanguage":"vi","@id":"https:\/\/tranthi.vn\/hatinh\/cau-thang-kinh-gia-re-ha-tinh\/#local-main-organization-logo","url":"","contentUrl":"","caption":"V\u1eadt Li\u1ec7u X\u00e2y D\u1ef1ng Tr\u1ea7n Th\u1ecb Chi Nh\u00e1nh H\u00e0 T\u0129nh"}]},"product_price_currency":"VND","og_availability":"instock","product_availability":"instock","product_condition":"new"},"_links":{"self":[{"href":"https:\/\/tranthi.vn\/hatinh\/wp-json\/wp\/v2\/product\/7526","targetHints":{"allow":["GET"]}}],"collection":[{"href":"https:\/\/tranthi.vn\/hatinh\/wp-json\/wp\/v2\/product"}],"about":[{"href":"https:\/\/tranthi.vn\/hatinh\/wp-json\/wp\/v2\/types\/product"}],"replies":[{"embeddable":true,"href":"https:\/\/tranthi.vn\/hatinh\/wp-json\/wp\/v2\/comments?post=7526"}],"wp:attachment":[{"href":"https:\/\/tranthi.vn\/hatinh\/wp-json\/wp\/v2\/media?parent=7526"}],"wp:term":[{"taxonomy":"product_cat","embeddable":true,"href":"https:\/\/tranthi.vn\/hatinh\/wp-json\/wp\/v2\/product_cat?post=7526"},{"taxonomy":"product_tag","embeddable":true,"href":"https:\/\/tranthi.vn\/hatinh\/wp-json\/wp\/v2\/product_tag?post=7526"}],"curies":[{"name":"wp","href":"https:\/\/api.w.org\/{rel}","templated":true}]}}