{"id":7498,"date":"2024-06-28T15:58:23","date_gmt":"2024-06-28T08:58:23","guid":{"rendered":"https:\/\/tranthi.vn\/quangnam\/?post_type=product&#038;p=7498"},"modified":"2024-07-30T10:21:54","modified_gmt":"2024-07-30T03:21:54","slug":"son-nhu-vang-pukaco-ha-tinh","status":"publish","type":"product","link":"https:\/\/tranthi.vn\/hatinh\/son-nhu-vang-pukaco-ha-tinh\/","title":{"rendered":"S\u01a1n nh\u0169 v\u00e0ng pukaco"},"content":{"rendered":"<h1>\u00a0 \u00a0 \u00a0 \u00a0 \u00a0 \u00a0 \u00a0 \u00a0 \u00a0 \u00a0 \u00a0 \u00a0<strong>B\u1ea3ng gi\u00e1 s\u01a1n nh\u0169 v\u00e0ng t\u1ea1i <a href=\"https:\/\/vi.wikipedia.org\/wiki\/H%C3%A0_T%C4%A9nh\">H\u00e0 T\u0129nh<\/a><\/strong><\/h1>\n<p><span style=\"font-size: 120%; font-family: 'times new roman', times, serif;\"><em><strong>S\u01a1n Nh\u0169 V\u00e0ng<\/strong><\/em> PUKACO hay c\u00f2n g\u1ecdi l\u00e0 S\u01a0N GI\u1ea2 V\u00c0NG, S\u01a0N D\u00c1T V\u00c0NG \u2013 \u0110\u1eb8P NH\u01af D\u00c1T V\u00c0NG \u2013 SANG NH\u01af M\u1ea0 V\u00c0NG !<\/span><\/p>\n<p><span style=\"font-size: 120%; font-family: 'times new roman', times, serif;\"><strong>S\u01a1n nh\u0169 v\u00e0ng Pukaco<\/strong> t\u1ea1i H\u00e0 T\u0129nh\u00a0l\u00e0 d\u00f2ng s\u01a1n cao c\u1ea5p, mang \u0111\u1ebfn l\u1edbp ph\u1ee7 l\u1ea5p l\u00e1nh v\u00e0 sang tr\u1ecdng cho b\u1ec1 m\u1eb7t.<\/span><\/p>\n<p><span style=\"font-size: 120%; font-family: 'times new roman', times, serif;\"> \u0110\u01b0\u1ee3c \u1ee9ng d\u1ee5ng r\u1ed9ng r\u00e3i trong trang tr\u00ed n\u1ed9i th\u1ea5t v\u00e0 ngo\u1ea1i th\u1ea5t, s\u1ea3n ph\u1ea9m gi\u00fap kh\u00f4ng gian th\u00eam ph\u1ea7n qu\u00fd ph\u00e1i v\u00e0 n\u1ed5i b\u1eadt.<\/span><\/p>\n<p><img loading=\"lazy\" decoding=\"async\" class=\"alignnone size-full wp-image-7499\" src=\"https:\/\/tranthi.vn\/quangnam\/wp-content\/uploads\/2024\/06\/son-nhu-vang-da-nang_optimized.jpg\" alt=\"\" width=\"542\" height=\"416\" \/> <img loading=\"lazy\" decoding=\"async\" class=\"alignnone size-full wp-image-7500\" src=\"https:\/\/tranthi.vn\/quangnam\/wp-content\/uploads\/2024\/06\/son-nhu-vang-gia-re_optimized.jpg\" alt=\"\" width=\"642\" height=\"516\" \/><\/p>\n<h2><span style=\"font-size: 120%; font-family: 'times new roman', times, serif;\"><strong>1.\u0110\u1eb7c \u0110i\u1ec3m N\u1ed5i B\u1eadt C\u1ee7a <\/strong><em>S\u01a1n Nh\u0169 V\u00e0ng<\/em><strong> Pukaco<\/strong><\/span><\/h2>\n<ul>\n<li><span style=\"font-size: 120%; font-family: 'times new roman', times, serif;\">M\u00e0u <strong><em>s\u01a1n<\/em><\/strong> l\u00ean s\u1eafc n\u00e9t nh\u01b0 v\u00e0ng th\u1eadt, khi kh\u00f4 nh\u01b0 <strong><em>d\u00e1t v\u00e0ng<\/em><\/strong> l\u00e1 th\u1eadt. <\/span><\/li>\n<li><span style=\"font-size: 120%; font-family: 'times new roman', times, serif;\">Ph\u00f9 h\u1ee3p v\u1edbi m\u1ecdi ch\u1ea5t li\u1ec7u t\u1eeb: T\u01b0\u1eddng, g\u1ed7, kim lo\u1ea1i \u0111\u1ebfn th\u1ea1ch cao, ph\u00e0o tr\u1ea7n PU<\/span><\/li>\n<li><span style=\"font-size: 120%; font-family: 'times new roman', times, serif;\">S\u1ea3n ph\u1ea9m \u0111\u1ea1t chu\u1ea9n \u00dd, ch\u00f9i r\u1eeda v\u01b0\u1ee3t tr\u1ed9i \u2013 Ch\u1ea5t l\u01b0\u1ee3ng cam k\u1ebft \u2013 \u0110\u1ed9 b\u1ec1n 12 n\u0103m, ngo\u1ea1i th\u1ea5t 10 n\u0103m<\/span><\/li>\n<li><span style=\"font-size: 120%; font-family: 'times new roman', times, serif;\">M\u1edf n\u1eafp d\u00f9ng \u0111\u01b0\u1ee3c 1 n\u0103m S\u1ea3n xu\u1ea5t t\u1ea1i Vi\u1ec7t Nam \u0111\u1ea1t chu\u1ea9n c\u00f4ng ngh\u1ec7 ITALYA<\/span><\/li>\n<\/ul>\n<h2><span style=\"font-size: 120%; font-family: 'times new roman', times, serif;\"><strong>2.<\/strong><strong>Ph\u01b0\u01a1ng Ph\u00e1p Thi C\u00f4ng <em><span style=\"color: #3366ff;\">s\u01a1n nh\u0169 v\u00e0ng<\/span><\/em> Pukaco:<\/strong><\/span><\/h2>\n<ul>\n<li><span style=\"font-size: 120%; font-family: 'times new roman', times, serif;\">B\u1ecdt bi\u1ec3n: 100-120m2\/kg.<\/span><\/li>\n<li><span style=\"font-size: 120%; font-family: 'times new roman', times, serif;\">S\u00fang phun: 9-10m2\/kg.<\/span><\/li>\n<li><span style=\"font-size: 120%; font-family: 'times new roman', times, serif;\">C\u1ecd: 15-20m2\/kg.<\/span><\/li>\n<li><span style=\"font-size: 120%; font-family: 'times new roman', times, serif;\">Ph\u1ee7 n\u1ec1n: 6-8m2\/kg.<\/span><\/li>\n<li><span style=\"font-size: 120%; font-family: 'times new roman', times, serif;\">Tr\u1ecdng l\u01b0\u1ee3ng 1kg\/lon. <em><strong>S\u01a1n nh\u0169 v\u00e0ng t\u1ea1i <a href=\"https:\/\/vi.wikipedia.org\/wiki\/H%C3%A0_T%C4%A9nh\">H\u00e0 T\u0129nh<\/a> tr\u00ean web <a href=\"https:\/\/tranthi.vn\/quangnam\/\">tranthi.vn<\/a> <\/strong><\/em>c\u00f3 <a href=\"https:\/\/vi.wikipedia.org\/wiki\/Gi%C3%A1\"><strong>gi\u00e1<\/strong><\/a> 790.000\u0111\/1kg<\/span><\/li>\n<\/ul>\n<p><img loading=\"lazy\" decoding=\"async\" class=\"alignnone size-full wp-image-7502\" src=\"https:\/\/tranthi.vn\/quangnam\/wp-content\/uploads\/2024\/06\/son-gia-vang-da-nang_optimized.jpg\" alt=\"\" width=\"542\" height=\"416\" \/> <img loading=\"lazy\" decoding=\"async\" class=\"alignnone size-medium wp-image-7503\" src=\"https:\/\/tranthi.vn\/quangnam\/wp-content\/uploads\/2024\/06\/son-gia-vang-gia-re_optimized.jpg\" alt=\"\" width=\"542\" height=\"416\" \/> <img loading=\"lazy\" decoding=\"async\" class=\"alignnone size-medium wp-image-7504\" src=\"https:\/\/tranthi.vn\/quangnam\/wp-content\/uploads\/2024\/06\/son-nhu-vang-da-nang_optimized-1.jpg\" alt=\"\" width=\"542\" height=\"416\" \/> <img loading=\"lazy\" decoding=\"async\" class=\"alignnone size-medium wp-image-7505\" src=\"https:\/\/tranthi.vn\/quangnam\/wp-content\/uploads\/2024\/06\/son-nhu-vang-gia-re_optimized-1.jpg\" alt=\"\" width=\"542\" height=\"416\" \/><\/p>\n<p><span style=\"font-family: 'times new roman', times, serif; font-size: 130%;\"><strong>&#8211;<\/strong><em>S\u01a1n<\/em><em> nh\u0169 v\u00e0ng<\/em> l\u00e0 m\u1ed9t trong nh\u1eefng v\u1eadt li\u1ec7u m\u1edbi r\u1ea5t \u0111\u01b0\u1ee3c \u01b0a chu\u1ed9ng, \u0111\u1eb7c bi\u1ec7t t\u1ea1i Vi\u1ec7t Nam chung v\u00e0 <em><strong>H\u00e0 T\u0129nh<\/strong>\u00a0<\/em>n\u00f3i ri\u00eang<\/span><span style=\"font-family: 'times new roman', times, serif; font-size: 130%;\">.<\/span><\/p>\n","protected":false},"excerpt":{"rendered":"<p><span style=\"color: #000000; font-size: 130%; font-family: 'times new roman', times, serif;\"><strong>S\u01a1n Pukaco nh\u0169 v\u00e0ng<\/strong><\/span><\/p>\n<p><span style=\"font-family: 'times new roman', times, serif; font-size: 130%;\">\ud83e\udd70\u0110\u01a1n gi\u00e1: <span style=\"color: #ff0000;\"><strong>790.000\u0111\/1kg<\/strong><\/span><\/span><\/p>\n<p><span style=\"font-size: 130%; font-family: 'times new roman', times, serif;\">\ud83e\udd70\u0110\u1ecbnh m\u1ee9c: 7-8m2<\/span><\/p>\n<p><span style=\"font-size: 130%; font-family: 'times new roman', times, serif;\">\ud83e\udd70Ph\u00f9 h\u1ee3p v\u1edbi m\u1ecdi ch\u1ea5t li\u1ec7u t\u1eeb: T\u01b0\u1eddng, g\u1ed7, kim lo\u1ea1i \u0111\u1ebfn th\u1ea1ch cao, ph\u00e0o tr\u1ea7n PU<\/span><\/p>\n<p><span style=\"color: #0000ff; font-size: 130%; font-family: 'times new roman', times, serif;\"><em>V\u1eadn chuy\u1ec3n trong n\u1ed9i th\u00e0nh <a href=\"https:\/\/vi.wikipedia.org\/wiki\/H%C3%A0_T%C4%A9nh\">H\u00e0 T\u0129nh<\/a><\/em><\/span><\/p>\n","protected":false},"featured_media":7499,"comment_status":"closed","ping_status":"closed","template":"","meta":[],"product_cat":[139,349,346],"product_tag":[],"class_list":{"0":"post-7498","1":"product","2":"type-product","3":"status-publish","4":"has-post-thumbnail","6":"product_cat-son","7":"product_cat-son-nuoc-son-trang-tri-son-hieu-ung-da-nang","8":"product_cat-son-chong-tham-son-nuoc-son-trang-tri","10":"first","11":"instock","12":"sale","13":"shipping-taxable","14":"purchasable","15":"product-type-simple"},"yoast_head":"<!-- This site is optimized with the Yoast SEO Premium plugin v22.3 (Yoast SEO v22.8) - https:\/\/yoast.com\/wordpress\/plugins\/seo\/ -->\n<title>S\u01a1n nh\u0169 v\u00e0ng gi\u00e1 r\u1ebb t\u1ea1i H\u00e0 T\u0129nh- 0947335871<\/title>\n<meta name=\"description\" content=\"s\u01a1n hi\u1ec7u \u1ee9ng nh\u0169 v\u00e0ng l\u00e0 m\u1ed9t trong nh\u1eefng v\u1eadt li\u1ec7u m\u1edbi r\u1ea5t \u0111\u01b0\u1ee3c \u01b0a chu\u1ed9ng. S\u01a1n pukaco -Tr\u1ea7n th\u1ecb uy t\u00edn ch\u1ea5t l\u01b0\u1ee3ng ch\u00ednh h\u00e3ng\" \/>\n<meta name=\"robots\" content=\"index, follow, max-snippet:-1, max-image-preview:large, max-video-preview:-1\" \/>\n<link rel=\"canonical\" href=\"https:\/\/tranthi.vn\/hatinh\/son-nhu-vang-pukaco-ha-tinh\/\" \/>\n<meta property=\"og:locale\" content=\"vi_VN\" \/>\n<meta property=\"og:type\" content=\"article\" \/>\n<meta property=\"og:title\" content=\"S\u01a1n nh\u0169 v\u00e0ng pukaco\" \/>\n<meta property=\"og:description\" content=\"s\u01a1n hi\u1ec7u \u1ee9ng nh\u0169 v\u00e0ng l\u00e0 m\u1ed9t trong nh\u1eefng v\u1eadt li\u1ec7u m\u1edbi r\u1ea5t \u0111\u01b0\u1ee3c \u01b0a chu\u1ed9ng. S\u01a1n pukaco -Tr\u1ea7n th\u1ecb uy t\u00edn ch\u1ea5t l\u01b0\u1ee3ng ch\u00ednh h\u00e3ng\" \/>\n<meta property=\"og:url\" content=\"https:\/\/tranthi.vn\/hatinh\/son-nhu-vang-pukaco-ha-tinh\/\" \/>\n<meta property=\"og:site_name\" content=\"V\u1eadt Li\u1ec7u X\u00e2y D\u1ef1ng Tr\u1ea7n Th\u1ecb Chi Nh\u00e1nh H\u00e0 T\u0129nh\" \/>\n<meta property=\"article:modified_time\" content=\"2024-07-30T03:21:54+00:00\" \/>\n<meta property=\"og:image\" content=\"https:\/\/tranthi.vn\/hatinh\/wp-content\/uploads\/2024\/06\/son-nhu-vang-da-nang_optimized.jpg\" \/>\n\t<meta property=\"og:image:width\" content=\"542\" \/>\n\t<meta property=\"og:image:height\" content=\"416\" \/>\n\t<meta property=\"og:image:type\" content=\"image\/jpeg\" \/>\n<meta name=\"twitter:card\" content=\"summary_large_image\" \/>\n<meta name=\"twitter:label1\" content=\"Gi\u00e1\" \/>\n\t<meta name=\"twitter:data1\" content=\"790,000&nbsp;&#8363;\" \/>\n\t<meta name=\"twitter:label2\" content=\"Kh\u1ea3 d\u1ee5ng\" \/>\n\t<meta name=\"twitter:data2\" content=\"Trong kho\" \/>\n<script type=\"application\/ld+json\" class=\"yoast-schema-graph\">{\"@context\":\"https:\/\/schema.org\",\"@graph\":[{\"@type\":[\"WebPage\",\"ItemPage\"],\"@id\":\"https:\/\/tranthi.vn\/hatinh\/son-nhu-vang-pukaco-ha-tinh\/\",\"url\":\"https:\/\/tranthi.vn\/hatinh\/son-nhu-vang-pukaco-ha-tinh\/\",\"name\":\"S\u01a1n nh\u0169 v\u00e0ng gi\u00e1 r\u1ebb t\u1ea1i H\u00e0 T\u0129nh- 0947335871\",\"isPartOf\":{\"@id\":\"https:\/\/tranthi.vn\/hatinh\/#website\"},\"primaryImageOfPage\":{\"@id\":\"https:\/\/tranthi.vn\/hatinh\/son-nhu-vang-pukaco-ha-tinh\/#primaryimage\"},\"image\":{\"@id\":\"https:\/\/tranthi.vn\/hatinh\/son-nhu-vang-pukaco-ha-tinh\/#primaryimage\"},\"thumbnailUrl\":\"https:\/\/tranthi.vn\/hatinh\/wp-content\/uploads\/2024\/06\/son-nhu-vang-da-nang_optimized.jpg\",\"datePublished\":\"2024-06-28T08:58:23+00:00\",\"dateModified\":\"2024-07-30T03:21:54+00:00\",\"description\":\"s\u01a1n hi\u1ec7u \u1ee9ng nh\u0169 v\u00e0ng l\u00e0 m\u1ed9t trong nh\u1eefng v\u1eadt li\u1ec7u m\u1edbi r\u1ea5t \u0111\u01b0\u1ee3c \u01b0a chu\u1ed9ng. S\u01a1n pukaco -Tr\u1ea7n th\u1ecb uy t\u00edn ch\u1ea5t l\u01b0\u1ee3ng ch\u00ednh h\u00e3ng\",\"breadcrumb\":{\"@id\":\"https:\/\/tranthi.vn\/hatinh\/son-nhu-vang-pukaco-ha-tinh\/#breadcrumb\"},\"inLanguage\":\"vi\",\"potentialAction\":[{\"@type\":\"ReadAction\",\"target\":[\"https:\/\/tranthi.vn\/hatinh\/son-nhu-vang-pukaco-ha-tinh\/\"]}]},{\"@type\":\"ImageObject\",\"inLanguage\":\"vi\",\"@id\":\"https:\/\/tranthi.vn\/hatinh\/son-nhu-vang-pukaco-ha-tinh\/#primaryimage\",\"url\":\"https:\/\/tranthi.vn\/hatinh\/wp-content\/uploads\/2024\/06\/son-nhu-vang-da-nang_optimized.jpg\",\"contentUrl\":\"https:\/\/tranthi.vn\/hatinh\/wp-content\/uploads\/2024\/06\/son-nhu-vang-da-nang_optimized.jpg\",\"width\":542,\"height\":416},{\"@type\":\"BreadcrumbList\",\"@id\":\"https:\/\/tranthi.vn\/hatinh\/son-nhu-vang-pukaco-ha-tinh\/#breadcrumb\",\"itemListElement\":[{\"@type\":\"ListItem\",\"position\":1,\"name\":\"Trang ch\u1ee7\",\"item\":\"https:\/\/tranthi.vn\/hatinh\/\"},{\"@type\":\"ListItem\",\"position\":2,\"name\":\"Shop\",\"item\":\"https:\/\/tranthi.vn\/hatinh\/shop\/\"},{\"@type\":\"ListItem\",\"position\":3,\"name\":\"S\u01a1n nh\u0169 v\u00e0ng pukaco\"}]},{\"@type\":\"WebSite\",\"@id\":\"https:\/\/tranthi.vn\/hatinh\/#website\",\"url\":\"https:\/\/tranthi.vn\/hatinh\/\",\"name\":\"V\u1eadt Li\u1ec7u X\u00e2y D\u1ef1ng Tr\u1ea7n Th\u1ecb Chi Nh\u00e1nh H\u00e0 T\u0129nh\",\"description\":\"V\u1eadt Li\u1ec7u X\u00e2y D\u1ef1ng - H\u00e0 T\u0129nh\",\"potentialAction\":[{\"@type\":\"SearchAction\",\"target\":{\"@type\":\"EntryPoint\",\"urlTemplate\":\"https:\/\/tranthi.vn\/hatinh\/?s={search_term_string}\"},\"query-input\":\"required name=search_term_string\"}],\"inLanguage\":\"vi\"},{\"@type\":\"ImageObject\",\"inLanguage\":\"vi\",\"@id\":\"https:\/\/tranthi.vn\/hatinh\/son-nhu-vang-pukaco-ha-tinh\/#local-main-organization-logo\",\"url\":\"\",\"contentUrl\":\"\",\"caption\":\"V\u1eadt Li\u1ec7u X\u00e2y D\u1ef1ng Tr\u1ea7n Th\u1ecb Chi Nh\u00e1nh H\u00e0 T\u0129nh\"}]}<\/script>\n<meta property=\"product:price:amount\" content=\"790000\" \/>\n<meta property=\"product:price:currency\" content=\"VND\" \/>\n<meta property=\"og:availability\" content=\"instock\" \/>\n<meta property=\"product:availability\" content=\"instock\" \/>\n<meta property=\"product:condition\" content=\"new\" \/>\n<!-- \/ Yoast SEO Premium plugin. -->","yoast_head_json":{"title":"S\u01a1n nh\u0169 v\u00e0ng gi\u00e1 r\u1ebb t\u1ea1i H\u00e0 T\u0129nh- 0947335871","description":"s\u01a1n hi\u1ec7u \u1ee9ng nh\u0169 v\u00e0ng l\u00e0 m\u1ed9t trong nh\u1eefng v\u1eadt li\u1ec7u m\u1edbi r\u1ea5t \u0111\u01b0\u1ee3c \u01b0a chu\u1ed9ng. S\u01a1n pukaco -Tr\u1ea7n th\u1ecb uy t\u00edn ch\u1ea5t l\u01b0\u1ee3ng ch\u00ednh h\u00e3ng","robots":{"index":"index","follow":"follow","max-snippet":"max-snippet:-1","max-image-preview":"max-image-preview:large","max-video-preview":"max-video-preview:-1"},"canonical":"https:\/\/tranthi.vn\/hatinh\/son-nhu-vang-pukaco-ha-tinh\/","og_locale":"vi_VN","og_type":"article","og_title":"S\u01a1n nh\u0169 v\u00e0ng pukaco","og_description":"s\u01a1n hi\u1ec7u \u1ee9ng nh\u0169 v\u00e0ng l\u00e0 m\u1ed9t trong nh\u1eefng v\u1eadt li\u1ec7u m\u1edbi r\u1ea5t \u0111\u01b0\u1ee3c \u01b0a chu\u1ed9ng. S\u01a1n pukaco -Tr\u1ea7n th\u1ecb uy t\u00edn ch\u1ea5t l\u01b0\u1ee3ng ch\u00ednh h\u00e3ng","og_url":"https:\/\/tranthi.vn\/hatinh\/son-nhu-vang-pukaco-ha-tinh\/","og_site_name":"V\u1eadt Li\u1ec7u X\u00e2y D\u1ef1ng Tr\u1ea7n Th\u1ecb Chi Nh\u00e1nh H\u00e0 T\u0129nh","article_modified_time":"2024-07-30T03:21:54+00:00","og_image":[{"width":542,"height":416,"url":"https:\/\/tranthi.vn\/hatinh\/wp-content\/uploads\/2024\/06\/son-nhu-vang-da-nang_optimized.jpg","type":"image\/jpeg"}],"twitter_card":"summary_large_image","twitter_misc":{"Gi\u00e1":"790,000&nbsp;&#8363;","Kh\u1ea3 d\u1ee5ng":"Trong kho"},"schema":{"@context":"https:\/\/schema.org","@graph":[{"@type":["WebPage","ItemPage"],"@id":"https:\/\/tranthi.vn\/hatinh\/son-nhu-vang-pukaco-ha-tinh\/","url":"https:\/\/tranthi.vn\/hatinh\/son-nhu-vang-pukaco-ha-tinh\/","name":"S\u01a1n nh\u0169 v\u00e0ng gi\u00e1 r\u1ebb t\u1ea1i H\u00e0 T\u0129nh- 0947335871","isPartOf":{"@id":"https:\/\/tranthi.vn\/hatinh\/#website"},"primaryImageOfPage":{"@id":"https:\/\/tranthi.vn\/hatinh\/son-nhu-vang-pukaco-ha-tinh\/#primaryimage"},"image":{"@id":"https:\/\/tranthi.vn\/hatinh\/son-nhu-vang-pukaco-ha-tinh\/#primaryimage"},"thumbnailUrl":"https:\/\/tranthi.vn\/hatinh\/wp-content\/uploads\/2024\/06\/son-nhu-vang-da-nang_optimized.jpg","datePublished":"2024-06-28T08:58:23+00:00","dateModified":"2024-07-30T03:21:54+00:00","description":"s\u01a1n hi\u1ec7u \u1ee9ng nh\u0169 v\u00e0ng l\u00e0 m\u1ed9t trong nh\u1eefng v\u1eadt li\u1ec7u m\u1edbi r\u1ea5t \u0111\u01b0\u1ee3c \u01b0a chu\u1ed9ng. S\u01a1n pukaco -Tr\u1ea7n th\u1ecb uy t\u00edn ch\u1ea5t l\u01b0\u1ee3ng ch\u00ednh h\u00e3ng","breadcrumb":{"@id":"https:\/\/tranthi.vn\/hatinh\/son-nhu-vang-pukaco-ha-tinh\/#breadcrumb"},"inLanguage":"vi","potentialAction":[{"@type":"ReadAction","target":["https:\/\/tranthi.vn\/hatinh\/son-nhu-vang-pukaco-ha-tinh\/"]}]},{"@type":"ImageObject","inLanguage":"vi","@id":"https:\/\/tranthi.vn\/hatinh\/son-nhu-vang-pukaco-ha-tinh\/#primaryimage","url":"https:\/\/tranthi.vn\/hatinh\/wp-content\/uploads\/2024\/06\/son-nhu-vang-da-nang_optimized.jpg","contentUrl":"https:\/\/tranthi.vn\/hatinh\/wp-content\/uploads\/2024\/06\/son-nhu-vang-da-nang_optimized.jpg","width":542,"height":416},{"@type":"BreadcrumbList","@id":"https:\/\/tranthi.vn\/hatinh\/son-nhu-vang-pukaco-ha-tinh\/#breadcrumb","itemListElement":[{"@type":"ListItem","position":1,"name":"Trang ch\u1ee7","item":"https:\/\/tranthi.vn\/hatinh\/"},{"@type":"ListItem","position":2,"name":"Shop","item":"https:\/\/tranthi.vn\/hatinh\/shop\/"},{"@type":"ListItem","position":3,"name":"S\u01a1n nh\u0169 v\u00e0ng pukaco"}]},{"@type":"WebSite","@id":"https:\/\/tranthi.vn\/hatinh\/#website","url":"https:\/\/tranthi.vn\/hatinh\/","name":"V\u1eadt Li\u1ec7u X\u00e2y D\u1ef1ng Tr\u1ea7n Th\u1ecb Chi Nh\u00e1nh H\u00e0 T\u0129nh","description":"V\u1eadt Li\u1ec7u X\u00e2y D\u1ef1ng - H\u00e0 T\u0129nh","potentialAction":[{"@type":"SearchAction","target":{"@type":"EntryPoint","urlTemplate":"https:\/\/tranthi.vn\/hatinh\/?s={search_term_string}"},"query-input":"required name=search_term_string"}],"inLanguage":"vi"},{"@type":"ImageObject","inLanguage":"vi","@id":"https:\/\/tranthi.vn\/hatinh\/son-nhu-vang-pukaco-ha-tinh\/#local-main-organization-logo","url":"","contentUrl":"","caption":"V\u1eadt Li\u1ec7u X\u00e2y D\u1ef1ng Tr\u1ea7n Th\u1ecb Chi Nh\u00e1nh H\u00e0 T\u0129nh"}]},"product_price_amount":"790000","product_price_currency":"VND","og_availability":"instock","product_availability":"instock","product_condition":"new"},"_links":{"self":[{"href":"https:\/\/tranthi.vn\/hatinh\/wp-json\/wp\/v2\/product\/7498","targetHints":{"allow":["GET"]}}],"collection":[{"href":"https:\/\/tranthi.vn\/hatinh\/wp-json\/wp\/v2\/product"}],"about":[{"href":"https:\/\/tranthi.vn\/hatinh\/wp-json\/wp\/v2\/types\/product"}],"replies":[{"embeddable":true,"href":"https:\/\/tranthi.vn\/hatinh\/wp-json\/wp\/v2\/comments?post=7498"}],"wp:featuredmedia":[{"embeddable":true,"href":"https:\/\/tranthi.vn\/hatinh\/wp-json\/wp\/v2\/media\/7499"}],"wp:attachment":[{"href":"https:\/\/tranthi.vn\/hatinh\/wp-json\/wp\/v2\/media?parent=7498"}],"wp:term":[{"taxonomy":"product_cat","embeddable":true,"href":"https:\/\/tranthi.vn\/hatinh\/wp-json\/wp\/v2\/product_cat?post=7498"},{"taxonomy":"product_tag","embeddable":true,"href":"https:\/\/tranthi.vn\/hatinh\/wp-json\/wp\/v2\/product_tag?post=7498"}],"curies":[{"name":"wp","href":"https:\/\/api.w.org\/{rel}","templated":true}]}}