{"id":7478,"date":"2024-06-25T10:05:08","date_gmt":"2024-06-25T03:05:08","guid":{"rendered":"https:\/\/tranthi.vn\/quangnam\/?post_type=product&#038;p=7478"},"modified":"2024-07-30T11:30:01","modified_gmt":"2024-07-30T04:30:01","slug":"be-tieu-nam-thuong-ha-tinh","status":"publish","type":"product","link":"https:\/\/tranthi.vn\/hatinh\/be-tieu-nam-thuong-ha-tinh\/","title":{"rendered":"B\u1ec7 ti\u1ec3u nam th\u01b0\u1eddng-TA"},"content":{"rendered":"<h1 style=\"text-align: center;\"><span style=\"font-size: 130%; font-family: 'times new roman', times, serif;\"><a href=\"https:\/\/tranthi.vn\/quangnam\/be-tieu-nam-thuong-ta\/\">B\u1ec7 Ti\u1ec3u Nam H\u00e0 T\u0129nh<\/a><\/span><\/h1>\n<h1><span style=\"font-size: 130%;\"><strong><span style=\"font-family: 'times new roman', times, serif;\">B\u1ec7 Ti\u1ec3u Nam &#8211; S\u1ef1 L\u1ef1a Ch\u1ecdn Ho\u00e0n H\u1ea3o Cho M\u1ecdi C\u00f4ng Tr\u00ecnh<\/span><\/strong><\/span><\/h1>\n<h3><span style=\"font-family: 'times new roman', times, serif; font-size: 130%;\"><a href=\"https:\/\/vi.wikipedia.org\/wiki\/H%C3%A0_T%C4%A9nh\">H\u00e0 T\u0129nh<\/a>, th\u00e0nh ph\u1ed1 \u0111\u00e1ng s\u1ed1ng nh\u1ea5t Vi\u1ec7t Nam, kh\u00f4ng ch\u1ec9 n\u1ed5i ti\u1ebfng v\u1edbi nh\u1eefng danh lam th\u1eafng c\u1ea3nh tuy\u1ec7t \u0111\u1eb9p m\u00e0 c\u00f2n v\u1edbi s\u1ef1 ph\u00e1t tri\u1ec3n v\u01b0\u1ee3t b\u1eadc trong ng\u00e0nh x\u00e2y d\u1ef1ng v\u00e0 n\u1ed9i th\u1ea5t. Trong \u0111\u00f3, b\u1ec7 ti\u1ec3u nam l\u00e0 m\u1ed9t s\u1ea3n ph\u1ea9m kh\u00f4ng th\u1ec3 thi\u1ebfu trong c\u00e1c c\u00f4ng tr\u00ecnh c\u00f4ng c\u1ed9ng, kh\u00e1ch s\u1ea1n, nh\u00e0 h\u00e0ng v\u00e0 c\u00e1c khu c\u00f4ng nghi\u1ec7p.\u00a0<\/span><\/h3>\n<p style=\"text-align: center;\"><iframe loading=\"lazy\" src=\"\/\/www.youtube.com\/embed\/gjwrQmbFnTo?pp=ygUXYuG7hyB0aeG7g3UgbmFtIGzDoCBnw6w\" width=\"560\" height=\"314\" allowfullscreen=\"allowfullscreen\"><\/iframe><\/p>\n<h1><span style=\"font-size: 130%;\"><strong><span style=\"font-family: 'times new roman', times, serif;\">1.Ch\u1ea5t L\u01b0\u1ee3ng V\u01b0\u1ee3t Tr\u1ed9i<\/span><\/strong><\/span><\/h1>\n<h3><span style=\"font-family: 'times new roman', times, serif; font-size: 130%;\">B\u1ec7 ti\u1ec3u nam <a href=\"https:\/\/vi.wikipedia.org\/wiki\/H%C3%A0_T%C4%A9nh\"><b><i>H\u00e0 T\u0129nh <\/i><\/b><\/a>\u0111\u01b0\u1ee3c s\u1ea3n xu\u1ea5t t\u1eeb nh\u1eefng nguy\u00ean li\u1ec7u cao c\u1ea5p, \u0111\u1ea3m b\u1ea3o \u0111\u1ed9 b\u1ec1n v\u00e0 kh\u1ea3 n\u0103ng ch\u1ed1ng ch\u1ecbu cao. V\u1edbi c\u00f4ng ngh\u1ec7 s\u1ea3n xu\u1ea5t ti\u00ean ti\u1ebfn, b\u1ec7 ti\u1ec3u nam t\u1ea1i \u0111\u00e2y kh\u00f4ng ch\u1ec9 \u0111\u00e1p \u1ee9ng c\u00e1c ti\u00eau chu\u1ea9n ch\u1ea5t l\u01b0\u1ee3ng qu\u1ed1c t\u1ebf m\u00e0 c\u00f2n v\u01b0\u1ee3t qua nh\u1eefng ki\u1ec3m \u0111\u1ecbnh kh\u1eaft khe nh\u1ea5t v\u1ec1 \u0111\u1ed9 b\u1ec1n v\u00e0 an to\u00e0n. \u0110i\u1ec1u n\u00e0y \u0111\u1ea3m b\u1ea3o s\u1ea3n ph\u1ea9m kh\u00f4ng b\u1ecb n\u1ee9t, v\u1ee1 hay b\u1ecb \u1ea3nh h\u01b0\u1edfng b\u1edfi c\u00e1c y\u1ebfu t\u1ed1 m\u00f4i tr\u01b0\u1eddng trong su\u1ed1t qu\u00e1 tr\u00ecnh s\u1eed d\u1ee5ng.<\/span><\/h3>\n<h1><span style=\"font-size: 130%;\"><strong><span style=\"font-family: 'times new roman', times, serif;\">2.Thi\u1ebft K\u1ebf Hi\u1ec7n \u0110\u1ea1i v\u00e0 \u0110a D\u1ea1ng<\/span><\/strong><\/span><\/h1>\n<ul>\n<li>\n<h3><span style=\"font-family: 'times new roman', times, serif; font-size: 130%;\">M\u1ed9t \u0111i\u1ec3m m\u1ea1nh kh\u00e1c c\u1ee7a b\u1ec7 ti\u1ec3u nam ch\u00ednh l\u00e0 thi\u1ebft k\u1ebf hi\u1ec7n \u0111\u1ea1i, tinh t\u1ebf v\u00e0 \u0111a d\u1ea1ng.<\/span><\/h3>\n<\/li>\n<li>\n<h3><span style=\"font-family: 'times new roman', times, serif; font-size: 130%;\"> C\u00e1c s\u1ea3n ph\u1ea9m \u0111\u01b0\u1ee3c thi\u1ebft k\u1ebf v\u1edbi nhi\u1ec1u ki\u1ec3u d\u00e1ng, m\u00e0u s\u1eafc v\u00e0 k\u00edch th\u01b0\u1edbc kh\u00e1c nhau, ph\u00f9 h\u1ee3p v\u1edbi nhi\u1ec1u kh\u00f4ng gian v\u00e0 nhu c\u1ea7u s\u1eed d\u1ee5ng.<\/span><\/h3>\n<\/li>\n<li>\n<h3><span style=\"font-family: 'times new roman', times, serif; font-size: 130%;\"> T\u1eeb nh\u1eefng m\u1eabu b\u1ec7 ti\u1ec3u \u0111\u01a1n gi\u1ea3n, g\u1ecdn nh\u1eb9 cho \u0111\u1ebfn nh\u1eefng thi\u1ebft k\u1ebf sang tr\u1ecdng, \u0111\u1eb3ng c\u1ea5p, t\u1ea5t c\u1ea3 \u0111\u1ec1u mang l\u1ea1i s\u1ef1 tho\u1ea3i m\u00e1i v\u00e0 ti\u1ec7n nghi cho ng\u01b0\u1eddi s\u1eed d\u1ee5ng.<\/span><\/h3>\n<\/li>\n<\/ul>\n<p style=\"text-align: center;\"><iframe loading=\"lazy\" src=\"\/\/www.youtube.com\/embed\/ZkNikm1iEAM?pp=ygUXYuG7hyB0aeG7g3UgbmFtIGzDoCBnw6w\" width=\"560\" height=\"314\" allowfullscreen=\"allowfullscreen\"><\/iframe><\/p>\n<h1><span style=\"font-size: 130%;\"><strong><span style=\"font-family: 'times new roman', times, serif;\">3.Ti\u1ebft Ki\u1ec7m N\u01b0\u1edbc<\/span><\/strong><\/span><\/h1>\n<h3><span style=\"font-family: 'times new roman', times, serif; font-size: 130%;\">Trong b\u1ed1i c\u1ea3nh ngu\u1ed3n n\u01b0\u1edbc ng\u00e0y c\u00e0ng tr\u1edf n\u00ean khan hi\u1ebfm, vi\u1ec7c s\u1eed d\u1ee5ng b\u1ec7 ti\u1ec3u nam l\u00e0 m\u1ed9t gi\u1ea3i ph\u00e1p th\u00f4ng minh \u0111\u1ec3 ti\u1ebft ki\u1ec7m n\u01b0\u1edbc.<\/span><\/h3>\n<h3><span style=\"font-family: 'times new roman', times, serif; font-size: 130%;\"> C\u00e1c s\u1ea3n ph\u1ea9m \u0111\u01b0\u1ee3c trang b\u1ecb h\u1ec7 th\u1ed1ng x\u1ea3 n\u01b0\u1edbc hi\u1ec7n \u0111\u1ea1i, gi\u00fap ti\u1ebft ki\u1ec7m n\u01b0\u1edbc t\u1ed1i \u0111a m\u00e0 v\u1eabn \u0111\u1ea3m b\u1ea3o v\u1ec7 sinh.<\/span><span style=\"font-family: 'times new roman', times, serif; font-size: 130%;\"> \u0110i\u1ec1u n\u00e0y kh\u00f4ng ch\u1ec9 gi\u1ea3m chi ph\u00ed cho ng\u01b0\u1eddi s\u1eed d\u1ee5ng m\u00e0 c\u00f2n g\u00f3p ph\u1ea7n b\u1ea3o v\u1ec7 m\u00f4i tr\u01b0\u1eddng.<\/span><\/h3>\n<h1><span style=\"font-size: 130%;\"><strong><span style=\"font-family: 'times new roman', times, serif;\">4.D\u1ecbch V\u1ee5 H\u1eadu M\u00e3i Chuy\u00ean Nghi\u1ec7p<\/span><\/strong><\/span><\/h1>\n<h3><span style=\"font-family: 'times new roman', times, serif; font-size: 130%;\">M\u1ed9t y\u1ebfu t\u1ed1 kh\u00f4ng th\u1ec3 kh\u00f4ng nh\u1eafc \u0111\u1ebfn khi n\u00f3i v\u1ec1 b\u1ec7 ti\u1ec3u nam <a href=\"https:\/\/vi.wikipedia.org\/wiki\/H%C3%A0_T%C4%A9nh\">\u0110\u00e0 N\u1eb5ng<\/a> ch\u00ednh l\u00e0 d\u1ecbch v\u1ee5 h\u1eadu m\u00e3i chuy\u00ean nghi\u1ec7p. <\/span><\/h3>\n<h3><span style=\"font-family: 'times new roman', times, serif; font-size: 130%;\">C\u00e1c nh\u00e0 cung c\u1ea5p lu\u00f4n s\u1eb5n s\u00e0ng h\u1ed7 tr\u1ee3 kh\u00e1ch h\u00e0ng t\u1eeb kh\u00e2u t\u01b0 v\u1ea5n, l\u1eafp \u0111\u1eb7t cho \u0111\u1ebfn b\u1ea3o h\u00e0nh, b\u1ea3o tr\u00ec s\u1ea3n ph\u1ea9m. <\/span><\/h3>\n<h3><span style=\"font-family: 'times new roman', times, serif; font-size: 130%;\">\u0110\u1ed9i ng\u0169 k\u1ef9 thu\u1eadt vi\u00ean gi\u00e0u kinh nghi\u1ec7m, nhi\u1ec7t t\u00ecnh v\u00e0 tr\u00e1ch nhi\u1ec7m, \u0111\u1ea3m b\u1ea3o mang \u0111\u1ebfn s\u1ef1 h\u00e0i l\u00f2ng tuy\u1ec7t \u0111\u1ed1i cho kh\u00e1ch h\u00e0ng.<\/span><\/h3>\n<h1><span style=\"font-size: 130%;\"><strong><span style=\"font-family: 'times new roman', times, serif;\">5.Gi\u00e1 C\u1ea3 C\u1ea1nh Tranh<\/span><\/strong><\/span><\/h1>\n<h3><span style=\"font-family: 'times new roman', times, serif; font-size: 130%;\">M\u1eb7c d\u00f9 ch\u1ea5t l\u01b0\u1ee3ng v\u01b0\u1ee3t tr\u1ed9i v\u00e0 d\u1ecbch v\u1ee5 chuy\u00ean nghi\u1ec7p, b\u1ec7 ti\u1ec3u nam v\u1eabn c\u00f3 m\u1ee9c gi\u00e1 r\u1ea5t c\u1ea1nh tranh tr\u00ean th\u1ecb tr\u01b0\u1eddng. <\/span><\/h3>\n<h3><span style=\"font-family: 'times new roman', times, serif; font-size: 130%;\">\u0110i\u1ec1u n\u00e0y gi\u00fap kh\u00e1ch h\u00e0ng d\u1ec5 d\u00e0ng ti\u1ebfp c\u1eadn v\u00e0 l\u1ef1a ch\u1ecdn s\u1ea3n ph\u1ea9m ph\u00f9 h\u1ee3p v\u1edbi ng\u00e2n s\u00e1ch c\u1ee7a m\u00ecnh m\u00e0 kh\u00f4ng ph\u1ea3i lo l\u1eafng v\u1ec1 chi ph\u00ed.<\/span><\/h3>\n","protected":false},"excerpt":{"rendered":"<p><span style=\"font-family: 'times new roman', times, serif; font-size: 130%;\">\ud83e\udd70B\u1ec7 ti\u1ec3u nam th\u01b0\u1eddng-TA<\/span><\/p>\n<p><span style=\"font-family: 'times new roman', times, serif; font-size: 130%;\">\ud83e\udd70\u0110\u01a1n gi\u00e1: <span style=\"color: #ff0000;\"><strong>320.000\u0111\/c\u00e1i\u00a0<\/strong><\/span><\/span><\/p>\n<p><span style=\"font-family: 'times new roman', times, serif; font-size: 130%;\">\ud83e\udd70Ch\u1ebf \u0111\u1ed9: X\u1ea3 tay<\/span><\/p>\n<p><span style=\"font-family: 'times new roman', times, serif; font-size: 130%;\">\ud83e\udd70C\u00f4ng ngh\u1ec7 men cao c\u1ea5p<\/span><\/p>\n<p><span style=\"font-family: 'times new roman', times, serif; font-size: 130%; color: #0000ff;\"><em>Giao h\u00e0ng trong \u0111\u1ecba b\u00e0n<a href=\"https:\/\/vi.wikipedia.org\/wiki\/H%C3%A0_T%C4%A9nh\"><strong> H\u00e0 T\u0129nh<\/strong><\/a><\/em><\/span><\/p>\n","protected":false},"featured_media":7480,"comment_status":"closed","ping_status":"closed","template":"","meta":[],"product_cat":[333,179],"product_tag":[456],"class_list":{"0":"post-7478","1":"product","2":"type-product","3":"status-publish","4":"has-post-thumbnail","6":"product_cat-be-tieu-nam","7":"product_cat-thiet-bi-ve-sinh-da-nang","8":"product_tag-gia-be-tieu-nam-o-da-nang","10":"first","11":"instock","12":"sale","13":"shipping-taxable","14":"purchasable","15":"product-type-simple"},"yoast_head":"<!-- This site is optimized with the Yoast SEO Premium plugin v22.3 (Yoast SEO v22.8) - https:\/\/yoast.com\/wordpress\/plugins\/seo\/ -->\n<title>Gi\u00e1 b\u1ec7 ti\u1ec3u nam gi\u00e1 r\u1ebb \u1edf H\u00e0 T\u0129nh- 0947335871<\/title>\n<meta name=\"description\" content=\"Tr\u1ea7n Th\u1ecb - chuy\u00ean cung c\u1ea5p Gi\u00e1 b\u1ec7 ti\u1ec3u nam gi\u00e1 r\u1ebb \u1edf H\u00e0 T\u0129nh- 0947335871, d\u00f9ng cho nh\u00e0 \u1edf nh\u00e0 tr\u1ecd, qu\u00e1n... h\u1ed7 tr\u1ee3 v\u1eadn chuy\u1ec3n t\u1eadn n\u01a1i\" \/>\n<meta name=\"robots\" content=\"index, follow, max-snippet:-1, max-image-preview:large, max-video-preview:-1\" \/>\n<link rel=\"canonical\" href=\"https:\/\/tranthi.vn\/hatinh\/be-tieu-nam-thuong-ha-tinh\/\" \/>\n<meta property=\"og:locale\" content=\"vi_VN\" \/>\n<meta property=\"og:type\" content=\"article\" \/>\n<meta property=\"og:title\" content=\"B\u1ec7 ti\u1ec3u nam th\u01b0\u1eddng-TA\" \/>\n<meta property=\"og:description\" content=\"Tr\u1ea7n Th\u1ecb - chuy\u00ean cung c\u1ea5p Gi\u00e1 b\u1ec7 ti\u1ec3u nam gi\u00e1 r\u1ebb \u1edf H\u00e0 T\u0129nh- 0947335871, d\u00f9ng cho nh\u00e0 \u1edf nh\u00e0 tr\u1ecd, qu\u00e1n... h\u1ed7 tr\u1ee3 v\u1eadn chuy\u1ec3n t\u1eadn n\u01a1i\" \/>\n<meta property=\"og:url\" content=\"https:\/\/tranthi.vn\/hatinh\/be-tieu-nam-thuong-ha-tinh\/\" \/>\n<meta property=\"og:site_name\" content=\"V\u1eadt Li\u1ec7u X\u00e2y D\u1ef1ng Tr\u1ea7n Th\u1ecb Chi Nh\u00e1nh H\u00e0 T\u0129nh\" \/>\n<meta property=\"article:modified_time\" content=\"2024-07-30T04:30:01+00:00\" \/>\n<meta property=\"og:image\" content=\"https:\/\/tranthi.vn\/hatinh\/wp-content\/uploads\/2024\/06\/tieu-nam-gia-re-da-nang_optimized.jpg\" \/>\n\t<meta property=\"og:image:width\" content=\"430\" \/>\n\t<meta property=\"og:image:height\" content=\"505\" \/>\n\t<meta property=\"og:image:type\" content=\"image\/jpeg\" \/>\n<meta name=\"twitter:card\" content=\"summary_large_image\" \/>\n<meta name=\"twitter:label1\" content=\"Gi\u00e1\" \/>\n\t<meta name=\"twitter:data1\" content=\"320,000&nbsp;&#8363;\" \/>\n\t<meta name=\"twitter:label2\" content=\"Kh\u1ea3 d\u1ee5ng\" \/>\n\t<meta name=\"twitter:data2\" content=\"Trong kho\" \/>\n<script type=\"application\/ld+json\" class=\"yoast-schema-graph\">{\"@context\":\"https:\/\/schema.org\",\"@graph\":[{\"@type\":[\"WebPage\",\"ItemPage\"],\"@id\":\"https:\/\/tranthi.vn\/hatinh\/be-tieu-nam-thuong-ha-tinh\/\",\"url\":\"https:\/\/tranthi.vn\/hatinh\/be-tieu-nam-thuong-ha-tinh\/\",\"name\":\"Gi\u00e1 b\u1ec7 ti\u1ec3u nam gi\u00e1 r\u1ebb \u1edf H\u00e0 T\u0129nh- 0947335871\",\"isPartOf\":{\"@id\":\"https:\/\/tranthi.vn\/hatinh\/#website\"},\"primaryImageOfPage\":{\"@id\":\"https:\/\/tranthi.vn\/hatinh\/be-tieu-nam-thuong-ha-tinh\/#primaryimage\"},\"image\":{\"@id\":\"https:\/\/tranthi.vn\/hatinh\/be-tieu-nam-thuong-ha-tinh\/#primaryimage\"},\"thumbnailUrl\":\"https:\/\/tranthi.vn\/hatinh\/wp-content\/uploads\/2024\/06\/tieu-nam-gia-re-da-nang_optimized.jpg\",\"datePublished\":\"2024-06-25T03:05:08+00:00\",\"dateModified\":\"2024-07-30T04:30:01+00:00\",\"description\":\"Tr\u1ea7n Th\u1ecb - chuy\u00ean cung c\u1ea5p Gi\u00e1 b\u1ec7 ti\u1ec3u nam gi\u00e1 r\u1ebb \u1edf H\u00e0 T\u0129nh- 0947335871, d\u00f9ng cho nh\u00e0 \u1edf nh\u00e0 tr\u1ecd, qu\u00e1n... h\u1ed7 tr\u1ee3 v\u1eadn chuy\u1ec3n t\u1eadn n\u01a1i\",\"breadcrumb\":{\"@id\":\"https:\/\/tranthi.vn\/hatinh\/be-tieu-nam-thuong-ha-tinh\/#breadcrumb\"},\"inLanguage\":\"vi\",\"potentialAction\":[{\"@type\":\"ReadAction\",\"target\":[\"https:\/\/tranthi.vn\/hatinh\/be-tieu-nam-thuong-ha-tinh\/\"]}]},{\"@type\":\"ImageObject\",\"inLanguage\":\"vi\",\"@id\":\"https:\/\/tranthi.vn\/hatinh\/be-tieu-nam-thuong-ha-tinh\/#primaryimage\",\"url\":\"https:\/\/tranthi.vn\/hatinh\/wp-content\/uploads\/2024\/06\/tieu-nam-gia-re-da-nang_optimized.jpg\",\"contentUrl\":\"https:\/\/tranthi.vn\/hatinh\/wp-content\/uploads\/2024\/06\/tieu-nam-gia-re-da-nang_optimized.jpg\",\"width\":430,\"height\":505},{\"@type\":\"BreadcrumbList\",\"@id\":\"https:\/\/tranthi.vn\/hatinh\/be-tieu-nam-thuong-ha-tinh\/#breadcrumb\",\"itemListElement\":[{\"@type\":\"ListItem\",\"position\":1,\"name\":\"Trang ch\u1ee7\",\"item\":\"https:\/\/tranthi.vn\/hatinh\/\"},{\"@type\":\"ListItem\",\"position\":2,\"name\":\"Shop\",\"item\":\"https:\/\/tranthi.vn\/hatinh\/shop\/\"},{\"@type\":\"ListItem\",\"position\":3,\"name\":\"B\u1ec7 ti\u1ec3u nam th\u01b0\u1eddng-TA\"}]},{\"@type\":\"WebSite\",\"@id\":\"https:\/\/tranthi.vn\/hatinh\/#website\",\"url\":\"https:\/\/tranthi.vn\/hatinh\/\",\"name\":\"V\u1eadt Li\u1ec7u X\u00e2y D\u1ef1ng Tr\u1ea7n Th\u1ecb Chi Nh\u00e1nh H\u00e0 T\u0129nh\",\"description\":\"V\u1eadt Li\u1ec7u X\u00e2y D\u1ef1ng - H\u00e0 T\u0129nh\",\"potentialAction\":[{\"@type\":\"SearchAction\",\"target\":{\"@type\":\"EntryPoint\",\"urlTemplate\":\"https:\/\/tranthi.vn\/hatinh\/?s={search_term_string}\"},\"query-input\":\"required name=search_term_string\"}],\"inLanguage\":\"vi\"},{\"@type\":\"ImageObject\",\"inLanguage\":\"vi\",\"@id\":\"https:\/\/tranthi.vn\/hatinh\/be-tieu-nam-thuong-ha-tinh\/#local-main-organization-logo\",\"url\":\"\",\"contentUrl\":\"\",\"caption\":\"V\u1eadt Li\u1ec7u X\u00e2y D\u1ef1ng Tr\u1ea7n Th\u1ecb Chi Nh\u00e1nh H\u00e0 T\u0129nh\"}]}<\/script>\n<meta property=\"product:price:amount\" content=\"320000\" \/>\n<meta property=\"product:price:currency\" content=\"VND\" \/>\n<meta property=\"og:availability\" content=\"instock\" \/>\n<meta property=\"product:availability\" content=\"instock\" \/>\n<meta property=\"product:condition\" content=\"new\" \/>\n<!-- \/ Yoast SEO Premium plugin. -->","yoast_head_json":{"title":"Gi\u00e1 b\u1ec7 ti\u1ec3u nam gi\u00e1 r\u1ebb \u1edf H\u00e0 T\u0129nh- 0947335871","description":"Tr\u1ea7n Th\u1ecb - chuy\u00ean cung c\u1ea5p Gi\u00e1 b\u1ec7 ti\u1ec3u nam gi\u00e1 r\u1ebb \u1edf H\u00e0 T\u0129nh- 0947335871, d\u00f9ng cho nh\u00e0 \u1edf nh\u00e0 tr\u1ecd, qu\u00e1n... h\u1ed7 tr\u1ee3 v\u1eadn chuy\u1ec3n t\u1eadn n\u01a1i","robots":{"index":"index","follow":"follow","max-snippet":"max-snippet:-1","max-image-preview":"max-image-preview:large","max-video-preview":"max-video-preview:-1"},"canonical":"https:\/\/tranthi.vn\/hatinh\/be-tieu-nam-thuong-ha-tinh\/","og_locale":"vi_VN","og_type":"article","og_title":"B\u1ec7 ti\u1ec3u nam th\u01b0\u1eddng-TA","og_description":"Tr\u1ea7n Th\u1ecb - chuy\u00ean cung c\u1ea5p Gi\u00e1 b\u1ec7 ti\u1ec3u nam gi\u00e1 r\u1ebb \u1edf H\u00e0 T\u0129nh- 0947335871, d\u00f9ng cho nh\u00e0 \u1edf nh\u00e0 tr\u1ecd, qu\u00e1n... h\u1ed7 tr\u1ee3 v\u1eadn chuy\u1ec3n t\u1eadn n\u01a1i","og_url":"https:\/\/tranthi.vn\/hatinh\/be-tieu-nam-thuong-ha-tinh\/","og_site_name":"V\u1eadt Li\u1ec7u X\u00e2y D\u1ef1ng Tr\u1ea7n Th\u1ecb Chi Nh\u00e1nh H\u00e0 T\u0129nh","article_modified_time":"2024-07-30T04:30:01+00:00","og_image":[{"width":430,"height":505,"url":"https:\/\/tranthi.vn\/hatinh\/wp-content\/uploads\/2024\/06\/tieu-nam-gia-re-da-nang_optimized.jpg","type":"image\/jpeg"}],"twitter_card":"summary_large_image","twitter_misc":{"Gi\u00e1":"320,000&nbsp;&#8363;","Kh\u1ea3 d\u1ee5ng":"Trong kho"},"schema":{"@context":"https:\/\/schema.org","@graph":[{"@type":["WebPage","ItemPage"],"@id":"https:\/\/tranthi.vn\/hatinh\/be-tieu-nam-thuong-ha-tinh\/","url":"https:\/\/tranthi.vn\/hatinh\/be-tieu-nam-thuong-ha-tinh\/","name":"Gi\u00e1 b\u1ec7 ti\u1ec3u nam gi\u00e1 r\u1ebb \u1edf H\u00e0 T\u0129nh- 0947335871","isPartOf":{"@id":"https:\/\/tranthi.vn\/hatinh\/#website"},"primaryImageOfPage":{"@id":"https:\/\/tranthi.vn\/hatinh\/be-tieu-nam-thuong-ha-tinh\/#primaryimage"},"image":{"@id":"https:\/\/tranthi.vn\/hatinh\/be-tieu-nam-thuong-ha-tinh\/#primaryimage"},"thumbnailUrl":"https:\/\/tranthi.vn\/hatinh\/wp-content\/uploads\/2024\/06\/tieu-nam-gia-re-da-nang_optimized.jpg","datePublished":"2024-06-25T03:05:08+00:00","dateModified":"2024-07-30T04:30:01+00:00","description":"Tr\u1ea7n Th\u1ecb - chuy\u00ean cung c\u1ea5p Gi\u00e1 b\u1ec7 ti\u1ec3u nam gi\u00e1 r\u1ebb \u1edf H\u00e0 T\u0129nh- 0947335871, d\u00f9ng cho nh\u00e0 \u1edf nh\u00e0 tr\u1ecd, qu\u00e1n... h\u1ed7 tr\u1ee3 v\u1eadn chuy\u1ec3n t\u1eadn n\u01a1i","breadcrumb":{"@id":"https:\/\/tranthi.vn\/hatinh\/be-tieu-nam-thuong-ha-tinh\/#breadcrumb"},"inLanguage":"vi","potentialAction":[{"@type":"ReadAction","target":["https:\/\/tranthi.vn\/hatinh\/be-tieu-nam-thuong-ha-tinh\/"]}]},{"@type":"ImageObject","inLanguage":"vi","@id":"https:\/\/tranthi.vn\/hatinh\/be-tieu-nam-thuong-ha-tinh\/#primaryimage","url":"https:\/\/tranthi.vn\/hatinh\/wp-content\/uploads\/2024\/06\/tieu-nam-gia-re-da-nang_optimized.jpg","contentUrl":"https:\/\/tranthi.vn\/hatinh\/wp-content\/uploads\/2024\/06\/tieu-nam-gia-re-da-nang_optimized.jpg","width":430,"height":505},{"@type":"BreadcrumbList","@id":"https:\/\/tranthi.vn\/hatinh\/be-tieu-nam-thuong-ha-tinh\/#breadcrumb","itemListElement":[{"@type":"ListItem","position":1,"name":"Trang ch\u1ee7","item":"https:\/\/tranthi.vn\/hatinh\/"},{"@type":"ListItem","position":2,"name":"Shop","item":"https:\/\/tranthi.vn\/hatinh\/shop\/"},{"@type":"ListItem","position":3,"name":"B\u1ec7 ti\u1ec3u nam th\u01b0\u1eddng-TA"}]},{"@type":"WebSite","@id":"https:\/\/tranthi.vn\/hatinh\/#website","url":"https:\/\/tranthi.vn\/hatinh\/","name":"V\u1eadt Li\u1ec7u X\u00e2y D\u1ef1ng Tr\u1ea7n Th\u1ecb Chi Nh\u00e1nh H\u00e0 T\u0129nh","description":"V\u1eadt Li\u1ec7u X\u00e2y D\u1ef1ng - H\u00e0 T\u0129nh","potentialAction":[{"@type":"SearchAction","target":{"@type":"EntryPoint","urlTemplate":"https:\/\/tranthi.vn\/hatinh\/?s={search_term_string}"},"query-input":"required name=search_term_string"}],"inLanguage":"vi"},{"@type":"ImageObject","inLanguage":"vi","@id":"https:\/\/tranthi.vn\/hatinh\/be-tieu-nam-thuong-ha-tinh\/#local-main-organization-logo","url":"","contentUrl":"","caption":"V\u1eadt Li\u1ec7u X\u00e2y D\u1ef1ng Tr\u1ea7n Th\u1ecb Chi Nh\u00e1nh H\u00e0 T\u0129nh"}]},"product_price_amount":"320000","product_price_currency":"VND","og_availability":"instock","product_availability":"instock","product_condition":"new"},"_links":{"self":[{"href":"https:\/\/tranthi.vn\/hatinh\/wp-json\/wp\/v2\/product\/7478","targetHints":{"allow":["GET"]}}],"collection":[{"href":"https:\/\/tranthi.vn\/hatinh\/wp-json\/wp\/v2\/product"}],"about":[{"href":"https:\/\/tranthi.vn\/hatinh\/wp-json\/wp\/v2\/types\/product"}],"replies":[{"embeddable":true,"href":"https:\/\/tranthi.vn\/hatinh\/wp-json\/wp\/v2\/comments?post=7478"}],"wp:featuredmedia":[{"embeddable":true,"href":"https:\/\/tranthi.vn\/hatinh\/wp-json\/wp\/v2\/media\/7480"}],"wp:attachment":[{"href":"https:\/\/tranthi.vn\/hatinh\/wp-json\/wp\/v2\/media?parent=7478"}],"wp:term":[{"taxonomy":"product_cat","embeddable":true,"href":"https:\/\/tranthi.vn\/hatinh\/wp-json\/wp\/v2\/product_cat?post=7478"},{"taxonomy":"product_tag","embeddable":true,"href":"https:\/\/tranthi.vn\/hatinh\/wp-json\/wp\/v2\/product_tag?post=7478"}],"curies":[{"name":"wp","href":"https:\/\/api.w.org\/{rel}","templated":true}]}}