{"id":7402,"date":"2024-06-18T08:48:39","date_gmt":"2024-06-18T01:48:39","guid":{"rendered":"https:\/\/tranthi.vn\/quangnam\/?post_type=product&#038;p=7402"},"modified":"2024-06-18T08:53:54","modified_gmt":"2024-06-18T01:53:54","slug":"da-30x60x2cm-soc-dua","status":"publish","type":"product","link":"https:\/\/tranthi.vn\/hatinh\/da-30x60x2cm-soc-dua\/","title":{"rendered":"\u0110\u00e1 30x60x2cm, s\u1ecdc d\u01b0a"},"content":{"rendered":"","protected":false},"excerpt":{"rendered":"<p><span style=\"color: #0000ff; font-family: 'times new roman', times, serif; font-size: 130%;\">\ud83e\udd70<strong>\u01afu \u0111i\u1ec3m: \u00a0<\/strong><\/span><\/p>\n<p><span style=\"font-family: 'times new roman', times, serif; font-size: 130%;\">\u27a2 Ch\u1ed1ng tr\u01a1n tr\u01b0\u1ee3t t\u1ed1t, b\u1ea3o v\u1ec7 s\u1ef1 an to\u00e0n m\u1ed7i khi di chuy\u1ec3n<\/span><\/p>\n<p><span style=\"font-family: 'times new roman', times, serif; font-size: 130%;\">\u00a0\u27a2 \u00cdt b\u1ecb \u1ea3nh h\u01b0\u1edfng b\u1edfi m\u00f4i tr\u01b0\u1eddng v\u00e0 th\u1eddi ti\u1ebft<\/span><\/p>\n<p><span style=\"font-family: 'times new roman', times, serif; font-size: 130%;\">\u00a0\u27a2 Ch\u1ea5t l\u01b0\u1ee3ng cao: kh\u00f4ng phai m\u00e0u, ch\u1ecbu nhi\u1ec7t, ch\u1ecbu l\u1ef1c t\u1ed1t&#8230;<\/span><\/p>\n<p><span style=\"font-size: 130%; font-family: 'times new roman', times, serif;\">\ud83e\udd70\u0110\u01a1n gi\u00e1:<strong><span style=\"color: #d83131;\">\u00a0<\/span><\/strong><\/span><\/p>\n<ul>\n<li><span style=\"color: #000000; font-family: 'times new roman', times, serif; font-size: 130%;\">D\u01b0\u1edbi 25m2 gi\u00e1:<span style=\"color: #ff0000;\"><strong> 310.000\u0111\/m2<\/strong><\/span><\/span><\/li>\n<li><span style=\"color: #000000; font-family: 'times new roman', times, serif; font-size: 130%;\">Tr\u00ean 25m2 gi\u00e1: <span style=\"color: #ff0000;\"><strong>295.000\u0111\/m2<\/strong><\/span><\/span><\/li>\n<\/ul>\n<p><span style=\"font-family: 'times new roman', times, serif; font-size: 130%;\">\ud83e\udd70K\u00edch th\u01b0\u1edbc (r\u1ed9ng x d\u00e0i x d\u00e0y): <span style=\"color: #0000ff;\">30x60x2 cm<\/span><\/span><\/p>\n<p><span style=\"font-family: 'times new roman', times, serif; font-size: 130%;\">\ud83e\udd70Ch\u1ea5t li\u1ec7u: \u0110\u00e1 t\u1ef1 nhi\u00ean<\/span><\/p>\n<p><span style=\"font-family: 'times new roman', times, serif; font-size: 130%;\">\ud83e\udd70\u1ee8ng d\u1ee5ng: L\u00e1t s\u00e2n, l\u00e1t v\u1ec9a h\u00e8\u2026<\/span><\/p>\n<p><span style=\"font-family: 'times new roman', times, serif; font-size: 130%;\">Giao h\u00e0ng trong n\u1ed9i th\u00e0nh \u0110\u00e0 N\u1eb5ng<\/span><\/p>\n<p><span style=\"font-family: 'times new roman', times, serif; font-size: 130%;\"><em><span style=\"color: #3366ff;\">(Ph\u00ed v\u1eadn chuy\u1ec3n ph\u1ee5 thu\u1ed9c v\u00e0o t\u1eebng v\u1ecb tr\u00ed)<\/span><\/em><\/span><\/p>\n<p><span style=\"color: #000000; font-size: 130%; font-family: 'times new roman', times, serif;\"><strong><em>\u0110\u00e1 kh\u00e1 n\u1eb7ng v\u1eadn chuy\u1ec3n h\u01a1i l\u00e2u n\u00ean kh\u00e1ch \u0111\u1eb7t h\u00e0ng tr\u01b0\u1edbc 1 ng\u00e0y \u0111\u1ec3 \u0111\u1ea3m b\u1ea3o giao h\u00e0ng k\u1ecbp\u00a0<\/em><\/strong><\/span><\/p>\n","protected":false},"featured_media":7404,"comment_status":"closed","ping_status":"closed","template":"","meta":[],"product_cat":[337,107],"product_tag":[],"class_list":{"0":"post-7402","1":"product","2":"type-product","3":"status-publish","4":"has-post-thumbnail","6":"product_cat-da-tu-nhien-da-lat-san-da-nang","7":"product_cat-gach-ngoi-da","9":"first","10":"instock","11":"sale","12":"shipping-taxable","13":"purchasable","14":"product-type-simple"},"yoast_head":"<!-- This site is optimized with the Yoast SEO Premium plugin v22.3 (Yoast SEO v22.8) - https:\/\/yoast.com\/wordpress\/plugins\/seo\/ -->\n<title>\u0110\u00e1 30x60x2cm, s\u1ecdc d\u01b0a - V\u1eadt Li\u1ec7u X\u00e2y D\u1ef1ng Tr\u1ea7n Th\u1ecb Chi Nh\u00e1nh H\u00e0 T\u0129nh<\/title>\n<meta name=\"robots\" content=\"index, follow, max-snippet:-1, max-image-preview:large, max-video-preview:-1\" \/>\n<link rel=\"canonical\" href=\"https:\/\/tranthi.vn\/hatinh\/da-30x60x2cm-soc-dua\/\" \/>\n<meta property=\"og:locale\" content=\"vi_VN\" \/>\n<meta property=\"og:type\" content=\"article\" \/>\n<meta property=\"og:title\" content=\"\u0110\u00e1 30x60x2cm, s\u1ecdc d\u01b0a\" \/>\n<meta property=\"og:description\" content=\"\ud83e\udd70\u01afu \u0111i\u1ec3m: \u00a0  \u27a2 Ch\u1ed1ng tr\u01a1n tr\u01b0\u1ee3t t\u1ed1t, b\u1ea3o v\u1ec7 s\u1ef1 an to\u00e0n m\u1ed7i khi di chuy\u1ec3n  \u00a0\u27a2 \u00cdt b\u1ecb \u1ea3nh h\u01b0\u1edfng b\u1edfi m\u00f4i tr\u01b0\u1eddng v\u00e0 th\u1eddi ti\u1ebft  \u00a0\u27a2 Ch\u1ea5t l\u01b0\u1ee3ng cao: kh\u00f4ng phai m\u00e0u, ch\u1ecbu nhi\u1ec7t, ch\u1ecbu l\u1ef1c t\u1ed1t...  \ud83e\udd70\u0110\u01a1n gi\u00e1:\u00a0   D\u01b0\u1edbi 25m2 gi\u00e1: 310.000\u0111\/m2  Tr\u00ean 25m2 gi\u00e1: 295.000\u0111\/m2  \ud83e\udd70K\u00edch th\u01b0\u1edbc (r\u1ed9ng x d\u00e0i x d\u00e0y): 30x60x2 cm  \ud83e\udd70Ch\u1ea5t li\u1ec7u: \u0110\u00e1 t\u1ef1 nhi\u00ean  \ud83e\udd70\u1ee8ng d\u1ee5ng: L\u00e1t s\u00e2n, l\u00e1t v\u1ec9a h\u00e8\u2026  Giao h\u00e0ng trong n\u1ed9i th\u00e0nh \u0110\u00e0 N\u1eb5ng  (Ph\u00ed v\u1eadn chuy\u1ec3n ph\u1ee5 thu\u1ed9c v\u00e0o t\u1eebng v\u1ecb tr\u00ed)  \u0110\u00e1 kh\u00e1 n\u1eb7ng v\u1eadn chuy\u1ec3n h\u01a1i l\u00e2u n\u00ean kh\u00e1ch \u0111\u1eb7t h\u00e0ng tr\u01b0\u1edbc 1 ng\u00e0y \u0111\u1ec3 \u0111\u1ea3m b\u1ea3o giao h\u00e0ng k\u1ecbp\u00a0\" \/>\n<meta property=\"og:url\" content=\"https:\/\/tranthi.vn\/hatinh\/da-30x60x2cm-soc-dua\/\" \/>\n<meta property=\"og:site_name\" content=\"V\u1eadt Li\u1ec7u X\u00e2y D\u1ef1ng Tr\u1ea7n Th\u1ecb Chi Nh\u00e1nh H\u00e0 T\u0129nh\" \/>\n<meta property=\"article:modified_time\" content=\"2024-06-18T01:53:54+00:00\" \/>\n<meta property=\"og:image\" content=\"https:\/\/tranthi.vn\/hatinh\/wp-content\/uploads\/2024\/06\/da-tu-nhien-soc-dua-gia-re-da-nang_optimized.jpg\" \/>\n\t<meta property=\"og:image:width\" content=\"360\" \/>\n\t<meta property=\"og:image:height\" content=\"609\" \/>\n\t<meta property=\"og:image:type\" content=\"image\/jpeg\" \/>\n<meta name=\"twitter:card\" content=\"summary_large_image\" \/>\n<meta name=\"twitter:label1\" content=\"Gi\u00e1\" \/>\n\t<meta name=\"twitter:data1\" content=\"295,000&nbsp;&#8363;\" \/>\n\t<meta name=\"twitter:label2\" content=\"Kh\u1ea3 d\u1ee5ng\" \/>\n\t<meta name=\"twitter:data2\" content=\"Trong kho\" \/>\n<script type=\"application\/ld+json\" class=\"yoast-schema-graph\">{\"@context\":\"https:\/\/schema.org\",\"@graph\":[{\"@type\":[\"WebPage\",\"ItemPage\"],\"@id\":\"https:\/\/tranthi.vn\/hatinh\/da-30x60x2cm-soc-dua\/\",\"url\":\"https:\/\/tranthi.vn\/hatinh\/da-30x60x2cm-soc-dua\/\",\"name\":\"\u0110\u00e1 30x60x2cm, s\u1ecdc d\u01b0a - V\u1eadt Li\u1ec7u X\u00e2y D\u1ef1ng Tr\u1ea7n Th\u1ecb Chi Nh\u00e1nh H\u00e0 T\u0129nh\",\"isPartOf\":{\"@id\":\"https:\/\/tranthi.vn\/hatinh\/#website\"},\"primaryImageOfPage\":{\"@id\":\"https:\/\/tranthi.vn\/hatinh\/da-30x60x2cm-soc-dua\/#primaryimage\"},\"image\":{\"@id\":\"https:\/\/tranthi.vn\/hatinh\/da-30x60x2cm-soc-dua\/#primaryimage\"},\"thumbnailUrl\":\"https:\/\/tranthi.vn\/hatinh\/wp-content\/uploads\/2024\/06\/da-tu-nhien-soc-dua-gia-re-da-nang_optimized.jpg\",\"datePublished\":\"2024-06-18T01:48:39+00:00\",\"dateModified\":\"2024-06-18T01:53:54+00:00\",\"breadcrumb\":{\"@id\":\"https:\/\/tranthi.vn\/hatinh\/da-30x60x2cm-soc-dua\/#breadcrumb\"},\"inLanguage\":\"vi\",\"potentialAction\":[{\"@type\":\"ReadAction\",\"target\":[\"https:\/\/tranthi.vn\/hatinh\/da-30x60x2cm-soc-dua\/\"]}]},{\"@type\":\"ImageObject\",\"inLanguage\":\"vi\",\"@id\":\"https:\/\/tranthi.vn\/hatinh\/da-30x60x2cm-soc-dua\/#primaryimage\",\"url\":\"https:\/\/tranthi.vn\/hatinh\/wp-content\/uploads\/2024\/06\/da-tu-nhien-soc-dua-gia-re-da-nang_optimized.jpg\",\"contentUrl\":\"https:\/\/tranthi.vn\/hatinh\/wp-content\/uploads\/2024\/06\/da-tu-nhien-soc-dua-gia-re-da-nang_optimized.jpg\",\"width\":360,\"height\":609},{\"@type\":\"BreadcrumbList\",\"@id\":\"https:\/\/tranthi.vn\/hatinh\/da-30x60x2cm-soc-dua\/#breadcrumb\",\"itemListElement\":[{\"@type\":\"ListItem\",\"position\":1,\"name\":\"Trang ch\u1ee7\",\"item\":\"https:\/\/tranthi.vn\/hatinh\/\"},{\"@type\":\"ListItem\",\"position\":2,\"name\":\"Shop\",\"item\":\"https:\/\/tranthi.vn\/hatinh\/shop\/\"},{\"@type\":\"ListItem\",\"position\":3,\"name\":\"\u0110\u00e1 30x60x2cm, s\u1ecdc d\u01b0a\"}]},{\"@type\":\"WebSite\",\"@id\":\"https:\/\/tranthi.vn\/hatinh\/#website\",\"url\":\"https:\/\/tranthi.vn\/hatinh\/\",\"name\":\"V\u1eadt Li\u1ec7u X\u00e2y D\u1ef1ng Tr\u1ea7n Th\u1ecb Chi Nh\u00e1nh H\u00e0 T\u0129nh\",\"description\":\"V\u1eadt Li\u1ec7u X\u00e2y D\u1ef1ng - H\u00e0 T\u0129nh\",\"potentialAction\":[{\"@type\":\"SearchAction\",\"target\":{\"@type\":\"EntryPoint\",\"urlTemplate\":\"https:\/\/tranthi.vn\/hatinh\/?s={search_term_string}\"},\"query-input\":\"required name=search_term_string\"}],\"inLanguage\":\"vi\"},{\"@type\":\"ImageObject\",\"inLanguage\":\"vi\",\"@id\":\"https:\/\/tranthi.vn\/hatinh\/da-30x60x2cm-soc-dua\/#local-main-organization-logo\",\"url\":\"\",\"contentUrl\":\"\",\"caption\":\"V\u1eadt Li\u1ec7u X\u00e2y D\u1ef1ng Tr\u1ea7n Th\u1ecb Chi Nh\u00e1nh H\u00e0 T\u0129nh\"}]}<\/script>\n<meta property=\"product:price:amount\" content=\"295000\" \/>\n<meta property=\"product:price:currency\" content=\"VND\" \/>\n<meta property=\"og:availability\" content=\"instock\" \/>\n<meta property=\"product:availability\" content=\"instock\" \/>\n<meta property=\"product:condition\" content=\"new\" \/>\n<!-- \/ Yoast SEO Premium plugin. -->","yoast_head_json":{"title":"\u0110\u00e1 30x60x2cm, s\u1ecdc d\u01b0a - V\u1eadt Li\u1ec7u X\u00e2y D\u1ef1ng Tr\u1ea7n Th\u1ecb Chi Nh\u00e1nh H\u00e0 T\u0129nh","robots":{"index":"index","follow":"follow","max-snippet":"max-snippet:-1","max-image-preview":"max-image-preview:large","max-video-preview":"max-video-preview:-1"},"canonical":"https:\/\/tranthi.vn\/hatinh\/da-30x60x2cm-soc-dua\/","og_locale":"vi_VN","og_type":"article","og_title":"\u0110\u00e1 30x60x2cm, s\u1ecdc d\u01b0a","og_description":"\ud83e\udd70\u01afu \u0111i\u1ec3m: \u00a0  \u27a2 Ch\u1ed1ng tr\u01a1n tr\u01b0\u1ee3t t\u1ed1t, b\u1ea3o v\u1ec7 s\u1ef1 an to\u00e0n m\u1ed7i khi di chuy\u1ec3n  \u00a0\u27a2 \u00cdt b\u1ecb \u1ea3nh h\u01b0\u1edfng b\u1edfi m\u00f4i tr\u01b0\u1eddng v\u00e0 th\u1eddi ti\u1ebft  \u00a0\u27a2 Ch\u1ea5t l\u01b0\u1ee3ng cao: kh\u00f4ng phai m\u00e0u, ch\u1ecbu nhi\u1ec7t, ch\u1ecbu l\u1ef1c t\u1ed1t...  \ud83e\udd70\u0110\u01a1n gi\u00e1:\u00a0   D\u01b0\u1edbi 25m2 gi\u00e1: 310.000\u0111\/m2  Tr\u00ean 25m2 gi\u00e1: 295.000\u0111\/m2  \ud83e\udd70K\u00edch th\u01b0\u1edbc (r\u1ed9ng x d\u00e0i x d\u00e0y): 30x60x2 cm  \ud83e\udd70Ch\u1ea5t li\u1ec7u: \u0110\u00e1 t\u1ef1 nhi\u00ean  \ud83e\udd70\u1ee8ng d\u1ee5ng: L\u00e1t s\u00e2n, l\u00e1t v\u1ec9a h\u00e8\u2026  Giao h\u00e0ng trong n\u1ed9i th\u00e0nh \u0110\u00e0 N\u1eb5ng  (Ph\u00ed v\u1eadn chuy\u1ec3n ph\u1ee5 thu\u1ed9c v\u00e0o t\u1eebng v\u1ecb tr\u00ed)  \u0110\u00e1 kh\u00e1 n\u1eb7ng v\u1eadn chuy\u1ec3n h\u01a1i l\u00e2u n\u00ean kh\u00e1ch \u0111\u1eb7t h\u00e0ng tr\u01b0\u1edbc 1 ng\u00e0y \u0111\u1ec3 \u0111\u1ea3m b\u1ea3o giao h\u00e0ng k\u1ecbp\u00a0","og_url":"https:\/\/tranthi.vn\/hatinh\/da-30x60x2cm-soc-dua\/","og_site_name":"V\u1eadt Li\u1ec7u X\u00e2y D\u1ef1ng Tr\u1ea7n Th\u1ecb Chi Nh\u00e1nh H\u00e0 T\u0129nh","article_modified_time":"2024-06-18T01:53:54+00:00","og_image":[{"width":360,"height":609,"url":"https:\/\/tranthi.vn\/hatinh\/wp-content\/uploads\/2024\/06\/da-tu-nhien-soc-dua-gia-re-da-nang_optimized.jpg","type":"image\/jpeg"}],"twitter_card":"summary_large_image","twitter_misc":{"Gi\u00e1":"295,000&nbsp;&#8363;","Kh\u1ea3 d\u1ee5ng":"Trong kho"},"schema":{"@context":"https:\/\/schema.org","@graph":[{"@type":["WebPage","ItemPage"],"@id":"https:\/\/tranthi.vn\/hatinh\/da-30x60x2cm-soc-dua\/","url":"https:\/\/tranthi.vn\/hatinh\/da-30x60x2cm-soc-dua\/","name":"\u0110\u00e1 30x60x2cm, s\u1ecdc d\u01b0a - V\u1eadt Li\u1ec7u X\u00e2y D\u1ef1ng Tr\u1ea7n Th\u1ecb Chi Nh\u00e1nh H\u00e0 T\u0129nh","isPartOf":{"@id":"https:\/\/tranthi.vn\/hatinh\/#website"},"primaryImageOfPage":{"@id":"https:\/\/tranthi.vn\/hatinh\/da-30x60x2cm-soc-dua\/#primaryimage"},"image":{"@id":"https:\/\/tranthi.vn\/hatinh\/da-30x60x2cm-soc-dua\/#primaryimage"},"thumbnailUrl":"https:\/\/tranthi.vn\/hatinh\/wp-content\/uploads\/2024\/06\/da-tu-nhien-soc-dua-gia-re-da-nang_optimized.jpg","datePublished":"2024-06-18T01:48:39+00:00","dateModified":"2024-06-18T01:53:54+00:00","breadcrumb":{"@id":"https:\/\/tranthi.vn\/hatinh\/da-30x60x2cm-soc-dua\/#breadcrumb"},"inLanguage":"vi","potentialAction":[{"@type":"ReadAction","target":["https:\/\/tranthi.vn\/hatinh\/da-30x60x2cm-soc-dua\/"]}]},{"@type":"ImageObject","inLanguage":"vi","@id":"https:\/\/tranthi.vn\/hatinh\/da-30x60x2cm-soc-dua\/#primaryimage","url":"https:\/\/tranthi.vn\/hatinh\/wp-content\/uploads\/2024\/06\/da-tu-nhien-soc-dua-gia-re-da-nang_optimized.jpg","contentUrl":"https:\/\/tranthi.vn\/hatinh\/wp-content\/uploads\/2024\/06\/da-tu-nhien-soc-dua-gia-re-da-nang_optimized.jpg","width":360,"height":609},{"@type":"BreadcrumbList","@id":"https:\/\/tranthi.vn\/hatinh\/da-30x60x2cm-soc-dua\/#breadcrumb","itemListElement":[{"@type":"ListItem","position":1,"name":"Trang ch\u1ee7","item":"https:\/\/tranthi.vn\/hatinh\/"},{"@type":"ListItem","position":2,"name":"Shop","item":"https:\/\/tranthi.vn\/hatinh\/shop\/"},{"@type":"ListItem","position":3,"name":"\u0110\u00e1 30x60x2cm, s\u1ecdc d\u01b0a"}]},{"@type":"WebSite","@id":"https:\/\/tranthi.vn\/hatinh\/#website","url":"https:\/\/tranthi.vn\/hatinh\/","name":"V\u1eadt Li\u1ec7u X\u00e2y D\u1ef1ng Tr\u1ea7n Th\u1ecb Chi Nh\u00e1nh H\u00e0 T\u0129nh","description":"V\u1eadt Li\u1ec7u X\u00e2y D\u1ef1ng - H\u00e0 T\u0129nh","potentialAction":[{"@type":"SearchAction","target":{"@type":"EntryPoint","urlTemplate":"https:\/\/tranthi.vn\/hatinh\/?s={search_term_string}"},"query-input":"required name=search_term_string"}],"inLanguage":"vi"},{"@type":"ImageObject","inLanguage":"vi","@id":"https:\/\/tranthi.vn\/hatinh\/da-30x60x2cm-soc-dua\/#local-main-organization-logo","url":"","contentUrl":"","caption":"V\u1eadt Li\u1ec7u X\u00e2y D\u1ef1ng Tr\u1ea7n Th\u1ecb Chi Nh\u00e1nh H\u00e0 T\u0129nh"}]},"product_price_amount":"295000","product_price_currency":"VND","og_availability":"instock","product_availability":"instock","product_condition":"new"},"_links":{"self":[{"href":"https:\/\/tranthi.vn\/hatinh\/wp-json\/wp\/v2\/product\/7402","targetHints":{"allow":["GET"]}}],"collection":[{"href":"https:\/\/tranthi.vn\/hatinh\/wp-json\/wp\/v2\/product"}],"about":[{"href":"https:\/\/tranthi.vn\/hatinh\/wp-json\/wp\/v2\/types\/product"}],"replies":[{"embeddable":true,"href":"https:\/\/tranthi.vn\/hatinh\/wp-json\/wp\/v2\/comments?post=7402"}],"wp:featuredmedia":[{"embeddable":true,"href":"https:\/\/tranthi.vn\/hatinh\/wp-json\/wp\/v2\/media\/7404"}],"wp:attachment":[{"href":"https:\/\/tranthi.vn\/hatinh\/wp-json\/wp\/v2\/media?parent=7402"}],"wp:term":[{"taxonomy":"product_cat","embeddable":true,"href":"https:\/\/tranthi.vn\/hatinh\/wp-json\/wp\/v2\/product_cat?post=7402"},{"taxonomy":"product_tag","embeddable":true,"href":"https:\/\/tranthi.vn\/hatinh\/wp-json\/wp\/v2\/product_tag?post=7402"}],"curies":[{"name":"wp","href":"https:\/\/api.w.org\/{rel}","templated":true}]}}