{"id":6895,"date":"2024-03-19T15:24:21","date_gmt":"2024-03-19T08:24:21","guid":{"rendered":"https:\/\/tranthi.vn\/quangnam\/?post_type=product&#038;p=6895"},"modified":"2024-03-19T15:24:21","modified_gmt":"2024-03-19T08:24:21","slug":"gia-xoong-noi-bat-dia-da-nang-inox-304-mo-nan-tron-tg","status":"publish","type":"product","link":"https:\/\/tranthi.vn\/hatinh\/gia-xoong-noi-bat-dia-da-nang-inox-304-mo-nan-tron-tg\/","title":{"rendered":"Gi\u00e1 xoong n\u1ed3i b\u00e1t \u0111\u0129a \u0111a n\u0103ng inox 304 m\u1edd nan tr\u00f2n-TG"},"content":{"rendered":"","protected":false},"excerpt":{"rendered":"<p><span style=\"font-family: 'times new roman', times, serif; font-size: 130%;\">Gi\u00e1 xoong n\u1ed3i b\u00e1t \u0111\u0129a \u0111a n\u0103ng inox 304 m\u1edd nan tr\u00f2n, ray gi\u1ea3m ch\u1ea5n cao c\u1ea5p <\/span><\/p>\n<p><span style=\"font-family: 'times new roman', times, serif; font-size: 130%;\"><strong><img decoding=\"async\" class=\"emoji\" role=\"img\" draggable=\"false\" src=\"https:\/\/s.w.org\/images\/core\/emoji\/14.0.0\/svg\/1f970.svg\" alt=\"\ud83e\udd70\" \/>K\u00edch th\u01b0\u1edbc: r\u1ed9ng x s\u00e2u x cao<\/strong><\/span><\/p>\n<p><span style=\"font-family: 'times new roman', times, serif; font-size: 130%;\">K\u00edch th\u01b0\u1edbc k\u0129 thu\u1eadt- l\u1ecdt l\u00f2ng:<\/span><\/p>\n<p><span style=\"font-family: 'times new roman', times, serif; font-size: 130%;\">+ W565*D280*H650_\u00a0(KT t\u1ee7 \u2013 ph\u1ee7 b\u00ec : 600) :\u00a0<span style=\"color: #ed1c24;\"><strong>gi\u00e1: 1.352.000\u0111<\/strong><\/span><\/span><\/p>\n<p><span style=\"font-family: 'times new roman', times, serif; font-size: 130%;\">+ W665*D280*H650_(KT t\u1ee7 \u2013 ph\u1ee7 b\u00ec : 700):\u00a0<span style=\"color: #ed1c24;\"><strong>gi\u00e1: 1.390.000\u0111<\/strong><\/span><\/span><\/p>\n<p><span style=\"font-family: 'times new roman', times, serif; font-size: 130%;\">+ W715*D280*H650_(KT t\u1ee7 \u2013 ph\u1ee7 b\u00ec : 750):\u00a0<span style=\"color: #ed1c24;\"><strong>gi\u00e1: 1.411.000\u0111<\/strong><\/span><\/span><\/p>\n<p><span style=\"font-family: 'times new roman', times, serif; font-size: 130%;\">+ W765*D280*H650_(KT t\u1ee7 \u2013 ph\u1ee7 b\u00ec : 800):\u00a0<span style=\"color: #ed1c24;\"><strong>gi\u00e1: 1.428.000\u0111<\/strong><\/span><\/span><\/p>\n<p><span style=\"font-family: 'times new roman', times, serif; font-size: 130%;\">+\u00a0W865*D280*H650_(KT t\u1ee7 \u2013 ph\u1ee7 b\u00ec : 900):\u00a0<span style=\"color: #ed1c24;\"><strong>gi\u00e1: 1.471.000\u0111<\/strong><\/span><\/span><\/p>\n<p><span style=\"font-family: 'times new roman', times, serif; font-size: 130%;\"><img decoding=\"async\" class=\"emoji\" role=\"img\" draggable=\"false\" src=\"https:\/\/s.w.org\/images\/core\/emoji\/14.0.0\/svg\/1f970.svg\" alt=\"\ud83e\udd70\" \/><strong>Ch\u1ea5t li\u1ec7u<\/strong>: inox 304<\/span><\/p>\n<p><span style=\"font-family: 'times new roman', times, serif; font-size: 130%;\"><strong><em><img decoding=\"async\" class=\"emoji\" role=\"img\" draggable=\"false\" src=\"https:\/\/s.w.org\/images\/core\/emoji\/14.0.0\/svg\/1f970.svg\" alt=\"\ud83e\udd70\" \/>S\u1eed d\u1ee5ng chung s\u1ea3n ph\u1ea9m v\u1edbi l\u1eafp \u0111\u1eb7t t\u1ee7 b\u1ebfp s\u1ebd nh\u1eadn \u0111\u01b0\u1ee3c gi\u00e1 \u01b0u \u0111\u00e3i<\/em><\/strong><\/span><\/p>\n","protected":false},"featured_media":6896,"comment_status":"closed","ping_status":"closed","template":"","meta":[],"product_cat":[385,312,266],"product_tag":[],"class_list":{"0":"post-6895","1":"product","2":"type-product","3":"status-publish","4":"has-post-thumbnail","6":"product_cat-phu-kien-nha-bep-phu-kien-tu-bep-thong-minh-gia-dung-xoong-noi","7":"product_cat-phu-kien-tu-bep-thong-minh","8":"product_cat-thiet-bi-nha-bep","10":"first","11":"instock","12":"sale","13":"shipping-taxable","14":"purchasable","15":"product-type-simple"},"yoast_head":"<!-- This site is optimized with the Yoast SEO Premium plugin v22.3 (Yoast SEO v22.8) - https:\/\/yoast.com\/wordpress\/plugins\/seo\/ -->\n<title>Gi\u00e1 xoong n\u1ed3i b\u00e1t \u0111\u0129a \u0111a n\u0103ng inox 304 m\u1edd nan tr\u00f2n-TG - V\u1eadt Li\u1ec7u X\u00e2y D\u1ef1ng Tr\u1ea7n Th\u1ecb Chi Nh\u00e1nh H\u00e0 T\u0129nh<\/title>\n<meta name=\"robots\" content=\"index, follow, max-snippet:-1, max-image-preview:large, max-video-preview:-1\" \/>\n<link rel=\"canonical\" href=\"https:\/\/tranthi.vn\/hatinh\/gia-xoong-noi-bat-dia-da-nang-inox-304-mo-nan-tron-tg\/\" \/>\n<meta property=\"og:locale\" content=\"vi_VN\" \/>\n<meta property=\"og:type\" content=\"article\" \/>\n<meta property=\"og:title\" content=\"Gi\u00e1 xoong n\u1ed3i b\u00e1t \u0111\u0129a \u0111a n\u0103ng inox 304 m\u1edd nan tr\u00f2n-TG\" \/>\n<meta property=\"og:description\" content=\"Gi\u00e1 xoong n\u1ed3i b\u00e1t \u0111\u0129a \u0111a n\u0103ng inox 304 m\u1edd nan tr\u00f2n, ray gi\u1ea3m ch\u1ea5n cao c\u1ea5p   K\u00edch th\u01b0\u1edbc: r\u1ed9ng x s\u00e2u x cao  K\u00edch th\u01b0\u1edbc k\u0129 thu\u1eadt- l\u1ecdt l\u00f2ng:  + W565*D280*H650_\u00a0(KT t\u1ee7 \u2013 ph\u1ee7 b\u00ec : 600) :\u00a0gi\u00e1: 1.352.000\u0111  + W665*D280*H650_(KT t\u1ee7 \u2013 ph\u1ee7 b\u00ec : 700):\u00a0gi\u00e1: 1.390.000\u0111  + W715*D280*H650_(KT t\u1ee7 \u2013 ph\u1ee7 b\u00ec : 750):\u00a0gi\u00e1: 1.411.000\u0111  + W765*D280*H650_(KT t\u1ee7 \u2013 ph\u1ee7 b\u00ec : 800):\u00a0gi\u00e1: 1.428.000\u0111  +\u00a0W865*D280*H650_(KT t\u1ee7 \u2013 ph\u1ee7 b\u00ec : 900):\u00a0gi\u00e1: 1.471.000\u0111  Ch\u1ea5t li\u1ec7u: inox 304  S\u1eed d\u1ee5ng chung s\u1ea3n ph\u1ea9m v\u1edbi l\u1eafp \u0111\u1eb7t t\u1ee7 b\u1ebfp s\u1ebd nh\u1eadn \u0111\u01b0\u1ee3c gi\u00e1 \u01b0u \u0111\u00e3i\" \/>\n<meta property=\"og:url\" content=\"https:\/\/tranthi.vn\/hatinh\/gia-xoong-noi-bat-dia-da-nang-inox-304-mo-nan-tron-tg\/\" \/>\n<meta property=\"og:site_name\" content=\"V\u1eadt Li\u1ec7u X\u00e2y D\u1ef1ng Tr\u1ea7n Th\u1ecb Chi Nh\u00e1nh H\u00e0 T\u0129nh\" \/>\n<meta property=\"og:image\" content=\"https:\/\/tranthi.vn\/hatinh\/wp-content\/uploads\/2024\/03\/gia-xoong-noi-bat-dia-da-nang-inox-304-mo-nan-tron-gia-re-da-nang_optimized.jpg\" \/>\n\t<meta property=\"og:image:width\" content=\"210\" \/>\n\t<meta property=\"og:image:height\" content=\"190\" \/>\n\t<meta property=\"og:image:type\" content=\"image\/jpeg\" \/>\n<meta name=\"twitter:card\" content=\"summary_large_image\" \/>\n<meta name=\"twitter:label1\" content=\"Gi\u00e1\" \/>\n\t<meta name=\"twitter:data1\" content=\"1,352,000&nbsp;&#8363;\" \/>\n\t<meta name=\"twitter:label2\" content=\"Kh\u1ea3 d\u1ee5ng\" \/>\n\t<meta name=\"twitter:data2\" content=\"Trong kho\" \/>\n<script type=\"application\/ld+json\" class=\"yoast-schema-graph\">{\"@context\":\"https:\/\/schema.org\",\"@graph\":[{\"@type\":[\"WebPage\",\"ItemPage\"],\"@id\":\"https:\/\/tranthi.vn\/hatinh\/gia-xoong-noi-bat-dia-da-nang-inox-304-mo-nan-tron-tg\/\",\"url\":\"https:\/\/tranthi.vn\/hatinh\/gia-xoong-noi-bat-dia-da-nang-inox-304-mo-nan-tron-tg\/\",\"name\":\"Gi\u00e1 xoong n\u1ed3i b\u00e1t \u0111\u0129a \u0111a n\u0103ng inox 304 m\u1edd nan tr\u00f2n-TG - V\u1eadt Li\u1ec7u X\u00e2y D\u1ef1ng Tr\u1ea7n Th\u1ecb Chi Nh\u00e1nh H\u00e0 T\u0129nh\",\"isPartOf\":{\"@id\":\"https:\/\/tranthi.vn\/hatinh\/#website\"},\"primaryImageOfPage\":{\"@id\":\"https:\/\/tranthi.vn\/hatinh\/gia-xoong-noi-bat-dia-da-nang-inox-304-mo-nan-tron-tg\/#primaryimage\"},\"image\":{\"@id\":\"https:\/\/tranthi.vn\/hatinh\/gia-xoong-noi-bat-dia-da-nang-inox-304-mo-nan-tron-tg\/#primaryimage\"},\"thumbnailUrl\":\"https:\/\/tranthi.vn\/hatinh\/wp-content\/uploads\/2024\/03\/gia-xoong-noi-bat-dia-da-nang-inox-304-mo-nan-tron-gia-re-da-nang_optimized.jpg\",\"datePublished\":\"2024-03-19T08:24:21+00:00\",\"dateModified\":\"2024-03-19T08:24:21+00:00\",\"breadcrumb\":{\"@id\":\"https:\/\/tranthi.vn\/hatinh\/gia-xoong-noi-bat-dia-da-nang-inox-304-mo-nan-tron-tg\/#breadcrumb\"},\"inLanguage\":\"vi\",\"potentialAction\":[{\"@type\":\"ReadAction\",\"target\":[\"https:\/\/tranthi.vn\/hatinh\/gia-xoong-noi-bat-dia-da-nang-inox-304-mo-nan-tron-tg\/\"]}]},{\"@type\":\"ImageObject\",\"inLanguage\":\"vi\",\"@id\":\"https:\/\/tranthi.vn\/hatinh\/gia-xoong-noi-bat-dia-da-nang-inox-304-mo-nan-tron-tg\/#primaryimage\",\"url\":\"https:\/\/tranthi.vn\/hatinh\/wp-content\/uploads\/2024\/03\/gia-xoong-noi-bat-dia-da-nang-inox-304-mo-nan-tron-gia-re-da-nang_optimized.jpg\",\"contentUrl\":\"https:\/\/tranthi.vn\/hatinh\/wp-content\/uploads\/2024\/03\/gia-xoong-noi-bat-dia-da-nang-inox-304-mo-nan-tron-gia-re-da-nang_optimized.jpg\",\"width\":210,\"height\":190},{\"@type\":\"BreadcrumbList\",\"@id\":\"https:\/\/tranthi.vn\/hatinh\/gia-xoong-noi-bat-dia-da-nang-inox-304-mo-nan-tron-tg\/#breadcrumb\",\"itemListElement\":[{\"@type\":\"ListItem\",\"position\":1,\"name\":\"Trang ch\u1ee7\",\"item\":\"https:\/\/tranthi.vn\/hatinh\/\"},{\"@type\":\"ListItem\",\"position\":2,\"name\":\"Shop\",\"item\":\"https:\/\/tranthi.vn\/hatinh\/shop\/\"},{\"@type\":\"ListItem\",\"position\":3,\"name\":\"Gi\u00e1 xoong n\u1ed3i b\u00e1t \u0111\u0129a \u0111a n\u0103ng inox 304 m\u1edd nan tr\u00f2n-TG\"}]},{\"@type\":\"WebSite\",\"@id\":\"https:\/\/tranthi.vn\/hatinh\/#website\",\"url\":\"https:\/\/tranthi.vn\/hatinh\/\",\"name\":\"V\u1eadt Li\u1ec7u X\u00e2y D\u1ef1ng Tr\u1ea7n Th\u1ecb Chi Nh\u00e1nh H\u00e0 T\u0129nh\",\"description\":\"V\u1eadt Li\u1ec7u X\u00e2y D\u1ef1ng - H\u00e0 T\u0129nh\",\"potentialAction\":[{\"@type\":\"SearchAction\",\"target\":{\"@type\":\"EntryPoint\",\"urlTemplate\":\"https:\/\/tranthi.vn\/hatinh\/?s={search_term_string}\"},\"query-input\":\"required name=search_term_string\"}],\"inLanguage\":\"vi\"},{\"@type\":\"ImageObject\",\"inLanguage\":\"vi\",\"@id\":\"https:\/\/tranthi.vn\/hatinh\/gia-xoong-noi-bat-dia-da-nang-inox-304-mo-nan-tron-tg\/#local-main-organization-logo\",\"url\":\"\",\"contentUrl\":\"\",\"caption\":\"V\u1eadt Li\u1ec7u X\u00e2y D\u1ef1ng Tr\u1ea7n Th\u1ecb Chi Nh\u00e1nh H\u00e0 T\u0129nh\"}]}<\/script>\n<meta property=\"product:price:amount\" content=\"1352000\" \/>\n<meta property=\"product:price:currency\" content=\"VND\" \/>\n<meta property=\"og:availability\" content=\"instock\" \/>\n<meta property=\"product:availability\" content=\"instock\" \/>\n<meta property=\"product:condition\" content=\"new\" \/>\n<!-- \/ Yoast SEO Premium plugin. -->","yoast_head_json":{"title":"Gi\u00e1 xoong n\u1ed3i b\u00e1t \u0111\u0129a \u0111a n\u0103ng inox 304 m\u1edd nan tr\u00f2n-TG - V\u1eadt Li\u1ec7u X\u00e2y D\u1ef1ng Tr\u1ea7n Th\u1ecb Chi Nh\u00e1nh H\u00e0 T\u0129nh","robots":{"index":"index","follow":"follow","max-snippet":"max-snippet:-1","max-image-preview":"max-image-preview:large","max-video-preview":"max-video-preview:-1"},"canonical":"https:\/\/tranthi.vn\/hatinh\/gia-xoong-noi-bat-dia-da-nang-inox-304-mo-nan-tron-tg\/","og_locale":"vi_VN","og_type":"article","og_title":"Gi\u00e1 xoong n\u1ed3i b\u00e1t \u0111\u0129a \u0111a n\u0103ng inox 304 m\u1edd nan tr\u00f2n-TG","og_description":"Gi\u00e1 xoong n\u1ed3i b\u00e1t \u0111\u0129a \u0111a n\u0103ng inox 304 m\u1edd nan tr\u00f2n, ray gi\u1ea3m ch\u1ea5n cao c\u1ea5p   K\u00edch th\u01b0\u1edbc: r\u1ed9ng x s\u00e2u x cao  K\u00edch th\u01b0\u1edbc k\u0129 thu\u1eadt- l\u1ecdt l\u00f2ng:  + W565*D280*H650_\u00a0(KT t\u1ee7 \u2013 ph\u1ee7 b\u00ec : 600) :\u00a0gi\u00e1: 1.352.000\u0111  + W665*D280*H650_(KT t\u1ee7 \u2013 ph\u1ee7 b\u00ec : 700):\u00a0gi\u00e1: 1.390.000\u0111  + W715*D280*H650_(KT t\u1ee7 \u2013 ph\u1ee7 b\u00ec : 750):\u00a0gi\u00e1: 1.411.000\u0111  + W765*D280*H650_(KT t\u1ee7 \u2013 ph\u1ee7 b\u00ec : 800):\u00a0gi\u00e1: 1.428.000\u0111  +\u00a0W865*D280*H650_(KT t\u1ee7 \u2013 ph\u1ee7 b\u00ec : 900):\u00a0gi\u00e1: 1.471.000\u0111  Ch\u1ea5t li\u1ec7u: inox 304  S\u1eed d\u1ee5ng chung s\u1ea3n ph\u1ea9m v\u1edbi l\u1eafp \u0111\u1eb7t t\u1ee7 b\u1ebfp s\u1ebd nh\u1eadn \u0111\u01b0\u1ee3c gi\u00e1 \u01b0u \u0111\u00e3i","og_url":"https:\/\/tranthi.vn\/hatinh\/gia-xoong-noi-bat-dia-da-nang-inox-304-mo-nan-tron-tg\/","og_site_name":"V\u1eadt Li\u1ec7u X\u00e2y D\u1ef1ng Tr\u1ea7n Th\u1ecb Chi Nh\u00e1nh H\u00e0 T\u0129nh","og_image":[{"width":210,"height":190,"url":"https:\/\/tranthi.vn\/hatinh\/wp-content\/uploads\/2024\/03\/gia-xoong-noi-bat-dia-da-nang-inox-304-mo-nan-tron-gia-re-da-nang_optimized.jpg","type":"image\/jpeg"}],"twitter_card":"summary_large_image","twitter_misc":{"Gi\u00e1":"1,352,000&nbsp;&#8363;","Kh\u1ea3 d\u1ee5ng":"Trong kho"},"schema":{"@context":"https:\/\/schema.org","@graph":[{"@type":["WebPage","ItemPage"],"@id":"https:\/\/tranthi.vn\/hatinh\/gia-xoong-noi-bat-dia-da-nang-inox-304-mo-nan-tron-tg\/","url":"https:\/\/tranthi.vn\/hatinh\/gia-xoong-noi-bat-dia-da-nang-inox-304-mo-nan-tron-tg\/","name":"Gi\u00e1 xoong n\u1ed3i b\u00e1t \u0111\u0129a \u0111a n\u0103ng inox 304 m\u1edd nan tr\u00f2n-TG - V\u1eadt Li\u1ec7u X\u00e2y D\u1ef1ng Tr\u1ea7n Th\u1ecb Chi Nh\u00e1nh H\u00e0 T\u0129nh","isPartOf":{"@id":"https:\/\/tranthi.vn\/hatinh\/#website"},"primaryImageOfPage":{"@id":"https:\/\/tranthi.vn\/hatinh\/gia-xoong-noi-bat-dia-da-nang-inox-304-mo-nan-tron-tg\/#primaryimage"},"image":{"@id":"https:\/\/tranthi.vn\/hatinh\/gia-xoong-noi-bat-dia-da-nang-inox-304-mo-nan-tron-tg\/#primaryimage"},"thumbnailUrl":"https:\/\/tranthi.vn\/hatinh\/wp-content\/uploads\/2024\/03\/gia-xoong-noi-bat-dia-da-nang-inox-304-mo-nan-tron-gia-re-da-nang_optimized.jpg","datePublished":"2024-03-19T08:24:21+00:00","dateModified":"2024-03-19T08:24:21+00:00","breadcrumb":{"@id":"https:\/\/tranthi.vn\/hatinh\/gia-xoong-noi-bat-dia-da-nang-inox-304-mo-nan-tron-tg\/#breadcrumb"},"inLanguage":"vi","potentialAction":[{"@type":"ReadAction","target":["https:\/\/tranthi.vn\/hatinh\/gia-xoong-noi-bat-dia-da-nang-inox-304-mo-nan-tron-tg\/"]}]},{"@type":"ImageObject","inLanguage":"vi","@id":"https:\/\/tranthi.vn\/hatinh\/gia-xoong-noi-bat-dia-da-nang-inox-304-mo-nan-tron-tg\/#primaryimage","url":"https:\/\/tranthi.vn\/hatinh\/wp-content\/uploads\/2024\/03\/gia-xoong-noi-bat-dia-da-nang-inox-304-mo-nan-tron-gia-re-da-nang_optimized.jpg","contentUrl":"https:\/\/tranthi.vn\/hatinh\/wp-content\/uploads\/2024\/03\/gia-xoong-noi-bat-dia-da-nang-inox-304-mo-nan-tron-gia-re-da-nang_optimized.jpg","width":210,"height":190},{"@type":"BreadcrumbList","@id":"https:\/\/tranthi.vn\/hatinh\/gia-xoong-noi-bat-dia-da-nang-inox-304-mo-nan-tron-tg\/#breadcrumb","itemListElement":[{"@type":"ListItem","position":1,"name":"Trang ch\u1ee7","item":"https:\/\/tranthi.vn\/hatinh\/"},{"@type":"ListItem","position":2,"name":"Shop","item":"https:\/\/tranthi.vn\/hatinh\/shop\/"},{"@type":"ListItem","position":3,"name":"Gi\u00e1 xoong n\u1ed3i b\u00e1t \u0111\u0129a \u0111a n\u0103ng inox 304 m\u1edd nan tr\u00f2n-TG"}]},{"@type":"WebSite","@id":"https:\/\/tranthi.vn\/hatinh\/#website","url":"https:\/\/tranthi.vn\/hatinh\/","name":"V\u1eadt Li\u1ec7u X\u00e2y D\u1ef1ng Tr\u1ea7n Th\u1ecb Chi Nh\u00e1nh H\u00e0 T\u0129nh","description":"V\u1eadt Li\u1ec7u X\u00e2y D\u1ef1ng - H\u00e0 T\u0129nh","potentialAction":[{"@type":"SearchAction","target":{"@type":"EntryPoint","urlTemplate":"https:\/\/tranthi.vn\/hatinh\/?s={search_term_string}"},"query-input":"required name=search_term_string"}],"inLanguage":"vi"},{"@type":"ImageObject","inLanguage":"vi","@id":"https:\/\/tranthi.vn\/hatinh\/gia-xoong-noi-bat-dia-da-nang-inox-304-mo-nan-tron-tg\/#local-main-organization-logo","url":"","contentUrl":"","caption":"V\u1eadt Li\u1ec7u X\u00e2y D\u1ef1ng Tr\u1ea7n Th\u1ecb Chi Nh\u00e1nh H\u00e0 T\u0129nh"}]},"product_price_amount":"1352000","product_price_currency":"VND","og_availability":"instock","product_availability":"instock","product_condition":"new"},"_links":{"self":[{"href":"https:\/\/tranthi.vn\/hatinh\/wp-json\/wp\/v2\/product\/6895","targetHints":{"allow":["GET"]}}],"collection":[{"href":"https:\/\/tranthi.vn\/hatinh\/wp-json\/wp\/v2\/product"}],"about":[{"href":"https:\/\/tranthi.vn\/hatinh\/wp-json\/wp\/v2\/types\/product"}],"replies":[{"embeddable":true,"href":"https:\/\/tranthi.vn\/hatinh\/wp-json\/wp\/v2\/comments?post=6895"}],"wp:featuredmedia":[{"embeddable":true,"href":"https:\/\/tranthi.vn\/hatinh\/wp-json\/wp\/v2\/media\/6896"}],"wp:attachment":[{"href":"https:\/\/tranthi.vn\/hatinh\/wp-json\/wp\/v2\/media?parent=6895"}],"wp:term":[{"taxonomy":"product_cat","embeddable":true,"href":"https:\/\/tranthi.vn\/hatinh\/wp-json\/wp\/v2\/product_cat?post=6895"},{"taxonomy":"product_tag","embeddable":true,"href":"https:\/\/tranthi.vn\/hatinh\/wp-json\/wp\/v2\/product_tag?post=6895"}],"curies":[{"name":"wp","href":"https:\/\/api.w.org\/{rel}","templated":true}]}}