{"id":6784,"date":"2024-03-13T14:34:38","date_gmt":"2024-03-13T07:34:38","guid":{"rendered":"https:\/\/tranthi.vn\/quangnam\/?post_type=product&#038;p=6784"},"modified":"2024-03-19T13:30:34","modified_gmt":"2024-03-19T06:30:34","slug":"gia-dung-dao-thot-nan-vuong-inox-304","status":"publish","type":"product","link":"https:\/\/tranthi.vn\/hatinh\/gia-dung-dao-thot-nan-vuong-inox-304\/","title":{"rendered":"Gi\u00e1 \u0111\u1ef1ng dao th\u1edbt nan vu\u00f4ng  inox 304"},"content":{"rendered":"","protected":false},"excerpt":{"rendered":"<p><span style=\"font-family: 'times new roman', times, serif; font-size: 130%;\"><strong>Gi\u00e1 \u0111\u1ef1ng dao th\u1edbt nan vu\u00f4ng <\/strong><\/span><br \/>\n<span style=\"font-family: 'times new roman', times, serif; font-size: 130%;\"><strong>inox 304<\/strong><\/span><\/p>\n<p><span style=\"font-family: 'times new roman', times, serif; font-size: 130%;\"><img decoding=\"async\" class=\"emoji\" role=\"img\" draggable=\"false\" src=\"https:\/\/s.w.org\/images\/core\/emoji\/14.0.0\/svg\/1f970.svg\" alt=\"\ud83e\udd70\" \/>\u0110\u01a1n v\u1ecb t\u00ednh: C\u00e1i<\/span><\/p>\n<p><span style=\"font-family: 'times new roman', times, serif; font-size: 130%;\"><img decoding=\"async\" class=\"emoji\" role=\"img\" draggable=\"false\" src=\"https:\/\/s.w.org\/images\/core\/emoji\/14.0.0\/svg\/1f970.svg\" alt=\"\ud83e\udd70\" \/>\u0110\u01a1n gi\u00e1\u00a0 : inox 304<\/span><\/p>\n<p><span style=\"font-family: 'times new roman', times, serif; font-size: 130%;\">KT (mm): 165*D475*H455: <span style=\"color: #ed1c24;\"><strong>1.291.000\u0111<\/strong><\/span><\/span><\/p>\n<p><span style=\"font-family: 'times new roman', times, serif; font-size: 130%;\">KT (mm) : 215*D475*H455: <span style=\"color: #ed1c24;\"><strong>1.476.000\u0111<\/strong><\/span><\/span><\/p>\n<p><span style=\"font-family: 'times new roman', times, serif; font-size: 130%;\">KT (mm) : 265*D475*H455: <span style=\"color: #ed1c24;\"><strong>1.476.000\u0111<\/strong><\/span><\/span><\/p>\n<p><span style=\"font-family: 'times new roman', times, serif; font-size: 130%;\">KT (mm) : 315*D475*H455: <span style=\"color: #ed1c24;\"><strong>1.528.000\u0111<\/strong><\/span><\/span><\/p>\n<p><span style=\"font-family: 'times new roman', times, serif; font-size: 130%;\">KT (mm) : 365*D475*H455: <span style=\"color: #ed1c24;\"><strong>1.586.000\u0111<\/strong><\/span><\/span><\/p>\n<p><span style=\"font-family: 'times new roman', times, serif; font-size: 130%;\"><strong><em>Mi\u1ec5n ph\u00ed giao h\u00e0ng trong \u0111\u1ecba b\u00e0n\u00a0<a href=\"https:\/\/fr.wikipedia.org\/wiki\/Da_Nang\">\u0110\u00e0 N\u1eb5ng<\/a><\/em><\/strong><\/span><\/p>\n","protected":false},"featured_media":6884,"comment_status":"closed","ping_status":"closed","template":"","meta":[],"product_cat":[269,266],"product_tag":[],"class_list":{"0":"post-6784","1":"product","2":"type-product","3":"status-publish","4":"has-post-thumbnail","6":"product_cat-ke-chen","7":"product_cat-thiet-bi-nha-bep","9":"first","10":"instock","11":"sale","12":"shipping-taxable","13":"purchasable","14":"product-type-simple"},"yoast_head":"<!-- This site is optimized with the Yoast SEO Premium plugin v22.3 (Yoast SEO v22.8) - https:\/\/yoast.com\/wordpress\/plugins\/seo\/ -->\n<title>Gi\u00e1 \u0111\u1ef1ng dao th\u1edbt nan vu\u00f4ng inox 304 - V\u1eadt Li\u1ec7u X\u00e2y D\u1ef1ng Tr\u1ea7n Th\u1ecb Chi Nh\u00e1nh H\u00e0 T\u0129nh<\/title>\n<meta name=\"robots\" content=\"index, follow, max-snippet:-1, max-image-preview:large, max-video-preview:-1\" \/>\n<link rel=\"canonical\" href=\"https:\/\/tranthi.vn\/hatinh\/gia-dung-dao-thot-nan-vuong-inox-304\/\" \/>\n<meta property=\"og:locale\" content=\"vi_VN\" \/>\n<meta property=\"og:type\" content=\"article\" \/>\n<meta property=\"og:title\" content=\"Gi\u00e1 \u0111\u1ef1ng dao th\u1edbt nan vu\u00f4ng inox 304\" \/>\n<meta property=\"og:description\" content=\"Gi\u00e1 \u0111\u1ef1ng dao th\u1edbt nan vu\u00f4ng  inox 304  \u0110\u01a1n v\u1ecb t\u00ednh: C\u00e1i  \u0110\u01a1n gi\u00e1\u00a0 : inox 304  KT (mm): 165*D475*H455: 1.291.000\u0111  KT (mm) : 215*D475*H455: 1.476.000\u0111  KT (mm) : 265*D475*H455: 1.476.000\u0111  KT (mm) : 315*D475*H455: 1.528.000\u0111  KT (mm) : 365*D475*H455: 1.586.000\u0111  Mi\u1ec5n ph\u00ed giao h\u00e0ng trong \u0111\u1ecba b\u00e0n\u00a0\u0110\u00e0 N\u1eb5ng\" \/>\n<meta property=\"og:url\" content=\"https:\/\/tranthi.vn\/hatinh\/gia-dung-dao-thot-nan-vuong-inox-304\/\" \/>\n<meta property=\"og:site_name\" content=\"V\u1eadt Li\u1ec7u X\u00e2y D\u1ef1ng Tr\u1ea7n Th\u1ecb Chi Nh\u00e1nh H\u00e0 T\u0129nh\" \/>\n<meta property=\"article:modified_time\" content=\"2024-03-19T06:30:34+00:00\" \/>\n<meta property=\"og:image\" content=\"https:\/\/tranthi.vn\/hatinh\/wp-content\/uploads\/2024\/03\/Gia-dung-dao-thot-nan-vuong-gia-re-da-nang.jpg\" \/>\n\t<meta property=\"og:image:width\" content=\"200\" \/>\n\t<meta property=\"og:image:height\" content=\"162\" \/>\n\t<meta property=\"og:image:type\" content=\"image\/jpeg\" \/>\n<meta name=\"twitter:card\" content=\"summary_large_image\" \/>\n<meta name=\"twitter:label1\" content=\"Gi\u00e1\" \/>\n\t<meta name=\"twitter:data1\" content=\"1,291,000&nbsp;&#8363;\" \/>\n\t<meta name=\"twitter:label2\" content=\"Kh\u1ea3 d\u1ee5ng\" \/>\n\t<meta name=\"twitter:data2\" content=\"Trong kho\" \/>\n<script type=\"application\/ld+json\" class=\"yoast-schema-graph\">{\"@context\":\"https:\/\/schema.org\",\"@graph\":[{\"@type\":[\"WebPage\",\"ItemPage\"],\"@id\":\"https:\/\/tranthi.vn\/hatinh\/gia-dung-dao-thot-nan-vuong-inox-304\/\",\"url\":\"https:\/\/tranthi.vn\/hatinh\/gia-dung-dao-thot-nan-vuong-inox-304\/\",\"name\":\"Gi\u00e1 \u0111\u1ef1ng dao th\u1edbt nan vu\u00f4ng inox 304 - V\u1eadt Li\u1ec7u X\u00e2y D\u1ef1ng Tr\u1ea7n Th\u1ecb Chi Nh\u00e1nh H\u00e0 T\u0129nh\",\"isPartOf\":{\"@id\":\"https:\/\/tranthi.vn\/hatinh\/#website\"},\"primaryImageOfPage\":{\"@id\":\"https:\/\/tranthi.vn\/hatinh\/gia-dung-dao-thot-nan-vuong-inox-304\/#primaryimage\"},\"image\":{\"@id\":\"https:\/\/tranthi.vn\/hatinh\/gia-dung-dao-thot-nan-vuong-inox-304\/#primaryimage\"},\"thumbnailUrl\":\"https:\/\/tranthi.vn\/hatinh\/wp-content\/uploads\/2024\/03\/Gia-dung-dao-thot-nan-vuong-gia-re-da-nang.jpg\",\"datePublished\":\"2024-03-13T07:34:38+00:00\",\"dateModified\":\"2024-03-19T06:30:34+00:00\",\"breadcrumb\":{\"@id\":\"https:\/\/tranthi.vn\/hatinh\/gia-dung-dao-thot-nan-vuong-inox-304\/#breadcrumb\"},\"inLanguage\":\"vi\",\"potentialAction\":[{\"@type\":\"ReadAction\",\"target\":[\"https:\/\/tranthi.vn\/hatinh\/gia-dung-dao-thot-nan-vuong-inox-304\/\"]}]},{\"@type\":\"ImageObject\",\"inLanguage\":\"vi\",\"@id\":\"https:\/\/tranthi.vn\/hatinh\/gia-dung-dao-thot-nan-vuong-inox-304\/#primaryimage\",\"url\":\"https:\/\/tranthi.vn\/hatinh\/wp-content\/uploads\/2024\/03\/Gia-dung-dao-thot-nan-vuong-gia-re-da-nang.jpg\",\"contentUrl\":\"https:\/\/tranthi.vn\/hatinh\/wp-content\/uploads\/2024\/03\/Gia-dung-dao-thot-nan-vuong-gia-re-da-nang.jpg\",\"width\":200,\"height\":162},{\"@type\":\"BreadcrumbList\",\"@id\":\"https:\/\/tranthi.vn\/hatinh\/gia-dung-dao-thot-nan-vuong-inox-304\/#breadcrumb\",\"itemListElement\":[{\"@type\":\"ListItem\",\"position\":1,\"name\":\"Trang ch\u1ee7\",\"item\":\"https:\/\/tranthi.vn\/hatinh\/\"},{\"@type\":\"ListItem\",\"position\":2,\"name\":\"Shop\",\"item\":\"https:\/\/tranthi.vn\/hatinh\/shop\/\"},{\"@type\":\"ListItem\",\"position\":3,\"name\":\"Gi\u00e1 \u0111\u1ef1ng dao th\u1edbt nan vu\u00f4ng inox 304\"}]},{\"@type\":\"WebSite\",\"@id\":\"https:\/\/tranthi.vn\/hatinh\/#website\",\"url\":\"https:\/\/tranthi.vn\/hatinh\/\",\"name\":\"V\u1eadt Li\u1ec7u X\u00e2y D\u1ef1ng Tr\u1ea7n Th\u1ecb Chi Nh\u00e1nh H\u00e0 T\u0129nh\",\"description\":\"V\u1eadt Li\u1ec7u X\u00e2y D\u1ef1ng - H\u00e0 T\u0129nh\",\"potentialAction\":[{\"@type\":\"SearchAction\",\"target\":{\"@type\":\"EntryPoint\",\"urlTemplate\":\"https:\/\/tranthi.vn\/hatinh\/?s={search_term_string}\"},\"query-input\":\"required name=search_term_string\"}],\"inLanguage\":\"vi\"},{\"@type\":\"ImageObject\",\"inLanguage\":\"vi\",\"@id\":\"https:\/\/tranthi.vn\/hatinh\/gia-dung-dao-thot-nan-vuong-inox-304\/#local-main-organization-logo\",\"url\":\"\",\"contentUrl\":\"\",\"caption\":\"V\u1eadt Li\u1ec7u X\u00e2y D\u1ef1ng Tr\u1ea7n Th\u1ecb Chi Nh\u00e1nh H\u00e0 T\u0129nh\"}]}<\/script>\n<meta property=\"product:price:amount\" content=\"1291000\" \/>\n<meta property=\"product:price:currency\" content=\"VND\" \/>\n<meta property=\"og:availability\" content=\"instock\" \/>\n<meta property=\"product:availability\" content=\"instock\" \/>\n<meta property=\"product:condition\" content=\"new\" \/>\n<!-- \/ Yoast SEO Premium plugin. -->","yoast_head_json":{"title":"Gi\u00e1 \u0111\u1ef1ng dao th\u1edbt nan vu\u00f4ng inox 304 - V\u1eadt Li\u1ec7u X\u00e2y D\u1ef1ng Tr\u1ea7n Th\u1ecb Chi Nh\u00e1nh H\u00e0 T\u0129nh","robots":{"index":"index","follow":"follow","max-snippet":"max-snippet:-1","max-image-preview":"max-image-preview:large","max-video-preview":"max-video-preview:-1"},"canonical":"https:\/\/tranthi.vn\/hatinh\/gia-dung-dao-thot-nan-vuong-inox-304\/","og_locale":"vi_VN","og_type":"article","og_title":"Gi\u00e1 \u0111\u1ef1ng dao th\u1edbt nan vu\u00f4ng inox 304","og_description":"Gi\u00e1 \u0111\u1ef1ng dao th\u1edbt nan vu\u00f4ng  inox 304  \u0110\u01a1n v\u1ecb t\u00ednh: C\u00e1i  \u0110\u01a1n gi\u00e1\u00a0 : inox 304  KT (mm): 165*D475*H455: 1.291.000\u0111  KT (mm) : 215*D475*H455: 1.476.000\u0111  KT (mm) : 265*D475*H455: 1.476.000\u0111  KT (mm) : 315*D475*H455: 1.528.000\u0111  KT (mm) : 365*D475*H455: 1.586.000\u0111  Mi\u1ec5n ph\u00ed giao h\u00e0ng trong \u0111\u1ecba b\u00e0n\u00a0\u0110\u00e0 N\u1eb5ng","og_url":"https:\/\/tranthi.vn\/hatinh\/gia-dung-dao-thot-nan-vuong-inox-304\/","og_site_name":"V\u1eadt Li\u1ec7u X\u00e2y D\u1ef1ng Tr\u1ea7n Th\u1ecb Chi Nh\u00e1nh H\u00e0 T\u0129nh","article_modified_time":"2024-03-19T06:30:34+00:00","og_image":[{"width":200,"height":162,"url":"https:\/\/tranthi.vn\/hatinh\/wp-content\/uploads\/2024\/03\/Gia-dung-dao-thot-nan-vuong-gia-re-da-nang.jpg","type":"image\/jpeg"}],"twitter_card":"summary_large_image","twitter_misc":{"Gi\u00e1":"1,291,000&nbsp;&#8363;","Kh\u1ea3 d\u1ee5ng":"Trong kho"},"schema":{"@context":"https:\/\/schema.org","@graph":[{"@type":["WebPage","ItemPage"],"@id":"https:\/\/tranthi.vn\/hatinh\/gia-dung-dao-thot-nan-vuong-inox-304\/","url":"https:\/\/tranthi.vn\/hatinh\/gia-dung-dao-thot-nan-vuong-inox-304\/","name":"Gi\u00e1 \u0111\u1ef1ng dao th\u1edbt nan vu\u00f4ng inox 304 - V\u1eadt Li\u1ec7u X\u00e2y D\u1ef1ng Tr\u1ea7n Th\u1ecb Chi Nh\u00e1nh H\u00e0 T\u0129nh","isPartOf":{"@id":"https:\/\/tranthi.vn\/hatinh\/#website"},"primaryImageOfPage":{"@id":"https:\/\/tranthi.vn\/hatinh\/gia-dung-dao-thot-nan-vuong-inox-304\/#primaryimage"},"image":{"@id":"https:\/\/tranthi.vn\/hatinh\/gia-dung-dao-thot-nan-vuong-inox-304\/#primaryimage"},"thumbnailUrl":"https:\/\/tranthi.vn\/hatinh\/wp-content\/uploads\/2024\/03\/Gia-dung-dao-thot-nan-vuong-gia-re-da-nang.jpg","datePublished":"2024-03-13T07:34:38+00:00","dateModified":"2024-03-19T06:30:34+00:00","breadcrumb":{"@id":"https:\/\/tranthi.vn\/hatinh\/gia-dung-dao-thot-nan-vuong-inox-304\/#breadcrumb"},"inLanguage":"vi","potentialAction":[{"@type":"ReadAction","target":["https:\/\/tranthi.vn\/hatinh\/gia-dung-dao-thot-nan-vuong-inox-304\/"]}]},{"@type":"ImageObject","inLanguage":"vi","@id":"https:\/\/tranthi.vn\/hatinh\/gia-dung-dao-thot-nan-vuong-inox-304\/#primaryimage","url":"https:\/\/tranthi.vn\/hatinh\/wp-content\/uploads\/2024\/03\/Gia-dung-dao-thot-nan-vuong-gia-re-da-nang.jpg","contentUrl":"https:\/\/tranthi.vn\/hatinh\/wp-content\/uploads\/2024\/03\/Gia-dung-dao-thot-nan-vuong-gia-re-da-nang.jpg","width":200,"height":162},{"@type":"BreadcrumbList","@id":"https:\/\/tranthi.vn\/hatinh\/gia-dung-dao-thot-nan-vuong-inox-304\/#breadcrumb","itemListElement":[{"@type":"ListItem","position":1,"name":"Trang ch\u1ee7","item":"https:\/\/tranthi.vn\/hatinh\/"},{"@type":"ListItem","position":2,"name":"Shop","item":"https:\/\/tranthi.vn\/hatinh\/shop\/"},{"@type":"ListItem","position":3,"name":"Gi\u00e1 \u0111\u1ef1ng dao th\u1edbt nan vu\u00f4ng inox 304"}]},{"@type":"WebSite","@id":"https:\/\/tranthi.vn\/hatinh\/#website","url":"https:\/\/tranthi.vn\/hatinh\/","name":"V\u1eadt Li\u1ec7u X\u00e2y D\u1ef1ng Tr\u1ea7n Th\u1ecb Chi Nh\u00e1nh H\u00e0 T\u0129nh","description":"V\u1eadt Li\u1ec7u X\u00e2y D\u1ef1ng - H\u00e0 T\u0129nh","potentialAction":[{"@type":"SearchAction","target":{"@type":"EntryPoint","urlTemplate":"https:\/\/tranthi.vn\/hatinh\/?s={search_term_string}"},"query-input":"required name=search_term_string"}],"inLanguage":"vi"},{"@type":"ImageObject","inLanguage":"vi","@id":"https:\/\/tranthi.vn\/hatinh\/gia-dung-dao-thot-nan-vuong-inox-304\/#local-main-organization-logo","url":"","contentUrl":"","caption":"V\u1eadt Li\u1ec7u X\u00e2y D\u1ef1ng Tr\u1ea7n Th\u1ecb Chi Nh\u00e1nh H\u00e0 T\u0129nh"}]},"product_price_amount":"1291000","product_price_currency":"VND","og_availability":"instock","product_availability":"instock","product_condition":"new"},"_links":{"self":[{"href":"https:\/\/tranthi.vn\/hatinh\/wp-json\/wp\/v2\/product\/6784","targetHints":{"allow":["GET"]}}],"collection":[{"href":"https:\/\/tranthi.vn\/hatinh\/wp-json\/wp\/v2\/product"}],"about":[{"href":"https:\/\/tranthi.vn\/hatinh\/wp-json\/wp\/v2\/types\/product"}],"replies":[{"embeddable":true,"href":"https:\/\/tranthi.vn\/hatinh\/wp-json\/wp\/v2\/comments?post=6784"}],"wp:featuredmedia":[{"embeddable":true,"href":"https:\/\/tranthi.vn\/hatinh\/wp-json\/wp\/v2\/media\/6884"}],"wp:attachment":[{"href":"https:\/\/tranthi.vn\/hatinh\/wp-json\/wp\/v2\/media?parent=6784"}],"wp:term":[{"taxonomy":"product_cat","embeddable":true,"href":"https:\/\/tranthi.vn\/hatinh\/wp-json\/wp\/v2\/product_cat?post=6784"},{"taxonomy":"product_tag","embeddable":true,"href":"https:\/\/tranthi.vn\/hatinh\/wp-json\/wp\/v2\/product_tag?post=6784"}],"curies":[{"name":"wp","href":"https:\/\/api.w.org\/{rel}","templated":true}]}}