{"id":678,"date":"2021-02-16T06:17:45","date_gmt":"2021-02-15T23:17:45","guid":{"rendered":"http:\/\/new-tranthi.test\/san-pham\/bon-ngang-2000l-gia-6-210-000\/"},"modified":"2024-03-08T09:25:36","modified_gmt":"2024-03-08T02:25:36","slug":"bon-ngang-2000l-gia-6-210-000","status":"publish","type":"product","link":"https:\/\/tranthi.vn\/hatinh\/bon-ngang-2000l-gia-6-210-000\/","title":{"rendered":"B\u1ed3n Ngang 2000L F1150"},"content":{"rendered":"","protected":false},"excerpt":{"rendered":"<p><span style=\"font-family: 'times new roman', times, serif; font-size: 14pt; color: #000000;\"><em><strong><span style=\"color: #008000;\"><a style=\"color: #008000;\" href=\"http:\/\/tranthi.vn\/quangnam\/gia-bon-nuoc-toan-my-ngang-2000-lit-tai-da-nang-2\/\">B\u1ed3n Ngang TM 2000 F1150<\/a><\/span><\/strong><strong>\u00a0<\/strong><\/em><\/span><\/p>\n<p><span style=\"font-family: 'times new roman', times, serif; font-size: 14pt; color: #000000;\">\ud83d\ude1b \u0110\u01a1n v\u1ecb t\u00ednh: C\u00e1i<\/span><\/p>\n<p><span style=\"font-family: 'times new roman', times, serif; font-size: 14pt; color: #000000;\">\ud83d\ude1b \u0110\u01a1n gi\u00e1<em><strong>: <\/strong><\/em><span style=\"color: #ff0000;\"><strong>\u00a06.200.000\u0111\/C\u00e1i<\/strong><\/span> <\/span><\/p>\n<p><span style=\"font-family: 'times new roman', times, serif; font-size: 14pt; color: #000000;\">(Gi\u00e1 \u0111\u00e3 bao g\u1ed3m ph\u00ed v\u1eadn chuy\u1ec3n v\u00e0 k\u00e9o l\u00ean t\u1ea7ng- kh\u00f4ng c\u00f3 phao \u0111i\u1ec7n, b\u1ea3o h\u00e0nh 12 n\u0103m)<\/span><\/p>\n<p><span style=\"color: #000000; font-family: 'times new roman', times, serif; font-size: 14pt;\">\u0110\u01b0\u1eddng k\u00ednh: 1150; Chi\u1ec1u cao c\u1ea3 ch\u00e2n: 1360; Chi\u1ec1u d\u00e0i th\u00e2n b\u1ed3n: 1930; <\/span><\/p>\n<p><span style=\"color: #000000; font-family: 'times new roman', times, serif; font-size: 14pt;\">Chi\u1ec1u r\u1ed9ng c\u1ee7a ch\u00e2n: 1190 x 1500 (mm)\u00a0<\/span><\/p>\n<p><span style=\"font-family: 'times new roman', times, serif; font-size: 14pt; color: #000000;\">\ud83d\ude1b <em><span style=\"color: #0000ff;\">Mi\u1ec5n ph\u00ed giao h\u00e0ng trong \u0111\u1ecba b\u00e0n <a style=\"color: #0000ff;\" href=\"https:\/\/fr.wikipedia.org\/wiki\/Da_Nang\"><strong>\u0110\u00e0 N\u1eb5ng<\/strong><\/a><\/span><\/em><\/span><\/p>\n","protected":false},"featured_media":673,"comment_status":"open","ping_status":"closed","template":"","meta":[],"product_cat":[83,71,70,82],"product_tag":[],"class_list":{"0":"post-678","1":"product","2":"type-product","3":"status-publish","4":"has-post-thumbnail","6":"product_cat-bon-ngang-bon-nuoc-toan-my","7":"product_cat-bon-nuoc","8":"product_cat-bon-nuoc-may-nuoc-nong","9":"product_cat-bon-nuoc-toan-my","11":"first","12":"instock","13":"sale","14":"shipping-taxable","15":"purchasable","16":"product-type-simple"},"yoast_head":"<!-- This site is optimized with the Yoast SEO Premium plugin v22.3 (Yoast SEO v22.8) - https:\/\/yoast.com\/wordpress\/plugins\/seo\/ -->\n<title>B\u1ed3n Ngang 2000L F1150 - V\u1eadt Li\u1ec7u X\u00e2y D\u1ef1ng Tr\u1ea7n Th\u1ecb Chi Nh\u00e1nh H\u00e0 T\u0129nh<\/title>\n<meta name=\"robots\" content=\"index, follow, max-snippet:-1, max-image-preview:large, max-video-preview:-1\" \/>\n<link rel=\"canonical\" href=\"https:\/\/tranthi.vn\/hatinh\/bon-ngang-2000l-gia-6-210-000\/\" \/>\n<meta property=\"og:locale\" content=\"vi_VN\" \/>\n<meta property=\"og:type\" content=\"article\" \/>\n<meta property=\"og:title\" content=\"B\u1ed3n Ngang 2000L F1150\" \/>\n<meta property=\"og:description\" content=\"B\u1ed3n Ngang TM 2000 F1150\u00a0  \ud83d\ude1b \u0110\u01a1n v\u1ecb t\u00ednh: C\u00e1i  \ud83d\ude1b \u0110\u01a1n gi\u00e1: \u00a06.200.000\u0111\/C\u00e1i   (Gi\u00e1 \u0111\u00e3 bao g\u1ed3m ph\u00ed v\u1eadn chuy\u1ec3n v\u00e0 k\u00e9o l\u00ean t\u1ea7ng- kh\u00f4ng c\u00f3 phao \u0111i\u1ec7n, b\u1ea3o h\u00e0nh 12 n\u0103m)  \u0110\u01b0\u1eddng k\u00ednh: 1150; Chi\u1ec1u cao c\u1ea3 ch\u00e2n: 1360; Chi\u1ec1u d\u00e0i th\u00e2n b\u1ed3n: 1930;   Chi\u1ec1u r\u1ed9ng c\u1ee7a ch\u00e2n: 1190 x 1500 (mm)\u00a0  \ud83d\ude1b Mi\u1ec5n ph\u00ed giao h\u00e0ng trong \u0111\u1ecba b\u00e0n \u0110\u00e0 N\u1eb5ng\" \/>\n<meta property=\"og:url\" content=\"https:\/\/tranthi.vn\/hatinh\/bon-ngang-2000l-gia-6-210-000\/\" \/>\n<meta property=\"og:site_name\" content=\"V\u1eadt Li\u1ec7u X\u00e2y D\u1ef1ng Tr\u1ea7n Th\u1ecb Chi Nh\u00e1nh H\u00e0 T\u0129nh\" \/>\n<meta property=\"article:modified_time\" content=\"2024-03-08T02:25:36+00:00\" \/>\n<meta property=\"og:image\" content=\"https:\/\/tranthi.vn\/hatinh\/wp-content\/uploads\/2021\/02\/gia-bon-nuoc-toan-my-ngang-1.jpg\" \/>\n\t<meta property=\"og:image:width\" content=\"700\" \/>\n\t<meta property=\"og:image:height\" content=\"800\" \/>\n\t<meta property=\"og:image:type\" content=\"image\/jpeg\" \/>\n<meta name=\"twitter:card\" content=\"summary_large_image\" \/>\n<meta name=\"twitter:label1\" content=\"Gi\u00e1\" \/>\n\t<meta name=\"twitter:data1\" content=\"6,200,000&nbsp;&#8363;\" \/>\n\t<meta name=\"twitter:label2\" content=\"Kh\u1ea3 d\u1ee5ng\" \/>\n\t<meta name=\"twitter:data2\" content=\"Trong kho\" \/>\n<script type=\"application\/ld+json\" class=\"yoast-schema-graph\">{\"@context\":\"https:\/\/schema.org\",\"@graph\":[{\"@type\":[\"WebPage\",\"ItemPage\"],\"@id\":\"https:\/\/tranthi.vn\/hatinh\/bon-ngang-2000l-gia-6-210-000\/\",\"url\":\"https:\/\/tranthi.vn\/hatinh\/bon-ngang-2000l-gia-6-210-000\/\",\"name\":\"B\u1ed3n Ngang 2000L F1150 - V\u1eadt Li\u1ec7u X\u00e2y D\u1ef1ng Tr\u1ea7n Th\u1ecb Chi Nh\u00e1nh H\u00e0 T\u0129nh\",\"isPartOf\":{\"@id\":\"https:\/\/tranthi.vn\/hatinh\/#website\"},\"primaryImageOfPage\":{\"@id\":\"https:\/\/tranthi.vn\/hatinh\/bon-ngang-2000l-gia-6-210-000\/#primaryimage\"},\"image\":{\"@id\":\"https:\/\/tranthi.vn\/hatinh\/bon-ngang-2000l-gia-6-210-000\/#primaryimage\"},\"thumbnailUrl\":\"https:\/\/tranthi.vn\/hatinh\/wp-content\/uploads\/2021\/02\/gia-bon-nuoc-toan-my-ngang-1.jpg\",\"datePublished\":\"2021-02-15T23:17:45+00:00\",\"dateModified\":\"2024-03-08T02:25:36+00:00\",\"breadcrumb\":{\"@id\":\"https:\/\/tranthi.vn\/hatinh\/bon-ngang-2000l-gia-6-210-000\/#breadcrumb\"},\"inLanguage\":\"vi\",\"potentialAction\":[{\"@type\":\"ReadAction\",\"target\":[\"https:\/\/tranthi.vn\/hatinh\/bon-ngang-2000l-gia-6-210-000\/\"]}]},{\"@type\":\"ImageObject\",\"inLanguage\":\"vi\",\"@id\":\"https:\/\/tranthi.vn\/hatinh\/bon-ngang-2000l-gia-6-210-000\/#primaryimage\",\"url\":\"https:\/\/tranthi.vn\/hatinh\/wp-content\/uploads\/2021\/02\/gia-bon-nuoc-toan-my-ngang-1.jpg\",\"contentUrl\":\"https:\/\/tranthi.vn\/hatinh\/wp-content\/uploads\/2021\/02\/gia-bon-nuoc-toan-my-ngang-1.jpg\",\"width\":700,\"height\":800,\"caption\":\"gia-bon-nuoc-toan-my-ngang-1.jpg\"},{\"@type\":\"BreadcrumbList\",\"@id\":\"https:\/\/tranthi.vn\/hatinh\/bon-ngang-2000l-gia-6-210-000\/#breadcrumb\",\"itemListElement\":[{\"@type\":\"ListItem\",\"position\":1,\"name\":\"Trang ch\u1ee7\",\"item\":\"https:\/\/tranthi.vn\/hatinh\/\"},{\"@type\":\"ListItem\",\"position\":2,\"name\":\"Shop\",\"item\":\"https:\/\/tranthi.vn\/hatinh\/shop\/\"},{\"@type\":\"ListItem\",\"position\":3,\"name\":\"B\u1ed3n Ngang 2000L F1150\"}]},{\"@type\":\"WebSite\",\"@id\":\"https:\/\/tranthi.vn\/hatinh\/#website\",\"url\":\"https:\/\/tranthi.vn\/hatinh\/\",\"name\":\"V\u1eadt Li\u1ec7u X\u00e2y D\u1ef1ng Tr\u1ea7n Th\u1ecb Chi Nh\u00e1nh H\u00e0 T\u0129nh\",\"description\":\"V\u1eadt Li\u1ec7u X\u00e2y D\u1ef1ng - H\u00e0 T\u0129nh\",\"potentialAction\":[{\"@type\":\"SearchAction\",\"target\":{\"@type\":\"EntryPoint\",\"urlTemplate\":\"https:\/\/tranthi.vn\/hatinh\/?s={search_term_string}\"},\"query-input\":\"required name=search_term_string\"}],\"inLanguage\":\"vi\"},{\"@type\":\"ImageObject\",\"inLanguage\":\"vi\",\"@id\":\"https:\/\/tranthi.vn\/hatinh\/bon-ngang-2000l-gia-6-210-000\/#local-main-organization-logo\",\"url\":\"\",\"contentUrl\":\"\",\"caption\":\"V\u1eadt Li\u1ec7u X\u00e2y D\u1ef1ng Tr\u1ea7n Th\u1ecb Chi Nh\u00e1nh H\u00e0 T\u0129nh\"}]}<\/script>\n<meta property=\"product:price:amount\" content=\"6200000\" \/>\n<meta property=\"product:price:currency\" content=\"VND\" \/>\n<meta property=\"og:availability\" content=\"instock\" \/>\n<meta property=\"product:availability\" content=\"instock\" \/>\n<meta property=\"product:condition\" content=\"new\" \/>\n<!-- \/ Yoast SEO Premium plugin. -->","yoast_head_json":{"title":"B\u1ed3n Ngang 2000L F1150 - V\u1eadt Li\u1ec7u X\u00e2y D\u1ef1ng Tr\u1ea7n Th\u1ecb Chi Nh\u00e1nh H\u00e0 T\u0129nh","robots":{"index":"index","follow":"follow","max-snippet":"max-snippet:-1","max-image-preview":"max-image-preview:large","max-video-preview":"max-video-preview:-1"},"canonical":"https:\/\/tranthi.vn\/hatinh\/bon-ngang-2000l-gia-6-210-000\/","og_locale":"vi_VN","og_type":"article","og_title":"B\u1ed3n Ngang 2000L F1150","og_description":"B\u1ed3n Ngang TM 2000 F1150\u00a0  \ud83d\ude1b \u0110\u01a1n v\u1ecb t\u00ednh: C\u00e1i  \ud83d\ude1b \u0110\u01a1n gi\u00e1: \u00a06.200.000\u0111\/C\u00e1i   (Gi\u00e1 \u0111\u00e3 bao g\u1ed3m ph\u00ed v\u1eadn chuy\u1ec3n v\u00e0 k\u00e9o l\u00ean t\u1ea7ng- kh\u00f4ng c\u00f3 phao \u0111i\u1ec7n, b\u1ea3o h\u00e0nh 12 n\u0103m)  \u0110\u01b0\u1eddng k\u00ednh: 1150; Chi\u1ec1u cao c\u1ea3 ch\u00e2n: 1360; Chi\u1ec1u d\u00e0i th\u00e2n b\u1ed3n: 1930;   Chi\u1ec1u r\u1ed9ng c\u1ee7a ch\u00e2n: 1190 x 1500 (mm)\u00a0  \ud83d\ude1b Mi\u1ec5n ph\u00ed giao h\u00e0ng trong \u0111\u1ecba b\u00e0n \u0110\u00e0 N\u1eb5ng","og_url":"https:\/\/tranthi.vn\/hatinh\/bon-ngang-2000l-gia-6-210-000\/","og_site_name":"V\u1eadt Li\u1ec7u X\u00e2y D\u1ef1ng Tr\u1ea7n Th\u1ecb Chi Nh\u00e1nh H\u00e0 T\u0129nh","article_modified_time":"2024-03-08T02:25:36+00:00","og_image":[{"width":700,"height":800,"url":"https:\/\/tranthi.vn\/hatinh\/wp-content\/uploads\/2021\/02\/gia-bon-nuoc-toan-my-ngang-1.jpg","type":"image\/jpeg"}],"twitter_card":"summary_large_image","twitter_misc":{"Gi\u00e1":"6,200,000&nbsp;&#8363;","Kh\u1ea3 d\u1ee5ng":"Trong kho"},"schema":{"@context":"https:\/\/schema.org","@graph":[{"@type":["WebPage","ItemPage"],"@id":"https:\/\/tranthi.vn\/hatinh\/bon-ngang-2000l-gia-6-210-000\/","url":"https:\/\/tranthi.vn\/hatinh\/bon-ngang-2000l-gia-6-210-000\/","name":"B\u1ed3n Ngang 2000L F1150 - V\u1eadt Li\u1ec7u X\u00e2y D\u1ef1ng Tr\u1ea7n Th\u1ecb Chi Nh\u00e1nh H\u00e0 T\u0129nh","isPartOf":{"@id":"https:\/\/tranthi.vn\/hatinh\/#website"},"primaryImageOfPage":{"@id":"https:\/\/tranthi.vn\/hatinh\/bon-ngang-2000l-gia-6-210-000\/#primaryimage"},"image":{"@id":"https:\/\/tranthi.vn\/hatinh\/bon-ngang-2000l-gia-6-210-000\/#primaryimage"},"thumbnailUrl":"https:\/\/tranthi.vn\/hatinh\/wp-content\/uploads\/2021\/02\/gia-bon-nuoc-toan-my-ngang-1.jpg","datePublished":"2021-02-15T23:17:45+00:00","dateModified":"2024-03-08T02:25:36+00:00","breadcrumb":{"@id":"https:\/\/tranthi.vn\/hatinh\/bon-ngang-2000l-gia-6-210-000\/#breadcrumb"},"inLanguage":"vi","potentialAction":[{"@type":"ReadAction","target":["https:\/\/tranthi.vn\/hatinh\/bon-ngang-2000l-gia-6-210-000\/"]}]},{"@type":"ImageObject","inLanguage":"vi","@id":"https:\/\/tranthi.vn\/hatinh\/bon-ngang-2000l-gia-6-210-000\/#primaryimage","url":"https:\/\/tranthi.vn\/hatinh\/wp-content\/uploads\/2021\/02\/gia-bon-nuoc-toan-my-ngang-1.jpg","contentUrl":"https:\/\/tranthi.vn\/hatinh\/wp-content\/uploads\/2021\/02\/gia-bon-nuoc-toan-my-ngang-1.jpg","width":700,"height":800,"caption":"gia-bon-nuoc-toan-my-ngang-1.jpg"},{"@type":"BreadcrumbList","@id":"https:\/\/tranthi.vn\/hatinh\/bon-ngang-2000l-gia-6-210-000\/#breadcrumb","itemListElement":[{"@type":"ListItem","position":1,"name":"Trang ch\u1ee7","item":"https:\/\/tranthi.vn\/hatinh\/"},{"@type":"ListItem","position":2,"name":"Shop","item":"https:\/\/tranthi.vn\/hatinh\/shop\/"},{"@type":"ListItem","position":3,"name":"B\u1ed3n Ngang 2000L F1150"}]},{"@type":"WebSite","@id":"https:\/\/tranthi.vn\/hatinh\/#website","url":"https:\/\/tranthi.vn\/hatinh\/","name":"V\u1eadt Li\u1ec7u X\u00e2y D\u1ef1ng Tr\u1ea7n Th\u1ecb Chi Nh\u00e1nh H\u00e0 T\u0129nh","description":"V\u1eadt Li\u1ec7u X\u00e2y D\u1ef1ng - H\u00e0 T\u0129nh","potentialAction":[{"@type":"SearchAction","target":{"@type":"EntryPoint","urlTemplate":"https:\/\/tranthi.vn\/hatinh\/?s={search_term_string}"},"query-input":"required name=search_term_string"}],"inLanguage":"vi"},{"@type":"ImageObject","inLanguage":"vi","@id":"https:\/\/tranthi.vn\/hatinh\/bon-ngang-2000l-gia-6-210-000\/#local-main-organization-logo","url":"","contentUrl":"","caption":"V\u1eadt Li\u1ec7u X\u00e2y D\u1ef1ng Tr\u1ea7n Th\u1ecb Chi Nh\u00e1nh H\u00e0 T\u0129nh"}]},"product_price_amount":"6200000","product_price_currency":"VND","og_availability":"instock","product_availability":"instock","product_condition":"new"},"_links":{"self":[{"href":"https:\/\/tranthi.vn\/hatinh\/wp-json\/wp\/v2\/product\/678","targetHints":{"allow":["GET"]}}],"collection":[{"href":"https:\/\/tranthi.vn\/hatinh\/wp-json\/wp\/v2\/product"}],"about":[{"href":"https:\/\/tranthi.vn\/hatinh\/wp-json\/wp\/v2\/types\/product"}],"replies":[{"embeddable":true,"href":"https:\/\/tranthi.vn\/hatinh\/wp-json\/wp\/v2\/comments?post=678"}],"wp:featuredmedia":[{"embeddable":true,"href":"https:\/\/tranthi.vn\/hatinh\/wp-json\/wp\/v2\/media\/673"}],"wp:attachment":[{"href":"https:\/\/tranthi.vn\/hatinh\/wp-json\/wp\/v2\/media?parent=678"}],"wp:term":[{"taxonomy":"product_cat","embeddable":true,"href":"https:\/\/tranthi.vn\/hatinh\/wp-json\/wp\/v2\/product_cat?post=678"},{"taxonomy":"product_tag","embeddable":true,"href":"https:\/\/tranthi.vn\/hatinh\/wp-json\/wp\/v2\/product_tag?post=678"}],"curies":[{"name":"wp","href":"https:\/\/api.w.org\/{rel}","templated":true}]}}