{"id":6593,"date":"2024-01-23T20:55:49","date_gmt":"2024-01-23T13:55:49","guid":{"rendered":"https:\/\/tranthi.vn\/quangnam\/?post_type=product&#038;p=6593"},"modified":"2024-01-23T20:55:49","modified_gmt":"2024-01-23T13:55:49","slug":"den-san-vuon-ngoai-troi-da-nang","status":"publish","type":"product","link":"https:\/\/tranthi.vn\/hatinh\/den-san-vuon-ngoai-troi-da-nang\/","title":{"rendered":"\u0110\u00e8n s\u00e2n v\u01b0\u1eddn ngo\u00e0i tr\u1eddi \u0110\u00e0 N\u1eb5ng"},"content":{"rendered":"","protected":false},"excerpt":{"rendered":"","protected":false},"featured_media":0,"comment_status":"closed","ping_status":"closed","template":"","meta":[],"product_cat":[401],"product_tag":[],"class_list":{"0":"post-6593","1":"product","2":"type-product","3":"status-publish","5":"product_cat-dien","7":"first","8":"instock","9":"shipping-taxable","10":"product-type-simple"},"yoast_head":"<!-- This site is optimized with the Yoast SEO Premium plugin v22.3 (Yoast SEO v22.8) - https:\/\/yoast.com\/wordpress\/plugins\/seo\/ -->\n<title>\u0110\u00e8n s\u00e2n v\u01b0\u1eddn ngo\u00e0i tr\u1eddi \u0110\u00e0 n\u1eb5ng - Tr\u1ea7n Th\u1ecb 0903.595.049<\/title>\n<meta name=\"description\" content=\"Tr\u1ea7m th\u1ecb l\u00e0 nh\u00e0 ph\u00e2n ph\u1ed1i c\u00e1c lo\u1ea1i thi\u1ebft b\u1ecb \u0111i\u1ec7n trong \u0111\u00f3 c\u00f3 c\u00e1c lo\u1ea1i \u0111\u1ec1n s\u00e2n v\u01b0\u1eddn ngo\u00e0i tr\u1eddi t\u1ea1i \u0110\u00e0 N\u1eb5ng v\u1edbi c\u00e1c m\u1ee9c gi\u00e1 kh\u00e1c nhau\" \/>\n<meta name=\"robots\" content=\"index, follow, max-snippet:-1, max-image-preview:large, max-video-preview:-1\" \/>\n<link rel=\"canonical\" href=\"https:\/\/tranthi.vn\/hatinh\/den-san-vuon-ngoai-troi-da-nang\/\" \/>\n<meta property=\"og:locale\" content=\"vi_VN\" \/>\n<meta property=\"og:type\" content=\"article\" \/>\n<meta property=\"og:title\" content=\"\u0110\u00e8n s\u00e2n v\u01b0\u1eddn ngo\u00e0i tr\u1eddi \u0110\u00e0 N\u1eb5ng\" \/>\n<meta property=\"og:description\" content=\"Tr\u1ea7m th\u1ecb l\u00e0 nh\u00e0 ph\u00e2n ph\u1ed1i c\u00e1c lo\u1ea1i thi\u1ebft b\u1ecb \u0111i\u1ec7n trong \u0111\u00f3 c\u00f3 c\u00e1c lo\u1ea1i \u0111\u1ec1n s\u00e2n v\u01b0\u1eddn ngo\u00e0i tr\u1eddi t\u1ea1i \u0110\u00e0 N\u1eb5ng v\u1edbi c\u00e1c m\u1ee9c gi\u00e1 kh\u00e1c nhau\" \/>\n<meta property=\"og:url\" content=\"https:\/\/tranthi.vn\/hatinh\/den-san-vuon-ngoai-troi-da-nang\/\" \/>\n<meta property=\"og:site_name\" content=\"V\u1eadt Li\u1ec7u X\u00e2y D\u1ef1ng Tr\u1ea7n Th\u1ecb Chi Nh\u00e1nh H\u00e0 T\u0129nh\" \/>\n<meta name=\"twitter:card\" content=\"summary_large_image\" \/>\n<meta name=\"twitter:label1\" content=\"Gi\u00e1\" \/>\n\t<meta name=\"twitter:data1\" content=\"\" \/>\n\t<meta name=\"twitter:label2\" content=\"Kh\u1ea3 d\u1ee5ng\" \/>\n\t<meta name=\"twitter:data2\" content=\"Trong kho\" \/>\n<script type=\"application\/ld+json\" class=\"yoast-schema-graph\">{\"@context\":\"https:\/\/schema.org\",\"@graph\":[{\"@type\":[\"WebPage\",\"ItemPage\"],\"@id\":\"https:\/\/tranthi.vn\/hatinh\/den-san-vuon-ngoai-troi-da-nang\/\",\"url\":\"https:\/\/tranthi.vn\/hatinh\/den-san-vuon-ngoai-troi-da-nang\/\",\"name\":\"\u0110\u00e8n s\u00e2n v\u01b0\u1eddn ngo\u00e0i tr\u1eddi \u0110\u00e0 n\u1eb5ng - Tr\u1ea7n Th\u1ecb 0903.595.049\",\"isPartOf\":{\"@id\":\"https:\/\/tranthi.vn\/hatinh\/#website\"},\"datePublished\":\"2024-01-23T13:55:49+00:00\",\"dateModified\":\"2024-01-23T13:55:49+00:00\",\"description\":\"Tr\u1ea7m th\u1ecb l\u00e0 nh\u00e0 ph\u00e2n ph\u1ed1i c\u00e1c lo\u1ea1i thi\u1ebft b\u1ecb \u0111i\u1ec7n trong \u0111\u00f3 c\u00f3 c\u00e1c lo\u1ea1i \u0111\u1ec1n s\u00e2n v\u01b0\u1eddn ngo\u00e0i tr\u1eddi t\u1ea1i \u0110\u00e0 N\u1eb5ng v\u1edbi c\u00e1c m\u1ee9c gi\u00e1 kh\u00e1c nhau\",\"breadcrumb\":{\"@id\":\"https:\/\/tranthi.vn\/hatinh\/den-san-vuon-ngoai-troi-da-nang\/#breadcrumb\"},\"inLanguage\":\"vi\",\"potentialAction\":[{\"@type\":\"ReadAction\",\"target\":[\"https:\/\/tranthi.vn\/hatinh\/den-san-vuon-ngoai-troi-da-nang\/\"]}]},{\"@type\":\"BreadcrumbList\",\"@id\":\"https:\/\/tranthi.vn\/hatinh\/den-san-vuon-ngoai-troi-da-nang\/#breadcrumb\",\"itemListElement\":[{\"@type\":\"ListItem\",\"position\":1,\"name\":\"Trang ch\u1ee7\",\"item\":\"https:\/\/tranthi.vn\/hatinh\/\"},{\"@type\":\"ListItem\",\"position\":2,\"name\":\"Shop\",\"item\":\"https:\/\/tranthi.vn\/hatinh\/shop\/\"},{\"@type\":\"ListItem\",\"position\":3,\"name\":\"\u0110\u00e8n s\u00e2n v\u01b0\u1eddn ngo\u00e0i tr\u1eddi \u0110\u00e0 N\u1eb5ng\"}]},{\"@type\":\"WebSite\",\"@id\":\"https:\/\/tranthi.vn\/hatinh\/#website\",\"url\":\"https:\/\/tranthi.vn\/hatinh\/\",\"name\":\"V\u1eadt Li\u1ec7u X\u00e2y D\u1ef1ng Tr\u1ea7n Th\u1ecb Chi Nh\u00e1nh H\u00e0 T\u0129nh\",\"description\":\"V\u1eadt Li\u1ec7u X\u00e2y D\u1ef1ng - H\u00e0 T\u0129nh\",\"potentialAction\":[{\"@type\":\"SearchAction\",\"target\":{\"@type\":\"EntryPoint\",\"urlTemplate\":\"https:\/\/tranthi.vn\/hatinh\/?s={search_term_string}\"},\"query-input\":\"required name=search_term_string\"}],\"inLanguage\":\"vi\"},{\"@type\":\"ImageObject\",\"inLanguage\":\"vi\",\"@id\":\"https:\/\/tranthi.vn\/hatinh\/den-san-vuon-ngoai-troi-da-nang\/#local-main-organization-logo\",\"url\":\"\",\"contentUrl\":\"\",\"caption\":\"V\u1eadt Li\u1ec7u X\u00e2y D\u1ef1ng Tr\u1ea7n Th\u1ecb Chi Nh\u00e1nh H\u00e0 T\u0129nh\"}]}<\/script>\n<meta property=\"product:price:amount\" content=\"0\" \/>\n<meta property=\"product:price:currency\" content=\"VND\" \/>\n<meta property=\"og:availability\" content=\"instock\" \/>\n<meta property=\"product:availability\" content=\"instock\" \/>\n<meta property=\"product:condition\" content=\"new\" \/>\n<!-- \/ Yoast SEO Premium plugin. -->","yoast_head_json":{"title":"\u0110\u00e8n s\u00e2n v\u01b0\u1eddn ngo\u00e0i tr\u1eddi \u0110\u00e0 n\u1eb5ng - Tr\u1ea7n Th\u1ecb 0903.595.049","description":"Tr\u1ea7m th\u1ecb l\u00e0 nh\u00e0 ph\u00e2n ph\u1ed1i c\u00e1c lo\u1ea1i thi\u1ebft b\u1ecb \u0111i\u1ec7n trong \u0111\u00f3 c\u00f3 c\u00e1c lo\u1ea1i \u0111\u1ec1n s\u00e2n v\u01b0\u1eddn ngo\u00e0i tr\u1eddi t\u1ea1i \u0110\u00e0 N\u1eb5ng v\u1edbi c\u00e1c m\u1ee9c gi\u00e1 kh\u00e1c nhau","robots":{"index":"index","follow":"follow","max-snippet":"max-snippet:-1","max-image-preview":"max-image-preview:large","max-video-preview":"max-video-preview:-1"},"canonical":"https:\/\/tranthi.vn\/hatinh\/den-san-vuon-ngoai-troi-da-nang\/","og_locale":"vi_VN","og_type":"article","og_title":"\u0110\u00e8n s\u00e2n v\u01b0\u1eddn ngo\u00e0i tr\u1eddi \u0110\u00e0 N\u1eb5ng","og_description":"Tr\u1ea7m th\u1ecb l\u00e0 nh\u00e0 ph\u00e2n ph\u1ed1i c\u00e1c lo\u1ea1i thi\u1ebft b\u1ecb \u0111i\u1ec7n trong \u0111\u00f3 c\u00f3 c\u00e1c lo\u1ea1i \u0111\u1ec1n s\u00e2n v\u01b0\u1eddn ngo\u00e0i tr\u1eddi t\u1ea1i \u0110\u00e0 N\u1eb5ng v\u1edbi c\u00e1c m\u1ee9c gi\u00e1 kh\u00e1c nhau","og_url":"https:\/\/tranthi.vn\/hatinh\/den-san-vuon-ngoai-troi-da-nang\/","og_site_name":"V\u1eadt Li\u1ec7u X\u00e2y D\u1ef1ng Tr\u1ea7n Th\u1ecb Chi Nh\u00e1nh H\u00e0 T\u0129nh","twitter_card":"summary_large_image","twitter_misc":{"Gi\u00e1":"","Kh\u1ea3 d\u1ee5ng":"Trong kho"},"schema":{"@context":"https:\/\/schema.org","@graph":[{"@type":["WebPage","ItemPage"],"@id":"https:\/\/tranthi.vn\/hatinh\/den-san-vuon-ngoai-troi-da-nang\/","url":"https:\/\/tranthi.vn\/hatinh\/den-san-vuon-ngoai-troi-da-nang\/","name":"\u0110\u00e8n s\u00e2n v\u01b0\u1eddn ngo\u00e0i tr\u1eddi \u0110\u00e0 n\u1eb5ng - Tr\u1ea7n Th\u1ecb 0903.595.049","isPartOf":{"@id":"https:\/\/tranthi.vn\/hatinh\/#website"},"datePublished":"2024-01-23T13:55:49+00:00","dateModified":"2024-01-23T13:55:49+00:00","description":"Tr\u1ea7m th\u1ecb l\u00e0 nh\u00e0 ph\u00e2n ph\u1ed1i c\u00e1c lo\u1ea1i thi\u1ebft b\u1ecb \u0111i\u1ec7n trong \u0111\u00f3 c\u00f3 c\u00e1c lo\u1ea1i \u0111\u1ec1n s\u00e2n v\u01b0\u1eddn ngo\u00e0i tr\u1eddi t\u1ea1i \u0110\u00e0 N\u1eb5ng v\u1edbi c\u00e1c m\u1ee9c gi\u00e1 kh\u00e1c nhau","breadcrumb":{"@id":"https:\/\/tranthi.vn\/hatinh\/den-san-vuon-ngoai-troi-da-nang\/#breadcrumb"},"inLanguage":"vi","potentialAction":[{"@type":"ReadAction","target":["https:\/\/tranthi.vn\/hatinh\/den-san-vuon-ngoai-troi-da-nang\/"]}]},{"@type":"BreadcrumbList","@id":"https:\/\/tranthi.vn\/hatinh\/den-san-vuon-ngoai-troi-da-nang\/#breadcrumb","itemListElement":[{"@type":"ListItem","position":1,"name":"Trang ch\u1ee7","item":"https:\/\/tranthi.vn\/hatinh\/"},{"@type":"ListItem","position":2,"name":"Shop","item":"https:\/\/tranthi.vn\/hatinh\/shop\/"},{"@type":"ListItem","position":3,"name":"\u0110\u00e8n s\u00e2n v\u01b0\u1eddn ngo\u00e0i tr\u1eddi \u0110\u00e0 N\u1eb5ng"}]},{"@type":"WebSite","@id":"https:\/\/tranthi.vn\/hatinh\/#website","url":"https:\/\/tranthi.vn\/hatinh\/","name":"V\u1eadt Li\u1ec7u X\u00e2y D\u1ef1ng Tr\u1ea7n Th\u1ecb Chi Nh\u00e1nh H\u00e0 T\u0129nh","description":"V\u1eadt Li\u1ec7u X\u00e2y D\u1ef1ng - H\u00e0 T\u0129nh","potentialAction":[{"@type":"SearchAction","target":{"@type":"EntryPoint","urlTemplate":"https:\/\/tranthi.vn\/hatinh\/?s={search_term_string}"},"query-input":"required name=search_term_string"}],"inLanguage":"vi"},{"@type":"ImageObject","inLanguage":"vi","@id":"https:\/\/tranthi.vn\/hatinh\/den-san-vuon-ngoai-troi-da-nang\/#local-main-organization-logo","url":"","contentUrl":"","caption":"V\u1eadt Li\u1ec7u X\u00e2y D\u1ef1ng Tr\u1ea7n Th\u1ecb Chi Nh\u00e1nh H\u00e0 T\u0129nh"}]},"product_price_currency":"VND","og_availability":"instock","product_availability":"instock","product_condition":"new"},"_links":{"self":[{"href":"https:\/\/tranthi.vn\/hatinh\/wp-json\/wp\/v2\/product\/6593","targetHints":{"allow":["GET"]}}],"collection":[{"href":"https:\/\/tranthi.vn\/hatinh\/wp-json\/wp\/v2\/product"}],"about":[{"href":"https:\/\/tranthi.vn\/hatinh\/wp-json\/wp\/v2\/types\/product"}],"replies":[{"embeddable":true,"href":"https:\/\/tranthi.vn\/hatinh\/wp-json\/wp\/v2\/comments?post=6593"}],"wp:attachment":[{"href":"https:\/\/tranthi.vn\/hatinh\/wp-json\/wp\/v2\/media?parent=6593"}],"wp:term":[{"taxonomy":"product_cat","embeddable":true,"href":"https:\/\/tranthi.vn\/hatinh\/wp-json\/wp\/v2\/product_cat?post=6593"},{"taxonomy":"product_tag","embeddable":true,"href":"https:\/\/tranthi.vn\/hatinh\/wp-json\/wp\/v2\/product_tag?post=6593"}],"curies":[{"name":"wp","href":"https:\/\/api.w.org\/{rel}","templated":true}]}}