{"id":6556,"date":"2024-01-08T15:08:54","date_gmt":"2024-01-08T08:08:54","guid":{"rendered":"https:\/\/tranthi.vn\/quangnam\/?post_type=product&#038;p=6556"},"modified":"2024-08-01T09:33:20","modified_gmt":"2024-08-01T02:33:20","slug":"gia-ong-nuoc-nhua-binh-minh-ha-tinh","status":"publish","type":"product","link":"https:\/\/tranthi.vn\/hatinh\/gia-ong-nuoc-nhua-binh-minh-ha-tinh\/","title":{"rendered":"gi\u00e1 \u1ed1ng n\u01b0\u1edbc nh\u1ef1a b\u00ecnh minh \u0110\u00e0 N\u1eb5ng"},"content":{"rendered":"<h1 style=\"text-align: center;\"><span style=\"font-family: 'times new roman', times, serif; font-size: 140%;\">Gi\u00e1 \u1ed1ng nh\u1ef1a B\u00ecnh Minh H\u00e0 T\u0129nh<\/span><\/h1>\n<h1><strong><span style=\"font-size: 120%; font-family: 'times new roman', times, serif;\">\u1ed0ng Nh\u1ef1a B\u00ecnh Minh &#8211;\u00a0S\u1ef1 L\u1ef1a Ch\u1ecdn T\u1ed1i \u01afu cho C\u00f4ng Tr\u00ecnh X\u00e2y D\u1ef1ng<\/span><\/strong><\/h1>\n<h3><span style=\"font-size: 120%; font-family: 'times new roman', times, serif;\">\u1ed0ng nh\u1ef1a l\u00e0 m\u1ed9t trong nh\u1eefng v\u1eadt li\u1ec7u quan tr\u1ecdng kh\u00f4ng th\u1ec3 thi\u1ebfu trong c\u00e1c c\u00f4ng tr\u00ecnh x\u00e2y d\u1ef1ng hi\u1ec7n \u0111\u1ea1i. T\u1ea1i <b><i>H\u00e0 T\u0129nh<\/i><\/b>, th\u01b0\u01a1ng hi\u1ec7u \u1ed1ng nh\u1ef1a B\u00ecnh Minh \u0111\u00e3 kh\u1eb3ng \u0111\u1ecbnh \u0111\u01b0\u1ee3c v\u1ecb th\u1ebf c\u1ee7a m\u00ecnh nh\u1edd v\u00e0o ch\u1ea5t l\u01b0\u1ee3ng v\u01b0\u1ee3t tr\u1ed9i v\u00e0 s\u1ef1 tin c\u1eady t\u1eeb ph\u00eda kh\u00e1ch h\u00e0ng.<\/span><\/h3>\n<p style=\"text-align: center;\"><iframe loading=\"lazy\" src=\"\/\/www.youtube.com\/embed\/HczCYassXik\" width=\"560\" height=\"314\" allowfullscreen=\"allowfullscreen\"><\/iframe><\/p>\n<h1><strong><span style=\"font-size: 120%; font-family: 'times new roman', times, serif;\">1. Ch\u1ea5t L\u01b0\u1ee3ng \u0110\u1ea3m B\u1ea3o<\/span><\/strong><\/h1>\n<ul>\n<li>\n<h3><span style=\"font-size: 120%; font-family: 'times new roman', times, serif;\">\u1ed0ng nh\u1ef1a B\u00ecnh Minh \u0111\u01b0\u1ee3c s\u1ea3n xu\u1ea5t t\u1eeb nguy\u00ean li\u1ec7u PVC ch\u1ea5t l\u01b0\u1ee3ng cao, \u0111\u1ea3m b\u1ea3o \u0111\u1ed9 b\u1ec1n v\u00e0 kh\u1ea3 n\u0103ng ch\u1ecbu l\u1ef1c t\u1ed1t.<\/span><\/h3>\n<\/li>\n<li>\n<h3><span style=\"font-size: 120%; font-family: 'times new roman', times, serif;\"> S\u1ea3n ph\u1ea9m n\u00e0y \u0111\u00e3 \u0111\u01b0\u1ee3c ki\u1ec3m nghi\u1ec7m v\u00e0 \u0111\u1ea1t c\u00e1c ti\u00eau chu\u1ea9n ch\u1ea5t l\u01b0\u1ee3ng qu\u1ed1c t\u1ebf, gi\u00fap ng\u01b0\u1eddi d\u00f9ng y\u00ean t\u00e2m v\u1ec1 \u0111\u1ed9 an to\u00e0n v\u00e0 hi\u1ec7u qu\u1ea3 s\u1eed d\u1ee5ng. <\/span><\/h3>\n<\/li>\n<li>\n<h3><span style=\"font-size: 120%; font-family: 'times new roman', times, serif;\">Kh\u00f4ng ch\u1ec9 b\u1ec1n b\u1ec9, \u1ed1ng nh\u1ef1a B\u00ecnh Minh c\u00f2n c\u00f3 kh\u1ea3 n\u0103ng ch\u1ed1ng \u0103n m\u00f2n, ch\u1ecbu \u0111\u01b0\u1ee3c \u00e1p l\u1ef1c cao, ph\u00f9 h\u1ee3p cho c\u1ea3 h\u1ec7 th\u1ed1ng c\u1ea5p tho\u00e1t n\u01b0\u1edbc v\u00e0 c\u00e1c \u1ee9ng d\u1ee5ng c\u00f4ng nghi\u1ec7p kh\u00e1c.<\/span><\/h3>\n<\/li>\n<\/ul>\n<h1><strong><span style=\"font-size: 120%; font-family: 'times new roman', times, serif;\">2. \u0110a D\u1ea1ng S\u1ea3n Ph\u1ea9m<\/span><\/strong><\/h1>\n<h3><span style=\"font-size: 120%; font-family: 'times new roman', times, serif;\">\u1ed0ng nh\u1ef1a B\u00ecnh Minh t\u1ea1i H\u00e0 T\u0129nh cung c\u1ea5p m\u1ed9t lo\u1ea1t c\u00e1c s\u1ea3n ph\u1ea9m \u0111a d\u1ea1ng, t\u1eeb \u1ed1ng PVC, \u1ed1ng HDPE, \u0111\u1ebfn \u1ed1ng PPR, \u0111\u00e1p \u1ee9ng m\u1ecdi nhu c\u1ea7u s\u1eed d\u1ee5ng kh\u00e1c nhau. D\u00f9 b\u1ea1n c\u1ea7n \u1ed1ng cho h\u1ec7 th\u1ed1ng c\u1ea5p n\u01b0\u1edbc sinh ho\u1ea1t, tho\u00e1t n\u01b0\u1edbc th\u1ea3i, hay c\u00e1c c\u00f4ng tr\u00ecnh h\u1ea1 t\u1ea7ng l\u1edbn, \u1ed1ng nh\u1ef1a B\u00ecnh Minh \u0111\u1ec1u c\u00f3 th\u1ec3 \u0111\u00e1p \u1ee9ng m\u1ed9t c\u00e1ch ho\u00e0n h\u1ea3o. S\u1ef1 \u0111a d\u1ea1ng v\u1ec1 k\u00edch th\u01b0\u1edbc v\u00e0 ch\u1ee7ng lo\u1ea1i c\u0169ng l\u00e0 m\u1ed9t trong nh\u1eefng y\u1ebfu t\u1ed1 gi\u00fap s\u1ea3n ph\u1ea9m n\u00e0y \u0111\u01b0\u1ee3c nhi\u1ec1u kh\u00e1ch h\u00e0ng \u01b0a chu\u1ed9ng.<\/span><\/h3>\n<p style=\"text-align: center;\"><iframe loading=\"lazy\" src=\"\/\/www.youtube.com\/embed\/_ktH-Y2gr9E\" width=\"560\" height=\"314\" allowfullscreen=\"allowfullscreen\"><\/iframe><\/p>\n<h1><strong><span style=\"font-size: 120%; font-family: 'times new roman', times, serif;\">3. D\u1ec5 D\u00e0ng L\u1eafp \u0110\u1eb7t v\u00e0 B\u1ea3o Tr\u00ec<\/span><\/strong><\/h1>\n<h3><span style=\"font-size: 120%; font-family: 'times new roman', times, serif;\">M\u1ed9t trong nh\u1eefng \u01b0u \u0111i\u1ec3m n\u1ed5i b\u1eadt c\u1ee7a \u1ed1ng nh\u1ef1a B\u00ecnh Minh l\u00e0 t\u00ednh d\u1ec5 d\u00e0ng trong vi\u1ec7c l\u1eafp \u0111\u1eb7t v\u00e0 b\u1ea3o tr\u00ec. V\u1edbi thi\u1ebft k\u1ebf th\u00f4ng minh, \u1ed1ng nh\u1ef1a c\u00f3 th\u1ec3 d\u1ec5 d\u00e0ng k\u1ebft n\u1ed1i v\u00e0 th\u00e1o r\u1eddi, ti\u1ebft ki\u1ec7m th\u1eddi gian v\u00e0 chi ph\u00ed cho qu\u00e1 tr\u00ecnh thi c\u00f4ng. \u0110\u1eb7c bi\u1ec7t, c\u00e1c kh\u1edbp n\u1ed1i \u0111\u01b0\u1ee3c thi\u1ebft k\u1ebf ch\u1eafc ch\u1eafn, \u0111\u1ea3m b\u1ea3o kh\u00f4ng r\u00f2 r\u1ec9, gi\u00fap h\u1ec7 th\u1ed1ng v\u1eadn h\u00e0nh \u1ed5n \u0111\u1ecbnh v\u00e0 an to\u00e0n.<\/span><\/h3>\n<h1><strong><span style=\"font-size: 120%; font-family: 'times new roman', times, serif;\">4. Th\u00e2n Thi\u1ec7n v\u1edbi M\u00f4i Tr\u01b0\u1eddng<\/span><\/strong><\/h1>\n<h3><span style=\"font-size: 120%; font-family: 'times new roman', times, serif;\">\u1ed0ng nh\u1ef1a B\u00ecnh Minh \u0111\u01b0\u1ee3c s\u1ea3n xu\u1ea5t v\u1edbi quy tr\u00ecnh c\u00f4ng ngh\u1ec7 hi\u1ec7n \u0111\u1ea1i, \u0111\u1ea3m b\u1ea3o gi\u1ea3m thi\u1ec3u t\u00e1c \u0111\u1ed9ng \u0111\u1ebfn m\u00f4i tr\u01b0\u1eddng. S\u1ea3n ph\u1ea9m n\u00e0y kh\u00f4ng ch\u1ee9a c\u00e1c ch\u1ea5t \u0111\u1ed9c h\u1ea1i, an to\u00e0n cho s\u1ee9c kh\u1ecfe ng\u01b0\u1eddi s\u1eed d\u1ee5ng v\u00e0 th\u00e2n thi\u1ec7n v\u1edbi m\u00f4i tr\u01b0\u1eddng. Vi\u1ec7c l\u1ef1a ch\u1ecdn \u1ed1ng nh\u1ef1a B\u00ecnh Minh cho c\u00f4ng tr\u00ecnh c\u1ee7a b\u1ea1n c\u0169ng l\u00e0 m\u1ed9t h\u00e0nh \u0111\u1ed9ng g\u00f3p ph\u1ea7n b\u1ea3o v\u1ec7 m\u00f4i tr\u01b0\u1eddng s\u1ed1ng.<\/span><\/h3>\n","protected":false},"excerpt":{"rendered":"<p>Gi\u00e1 \u1ed1ng nh\u1ef1a B\u00ecnh Minh H\u00e0 T\u0129nh \u1ed0ng Nh\u1ef1a B\u00ecnh Minh &#8211;\u00a0S\u1ef1 L\u1ef1a Ch\u1ecdn T\u1ed1i \u01afu cho C\u00f4ng Tr\u00ecnh X\u00e2y D\u1ef1ng \u1ed0ng nh\u1ef1a l\u00e0 m\u1ed9t trong nh\u1eefng v\u1eadt li\u1ec7u quan tr\u1ecdng kh\u00f4ng th\u1ec3 thi\u1ebfu trong c\u00e1c c\u00f4ng tr\u00ecnh x\u00e2y d\u1ef1ng hi\u1ec7n \u0111\u1ea1i. T\u1ea1i H\u00e0 T\u0129nh, th\u01b0\u01a1ng hi\u1ec7u \u1ed1ng nh\u1ef1a B\u00ecnh Minh \u0111\u00e3 kh\u1eb3ng \u0111\u1ecbnh \u0111\u01b0\u1ee3c [&#8230;]\n","protected":false},"featured_media":6557,"comment_status":"closed","ping_status":"closed","template":"","meta":[],"product_cat":[402],"product_tag":[490],"class_list":{"0":"post-6556","1":"product","2":"type-product","3":"status-publish","4":"has-post-thumbnail","6":"product_cat-ong-nuoc","7":"product_tag-gia-ong-nhua-binh-minh-ha-tinh","9":"first","10":"instock","11":"shipping-taxable","12":"product-type-simple"},"yoast_head":"<!-- This site is optimized with the Yoast SEO Premium plugin v22.3 (Yoast SEO v22.8) - https:\/\/yoast.com\/wordpress\/plugins\/seo\/ -->\n<title>\u1ed1ng n\u01b0\u1edbc nh\u1ef1a l\u1ea1nh B\u00ecnh Minh gi\u00e1 r\u1ebb H\u00e0 T\u0129nh- 0947335871<\/title>\n<meta name=\"description\" content=\"Tr\u1ea7n Th\u1ecb l\u00e0 c\u1eeda h\u00e0ng b\u00e1n h\u00e0ng online \u1ed1ng nh\u1ef1a b\u00ecnh minh c\u00e1c lo\u1ea1i t\u1ea1i th\u1ecb tr\u01b0\u1eddng H\u00e0 T\u0129nh v\u1edbi gi\u00e1 c\u1ea3 ph\u1ea3i ch\u0103ng - ch\u00fang t\u00f4i b\u00e1o gi\u00e1 online\" \/>\n<meta name=\"robots\" content=\"index, follow, max-snippet:-1, max-image-preview:large, max-video-preview:-1\" \/>\n<link rel=\"canonical\" href=\"https:\/\/tranthi.vn\/hatinh\/gia-ong-nuoc-nhua-binh-minh-ha-tinh\/\" \/>\n<meta property=\"og:locale\" content=\"vi_VN\" \/>\n<meta property=\"og:type\" content=\"article\" \/>\n<meta property=\"og:title\" content=\"gi\u00e1 \u1ed1ng n\u01b0\u1edbc nh\u1ef1a b\u00ecnh minh \u0110\u00e0 N\u1eb5ng\" \/>\n<meta property=\"og:description\" content=\"Tr\u1ea7n Th\u1ecb l\u00e0 c\u1eeda h\u00e0ng b\u00e1n h\u00e0ng online \u1ed1ng nh\u1ef1a b\u00ecnh minh c\u00e1c lo\u1ea1i t\u1ea1i th\u1ecb tr\u01b0\u1eddng H\u00e0 T\u0129nh v\u1edbi gi\u00e1 c\u1ea3 ph\u1ea3i ch\u0103ng - ch\u00fang t\u00f4i b\u00e1o gi\u00e1 online\" \/>\n<meta property=\"og:url\" content=\"https:\/\/tranthi.vn\/hatinh\/gia-ong-nuoc-nhua-binh-minh-ha-tinh\/\" \/>\n<meta property=\"og:site_name\" content=\"V\u1eadt Li\u1ec7u X\u00e2y D\u1ef1ng Tr\u1ea7n Th\u1ecb Chi Nh\u00e1nh H\u00e0 T\u0129nh\" \/>\n<meta property=\"article:modified_time\" content=\"2024-08-01T02:33:20+00:00\" \/>\n<meta property=\"og:image\" content=\"https:\/\/tranthi.vn\/hatinh\/wp-content\/uploads\/2024\/01\/ong-nuoc-lanh-nhua-binh-minh-da-nang.jpg\" \/>\n\t<meta property=\"og:image:width\" content=\"300\" \/>\n\t<meta property=\"og:image:height\" content=\"300\" \/>\n\t<meta property=\"og:image:type\" content=\"image\/jpeg\" \/>\n<meta name=\"twitter:card\" content=\"summary_large_image\" \/>\n<meta name=\"twitter:label1\" content=\"Gi\u00e1\" \/>\n\t<meta name=\"twitter:data1\" content=\"\" \/>\n\t<meta name=\"twitter:label2\" content=\"Kh\u1ea3 d\u1ee5ng\" \/>\n\t<meta name=\"twitter:data2\" content=\"Trong kho\" \/>\n<script type=\"application\/ld+json\" class=\"yoast-schema-graph\">{\"@context\":\"https:\/\/schema.org\",\"@graph\":[{\"@type\":[\"WebPage\",\"ItemPage\"],\"@id\":\"https:\/\/tranthi.vn\/hatinh\/gia-ong-nuoc-nhua-binh-minh-ha-tinh\/\",\"url\":\"https:\/\/tranthi.vn\/hatinh\/gia-ong-nuoc-nhua-binh-minh-ha-tinh\/\",\"name\":\"\u1ed1ng n\u01b0\u1edbc nh\u1ef1a l\u1ea1nh B\u00ecnh Minh gi\u00e1 r\u1ebb H\u00e0 T\u0129nh- 0947335871\",\"isPartOf\":{\"@id\":\"https:\/\/tranthi.vn\/hatinh\/#website\"},\"primaryImageOfPage\":{\"@id\":\"https:\/\/tranthi.vn\/hatinh\/gia-ong-nuoc-nhua-binh-minh-ha-tinh\/#primaryimage\"},\"image\":{\"@id\":\"https:\/\/tranthi.vn\/hatinh\/gia-ong-nuoc-nhua-binh-minh-ha-tinh\/#primaryimage\"},\"thumbnailUrl\":\"https:\/\/tranthi.vn\/hatinh\/wp-content\/uploads\/2024\/01\/ong-nuoc-lanh-nhua-binh-minh-da-nang.jpg\",\"datePublished\":\"2024-01-08T08:08:54+00:00\",\"dateModified\":\"2024-08-01T02:33:20+00:00\",\"description\":\"Tr\u1ea7n Th\u1ecb l\u00e0 c\u1eeda h\u00e0ng b\u00e1n h\u00e0ng online \u1ed1ng nh\u1ef1a b\u00ecnh minh c\u00e1c lo\u1ea1i t\u1ea1i th\u1ecb tr\u01b0\u1eddng H\u00e0 T\u0129nh v\u1edbi gi\u00e1 c\u1ea3 ph\u1ea3i ch\u0103ng - ch\u00fang t\u00f4i b\u00e1o gi\u00e1 online\",\"breadcrumb\":{\"@id\":\"https:\/\/tranthi.vn\/hatinh\/gia-ong-nuoc-nhua-binh-minh-ha-tinh\/#breadcrumb\"},\"inLanguage\":\"vi\",\"potentialAction\":[{\"@type\":\"ReadAction\",\"target\":[\"https:\/\/tranthi.vn\/hatinh\/gia-ong-nuoc-nhua-binh-minh-ha-tinh\/\"]}]},{\"@type\":\"ImageObject\",\"inLanguage\":\"vi\",\"@id\":\"https:\/\/tranthi.vn\/hatinh\/gia-ong-nuoc-nhua-binh-minh-ha-tinh\/#primaryimage\",\"url\":\"https:\/\/tranthi.vn\/hatinh\/wp-content\/uploads\/2024\/01\/ong-nuoc-lanh-nhua-binh-minh-da-nang.jpg\",\"contentUrl\":\"https:\/\/tranthi.vn\/hatinh\/wp-content\/uploads\/2024\/01\/ong-nuoc-lanh-nhua-binh-minh-da-nang.jpg\",\"width\":300,\"height\":300,\"caption\":\"ong-nuoc-lanh-nhua-binh-minh-da-nang\"},{\"@type\":\"BreadcrumbList\",\"@id\":\"https:\/\/tranthi.vn\/hatinh\/gia-ong-nuoc-nhua-binh-minh-ha-tinh\/#breadcrumb\",\"itemListElement\":[{\"@type\":\"ListItem\",\"position\":1,\"name\":\"Trang ch\u1ee7\",\"item\":\"https:\/\/tranthi.vn\/hatinh\/\"},{\"@type\":\"ListItem\",\"position\":2,\"name\":\"Shop\",\"item\":\"https:\/\/tranthi.vn\/hatinh\/shop\/\"},{\"@type\":\"ListItem\",\"position\":3,\"name\":\"gi\u00e1 \u1ed1ng n\u01b0\u1edbc nh\u1ef1a b\u00ecnh minh \u0110\u00e0 N\u1eb5ng\"}]},{\"@type\":\"WebSite\",\"@id\":\"https:\/\/tranthi.vn\/hatinh\/#website\",\"url\":\"https:\/\/tranthi.vn\/hatinh\/\",\"name\":\"V\u1eadt Li\u1ec7u X\u00e2y D\u1ef1ng Tr\u1ea7n Th\u1ecb Chi Nh\u00e1nh H\u00e0 T\u0129nh\",\"description\":\"V\u1eadt Li\u1ec7u X\u00e2y D\u1ef1ng - H\u00e0 T\u0129nh\",\"potentialAction\":[{\"@type\":\"SearchAction\",\"target\":{\"@type\":\"EntryPoint\",\"urlTemplate\":\"https:\/\/tranthi.vn\/hatinh\/?s={search_term_string}\"},\"query-input\":\"required name=search_term_string\"}],\"inLanguage\":\"vi\"},{\"@type\":\"ImageObject\",\"inLanguage\":\"vi\",\"@id\":\"https:\/\/tranthi.vn\/hatinh\/gia-ong-nuoc-nhua-binh-minh-ha-tinh\/#local-main-organization-logo\",\"url\":\"\",\"contentUrl\":\"\",\"caption\":\"V\u1eadt Li\u1ec7u X\u00e2y D\u1ef1ng Tr\u1ea7n Th\u1ecb Chi Nh\u00e1nh H\u00e0 T\u0129nh\"}]}<\/script>\n<meta property=\"product:price:amount\" content=\"0\" \/>\n<meta property=\"product:price:currency\" content=\"VND\" \/>\n<meta property=\"og:availability\" content=\"instock\" \/>\n<meta property=\"product:availability\" content=\"instock\" \/>\n<meta property=\"product:condition\" content=\"new\" \/>\n<!-- \/ Yoast SEO Premium plugin. -->","yoast_head_json":{"title":"\u1ed1ng n\u01b0\u1edbc nh\u1ef1a l\u1ea1nh B\u00ecnh Minh gi\u00e1 r\u1ebb H\u00e0 T\u0129nh- 0947335871","description":"Tr\u1ea7n Th\u1ecb l\u00e0 c\u1eeda h\u00e0ng b\u00e1n h\u00e0ng online \u1ed1ng nh\u1ef1a b\u00ecnh minh c\u00e1c lo\u1ea1i t\u1ea1i th\u1ecb tr\u01b0\u1eddng H\u00e0 T\u0129nh v\u1edbi gi\u00e1 c\u1ea3 ph\u1ea3i ch\u0103ng - ch\u00fang t\u00f4i b\u00e1o gi\u00e1 online","robots":{"index":"index","follow":"follow","max-snippet":"max-snippet:-1","max-image-preview":"max-image-preview:large","max-video-preview":"max-video-preview:-1"},"canonical":"https:\/\/tranthi.vn\/hatinh\/gia-ong-nuoc-nhua-binh-minh-ha-tinh\/","og_locale":"vi_VN","og_type":"article","og_title":"gi\u00e1 \u1ed1ng n\u01b0\u1edbc nh\u1ef1a b\u00ecnh minh \u0110\u00e0 N\u1eb5ng","og_description":"Tr\u1ea7n Th\u1ecb l\u00e0 c\u1eeda h\u00e0ng b\u00e1n h\u00e0ng online \u1ed1ng nh\u1ef1a b\u00ecnh minh c\u00e1c lo\u1ea1i t\u1ea1i th\u1ecb tr\u01b0\u1eddng H\u00e0 T\u0129nh v\u1edbi gi\u00e1 c\u1ea3 ph\u1ea3i ch\u0103ng - ch\u00fang t\u00f4i b\u00e1o gi\u00e1 online","og_url":"https:\/\/tranthi.vn\/hatinh\/gia-ong-nuoc-nhua-binh-minh-ha-tinh\/","og_site_name":"V\u1eadt Li\u1ec7u X\u00e2y D\u1ef1ng Tr\u1ea7n Th\u1ecb Chi Nh\u00e1nh H\u00e0 T\u0129nh","article_modified_time":"2024-08-01T02:33:20+00:00","og_image":[{"width":300,"height":300,"url":"https:\/\/tranthi.vn\/hatinh\/wp-content\/uploads\/2024\/01\/ong-nuoc-lanh-nhua-binh-minh-da-nang.jpg","type":"image\/jpeg"}],"twitter_card":"summary_large_image","twitter_misc":{"Gi\u00e1":"","Kh\u1ea3 d\u1ee5ng":"Trong kho"},"schema":{"@context":"https:\/\/schema.org","@graph":[{"@type":["WebPage","ItemPage"],"@id":"https:\/\/tranthi.vn\/hatinh\/gia-ong-nuoc-nhua-binh-minh-ha-tinh\/","url":"https:\/\/tranthi.vn\/hatinh\/gia-ong-nuoc-nhua-binh-minh-ha-tinh\/","name":"\u1ed1ng n\u01b0\u1edbc nh\u1ef1a l\u1ea1nh B\u00ecnh Minh gi\u00e1 r\u1ebb H\u00e0 T\u0129nh- 0947335871","isPartOf":{"@id":"https:\/\/tranthi.vn\/hatinh\/#website"},"primaryImageOfPage":{"@id":"https:\/\/tranthi.vn\/hatinh\/gia-ong-nuoc-nhua-binh-minh-ha-tinh\/#primaryimage"},"image":{"@id":"https:\/\/tranthi.vn\/hatinh\/gia-ong-nuoc-nhua-binh-minh-ha-tinh\/#primaryimage"},"thumbnailUrl":"https:\/\/tranthi.vn\/hatinh\/wp-content\/uploads\/2024\/01\/ong-nuoc-lanh-nhua-binh-minh-da-nang.jpg","datePublished":"2024-01-08T08:08:54+00:00","dateModified":"2024-08-01T02:33:20+00:00","description":"Tr\u1ea7n Th\u1ecb l\u00e0 c\u1eeda h\u00e0ng b\u00e1n h\u00e0ng online \u1ed1ng nh\u1ef1a b\u00ecnh minh c\u00e1c lo\u1ea1i t\u1ea1i th\u1ecb tr\u01b0\u1eddng H\u00e0 T\u0129nh v\u1edbi gi\u00e1 c\u1ea3 ph\u1ea3i ch\u0103ng - ch\u00fang t\u00f4i b\u00e1o gi\u00e1 online","breadcrumb":{"@id":"https:\/\/tranthi.vn\/hatinh\/gia-ong-nuoc-nhua-binh-minh-ha-tinh\/#breadcrumb"},"inLanguage":"vi","potentialAction":[{"@type":"ReadAction","target":["https:\/\/tranthi.vn\/hatinh\/gia-ong-nuoc-nhua-binh-minh-ha-tinh\/"]}]},{"@type":"ImageObject","inLanguage":"vi","@id":"https:\/\/tranthi.vn\/hatinh\/gia-ong-nuoc-nhua-binh-minh-ha-tinh\/#primaryimage","url":"https:\/\/tranthi.vn\/hatinh\/wp-content\/uploads\/2024\/01\/ong-nuoc-lanh-nhua-binh-minh-da-nang.jpg","contentUrl":"https:\/\/tranthi.vn\/hatinh\/wp-content\/uploads\/2024\/01\/ong-nuoc-lanh-nhua-binh-minh-da-nang.jpg","width":300,"height":300,"caption":"ong-nuoc-lanh-nhua-binh-minh-da-nang"},{"@type":"BreadcrumbList","@id":"https:\/\/tranthi.vn\/hatinh\/gia-ong-nuoc-nhua-binh-minh-ha-tinh\/#breadcrumb","itemListElement":[{"@type":"ListItem","position":1,"name":"Trang ch\u1ee7","item":"https:\/\/tranthi.vn\/hatinh\/"},{"@type":"ListItem","position":2,"name":"Shop","item":"https:\/\/tranthi.vn\/hatinh\/shop\/"},{"@type":"ListItem","position":3,"name":"gi\u00e1 \u1ed1ng n\u01b0\u1edbc nh\u1ef1a b\u00ecnh minh \u0110\u00e0 N\u1eb5ng"}]},{"@type":"WebSite","@id":"https:\/\/tranthi.vn\/hatinh\/#website","url":"https:\/\/tranthi.vn\/hatinh\/","name":"V\u1eadt Li\u1ec7u X\u00e2y D\u1ef1ng Tr\u1ea7n Th\u1ecb Chi Nh\u00e1nh H\u00e0 T\u0129nh","description":"V\u1eadt Li\u1ec7u X\u00e2y D\u1ef1ng - H\u00e0 T\u0129nh","potentialAction":[{"@type":"SearchAction","target":{"@type":"EntryPoint","urlTemplate":"https:\/\/tranthi.vn\/hatinh\/?s={search_term_string}"},"query-input":"required name=search_term_string"}],"inLanguage":"vi"},{"@type":"ImageObject","inLanguage":"vi","@id":"https:\/\/tranthi.vn\/hatinh\/gia-ong-nuoc-nhua-binh-minh-ha-tinh\/#local-main-organization-logo","url":"","contentUrl":"","caption":"V\u1eadt Li\u1ec7u X\u00e2y D\u1ef1ng Tr\u1ea7n Th\u1ecb Chi Nh\u00e1nh H\u00e0 T\u0129nh"}]},"product_price_currency":"VND","og_availability":"instock","product_availability":"instock","product_condition":"new"},"_links":{"self":[{"href":"https:\/\/tranthi.vn\/hatinh\/wp-json\/wp\/v2\/product\/6556","targetHints":{"allow":["GET"]}}],"collection":[{"href":"https:\/\/tranthi.vn\/hatinh\/wp-json\/wp\/v2\/product"}],"about":[{"href":"https:\/\/tranthi.vn\/hatinh\/wp-json\/wp\/v2\/types\/product"}],"replies":[{"embeddable":true,"href":"https:\/\/tranthi.vn\/hatinh\/wp-json\/wp\/v2\/comments?post=6556"}],"wp:featuredmedia":[{"embeddable":true,"href":"https:\/\/tranthi.vn\/hatinh\/wp-json\/wp\/v2\/media\/6557"}],"wp:attachment":[{"href":"https:\/\/tranthi.vn\/hatinh\/wp-json\/wp\/v2\/media?parent=6556"}],"wp:term":[{"taxonomy":"product_cat","embeddable":true,"href":"https:\/\/tranthi.vn\/hatinh\/wp-json\/wp\/v2\/product_cat?post=6556"},{"taxonomy":"product_tag","embeddable":true,"href":"https:\/\/tranthi.vn\/hatinh\/wp-json\/wp\/v2\/product_tag?post=6556"}],"curies":[{"name":"wp","href":"https:\/\/api.w.org\/{rel}","templated":true}]}}