{"id":6446,"date":"2023-11-23T07:56:06","date_gmt":"2023-11-23T00:56:06","guid":{"rendered":"https:\/\/tranthi.vn\/quangnam\/?post_type=product&#038;p=6446"},"modified":"2024-06-07T15:32:06","modified_gmt":"2024-06-07T08:32:06","slug":"den-led-pha-ly-coc-smd-200w-500w-200w-v","status":"publish","type":"product","link":"https:\/\/tranthi.vn\/hatinh\/den-led-pha-ly-coc-smd-200w-500w-200w-v\/","title":{"rendered":"\u0110\u00e8n LED Pha Ly\/C\u1ed1c-SMD"},"content":{"rendered":"","protected":false},"excerpt":{"rendered":"<p><span style=\"font-family: 'times new roman', times, serif; font-size: 130%;\">\ud83e\udd70\u0110\u01a1n v\u1ecb t\u00ednh: C\u00e1i<\/span><\/p>\n<p><span style=\"font-size: 130%; font-family: 'times new roman', times, serif;\"><strong>\ud83e\udd70<span style=\"font-size: 90%;\">C\u00d4NG SU\u1ea4T\u00a0 \u00a0&#8211;\u00a0 \u00a0K\u00cdCH TH\u01af\u1edaC\u00a0 \u00a0&#8211;\u00a0 \u00a0\u0110\u01a0N GI\u00c1<\/span><\/strong><\/span><\/p>\n<ul>\n<li><span style=\"font-size: 130%; font-family: 'times new roman', times, serif;\">200W\u00a0 \u00a0 \u00a0 \u00a0 \u00a0 \u00a0 \u00a0 \u00a0425*320*105\u00a0 \u00a0 \u00a0 \u00a0 \u00a0<span style=\"color: #ff0000;\"><strong> 2.007.000\u0111<\/strong><\/span><\/span><\/li>\n<li><span style=\"font-size: 130%; font-family: 'times new roman', times, serif;\">300W\u00a0 \u00a0 \u00a0 \u00a0 \u00a0 \u00a0 \u00a0 \u00a0435*395*110\u00a0 \u00a0 \u00a0 \u00a0 \u00a0 <span style=\"color: #ff0000;\"><strong>2<\/strong><strong><span style=\"color: #ff0000;\">.8<\/span>37.000\u0111<\/strong><\/span><\/span><\/li>\n<li><span style=\"font-size: 130%; font-family: 'times new roman', times, serif;\">400W\u00a0 \u00a0 \u00a0 \u00a0 \u00a0 \u00a0 \u00a0 \u00a0460*455*110\u00a0 \u00a0 \u00a0 \u00a0 \u00a0 <span style=\"color: #ff0000;\"><strong>3<\/strong><strong><span style=\"color: #ff0000;\">.5<\/span>33.000\u0111<\/strong><\/span><\/span><\/li>\n<li><span style=\"font-size: 130%; font-family: 'times new roman', times, serif;\">500W\u00a0 \u00a0 \u00a0 \u00a0 \u00a0 \u00a0 \u00a0 \u00a0570*460*120\u00a0 \u00a0 \u00a0 \u00a0 \u00a0<span style=\"color: #ff0000;\"><strong> 4.331.000\u0111<\/strong><\/span><\/span><\/li>\n<\/ul>\n<p><span style=\"font-size: 130%; font-family: 'times new roman', times, serif;\">\ud83e\udd70Th\u00f4ng s\u1ed1 k\u1ef9 thu\u1eadt:\u00a0<\/span><\/p>\n<ul>\n<li><span style=\"font-size: 130%; font-family: 'times new roman', times, serif;\">\u0110i\u1ec7n \u00e1p: 110 &#8211; 265V<\/span><\/li>\n<li><span style=\"font-size: 130%; font-family: 'times new roman', times, serif;\">Chip LED SMD Ch\u00e2u \u00c2u ti\u00ean ti\u1ebfn, c\u00f3 Tenta \u1ed5n \u0111\u1ecbnh d\u00f2ng<\/span><\/li>\n<li><span style=\"font-size: 130%; font-family: 'times new roman', times, serif;\">Tu\u1ed5i th\u1ecd tr\u00ean 30.000h<\/span><\/li>\n<li><span style=\"font-size: 130%; font-family: 'times new roman', times, serif;\">\u00c1nh s\u00e1ng: tr\u1eafng \/ v\u00e0ng<\/span><\/li>\n<li><span style=\"font-size: 130%; font-family: 'times new roman', times, serif;\">Th\u00f4ng quang (LM): 100 &#8211; 110Lm\/W<\/span><\/li>\n<li><span style=\"font-size: 130%; font-family: 'times new roman', times, serif;\">CSHM (CRI) &gt;75<\/span><\/li>\n<\/ul>\n<p><span style=\"font-family: 'times new roman', times, serif; font-size: 130%;\">\ud83e\udd70B\u1ea3o h\u00e0nh 24 th\u00e1ng.<\/span><\/p>\n<p><span style=\"color: #0000ff; font-size: 130%; font-family: 'times new roman', times, serif;\"><em>V\u1eadn chuy\u1ec3n n\u1ed9i th\u00e0nh \u0110\u00e0 N\u1eb5ng<\/em><\/span><\/p>\n<p><span style=\"color: #0000ff; font-size: 130%; font-family: 'times new roman', times, serif;\"><em>Ph\u00ed v\u1eadn chuy\u1ec3n ph\u1ee5 thu\u1ed9c v\u00e0o t\u1eebng v\u1ecb tr\u00ed<\/em><\/span><\/p>\n","protected":false},"featured_media":6447,"comment_status":"closed","ping_status":"closed","template":"","meta":[],"product_cat":[401],"product_tag":[],"class_list":{"0":"post-6446","1":"product","2":"type-product","3":"status-publish","4":"has-post-thumbnail","6":"product_cat-dien","8":"first","9":"instock","10":"sale","11":"shipping-taxable","12":"purchasable","13":"product-type-simple"},"yoast_head":"<!-- This site is optimized with the Yoast SEO Premium plugin v22.3 (Yoast SEO v22.8) - https:\/\/yoast.com\/wordpress\/plugins\/seo\/ -->\n<title>\u0110\u00e8n LED Pha Ly\/C\u1ed1c-SMD - V\u1eadt Li\u1ec7u X\u00e2y D\u1ef1ng Tr\u1ea7n Th\u1ecb Chi Nh\u00e1nh H\u00e0 T\u0129nh<\/title>\n<meta name=\"robots\" content=\"index, follow, max-snippet:-1, max-image-preview:large, max-video-preview:-1\" \/>\n<link rel=\"canonical\" href=\"https:\/\/tranthi.vn\/hatinh\/den-led-pha-ly-coc-smd-200w-500w-200w-v\/\" \/>\n<meta property=\"og:locale\" content=\"vi_VN\" \/>\n<meta property=\"og:type\" content=\"article\" \/>\n<meta property=\"og:title\" content=\"\u0110\u00e8n LED Pha Ly\/C\u1ed1c-SMD\" \/>\n<meta property=\"og:description\" content=\"\ud83e\udd70\u0110\u01a1n v\u1ecb t\u00ednh: C\u00e1i  \ud83e\udd70C\u00d4NG SU\u1ea4T\u00a0 \u00a0-\u00a0 \u00a0K\u00cdCH TH\u01af\u1edaC\u00a0 \u00a0-\u00a0 \u00a0\u0110\u01a0N GI\u00c1   200W\u00a0 \u00a0 \u00a0 \u00a0 \u00a0 \u00a0 \u00a0 \u00a0425*320*105\u00a0 \u00a0 \u00a0 \u00a0 \u00a0 2.007.000\u0111  300W\u00a0 \u00a0 \u00a0 \u00a0 \u00a0 \u00a0 \u00a0 \u00a0435*395*110\u00a0 \u00a0 \u00a0 \u00a0 \u00a0 2.837.000\u0111  400W\u00a0 \u00a0 \u00a0 \u00a0 \u00a0 \u00a0 \u00a0 \u00a0460*455*110\u00a0 \u00a0 \u00a0 \u00a0 \u00a0 3.533.000\u0111  500W\u00a0 \u00a0 \u00a0 \u00a0 \u00a0 \u00a0 \u00a0 \u00a0570*460*120\u00a0 \u00a0 \u00a0 \u00a0 \u00a0 4.331.000\u0111  \ud83e\udd70Th\u00f4ng s\u1ed1 k\u1ef9 thu\u1eadt:\u00a0   \u0110i\u1ec7n \u00e1p: 110 - 265V  Chip LED SMD Ch\u00e2u \u00c2u ti\u00ean ti\u1ebfn, c\u00f3 Tenta \u1ed5n \u0111\u1ecbnh d\u00f2ng  Tu\u1ed5i th\u1ecd tr\u00ean 30.000h  \u00c1nh s\u00e1ng: tr\u1eafng \/ v\u00e0ng  Th\u00f4ng quang (LM): 100 - 110Lm\/W  CSHM (CRI) &gt;75  \ud83e\udd70B\u1ea3o h\u00e0nh 24 th\u00e1ng.  V\u1eadn chuy\u1ec3n n\u1ed9i th\u00e0nh \u0110\u00e0 N\u1eb5ng  Ph\u00ed v\u1eadn chuy\u1ec3n ph\u1ee5 thu\u1ed9c v\u00e0o t\u1eebng v\u1ecb tr\u00ed\" \/>\n<meta property=\"og:url\" content=\"https:\/\/tranthi.vn\/hatinh\/den-led-pha-ly-coc-smd-200w-500w-200w-v\/\" \/>\n<meta property=\"og:site_name\" content=\"V\u1eadt Li\u1ec7u X\u00e2y D\u1ef1ng Tr\u1ea7n Th\u1ecb Chi Nh\u00e1nh H\u00e0 T\u0129nh\" \/>\n<meta property=\"article:modified_time\" content=\"2024-06-07T08:32:06+00:00\" \/>\n<meta property=\"og:image\" content=\"https:\/\/tranthi.vn\/hatinh\/wp-content\/uploads\/2023\/11\/Den-Pha-Led-Ly-Coc-SMd-Da-Nang.jpg\" \/>\n\t<meta property=\"og:image:width\" content=\"200\" \/>\n\t<meta property=\"og:image:height\" content=\"200\" \/>\n\t<meta property=\"og:image:type\" content=\"image\/jpeg\" \/>\n<meta name=\"twitter:card\" content=\"summary_large_image\" \/>\n<meta name=\"twitter:label1\" content=\"Gi\u00e1\" \/>\n\t<meta name=\"twitter:data1\" content=\"2,007,000&nbsp;&#8363;\" \/>\n\t<meta name=\"twitter:label2\" content=\"Kh\u1ea3 d\u1ee5ng\" \/>\n\t<meta name=\"twitter:data2\" content=\"Trong kho\" \/>\n<script type=\"application\/ld+json\" class=\"yoast-schema-graph\">{\"@context\":\"https:\/\/schema.org\",\"@graph\":[{\"@type\":[\"WebPage\",\"ItemPage\"],\"@id\":\"https:\/\/tranthi.vn\/hatinh\/den-led-pha-ly-coc-smd-200w-500w-200w-v\/\",\"url\":\"https:\/\/tranthi.vn\/hatinh\/den-led-pha-ly-coc-smd-200w-500w-200w-v\/\",\"name\":\"\u0110\u00e8n LED Pha Ly\/C\u1ed1c-SMD - V\u1eadt Li\u1ec7u X\u00e2y D\u1ef1ng Tr\u1ea7n Th\u1ecb Chi Nh\u00e1nh H\u00e0 T\u0129nh\",\"isPartOf\":{\"@id\":\"https:\/\/tranthi.vn\/hatinh\/#website\"},\"primaryImageOfPage\":{\"@id\":\"https:\/\/tranthi.vn\/hatinh\/den-led-pha-ly-coc-smd-200w-500w-200w-v\/#primaryimage\"},\"image\":{\"@id\":\"https:\/\/tranthi.vn\/hatinh\/den-led-pha-ly-coc-smd-200w-500w-200w-v\/#primaryimage\"},\"thumbnailUrl\":\"https:\/\/tranthi.vn\/hatinh\/wp-content\/uploads\/2023\/11\/Den-Pha-Led-Ly-Coc-SMd-Da-Nang.jpg\",\"datePublished\":\"2023-11-23T00:56:06+00:00\",\"dateModified\":\"2024-06-07T08:32:06+00:00\",\"breadcrumb\":{\"@id\":\"https:\/\/tranthi.vn\/hatinh\/den-led-pha-ly-coc-smd-200w-500w-200w-v\/#breadcrumb\"},\"inLanguage\":\"vi\",\"potentialAction\":[{\"@type\":\"ReadAction\",\"target\":[\"https:\/\/tranthi.vn\/hatinh\/den-led-pha-ly-coc-smd-200w-500w-200w-v\/\"]}]},{\"@type\":\"ImageObject\",\"inLanguage\":\"vi\",\"@id\":\"https:\/\/tranthi.vn\/hatinh\/den-led-pha-ly-coc-smd-200w-500w-200w-v\/#primaryimage\",\"url\":\"https:\/\/tranthi.vn\/hatinh\/wp-content\/uploads\/2023\/11\/Den-Pha-Led-Ly-Coc-SMd-Da-Nang.jpg\",\"contentUrl\":\"https:\/\/tranthi.vn\/hatinh\/wp-content\/uploads\/2023\/11\/Den-Pha-Led-Ly-Coc-SMd-Da-Nang.jpg\",\"width\":200,\"height\":200,\"caption\":\"Den-Pha-Led-Ly-Coc-SMd-Da-Nang.jpg\"},{\"@type\":\"BreadcrumbList\",\"@id\":\"https:\/\/tranthi.vn\/hatinh\/den-led-pha-ly-coc-smd-200w-500w-200w-v\/#breadcrumb\",\"itemListElement\":[{\"@type\":\"ListItem\",\"position\":1,\"name\":\"Trang ch\u1ee7\",\"item\":\"https:\/\/tranthi.vn\/hatinh\/\"},{\"@type\":\"ListItem\",\"position\":2,\"name\":\"Shop\",\"item\":\"https:\/\/tranthi.vn\/hatinh\/shop\/\"},{\"@type\":\"ListItem\",\"position\":3,\"name\":\"\u0110\u00e8n LED Pha Ly\/C\u1ed1c-SMD\"}]},{\"@type\":\"WebSite\",\"@id\":\"https:\/\/tranthi.vn\/hatinh\/#website\",\"url\":\"https:\/\/tranthi.vn\/hatinh\/\",\"name\":\"V\u1eadt Li\u1ec7u X\u00e2y D\u1ef1ng Tr\u1ea7n Th\u1ecb Chi Nh\u00e1nh H\u00e0 T\u0129nh\",\"description\":\"V\u1eadt Li\u1ec7u X\u00e2y D\u1ef1ng - H\u00e0 T\u0129nh\",\"potentialAction\":[{\"@type\":\"SearchAction\",\"target\":{\"@type\":\"EntryPoint\",\"urlTemplate\":\"https:\/\/tranthi.vn\/hatinh\/?s={search_term_string}\"},\"query-input\":\"required name=search_term_string\"}],\"inLanguage\":\"vi\"},{\"@type\":\"ImageObject\",\"inLanguage\":\"vi\",\"@id\":\"https:\/\/tranthi.vn\/hatinh\/den-led-pha-ly-coc-smd-200w-500w-200w-v\/#local-main-organization-logo\",\"url\":\"\",\"contentUrl\":\"\",\"caption\":\"V\u1eadt Li\u1ec7u X\u00e2y D\u1ef1ng Tr\u1ea7n Th\u1ecb Chi Nh\u00e1nh H\u00e0 T\u0129nh\"}]}<\/script>\n<meta property=\"product:price:amount\" content=\"2007000\" \/>\n<meta property=\"product:price:currency\" content=\"VND\" \/>\n<meta property=\"og:availability\" content=\"instock\" \/>\n<meta property=\"product:availability\" content=\"instock\" \/>\n<meta property=\"product:condition\" content=\"new\" \/>\n<!-- \/ Yoast SEO Premium plugin. -->","yoast_head_json":{"title":"\u0110\u00e8n LED Pha Ly\/C\u1ed1c-SMD - V\u1eadt Li\u1ec7u X\u00e2y D\u1ef1ng Tr\u1ea7n Th\u1ecb Chi Nh\u00e1nh H\u00e0 T\u0129nh","robots":{"index":"index","follow":"follow","max-snippet":"max-snippet:-1","max-image-preview":"max-image-preview:large","max-video-preview":"max-video-preview:-1"},"canonical":"https:\/\/tranthi.vn\/hatinh\/den-led-pha-ly-coc-smd-200w-500w-200w-v\/","og_locale":"vi_VN","og_type":"article","og_title":"\u0110\u00e8n LED Pha Ly\/C\u1ed1c-SMD","og_description":"\ud83e\udd70\u0110\u01a1n v\u1ecb t\u00ednh: C\u00e1i  \ud83e\udd70C\u00d4NG SU\u1ea4T\u00a0 \u00a0-\u00a0 \u00a0K\u00cdCH TH\u01af\u1edaC\u00a0 \u00a0-\u00a0 \u00a0\u0110\u01a0N GI\u00c1   200W\u00a0 \u00a0 \u00a0 \u00a0 \u00a0 \u00a0 \u00a0 \u00a0425*320*105\u00a0 \u00a0 \u00a0 \u00a0 \u00a0 2.007.000\u0111  300W\u00a0 \u00a0 \u00a0 \u00a0 \u00a0 \u00a0 \u00a0 \u00a0435*395*110\u00a0 \u00a0 \u00a0 \u00a0 \u00a0 2.837.000\u0111  400W\u00a0 \u00a0 \u00a0 \u00a0 \u00a0 \u00a0 \u00a0 \u00a0460*455*110\u00a0 \u00a0 \u00a0 \u00a0 \u00a0 3.533.000\u0111  500W\u00a0 \u00a0 \u00a0 \u00a0 \u00a0 \u00a0 \u00a0 \u00a0570*460*120\u00a0 \u00a0 \u00a0 \u00a0 \u00a0 4.331.000\u0111  \ud83e\udd70Th\u00f4ng s\u1ed1 k\u1ef9 thu\u1eadt:\u00a0   \u0110i\u1ec7n \u00e1p: 110 - 265V  Chip LED SMD Ch\u00e2u \u00c2u ti\u00ean ti\u1ebfn, c\u00f3 Tenta \u1ed5n \u0111\u1ecbnh d\u00f2ng  Tu\u1ed5i th\u1ecd tr\u00ean 30.000h  \u00c1nh s\u00e1ng: tr\u1eafng \/ v\u00e0ng  Th\u00f4ng quang (LM): 100 - 110Lm\/W  CSHM (CRI) &gt;75  \ud83e\udd70B\u1ea3o h\u00e0nh 24 th\u00e1ng.  V\u1eadn chuy\u1ec3n n\u1ed9i th\u00e0nh \u0110\u00e0 N\u1eb5ng  Ph\u00ed v\u1eadn chuy\u1ec3n ph\u1ee5 thu\u1ed9c v\u00e0o t\u1eebng v\u1ecb tr\u00ed","og_url":"https:\/\/tranthi.vn\/hatinh\/den-led-pha-ly-coc-smd-200w-500w-200w-v\/","og_site_name":"V\u1eadt Li\u1ec7u X\u00e2y D\u1ef1ng Tr\u1ea7n Th\u1ecb Chi Nh\u00e1nh H\u00e0 T\u0129nh","article_modified_time":"2024-06-07T08:32:06+00:00","og_image":[{"width":200,"height":200,"url":"https:\/\/tranthi.vn\/hatinh\/wp-content\/uploads\/2023\/11\/Den-Pha-Led-Ly-Coc-SMd-Da-Nang.jpg","type":"image\/jpeg"}],"twitter_card":"summary_large_image","twitter_misc":{"Gi\u00e1":"2,007,000&nbsp;&#8363;","Kh\u1ea3 d\u1ee5ng":"Trong kho"},"schema":{"@context":"https:\/\/schema.org","@graph":[{"@type":["WebPage","ItemPage"],"@id":"https:\/\/tranthi.vn\/hatinh\/den-led-pha-ly-coc-smd-200w-500w-200w-v\/","url":"https:\/\/tranthi.vn\/hatinh\/den-led-pha-ly-coc-smd-200w-500w-200w-v\/","name":"\u0110\u00e8n LED Pha Ly\/C\u1ed1c-SMD - V\u1eadt Li\u1ec7u X\u00e2y D\u1ef1ng Tr\u1ea7n Th\u1ecb Chi Nh\u00e1nh H\u00e0 T\u0129nh","isPartOf":{"@id":"https:\/\/tranthi.vn\/hatinh\/#website"},"primaryImageOfPage":{"@id":"https:\/\/tranthi.vn\/hatinh\/den-led-pha-ly-coc-smd-200w-500w-200w-v\/#primaryimage"},"image":{"@id":"https:\/\/tranthi.vn\/hatinh\/den-led-pha-ly-coc-smd-200w-500w-200w-v\/#primaryimage"},"thumbnailUrl":"https:\/\/tranthi.vn\/hatinh\/wp-content\/uploads\/2023\/11\/Den-Pha-Led-Ly-Coc-SMd-Da-Nang.jpg","datePublished":"2023-11-23T00:56:06+00:00","dateModified":"2024-06-07T08:32:06+00:00","breadcrumb":{"@id":"https:\/\/tranthi.vn\/hatinh\/den-led-pha-ly-coc-smd-200w-500w-200w-v\/#breadcrumb"},"inLanguage":"vi","potentialAction":[{"@type":"ReadAction","target":["https:\/\/tranthi.vn\/hatinh\/den-led-pha-ly-coc-smd-200w-500w-200w-v\/"]}]},{"@type":"ImageObject","inLanguage":"vi","@id":"https:\/\/tranthi.vn\/hatinh\/den-led-pha-ly-coc-smd-200w-500w-200w-v\/#primaryimage","url":"https:\/\/tranthi.vn\/hatinh\/wp-content\/uploads\/2023\/11\/Den-Pha-Led-Ly-Coc-SMd-Da-Nang.jpg","contentUrl":"https:\/\/tranthi.vn\/hatinh\/wp-content\/uploads\/2023\/11\/Den-Pha-Led-Ly-Coc-SMd-Da-Nang.jpg","width":200,"height":200,"caption":"Den-Pha-Led-Ly-Coc-SMd-Da-Nang.jpg"},{"@type":"BreadcrumbList","@id":"https:\/\/tranthi.vn\/hatinh\/den-led-pha-ly-coc-smd-200w-500w-200w-v\/#breadcrumb","itemListElement":[{"@type":"ListItem","position":1,"name":"Trang ch\u1ee7","item":"https:\/\/tranthi.vn\/hatinh\/"},{"@type":"ListItem","position":2,"name":"Shop","item":"https:\/\/tranthi.vn\/hatinh\/shop\/"},{"@type":"ListItem","position":3,"name":"\u0110\u00e8n LED Pha Ly\/C\u1ed1c-SMD"}]},{"@type":"WebSite","@id":"https:\/\/tranthi.vn\/hatinh\/#website","url":"https:\/\/tranthi.vn\/hatinh\/","name":"V\u1eadt Li\u1ec7u X\u00e2y D\u1ef1ng Tr\u1ea7n Th\u1ecb Chi Nh\u00e1nh H\u00e0 T\u0129nh","description":"V\u1eadt Li\u1ec7u X\u00e2y D\u1ef1ng - H\u00e0 T\u0129nh","potentialAction":[{"@type":"SearchAction","target":{"@type":"EntryPoint","urlTemplate":"https:\/\/tranthi.vn\/hatinh\/?s={search_term_string}"},"query-input":"required name=search_term_string"}],"inLanguage":"vi"},{"@type":"ImageObject","inLanguage":"vi","@id":"https:\/\/tranthi.vn\/hatinh\/den-led-pha-ly-coc-smd-200w-500w-200w-v\/#local-main-organization-logo","url":"","contentUrl":"","caption":"V\u1eadt Li\u1ec7u X\u00e2y D\u1ef1ng Tr\u1ea7n Th\u1ecb Chi Nh\u00e1nh H\u00e0 T\u0129nh"}]},"product_price_amount":"2007000","product_price_currency":"VND","og_availability":"instock","product_availability":"instock","product_condition":"new"},"_links":{"self":[{"href":"https:\/\/tranthi.vn\/hatinh\/wp-json\/wp\/v2\/product\/6446","targetHints":{"allow":["GET"]}}],"collection":[{"href":"https:\/\/tranthi.vn\/hatinh\/wp-json\/wp\/v2\/product"}],"about":[{"href":"https:\/\/tranthi.vn\/hatinh\/wp-json\/wp\/v2\/types\/product"}],"replies":[{"embeddable":true,"href":"https:\/\/tranthi.vn\/hatinh\/wp-json\/wp\/v2\/comments?post=6446"}],"wp:featuredmedia":[{"embeddable":true,"href":"https:\/\/tranthi.vn\/hatinh\/wp-json\/wp\/v2\/media\/6447"}],"wp:attachment":[{"href":"https:\/\/tranthi.vn\/hatinh\/wp-json\/wp\/v2\/media?parent=6446"}],"wp:term":[{"taxonomy":"product_cat","embeddable":true,"href":"https:\/\/tranthi.vn\/hatinh\/wp-json\/wp\/v2\/product_cat?post=6446"},{"taxonomy":"product_tag","embeddable":true,"href":"https:\/\/tranthi.vn\/hatinh\/wp-json\/wp\/v2\/product_tag?post=6446"}],"curies":[{"name":"wp","href":"https:\/\/api.w.org\/{rel}","templated":true}]}}