{"id":6236,"date":"2023-10-26T09:55:12","date_gmt":"2023-10-26T02:55:12","guid":{"rendered":"https:\/\/tranthi.vn\/quangnam\/?post_type=product&#038;p=6236"},"modified":"2024-04-24T11:09:59","modified_gmt":"2024-04-24T04:09:59","slug":"bo-ban-ghe-mc11-vh-076-x-129-x-069","status":"publish","type":"product","link":"https:\/\/tranthi.vn\/hatinh\/bo-ban-ghe-mc11-vh-076-x-129-x-069\/","title":{"rendered":"B\u1ed9 b\u00e0n gh\u1ebf MC11-VH (0,76 x 1,29 x 0,69)"},"content":{"rendered":"","protected":false},"excerpt":{"rendered":"<p><span style=\"font-size: 130%; font-family: 'times new roman', times, serif;\">\ud83e\udd70M\u1eb7t b\u00e0n: \u0110\u00e1 Granite b\u00f3ng\/matt , kh\u00f4ng b\u1ecb \u1ed1, kh\u00f4ng b\u1ecb th\u1ea5m \u2026<\/span><\/p>\n<p><span style=\"font-size: 130%; font-family: 'times new roman', times, serif;\">\ud83e\udd70\u0110\u01a1n gi\u00e1: <span style=\"color: #ff0000;\"><strong>2.428.000\u0111\/b\u1ed9<\/strong><\/span><\/span><\/p>\n<p><span style=\"font-size: 130%; font-family: 'times new roman', times, serif;\">\ud83e\udd70\u0110\u1ed9 d\u00e0y 9mm\u00a0<\/span><\/p>\n<p><span style=\"font-size: 130%; font-family: 'times new roman', times, serif;\">\ud83e\udd70Ch\u00e2n b\u00e0n: S\u1eaft m\u1ea1 k\u1ebdm<\/span><\/p>\n<ul>\n<li><span style=\"font-size: 130%; font-family: 'times new roman', times, serif;\">K\u00edch th\u01b0\u1edbc b\u00e0n: Cao x D\u00e0i x R\u1ed9ng-(0,76 x 1,29 x 0,69) &#8211; Gi\u00e1: <strong><span style=\"color: #ff0000;\">1.654.000\u0111<\/span><\/strong><\/span><\/li>\n<li><span style=\"font-size: 130%; font-family: 'times new roman', times, serif;\">K\u00edch th\u01b0\u1edbc gh\u1ebf: Cao x D\u00e0i x R\u1ed9ng-(0,45 x 1,29 x 0,24) &#8211; Gi\u00e1:<strong><span style=\"color: #ff0000;\"> 774.000\u0111<\/span><\/strong><\/span><\/li>\n<\/ul>\n<div class=\"product-short-description\">\n<p><span style=\"font-size: 130%; font-family: 'times new roman', times, serif;\"><span style=\"color: #3366ff;\"><em>Giao h\u00e0ng n\u1ed9i th\u00e0nh \u0110\u00e0 N\u1eb5ng<\/em><\/span><\/span><\/p>\n<\/div>\n<form class=\"cart\" action=\"https:\/\/tranthi.vn\/quangnam\/ban-tron-mt10-vh-07x06\/\" enctype=\"multipart\/form-data\" method=\"post\">\n<div class=\"quantity buttons_added\"><\/div>\n<\/form>\n<p>&nbsp;<\/p>\n","protected":false},"featured_media":6237,"comment_status":"closed","ping_status":"closed","template":"","meta":[],"product_cat":[394,392,395],"product_tag":[],"class_list":{"0":"post-6236","1":"product","2":"type-product","3":"status-publish","4":"has-post-thumbnail","6":"product_cat-ban","7":"product_cat-ban-ghe-tu-dong-san","8":"product_cat-ke-chan-sat-mat-da-men","10":"first","11":"instock","12":"sale","13":"shipping-taxable","14":"purchasable","15":"product-type-simple"},"yoast_head":"<!-- This site is optimized with the Yoast SEO Premium plugin v22.3 (Yoast SEO v22.8) - https:\/\/yoast.com\/wordpress\/plugins\/seo\/ -->\n<title>B\u1ed9 b\u00e0n gh\u1ebf MC11-VH (0,76 x 1,29 x 0,69) - V\u1eadt Li\u1ec7u X\u00e2y D\u1ef1ng Tr\u1ea7n Th\u1ecb Chi Nh\u00e1nh H\u00e0 T\u0129nh<\/title>\n<meta name=\"robots\" content=\"index, follow, max-snippet:-1, max-image-preview:large, max-video-preview:-1\" \/>\n<link rel=\"canonical\" href=\"https:\/\/tranthi.vn\/hatinh\/bo-ban-ghe-mc11-vh-076-x-129-x-069\/\" \/>\n<meta property=\"og:locale\" content=\"vi_VN\" \/>\n<meta property=\"og:type\" content=\"article\" \/>\n<meta property=\"og:title\" content=\"B\u1ed9 b\u00e0n gh\u1ebf MC11-VH (0,76 x 1,29 x 0,69)\" \/>\n<meta property=\"og:description\" content=\"\ud83e\udd70M\u1eb7t b\u00e0n: \u0110\u00e1 Granite b\u00f3ng\/matt , kh\u00f4ng b\u1ecb \u1ed1, kh\u00f4ng b\u1ecb th\u1ea5m \u2026  \ud83e\udd70\u0110\u01a1n gi\u00e1: 2.428.000\u0111\/b\u1ed9  \ud83e\udd70\u0110\u1ed9 d\u00e0y 9mm\u00a0  \ud83e\udd70Ch\u00e2n b\u00e0n: S\u1eaft m\u1ea1 k\u1ebdm   K\u00edch th\u01b0\u1edbc b\u00e0n: Cao x D\u00e0i x R\u1ed9ng-(0,76 x 1,29 x 0,69) - Gi\u00e1: 1.654.000\u0111  K\u00edch th\u01b0\u1edbc gh\u1ebf: Cao x D\u00e0i x R\u1ed9ng-(0,45 x 1,29 x 0,24) - Gi\u00e1: 774.000\u0111    Giao h\u00e0ng n\u1ed9i th\u00e0nh \u0110\u00e0 N\u1eb5ng     &nbsp;\" \/>\n<meta property=\"og:url\" content=\"https:\/\/tranthi.vn\/hatinh\/bo-ban-ghe-mc11-vh-076-x-129-x-069\/\" \/>\n<meta property=\"og:site_name\" content=\"V\u1eadt Li\u1ec7u X\u00e2y D\u1ef1ng Tr\u1ea7n Th\u1ecb Chi Nh\u00e1nh H\u00e0 T\u0129nh\" \/>\n<meta property=\"article:modified_time\" content=\"2024-04-24T04:09:59+00:00\" \/>\n<meta property=\"og:image\" content=\"https:\/\/tranthi.vn\/hatinh\/wp-content\/uploads\/2023\/10\/ban-chu-nhat-MC11-da-nang.jpg\" \/>\n\t<meta property=\"og:image:width\" content=\"191\" \/>\n\t<meta property=\"og:image:height\" content=\"178\" \/>\n\t<meta property=\"og:image:type\" content=\"image\/jpeg\" \/>\n<meta name=\"twitter:card\" content=\"summary_large_image\" \/>\n<meta name=\"twitter:label1\" content=\"Gi\u00e1\" \/>\n\t<meta name=\"twitter:data1\" content=\"2,428,000&nbsp;&#8363;\" \/>\n\t<meta name=\"twitter:label2\" content=\"Kh\u1ea3 d\u1ee5ng\" \/>\n\t<meta name=\"twitter:data2\" content=\"Trong kho\" \/>\n<script type=\"application\/ld+json\" class=\"yoast-schema-graph\">{\"@context\":\"https:\/\/schema.org\",\"@graph\":[{\"@type\":[\"WebPage\",\"ItemPage\"],\"@id\":\"https:\/\/tranthi.vn\/hatinh\/bo-ban-ghe-mc11-vh-076-x-129-x-069\/\",\"url\":\"https:\/\/tranthi.vn\/hatinh\/bo-ban-ghe-mc11-vh-076-x-129-x-069\/\",\"name\":\"B\u1ed9 b\u00e0n gh\u1ebf MC11-VH (0,76 x 1,29 x 0,69) - V\u1eadt Li\u1ec7u X\u00e2y D\u1ef1ng Tr\u1ea7n Th\u1ecb Chi Nh\u00e1nh H\u00e0 T\u0129nh\",\"isPartOf\":{\"@id\":\"https:\/\/tranthi.vn\/hatinh\/#website\"},\"primaryImageOfPage\":{\"@id\":\"https:\/\/tranthi.vn\/hatinh\/bo-ban-ghe-mc11-vh-076-x-129-x-069\/#primaryimage\"},\"image\":{\"@id\":\"https:\/\/tranthi.vn\/hatinh\/bo-ban-ghe-mc11-vh-076-x-129-x-069\/#primaryimage\"},\"thumbnailUrl\":\"https:\/\/tranthi.vn\/hatinh\/wp-content\/uploads\/2023\/10\/ban-chu-nhat-MC11-da-nang.jpg\",\"datePublished\":\"2023-10-26T02:55:12+00:00\",\"dateModified\":\"2024-04-24T04:09:59+00:00\",\"breadcrumb\":{\"@id\":\"https:\/\/tranthi.vn\/hatinh\/bo-ban-ghe-mc11-vh-076-x-129-x-069\/#breadcrumb\"},\"inLanguage\":\"vi\",\"potentialAction\":[{\"@type\":\"ReadAction\",\"target\":[\"https:\/\/tranthi.vn\/hatinh\/bo-ban-ghe-mc11-vh-076-x-129-x-069\/\"]}]},{\"@type\":\"ImageObject\",\"inLanguage\":\"vi\",\"@id\":\"https:\/\/tranthi.vn\/hatinh\/bo-ban-ghe-mc11-vh-076-x-129-x-069\/#primaryimage\",\"url\":\"https:\/\/tranthi.vn\/hatinh\/wp-content\/uploads\/2023\/10\/ban-chu-nhat-MC11-da-nang.jpg\",\"contentUrl\":\"https:\/\/tranthi.vn\/hatinh\/wp-content\/uploads\/2023\/10\/ban-chu-nhat-MC11-da-nang.jpg\",\"width\":191,\"height\":178},{\"@type\":\"BreadcrumbList\",\"@id\":\"https:\/\/tranthi.vn\/hatinh\/bo-ban-ghe-mc11-vh-076-x-129-x-069\/#breadcrumb\",\"itemListElement\":[{\"@type\":\"ListItem\",\"position\":1,\"name\":\"Trang ch\u1ee7\",\"item\":\"https:\/\/tranthi.vn\/hatinh\/\"},{\"@type\":\"ListItem\",\"position\":2,\"name\":\"Shop\",\"item\":\"https:\/\/tranthi.vn\/hatinh\/shop\/\"},{\"@type\":\"ListItem\",\"position\":3,\"name\":\"B\u1ed9 b\u00e0n gh\u1ebf MC11-VH (0,76 x 1,29 x 0,69)\"}]},{\"@type\":\"WebSite\",\"@id\":\"https:\/\/tranthi.vn\/hatinh\/#website\",\"url\":\"https:\/\/tranthi.vn\/hatinh\/\",\"name\":\"V\u1eadt Li\u1ec7u X\u00e2y D\u1ef1ng Tr\u1ea7n Th\u1ecb Chi Nh\u00e1nh H\u00e0 T\u0129nh\",\"description\":\"V\u1eadt Li\u1ec7u X\u00e2y D\u1ef1ng - H\u00e0 T\u0129nh\",\"potentialAction\":[{\"@type\":\"SearchAction\",\"target\":{\"@type\":\"EntryPoint\",\"urlTemplate\":\"https:\/\/tranthi.vn\/hatinh\/?s={search_term_string}\"},\"query-input\":\"required name=search_term_string\"}],\"inLanguage\":\"vi\"},{\"@type\":\"ImageObject\",\"inLanguage\":\"vi\",\"@id\":\"https:\/\/tranthi.vn\/hatinh\/bo-ban-ghe-mc11-vh-076-x-129-x-069\/#local-main-organization-logo\",\"url\":\"\",\"contentUrl\":\"\",\"caption\":\"V\u1eadt Li\u1ec7u X\u00e2y D\u1ef1ng Tr\u1ea7n Th\u1ecb Chi Nh\u00e1nh H\u00e0 T\u0129nh\"}]}<\/script>\n<meta property=\"product:price:amount\" content=\"2428000\" \/>\n<meta property=\"product:price:currency\" content=\"VND\" \/>\n<meta property=\"og:availability\" content=\"instock\" \/>\n<meta property=\"product:availability\" content=\"instock\" \/>\n<meta property=\"product:condition\" content=\"new\" \/>\n<!-- \/ Yoast SEO Premium plugin. -->","yoast_head_json":{"title":"B\u1ed9 b\u00e0n gh\u1ebf MC11-VH (0,76 x 1,29 x 0,69) - V\u1eadt Li\u1ec7u X\u00e2y D\u1ef1ng Tr\u1ea7n Th\u1ecb Chi Nh\u00e1nh H\u00e0 T\u0129nh","robots":{"index":"index","follow":"follow","max-snippet":"max-snippet:-1","max-image-preview":"max-image-preview:large","max-video-preview":"max-video-preview:-1"},"canonical":"https:\/\/tranthi.vn\/hatinh\/bo-ban-ghe-mc11-vh-076-x-129-x-069\/","og_locale":"vi_VN","og_type":"article","og_title":"B\u1ed9 b\u00e0n gh\u1ebf MC11-VH (0,76 x 1,29 x 0,69)","og_description":"\ud83e\udd70M\u1eb7t b\u00e0n: \u0110\u00e1 Granite b\u00f3ng\/matt , kh\u00f4ng b\u1ecb \u1ed1, kh\u00f4ng b\u1ecb th\u1ea5m \u2026  \ud83e\udd70\u0110\u01a1n gi\u00e1: 2.428.000\u0111\/b\u1ed9  \ud83e\udd70\u0110\u1ed9 d\u00e0y 9mm\u00a0  \ud83e\udd70Ch\u00e2n b\u00e0n: S\u1eaft m\u1ea1 k\u1ebdm   K\u00edch th\u01b0\u1edbc b\u00e0n: Cao x D\u00e0i x R\u1ed9ng-(0,76 x 1,29 x 0,69) - Gi\u00e1: 1.654.000\u0111  K\u00edch th\u01b0\u1edbc gh\u1ebf: Cao x D\u00e0i x R\u1ed9ng-(0,45 x 1,29 x 0,24) - Gi\u00e1: 774.000\u0111    Giao h\u00e0ng n\u1ed9i th\u00e0nh \u0110\u00e0 N\u1eb5ng     &nbsp;","og_url":"https:\/\/tranthi.vn\/hatinh\/bo-ban-ghe-mc11-vh-076-x-129-x-069\/","og_site_name":"V\u1eadt Li\u1ec7u X\u00e2y D\u1ef1ng Tr\u1ea7n Th\u1ecb Chi Nh\u00e1nh H\u00e0 T\u0129nh","article_modified_time":"2024-04-24T04:09:59+00:00","og_image":[{"width":191,"height":178,"url":"https:\/\/tranthi.vn\/hatinh\/wp-content\/uploads\/2023\/10\/ban-chu-nhat-MC11-da-nang.jpg","type":"image\/jpeg"}],"twitter_card":"summary_large_image","twitter_misc":{"Gi\u00e1":"2,428,000&nbsp;&#8363;","Kh\u1ea3 d\u1ee5ng":"Trong kho"},"schema":{"@context":"https:\/\/schema.org","@graph":[{"@type":["WebPage","ItemPage"],"@id":"https:\/\/tranthi.vn\/hatinh\/bo-ban-ghe-mc11-vh-076-x-129-x-069\/","url":"https:\/\/tranthi.vn\/hatinh\/bo-ban-ghe-mc11-vh-076-x-129-x-069\/","name":"B\u1ed9 b\u00e0n gh\u1ebf MC11-VH (0,76 x 1,29 x 0,69) - V\u1eadt Li\u1ec7u X\u00e2y D\u1ef1ng Tr\u1ea7n Th\u1ecb Chi Nh\u00e1nh H\u00e0 T\u0129nh","isPartOf":{"@id":"https:\/\/tranthi.vn\/hatinh\/#website"},"primaryImageOfPage":{"@id":"https:\/\/tranthi.vn\/hatinh\/bo-ban-ghe-mc11-vh-076-x-129-x-069\/#primaryimage"},"image":{"@id":"https:\/\/tranthi.vn\/hatinh\/bo-ban-ghe-mc11-vh-076-x-129-x-069\/#primaryimage"},"thumbnailUrl":"https:\/\/tranthi.vn\/hatinh\/wp-content\/uploads\/2023\/10\/ban-chu-nhat-MC11-da-nang.jpg","datePublished":"2023-10-26T02:55:12+00:00","dateModified":"2024-04-24T04:09:59+00:00","breadcrumb":{"@id":"https:\/\/tranthi.vn\/hatinh\/bo-ban-ghe-mc11-vh-076-x-129-x-069\/#breadcrumb"},"inLanguage":"vi","potentialAction":[{"@type":"ReadAction","target":["https:\/\/tranthi.vn\/hatinh\/bo-ban-ghe-mc11-vh-076-x-129-x-069\/"]}]},{"@type":"ImageObject","inLanguage":"vi","@id":"https:\/\/tranthi.vn\/hatinh\/bo-ban-ghe-mc11-vh-076-x-129-x-069\/#primaryimage","url":"https:\/\/tranthi.vn\/hatinh\/wp-content\/uploads\/2023\/10\/ban-chu-nhat-MC11-da-nang.jpg","contentUrl":"https:\/\/tranthi.vn\/hatinh\/wp-content\/uploads\/2023\/10\/ban-chu-nhat-MC11-da-nang.jpg","width":191,"height":178},{"@type":"BreadcrumbList","@id":"https:\/\/tranthi.vn\/hatinh\/bo-ban-ghe-mc11-vh-076-x-129-x-069\/#breadcrumb","itemListElement":[{"@type":"ListItem","position":1,"name":"Trang ch\u1ee7","item":"https:\/\/tranthi.vn\/hatinh\/"},{"@type":"ListItem","position":2,"name":"Shop","item":"https:\/\/tranthi.vn\/hatinh\/shop\/"},{"@type":"ListItem","position":3,"name":"B\u1ed9 b\u00e0n gh\u1ebf MC11-VH (0,76 x 1,29 x 0,69)"}]},{"@type":"WebSite","@id":"https:\/\/tranthi.vn\/hatinh\/#website","url":"https:\/\/tranthi.vn\/hatinh\/","name":"V\u1eadt Li\u1ec7u X\u00e2y D\u1ef1ng Tr\u1ea7n Th\u1ecb Chi Nh\u00e1nh H\u00e0 T\u0129nh","description":"V\u1eadt Li\u1ec7u X\u00e2y D\u1ef1ng - H\u00e0 T\u0129nh","potentialAction":[{"@type":"SearchAction","target":{"@type":"EntryPoint","urlTemplate":"https:\/\/tranthi.vn\/hatinh\/?s={search_term_string}"},"query-input":"required name=search_term_string"}],"inLanguage":"vi"},{"@type":"ImageObject","inLanguage":"vi","@id":"https:\/\/tranthi.vn\/hatinh\/bo-ban-ghe-mc11-vh-076-x-129-x-069\/#local-main-organization-logo","url":"","contentUrl":"","caption":"V\u1eadt Li\u1ec7u X\u00e2y D\u1ef1ng Tr\u1ea7n Th\u1ecb Chi Nh\u00e1nh H\u00e0 T\u0129nh"}]},"product_price_amount":"2428000","product_price_currency":"VND","og_availability":"instock","product_availability":"instock","product_condition":"new"},"_links":{"self":[{"href":"https:\/\/tranthi.vn\/hatinh\/wp-json\/wp\/v2\/product\/6236","targetHints":{"allow":["GET"]}}],"collection":[{"href":"https:\/\/tranthi.vn\/hatinh\/wp-json\/wp\/v2\/product"}],"about":[{"href":"https:\/\/tranthi.vn\/hatinh\/wp-json\/wp\/v2\/types\/product"}],"replies":[{"embeddable":true,"href":"https:\/\/tranthi.vn\/hatinh\/wp-json\/wp\/v2\/comments?post=6236"}],"wp:featuredmedia":[{"embeddable":true,"href":"https:\/\/tranthi.vn\/hatinh\/wp-json\/wp\/v2\/media\/6237"}],"wp:attachment":[{"href":"https:\/\/tranthi.vn\/hatinh\/wp-json\/wp\/v2\/media?parent=6236"}],"wp:term":[{"taxonomy":"product_cat","embeddable":true,"href":"https:\/\/tranthi.vn\/hatinh\/wp-json\/wp\/v2\/product_cat?post=6236"},{"taxonomy":"product_tag","embeddable":true,"href":"https:\/\/tranthi.vn\/hatinh\/wp-json\/wp\/v2\/product_tag?post=6236"}],"curies":[{"name":"wp","href":"https:\/\/api.w.org\/{rel}","templated":true}]}}