{"id":6216,"date":"2023-10-25T16:30:34","date_gmt":"2023-10-25T09:30:34","guid":{"rendered":"https:\/\/tranthi.vn\/quangnam\/?post_type=product&#038;p=6216"},"modified":"2023-10-25T16:30:34","modified_gmt":"2023-10-25T09:30:34","slug":"ghe-tron-gh01-vh-045-x-03","status":"publish","type":"product","link":"https:\/\/tranthi.vn\/hatinh\/ghe-tron-gh01-vh-045-x-03\/","title":{"rendered":"Gh\u1ebf tr\u00f2n GH01- VH ( 0,45 x 0,3 )"},"content":{"rendered":"","protected":false},"excerpt":{"rendered":"<p><span style=\"font-size: 130%;\"> &#8211; M\u1eb7t gh\u1ebf: \u0110\u00e1 Granite b\u00f3ng\/matt , kh\u00f4ng b\u1ecb \u1ed1, kh\u00f4ng b\u1ecb th\u1ea5m \u2026.<\/span><\/p>\n<p><span style=\"font-size: 130%;\">-\u0110\u1ed9 d\u00e0y 9mm<\/span><\/p>\n<p><span style=\"font-size: 130%;\">&#8211; Ch\u00e2n gh\u1ebf: S\u1eaft m\u1ea1 k\u1ebdm<\/span><\/p>\n<p><span style=\"font-size: 130%;\">&#8211; K\u00edch th\u01b0\u1edbc: <span style=\"color: #ff0000;\">Cao x R\u1ed9ng_ ( 0,45 x 0,3 )<\/span><\/span><\/p>\n<p><span style=\"font-size: 130%;\"><img decoding=\"async\" class=\"emoji\" role=\"img\" draggable=\"false\" src=\"https:\/\/s.w.org\/images\/core\/emoji\/14.0.0\/svg\/1f61b.svg\" alt=\"\ud83d\ude1b\" \/>\u00a0\u0110\u01a1n v\u1ecb t\u00ednh: C\u00e1i<\/span><\/p>\n<div class=\"product-short-description\">\n<p><span style=\"font-size: 130%;\"><img decoding=\"async\" class=\"emoji\" role=\"img\" draggable=\"false\" src=\"https:\/\/s.w.org\/images\/core\/emoji\/14.0.0\/svg\/1f61b.svg\" alt=\"\ud83d\ude1b\" \/>\u00a0<span style=\"color: #3366ff;\"><em>Giao h\u00e0ng n\u1ed9i th\u00e0nh\u00a0\u0110\u00e0 N\u1eb5ng<\/em><\/span><\/span><\/p>\n<\/div>\n","protected":false},"featured_media":6217,"comment_status":"closed","ping_status":"closed","template":"","meta":[],"product_cat":[396],"product_tag":[],"class_list":{"0":"post-6216","1":"product","2":"type-product","3":"status-publish","4":"has-post-thumbnail","6":"product_cat-ghe","8":"first","9":"instock","10":"sale","11":"shipping-taxable","12":"purchasable","13":"product-type-simple"},"yoast_head":"<!-- This site is optimized with the Yoast SEO Premium plugin v22.3 (Yoast SEO v22.8) - https:\/\/yoast.com\/wordpress\/plugins\/seo\/ -->\n<title>Gh\u1ebf tr\u00f2n GH01- VH ( 0,45 x 0,3 ) - V\u1eadt Li\u1ec7u X\u00e2y D\u1ef1ng Tr\u1ea7n Th\u1ecb Chi Nh\u00e1nh H\u00e0 T\u0129nh<\/title>\n<meta name=\"robots\" content=\"index, follow, max-snippet:-1, max-image-preview:large, max-video-preview:-1\" \/>\n<link rel=\"canonical\" href=\"https:\/\/tranthi.vn\/hatinh\/ghe-tron-gh01-vh-045-x-03\/\" \/>\n<meta property=\"og:locale\" content=\"vi_VN\" \/>\n<meta property=\"og:type\" content=\"article\" \/>\n<meta property=\"og:title\" content=\"Gh\u1ebf tr\u00f2n GH01- VH ( 0,45 x 0,3 )\" \/>\n<meta property=\"og:description\" content=\"- M\u1eb7t gh\u1ebf: \u0110\u00e1 Granite b\u00f3ng\/matt , kh\u00f4ng b\u1ecb \u1ed1, kh\u00f4ng b\u1ecb th\u1ea5m \u2026.  -\u0110\u1ed9 d\u00e0y 9mm  - Ch\u00e2n gh\u1ebf: S\u1eaft m\u1ea1 k\u1ebdm  - K\u00edch th\u01b0\u1edbc: Cao x R\u1ed9ng_ ( 0,45 x 0,3 )  \u00a0\u0110\u01a1n v\u1ecb t\u00ednh: C\u00e1i   \u00a0Giao h\u00e0ng n\u1ed9i th\u00e0nh\u00a0\u0110\u00e0 N\u1eb5ng\" \/>\n<meta property=\"og:url\" content=\"https:\/\/tranthi.vn\/hatinh\/ghe-tron-gh01-vh-045-x-03\/\" \/>\n<meta property=\"og:site_name\" content=\"V\u1eadt Li\u1ec7u X\u00e2y D\u1ef1ng Tr\u1ea7n Th\u1ecb Chi Nh\u00e1nh H\u00e0 T\u0129nh\" \/>\n<meta property=\"og:image\" content=\"https:\/\/tranthi.vn\/hatinh\/wp-content\/uploads\/2023\/10\/ghe-tron-GH01-da-nang.jpg\" \/>\n\t<meta property=\"og:image:width\" content=\"214\" \/>\n\t<meta property=\"og:image:height\" content=\"223\" \/>\n\t<meta property=\"og:image:type\" content=\"image\/jpeg\" \/>\n<meta name=\"twitter:card\" content=\"summary_large_image\" \/>\n<meta name=\"twitter:label1\" content=\"Gi\u00e1\" \/>\n\t<meta name=\"twitter:data1\" content=\"320,000&nbsp;&#8363;\" \/>\n\t<meta name=\"twitter:label2\" content=\"Kh\u1ea3 d\u1ee5ng\" \/>\n\t<meta name=\"twitter:data2\" content=\"Trong kho\" \/>\n<script type=\"application\/ld+json\" class=\"yoast-schema-graph\">{\"@context\":\"https:\/\/schema.org\",\"@graph\":[{\"@type\":[\"WebPage\",\"ItemPage\"],\"@id\":\"https:\/\/tranthi.vn\/hatinh\/ghe-tron-gh01-vh-045-x-03\/\",\"url\":\"https:\/\/tranthi.vn\/hatinh\/ghe-tron-gh01-vh-045-x-03\/\",\"name\":\"Gh\u1ebf tr\u00f2n GH01- VH ( 0,45 x 0,3 ) - V\u1eadt Li\u1ec7u X\u00e2y D\u1ef1ng Tr\u1ea7n Th\u1ecb Chi Nh\u00e1nh H\u00e0 T\u0129nh\",\"isPartOf\":{\"@id\":\"https:\/\/tranthi.vn\/hatinh\/#website\"},\"primaryImageOfPage\":{\"@id\":\"https:\/\/tranthi.vn\/hatinh\/ghe-tron-gh01-vh-045-x-03\/#primaryimage\"},\"image\":{\"@id\":\"https:\/\/tranthi.vn\/hatinh\/ghe-tron-gh01-vh-045-x-03\/#primaryimage\"},\"thumbnailUrl\":\"https:\/\/tranthi.vn\/hatinh\/wp-content\/uploads\/2023\/10\/ghe-tron-GH01-da-nang.jpg\",\"datePublished\":\"2023-10-25T09:30:34+00:00\",\"dateModified\":\"2023-10-25T09:30:34+00:00\",\"breadcrumb\":{\"@id\":\"https:\/\/tranthi.vn\/hatinh\/ghe-tron-gh01-vh-045-x-03\/#breadcrumb\"},\"inLanguage\":\"vi\",\"potentialAction\":[{\"@type\":\"ReadAction\",\"target\":[\"https:\/\/tranthi.vn\/hatinh\/ghe-tron-gh01-vh-045-x-03\/\"]}]},{\"@type\":\"ImageObject\",\"inLanguage\":\"vi\",\"@id\":\"https:\/\/tranthi.vn\/hatinh\/ghe-tron-gh01-vh-045-x-03\/#primaryimage\",\"url\":\"https:\/\/tranthi.vn\/hatinh\/wp-content\/uploads\/2023\/10\/ghe-tron-GH01-da-nang.jpg\",\"contentUrl\":\"https:\/\/tranthi.vn\/hatinh\/wp-content\/uploads\/2023\/10\/ghe-tron-GH01-da-nang.jpg\",\"width\":214,\"height\":223},{\"@type\":\"BreadcrumbList\",\"@id\":\"https:\/\/tranthi.vn\/hatinh\/ghe-tron-gh01-vh-045-x-03\/#breadcrumb\",\"itemListElement\":[{\"@type\":\"ListItem\",\"position\":1,\"name\":\"Trang ch\u1ee7\",\"item\":\"https:\/\/tranthi.vn\/hatinh\/\"},{\"@type\":\"ListItem\",\"position\":2,\"name\":\"Shop\",\"item\":\"https:\/\/tranthi.vn\/hatinh\/shop\/\"},{\"@type\":\"ListItem\",\"position\":3,\"name\":\"Gh\u1ebf tr\u00f2n GH01- VH ( 0,45 x 0,3 )\"}]},{\"@type\":\"WebSite\",\"@id\":\"https:\/\/tranthi.vn\/hatinh\/#website\",\"url\":\"https:\/\/tranthi.vn\/hatinh\/\",\"name\":\"V\u1eadt Li\u1ec7u X\u00e2y D\u1ef1ng Tr\u1ea7n Th\u1ecb Chi Nh\u00e1nh H\u00e0 T\u0129nh\",\"description\":\"V\u1eadt Li\u1ec7u X\u00e2y D\u1ef1ng - H\u00e0 T\u0129nh\",\"potentialAction\":[{\"@type\":\"SearchAction\",\"target\":{\"@type\":\"EntryPoint\",\"urlTemplate\":\"https:\/\/tranthi.vn\/hatinh\/?s={search_term_string}\"},\"query-input\":\"required name=search_term_string\"}],\"inLanguage\":\"vi\"},{\"@type\":\"ImageObject\",\"inLanguage\":\"vi\",\"@id\":\"https:\/\/tranthi.vn\/hatinh\/ghe-tron-gh01-vh-045-x-03\/#local-main-organization-logo\",\"url\":\"\",\"contentUrl\":\"\",\"caption\":\"V\u1eadt Li\u1ec7u X\u00e2y D\u1ef1ng Tr\u1ea7n Th\u1ecb Chi Nh\u00e1nh H\u00e0 T\u0129nh\"}]}<\/script>\n<meta property=\"product:price:amount\" content=\"320000\" \/>\n<meta property=\"product:price:currency\" content=\"VND\" \/>\n<meta property=\"og:availability\" content=\"instock\" \/>\n<meta property=\"product:availability\" content=\"instock\" \/>\n<meta property=\"product:condition\" content=\"new\" \/>\n<!-- \/ Yoast SEO Premium plugin. -->","yoast_head_json":{"title":"Gh\u1ebf tr\u00f2n GH01- VH ( 0,45 x 0,3 ) - V\u1eadt Li\u1ec7u X\u00e2y D\u1ef1ng Tr\u1ea7n Th\u1ecb Chi Nh\u00e1nh H\u00e0 T\u0129nh","robots":{"index":"index","follow":"follow","max-snippet":"max-snippet:-1","max-image-preview":"max-image-preview:large","max-video-preview":"max-video-preview:-1"},"canonical":"https:\/\/tranthi.vn\/hatinh\/ghe-tron-gh01-vh-045-x-03\/","og_locale":"vi_VN","og_type":"article","og_title":"Gh\u1ebf tr\u00f2n GH01- VH ( 0,45 x 0,3 )","og_description":"- M\u1eb7t gh\u1ebf: \u0110\u00e1 Granite b\u00f3ng\/matt , kh\u00f4ng b\u1ecb \u1ed1, kh\u00f4ng b\u1ecb th\u1ea5m \u2026.  -\u0110\u1ed9 d\u00e0y 9mm  - Ch\u00e2n gh\u1ebf: S\u1eaft m\u1ea1 k\u1ebdm  - K\u00edch th\u01b0\u1edbc: Cao x R\u1ed9ng_ ( 0,45 x 0,3 )  \u00a0\u0110\u01a1n v\u1ecb t\u00ednh: C\u00e1i   \u00a0Giao h\u00e0ng n\u1ed9i th\u00e0nh\u00a0\u0110\u00e0 N\u1eb5ng","og_url":"https:\/\/tranthi.vn\/hatinh\/ghe-tron-gh01-vh-045-x-03\/","og_site_name":"V\u1eadt Li\u1ec7u X\u00e2y D\u1ef1ng Tr\u1ea7n Th\u1ecb Chi Nh\u00e1nh H\u00e0 T\u0129nh","og_image":[{"width":214,"height":223,"url":"https:\/\/tranthi.vn\/hatinh\/wp-content\/uploads\/2023\/10\/ghe-tron-GH01-da-nang.jpg","type":"image\/jpeg"}],"twitter_card":"summary_large_image","twitter_misc":{"Gi\u00e1":"320,000&nbsp;&#8363;","Kh\u1ea3 d\u1ee5ng":"Trong kho"},"schema":{"@context":"https:\/\/schema.org","@graph":[{"@type":["WebPage","ItemPage"],"@id":"https:\/\/tranthi.vn\/hatinh\/ghe-tron-gh01-vh-045-x-03\/","url":"https:\/\/tranthi.vn\/hatinh\/ghe-tron-gh01-vh-045-x-03\/","name":"Gh\u1ebf tr\u00f2n GH01- VH ( 0,45 x 0,3 ) - V\u1eadt Li\u1ec7u X\u00e2y D\u1ef1ng Tr\u1ea7n Th\u1ecb Chi Nh\u00e1nh H\u00e0 T\u0129nh","isPartOf":{"@id":"https:\/\/tranthi.vn\/hatinh\/#website"},"primaryImageOfPage":{"@id":"https:\/\/tranthi.vn\/hatinh\/ghe-tron-gh01-vh-045-x-03\/#primaryimage"},"image":{"@id":"https:\/\/tranthi.vn\/hatinh\/ghe-tron-gh01-vh-045-x-03\/#primaryimage"},"thumbnailUrl":"https:\/\/tranthi.vn\/hatinh\/wp-content\/uploads\/2023\/10\/ghe-tron-GH01-da-nang.jpg","datePublished":"2023-10-25T09:30:34+00:00","dateModified":"2023-10-25T09:30:34+00:00","breadcrumb":{"@id":"https:\/\/tranthi.vn\/hatinh\/ghe-tron-gh01-vh-045-x-03\/#breadcrumb"},"inLanguage":"vi","potentialAction":[{"@type":"ReadAction","target":["https:\/\/tranthi.vn\/hatinh\/ghe-tron-gh01-vh-045-x-03\/"]}]},{"@type":"ImageObject","inLanguage":"vi","@id":"https:\/\/tranthi.vn\/hatinh\/ghe-tron-gh01-vh-045-x-03\/#primaryimage","url":"https:\/\/tranthi.vn\/hatinh\/wp-content\/uploads\/2023\/10\/ghe-tron-GH01-da-nang.jpg","contentUrl":"https:\/\/tranthi.vn\/hatinh\/wp-content\/uploads\/2023\/10\/ghe-tron-GH01-da-nang.jpg","width":214,"height":223},{"@type":"BreadcrumbList","@id":"https:\/\/tranthi.vn\/hatinh\/ghe-tron-gh01-vh-045-x-03\/#breadcrumb","itemListElement":[{"@type":"ListItem","position":1,"name":"Trang ch\u1ee7","item":"https:\/\/tranthi.vn\/hatinh\/"},{"@type":"ListItem","position":2,"name":"Shop","item":"https:\/\/tranthi.vn\/hatinh\/shop\/"},{"@type":"ListItem","position":3,"name":"Gh\u1ebf tr\u00f2n GH01- VH ( 0,45 x 0,3 )"}]},{"@type":"WebSite","@id":"https:\/\/tranthi.vn\/hatinh\/#website","url":"https:\/\/tranthi.vn\/hatinh\/","name":"V\u1eadt Li\u1ec7u X\u00e2y D\u1ef1ng Tr\u1ea7n Th\u1ecb Chi Nh\u00e1nh H\u00e0 T\u0129nh","description":"V\u1eadt Li\u1ec7u X\u00e2y D\u1ef1ng - H\u00e0 T\u0129nh","potentialAction":[{"@type":"SearchAction","target":{"@type":"EntryPoint","urlTemplate":"https:\/\/tranthi.vn\/hatinh\/?s={search_term_string}"},"query-input":"required name=search_term_string"}],"inLanguage":"vi"},{"@type":"ImageObject","inLanguage":"vi","@id":"https:\/\/tranthi.vn\/hatinh\/ghe-tron-gh01-vh-045-x-03\/#local-main-organization-logo","url":"","contentUrl":"","caption":"V\u1eadt Li\u1ec7u X\u00e2y D\u1ef1ng Tr\u1ea7n Th\u1ecb Chi Nh\u00e1nh H\u00e0 T\u0129nh"}]},"product_price_amount":"320000","product_price_currency":"VND","og_availability":"instock","product_availability":"instock","product_condition":"new"},"_links":{"self":[{"href":"https:\/\/tranthi.vn\/hatinh\/wp-json\/wp\/v2\/product\/6216","targetHints":{"allow":["GET"]}}],"collection":[{"href":"https:\/\/tranthi.vn\/hatinh\/wp-json\/wp\/v2\/product"}],"about":[{"href":"https:\/\/tranthi.vn\/hatinh\/wp-json\/wp\/v2\/types\/product"}],"replies":[{"embeddable":true,"href":"https:\/\/tranthi.vn\/hatinh\/wp-json\/wp\/v2\/comments?post=6216"}],"wp:featuredmedia":[{"embeddable":true,"href":"https:\/\/tranthi.vn\/hatinh\/wp-json\/wp\/v2\/media\/6217"}],"wp:attachment":[{"href":"https:\/\/tranthi.vn\/hatinh\/wp-json\/wp\/v2\/media?parent=6216"}],"wp:term":[{"taxonomy":"product_cat","embeddable":true,"href":"https:\/\/tranthi.vn\/hatinh\/wp-json\/wp\/v2\/product_cat?post=6216"},{"taxonomy":"product_tag","embeddable":true,"href":"https:\/\/tranthi.vn\/hatinh\/wp-json\/wp\/v2\/product_tag?post=6216"}],"curies":[{"name":"wp","href":"https:\/\/api.w.org\/{rel}","templated":true}]}}