{"id":6068,"date":"2023-10-17T10:39:11","date_gmt":"2023-10-17T03:39:11","guid":{"rendered":"https:\/\/tranthi.vn\/quangnam\/?post_type=product&#038;p=6068"},"modified":"2024-04-23T16:00:35","modified_gmt":"2024-04-23T09:00:35","slug":"tu-bep-tb08-vht","status":"publish","type":"product","link":"https:\/\/tranthi.vn\/hatinh\/tu-bep-tb08-vht\/","title":{"rendered":"T\u1ee7 b\u1ebfp TB08 &#8211; VHT"},"content":{"rendered":"<p style=\"text-align: center;\"><span style=\"text-decoration: underline;\"><span style=\"font-size: 140%;\"><strong><span style=\"font-family: 'times new roman', times, serif; color: #000000; text-decoration: underline;\">T\u1ee6 B\u1ebeP G\u1ed6 C\u00d4NG NGHI\u1ec6P MDF T\u1ea0I \u0110\u00c0 N\u1eb4NG<\/span><\/strong><\/span><\/span><\/p>\n<ul>\n<li><span style=\"font-family: 'times new roman', times, serif; font-size: 130%; color: #000000;\">T\u1ee7 b\u1ebfp d\u01b0\u1edbi m\u00e0u x\u00e1m ghi hi\u1ec7n \u0111\u1ea1i &#8211; sang tr\u1ecdng<\/span><\/li>\n<li><span style=\"font-family: 'times new roman', times, serif; font-size: 130%; color: #000000;\">T\u1ee7 b\u1ebfp tr\u00ean m\u00e0u s\u00e1ng v\u00e2n g\u1ed7 k\u1ebft h\u1ee3p tr\u1eafng t\u1ea1o c\u1ea3m gi\u00e1c s\u00e1ng s\u1ee7a, gi\u00fap c\u0103n b\u1ebfp c\u00f3 s\u1ef1 c\u00e2n b\u1eb1ng v\u1ec1 m\u00e0u s\u1eafc, h\u00e0i ho\u00e0 h\u01a1n, sang tr\u1ecdng h\u01a1n<\/span><\/li>\n<li><span style=\"font-family: 'times new roman', times, serif; font-size: 130%; color: #000000;\">C\u00f3 thi\u1ebft k\u1ebf k\u1ebft h\u1ee3p kh\u00f4ng gian th\u1edd c\u00fang, ph\u00f9 h\u1ee3p v\u1edbi v\u0103n ho\u00e1 c\u1ee7a Vi\u1ec7t Nam<\/span><\/li>\n<\/ul>\n<p><span style=\"text-decoration: underline;\"><strong><span style=\"font-family: 'times new roman', times, serif; font-size: 130%; color: #000000; text-decoration: underline;\">CH\u1ea4T LI\u1ec6U:<\/span><\/strong><\/span><\/p>\n<ul>\n<li><span style=\"font-family: 'times new roman', times, serif; font-size: 130%; color: #000000;\">G\u1ed7 MDF l\u00f5i xanh cao c\u1ea5p ch\u1ed1ng \u1ea9m, ch\u1ed1ng m\u00f3i m\u1ecdt, ch\u1ecbu l\u1ef1c t\u1ed1t, \u0111\u1ed9 b\u1ec1n cao.<\/span><\/li>\n<li><span style=\"font-family: 'times new roman', times, serif; font-size: 130%; color: #000000;\">B\u1ec1 m\u1eb7t \u0111\u01b0\u1ee3c ph\u1ee7 l\u1edbp melamine nh\u1eb5n m\u1ecbn v\u00e0 tr\u01a1n b\u00f3ng d\u1ec5 lau ch\u00f9i<\/span><\/li>\n<\/ul>\n<p><span style=\"font-family: 'times new roman', times, serif; font-size: 130%; color: #000000;\">K\u1ec7 n\u00e2ng h\u1ea1 ch\u00e9n b\u00e1t inox 304 kh\u00f4ng r\u1ec9, c\u00f3 th\u1ec3 n\u00e2ng l\u00ean h\u1ea1 xu\u1ed1ng d\u1ec5 d\u00e0ng \u0111\u1ec3 l\u1ea5y v\u00e0 s\u1eafp x\u1ebfp ch\u00e9n d\u0129a.<\/span><\/p>\n<p><span style=\"font-family: 'times new roman', times, serif; font-size: 130%; color: #000000;\">C\u00e1c ph\u1ee5 ki\u1ec7n kh\u00e1c nh\u01b0: m\u00e1y h\u00fat m\u00f9i, ch\u1eadu r\u1eeda, th\u00f9ng \u0111\u1ef1ng g\u1ea1o&#8230;. \u0111\u1ec1u \u0111\u01b0\u1ee3c cung c\u1ea5p \u0111\u1ea7y \u0111\u1ee7.<\/span><\/p>\n<p><span style=\"font-family: 'times new roman', times, serif; font-size: 130%; color: #000000;\">\u221a C\u00f3 th\u1ec3 thi\u1ebft k\u1ebf ho\u1eb7c thi c\u00f4ng theo k\u00edch th\u01b0\u1edbc v\u00e0 ki\u1ec3u d\u00e1ng theo y\u00eau c\u1ea7u\u00a0<\/span><\/p>\n<p><span style=\"font-family: 'times new roman', times, serif; font-size: 130%; color: #000000;\">\u221a Tu\u1ef3 theo t\u1eebng nhu c\u1ea7u gi\u00e1 c\u00f3 th\u1ec3 thay \u0111\u1ed5i<\/span><\/p>\n<p>&nbsp;<\/p>\n","protected":false},"excerpt":{"rendered":"<p><span style=\"font-size: 130%;\"><strong><span style=\"text-decoration: underline;\"><span style=\"font-family: 'times new roman', times, serif; color: #000000; text-decoration: underline;\">T\u1ee6 B\u1ebeP G\u1ed6 C\u00d4NG NGHI\u1ec6P MDF<\/span><\/span><\/strong><\/span><\/p>\n<p><span style=\"font-family: 'times new roman', times, serif; font-size: 130%; color: #000000;\"><strong>Ch\u1ea5t li\u1ec7u:<\/strong><\/span><\/p>\n<p><span style=\"font-family: 'times new roman', times, serif; font-size: 130%; color: #000000;\">G\u1ed7 MDF l\u00f5i xanh ph\u1ee7 melamine ch\u1ed1ng \u1ea9m<\/span><\/p>\n<p><span style=\"font-family: 'times new roman', times, serif; font-size: 130%; color: #000000;\"><strong>Ph\u1ee5 ki\u1ec7n:<\/strong><\/span><\/p>\n<p><span style=\"font-family: 'times new roman', times, serif; font-size: 130%; color: #000000;\"> <img decoding=\"async\" class=\"emoji\" draggable=\"false\" src=\"https:\/\/s.w.org\/images\/core\/emoji\/12.0.0-1\/svg\/1f61b.svg\" alt=\"\ud83d\ude1b\" \/> B\u1ea3n l\u1ec1 inox 304, tay n\u1eafm nh\u00f4m, Ray bi s\u01a1n t\u0129nh \u0111i\u1ec7n<\/span><\/p>\n<p><span style=\"font-family: 'times new roman', times, serif; font-size: 130%; color: #000000;\"><strong>M\u00e0u s\u1eafc:<\/strong> <\/span><\/p>\n<p><span style=\"font-family: 'times new roman', times, serif; font-size: 130%; color: #000000;\"><img decoding=\"async\" class=\"emoji\" draggable=\"false\" src=\"https:\/\/s.w.org\/images\/core\/emoji\/12.0.0-1\/svg\/1f61b.svg\" alt=\"\ud83d\ude1b\" \/> M\u00e0u x\u00e1m ghi, m\u00e0u g\u1ed7 n\u00e2u s\u00e1ng MS 388 k\u1ebft h\u1ee3p tr\u1eafng<\/span><\/p>\n<p><span style=\"font-family: 'times new roman', times, serif; font-size: 130%; color: #000000;\"><strong>K\u00edch th\u01b0\u1edbc:<\/strong> <\/span><\/p>\n<p><span style=\"font-family: 'times new roman', times, serif; font-size: 130%; color: #000000;\"><img decoding=\"async\" class=\"emoji\" draggable=\"false\" src=\"https:\/\/s.w.org\/images\/core\/emoji\/12.0.0-1\/svg\/1f61b.svg\" alt=\"\ud83d\ude1b\" \/> Theo nhu c\u1ea7u c\u1ee7a kh\u00e1ch<\/span><\/p>\n<p><span style=\"font-family: 'times new roman', times, serif; font-size: 130%; color: #000000;\"><em>V\u1eadn chuy\u1ec3n n\u1ed9i th\u00e0nh <span style=\"text-decoration: underline;\">\u0110\u00e0 N\u1eb5ng<\/span><\/em><\/span><\/p>\n","protected":false},"featured_media":6069,"comment_status":"closed","ping_status":"closed","template":"","meta":[],"product_cat":[286,305],"product_tag":[],"class_list":{"0":"post-6068","1":"product","2":"type-product","3":"status-publish","4":"has-post-thumbnail","6":"product_cat-cua-tu-bep-tu-quan-ao","7":"product_cat-tu-bep-nhua-da-nang","9":"first","10":"instock","11":"shipping-taxable","12":"product-type-simple"},"yoast_head":"<!-- This site is optimized with the Yoast SEO Premium plugin v22.3 (Yoast SEO v22.8) - https:\/\/yoast.com\/wordpress\/plugins\/seo\/ -->\n<title>T\u1ee7 b\u1ebfp TB08 - VHT - V\u1eadt Li\u1ec7u X\u00e2y D\u1ef1ng Tr\u1ea7n Th\u1ecb Chi Nh\u00e1nh H\u00e0 T\u0129nh<\/title>\n<meta name=\"robots\" content=\"index, follow, max-snippet:-1, max-image-preview:large, max-video-preview:-1\" \/>\n<link rel=\"canonical\" href=\"https:\/\/tranthi.vn\/hatinh\/tu-bep-tb08-vht\/\" \/>\n<meta property=\"og:locale\" content=\"vi_VN\" \/>\n<meta property=\"og:type\" content=\"article\" \/>\n<meta property=\"og:title\" content=\"T\u1ee7 b\u1ebfp TB08 - VHT\" \/>\n<meta property=\"og:description\" content=\"T\u1ee6 B\u1ebeP G\u1ed6 C\u00d4NG NGHI\u1ec6P MDF  Ch\u1ea5t li\u1ec7u:  G\u1ed7 MDF l\u00f5i xanh ph\u1ee7 melamine ch\u1ed1ng \u1ea9m  Ph\u1ee5 ki\u1ec7n:   B\u1ea3n l\u1ec1 inox 304, tay n\u1eafm nh\u00f4m, Ray bi s\u01a1n t\u0129nh \u0111i\u1ec7n  M\u00e0u s\u1eafc:   M\u00e0u x\u00e1m ghi, m\u00e0u g\u1ed7 n\u00e2u s\u00e1ng MS 388 k\u1ebft h\u1ee3p tr\u1eafng  K\u00edch th\u01b0\u1edbc:   Theo nhu c\u1ea7u c\u1ee7a kh\u00e1ch  V\u1eadn chuy\u1ec3n n\u1ed9i th\u00e0nh \u0110\u00e0 N\u1eb5ng\" \/>\n<meta property=\"og:url\" content=\"https:\/\/tranthi.vn\/hatinh\/tu-bep-tb08-vht\/\" \/>\n<meta property=\"og:site_name\" content=\"V\u1eadt Li\u1ec7u X\u00e2y D\u1ef1ng Tr\u1ea7n Th\u1ecb Chi Nh\u00e1nh H\u00e0 T\u0129nh\" \/>\n<meta property=\"article:modified_time\" content=\"2024-04-23T09:00:35+00:00\" \/>\n<meta property=\"og:image\" content=\"https:\/\/tranthi.vn\/hatinh\/wp-content\/uploads\/2023\/10\/mau-tu-bep-da-nang.jpg\" \/>\n\t<meta property=\"og:image:width\" content=\"626\" \/>\n\t<meta property=\"og:image:height\" content=\"450\" \/>\n\t<meta property=\"og:image:type\" content=\"image\/jpeg\" \/>\n<meta name=\"twitter:card\" content=\"summary_large_image\" \/>\n<meta name=\"twitter:label1\" content=\"Gi\u00e1\" \/>\n\t<meta name=\"twitter:data1\" content=\"\" \/>\n\t<meta name=\"twitter:label2\" content=\"Kh\u1ea3 d\u1ee5ng\" \/>\n\t<meta name=\"twitter:data2\" content=\"Trong kho\" \/>\n<script type=\"application\/ld+json\" class=\"yoast-schema-graph\">{\"@context\":\"https:\/\/schema.org\",\"@graph\":[{\"@type\":[\"WebPage\",\"ItemPage\"],\"@id\":\"https:\/\/tranthi.vn\/hatinh\/tu-bep-tb08-vht\/\",\"url\":\"https:\/\/tranthi.vn\/hatinh\/tu-bep-tb08-vht\/\",\"name\":\"T\u1ee7 b\u1ebfp TB08 - VHT - V\u1eadt Li\u1ec7u X\u00e2y D\u1ef1ng Tr\u1ea7n Th\u1ecb Chi Nh\u00e1nh H\u00e0 T\u0129nh\",\"isPartOf\":{\"@id\":\"https:\/\/tranthi.vn\/hatinh\/#website\"},\"primaryImageOfPage\":{\"@id\":\"https:\/\/tranthi.vn\/hatinh\/tu-bep-tb08-vht\/#primaryimage\"},\"image\":{\"@id\":\"https:\/\/tranthi.vn\/hatinh\/tu-bep-tb08-vht\/#primaryimage\"},\"thumbnailUrl\":\"https:\/\/tranthi.vn\/hatinh\/wp-content\/uploads\/2023\/10\/mau-tu-bep-da-nang.jpg\",\"datePublished\":\"2023-10-17T03:39:11+00:00\",\"dateModified\":\"2024-04-23T09:00:35+00:00\",\"breadcrumb\":{\"@id\":\"https:\/\/tranthi.vn\/hatinh\/tu-bep-tb08-vht\/#breadcrumb\"},\"inLanguage\":\"vi\",\"potentialAction\":[{\"@type\":\"ReadAction\",\"target\":[\"https:\/\/tranthi.vn\/hatinh\/tu-bep-tb08-vht\/\"]}]},{\"@type\":\"ImageObject\",\"inLanguage\":\"vi\",\"@id\":\"https:\/\/tranthi.vn\/hatinh\/tu-bep-tb08-vht\/#primaryimage\",\"url\":\"https:\/\/tranthi.vn\/hatinh\/wp-content\/uploads\/2023\/10\/mau-tu-bep-da-nang.jpg\",\"contentUrl\":\"https:\/\/tranthi.vn\/hatinh\/wp-content\/uploads\/2023\/10\/mau-tu-bep-da-nang.jpg\",\"width\":626,\"height\":450,\"caption\":\"mau-tu-bep-da-nang.jpg\"},{\"@type\":\"BreadcrumbList\",\"@id\":\"https:\/\/tranthi.vn\/hatinh\/tu-bep-tb08-vht\/#breadcrumb\",\"itemListElement\":[{\"@type\":\"ListItem\",\"position\":1,\"name\":\"Trang ch\u1ee7\",\"item\":\"https:\/\/tranthi.vn\/hatinh\/\"},{\"@type\":\"ListItem\",\"position\":2,\"name\":\"Shop\",\"item\":\"https:\/\/tranthi.vn\/hatinh\/shop\/\"},{\"@type\":\"ListItem\",\"position\":3,\"name\":\"T\u1ee7 b\u1ebfp TB08 &#8211; VHT\"}]},{\"@type\":\"WebSite\",\"@id\":\"https:\/\/tranthi.vn\/hatinh\/#website\",\"url\":\"https:\/\/tranthi.vn\/hatinh\/\",\"name\":\"V\u1eadt Li\u1ec7u X\u00e2y D\u1ef1ng Tr\u1ea7n Th\u1ecb Chi Nh\u00e1nh H\u00e0 T\u0129nh\",\"description\":\"V\u1eadt Li\u1ec7u X\u00e2y D\u1ef1ng - H\u00e0 T\u0129nh\",\"potentialAction\":[{\"@type\":\"SearchAction\",\"target\":{\"@type\":\"EntryPoint\",\"urlTemplate\":\"https:\/\/tranthi.vn\/hatinh\/?s={search_term_string}\"},\"query-input\":\"required name=search_term_string\"}],\"inLanguage\":\"vi\"},{\"@type\":\"ImageObject\",\"inLanguage\":\"vi\",\"@id\":\"https:\/\/tranthi.vn\/hatinh\/tu-bep-tb08-vht\/#local-main-organization-logo\",\"url\":\"\",\"contentUrl\":\"\",\"caption\":\"V\u1eadt Li\u1ec7u X\u00e2y D\u1ef1ng Tr\u1ea7n Th\u1ecb Chi Nh\u00e1nh H\u00e0 T\u0129nh\"}]}<\/script>\n<meta property=\"product:price:amount\" content=\"0\" \/>\n<meta property=\"product:price:currency\" content=\"VND\" \/>\n<meta property=\"og:availability\" content=\"instock\" \/>\n<meta property=\"product:availability\" content=\"instock\" \/>\n<meta property=\"product:condition\" content=\"new\" \/>\n<!-- \/ Yoast SEO Premium plugin. -->","yoast_head_json":{"title":"T\u1ee7 b\u1ebfp TB08 - VHT - V\u1eadt Li\u1ec7u X\u00e2y D\u1ef1ng Tr\u1ea7n Th\u1ecb Chi Nh\u00e1nh H\u00e0 T\u0129nh","robots":{"index":"index","follow":"follow","max-snippet":"max-snippet:-1","max-image-preview":"max-image-preview:large","max-video-preview":"max-video-preview:-1"},"canonical":"https:\/\/tranthi.vn\/hatinh\/tu-bep-tb08-vht\/","og_locale":"vi_VN","og_type":"article","og_title":"T\u1ee7 b\u1ebfp TB08 - VHT","og_description":"T\u1ee6 B\u1ebeP G\u1ed6 C\u00d4NG NGHI\u1ec6P MDF  Ch\u1ea5t li\u1ec7u:  G\u1ed7 MDF l\u00f5i xanh ph\u1ee7 melamine ch\u1ed1ng \u1ea9m  Ph\u1ee5 ki\u1ec7n:   B\u1ea3n l\u1ec1 inox 304, tay n\u1eafm nh\u00f4m, Ray bi s\u01a1n t\u0129nh \u0111i\u1ec7n  M\u00e0u s\u1eafc:   M\u00e0u x\u00e1m ghi, m\u00e0u g\u1ed7 n\u00e2u s\u00e1ng MS 388 k\u1ebft h\u1ee3p tr\u1eafng  K\u00edch th\u01b0\u1edbc:   Theo nhu c\u1ea7u c\u1ee7a kh\u00e1ch  V\u1eadn chuy\u1ec3n n\u1ed9i th\u00e0nh \u0110\u00e0 N\u1eb5ng","og_url":"https:\/\/tranthi.vn\/hatinh\/tu-bep-tb08-vht\/","og_site_name":"V\u1eadt Li\u1ec7u X\u00e2y D\u1ef1ng Tr\u1ea7n Th\u1ecb Chi Nh\u00e1nh H\u00e0 T\u0129nh","article_modified_time":"2024-04-23T09:00:35+00:00","og_image":[{"width":626,"height":450,"url":"https:\/\/tranthi.vn\/hatinh\/wp-content\/uploads\/2023\/10\/mau-tu-bep-da-nang.jpg","type":"image\/jpeg"}],"twitter_card":"summary_large_image","twitter_misc":{"Gi\u00e1":"","Kh\u1ea3 d\u1ee5ng":"Trong kho"},"schema":{"@context":"https:\/\/schema.org","@graph":[{"@type":["WebPage","ItemPage"],"@id":"https:\/\/tranthi.vn\/hatinh\/tu-bep-tb08-vht\/","url":"https:\/\/tranthi.vn\/hatinh\/tu-bep-tb08-vht\/","name":"T\u1ee7 b\u1ebfp TB08 - VHT - V\u1eadt Li\u1ec7u X\u00e2y D\u1ef1ng Tr\u1ea7n Th\u1ecb Chi Nh\u00e1nh H\u00e0 T\u0129nh","isPartOf":{"@id":"https:\/\/tranthi.vn\/hatinh\/#website"},"primaryImageOfPage":{"@id":"https:\/\/tranthi.vn\/hatinh\/tu-bep-tb08-vht\/#primaryimage"},"image":{"@id":"https:\/\/tranthi.vn\/hatinh\/tu-bep-tb08-vht\/#primaryimage"},"thumbnailUrl":"https:\/\/tranthi.vn\/hatinh\/wp-content\/uploads\/2023\/10\/mau-tu-bep-da-nang.jpg","datePublished":"2023-10-17T03:39:11+00:00","dateModified":"2024-04-23T09:00:35+00:00","breadcrumb":{"@id":"https:\/\/tranthi.vn\/hatinh\/tu-bep-tb08-vht\/#breadcrumb"},"inLanguage":"vi","potentialAction":[{"@type":"ReadAction","target":["https:\/\/tranthi.vn\/hatinh\/tu-bep-tb08-vht\/"]}]},{"@type":"ImageObject","inLanguage":"vi","@id":"https:\/\/tranthi.vn\/hatinh\/tu-bep-tb08-vht\/#primaryimage","url":"https:\/\/tranthi.vn\/hatinh\/wp-content\/uploads\/2023\/10\/mau-tu-bep-da-nang.jpg","contentUrl":"https:\/\/tranthi.vn\/hatinh\/wp-content\/uploads\/2023\/10\/mau-tu-bep-da-nang.jpg","width":626,"height":450,"caption":"mau-tu-bep-da-nang.jpg"},{"@type":"BreadcrumbList","@id":"https:\/\/tranthi.vn\/hatinh\/tu-bep-tb08-vht\/#breadcrumb","itemListElement":[{"@type":"ListItem","position":1,"name":"Trang ch\u1ee7","item":"https:\/\/tranthi.vn\/hatinh\/"},{"@type":"ListItem","position":2,"name":"Shop","item":"https:\/\/tranthi.vn\/hatinh\/shop\/"},{"@type":"ListItem","position":3,"name":"T\u1ee7 b\u1ebfp TB08 &#8211; VHT"}]},{"@type":"WebSite","@id":"https:\/\/tranthi.vn\/hatinh\/#website","url":"https:\/\/tranthi.vn\/hatinh\/","name":"V\u1eadt Li\u1ec7u X\u00e2y D\u1ef1ng Tr\u1ea7n Th\u1ecb Chi Nh\u00e1nh H\u00e0 T\u0129nh","description":"V\u1eadt Li\u1ec7u X\u00e2y D\u1ef1ng - H\u00e0 T\u0129nh","potentialAction":[{"@type":"SearchAction","target":{"@type":"EntryPoint","urlTemplate":"https:\/\/tranthi.vn\/hatinh\/?s={search_term_string}"},"query-input":"required name=search_term_string"}],"inLanguage":"vi"},{"@type":"ImageObject","inLanguage":"vi","@id":"https:\/\/tranthi.vn\/hatinh\/tu-bep-tb08-vht\/#local-main-organization-logo","url":"","contentUrl":"","caption":"V\u1eadt Li\u1ec7u X\u00e2y D\u1ef1ng Tr\u1ea7n Th\u1ecb Chi Nh\u00e1nh H\u00e0 T\u0129nh"}]},"product_price_currency":"VND","og_availability":"instock","product_availability":"instock","product_condition":"new"},"_links":{"self":[{"href":"https:\/\/tranthi.vn\/hatinh\/wp-json\/wp\/v2\/product\/6068","targetHints":{"allow":["GET"]}}],"collection":[{"href":"https:\/\/tranthi.vn\/hatinh\/wp-json\/wp\/v2\/product"}],"about":[{"href":"https:\/\/tranthi.vn\/hatinh\/wp-json\/wp\/v2\/types\/product"}],"replies":[{"embeddable":true,"href":"https:\/\/tranthi.vn\/hatinh\/wp-json\/wp\/v2\/comments?post=6068"}],"wp:featuredmedia":[{"embeddable":true,"href":"https:\/\/tranthi.vn\/hatinh\/wp-json\/wp\/v2\/media\/6069"}],"wp:attachment":[{"href":"https:\/\/tranthi.vn\/hatinh\/wp-json\/wp\/v2\/media?parent=6068"}],"wp:term":[{"taxonomy":"product_cat","embeddable":true,"href":"https:\/\/tranthi.vn\/hatinh\/wp-json\/wp\/v2\/product_cat?post=6068"},{"taxonomy":"product_tag","embeddable":true,"href":"https:\/\/tranthi.vn\/hatinh\/wp-json\/wp\/v2\/product_tag?post=6068"}],"curies":[{"name":"wp","href":"https:\/\/api.w.org\/{rel}","templated":true}]}}