{"id":6046,"date":"2023-10-14T10:46:32","date_gmt":"2023-10-14T03:46:32","guid":{"rendered":"https:\/\/tranthi.vn\/quangnam\/?post_type=product&#038;p=6046"},"modified":"2023-10-14T10:46:32","modified_gmt":"2023-10-14T03:46:32","slug":"noi-that-exfa-18l","status":"publish","type":"product","link":"https:\/\/tranthi.vn\/hatinh\/noi-that-exfa-18l\/","title":{"rendered":"N\u1ed9i th\u1ea5t EXFA &#8211; 18L"},"content":{"rendered":"","protected":false},"excerpt":{"rendered":"<p><span style=\"font-family: 'times new roman', times, serif; font-size: 130%; color: #000000;\">S\u01a1n n\u1ed9i th\u1ea5t EXFA<\/span><\/p>\n<p><span style=\"font-family: 'times new roman', times, serif; font-size: 130%; color: #000000;\">\u0110\u01a1n v\u1ecb t\u00ednh: 18L<\/span><\/p>\n<p><span style=\"font-family: 'times new roman', times, serif; font-size: 130%; color: #000000;\">\u0110\u01a1n gi\u00e1: <strong><span style=\"color: #ff0000;\">2.053.000\u0111<\/span><\/strong><\/span><\/p>\n<p><span style=\"font-family: 'times new roman', times, serif; font-size: 130%; color: #000000;\">Th\u00f9ng 18L gi\u00e1 2.053.000\u0111\/th\u00f9ng<\/span><\/p>\n<p><span style=\"font-family: 'times new roman', times, serif; font-size: 130%; color: #000000;\">Lon 5L gi\u00e1 793.000\u0111\/lon<\/span><\/p>\n<p><span style=\"text-decoration: underline;\"><em><span style=\"font-family: 'times new roman', times, serif; font-size: 130%; color: #0000ff; text-decoration: underline;\">\u0110\u01a1n gi\u00e1 app d\u1ee5ng khi mua tr\u00ean 3 s\u1ea3n ph\u1ea9m<\/span><\/em><\/span><\/p>\n<p><span style=\"font-family: 'times new roman', times, serif; font-size: 130%; color: #000000;\">V\u1eadn chuy\u1ec3n n\u1ed9i th\u00e0nh <span style=\"text-decoration: underline;\"><em><span style=\"color: #0000ff; text-decoration: underline;\">\u0110\u00e0 N\u1eb5ng<\/span><\/em><\/span><\/span><\/p>\n<p><em><span style=\"font-family: 'times new roman', times, serif; font-size: 130%; color: #000000;\">Ph\u00ed v\u1eadn chuy\u1ec3n ph\u1ee5 thu\u1ed9c v\u00e0o v\u1ecb tr\u00ed<\/span><\/em><\/p>\n","protected":false},"featured_media":6047,"comment_status":"closed","ping_status":"closed","template":"","meta":[],"product_cat":[139,327,328],"product_tag":[],"class_list":{"0":"post-6046","1":"product","2":"type-product","3":"status-publish","4":"has-post-thumbnail","6":"product_cat-son","7":"product_cat-son-joton","8":"product_cat-son-phu-noi-that","10":"first","11":"instock","12":"sale","13":"shipping-taxable","14":"purchasable","15":"product-type-simple"},"yoast_head":"<!-- This site is optimized with the Yoast SEO Premium plugin v22.3 (Yoast SEO v22.8) - https:\/\/yoast.com\/wordpress\/plugins\/seo\/ -->\n<title>N\u1ed9i th\u1ea5t EXFA - 18L - V\u1eadt Li\u1ec7u X\u00e2y D\u1ef1ng Tr\u1ea7n Th\u1ecb Chi Nh\u00e1nh H\u00e0 T\u0129nh<\/title>\n<meta name=\"robots\" content=\"index, follow, max-snippet:-1, max-image-preview:large, max-video-preview:-1\" \/>\n<link rel=\"canonical\" href=\"https:\/\/tranthi.vn\/hatinh\/noi-that-exfa-18l\/\" \/>\n<meta property=\"og:locale\" content=\"vi_VN\" \/>\n<meta property=\"og:type\" content=\"article\" \/>\n<meta property=\"og:title\" content=\"N\u1ed9i th\u1ea5t EXFA - 18L\" \/>\n<meta property=\"og:description\" content=\"S\u01a1n n\u1ed9i th\u1ea5t EXFA  \u0110\u01a1n v\u1ecb t\u00ednh: 18L  \u0110\u01a1n gi\u00e1: 2.053.000\u0111  Th\u00f9ng 18L gi\u00e1 2.053.000\u0111\/th\u00f9ng  Lon 5L gi\u00e1 793.000\u0111\/lon  \u0110\u01a1n gi\u00e1 app d\u1ee5ng khi mua tr\u00ean 3 s\u1ea3n ph\u1ea9m  V\u1eadn chuy\u1ec3n n\u1ed9i th\u00e0nh \u0110\u00e0 N\u1eb5ng  Ph\u00ed v\u1eadn chuy\u1ec3n ph\u1ee5 thu\u1ed9c v\u00e0o v\u1ecb tr\u00ed\" \/>\n<meta property=\"og:url\" content=\"https:\/\/tranthi.vn\/hatinh\/noi-that-exfa-18l\/\" \/>\n<meta property=\"og:site_name\" content=\"V\u1eadt Li\u1ec7u X\u00e2y D\u1ef1ng Tr\u1ea7n Th\u1ecb Chi Nh\u00e1nh H\u00e0 T\u0129nh\" \/>\n<meta property=\"og:image\" content=\"https:\/\/tranthi.vn\/hatinh\/wp-content\/uploads\/2023\/10\/son-phu-noi-that-joton-exfa-da-nang-copy.jpg\" \/>\n\t<meta property=\"og:image:width\" content=\"387\" \/>\n\t<meta property=\"og:image:height\" content=\"512\" \/>\n\t<meta property=\"og:image:type\" content=\"image\/jpeg\" \/>\n<meta name=\"twitter:card\" content=\"summary_large_image\" \/>\n<meta name=\"twitter:label1\" content=\"Gi\u00e1\" \/>\n\t<meta name=\"twitter:data1\" content=\"2,053,000&nbsp;&#8363;\" \/>\n\t<meta name=\"twitter:label2\" content=\"Kh\u1ea3 d\u1ee5ng\" \/>\n\t<meta name=\"twitter:data2\" content=\"Trong kho\" \/>\n<script type=\"application\/ld+json\" class=\"yoast-schema-graph\">{\"@context\":\"https:\/\/schema.org\",\"@graph\":[{\"@type\":[\"WebPage\",\"ItemPage\"],\"@id\":\"https:\/\/tranthi.vn\/hatinh\/noi-that-exfa-18l\/\",\"url\":\"https:\/\/tranthi.vn\/hatinh\/noi-that-exfa-18l\/\",\"name\":\"N\u1ed9i th\u1ea5t EXFA - 18L - V\u1eadt Li\u1ec7u X\u00e2y D\u1ef1ng Tr\u1ea7n Th\u1ecb Chi Nh\u00e1nh H\u00e0 T\u0129nh\",\"isPartOf\":{\"@id\":\"https:\/\/tranthi.vn\/hatinh\/#website\"},\"primaryImageOfPage\":{\"@id\":\"https:\/\/tranthi.vn\/hatinh\/noi-that-exfa-18l\/#primaryimage\"},\"image\":{\"@id\":\"https:\/\/tranthi.vn\/hatinh\/noi-that-exfa-18l\/#primaryimage\"},\"thumbnailUrl\":\"https:\/\/tranthi.vn\/hatinh\/wp-content\/uploads\/2023\/10\/son-phu-noi-that-joton-exfa-da-nang-copy.jpg\",\"datePublished\":\"2023-10-14T03:46:32+00:00\",\"dateModified\":\"2023-10-14T03:46:32+00:00\",\"breadcrumb\":{\"@id\":\"https:\/\/tranthi.vn\/hatinh\/noi-that-exfa-18l\/#breadcrumb\"},\"inLanguage\":\"vi\",\"potentialAction\":[{\"@type\":\"ReadAction\",\"target\":[\"https:\/\/tranthi.vn\/hatinh\/noi-that-exfa-18l\/\"]}]},{\"@type\":\"ImageObject\",\"inLanguage\":\"vi\",\"@id\":\"https:\/\/tranthi.vn\/hatinh\/noi-that-exfa-18l\/#primaryimage\",\"url\":\"https:\/\/tranthi.vn\/hatinh\/wp-content\/uploads\/2023\/10\/son-phu-noi-that-joton-exfa-da-nang-copy.jpg\",\"contentUrl\":\"https:\/\/tranthi.vn\/hatinh\/wp-content\/uploads\/2023\/10\/son-phu-noi-that-joton-exfa-da-nang-copy.jpg\",\"width\":387,\"height\":512,\"caption\":\"son-phu-noi-that-joton-exfa-da-nang-copy.jpg\"},{\"@type\":\"BreadcrumbList\",\"@id\":\"https:\/\/tranthi.vn\/hatinh\/noi-that-exfa-18l\/#breadcrumb\",\"itemListElement\":[{\"@type\":\"ListItem\",\"position\":1,\"name\":\"Trang ch\u1ee7\",\"item\":\"https:\/\/tranthi.vn\/hatinh\/\"},{\"@type\":\"ListItem\",\"position\":2,\"name\":\"Shop\",\"item\":\"https:\/\/tranthi.vn\/hatinh\/shop\/\"},{\"@type\":\"ListItem\",\"position\":3,\"name\":\"N\u1ed9i th\u1ea5t EXFA &#8211; 18L\"}]},{\"@type\":\"WebSite\",\"@id\":\"https:\/\/tranthi.vn\/hatinh\/#website\",\"url\":\"https:\/\/tranthi.vn\/hatinh\/\",\"name\":\"V\u1eadt Li\u1ec7u X\u00e2y D\u1ef1ng Tr\u1ea7n Th\u1ecb Chi Nh\u00e1nh H\u00e0 T\u0129nh\",\"description\":\"V\u1eadt Li\u1ec7u X\u00e2y D\u1ef1ng - H\u00e0 T\u0129nh\",\"potentialAction\":[{\"@type\":\"SearchAction\",\"target\":{\"@type\":\"EntryPoint\",\"urlTemplate\":\"https:\/\/tranthi.vn\/hatinh\/?s={search_term_string}\"},\"query-input\":\"required name=search_term_string\"}],\"inLanguage\":\"vi\"},{\"@type\":\"ImageObject\",\"inLanguage\":\"vi\",\"@id\":\"https:\/\/tranthi.vn\/hatinh\/noi-that-exfa-18l\/#local-main-organization-logo\",\"url\":\"\",\"contentUrl\":\"\",\"caption\":\"V\u1eadt Li\u1ec7u X\u00e2y D\u1ef1ng Tr\u1ea7n Th\u1ecb Chi Nh\u00e1nh H\u00e0 T\u0129nh\"}]}<\/script>\n<meta property=\"product:price:amount\" content=\"2053000\" \/>\n<meta property=\"product:price:currency\" content=\"VND\" \/>\n<meta property=\"og:availability\" content=\"instock\" \/>\n<meta property=\"product:availability\" content=\"instock\" \/>\n<meta property=\"product:condition\" content=\"new\" \/>\n<!-- \/ Yoast SEO Premium plugin. -->","yoast_head_json":{"title":"N\u1ed9i th\u1ea5t EXFA - 18L - V\u1eadt Li\u1ec7u X\u00e2y D\u1ef1ng Tr\u1ea7n Th\u1ecb Chi Nh\u00e1nh H\u00e0 T\u0129nh","robots":{"index":"index","follow":"follow","max-snippet":"max-snippet:-1","max-image-preview":"max-image-preview:large","max-video-preview":"max-video-preview:-1"},"canonical":"https:\/\/tranthi.vn\/hatinh\/noi-that-exfa-18l\/","og_locale":"vi_VN","og_type":"article","og_title":"N\u1ed9i th\u1ea5t EXFA - 18L","og_description":"S\u01a1n n\u1ed9i th\u1ea5t EXFA  \u0110\u01a1n v\u1ecb t\u00ednh: 18L  \u0110\u01a1n gi\u00e1: 2.053.000\u0111  Th\u00f9ng 18L gi\u00e1 2.053.000\u0111\/th\u00f9ng  Lon 5L gi\u00e1 793.000\u0111\/lon  \u0110\u01a1n gi\u00e1 app d\u1ee5ng khi mua tr\u00ean 3 s\u1ea3n ph\u1ea9m  V\u1eadn chuy\u1ec3n n\u1ed9i th\u00e0nh \u0110\u00e0 N\u1eb5ng  Ph\u00ed v\u1eadn chuy\u1ec3n ph\u1ee5 thu\u1ed9c v\u00e0o v\u1ecb tr\u00ed","og_url":"https:\/\/tranthi.vn\/hatinh\/noi-that-exfa-18l\/","og_site_name":"V\u1eadt Li\u1ec7u X\u00e2y D\u1ef1ng Tr\u1ea7n Th\u1ecb Chi Nh\u00e1nh H\u00e0 T\u0129nh","og_image":[{"width":387,"height":512,"url":"https:\/\/tranthi.vn\/hatinh\/wp-content\/uploads\/2023\/10\/son-phu-noi-that-joton-exfa-da-nang-copy.jpg","type":"image\/jpeg"}],"twitter_card":"summary_large_image","twitter_misc":{"Gi\u00e1":"2,053,000&nbsp;&#8363;","Kh\u1ea3 d\u1ee5ng":"Trong kho"},"schema":{"@context":"https:\/\/schema.org","@graph":[{"@type":["WebPage","ItemPage"],"@id":"https:\/\/tranthi.vn\/hatinh\/noi-that-exfa-18l\/","url":"https:\/\/tranthi.vn\/hatinh\/noi-that-exfa-18l\/","name":"N\u1ed9i th\u1ea5t EXFA - 18L - V\u1eadt Li\u1ec7u X\u00e2y D\u1ef1ng Tr\u1ea7n Th\u1ecb Chi Nh\u00e1nh H\u00e0 T\u0129nh","isPartOf":{"@id":"https:\/\/tranthi.vn\/hatinh\/#website"},"primaryImageOfPage":{"@id":"https:\/\/tranthi.vn\/hatinh\/noi-that-exfa-18l\/#primaryimage"},"image":{"@id":"https:\/\/tranthi.vn\/hatinh\/noi-that-exfa-18l\/#primaryimage"},"thumbnailUrl":"https:\/\/tranthi.vn\/hatinh\/wp-content\/uploads\/2023\/10\/son-phu-noi-that-joton-exfa-da-nang-copy.jpg","datePublished":"2023-10-14T03:46:32+00:00","dateModified":"2023-10-14T03:46:32+00:00","breadcrumb":{"@id":"https:\/\/tranthi.vn\/hatinh\/noi-that-exfa-18l\/#breadcrumb"},"inLanguage":"vi","potentialAction":[{"@type":"ReadAction","target":["https:\/\/tranthi.vn\/hatinh\/noi-that-exfa-18l\/"]}]},{"@type":"ImageObject","inLanguage":"vi","@id":"https:\/\/tranthi.vn\/hatinh\/noi-that-exfa-18l\/#primaryimage","url":"https:\/\/tranthi.vn\/hatinh\/wp-content\/uploads\/2023\/10\/son-phu-noi-that-joton-exfa-da-nang-copy.jpg","contentUrl":"https:\/\/tranthi.vn\/hatinh\/wp-content\/uploads\/2023\/10\/son-phu-noi-that-joton-exfa-da-nang-copy.jpg","width":387,"height":512,"caption":"son-phu-noi-that-joton-exfa-da-nang-copy.jpg"},{"@type":"BreadcrumbList","@id":"https:\/\/tranthi.vn\/hatinh\/noi-that-exfa-18l\/#breadcrumb","itemListElement":[{"@type":"ListItem","position":1,"name":"Trang ch\u1ee7","item":"https:\/\/tranthi.vn\/hatinh\/"},{"@type":"ListItem","position":2,"name":"Shop","item":"https:\/\/tranthi.vn\/hatinh\/shop\/"},{"@type":"ListItem","position":3,"name":"N\u1ed9i th\u1ea5t EXFA &#8211; 18L"}]},{"@type":"WebSite","@id":"https:\/\/tranthi.vn\/hatinh\/#website","url":"https:\/\/tranthi.vn\/hatinh\/","name":"V\u1eadt Li\u1ec7u X\u00e2y D\u1ef1ng Tr\u1ea7n Th\u1ecb Chi Nh\u00e1nh H\u00e0 T\u0129nh","description":"V\u1eadt Li\u1ec7u X\u00e2y D\u1ef1ng - H\u00e0 T\u0129nh","potentialAction":[{"@type":"SearchAction","target":{"@type":"EntryPoint","urlTemplate":"https:\/\/tranthi.vn\/hatinh\/?s={search_term_string}"},"query-input":"required name=search_term_string"}],"inLanguage":"vi"},{"@type":"ImageObject","inLanguage":"vi","@id":"https:\/\/tranthi.vn\/hatinh\/noi-that-exfa-18l\/#local-main-organization-logo","url":"","contentUrl":"","caption":"V\u1eadt Li\u1ec7u X\u00e2y D\u1ef1ng Tr\u1ea7n Th\u1ecb Chi Nh\u00e1nh H\u00e0 T\u0129nh"}]},"product_price_amount":"2053000","product_price_currency":"VND","og_availability":"instock","product_availability":"instock","product_condition":"new"},"_links":{"self":[{"href":"https:\/\/tranthi.vn\/hatinh\/wp-json\/wp\/v2\/product\/6046","targetHints":{"allow":["GET"]}}],"collection":[{"href":"https:\/\/tranthi.vn\/hatinh\/wp-json\/wp\/v2\/product"}],"about":[{"href":"https:\/\/tranthi.vn\/hatinh\/wp-json\/wp\/v2\/types\/product"}],"replies":[{"embeddable":true,"href":"https:\/\/tranthi.vn\/hatinh\/wp-json\/wp\/v2\/comments?post=6046"}],"wp:featuredmedia":[{"embeddable":true,"href":"https:\/\/tranthi.vn\/hatinh\/wp-json\/wp\/v2\/media\/6047"}],"wp:attachment":[{"href":"https:\/\/tranthi.vn\/hatinh\/wp-json\/wp\/v2\/media?parent=6046"}],"wp:term":[{"taxonomy":"product_cat","embeddable":true,"href":"https:\/\/tranthi.vn\/hatinh\/wp-json\/wp\/v2\/product_cat?post=6046"},{"taxonomy":"product_tag","embeddable":true,"href":"https:\/\/tranthi.vn\/hatinh\/wp-json\/wp\/v2\/product_tag?post=6046"}],"curies":[{"name":"wp","href":"https:\/\/api.w.org\/{rel}","templated":true}]}}