{"id":5935,"date":"2023-09-12T15:21:32","date_gmt":"2023-09-12T08:21:32","guid":{"rendered":"https:\/\/tranthi.vn\/quangnam\/?post_type=product&#038;p=5935"},"modified":"2023-09-12T15:21:32","modified_gmt":"2023-09-12T08:21:32","slug":"gach-do-40x40","status":"publish","type":"product","link":"https:\/\/tranthi.vn\/hatinh\/gach-do-40x40\/","title":{"rendered":"G\u1ea1ch \u0111\u1ecf 40&#215;40"},"content":{"rendered":"","protected":false},"excerpt":{"rendered":"<p><span style=\"font-family: 'times new roman', times, serif; color: #000000;\"><img decoding=\"async\" class=\"emoji\" role=\"img\" draggable=\"false\" src=\"https:\/\/s.w.org\/images\/core\/emoji\/14.0.0\/svg\/1f61b.svg\" alt=\"\ud83d\ude1b\" \/><span style=\"font-size: 120%;\">\u00a0\u0110\u01a1n v\u1ecb t\u00ednh: M\u00e9t<\/span><\/span><\/p>\n<p><span style=\"font-family: 'times new roman', times, serif; font-size: 120%; color: #000000;\"><img decoding=\"async\" class=\"emoji\" role=\"img\" draggable=\"false\" src=\"https:\/\/s.w.org\/images\/core\/emoji\/14.0.0\/svg\/1f61b.svg\" alt=\"\ud83d\ude1b\" \/>\u00a0\u0110\u01a1n gi\u00e1<em><strong>:\u00a0<a style=\"color: #000000;\" href=\"http:\/\/tranthi.vn\/quangnam\/?post_type=product&amp;p=4375&amp;preview=true\">G\u1ea1ch L\u00e1t V\u1ec9a H\u00e8\u00a0<\/a><\/strong><\/em>trong n\u1ed9i th\u00e0nh \u0110\u00e0 N\u1eb5ng<\/span><\/p>\n<p><span style=\"font-family: 'times new roman', times, serif; font-size: 120%; color: #000000;\">K\u00edch th\u01b0\u1edbc: 40&#215;40<\/span><\/p>\n<p><span style=\"font-family: 'times new roman', times, serif; font-size: 120%; color: #000000;\"><strong>\u00a0Gi\u00e1: <span style=\"color: #ed1c24;\">99.000\/M2<\/span><\/strong><\/span><\/p>\n<p><span style=\"font-family: 'times new roman', times, serif; font-size: 120%; color: #000000;\"><img decoding=\"async\" class=\"emoji\" role=\"img\" draggable=\"false\" src=\"https:\/\/s.w.org\/images\/core\/emoji\/14.0.0\/svg\/1f61b.svg\" alt=\"\ud83d\ude1b\" \/>\u00a0Mi\u1ec5n ph\u00ed giao h\u00e0ng tr\u00ean 50m<\/span><\/p>\n<p><span style=\"font-family: 'times new roman', times, serif; font-size: 120%; color: #000000;\"><img decoding=\"async\" class=\"emoji\" role=\"img\" draggable=\"false\" src=\"https:\/\/s.w.org\/images\/core\/emoji\/14.0.0\/svg\/1f61b.svg\" alt=\"\ud83d\ude1b\" \/>\u00a0D\u01b0\u1edbi 50m t\u00ednh ph\u00ed v\u1eadn chuy\u1ec3n tu\u1ef3 v\u00e0o v\u1ecb tr\u00ed<\/span><\/p>\n<p><span style=\"font-family: 'times new roman', times, serif; font-size: 120%; color: #000000;\"><img decoding=\"async\" class=\"emoji\" role=\"img\" draggable=\"false\" src=\"https:\/\/s.w.org\/images\/core\/emoji\/14.0.0\/svg\/1f61b.svg\" alt=\"\ud83d\ude1b\" \/>\u00a0Giao h\u00e0ng trong \u0111\u1ecba b\u00e0n\u00a0<em><a style=\"color: #000000;\" href=\"https:\/\/fr.wikipedia.org\/wiki\/Da_Nang\"><strong>\u0110\u00e0 N\u1eb5ng<\/strong><\/a>\u00a0<\/em><\/span><\/p>\n","protected":false},"featured_media":5936,"comment_status":"closed","ping_status":"closed","template":"","meta":[],"product_cat":[95],"product_tag":[],"class_list":{"0":"post-5935","1":"product","2":"type-product","3":"status-publish","4":"has-post-thumbnail","6":"product_cat-gach-lat-via-he","8":"first","9":"instock","10":"sale","11":"shipping-taxable","12":"purchasable","13":"product-type-simple"},"yoast_head":"<!-- This site is optimized with the Yoast SEO Premium plugin v22.3 (Yoast SEO v22.8) - https:\/\/yoast.com\/wordpress\/plugins\/seo\/ -->\n<title>G\u1ea1ch \u0111\u1ecf 40x40 - V\u1eadt Li\u1ec7u X\u00e2y D\u1ef1ng Tr\u1ea7n Th\u1ecb Chi Nh\u00e1nh H\u00e0 T\u0129nh<\/title>\n<meta name=\"robots\" content=\"index, follow, max-snippet:-1, max-image-preview:large, max-video-preview:-1\" \/>\n<link rel=\"canonical\" href=\"https:\/\/tranthi.vn\/hatinh\/gach-do-40x40\/\" \/>\n<meta property=\"og:locale\" content=\"vi_VN\" \/>\n<meta property=\"og:type\" content=\"article\" \/>\n<meta property=\"og:title\" content=\"G\u1ea1ch \u0111\u1ecf 40x40\" \/>\n<meta property=\"og:description\" content=\"\u00a0\u0110\u01a1n v\u1ecb t\u00ednh: M\u00e9t  \u00a0\u0110\u01a1n gi\u00e1:\u00a0G\u1ea1ch L\u00e1t V\u1ec9a H\u00e8\u00a0trong n\u1ed9i th\u00e0nh \u0110\u00e0 N\u1eb5ng  K\u00edch th\u01b0\u1edbc: 40x40  \u00a0Gi\u00e1: 99.000\/M2  \u00a0Mi\u1ec5n ph\u00ed giao h\u00e0ng tr\u00ean 50m  \u00a0D\u01b0\u1edbi 50m t\u00ednh ph\u00ed v\u1eadn chuy\u1ec3n tu\u1ef3 v\u00e0o v\u1ecb tr\u00ed  \u00a0Giao h\u00e0ng trong \u0111\u1ecba b\u00e0n\u00a0\u0110\u00e0 N\u1eb5ng\u00a0\" \/>\n<meta property=\"og:url\" content=\"https:\/\/tranthi.vn\/hatinh\/gach-do-40x40\/\" \/>\n<meta property=\"og:site_name\" content=\"V\u1eadt Li\u1ec7u X\u00e2y D\u1ef1ng Tr\u1ea7n Th\u1ecb Chi Nh\u00e1nh H\u00e0 T\u0129nh\" \/>\n<meta property=\"og:image\" content=\"https:\/\/tranthi.vn\/hatinh\/wp-content\/uploads\/2023\/09\/Mau-gach-via-he-mau-do-tai-da-nang.jpg\" \/>\n\t<meta property=\"og:image:width\" content=\"500\" \/>\n\t<meta property=\"og:image:height\" content=\"554\" \/>\n\t<meta property=\"og:image:type\" content=\"image\/jpeg\" \/>\n<meta name=\"twitter:card\" content=\"summary_large_image\" \/>\n<meta name=\"twitter:label1\" content=\"Gi\u00e1\" \/>\n\t<meta name=\"twitter:data1\" content=\"99,000&nbsp;&#8363;\" \/>\n\t<meta name=\"twitter:label2\" content=\"Kh\u1ea3 d\u1ee5ng\" \/>\n\t<meta name=\"twitter:data2\" content=\"Trong kho\" \/>\n<script type=\"application\/ld+json\" class=\"yoast-schema-graph\">{\"@context\":\"https:\/\/schema.org\",\"@graph\":[{\"@type\":[\"WebPage\",\"ItemPage\"],\"@id\":\"https:\/\/tranthi.vn\/hatinh\/gach-do-40x40\/\",\"url\":\"https:\/\/tranthi.vn\/hatinh\/gach-do-40x40\/\",\"name\":\"G\u1ea1ch \u0111\u1ecf 40x40 - V\u1eadt Li\u1ec7u X\u00e2y D\u1ef1ng Tr\u1ea7n Th\u1ecb Chi Nh\u00e1nh H\u00e0 T\u0129nh\",\"isPartOf\":{\"@id\":\"https:\/\/tranthi.vn\/hatinh\/#website\"},\"primaryImageOfPage\":{\"@id\":\"https:\/\/tranthi.vn\/hatinh\/gach-do-40x40\/#primaryimage\"},\"image\":{\"@id\":\"https:\/\/tranthi.vn\/hatinh\/gach-do-40x40\/#primaryimage\"},\"thumbnailUrl\":\"https:\/\/tranthi.vn\/hatinh\/wp-content\/uploads\/2023\/09\/Mau-gach-via-he-mau-do-tai-da-nang.jpg\",\"datePublished\":\"2023-09-12T08:21:32+00:00\",\"dateModified\":\"2023-09-12T08:21:32+00:00\",\"breadcrumb\":{\"@id\":\"https:\/\/tranthi.vn\/hatinh\/gach-do-40x40\/#breadcrumb\"},\"inLanguage\":\"vi\",\"potentialAction\":[{\"@type\":\"ReadAction\",\"target\":[\"https:\/\/tranthi.vn\/hatinh\/gach-do-40x40\/\"]}]},{\"@type\":\"ImageObject\",\"inLanguage\":\"vi\",\"@id\":\"https:\/\/tranthi.vn\/hatinh\/gach-do-40x40\/#primaryimage\",\"url\":\"https:\/\/tranthi.vn\/hatinh\/wp-content\/uploads\/2023\/09\/Mau-gach-via-he-mau-do-tai-da-nang.jpg\",\"contentUrl\":\"https:\/\/tranthi.vn\/hatinh\/wp-content\/uploads\/2023\/09\/Mau-gach-via-he-mau-do-tai-da-nang.jpg\",\"width\":500,\"height\":554,\"caption\":\"Mau-gach-via-he-mau-do-tai-da-nang.jpg\"},{\"@type\":\"BreadcrumbList\",\"@id\":\"https:\/\/tranthi.vn\/hatinh\/gach-do-40x40\/#breadcrumb\",\"itemListElement\":[{\"@type\":\"ListItem\",\"position\":1,\"name\":\"Trang ch\u1ee7\",\"item\":\"https:\/\/tranthi.vn\/hatinh\/\"},{\"@type\":\"ListItem\",\"position\":2,\"name\":\"Shop\",\"item\":\"https:\/\/tranthi.vn\/hatinh\/shop\/\"},{\"@type\":\"ListItem\",\"position\":3,\"name\":\"G\u1ea1ch \u0111\u1ecf 40&#215;40\"}]},{\"@type\":\"WebSite\",\"@id\":\"https:\/\/tranthi.vn\/hatinh\/#website\",\"url\":\"https:\/\/tranthi.vn\/hatinh\/\",\"name\":\"V\u1eadt Li\u1ec7u X\u00e2y D\u1ef1ng Tr\u1ea7n Th\u1ecb Chi Nh\u00e1nh H\u00e0 T\u0129nh\",\"description\":\"V\u1eadt Li\u1ec7u X\u00e2y D\u1ef1ng - H\u00e0 T\u0129nh\",\"potentialAction\":[{\"@type\":\"SearchAction\",\"target\":{\"@type\":\"EntryPoint\",\"urlTemplate\":\"https:\/\/tranthi.vn\/hatinh\/?s={search_term_string}\"},\"query-input\":\"required name=search_term_string\"}],\"inLanguage\":\"vi\"},{\"@type\":\"ImageObject\",\"inLanguage\":\"vi\",\"@id\":\"https:\/\/tranthi.vn\/hatinh\/gach-do-40x40\/#local-main-organization-logo\",\"url\":\"\",\"contentUrl\":\"\",\"caption\":\"V\u1eadt Li\u1ec7u X\u00e2y D\u1ef1ng Tr\u1ea7n Th\u1ecb Chi Nh\u00e1nh H\u00e0 T\u0129nh\"}]}<\/script>\n<meta property=\"product:price:amount\" content=\"99000\" \/>\n<meta property=\"product:price:currency\" content=\"VND\" \/>\n<meta property=\"og:availability\" content=\"instock\" \/>\n<meta property=\"product:availability\" content=\"instock\" \/>\n<meta property=\"product:condition\" content=\"new\" \/>\n<!-- \/ Yoast SEO Premium plugin. -->","yoast_head_json":{"title":"G\u1ea1ch \u0111\u1ecf 40x40 - V\u1eadt Li\u1ec7u X\u00e2y D\u1ef1ng Tr\u1ea7n Th\u1ecb Chi Nh\u00e1nh H\u00e0 T\u0129nh","robots":{"index":"index","follow":"follow","max-snippet":"max-snippet:-1","max-image-preview":"max-image-preview:large","max-video-preview":"max-video-preview:-1"},"canonical":"https:\/\/tranthi.vn\/hatinh\/gach-do-40x40\/","og_locale":"vi_VN","og_type":"article","og_title":"G\u1ea1ch \u0111\u1ecf 40x40","og_description":"\u00a0\u0110\u01a1n v\u1ecb t\u00ednh: M\u00e9t  \u00a0\u0110\u01a1n gi\u00e1:\u00a0G\u1ea1ch L\u00e1t V\u1ec9a H\u00e8\u00a0trong n\u1ed9i th\u00e0nh \u0110\u00e0 N\u1eb5ng  K\u00edch th\u01b0\u1edbc: 40x40  \u00a0Gi\u00e1: 99.000\/M2  \u00a0Mi\u1ec5n ph\u00ed giao h\u00e0ng tr\u00ean 50m  \u00a0D\u01b0\u1edbi 50m t\u00ednh ph\u00ed v\u1eadn chuy\u1ec3n tu\u1ef3 v\u00e0o v\u1ecb tr\u00ed  \u00a0Giao h\u00e0ng trong \u0111\u1ecba b\u00e0n\u00a0\u0110\u00e0 N\u1eb5ng\u00a0","og_url":"https:\/\/tranthi.vn\/hatinh\/gach-do-40x40\/","og_site_name":"V\u1eadt Li\u1ec7u X\u00e2y D\u1ef1ng Tr\u1ea7n Th\u1ecb Chi Nh\u00e1nh H\u00e0 T\u0129nh","og_image":[{"width":500,"height":554,"url":"https:\/\/tranthi.vn\/hatinh\/wp-content\/uploads\/2023\/09\/Mau-gach-via-he-mau-do-tai-da-nang.jpg","type":"image\/jpeg"}],"twitter_card":"summary_large_image","twitter_misc":{"Gi\u00e1":"99,000&nbsp;&#8363;","Kh\u1ea3 d\u1ee5ng":"Trong kho"},"schema":{"@context":"https:\/\/schema.org","@graph":[{"@type":["WebPage","ItemPage"],"@id":"https:\/\/tranthi.vn\/hatinh\/gach-do-40x40\/","url":"https:\/\/tranthi.vn\/hatinh\/gach-do-40x40\/","name":"G\u1ea1ch \u0111\u1ecf 40x40 - V\u1eadt Li\u1ec7u X\u00e2y D\u1ef1ng Tr\u1ea7n Th\u1ecb Chi Nh\u00e1nh H\u00e0 T\u0129nh","isPartOf":{"@id":"https:\/\/tranthi.vn\/hatinh\/#website"},"primaryImageOfPage":{"@id":"https:\/\/tranthi.vn\/hatinh\/gach-do-40x40\/#primaryimage"},"image":{"@id":"https:\/\/tranthi.vn\/hatinh\/gach-do-40x40\/#primaryimage"},"thumbnailUrl":"https:\/\/tranthi.vn\/hatinh\/wp-content\/uploads\/2023\/09\/Mau-gach-via-he-mau-do-tai-da-nang.jpg","datePublished":"2023-09-12T08:21:32+00:00","dateModified":"2023-09-12T08:21:32+00:00","breadcrumb":{"@id":"https:\/\/tranthi.vn\/hatinh\/gach-do-40x40\/#breadcrumb"},"inLanguage":"vi","potentialAction":[{"@type":"ReadAction","target":["https:\/\/tranthi.vn\/hatinh\/gach-do-40x40\/"]}]},{"@type":"ImageObject","inLanguage":"vi","@id":"https:\/\/tranthi.vn\/hatinh\/gach-do-40x40\/#primaryimage","url":"https:\/\/tranthi.vn\/hatinh\/wp-content\/uploads\/2023\/09\/Mau-gach-via-he-mau-do-tai-da-nang.jpg","contentUrl":"https:\/\/tranthi.vn\/hatinh\/wp-content\/uploads\/2023\/09\/Mau-gach-via-he-mau-do-tai-da-nang.jpg","width":500,"height":554,"caption":"Mau-gach-via-he-mau-do-tai-da-nang.jpg"},{"@type":"BreadcrumbList","@id":"https:\/\/tranthi.vn\/hatinh\/gach-do-40x40\/#breadcrumb","itemListElement":[{"@type":"ListItem","position":1,"name":"Trang ch\u1ee7","item":"https:\/\/tranthi.vn\/hatinh\/"},{"@type":"ListItem","position":2,"name":"Shop","item":"https:\/\/tranthi.vn\/hatinh\/shop\/"},{"@type":"ListItem","position":3,"name":"G\u1ea1ch \u0111\u1ecf 40&#215;40"}]},{"@type":"WebSite","@id":"https:\/\/tranthi.vn\/hatinh\/#website","url":"https:\/\/tranthi.vn\/hatinh\/","name":"V\u1eadt Li\u1ec7u X\u00e2y D\u1ef1ng Tr\u1ea7n Th\u1ecb Chi Nh\u00e1nh H\u00e0 T\u0129nh","description":"V\u1eadt Li\u1ec7u X\u00e2y D\u1ef1ng - H\u00e0 T\u0129nh","potentialAction":[{"@type":"SearchAction","target":{"@type":"EntryPoint","urlTemplate":"https:\/\/tranthi.vn\/hatinh\/?s={search_term_string}"},"query-input":"required name=search_term_string"}],"inLanguage":"vi"},{"@type":"ImageObject","inLanguage":"vi","@id":"https:\/\/tranthi.vn\/hatinh\/gach-do-40x40\/#local-main-organization-logo","url":"","contentUrl":"","caption":"V\u1eadt Li\u1ec7u X\u00e2y D\u1ef1ng Tr\u1ea7n Th\u1ecb Chi Nh\u00e1nh H\u00e0 T\u0129nh"}]},"product_price_amount":"99000","product_price_currency":"VND","og_availability":"instock","product_availability":"instock","product_condition":"new"},"_links":{"self":[{"href":"https:\/\/tranthi.vn\/hatinh\/wp-json\/wp\/v2\/product\/5935","targetHints":{"allow":["GET"]}}],"collection":[{"href":"https:\/\/tranthi.vn\/hatinh\/wp-json\/wp\/v2\/product"}],"about":[{"href":"https:\/\/tranthi.vn\/hatinh\/wp-json\/wp\/v2\/types\/product"}],"replies":[{"embeddable":true,"href":"https:\/\/tranthi.vn\/hatinh\/wp-json\/wp\/v2\/comments?post=5935"}],"wp:featuredmedia":[{"embeddable":true,"href":"https:\/\/tranthi.vn\/hatinh\/wp-json\/wp\/v2\/media\/5936"}],"wp:attachment":[{"href":"https:\/\/tranthi.vn\/hatinh\/wp-json\/wp\/v2\/media?parent=5935"}],"wp:term":[{"taxonomy":"product_cat","embeddable":true,"href":"https:\/\/tranthi.vn\/hatinh\/wp-json\/wp\/v2\/product_cat?post=5935"},{"taxonomy":"product_tag","embeddable":true,"href":"https:\/\/tranthi.vn\/hatinh\/wp-json\/wp\/v2\/product_tag?post=5935"}],"curies":[{"name":"wp","href":"https:\/\/api.w.org\/{rel}","templated":true}]}}