{"id":5646,"date":"2023-08-08T14:57:53","date_gmt":"2023-08-08T07:57:53","guid":{"rendered":"https:\/\/tranthi.vn\/quangnam\/?post_type=product&#038;p=5646"},"modified":"2024-07-30T16:56:03","modified_gmt":"2024-07-30T09:56:03","slug":"combo-nha-tam-gia-re-ha-tinh","status":"publish","type":"product","link":"https:\/\/tranthi.vn\/hatinh\/combo-nha-tam-gia-re-ha-tinh\/","title":{"rendered":"Combo Nh\u00e0 T\u1eafm 04 -TL"},"content":{"rendered":"<figure id=\"attachment_5919\" aria-describedby=\"caption-attachment-5919\" style=\"width: 534px\" class=\"wp-caption aligncenter\"><img loading=\"lazy\" decoding=\"async\" class=\" wp-image-5919\" src=\"https:\/\/tranthi.vn\/quangnam\/wp-content\/uploads\/2023\/08\/Mau-bon-cau-1-khoi-tai-da-nang-C987-TDP-2.jpg\" alt=\"Mau-bon-cau-1-khoi-tai-da-nang-C987-TDP-2.jpg\" width=\"534\" height=\"684\" srcset=\"https:\/\/tranthi.vn\/hatinh\/wp-content\/uploads\/2023\/08\/Mau-bon-cau-1-khoi-tai-da-nang-C987-TDP-2.jpg 1598w, https:\/\/tranthi.vn\/hatinh\/wp-content\/uploads\/2023\/08\/Mau-bon-cau-1-khoi-tai-da-nang-C987-TDP-2-768x984.jpg 768w, https:\/\/tranthi.vn\/hatinh\/wp-content\/uploads\/2023\/08\/Mau-bon-cau-1-khoi-tai-da-nang-C987-TDP-2-1199x1536.jpg 1199w, https:\/\/tranthi.vn\/hatinh\/wp-content\/uploads\/2023\/08\/Mau-bon-cau-1-khoi-tai-da-nang-C987-TDP-2-800x1025.jpg 800w\" sizes=\"auto, (max-width: 534px) 100vw, 534px\" \/><figcaption id=\"caption-attachment-5919\" class=\"wp-caption-text\">Mau-bon-cau-1-khoi-tai-da-nang-C987-TDP-2.jpg<\/figcaption><\/figure>\n<p>&nbsp;<\/p>\n<figure id=\"attachment_5922\" aria-describedby=\"caption-attachment-5922\" style=\"width: 364px\" class=\"wp-caption aligncenter\"><img loading=\"lazy\" decoding=\"async\" class=\"size-full wp-image-5922\" src=\"https:\/\/tranthi.vn\/quangnam\/wp-content\/uploads\/2023\/08\/mau-ke-goc-tan-RS-KG02-tai-da-nang.jpg\" alt=\"mau-ke-goc-tan-RS-KG02-tai-da-nang.jpg\" width=\"364\" height=\"321\" \/><figcaption id=\"caption-attachment-5922\" class=\"wp-caption-text\">mau-ke-goc-tan-RS-KG02-tai-da-nang.jpg<\/figcaption><\/figure>\n<p>&nbsp;<\/p>\n<figure id=\"attachment_5921\" aria-describedby=\"caption-attachment-5921\" style=\"width: 362px\" class=\"wp-caption aligncenter\"><img loading=\"lazy\" decoding=\"async\" class=\"size-full wp-image-5921\" src=\"https:\/\/tranthi.vn\/quangnam\/wp-content\/uploads\/2023\/08\/mau-hop-giay-RS-HG03-da-nang.jpg\" alt=\"mau-hop-giay-RS-HG03-da-nang.jpg\" width=\"362\" height=\"314\" \/><figcaption id=\"caption-attachment-5921\" class=\"wp-caption-text\">mau-hop-giay-RS-HG03-da-nang.jpg<\/figcaption><\/figure>\n<p>&nbsp;<\/p>\n<figure id=\"attachment_5915\" aria-describedby=\"caption-attachment-5915\" style=\"width: 376px\" class=\"wp-caption aligncenter\"><img loading=\"lazy\" decoding=\"async\" class=\"size-full wp-image-5915\" src=\"https:\/\/tranthi.vn\/quangnam\/wp-content\/uploads\/2023\/08\/mau-sen-tam-cay-cao-cap-tai-da-nang.jpg\" alt=\"mau-sen-tam-cay-cao-cap-tai-da-nang.jpg\" width=\"376\" height=\"309\" \/><figcaption id=\"caption-attachment-5915\" class=\"wp-caption-text\">mau-sen-tam-cay-cao-cap-tai-da-nang.jpg<\/figcaption><\/figure>\n<p>&nbsp;<\/p>\n<figure id=\"attachment_5917\" aria-describedby=\"caption-attachment-5917\" style=\"width: 344px\" class=\"wp-caption aligncenter\"><img loading=\"lazy\" decoding=\"async\" class=\"size-full wp-image-5917\" src=\"https:\/\/tranthi.vn\/quangnam\/wp-content\/uploads\/2023\/08\/voi-lavabo-dong-thau-ma-tai-da-nang.jpg\" alt=\"voi-lavabo-dong-thau-ma-tai-da-nang.jpg\" width=\"344\" height=\"322\" \/><figcaption id=\"caption-attachment-5917\" class=\"wp-caption-text\">voi-lavabo-dong-thau-ma-tai-da-nang.jpg<\/figcaption><\/figure>\n<p>&nbsp;<\/p>\n<figure id=\"attachment_5920\" aria-describedby=\"caption-attachment-5920\" style=\"width: 343px\" class=\"wp-caption aligncenter\"><img loading=\"lazy\" decoding=\"async\" class=\"size-full wp-image-5920\" src=\"https:\/\/tranthi.vn\/quangnam\/wp-content\/uploads\/2023\/08\/voi-xit-vs-mau-den-tai-da-nang.jpg\" alt=\"voi-xit-vs-mau-den-tai-da-nang.jpg\" width=\"343\" height=\"324\" \/><figcaption id=\"caption-attachment-5920\" class=\"wp-caption-text\">voi-xit-vs-mau-den-tai-da-nang<\/figcaption><\/figure>\n<h1 style=\"text-align: center;\"><span style=\"font-family: 'times new roman', times, serif; font-size: 130%;\">Combo ph\u00f2ng t\u1eafm H\u00e0 T\u0129nh<\/span><\/h1>\n<h1><strong><span style=\"font-family: 'times new roman', times, serif; font-size: 120%;\">Combo D\u1ee5ng C\u1ee5 Cao C\u1ea5p Trong Ph\u00f2ng T\u1eafm &#8211; S\u1ef1 L\u1ef1a Ch\u1ecdn Ho\u00e0n H\u1ea3o Cho Kh\u00f4ng Gian Ti\u1ec7n Nghi<\/span><\/strong><\/h1>\n<h3><span style=\"font-family: 'times new roman', times, serif; font-size: 120%;\">Ph\u00f2ng t\u1eafm l\u00e0 kh\u00f4ng gian quan tr\u1ecdng trong m\u1ed7i ng\u00f4i nh\u00e0, n\u01a1i b\u1eaft \u0111\u1ea7u v\u00e0 k\u1ebft th\u00fac m\u1ed9t ng\u00e0y c\u1ee7a b\u1ea1n. \u0110\u1ec3 t\u1ea1o n\u00ean m\u1ed9t ph\u00f2ng t\u1eafm ti\u1ec7n nghi v\u00e0 hi\u1ec7n \u0111\u1ea1i, vi\u1ec7c trang b\u1ecb c\u00e1c d\u1ee5ng c\u1ee5 cao c\u1ea5p l\u00e0 \u0111i\u1ec1u c\u1ea7n thi\u1ebft. T\u1ea1i <a href=\"https:\/\/vi.wikipedia.org\/wiki\/H%C3%A0_T%C4%A9nh\">H\u00e0 T\u0129nh<\/a>, combo d\u1ee5ng c\u1ee5 cao c\u1ea5p trong ph\u00f2ng t\u1eafm \u0111ang tr\u1edf th\u00e0nh xu h\u01b0\u1edbng \u0111\u01b0\u1ee3c nhi\u1ec1u gia \u0111\u00ecnh v\u00e0 kh\u00e1ch s\u1ea1n l\u1ef1a ch\u1ecdn.\u00a0<\/span><\/h3>\n<h1><strong><span style=\"font-family: 'times new roman', times, serif; font-size: 120%;\">1. Combo D\u1ee5ng C\u1ee5 Cao C\u1ea5p G\u1ed3m Nh\u1eefng G\u00ec?<\/span><\/strong><\/h1>\n<h3><span style=\"font-family: 'times new roman', times, serif; font-size: 120%;\">Combo d\u1ee5ng c\u1ee5 cao c\u1ea5p trong ph\u00f2ng t\u1eafm th\u01b0\u1eddng bao g\u1ed3m c\u00e1c s\u1ea3n ph\u1ea9m sau:<\/span><\/h3>\n<ul>\n<li>\n<h3><span style=\"font-family: 'times new roman', times, serif; font-size: 120%;\">V\u00f2i sen cao c\u1ea5p: V\u1edbi thi\u1ebft k\u1ebf hi\u1ec7n \u0111\u1ea1i, ch\u1ea5t li\u1ec7u cao c\u1ea5p v\u00e0 nhi\u1ec1u t\u00ednh n\u0103ng th\u00f4ng minh nh\u01b0 \u0111i\u1ec1u ch\u1ec9nh nhi\u1ec7t \u0111\u1ed9, \u00e1p l\u1ef1c n\u01b0\u1edbc v\u00e0 ch\u1ebf \u0111\u1ed9 phun, v\u00f2i sen cao c\u1ea5p mang l\u1ea1i tr\u1ea3i nghi\u1ec7m t\u1eafm tuy\u1ec7t v\u1eddi.<\/span><\/h3>\n<\/li>\n<li>\n<h3><span style=\"font-family: 'times new roman', times, serif; font-size: 120%;\">B\u1ed3n t\u1eafm \u0111\u1ee9ng ho\u1eb7c n\u1eb1m: \u0110\u01b0\u1ee3c l\u00e0m t\u1eeb c\u00e1c ch\u1ea5t li\u1ec7u nh\u01b0 acrylic, s\u1ee9 cao c\u1ea5p, b\u1ed3n t\u1eafm kh\u00f4ng ch\u1ec9 b\u1ec1n \u0111\u1eb9p m\u00e0 c\u00f2n c\u00f3 kh\u1ea3 n\u0103ng gi\u1eef nhi\u1ec7t t\u1ed1t, mang l\u1ea1i c\u1ea3m gi\u00e1c th\u01b0 gi\u00e3n t\u1ed1i \u0111a.<\/span><\/h3>\n<\/li>\n<li>\n<h3><span style=\"font-family: 'times new roman', times, serif; font-size: 120%;\">Lavabo v\u00e0 t\u1ee7 lavabo: Lavabo cao c\u1ea5p th\u01b0\u1eddng \u0111\u01b0\u1ee3c l\u00e0m t\u1eeb s\u1ee9, \u0111\u00e1 t\u1ef1 nhi\u00ean ho\u1eb7c nh\u00e2n t\u1ea1o, k\u1ebft h\u1ee3p v\u1edbi t\u1ee7 lavabo b\u1eb1ng g\u1ed7 ho\u1eb7c nh\u1ef1a cao c\u1ea5p, t\u1ea1o n\u00ean kh\u00f4ng gian l\u01b0u tr\u1eef g\u1ecdn g\u00e0ng v\u00e0 ti\u1ec7n nghi.<\/span><\/h3>\n<\/li>\n<li>\n<h3><span style=\"font-family: 'times new roman', times, serif; font-size: 120%;\">K\u1ec7 v\u00e0 gi\u00e1 \u0111\u1ec3 \u0111\u1ed3: K\u1ec7 k\u00ednh, k\u1ec7 inox ho\u1eb7c k\u1ec7 g\u1ed7 cao c\u1ea5p gi\u00fap s\u1eafp x\u1ebfp c\u00e1c v\u1eadt d\u1ee5ng trong ph\u00f2ng t\u1eafm m\u1ed9t c\u00e1ch ng\u0103n n\u1eafp v\u00e0 d\u1ec5 d\u00e0ng ti\u1ebfp c\u1eadn.<\/span><\/h3>\n<\/li>\n<li>\n<h3><span style=\"font-family: 'times new roman', times, serif; font-size: 120%;\">Ph\u1ee5 ki\u1ec7n ph\u00f2ng t\u1eafm: G\u01b0\u01a1ng, k\u1ec7 \u0111\u1ec3 gi\u1ea5y, gi\u00e1 treo kh\u0103n, h\u1ed9p \u0111\u1ef1ng x\u00e0 ph\u00f2ng, t\u1ea5t c\u1ea3 \u0111\u1ec1u \u0111\u01b0\u1ee3c thi\u1ebft k\u1ebf \u0111\u1ed3ng b\u1ed9 v\u00e0 l\u00e0m t\u1eeb ch\u1ea5t li\u1ec7u cao c\u1ea5p, t\u0103ng th\u00eam v\u1ebb sang tr\u1ecdng cho ph\u00f2ng t\u1eafm.<\/span><\/h3>\n<\/li>\n<\/ul>\n<p style=\"text-align: center;\"><iframe loading=\"lazy\" src=\"\/\/www.youtube.com\/embed\/E15vbtTWYHw?pp=ygUSY29tYm8gcGjDsm5nIHThuq9t\" width=\"560\" height=\"314\" allowfullscreen=\"allowfullscreen\"><\/iframe><\/p>\n<h1><strong><span style=\"font-family: 'times new roman', times, serif; font-size: 120%;\">2. \u01afu \u0110i\u1ec3m C\u1ee7a Combo D\u1ee5ng C\u1ee5 Cao C\u1ea5p Trong Ph\u00f2ng T\u1eafm<\/span><\/strong><\/h1>\n<ul>\n<li>\n<h3><span style=\"font-family: 'times new roman', times, serif; font-size: 120%;\">T\u00ednh th\u1ea9m m\u1ef9 cao: C\u00e1c d\u1ee5ng c\u1ee5 cao c\u1ea5p th\u01b0\u1eddng c\u00f3 thi\u1ebft k\u1ebf \u0111\u1eb9p m\u1eaft, hi\u1ec7n \u0111\u1ea1i v\u00e0 sang tr\u1ecdng, t\u1ea1o n\u00ean kh\u00f4ng gian ph\u00f2ng t\u1eafm \u0111\u1eb3ng c\u1ea5p.<\/span><\/h3>\n<\/li>\n<li>\n<h3><span style=\"font-family: 'times new roman', times, serif; font-size: 120%;\">Ch\u1ea5t l\u01b0\u1ee3ng b\u1ec1n b\u1ec9: S\u1ea3n ph\u1ea9m \u0111\u01b0\u1ee3c l\u00e0m t\u1eeb c\u00e1c ch\u1ea5t li\u1ec7u cao c\u1ea5p nh\u01b0 inox 304, s\u1ee9 cao c\u1ea5p, \u0111\u00e1 t\u1ef1 nhi\u00ean, \u0111\u1ea3m b\u1ea3o \u0111\u1ed9 b\u1ec1n v\u00e0 kh\u1ea3 n\u0103ng ch\u1ed1ng \u0103n m\u00f2n, ch\u1ecbu nhi\u1ec7t t\u1ed1t.<\/span><\/h3>\n<\/li>\n<li>\n<h3><span style=\"font-family: 'times new roman', times, serif; font-size: 120%;\">Ti\u1ec7n nghi v\u00e0 th\u00f4ng minh: Nhi\u1ec1u d\u1ee5ng c\u1ee5 cao c\u1ea5p \u0111\u01b0\u1ee3c t\u00edch h\u1ee3p c\u00e1c t\u00ednh n\u0103ng th\u00f4ng minh nh\u01b0 c\u1ea3m bi\u1ebfn nhi\u1ec7t \u0111\u1ed9, \u0111i\u1ec1u ch\u1ec9nh \u00e1p l\u1ef1c n\u01b0\u1edbc, \u0111\u00e8n LED, gi\u00fap tr\u1ea3i nghi\u1ec7m s\u1eed d\u1ee5ng tr\u1edf n\u00ean tho\u1ea3i m\u00e1i v\u00e0 ti\u1ec7n l\u1ee3i h\u01a1n.<\/span><\/h3>\n<\/li>\n<li>\n<h3><span style=\"font-family: 'times new roman', times, serif; font-size: 120%;\">D\u1ec5 d\u00e0ng v\u1ec7 sinh v\u00e0 b\u1ea3o d\u01b0\u1ee1ng: V\u1edbi b\u1ec1 m\u1eb7t nh\u1eb5n b\u00f3ng, ch\u1ed1ng b\u00e1m b\u1ea9n, c\u00e1c d\u1ee5ng c\u1ee5 cao c\u1ea5p r\u1ea5t d\u1ec5 d\u00e0ng trong vi\u1ec7c v\u1ec7 sinh v\u00e0 b\u1ea3o d\u01b0\u1ee1ng, lu\u00f4n gi\u1eef \u0111\u01b0\u1ee3c v\u1ebb \u0111\u1eb9p nh\u01b0 m\u1edbi.<\/span><\/h3>\n<\/li>\n<\/ul>\n<p style=\"text-align: center;\"><iframe loading=\"lazy\" src=\"\/\/www.youtube.com\/embed\/AQkCVPfgWHM?pp=ygUSY29tYm8gcGjDsm5nIHThuq9t\" width=\"560\" height=\"314\" allowfullscreen=\"allowfullscreen\"><\/iframe><\/p>\n<h1><strong><span style=\"font-family: 'times new roman', times, serif; font-size: 120%;\">3. L\u00fd Do N\u00ean Ch\u1ecdn Combo D\u1ee5ng C\u1ee5 Cao C\u1ea5p\u00a0<\/span><\/strong><\/h1>\n<ul>\n<li>\n<h3><span style=\"font-family: 'times new roman', times, serif; font-size: 120%;\">S\u1ef1 \u0111a d\u1ea1ng v\u00e0 phong ph\u00fa: T\u1ea1i <a href=\"https:\/\/vi.wikipedia.org\/wiki\/H%C3%A0_T%C4%A9nh\"><b><i>H\u00e0 T\u0129nh<\/i><\/b><\/a>, b\u1ea1n c\u00f3 th\u1ec3 t\u00ecm th\u1ea5y nhi\u1ec1u lo\u1ea1i combo d\u1ee5ng c\u1ee5 cao c\u1ea5p v\u1edbi thi\u1ebft k\u1ebf v\u00e0 ch\u1ee9c n\u0103ng \u0111a d\u1ea1ng, ph\u00f9 h\u1ee3p v\u1edbi nhi\u1ec1u phong c\u00e1ch n\u1ed9i th\u1ea5t v\u00e0 nhu c\u1ea7u s\u1eed d\u1ee5ng kh\u00e1c nhau.<\/span><\/h3>\n<\/li>\n<li>\n<h3><span style=\"font-family: 'times new roman', times, serif; font-size: 120%;\">Ch\u1ea5t l\u01b0\u1ee3ng \u0111\u1ea3m b\u1ea3o: C\u00e1c s\u1ea3n ph\u1ea9m cao c\u1ea5p th\u01b0\u1eddng \u0111\u01b0\u1ee3c nh\u1eadp kh\u1ea9u t\u1eeb c\u00e1c th\u01b0\u01a1ng hi\u1ec7u uy t\u00edn tr\u00ean th\u1ebf gi\u1edbi ho\u1eb7c s\u1ea3n xu\u1ea5t b\u1edfi c\u00e1c nh\u00e0 cung c\u1ea5p h\u00e0ng \u0111\u1ea7u trong n\u01b0\u1edbc, \u0111\u1ea3m b\u1ea3o ch\u1ea5t l\u01b0\u1ee3ng v\u00e0 an to\u00e0n cho ng\u01b0\u1eddi s\u1eed d\u1ee5ng.<\/span><\/h3>\n<\/li>\n<li>\n<h3><span style=\"font-family: 'times new roman', times, serif; font-size: 120%;\">D\u1ecbch v\u1ee5 chuy\u00ean nghi\u1ec7p: C\u00e1c c\u1eeda h\u00e0ng v\u00e0 nh\u00e0 ph\u00e2n ph\u1ed1i t\u1ea1i H\u00e0 T\u0129nh cung c\u1ea5p d\u1ecbch v\u1ee5 t\u01b0 v\u1ea5n, l\u1eafp \u0111\u1eb7t v\u00e0 b\u1ea3o h\u00e0nh chuy\u00ean nghi\u1ec7p, gi\u00fap b\u1ea1n y\u00ean t\u00e2m khi s\u1eed d\u1ee5ng s\u1ea3n ph\u1ea9m.<\/span><\/h3>\n<\/li>\n<li>\n<h3><span style=\"font-family: 'times new roman', times, serif; font-size: 120%;\">Gi\u00e1 tr\u1ecb l\u00e2u d\u00e0i: \u0110\u1ea7u t\u01b0 v\u00e0o combo d\u1ee5ng c\u1ee5 cao c\u1ea5p kh\u00f4ng ch\u1ec9 n\u00e2ng cao ch\u1ea5t l\u01b0\u1ee3ng cu\u1ed9c s\u1ed1ng m\u00e0 c\u00f2n t\u0103ng gi\u00e1 tr\u1ecb th\u1ea9m m\u1ef9 v\u00e0 gi\u00e1 tr\u1ecb b\u1ea5t \u0111\u1ed9ng s\u1ea3n cho ng\u00f4i nh\u00e0 c\u1ee7a b\u1ea1n.<\/span><\/h3>\n<\/li>\n<\/ul>\n","protected":false},"excerpt":{"rendered":"<p><em><span style=\"color: #000000;\"><strong><span style=\"font-family: 'times new roman', times, serif; font-size: 130%;\">Combo 04-10 m\u00f3n<\/span><\/strong><\/span><\/em><\/p>\n<p><span style=\"font-family: 'times new roman', times, serif; font-size: 130%;\">\ud83e\udd70\u0110\u01a1n gi\u00e1:<\/span><span style=\"color: #ff0000;\"><strong><span style=\"font-family: 'times new roman', times, serif; font-size: 130%;\"> 7.973.000\u0111\/combo<\/span><\/strong><\/span><\/p>\n<p><span style=\"font-family: 'times new roman', times, serif; font-size: 130%;\">1\/ Sen c\u00e2y cao c\u1ea5p N\/L CA 129-TL (\u0111\u1ed3ng thau s\u01a1n t\u0129nh \u0111i\u1ec7n)\u00a0<\/span><\/p>\n<p><span style=\"font-family: 'times new roman', times, serif; font-size: 130%;\">2\/ V\u00f2i lavabo N\/L RS-304 T\u0110P (\u0111\u1ed3ng thau m\u1ea1 crome)\u00a0<\/span><\/p>\n<p><span style=\"font-family: 'times new roman', times, serif; font-size: 130%;\">3\/ B\u1ed3n c\u1ea7u RS-C987 T\u0110P (ch\u1ebf \u0111\u1ed9 x\u1ea3 si\u00eau m\u1ea1nh, n\u1eafp \u00eam)\u00a0<\/span><\/p>\n<p><span style=\"font-family: 'times new roman', times, serif; font-size: 130%;\">4\/ X\u1ecbt v\u1ec7 sinh TS-VX01 T\u0110P (Inox 304)\u00a0<\/span><\/p>\n<p><span style=\"font-family: 'times new roman', times, serif; font-size: 130%;\">5\/ H\u1ed9p gi\u1ea5y RS-HG03 T\u0110P\u00a0<\/span><\/p>\n<p><span style=\"font-family: 'times new roman', times, serif; font-size: 130%;\">6\/ K\u1ec7 g\u00f3c t\u1ea7ng : RS-KG02 T\u0110P<\/span><\/p>\n<p><span style=\"font-family: 'times new roman', times, serif; font-size: 130%;\">7\/ M\u00e1ng kh\u0103n t\u1ea7ng RS-VK02 T\u0110P\u00a0<\/span><\/p>\n<p><span style=\"font-family: 'times new roman', times, serif; font-size: 130%;\">8\/ K\u1ec7 g\u01b0\u01a1ng d\u01b0\u1edbi RS-KK01 T\u0110P<\/span><\/p>\n<p><span style=\"font-family: 'times new roman', times, serif; font-size: 130%;\">9\/ B\u1ed9 b\u00e0n \u0111\u00e1 NT<\/span><\/p>\n<p><span style=\"font-family: 'times new roman', times, serif; font-size: 130%;\">10\/ G\u01b0\u01a1ng RS-G15 T\u0110P\u00a0<\/span><\/p>\n<p><span style=\"color: #0000ff;\"><em><span style=\"font-family: 'times new roman', times, serif; font-size: 130%;\">Mi\u1ec5n ph\u00ed v\u1eadn chuy\u1ec3n trong n\u1ed9i th\u00e0nh <a href=\"https:\/\/vi.wikipedia.org\/wiki\/H%C3%A0_T%C4%A9nh\">H\u00e0 T\u0129nh<\/a><\/span><\/em><\/span><\/p>\n<p>&nbsp;<\/p>\n","protected":false},"featured_media":5647,"comment_status":"closed","ping_status":"closed","template":"","meta":[],"product_cat":[386,179],"product_tag":[],"class_list":{"0":"post-5646","1":"product","2":"type-product","3":"status-publish","4":"has-post-thumbnail","6":"product_cat-thiet-bi-ve-sinh-combo-phong-tam","7":"product_cat-thiet-bi-ve-sinh-da-nang","9":"first","10":"instock","11":"sale","12":"shipping-taxable","13":"purchasable","14":"product-type-simple"},"yoast_head":"<!-- This site is optimized with the Yoast SEO Premium plugin v22.3 (Yoast SEO v22.8) - https:\/\/yoast.com\/wordpress\/plugins\/seo\/ -->\n<title>Gi\u00e1 combo nh\u00e0 t\u1eafm gi\u00e1 r\u1ebb t\u1ea1i H\u00e0 T\u0129nh- 0947335871<\/title>\n<meta name=\"description\" content=\"Tr\u1ea7n Th\u1ecb chuy\u00ean cung c\u1ea5p combo nh\u00e0 t\u1eafm gi\u00e1 r\u1ebb t\u1ea1i H\u00e0 T\u0129nh, v\u1edbi nh\u1eefng m\u1eabu combo nh\u00e0 t\u1eafm chi ph\u00ed th\u1ea5p ti\u1ec7n l\u1ee3i v\u00e0 b\u1ec1n \u0111\u1eb9p. Web: tranthi.vn\" \/>\n<meta name=\"robots\" content=\"index, follow, max-snippet:-1, max-image-preview:large, max-video-preview:-1\" \/>\n<link rel=\"canonical\" href=\"https:\/\/tranthi.vn\/hatinh\/combo-nha-tam-gia-re-ha-tinh\/\" \/>\n<meta property=\"og:locale\" content=\"vi_VN\" \/>\n<meta property=\"og:type\" content=\"article\" \/>\n<meta property=\"og:title\" content=\"Combo Nh\u00e0 T\u1eafm 04 -TL\" \/>\n<meta property=\"og:description\" content=\"Tr\u1ea7n Th\u1ecb chuy\u00ean cung c\u1ea5p combo nh\u00e0 t\u1eafm gi\u00e1 r\u1ebb t\u1ea1i H\u00e0 T\u0129nh, v\u1edbi nh\u1eefng m\u1eabu combo nh\u00e0 t\u1eafm chi ph\u00ed th\u1ea5p ti\u1ec7n l\u1ee3i v\u00e0 b\u1ec1n \u0111\u1eb9p. Web: tranthi.vn\" \/>\n<meta property=\"og:url\" content=\"https:\/\/tranthi.vn\/hatinh\/combo-nha-tam-gia-re-ha-tinh\/\" \/>\n<meta property=\"og:site_name\" content=\"V\u1eadt Li\u1ec7u X\u00e2y D\u1ef1ng Tr\u1ea7n Th\u1ecb Chi Nh\u00e1nh H\u00e0 T\u0129nh\" \/>\n<meta property=\"article:modified_time\" content=\"2024-07-30T09:56:03+00:00\" \/>\n<meta property=\"og:image\" content=\"https:\/\/tranthi.vn\/hatinh\/wp-content\/uploads\/2023\/08\/combo-thiet-bi-phong-tam-gia-re-tai-da-nang.jpg\" \/>\n\t<meta property=\"og:image:width\" content=\"400\" \/>\n\t<meta property=\"og:image:height\" content=\"350\" \/>\n\t<meta property=\"og:image:type\" content=\"image\/jpeg\" \/>\n<meta name=\"twitter:card\" content=\"summary_large_image\" \/>\n<meta name=\"twitter:label1\" content=\"Gi\u00e1\" \/>\n\t<meta name=\"twitter:data1\" content=\"7,973,000&nbsp;&#8363;\" \/>\n\t<meta name=\"twitter:label2\" content=\"Kh\u1ea3 d\u1ee5ng\" \/>\n\t<meta name=\"twitter:data2\" content=\"Trong kho\" \/>\n<script type=\"application\/ld+json\" class=\"yoast-schema-graph\">{\"@context\":\"https:\/\/schema.org\",\"@graph\":[{\"@type\":[\"WebPage\",\"ItemPage\"],\"@id\":\"https:\/\/tranthi.vn\/hatinh\/combo-nha-tam-gia-re-ha-tinh\/\",\"url\":\"https:\/\/tranthi.vn\/hatinh\/combo-nha-tam-gia-re-ha-tinh\/\",\"name\":\"Gi\u00e1 combo nh\u00e0 t\u1eafm gi\u00e1 r\u1ebb t\u1ea1i H\u00e0 T\u0129nh- 0947335871\",\"isPartOf\":{\"@id\":\"https:\/\/tranthi.vn\/hatinh\/#website\"},\"primaryImageOfPage\":{\"@id\":\"https:\/\/tranthi.vn\/hatinh\/combo-nha-tam-gia-re-ha-tinh\/#primaryimage\"},\"image\":{\"@id\":\"https:\/\/tranthi.vn\/hatinh\/combo-nha-tam-gia-re-ha-tinh\/#primaryimage\"},\"thumbnailUrl\":\"https:\/\/tranthi.vn\/hatinh\/wp-content\/uploads\/2023\/08\/combo-thiet-bi-phong-tam-gia-re-tai-da-nang.jpg\",\"datePublished\":\"2023-08-08T07:57:53+00:00\",\"dateModified\":\"2024-07-30T09:56:03+00:00\",\"description\":\"Tr\u1ea7n Th\u1ecb chuy\u00ean cung c\u1ea5p combo nh\u00e0 t\u1eafm gi\u00e1 r\u1ebb t\u1ea1i H\u00e0 T\u0129nh, v\u1edbi nh\u1eefng m\u1eabu combo nh\u00e0 t\u1eafm chi ph\u00ed th\u1ea5p ti\u1ec7n l\u1ee3i v\u00e0 b\u1ec1n \u0111\u1eb9p. Web: tranthi.vn\",\"breadcrumb\":{\"@id\":\"https:\/\/tranthi.vn\/hatinh\/combo-nha-tam-gia-re-ha-tinh\/#breadcrumb\"},\"inLanguage\":\"vi\",\"potentialAction\":[{\"@type\":\"ReadAction\",\"target\":[\"https:\/\/tranthi.vn\/hatinh\/combo-nha-tam-gia-re-ha-tinh\/\"]}]},{\"@type\":\"ImageObject\",\"inLanguage\":\"vi\",\"@id\":\"https:\/\/tranthi.vn\/hatinh\/combo-nha-tam-gia-re-ha-tinh\/#primaryimage\",\"url\":\"https:\/\/tranthi.vn\/hatinh\/wp-content\/uploads\/2023\/08\/combo-thiet-bi-phong-tam-gia-re-tai-da-nang.jpg\",\"contentUrl\":\"https:\/\/tranthi.vn\/hatinh\/wp-content\/uploads\/2023\/08\/combo-thiet-bi-phong-tam-gia-re-tai-da-nang.jpg\",\"width\":400,\"height\":350,\"caption\":\"combo thiet bi phong tam gi\u00e1 r\u1ebb t\u1ea1i \u0111\u00e0 n\u1eafng\"},{\"@type\":\"BreadcrumbList\",\"@id\":\"https:\/\/tranthi.vn\/hatinh\/combo-nha-tam-gia-re-ha-tinh\/#breadcrumb\",\"itemListElement\":[{\"@type\":\"ListItem\",\"position\":1,\"name\":\"Trang ch\u1ee7\",\"item\":\"https:\/\/tranthi.vn\/hatinh\/\"},{\"@type\":\"ListItem\",\"position\":2,\"name\":\"Shop\",\"item\":\"https:\/\/tranthi.vn\/hatinh\/shop\/\"},{\"@type\":\"ListItem\",\"position\":3,\"name\":\"Combo Nh\u00e0 T\u1eafm 04 -TL\"}]},{\"@type\":\"WebSite\",\"@id\":\"https:\/\/tranthi.vn\/hatinh\/#website\",\"url\":\"https:\/\/tranthi.vn\/hatinh\/\",\"name\":\"V\u1eadt Li\u1ec7u X\u00e2y D\u1ef1ng Tr\u1ea7n Th\u1ecb Chi Nh\u00e1nh H\u00e0 T\u0129nh\",\"description\":\"V\u1eadt Li\u1ec7u X\u00e2y D\u1ef1ng - H\u00e0 T\u0129nh\",\"potentialAction\":[{\"@type\":\"SearchAction\",\"target\":{\"@type\":\"EntryPoint\",\"urlTemplate\":\"https:\/\/tranthi.vn\/hatinh\/?s={search_term_string}\"},\"query-input\":\"required name=search_term_string\"}],\"inLanguage\":\"vi\"},{\"@type\":\"ImageObject\",\"inLanguage\":\"vi\",\"@id\":\"https:\/\/tranthi.vn\/hatinh\/combo-nha-tam-gia-re-ha-tinh\/#local-main-organization-logo\",\"url\":\"\",\"contentUrl\":\"\",\"caption\":\"V\u1eadt Li\u1ec7u X\u00e2y D\u1ef1ng Tr\u1ea7n Th\u1ecb Chi Nh\u00e1nh H\u00e0 T\u0129nh\"}]}<\/script>\n<meta property=\"product:price:amount\" content=\"7973000\" \/>\n<meta property=\"product:price:currency\" content=\"VND\" \/>\n<meta property=\"og:availability\" content=\"instock\" \/>\n<meta property=\"product:availability\" content=\"instock\" \/>\n<meta property=\"product:condition\" content=\"new\" \/>\n<!-- \/ Yoast SEO Premium plugin. -->","yoast_head_json":{"title":"Gi\u00e1 combo nh\u00e0 t\u1eafm gi\u00e1 r\u1ebb t\u1ea1i H\u00e0 T\u0129nh- 0947335871","description":"Tr\u1ea7n Th\u1ecb chuy\u00ean cung c\u1ea5p combo nh\u00e0 t\u1eafm gi\u00e1 r\u1ebb t\u1ea1i H\u00e0 T\u0129nh, v\u1edbi nh\u1eefng m\u1eabu combo nh\u00e0 t\u1eafm chi ph\u00ed th\u1ea5p ti\u1ec7n l\u1ee3i v\u00e0 b\u1ec1n \u0111\u1eb9p. Web: tranthi.vn","robots":{"index":"index","follow":"follow","max-snippet":"max-snippet:-1","max-image-preview":"max-image-preview:large","max-video-preview":"max-video-preview:-1"},"canonical":"https:\/\/tranthi.vn\/hatinh\/combo-nha-tam-gia-re-ha-tinh\/","og_locale":"vi_VN","og_type":"article","og_title":"Combo Nh\u00e0 T\u1eafm 04 -TL","og_description":"Tr\u1ea7n Th\u1ecb chuy\u00ean cung c\u1ea5p combo nh\u00e0 t\u1eafm gi\u00e1 r\u1ebb t\u1ea1i H\u00e0 T\u0129nh, v\u1edbi nh\u1eefng m\u1eabu combo nh\u00e0 t\u1eafm chi ph\u00ed th\u1ea5p ti\u1ec7n l\u1ee3i v\u00e0 b\u1ec1n \u0111\u1eb9p. Web: tranthi.vn","og_url":"https:\/\/tranthi.vn\/hatinh\/combo-nha-tam-gia-re-ha-tinh\/","og_site_name":"V\u1eadt Li\u1ec7u X\u00e2y D\u1ef1ng Tr\u1ea7n Th\u1ecb Chi Nh\u00e1nh H\u00e0 T\u0129nh","article_modified_time":"2024-07-30T09:56:03+00:00","og_image":[{"width":400,"height":350,"url":"https:\/\/tranthi.vn\/hatinh\/wp-content\/uploads\/2023\/08\/combo-thiet-bi-phong-tam-gia-re-tai-da-nang.jpg","type":"image\/jpeg"}],"twitter_card":"summary_large_image","twitter_misc":{"Gi\u00e1":"7,973,000&nbsp;&#8363;","Kh\u1ea3 d\u1ee5ng":"Trong kho"},"schema":{"@context":"https:\/\/schema.org","@graph":[{"@type":["WebPage","ItemPage"],"@id":"https:\/\/tranthi.vn\/hatinh\/combo-nha-tam-gia-re-ha-tinh\/","url":"https:\/\/tranthi.vn\/hatinh\/combo-nha-tam-gia-re-ha-tinh\/","name":"Gi\u00e1 combo nh\u00e0 t\u1eafm gi\u00e1 r\u1ebb t\u1ea1i H\u00e0 T\u0129nh- 0947335871","isPartOf":{"@id":"https:\/\/tranthi.vn\/hatinh\/#website"},"primaryImageOfPage":{"@id":"https:\/\/tranthi.vn\/hatinh\/combo-nha-tam-gia-re-ha-tinh\/#primaryimage"},"image":{"@id":"https:\/\/tranthi.vn\/hatinh\/combo-nha-tam-gia-re-ha-tinh\/#primaryimage"},"thumbnailUrl":"https:\/\/tranthi.vn\/hatinh\/wp-content\/uploads\/2023\/08\/combo-thiet-bi-phong-tam-gia-re-tai-da-nang.jpg","datePublished":"2023-08-08T07:57:53+00:00","dateModified":"2024-07-30T09:56:03+00:00","description":"Tr\u1ea7n Th\u1ecb chuy\u00ean cung c\u1ea5p combo nh\u00e0 t\u1eafm gi\u00e1 r\u1ebb t\u1ea1i H\u00e0 T\u0129nh, v\u1edbi nh\u1eefng m\u1eabu combo nh\u00e0 t\u1eafm chi ph\u00ed th\u1ea5p ti\u1ec7n l\u1ee3i v\u00e0 b\u1ec1n \u0111\u1eb9p. Web: tranthi.vn","breadcrumb":{"@id":"https:\/\/tranthi.vn\/hatinh\/combo-nha-tam-gia-re-ha-tinh\/#breadcrumb"},"inLanguage":"vi","potentialAction":[{"@type":"ReadAction","target":["https:\/\/tranthi.vn\/hatinh\/combo-nha-tam-gia-re-ha-tinh\/"]}]},{"@type":"ImageObject","inLanguage":"vi","@id":"https:\/\/tranthi.vn\/hatinh\/combo-nha-tam-gia-re-ha-tinh\/#primaryimage","url":"https:\/\/tranthi.vn\/hatinh\/wp-content\/uploads\/2023\/08\/combo-thiet-bi-phong-tam-gia-re-tai-da-nang.jpg","contentUrl":"https:\/\/tranthi.vn\/hatinh\/wp-content\/uploads\/2023\/08\/combo-thiet-bi-phong-tam-gia-re-tai-da-nang.jpg","width":400,"height":350,"caption":"combo thiet bi phong tam gi\u00e1 r\u1ebb t\u1ea1i \u0111\u00e0 n\u1eafng"},{"@type":"BreadcrumbList","@id":"https:\/\/tranthi.vn\/hatinh\/combo-nha-tam-gia-re-ha-tinh\/#breadcrumb","itemListElement":[{"@type":"ListItem","position":1,"name":"Trang ch\u1ee7","item":"https:\/\/tranthi.vn\/hatinh\/"},{"@type":"ListItem","position":2,"name":"Shop","item":"https:\/\/tranthi.vn\/hatinh\/shop\/"},{"@type":"ListItem","position":3,"name":"Combo Nh\u00e0 T\u1eafm 04 -TL"}]},{"@type":"WebSite","@id":"https:\/\/tranthi.vn\/hatinh\/#website","url":"https:\/\/tranthi.vn\/hatinh\/","name":"V\u1eadt Li\u1ec7u X\u00e2y D\u1ef1ng Tr\u1ea7n Th\u1ecb Chi Nh\u00e1nh H\u00e0 T\u0129nh","description":"V\u1eadt Li\u1ec7u X\u00e2y D\u1ef1ng - H\u00e0 T\u0129nh","potentialAction":[{"@type":"SearchAction","target":{"@type":"EntryPoint","urlTemplate":"https:\/\/tranthi.vn\/hatinh\/?s={search_term_string}"},"query-input":"required name=search_term_string"}],"inLanguage":"vi"},{"@type":"ImageObject","inLanguage":"vi","@id":"https:\/\/tranthi.vn\/hatinh\/combo-nha-tam-gia-re-ha-tinh\/#local-main-organization-logo","url":"","contentUrl":"","caption":"V\u1eadt Li\u1ec7u X\u00e2y D\u1ef1ng Tr\u1ea7n Th\u1ecb Chi Nh\u00e1nh H\u00e0 T\u0129nh"}]},"product_price_amount":"7973000","product_price_currency":"VND","og_availability":"instock","product_availability":"instock","product_condition":"new"},"_links":{"self":[{"href":"https:\/\/tranthi.vn\/hatinh\/wp-json\/wp\/v2\/product\/5646","targetHints":{"allow":["GET"]}}],"collection":[{"href":"https:\/\/tranthi.vn\/hatinh\/wp-json\/wp\/v2\/product"}],"about":[{"href":"https:\/\/tranthi.vn\/hatinh\/wp-json\/wp\/v2\/types\/product"}],"replies":[{"embeddable":true,"href":"https:\/\/tranthi.vn\/hatinh\/wp-json\/wp\/v2\/comments?post=5646"}],"wp:featuredmedia":[{"embeddable":true,"href":"https:\/\/tranthi.vn\/hatinh\/wp-json\/wp\/v2\/media\/5647"}],"wp:attachment":[{"href":"https:\/\/tranthi.vn\/hatinh\/wp-json\/wp\/v2\/media?parent=5646"}],"wp:term":[{"taxonomy":"product_cat","embeddable":true,"href":"https:\/\/tranthi.vn\/hatinh\/wp-json\/wp\/v2\/product_cat?post=5646"},{"taxonomy":"product_tag","embeddable":true,"href":"https:\/\/tranthi.vn\/hatinh\/wp-json\/wp\/v2\/product_tag?post=5646"}],"curies":[{"name":"wp","href":"https:\/\/api.w.org\/{rel}","templated":true}]}}