{"id":5626,"date":"2023-08-08T08:52:26","date_gmt":"2023-08-08T01:52:26","guid":{"rendered":"https:\/\/tranthi.vn\/quangnam\/?post_type=product&#038;p=5626"},"modified":"2024-04-22T09:59:03","modified_gmt":"2024-04-22T02:59:03","slug":"combo-phong-tam-03-tdp","status":"publish","type":"product","link":"https:\/\/tranthi.vn\/hatinh\/combo-phong-tam-03-tdp\/","title":{"rendered":"Combo Ph\u00f2ng T\u1eafm 03-TL"},"content":{"rendered":"","protected":false},"excerpt":{"rendered":"<p><em><span style=\"font-size: 130%; font-family: 'times new roman', times, serif;\"><strong>COMBO 03 T\u0110P <\/strong><\/span><\/em><\/p>\n<p><span style=\"font-family: 'times new roman', times, serif; font-size: 130%;\"><strong>\ud83e\udd70\u0110\u01a1n gi\u00e1:<\/strong><\/span><span style=\"color: #ff0000;\"><strong><span style=\"font-family: 'times new roman', times, serif; font-size: 130%;\"> 9.574.000\u0111\/ combo<\/span><\/strong><\/span><\/p>\n<p><span style=\"color: #008000; font-size: 130%; font-family: 'times new roman', times, serif;\">Combo bao g\u1ed3m:<\/span><\/p>\n<p><span style=\"font-family: 'times new roman', times, serif; font-size: 130%;\">1\/ Sen c\u00e2y cao c\u1ea5p N\/L RS-120 T\u0110P (\u0111\u1ed3ng thau m\u1ea1 Crome)<\/span><\/p>\n<p><span style=\"font-family: 'times new roman', times, serif; font-size: 130%;\">2\/ V\u00f2i lavabo N\/L RS-315 T\u0110P (\u0111\u1ed3ng thau m\u1ea1 crome)<\/span><\/p>\n<p><span style=\"font-family: 'times new roman', times, serif; font-size: 130%;\">3\/ B\u1ed3n c\u1ea7u tr\u1ee9ng RS-C937 T\u0110P (ch\u1ebf \u0111\u1ed9 x\u1ea3 si\u00eau m\u1ea1nh, n\u1eafp \u00eam)\u00a0<\/span><\/p>\n<p><span style=\"font-family: 'times new roman', times, serif; font-size: 130%;\">4\/ X\u1ecbt v\u1ec7 sinh TS-VX01 T\u0110P (Inox 304)\u00a0<\/span><\/p>\n<p><span style=\"font-family: 'times new roman', times, serif; font-size: 130%;\">5\/ H\u1ed9p gi\u1ea5y RS-HG03 T\u0110P\u00a0<\/span><\/p>\n<p><span style=\"font-family: 'times new roman', times, serif; font-size: 130%;\">6\/ K\u1ec7 g\u00f3c t\u1ea7ng : RS-KG02 T\u0110P\u00a0<\/span><\/p>\n<p><span style=\"font-family: 'times new roman', times, serif; font-size: 130%;\">7\/ M\u00e1ng kh\u0103n t\u1ea7ng RS-VK03 T\u0110P\u00a0<\/span><\/p>\n<p><span style=\"font-family: 'times new roman', times, serif; font-size: 130%;\">8\/ K\u1ec7 g\u01b0\u01a1ng d\u01b0\u1edbi RS-KK03 T\u0110P<\/span><\/p>\n<p><span style=\"font-family: 'times new roman', times, serif; font-size: 130%;\">9\/ B\u1ed9 t\u1ee7 lavabo + g\u01b0\u01a1ng t\u0111p: BF- LBT24\u00a0<\/span><\/p>\n<p><span style=\"font-size: 130%; font-family: 'times new roman', times, serif;\"><em><span style=\"color: #0000ff;\">Mi\u1ec5n ph\u00ed v\u1eadn chuy\u1ec3n trong n\u1ed9i th\u00e0nh \u0110\u00e0 N\u1eb5ng.<\/span><\/em><\/span><\/p>\n<p>&nbsp;<\/p>\n","protected":false},"featured_media":5627,"comment_status":"closed","ping_status":"closed","template":"","meta":[],"product_cat":[386,179],"product_tag":[],"class_list":{"0":"post-5626","1":"product","2":"type-product","3":"status-publish","4":"has-post-thumbnail","6":"product_cat-thiet-bi-ve-sinh-combo-phong-tam","7":"product_cat-thiet-bi-ve-sinh-da-nang","9":"first","10":"instock","11":"sale","12":"shipping-taxable","13":"purchasable","14":"product-type-simple"},"yoast_head":"<!-- This site is optimized with the Yoast SEO Premium plugin v22.3 (Yoast SEO v22.8) - https:\/\/yoast.com\/wordpress\/plugins\/seo\/ -->\n<title>Combo Ph\u00f2ng T\u1eafm 03-TL - V\u1eadt Li\u1ec7u X\u00e2y D\u1ef1ng Tr\u1ea7n Th\u1ecb Chi Nh\u00e1nh H\u00e0 T\u0129nh<\/title>\n<meta name=\"robots\" content=\"index, follow, max-snippet:-1, max-image-preview:large, max-video-preview:-1\" \/>\n<link rel=\"canonical\" href=\"https:\/\/tranthi.vn\/hatinh\/combo-phong-tam-03-tdp\/\" \/>\n<meta property=\"og:locale\" content=\"vi_VN\" \/>\n<meta property=\"og:type\" content=\"article\" \/>\n<meta property=\"og:title\" content=\"Combo Ph\u00f2ng T\u1eafm 03-TL\" \/>\n<meta property=\"og:description\" content=\"COMBO 03 T\u0110P   \ud83e\udd70\u0110\u01a1n gi\u00e1: 9.574.000\u0111\/ combo  Combo bao g\u1ed3m:  1\/ Sen c\u00e2y cao c\u1ea5p N\/L RS-120 T\u0110P (\u0111\u1ed3ng thau m\u1ea1 Crome)  2\/ V\u00f2i lavabo N\/L RS-315 T\u0110P (\u0111\u1ed3ng thau m\u1ea1 crome)  3\/ B\u1ed3n c\u1ea7u tr\u1ee9ng RS-C937 T\u0110P (ch\u1ebf \u0111\u1ed9 x\u1ea3 si\u00eau m\u1ea1nh, n\u1eafp \u00eam)\u00a0  4\/ X\u1ecbt v\u1ec7 sinh TS-VX01 T\u0110P (Inox 304)\u00a0  5\/ H\u1ed9p gi\u1ea5y RS-HG03 T\u0110P\u00a0  6\/ K\u1ec7 g\u00f3c t\u1ea7ng : RS-KG02 T\u0110P\u00a0  7\/ M\u00e1ng kh\u0103n t\u1ea7ng RS-VK03 T\u0110P\u00a0  8\/ K\u1ec7 g\u01b0\u01a1ng d\u01b0\u1edbi RS-KK03 T\u0110P  9\/ B\u1ed9 t\u1ee7 lavabo + g\u01b0\u01a1ng t\u0111p: BF- LBT24\u00a0  Mi\u1ec5n ph\u00ed v\u1eadn chuy\u1ec3n trong n\u1ed9i th\u00e0nh \u0110\u00e0 N\u1eb5ng.  &nbsp;\" \/>\n<meta property=\"og:url\" content=\"https:\/\/tranthi.vn\/hatinh\/combo-phong-tam-03-tdp\/\" \/>\n<meta property=\"og:site_name\" content=\"V\u1eadt Li\u1ec7u X\u00e2y D\u1ef1ng Tr\u1ea7n Th\u1ecb Chi Nh\u00e1nh H\u00e0 T\u0129nh\" \/>\n<meta property=\"article:modified_time\" content=\"2024-04-22T02:59:03+00:00\" \/>\n<meta property=\"og:image\" content=\"https:\/\/tranthi.vn\/hatinh\/wp-content\/uploads\/2023\/08\/Combo-phong-tam-gia-re-tai-da-nang.jpg\" \/>\n\t<meta property=\"og:image:width\" content=\"400\" \/>\n\t<meta property=\"og:image:height\" content=\"350\" \/>\n\t<meta property=\"og:image:type\" content=\"image\/jpeg\" \/>\n<meta name=\"twitter:card\" content=\"summary_large_image\" \/>\n<meta name=\"twitter:label1\" content=\"Gi\u00e1\" \/>\n\t<meta name=\"twitter:data1\" content=\"9,574,000&nbsp;&#8363;\" \/>\n\t<meta name=\"twitter:label2\" content=\"Kh\u1ea3 d\u1ee5ng\" \/>\n\t<meta name=\"twitter:data2\" content=\"Trong kho\" \/>\n<script type=\"application\/ld+json\" class=\"yoast-schema-graph\">{\"@context\":\"https:\/\/schema.org\",\"@graph\":[{\"@type\":[\"WebPage\",\"ItemPage\"],\"@id\":\"https:\/\/tranthi.vn\/hatinh\/combo-phong-tam-03-tdp\/\",\"url\":\"https:\/\/tranthi.vn\/hatinh\/combo-phong-tam-03-tdp\/\",\"name\":\"Combo Ph\u00f2ng T\u1eafm 03-TL - V\u1eadt Li\u1ec7u X\u00e2y D\u1ef1ng Tr\u1ea7n Th\u1ecb Chi Nh\u00e1nh H\u00e0 T\u0129nh\",\"isPartOf\":{\"@id\":\"https:\/\/tranthi.vn\/hatinh\/#website\"},\"primaryImageOfPage\":{\"@id\":\"https:\/\/tranthi.vn\/hatinh\/combo-phong-tam-03-tdp\/#primaryimage\"},\"image\":{\"@id\":\"https:\/\/tranthi.vn\/hatinh\/combo-phong-tam-03-tdp\/#primaryimage\"},\"thumbnailUrl\":\"https:\/\/tranthi.vn\/hatinh\/wp-content\/uploads\/2023\/08\/Combo-phong-tam-gia-re-tai-da-nang.jpg\",\"datePublished\":\"2023-08-08T01:52:26+00:00\",\"dateModified\":\"2024-04-22T02:59:03+00:00\",\"breadcrumb\":{\"@id\":\"https:\/\/tranthi.vn\/hatinh\/combo-phong-tam-03-tdp\/#breadcrumb\"},\"inLanguage\":\"vi\",\"potentialAction\":[{\"@type\":\"ReadAction\",\"target\":[\"https:\/\/tranthi.vn\/hatinh\/combo-phong-tam-03-tdp\/\"]}]},{\"@type\":\"ImageObject\",\"inLanguage\":\"vi\",\"@id\":\"https:\/\/tranthi.vn\/hatinh\/combo-phong-tam-03-tdp\/#primaryimage\",\"url\":\"https:\/\/tranthi.vn\/hatinh\/wp-content\/uploads\/2023\/08\/Combo-phong-tam-gia-re-tai-da-nang.jpg\",\"contentUrl\":\"https:\/\/tranthi.vn\/hatinh\/wp-content\/uploads\/2023\/08\/Combo-phong-tam-gia-re-tai-da-nang.jpg\",\"width\":400,\"height\":350,\"caption\":\"Combo ph\u00f2ng t\u1eafm gi\u00e1 r\u1ebb t\u1ea1i \u0111\u00e0 n\u1eb5ng\"},{\"@type\":\"BreadcrumbList\",\"@id\":\"https:\/\/tranthi.vn\/hatinh\/combo-phong-tam-03-tdp\/#breadcrumb\",\"itemListElement\":[{\"@type\":\"ListItem\",\"position\":1,\"name\":\"Trang ch\u1ee7\",\"item\":\"https:\/\/tranthi.vn\/hatinh\/\"},{\"@type\":\"ListItem\",\"position\":2,\"name\":\"Shop\",\"item\":\"https:\/\/tranthi.vn\/hatinh\/shop\/\"},{\"@type\":\"ListItem\",\"position\":3,\"name\":\"Combo Ph\u00f2ng T\u1eafm 03-TL\"}]},{\"@type\":\"WebSite\",\"@id\":\"https:\/\/tranthi.vn\/hatinh\/#website\",\"url\":\"https:\/\/tranthi.vn\/hatinh\/\",\"name\":\"V\u1eadt Li\u1ec7u X\u00e2y D\u1ef1ng Tr\u1ea7n Th\u1ecb Chi Nh\u00e1nh H\u00e0 T\u0129nh\",\"description\":\"V\u1eadt Li\u1ec7u X\u00e2y D\u1ef1ng - H\u00e0 T\u0129nh\",\"potentialAction\":[{\"@type\":\"SearchAction\",\"target\":{\"@type\":\"EntryPoint\",\"urlTemplate\":\"https:\/\/tranthi.vn\/hatinh\/?s={search_term_string}\"},\"query-input\":\"required name=search_term_string\"}],\"inLanguage\":\"vi\"},{\"@type\":\"ImageObject\",\"inLanguage\":\"vi\",\"@id\":\"https:\/\/tranthi.vn\/hatinh\/combo-phong-tam-03-tdp\/#local-main-organization-logo\",\"url\":\"\",\"contentUrl\":\"\",\"caption\":\"V\u1eadt Li\u1ec7u X\u00e2y D\u1ef1ng Tr\u1ea7n Th\u1ecb Chi Nh\u00e1nh H\u00e0 T\u0129nh\"}]}<\/script>\n<meta property=\"product:price:amount\" content=\"9574000\" \/>\n<meta property=\"product:price:currency\" content=\"VND\" \/>\n<meta property=\"og:availability\" content=\"instock\" \/>\n<meta property=\"product:availability\" content=\"instock\" \/>\n<meta property=\"product:condition\" content=\"new\" \/>\n<!-- \/ Yoast SEO Premium plugin. -->","yoast_head_json":{"title":"Combo Ph\u00f2ng T\u1eafm 03-TL - V\u1eadt Li\u1ec7u X\u00e2y D\u1ef1ng Tr\u1ea7n Th\u1ecb Chi Nh\u00e1nh H\u00e0 T\u0129nh","robots":{"index":"index","follow":"follow","max-snippet":"max-snippet:-1","max-image-preview":"max-image-preview:large","max-video-preview":"max-video-preview:-1"},"canonical":"https:\/\/tranthi.vn\/hatinh\/combo-phong-tam-03-tdp\/","og_locale":"vi_VN","og_type":"article","og_title":"Combo Ph\u00f2ng T\u1eafm 03-TL","og_description":"COMBO 03 T\u0110P   \ud83e\udd70\u0110\u01a1n gi\u00e1: 9.574.000\u0111\/ combo  Combo bao g\u1ed3m:  1\/ Sen c\u00e2y cao c\u1ea5p N\/L RS-120 T\u0110P (\u0111\u1ed3ng thau m\u1ea1 Crome)  2\/ V\u00f2i lavabo N\/L RS-315 T\u0110P (\u0111\u1ed3ng thau m\u1ea1 crome)  3\/ B\u1ed3n c\u1ea7u tr\u1ee9ng RS-C937 T\u0110P (ch\u1ebf \u0111\u1ed9 x\u1ea3 si\u00eau m\u1ea1nh, n\u1eafp \u00eam)\u00a0  4\/ X\u1ecbt v\u1ec7 sinh TS-VX01 T\u0110P (Inox 304)\u00a0  5\/ H\u1ed9p gi\u1ea5y RS-HG03 T\u0110P\u00a0  6\/ K\u1ec7 g\u00f3c t\u1ea7ng : RS-KG02 T\u0110P\u00a0  7\/ M\u00e1ng kh\u0103n t\u1ea7ng RS-VK03 T\u0110P\u00a0  8\/ K\u1ec7 g\u01b0\u01a1ng d\u01b0\u1edbi RS-KK03 T\u0110P  9\/ B\u1ed9 t\u1ee7 lavabo + g\u01b0\u01a1ng t\u0111p: BF- LBT24\u00a0  Mi\u1ec5n ph\u00ed v\u1eadn chuy\u1ec3n trong n\u1ed9i th\u00e0nh \u0110\u00e0 N\u1eb5ng.  &nbsp;","og_url":"https:\/\/tranthi.vn\/hatinh\/combo-phong-tam-03-tdp\/","og_site_name":"V\u1eadt Li\u1ec7u X\u00e2y D\u1ef1ng Tr\u1ea7n Th\u1ecb Chi Nh\u00e1nh H\u00e0 T\u0129nh","article_modified_time":"2024-04-22T02:59:03+00:00","og_image":[{"width":400,"height":350,"url":"https:\/\/tranthi.vn\/hatinh\/wp-content\/uploads\/2023\/08\/Combo-phong-tam-gia-re-tai-da-nang.jpg","type":"image\/jpeg"}],"twitter_card":"summary_large_image","twitter_misc":{"Gi\u00e1":"9,574,000&nbsp;&#8363;","Kh\u1ea3 d\u1ee5ng":"Trong kho"},"schema":{"@context":"https:\/\/schema.org","@graph":[{"@type":["WebPage","ItemPage"],"@id":"https:\/\/tranthi.vn\/hatinh\/combo-phong-tam-03-tdp\/","url":"https:\/\/tranthi.vn\/hatinh\/combo-phong-tam-03-tdp\/","name":"Combo Ph\u00f2ng T\u1eafm 03-TL - V\u1eadt Li\u1ec7u X\u00e2y D\u1ef1ng Tr\u1ea7n Th\u1ecb Chi Nh\u00e1nh H\u00e0 T\u0129nh","isPartOf":{"@id":"https:\/\/tranthi.vn\/hatinh\/#website"},"primaryImageOfPage":{"@id":"https:\/\/tranthi.vn\/hatinh\/combo-phong-tam-03-tdp\/#primaryimage"},"image":{"@id":"https:\/\/tranthi.vn\/hatinh\/combo-phong-tam-03-tdp\/#primaryimage"},"thumbnailUrl":"https:\/\/tranthi.vn\/hatinh\/wp-content\/uploads\/2023\/08\/Combo-phong-tam-gia-re-tai-da-nang.jpg","datePublished":"2023-08-08T01:52:26+00:00","dateModified":"2024-04-22T02:59:03+00:00","breadcrumb":{"@id":"https:\/\/tranthi.vn\/hatinh\/combo-phong-tam-03-tdp\/#breadcrumb"},"inLanguage":"vi","potentialAction":[{"@type":"ReadAction","target":["https:\/\/tranthi.vn\/hatinh\/combo-phong-tam-03-tdp\/"]}]},{"@type":"ImageObject","inLanguage":"vi","@id":"https:\/\/tranthi.vn\/hatinh\/combo-phong-tam-03-tdp\/#primaryimage","url":"https:\/\/tranthi.vn\/hatinh\/wp-content\/uploads\/2023\/08\/Combo-phong-tam-gia-re-tai-da-nang.jpg","contentUrl":"https:\/\/tranthi.vn\/hatinh\/wp-content\/uploads\/2023\/08\/Combo-phong-tam-gia-re-tai-da-nang.jpg","width":400,"height":350,"caption":"Combo ph\u00f2ng t\u1eafm gi\u00e1 r\u1ebb t\u1ea1i \u0111\u00e0 n\u1eb5ng"},{"@type":"BreadcrumbList","@id":"https:\/\/tranthi.vn\/hatinh\/combo-phong-tam-03-tdp\/#breadcrumb","itemListElement":[{"@type":"ListItem","position":1,"name":"Trang ch\u1ee7","item":"https:\/\/tranthi.vn\/hatinh\/"},{"@type":"ListItem","position":2,"name":"Shop","item":"https:\/\/tranthi.vn\/hatinh\/shop\/"},{"@type":"ListItem","position":3,"name":"Combo Ph\u00f2ng T\u1eafm 03-TL"}]},{"@type":"WebSite","@id":"https:\/\/tranthi.vn\/hatinh\/#website","url":"https:\/\/tranthi.vn\/hatinh\/","name":"V\u1eadt Li\u1ec7u X\u00e2y D\u1ef1ng Tr\u1ea7n Th\u1ecb Chi Nh\u00e1nh H\u00e0 T\u0129nh","description":"V\u1eadt Li\u1ec7u X\u00e2y D\u1ef1ng - H\u00e0 T\u0129nh","potentialAction":[{"@type":"SearchAction","target":{"@type":"EntryPoint","urlTemplate":"https:\/\/tranthi.vn\/hatinh\/?s={search_term_string}"},"query-input":"required name=search_term_string"}],"inLanguage":"vi"},{"@type":"ImageObject","inLanguage":"vi","@id":"https:\/\/tranthi.vn\/hatinh\/combo-phong-tam-03-tdp\/#local-main-organization-logo","url":"","contentUrl":"","caption":"V\u1eadt Li\u1ec7u X\u00e2y D\u1ef1ng Tr\u1ea7n Th\u1ecb Chi Nh\u00e1nh H\u00e0 T\u0129nh"}]},"product_price_amount":"9574000","product_price_currency":"VND","og_availability":"instock","product_availability":"instock","product_condition":"new"},"_links":{"self":[{"href":"https:\/\/tranthi.vn\/hatinh\/wp-json\/wp\/v2\/product\/5626","targetHints":{"allow":["GET"]}}],"collection":[{"href":"https:\/\/tranthi.vn\/hatinh\/wp-json\/wp\/v2\/product"}],"about":[{"href":"https:\/\/tranthi.vn\/hatinh\/wp-json\/wp\/v2\/types\/product"}],"replies":[{"embeddable":true,"href":"https:\/\/tranthi.vn\/hatinh\/wp-json\/wp\/v2\/comments?post=5626"}],"wp:featuredmedia":[{"embeddable":true,"href":"https:\/\/tranthi.vn\/hatinh\/wp-json\/wp\/v2\/media\/5627"}],"wp:attachment":[{"href":"https:\/\/tranthi.vn\/hatinh\/wp-json\/wp\/v2\/media?parent=5626"}],"wp:term":[{"taxonomy":"product_cat","embeddable":true,"href":"https:\/\/tranthi.vn\/hatinh\/wp-json\/wp\/v2\/product_cat?post=5626"},{"taxonomy":"product_tag","embeddable":true,"href":"https:\/\/tranthi.vn\/hatinh\/wp-json\/wp\/v2\/product_tag?post=5626"}],"curies":[{"name":"wp","href":"https:\/\/api.w.org\/{rel}","templated":true}]}}