{"id":5612,"date":"2023-08-07T08:56:20","date_gmt":"2023-08-07T01:56:20","guid":{"rendered":"https:\/\/tranthi.vn\/quangnam\/?post_type=product&#038;p=5612"},"modified":"2024-03-23T16:33:52","modified_gmt":"2024-03-23T09:33:52","slug":"bep-2-tu-mat-kinh-vitro-ceramic-sieu-chiu-nhiet-tg","status":"publish","type":"product","link":"https:\/\/tranthi.vn\/hatinh\/bep-2-tu-mat-kinh-vitro-ceramic-sieu-chiu-nhiet-tg\/","title":{"rendered":"B\u1ebfp 2 T\u1eeb M\u1eb7t K\u00ednh Vitro Ceramic Si\u00eau Ch\u1ecbu Nhi\u1ec7t &#8211; TG"},"content":{"rendered":"","protected":false},"excerpt":{"rendered":"<p><span style=\"font-family: 'times new roman', times, serif; font-size: 130%;\"><strong>B\u1ebfp 2 T\u1eeb M\u1eb7t K\u00ednh Vitro Ceramic Si\u00eau Ch\u1ecbu Nhi\u1ec7t<\/strong><\/span><\/p>\n<p><span style=\"font-family: 'times new roman', times, serif; font-size: 130%;\"><strong>\ud83e\udd70K\u00edch th\u01b0\u1edbc: r\u1ed9ng x s\u00e2u x cao<\/strong><\/span><\/p>\n<p><span style=\"font-family: 'times new roman', times, serif; font-size: 130%;\">+ W730*D430*H75_ <strong><span style=\"color: #d83131;\">\u0110\u01a1n gi\u00e1: 5.642.000<\/span><\/strong><\/span><\/p>\n<p><span style=\"font-family: 'times new roman', times, serif; font-size: 130%; color: #0000ff;\">Ch\u1ee9c n\u0103ng:<\/span><\/p>\n<ul>\n<li><span style=\"font-family: 'times new roman', times, serif; font-size: 130%;\">\u0110i\u1ec1u khi\u1ec3n tr\u01b0\u1ee3t c\u1ea3m \u1ee9ng, ch\u1ee9c n\u0103ng h\u1eb9n gi\u1edd<\/span><\/li>\n<li><span style=\"font-family: 'times new roman', times, serif; font-size: 130%;\">Kh\u00f3a an to\u00e0n tr\u1ebb em.<\/span><\/li>\n<li><span style=\"font-family: 'times new roman', times, serif; font-size: 130%;\">C\u00f4ng su\u1ea5t m\u1ed7i b\u1ebfp 2600W<\/span><\/li>\n<li><span style=\"font-family: 'times new roman', times, serif; font-size: 130%;\">\u0110i\u1ec7n 220V.<\/span><\/li>\n<li><span style=\"font-family: 'times new roman', times, serif; font-size: 130%;\">C\u00f4ng ngh\u1ec7 Inverter ti\u1ebft ki\u1ec7m 30% \u0111i\u1ec7n n\u0103ng<\/span><\/li>\n<li><span style=\"font-family: 'times new roman', times, serif; font-size: 130%;\">T\u1ef1 nh\u1eadn di\u1ec7n v\u00f9ng n\u1ea5u, c\u1ea3nh b\u00e1o an to\u00e0n qu\u00e1 nhi\u1ec7t.<\/span><\/li>\n<li><span style=\"font-family: 'times new roman', times, serif; font-size: 130%;\">M\u00e2m \u0111\u1ed3ng cao c\u1ea5p, \u0111a ch\u1ee9c n\u0103ng n\u1ea5u, si\u00eau ti\u1ebft ki\u1ec7m \u0111i\u1ec7n.<\/span><\/li>\n<\/ul>\n<p><span style=\"color: #0000ff; font-family: 'times new roman', times, serif; font-size: 130%;\"><em>S\u1eed d\u1ee5ng chung s\u1ea3n ph\u1ea9m v\u1edbi l\u1eafp \u0111\u1eb7t t\u1ee7 b\u1ebfp s\u1ebd nh\u1eadn \u0111\u01b0\u1ee3c gi\u00e1 \u01b0u \u0111\u00e3i<\/em><\/span><\/p>\n<p><span style=\"color: #0000ff; font-family: 'times new roman', times, serif; font-size: 130%;\"><em>V\u1eadn chuy\u1ec3n mi\u1ec5n ph\u00ed trong n\u1ed9i th\u00e0nh \u0110\u00e0 N\u1eb5ng.<\/em><\/span><\/p>\n","protected":false},"featured_media":5613,"comment_status":"closed","ping_status":"closed","template":"","meta":[],"product_cat":[314,312,266],"product_tag":[],"class_list":{"0":"post-5612","1":"product","2":"type-product","3":"status-publish","4":"has-post-thumbnail","6":"product_cat-phu-kien-nha-bep-bep-tu","7":"product_cat-phu-kien-tu-bep-thong-minh","8":"product_cat-thiet-bi-nha-bep","10":"first","11":"instock","12":"sale","13":"shipping-taxable","14":"purchasable","15":"product-type-simple"},"yoast_head":"<!-- This site is optimized with the Yoast SEO Premium plugin v22.3 (Yoast SEO v22.8) - https:\/\/yoast.com\/wordpress\/plugins\/seo\/ -->\n<title>B\u1ebfp 2 T\u1eeb M\u1eb7t K\u00ednh Vitro Ceramic Si\u00eau Ch\u1ecbu Nhi\u1ec7t - TG - V\u1eadt Li\u1ec7u X\u00e2y D\u1ef1ng Tr\u1ea7n Th\u1ecb Chi Nh\u00e1nh H\u00e0 T\u0129nh<\/title>\n<meta name=\"robots\" content=\"index, follow, max-snippet:-1, max-image-preview:large, max-video-preview:-1\" \/>\n<link rel=\"canonical\" href=\"https:\/\/tranthi.vn\/hatinh\/bep-2-tu-mat-kinh-vitro-ceramic-sieu-chiu-nhiet-tg\/\" \/>\n<meta property=\"og:locale\" content=\"vi_VN\" \/>\n<meta property=\"og:type\" content=\"article\" \/>\n<meta property=\"og:title\" content=\"B\u1ebfp 2 T\u1eeb M\u1eb7t K\u00ednh Vitro Ceramic Si\u00eau Ch\u1ecbu Nhi\u1ec7t - TG\" \/>\n<meta property=\"og:description\" content=\"B\u1ebfp 2 T\u1eeb M\u1eb7t K\u00ednh Vitro Ceramic Si\u00eau Ch\u1ecbu Nhi\u1ec7t  \ud83e\udd70K\u00edch th\u01b0\u1edbc: r\u1ed9ng x s\u00e2u x cao  + W730*D430*H75_ \u0110\u01a1n gi\u00e1: 5.642.000  Ch\u1ee9c n\u0103ng:   \u0110i\u1ec1u khi\u1ec3n tr\u01b0\u1ee3t c\u1ea3m \u1ee9ng, ch\u1ee9c n\u0103ng h\u1eb9n gi\u1edd  Kh\u00f3a an to\u00e0n tr\u1ebb em.  C\u00f4ng su\u1ea5t m\u1ed7i b\u1ebfp 2600W  \u0110i\u1ec7n 220V.  C\u00f4ng ngh\u1ec7 Inverter ti\u1ebft ki\u1ec7m 30% \u0111i\u1ec7n n\u0103ng  T\u1ef1 nh\u1eadn di\u1ec7n v\u00f9ng n\u1ea5u, c\u1ea3nh b\u00e1o an to\u00e0n qu\u00e1 nhi\u1ec7t.  M\u00e2m \u0111\u1ed3ng cao c\u1ea5p, \u0111a ch\u1ee9c n\u0103ng n\u1ea5u, si\u00eau ti\u1ebft ki\u1ec7m \u0111i\u1ec7n.  S\u1eed d\u1ee5ng chung s\u1ea3n ph\u1ea9m v\u1edbi l\u1eafp \u0111\u1eb7t t\u1ee7 b\u1ebfp s\u1ebd nh\u1eadn \u0111\u01b0\u1ee3c gi\u00e1 \u01b0u \u0111\u00e3i  V\u1eadn chuy\u1ec3n mi\u1ec5n ph\u00ed trong n\u1ed9i th\u00e0nh \u0110\u00e0 N\u1eb5ng.\" \/>\n<meta property=\"og:url\" content=\"https:\/\/tranthi.vn\/hatinh\/bep-2-tu-mat-kinh-vitro-ceramic-sieu-chiu-nhiet-tg\/\" \/>\n<meta property=\"og:site_name\" content=\"V\u1eadt Li\u1ec7u X\u00e2y D\u1ef1ng Tr\u1ea7n Th\u1ecb Chi Nh\u00e1nh H\u00e0 T\u0129nh\" \/>\n<meta property=\"article:modified_time\" content=\"2024-03-23T09:33:52+00:00\" \/>\n<meta property=\"og:image\" content=\"https:\/\/tranthi.vn\/hatinh\/wp-content\/uploads\/2023\/08\/Bep-2-tu-mat-kinh-Vitro-Ceramic-sieu-chiu-nhiet.jpg\" \/>\n\t<meta property=\"og:image:width\" content=\"400\" \/>\n\t<meta property=\"og:image:height\" content=\"350\" \/>\n\t<meta property=\"og:image:type\" content=\"image\/jpeg\" \/>\n<meta name=\"twitter:card\" content=\"summary_large_image\" \/>\n<meta name=\"twitter:label1\" content=\"Gi\u00e1\" \/>\n\t<meta name=\"twitter:data1\" content=\"5,642,000&nbsp;&#8363;\" \/>\n\t<meta name=\"twitter:label2\" content=\"Kh\u1ea3 d\u1ee5ng\" \/>\n\t<meta name=\"twitter:data2\" content=\"Trong kho\" \/>\n<script type=\"application\/ld+json\" class=\"yoast-schema-graph\">{\"@context\":\"https:\/\/schema.org\",\"@graph\":[{\"@type\":[\"WebPage\",\"ItemPage\"],\"@id\":\"https:\/\/tranthi.vn\/hatinh\/bep-2-tu-mat-kinh-vitro-ceramic-sieu-chiu-nhiet-tg\/\",\"url\":\"https:\/\/tranthi.vn\/hatinh\/bep-2-tu-mat-kinh-vitro-ceramic-sieu-chiu-nhiet-tg\/\",\"name\":\"B\u1ebfp 2 T\u1eeb M\u1eb7t K\u00ednh Vitro Ceramic Si\u00eau Ch\u1ecbu Nhi\u1ec7t - TG - V\u1eadt Li\u1ec7u X\u00e2y D\u1ef1ng Tr\u1ea7n Th\u1ecb Chi Nh\u00e1nh H\u00e0 T\u0129nh\",\"isPartOf\":{\"@id\":\"https:\/\/tranthi.vn\/hatinh\/#website\"},\"primaryImageOfPage\":{\"@id\":\"https:\/\/tranthi.vn\/hatinh\/bep-2-tu-mat-kinh-vitro-ceramic-sieu-chiu-nhiet-tg\/#primaryimage\"},\"image\":{\"@id\":\"https:\/\/tranthi.vn\/hatinh\/bep-2-tu-mat-kinh-vitro-ceramic-sieu-chiu-nhiet-tg\/#primaryimage\"},\"thumbnailUrl\":\"https:\/\/tranthi.vn\/hatinh\/wp-content\/uploads\/2023\/08\/Bep-2-tu-mat-kinh-Vitro-Ceramic-sieu-chiu-nhiet.jpg\",\"datePublished\":\"2023-08-07T01:56:20+00:00\",\"dateModified\":\"2024-03-23T09:33:52+00:00\",\"breadcrumb\":{\"@id\":\"https:\/\/tranthi.vn\/hatinh\/bep-2-tu-mat-kinh-vitro-ceramic-sieu-chiu-nhiet-tg\/#breadcrumb\"},\"inLanguage\":\"vi\",\"potentialAction\":[{\"@type\":\"ReadAction\",\"target\":[\"https:\/\/tranthi.vn\/hatinh\/bep-2-tu-mat-kinh-vitro-ceramic-sieu-chiu-nhiet-tg\/\"]}]},{\"@type\":\"ImageObject\",\"inLanguage\":\"vi\",\"@id\":\"https:\/\/tranthi.vn\/hatinh\/bep-2-tu-mat-kinh-vitro-ceramic-sieu-chiu-nhiet-tg\/#primaryimage\",\"url\":\"https:\/\/tranthi.vn\/hatinh\/wp-content\/uploads\/2023\/08\/Bep-2-tu-mat-kinh-Vitro-Ceramic-sieu-chiu-nhiet.jpg\",\"contentUrl\":\"https:\/\/tranthi.vn\/hatinh\/wp-content\/uploads\/2023\/08\/Bep-2-tu-mat-kinh-Vitro-Ceramic-sieu-chiu-nhiet.jpg\",\"width\":400,\"height\":350,\"caption\":\"B\u1ebfp 2 t\u1eeb m\u1eb7t k\u00ednh Vitro Ceramic si\u00eau ch\u1ecbu nhi\u1ec7t\"},{\"@type\":\"BreadcrumbList\",\"@id\":\"https:\/\/tranthi.vn\/hatinh\/bep-2-tu-mat-kinh-vitro-ceramic-sieu-chiu-nhiet-tg\/#breadcrumb\",\"itemListElement\":[{\"@type\":\"ListItem\",\"position\":1,\"name\":\"Trang ch\u1ee7\",\"item\":\"https:\/\/tranthi.vn\/hatinh\/\"},{\"@type\":\"ListItem\",\"position\":2,\"name\":\"Shop\",\"item\":\"https:\/\/tranthi.vn\/hatinh\/shop\/\"},{\"@type\":\"ListItem\",\"position\":3,\"name\":\"B\u1ebfp 2 T\u1eeb M\u1eb7t K\u00ednh Vitro Ceramic Si\u00eau Ch\u1ecbu Nhi\u1ec7t &#8211; TG\"}]},{\"@type\":\"WebSite\",\"@id\":\"https:\/\/tranthi.vn\/hatinh\/#website\",\"url\":\"https:\/\/tranthi.vn\/hatinh\/\",\"name\":\"V\u1eadt Li\u1ec7u X\u00e2y D\u1ef1ng Tr\u1ea7n Th\u1ecb Chi Nh\u00e1nh H\u00e0 T\u0129nh\",\"description\":\"V\u1eadt Li\u1ec7u X\u00e2y D\u1ef1ng - H\u00e0 T\u0129nh\",\"potentialAction\":[{\"@type\":\"SearchAction\",\"target\":{\"@type\":\"EntryPoint\",\"urlTemplate\":\"https:\/\/tranthi.vn\/hatinh\/?s={search_term_string}\"},\"query-input\":\"required name=search_term_string\"}],\"inLanguage\":\"vi\"},{\"@type\":\"ImageObject\",\"inLanguage\":\"vi\",\"@id\":\"https:\/\/tranthi.vn\/hatinh\/bep-2-tu-mat-kinh-vitro-ceramic-sieu-chiu-nhiet-tg\/#local-main-organization-logo\",\"url\":\"\",\"contentUrl\":\"\",\"caption\":\"V\u1eadt Li\u1ec7u X\u00e2y D\u1ef1ng Tr\u1ea7n Th\u1ecb Chi Nh\u00e1nh H\u00e0 T\u0129nh\"}]}<\/script>\n<meta property=\"product:price:amount\" content=\"5642000\" \/>\n<meta property=\"product:price:currency\" content=\"VND\" \/>\n<meta property=\"og:availability\" content=\"instock\" \/>\n<meta property=\"product:availability\" content=\"instock\" \/>\n<meta property=\"product:condition\" content=\"new\" \/>\n<!-- \/ Yoast SEO Premium plugin. -->","yoast_head_json":{"title":"B\u1ebfp 2 T\u1eeb M\u1eb7t K\u00ednh Vitro Ceramic Si\u00eau Ch\u1ecbu Nhi\u1ec7t - TG - V\u1eadt Li\u1ec7u X\u00e2y D\u1ef1ng Tr\u1ea7n Th\u1ecb Chi Nh\u00e1nh H\u00e0 T\u0129nh","robots":{"index":"index","follow":"follow","max-snippet":"max-snippet:-1","max-image-preview":"max-image-preview:large","max-video-preview":"max-video-preview:-1"},"canonical":"https:\/\/tranthi.vn\/hatinh\/bep-2-tu-mat-kinh-vitro-ceramic-sieu-chiu-nhiet-tg\/","og_locale":"vi_VN","og_type":"article","og_title":"B\u1ebfp 2 T\u1eeb M\u1eb7t K\u00ednh Vitro Ceramic Si\u00eau Ch\u1ecbu Nhi\u1ec7t - TG","og_description":"B\u1ebfp 2 T\u1eeb M\u1eb7t K\u00ednh Vitro Ceramic Si\u00eau Ch\u1ecbu Nhi\u1ec7t  \ud83e\udd70K\u00edch th\u01b0\u1edbc: r\u1ed9ng x s\u00e2u x cao  + W730*D430*H75_ \u0110\u01a1n gi\u00e1: 5.642.000  Ch\u1ee9c n\u0103ng:   \u0110i\u1ec1u khi\u1ec3n tr\u01b0\u1ee3t c\u1ea3m \u1ee9ng, ch\u1ee9c n\u0103ng h\u1eb9n gi\u1edd  Kh\u00f3a an to\u00e0n tr\u1ebb em.  C\u00f4ng su\u1ea5t m\u1ed7i b\u1ebfp 2600W  \u0110i\u1ec7n 220V.  C\u00f4ng ngh\u1ec7 Inverter ti\u1ebft ki\u1ec7m 30% \u0111i\u1ec7n n\u0103ng  T\u1ef1 nh\u1eadn di\u1ec7n v\u00f9ng n\u1ea5u, c\u1ea3nh b\u00e1o an to\u00e0n qu\u00e1 nhi\u1ec7t.  M\u00e2m \u0111\u1ed3ng cao c\u1ea5p, \u0111a ch\u1ee9c n\u0103ng n\u1ea5u, si\u00eau ti\u1ebft ki\u1ec7m \u0111i\u1ec7n.  S\u1eed d\u1ee5ng chung s\u1ea3n ph\u1ea9m v\u1edbi l\u1eafp \u0111\u1eb7t t\u1ee7 b\u1ebfp s\u1ebd nh\u1eadn \u0111\u01b0\u1ee3c gi\u00e1 \u01b0u \u0111\u00e3i  V\u1eadn chuy\u1ec3n mi\u1ec5n ph\u00ed trong n\u1ed9i th\u00e0nh \u0110\u00e0 N\u1eb5ng.","og_url":"https:\/\/tranthi.vn\/hatinh\/bep-2-tu-mat-kinh-vitro-ceramic-sieu-chiu-nhiet-tg\/","og_site_name":"V\u1eadt Li\u1ec7u X\u00e2y D\u1ef1ng Tr\u1ea7n Th\u1ecb Chi Nh\u00e1nh H\u00e0 T\u0129nh","article_modified_time":"2024-03-23T09:33:52+00:00","og_image":[{"width":400,"height":350,"url":"https:\/\/tranthi.vn\/hatinh\/wp-content\/uploads\/2023\/08\/Bep-2-tu-mat-kinh-Vitro-Ceramic-sieu-chiu-nhiet.jpg","type":"image\/jpeg"}],"twitter_card":"summary_large_image","twitter_misc":{"Gi\u00e1":"5,642,000&nbsp;&#8363;","Kh\u1ea3 d\u1ee5ng":"Trong kho"},"schema":{"@context":"https:\/\/schema.org","@graph":[{"@type":["WebPage","ItemPage"],"@id":"https:\/\/tranthi.vn\/hatinh\/bep-2-tu-mat-kinh-vitro-ceramic-sieu-chiu-nhiet-tg\/","url":"https:\/\/tranthi.vn\/hatinh\/bep-2-tu-mat-kinh-vitro-ceramic-sieu-chiu-nhiet-tg\/","name":"B\u1ebfp 2 T\u1eeb M\u1eb7t K\u00ednh Vitro Ceramic Si\u00eau Ch\u1ecbu Nhi\u1ec7t - TG - V\u1eadt Li\u1ec7u X\u00e2y D\u1ef1ng Tr\u1ea7n Th\u1ecb Chi Nh\u00e1nh H\u00e0 T\u0129nh","isPartOf":{"@id":"https:\/\/tranthi.vn\/hatinh\/#website"},"primaryImageOfPage":{"@id":"https:\/\/tranthi.vn\/hatinh\/bep-2-tu-mat-kinh-vitro-ceramic-sieu-chiu-nhiet-tg\/#primaryimage"},"image":{"@id":"https:\/\/tranthi.vn\/hatinh\/bep-2-tu-mat-kinh-vitro-ceramic-sieu-chiu-nhiet-tg\/#primaryimage"},"thumbnailUrl":"https:\/\/tranthi.vn\/hatinh\/wp-content\/uploads\/2023\/08\/Bep-2-tu-mat-kinh-Vitro-Ceramic-sieu-chiu-nhiet.jpg","datePublished":"2023-08-07T01:56:20+00:00","dateModified":"2024-03-23T09:33:52+00:00","breadcrumb":{"@id":"https:\/\/tranthi.vn\/hatinh\/bep-2-tu-mat-kinh-vitro-ceramic-sieu-chiu-nhiet-tg\/#breadcrumb"},"inLanguage":"vi","potentialAction":[{"@type":"ReadAction","target":["https:\/\/tranthi.vn\/hatinh\/bep-2-tu-mat-kinh-vitro-ceramic-sieu-chiu-nhiet-tg\/"]}]},{"@type":"ImageObject","inLanguage":"vi","@id":"https:\/\/tranthi.vn\/hatinh\/bep-2-tu-mat-kinh-vitro-ceramic-sieu-chiu-nhiet-tg\/#primaryimage","url":"https:\/\/tranthi.vn\/hatinh\/wp-content\/uploads\/2023\/08\/Bep-2-tu-mat-kinh-Vitro-Ceramic-sieu-chiu-nhiet.jpg","contentUrl":"https:\/\/tranthi.vn\/hatinh\/wp-content\/uploads\/2023\/08\/Bep-2-tu-mat-kinh-Vitro-Ceramic-sieu-chiu-nhiet.jpg","width":400,"height":350,"caption":"B\u1ebfp 2 t\u1eeb m\u1eb7t k\u00ednh Vitro Ceramic si\u00eau ch\u1ecbu nhi\u1ec7t"},{"@type":"BreadcrumbList","@id":"https:\/\/tranthi.vn\/hatinh\/bep-2-tu-mat-kinh-vitro-ceramic-sieu-chiu-nhiet-tg\/#breadcrumb","itemListElement":[{"@type":"ListItem","position":1,"name":"Trang ch\u1ee7","item":"https:\/\/tranthi.vn\/hatinh\/"},{"@type":"ListItem","position":2,"name":"Shop","item":"https:\/\/tranthi.vn\/hatinh\/shop\/"},{"@type":"ListItem","position":3,"name":"B\u1ebfp 2 T\u1eeb M\u1eb7t K\u00ednh Vitro Ceramic Si\u00eau Ch\u1ecbu Nhi\u1ec7t &#8211; TG"}]},{"@type":"WebSite","@id":"https:\/\/tranthi.vn\/hatinh\/#website","url":"https:\/\/tranthi.vn\/hatinh\/","name":"V\u1eadt Li\u1ec7u X\u00e2y D\u1ef1ng Tr\u1ea7n Th\u1ecb Chi Nh\u00e1nh H\u00e0 T\u0129nh","description":"V\u1eadt Li\u1ec7u X\u00e2y D\u1ef1ng - H\u00e0 T\u0129nh","potentialAction":[{"@type":"SearchAction","target":{"@type":"EntryPoint","urlTemplate":"https:\/\/tranthi.vn\/hatinh\/?s={search_term_string}"},"query-input":"required name=search_term_string"}],"inLanguage":"vi"},{"@type":"ImageObject","inLanguage":"vi","@id":"https:\/\/tranthi.vn\/hatinh\/bep-2-tu-mat-kinh-vitro-ceramic-sieu-chiu-nhiet-tg\/#local-main-organization-logo","url":"","contentUrl":"","caption":"V\u1eadt Li\u1ec7u X\u00e2y D\u1ef1ng Tr\u1ea7n Th\u1ecb Chi Nh\u00e1nh H\u00e0 T\u0129nh"}]},"product_price_amount":"5642000","product_price_currency":"VND","og_availability":"instock","product_availability":"instock","product_condition":"new"},"_links":{"self":[{"href":"https:\/\/tranthi.vn\/hatinh\/wp-json\/wp\/v2\/product\/5612","targetHints":{"allow":["GET"]}}],"collection":[{"href":"https:\/\/tranthi.vn\/hatinh\/wp-json\/wp\/v2\/product"}],"about":[{"href":"https:\/\/tranthi.vn\/hatinh\/wp-json\/wp\/v2\/types\/product"}],"replies":[{"embeddable":true,"href":"https:\/\/tranthi.vn\/hatinh\/wp-json\/wp\/v2\/comments?post=5612"}],"wp:featuredmedia":[{"embeddable":true,"href":"https:\/\/tranthi.vn\/hatinh\/wp-json\/wp\/v2\/media\/5613"}],"wp:attachment":[{"href":"https:\/\/tranthi.vn\/hatinh\/wp-json\/wp\/v2\/media?parent=5612"}],"wp:term":[{"taxonomy":"product_cat","embeddable":true,"href":"https:\/\/tranthi.vn\/hatinh\/wp-json\/wp\/v2\/product_cat?post=5612"},{"taxonomy":"product_tag","embeddable":true,"href":"https:\/\/tranthi.vn\/hatinh\/wp-json\/wp\/v2\/product_tag?post=5612"}],"curies":[{"name":"wp","href":"https:\/\/api.w.org\/{rel}","templated":true}]}}