{"id":5584,"date":"2023-08-05T10:35:32","date_gmt":"2023-08-05T03:35:32","guid":{"rendered":"https:\/\/tranthi.vn\/quangnam\/?post_type=product&#038;p=5584"},"modified":"2024-03-18T11:02:01","modified_gmt":"2024-03-18T04:02:01","slug":"gia-bat-dia-hop-2-lop-day-gh-61-tg","status":"publish","type":"product","link":"https:\/\/tranthi.vn\/hatinh\/gia-bat-dia-hop-2-lop-day-gh-61-tg\/","title":{"rendered":"Gi\u00e1 B\u00e1t \u0110\u0129a H\u1ed9p 2 L\u01a1\u0301p \u0110\u00e1y &#8211; GH-61-TG"},"content":{"rendered":"","protected":false},"excerpt":{"rendered":"<p><span style=\"font-family: 'times new roman', times, serif; font-size: 130%;\">\ud83d\ude1b<strong> <span style=\"color: #d83131;\">\u0110\u01a1n gi\u00e1<em>:<\/em> <em>Gi\u00e1 xoong n\u1ed3i h\u1ed9p\u00a0 2 l\u01a1\u0301p \u0111\u00e1y &#8211; g\u1eafn c\u00e1nh , ray gi\u1ea3m ch\u1ea5n cao c\u1ea5p<\/em><\/span><\/strong><\/span><\/p>\n<p><span style=\"font-family: 'times new roman', times, serif; font-size: 130%; color: #008000;\"><strong>K\u00edch th\u01b0\u1edbc: r\u1ed9ng x s\u00e2u x cao<\/strong><\/span><\/p>\n<p><span style=\"font-family: 'times new roman', times, serif; font-size: 130%;\"><strong>+ <\/strong>W565*D450*H175_<strong>(kt t\u1ee7, ph\u1ee7 b\u00ec : 600)<\/strong> _<span style=\"color: #d83131;\"><strong> gi\u00e1: 1.336<\/strong><strong>.000<\/strong><\/span><\/span><\/p>\n<p><span style=\"font-family: 'times new roman', times, serif; font-size: 130%;\"><strong>+ <\/strong>W665*D450*H175<strong>_<\/strong><strong>(kt t\u1ee7, ph\u1ee7 b\u00ec : 700)<\/strong> _<span style=\"color: #d83131;\"><strong> gi\u00e1: <\/strong><strong>1.369.000<\/strong><\/span><\/span><\/p>\n<p><span style=\"font-family: 'times new roman', times, serif; font-size: 130%;\"><strong>+ <\/strong>W715*D450*H175<strong>_<\/strong><strong>(kt t\u1ee7, ph\u1ee7 b\u00ec : 750)<\/strong> _<span style=\"color: #d83131;\"><strong> gi\u00e1: <\/strong><strong>1.423.000<\/strong><\/span><\/span><\/p>\n<p><span style=\"font-family: 'times new roman', times, serif; font-size: 130%;\"><strong>+ <\/strong>W765*D450*H175<strong>_<\/strong><strong>(kt t\u1ee7, ph\u1ee7 b\u00ec : 800)<\/strong> _<span style=\"color: #d83131;\"><strong> gi\u00e1: <\/strong><strong>1.423.000<\/strong><\/span><\/span><\/p>\n<p><span style=\"font-family: 'times new roman', times, serif; font-size: 130%;\"><strong>+ <\/strong>W865*D450*H175<strong>_<\/strong><strong>(kt t\u1ee7, ph\u1ee7 b\u00ec : 900)<\/strong> _<span style=\"color: #d83131;\"><strong> gi\u00e1: <\/strong><strong>1.477.000<\/strong><\/span><\/span><\/p>\n<p><span style=\"font-family: 'times new roman', times, serif; font-size: 130%;\"><strong>Ch\u1ea5t li\u1ec7u: <\/strong><strong><em>\u00a0inox\u00a0 va\u0300 composit ch\u00f4\u0301ng \u00e2\u0309m<\/em><\/strong><\/span><\/p>\n<p><span style=\"font-family: 'times new roman', times, serif; font-size: 130%; color: #008000;\">+ C\u00e1c N\u1ed9i Dung S\u1ea3n Ph\u1ea9m \u0110\u01b0\u1ee3c B\u1ea3o H\u00e0nh:<\/span><\/p>\n<ul>\n<li><span style=\"font-family: 'times new roman', times, serif; font-size: 130%;\">Gi\u1ecf b\u1ea3o h\u00e0nh r\u1ec9 s\u00e9t 2 n\u0103m<\/span><\/li>\n<li><span style=\"font-family: 'times new roman', times, serif; font-size: 130%;\">H\u1ec7 th\u1ed1ng khung, ray b\u1ea3o h\u00e0nh 2 n\u0103m<\/span><\/li>\n<\/ul>\n<p><span style=\"font-family: 'times new roman', times, serif; font-size: 130%; color: #008000;\">+ C\u00e1c Tr\u01b0\u1eddng H\u1ee3p S\u1ea3n Ph\u1ea9m Kh\u00f4ng \u0110\u01b0\u1ee3c B\u1ea3o H\u00e0nh:<\/span><\/p>\n<ul>\n<li><span style=\"font-family: 'times new roman', times, serif; font-size: 130%;\">S\u1ea3n ph\u1ea9m s\u1eed d\u1ee5ng trong m\u00f4i tr\u01b0\u1eddng \u1ea9m \u01b0\u1edbt<\/span><\/li>\n<li><span style=\"font-family: 'times new roman', times, serif; font-size: 130%;\">S\u1ea3n ph\u1ea9m s\u1eed d\u1ee5ng trong m\u00f4i tr\u01b0\u1eddng c\u00f3 axit, \u0111\u1ed9 m\u1eb7n cao<\/span><\/li>\n<li><span style=\"font-family: 'times new roman', times, serif; font-size: 130%;\">S\u1ea3n ph\u1ea9m b\u1ecb d\u1eabm \u0111\u1ea1p, l\u00e0m bi\u1ebfn d\u1ea1ng do t\u00e1c \u0111\u1ed9ng b\u00ean ngo\u00e0i<\/span><\/li>\n<\/ul>\n<p><span style=\"font-family: 'times new roman', times, serif; font-size: 130%;\">\ud83d\ude1b<span style=\"color: #008000;\"> <em>S\u1eed d\u1ee5ng chung s\u1ea3n ph\u1ea9m v\u1edbi l\u1eafp \u0111\u1eb7t t\u1ee7 b\u1ebfp s\u1ebd nh\u1eadn \u0111\u01b0\u1ee3c gi\u00e1 \u01b0u \u0111\u00e3i<\/em><\/span><\/span><\/p>\n<p><span style=\"font-family: 'times new roman', times, serif; font-size: 130%;\"><span style=\"color: #008000;\"><em>V\u1eadn chuy\u1ec3n mi\u1ec5n ph\u00ed trong n\u1ed9i th\u00e0nh \u0110\u00e0 N\u1eb5ng.<\/em><\/span><\/span><\/p>\n","protected":false},"featured_media":5585,"comment_status":"closed","ping_status":"closed","template":"","meta":[],"product_cat":[385,312,266],"product_tag":[],"class_list":{"0":"post-5584","1":"product","2":"type-product","3":"status-publish","4":"has-post-thumbnail","6":"product_cat-phu-kien-nha-bep-phu-kien-tu-bep-thong-minh-gia-dung-xoong-noi","7":"product_cat-phu-kien-tu-bep-thong-minh","8":"product_cat-thiet-bi-nha-bep","10":"first","11":"instock","12":"sale","13":"shipping-taxable","14":"purchasable","15":"product-type-simple"},"yoast_head":"<!-- This site is optimized with the Yoast SEO Premium plugin v22.3 (Yoast SEO v22.8) - https:\/\/yoast.com\/wordpress\/plugins\/seo\/ -->\n<title>Gi\u00e1 B\u00e1t \u0110\u0129a H\u1ed9p 2 L\u01a1\u0301p \u0110\u00e1y - GH-61-TG - V\u1eadt Li\u1ec7u X\u00e2y D\u1ef1ng Tr\u1ea7n Th\u1ecb Chi Nh\u00e1nh H\u00e0 T\u0129nh<\/title>\n<meta name=\"robots\" content=\"index, follow, max-snippet:-1, max-image-preview:large, max-video-preview:-1\" \/>\n<link rel=\"canonical\" href=\"https:\/\/tranthi.vn\/hatinh\/gia-bat-dia-hop-2-lop-day-gh-61-tg\/\" \/>\n<meta property=\"og:locale\" content=\"vi_VN\" \/>\n<meta property=\"og:type\" content=\"article\" \/>\n<meta property=\"og:title\" content=\"Gi\u00e1 B\u00e1t \u0110\u0129a H\u1ed9p 2 L\u01a1\u0301p \u0110\u00e1y - GH-61-TG\" \/>\n<meta property=\"og:description\" content=\"\ud83d\ude1b \u0110\u01a1n gi\u00e1: Gi\u00e1 xoong n\u1ed3i h\u1ed9p\u00a0 2 l\u01a1\u0301p \u0111\u00e1y - g\u1eafn c\u00e1nh , ray gi\u1ea3m ch\u1ea5n cao c\u1ea5p  K\u00edch th\u01b0\u1edbc: r\u1ed9ng x s\u00e2u x cao  + W565*D450*H175_(kt t\u1ee7, ph\u1ee7 b\u00ec : 600) _ gi\u00e1: 1.336.000  + W665*D450*H175_(kt t\u1ee7, ph\u1ee7 b\u00ec : 700) _ gi\u00e1: 1.369.000  + W715*D450*H175_(kt t\u1ee7, ph\u1ee7 b\u00ec : 750) _ gi\u00e1: 1.423.000  + W765*D450*H175_(kt t\u1ee7, ph\u1ee7 b\u00ec : 800) _ gi\u00e1: 1.423.000  + W865*D450*H175_(kt t\u1ee7, ph\u1ee7 b\u00ec : 900) _ gi\u00e1: 1.477.000  Ch\u1ea5t li\u1ec7u: \u00a0inox\u00a0 va\u0300 composit ch\u00f4\u0301ng \u00e2\u0309m  + C\u00e1c N\u1ed9i Dung S\u1ea3n Ph\u1ea9m \u0110\u01b0\u1ee3c B\u1ea3o H\u00e0nh:   Gi\u1ecf b\u1ea3o h\u00e0nh r\u1ec9 s\u00e9t 2 n\u0103m  H\u1ec7 th\u1ed1ng khung, ray b\u1ea3o h\u00e0nh 2 n\u0103m  + C\u00e1c Tr\u01b0\u1eddng H\u1ee3p S\u1ea3n Ph\u1ea9m Kh\u00f4ng \u0110\u01b0\u1ee3c B\u1ea3o H\u00e0nh:   S\u1ea3n ph\u1ea9m s\u1eed d\u1ee5ng trong m\u00f4i tr\u01b0\u1eddng \u1ea9m \u01b0\u1edbt  S\u1ea3n ph\u1ea9m s\u1eed d\u1ee5ng trong m\u00f4i tr\u01b0\u1eddng c\u00f3 axit, \u0111\u1ed9 m\u1eb7n cao  S\u1ea3n ph\u1ea9m b\u1ecb d\u1eabm \u0111\u1ea1p, l\u00e0m bi\u1ebfn d\u1ea1ng do t\u00e1c \u0111\u1ed9ng b\u00ean ngo\u00e0i  \ud83d\ude1b S\u1eed d\u1ee5ng chung s\u1ea3n ph\u1ea9m v\u1edbi l\u1eafp \u0111\u1eb7t t\u1ee7 b\u1ebfp s\u1ebd nh\u1eadn \u0111\u01b0\u1ee3c gi\u00e1 \u01b0u \u0111\u00e3i  V\u1eadn chuy\u1ec3n mi\u1ec5n ph\u00ed trong n\u1ed9i th\u00e0nh \u0110\u00e0 N\u1eb5ng.\" \/>\n<meta property=\"og:url\" content=\"https:\/\/tranthi.vn\/hatinh\/gia-bat-dia-hop-2-lop-day-gh-61-tg\/\" \/>\n<meta property=\"og:site_name\" content=\"V\u1eadt Li\u1ec7u X\u00e2y D\u1ef1ng Tr\u1ea7n Th\u1ecb Chi Nh\u00e1nh H\u00e0 T\u0129nh\" \/>\n<meta property=\"article:modified_time\" content=\"2024-03-18T04:02:01+00:00\" \/>\n<meta property=\"og:image\" content=\"https:\/\/tranthi.vn\/hatinh\/wp-content\/uploads\/2023\/08\/Gia-Bat-Dia-Hop-2-Lop-Day-GH-61-DA-NANG.jpg\" \/>\n\t<meta property=\"og:image:width\" content=\"400\" \/>\n\t<meta property=\"og:image:height\" content=\"350\" \/>\n\t<meta property=\"og:image:type\" content=\"image\/jpeg\" \/>\n<meta name=\"twitter:card\" content=\"summary_large_image\" \/>\n<meta name=\"twitter:label1\" content=\"Gi\u00e1\" \/>\n\t<meta name=\"twitter:data1\" content=\"1,336,000&nbsp;&#8363;\" \/>\n\t<meta name=\"twitter:label2\" content=\"Kh\u1ea3 d\u1ee5ng\" \/>\n\t<meta name=\"twitter:data2\" content=\"Trong kho\" \/>\n<script type=\"application\/ld+json\" class=\"yoast-schema-graph\">{\"@context\":\"https:\/\/schema.org\",\"@graph\":[{\"@type\":[\"WebPage\",\"ItemPage\"],\"@id\":\"https:\/\/tranthi.vn\/hatinh\/gia-bat-dia-hop-2-lop-day-gh-61-tg\/\",\"url\":\"https:\/\/tranthi.vn\/hatinh\/gia-bat-dia-hop-2-lop-day-gh-61-tg\/\",\"name\":\"Gi\u00e1 B\u00e1t \u0110\u0129a H\u1ed9p 2 L\u01a1\u0301p \u0110\u00e1y - GH-61-TG - V\u1eadt Li\u1ec7u X\u00e2y D\u1ef1ng Tr\u1ea7n Th\u1ecb Chi Nh\u00e1nh H\u00e0 T\u0129nh\",\"isPartOf\":{\"@id\":\"https:\/\/tranthi.vn\/hatinh\/#website\"},\"primaryImageOfPage\":{\"@id\":\"https:\/\/tranthi.vn\/hatinh\/gia-bat-dia-hop-2-lop-day-gh-61-tg\/#primaryimage\"},\"image\":{\"@id\":\"https:\/\/tranthi.vn\/hatinh\/gia-bat-dia-hop-2-lop-day-gh-61-tg\/#primaryimage\"},\"thumbnailUrl\":\"https:\/\/tranthi.vn\/hatinh\/wp-content\/uploads\/2023\/08\/Gia-Bat-Dia-Hop-2-Lop-Day-GH-61-DA-NANG.jpg\",\"datePublished\":\"2023-08-05T03:35:32+00:00\",\"dateModified\":\"2024-03-18T04:02:01+00:00\",\"breadcrumb\":{\"@id\":\"https:\/\/tranthi.vn\/hatinh\/gia-bat-dia-hop-2-lop-day-gh-61-tg\/#breadcrumb\"},\"inLanguage\":\"vi\",\"potentialAction\":[{\"@type\":\"ReadAction\",\"target\":[\"https:\/\/tranthi.vn\/hatinh\/gia-bat-dia-hop-2-lop-day-gh-61-tg\/\"]}]},{\"@type\":\"ImageObject\",\"inLanguage\":\"vi\",\"@id\":\"https:\/\/tranthi.vn\/hatinh\/gia-bat-dia-hop-2-lop-day-gh-61-tg\/#primaryimage\",\"url\":\"https:\/\/tranthi.vn\/hatinh\/wp-content\/uploads\/2023\/08\/Gia-Bat-Dia-Hop-2-Lop-Day-GH-61-DA-NANG.jpg\",\"contentUrl\":\"https:\/\/tranthi.vn\/hatinh\/wp-content\/uploads\/2023\/08\/Gia-Bat-Dia-Hop-2-Lop-Day-GH-61-DA-NANG.jpg\",\"width\":400,\"height\":350,\"caption\":\"Gi\u00e1 B\u00e1t \u0110\u0129a H\u1ed9p 2 L\u01a1\u0301p \u0110\u00e1y - GH-61 \u0110\u00c0 N\u1eb4NG\"},{\"@type\":\"BreadcrumbList\",\"@id\":\"https:\/\/tranthi.vn\/hatinh\/gia-bat-dia-hop-2-lop-day-gh-61-tg\/#breadcrumb\",\"itemListElement\":[{\"@type\":\"ListItem\",\"position\":1,\"name\":\"Trang ch\u1ee7\",\"item\":\"https:\/\/tranthi.vn\/hatinh\/\"},{\"@type\":\"ListItem\",\"position\":2,\"name\":\"Shop\",\"item\":\"https:\/\/tranthi.vn\/hatinh\/shop\/\"},{\"@type\":\"ListItem\",\"position\":3,\"name\":\"Gi\u00e1 B\u00e1t \u0110\u0129a H\u1ed9p 2 L\u01a1\u0301p \u0110\u00e1y &#8211; GH-61-TG\"}]},{\"@type\":\"WebSite\",\"@id\":\"https:\/\/tranthi.vn\/hatinh\/#website\",\"url\":\"https:\/\/tranthi.vn\/hatinh\/\",\"name\":\"V\u1eadt Li\u1ec7u X\u00e2y D\u1ef1ng Tr\u1ea7n Th\u1ecb Chi Nh\u00e1nh H\u00e0 T\u0129nh\",\"description\":\"V\u1eadt Li\u1ec7u X\u00e2y D\u1ef1ng - H\u00e0 T\u0129nh\",\"potentialAction\":[{\"@type\":\"SearchAction\",\"target\":{\"@type\":\"EntryPoint\",\"urlTemplate\":\"https:\/\/tranthi.vn\/hatinh\/?s={search_term_string}\"},\"query-input\":\"required name=search_term_string\"}],\"inLanguage\":\"vi\"},{\"@type\":\"ImageObject\",\"inLanguage\":\"vi\",\"@id\":\"https:\/\/tranthi.vn\/hatinh\/gia-bat-dia-hop-2-lop-day-gh-61-tg\/#local-main-organization-logo\",\"url\":\"\",\"contentUrl\":\"\",\"caption\":\"V\u1eadt Li\u1ec7u X\u00e2y D\u1ef1ng Tr\u1ea7n Th\u1ecb Chi Nh\u00e1nh H\u00e0 T\u0129nh\"}]}<\/script>\n<meta property=\"product:price:amount\" content=\"1336000\" \/>\n<meta property=\"product:price:currency\" content=\"VND\" \/>\n<meta property=\"og:availability\" content=\"instock\" \/>\n<meta property=\"product:availability\" content=\"instock\" \/>\n<meta property=\"product:condition\" content=\"new\" \/>\n<!-- \/ Yoast SEO Premium plugin. -->","yoast_head_json":{"title":"Gi\u00e1 B\u00e1t \u0110\u0129a H\u1ed9p 2 L\u01a1\u0301p \u0110\u00e1y - GH-61-TG - V\u1eadt Li\u1ec7u X\u00e2y D\u1ef1ng Tr\u1ea7n Th\u1ecb Chi Nh\u00e1nh H\u00e0 T\u0129nh","robots":{"index":"index","follow":"follow","max-snippet":"max-snippet:-1","max-image-preview":"max-image-preview:large","max-video-preview":"max-video-preview:-1"},"canonical":"https:\/\/tranthi.vn\/hatinh\/gia-bat-dia-hop-2-lop-day-gh-61-tg\/","og_locale":"vi_VN","og_type":"article","og_title":"Gi\u00e1 B\u00e1t \u0110\u0129a H\u1ed9p 2 L\u01a1\u0301p \u0110\u00e1y - GH-61-TG","og_description":"\ud83d\ude1b \u0110\u01a1n gi\u00e1: Gi\u00e1 xoong n\u1ed3i h\u1ed9p\u00a0 2 l\u01a1\u0301p \u0111\u00e1y - g\u1eafn c\u00e1nh , ray gi\u1ea3m ch\u1ea5n cao c\u1ea5p  K\u00edch th\u01b0\u1edbc: r\u1ed9ng x s\u00e2u x cao  + W565*D450*H175_(kt t\u1ee7, ph\u1ee7 b\u00ec : 600) _ gi\u00e1: 1.336.000  + W665*D450*H175_(kt t\u1ee7, ph\u1ee7 b\u00ec : 700) _ gi\u00e1: 1.369.000  + W715*D450*H175_(kt t\u1ee7, ph\u1ee7 b\u00ec : 750) _ gi\u00e1: 1.423.000  + W765*D450*H175_(kt t\u1ee7, ph\u1ee7 b\u00ec : 800) _ gi\u00e1: 1.423.000  + W865*D450*H175_(kt t\u1ee7, ph\u1ee7 b\u00ec : 900) _ gi\u00e1: 1.477.000  Ch\u1ea5t li\u1ec7u: \u00a0inox\u00a0 va\u0300 composit ch\u00f4\u0301ng \u00e2\u0309m  + C\u00e1c N\u1ed9i Dung S\u1ea3n Ph\u1ea9m \u0110\u01b0\u1ee3c B\u1ea3o H\u00e0nh:   Gi\u1ecf b\u1ea3o h\u00e0nh r\u1ec9 s\u00e9t 2 n\u0103m  H\u1ec7 th\u1ed1ng khung, ray b\u1ea3o h\u00e0nh 2 n\u0103m  + C\u00e1c Tr\u01b0\u1eddng H\u1ee3p S\u1ea3n Ph\u1ea9m Kh\u00f4ng \u0110\u01b0\u1ee3c B\u1ea3o H\u00e0nh:   S\u1ea3n ph\u1ea9m s\u1eed d\u1ee5ng trong m\u00f4i tr\u01b0\u1eddng \u1ea9m \u01b0\u1edbt  S\u1ea3n ph\u1ea9m s\u1eed d\u1ee5ng trong m\u00f4i tr\u01b0\u1eddng c\u00f3 axit, \u0111\u1ed9 m\u1eb7n cao  S\u1ea3n ph\u1ea9m b\u1ecb d\u1eabm \u0111\u1ea1p, l\u00e0m bi\u1ebfn d\u1ea1ng do t\u00e1c \u0111\u1ed9ng b\u00ean ngo\u00e0i  \ud83d\ude1b S\u1eed d\u1ee5ng chung s\u1ea3n ph\u1ea9m v\u1edbi l\u1eafp \u0111\u1eb7t t\u1ee7 b\u1ebfp s\u1ebd nh\u1eadn \u0111\u01b0\u1ee3c gi\u00e1 \u01b0u \u0111\u00e3i  V\u1eadn chuy\u1ec3n mi\u1ec5n ph\u00ed trong n\u1ed9i th\u00e0nh \u0110\u00e0 N\u1eb5ng.","og_url":"https:\/\/tranthi.vn\/hatinh\/gia-bat-dia-hop-2-lop-day-gh-61-tg\/","og_site_name":"V\u1eadt Li\u1ec7u X\u00e2y D\u1ef1ng Tr\u1ea7n Th\u1ecb Chi Nh\u00e1nh H\u00e0 T\u0129nh","article_modified_time":"2024-03-18T04:02:01+00:00","og_image":[{"width":400,"height":350,"url":"https:\/\/tranthi.vn\/hatinh\/wp-content\/uploads\/2023\/08\/Gia-Bat-Dia-Hop-2-Lop-Day-GH-61-DA-NANG.jpg","type":"image\/jpeg"}],"twitter_card":"summary_large_image","twitter_misc":{"Gi\u00e1":"1,336,000&nbsp;&#8363;","Kh\u1ea3 d\u1ee5ng":"Trong kho"},"schema":{"@context":"https:\/\/schema.org","@graph":[{"@type":["WebPage","ItemPage"],"@id":"https:\/\/tranthi.vn\/hatinh\/gia-bat-dia-hop-2-lop-day-gh-61-tg\/","url":"https:\/\/tranthi.vn\/hatinh\/gia-bat-dia-hop-2-lop-day-gh-61-tg\/","name":"Gi\u00e1 B\u00e1t \u0110\u0129a H\u1ed9p 2 L\u01a1\u0301p \u0110\u00e1y - GH-61-TG - V\u1eadt Li\u1ec7u X\u00e2y D\u1ef1ng Tr\u1ea7n Th\u1ecb Chi Nh\u00e1nh H\u00e0 T\u0129nh","isPartOf":{"@id":"https:\/\/tranthi.vn\/hatinh\/#website"},"primaryImageOfPage":{"@id":"https:\/\/tranthi.vn\/hatinh\/gia-bat-dia-hop-2-lop-day-gh-61-tg\/#primaryimage"},"image":{"@id":"https:\/\/tranthi.vn\/hatinh\/gia-bat-dia-hop-2-lop-day-gh-61-tg\/#primaryimage"},"thumbnailUrl":"https:\/\/tranthi.vn\/hatinh\/wp-content\/uploads\/2023\/08\/Gia-Bat-Dia-Hop-2-Lop-Day-GH-61-DA-NANG.jpg","datePublished":"2023-08-05T03:35:32+00:00","dateModified":"2024-03-18T04:02:01+00:00","breadcrumb":{"@id":"https:\/\/tranthi.vn\/hatinh\/gia-bat-dia-hop-2-lop-day-gh-61-tg\/#breadcrumb"},"inLanguage":"vi","potentialAction":[{"@type":"ReadAction","target":["https:\/\/tranthi.vn\/hatinh\/gia-bat-dia-hop-2-lop-day-gh-61-tg\/"]}]},{"@type":"ImageObject","inLanguage":"vi","@id":"https:\/\/tranthi.vn\/hatinh\/gia-bat-dia-hop-2-lop-day-gh-61-tg\/#primaryimage","url":"https:\/\/tranthi.vn\/hatinh\/wp-content\/uploads\/2023\/08\/Gia-Bat-Dia-Hop-2-Lop-Day-GH-61-DA-NANG.jpg","contentUrl":"https:\/\/tranthi.vn\/hatinh\/wp-content\/uploads\/2023\/08\/Gia-Bat-Dia-Hop-2-Lop-Day-GH-61-DA-NANG.jpg","width":400,"height":350,"caption":"Gi\u00e1 B\u00e1t \u0110\u0129a H\u1ed9p 2 L\u01a1\u0301p \u0110\u00e1y - GH-61 \u0110\u00c0 N\u1eb4NG"},{"@type":"BreadcrumbList","@id":"https:\/\/tranthi.vn\/hatinh\/gia-bat-dia-hop-2-lop-day-gh-61-tg\/#breadcrumb","itemListElement":[{"@type":"ListItem","position":1,"name":"Trang ch\u1ee7","item":"https:\/\/tranthi.vn\/hatinh\/"},{"@type":"ListItem","position":2,"name":"Shop","item":"https:\/\/tranthi.vn\/hatinh\/shop\/"},{"@type":"ListItem","position":3,"name":"Gi\u00e1 B\u00e1t \u0110\u0129a H\u1ed9p 2 L\u01a1\u0301p \u0110\u00e1y &#8211; GH-61-TG"}]},{"@type":"WebSite","@id":"https:\/\/tranthi.vn\/hatinh\/#website","url":"https:\/\/tranthi.vn\/hatinh\/","name":"V\u1eadt Li\u1ec7u X\u00e2y D\u1ef1ng Tr\u1ea7n Th\u1ecb Chi Nh\u00e1nh H\u00e0 T\u0129nh","description":"V\u1eadt Li\u1ec7u X\u00e2y D\u1ef1ng - H\u00e0 T\u0129nh","potentialAction":[{"@type":"SearchAction","target":{"@type":"EntryPoint","urlTemplate":"https:\/\/tranthi.vn\/hatinh\/?s={search_term_string}"},"query-input":"required name=search_term_string"}],"inLanguage":"vi"},{"@type":"ImageObject","inLanguage":"vi","@id":"https:\/\/tranthi.vn\/hatinh\/gia-bat-dia-hop-2-lop-day-gh-61-tg\/#local-main-organization-logo","url":"","contentUrl":"","caption":"V\u1eadt Li\u1ec7u X\u00e2y D\u1ef1ng Tr\u1ea7n Th\u1ecb Chi Nh\u00e1nh H\u00e0 T\u0129nh"}]},"product_price_amount":"1336000","product_price_currency":"VND","og_availability":"instock","product_availability":"instock","product_condition":"new"},"_links":{"self":[{"href":"https:\/\/tranthi.vn\/hatinh\/wp-json\/wp\/v2\/product\/5584","targetHints":{"allow":["GET"]}}],"collection":[{"href":"https:\/\/tranthi.vn\/hatinh\/wp-json\/wp\/v2\/product"}],"about":[{"href":"https:\/\/tranthi.vn\/hatinh\/wp-json\/wp\/v2\/types\/product"}],"replies":[{"embeddable":true,"href":"https:\/\/tranthi.vn\/hatinh\/wp-json\/wp\/v2\/comments?post=5584"}],"wp:featuredmedia":[{"embeddable":true,"href":"https:\/\/tranthi.vn\/hatinh\/wp-json\/wp\/v2\/media\/5585"}],"wp:attachment":[{"href":"https:\/\/tranthi.vn\/hatinh\/wp-json\/wp\/v2\/media?parent=5584"}],"wp:term":[{"taxonomy":"product_cat","embeddable":true,"href":"https:\/\/tranthi.vn\/hatinh\/wp-json\/wp\/v2\/product_cat?post=5584"},{"taxonomy":"product_tag","embeddable":true,"href":"https:\/\/tranthi.vn\/hatinh\/wp-json\/wp\/v2\/product_tag?post=5584"}],"curies":[{"name":"wp","href":"https:\/\/api.w.org\/{rel}","templated":true}]}}