{"id":5505,"date":"2023-08-03T15:48:02","date_gmt":"2023-08-03T08:48:02","guid":{"rendered":"https:\/\/tranthi.vn\/quangnam\/?post_type=product&#038;p=5505"},"modified":"2024-03-18T11:21:35","modified_gmt":"2024-03-18T04:21:35","slug":"tu-kho-inox-hop-tang-canh-mo-4-tang-tg","status":"publish","type":"product","link":"https:\/\/tranthi.vn\/hatinh\/tu-kho-inox-hop-tang-canh-mo-4-tang-tg\/","title":{"rendered":"T\u1ee7 Kho inox H\u1ed9p T\u1ea7ng C\u00e1nh M\u1edf 4 T\u1ea7ng-TG"},"content":{"rendered":"","protected":false},"excerpt":{"rendered":"<p><span style=\"font-family: 'times new roman', times, serif; font-size: 130%;\">\ud83d\ude1b <em><strong>\u0110\u01a1n gi\u00e1: T\u1ee7 kho inox h\u1ed9p t\u1ea7ng c\u00e1nh m\u1edf<\/strong><\/em><\/span><\/p>\n<p><span style=\"font-family: 'times new roman', times, serif; font-size: 130%; color: #008000;\"><strong>K\u00edch th\u01b0\u1edbc: r\u1ed9ng x s\u00e2u x cao<\/strong><\/span><\/p>\n<p><span style=\"font-family: 'times new roman', times, serif; font-size: 130%;\"><strong>+ <\/strong>W414*D500*H1150-1450<span style=\"color: #d83131;\">_<strong> gi\u00e1:<\/strong><\/span><strong><span style=\"color: #d83131;\"> 3.589.000\u0111<\/span><\/strong>_4 T\u1ea7ng\u00a0_(KT t\u1ee7 &#8211; ph\u1ee7 b\u00ec : 450)<\/span><\/p>\n<p><span style=\"font-family: 'times new roman', times, serif; font-size: 130%;\"><strong>+ <\/strong>W414*D500*H1150-1450<span style=\"color: #d83131;\">_<strong> gi\u00e1:<\/strong><\/span><strong><span style=\"color: #d83131;\"> 4.114.000\u0111<\/span><\/strong>_6 T\u1ea7ng_ (KT t\u1ee7 &#8211; ph\u1ee7 b\u00ec : 450)<\/span><\/p>\n<p><span style=\"font-family: 'times new roman', times, serif; font-size: 130%;\"><strong>+ <\/strong>W564*D500*H1650-1450<strong><span style=\"color: #d83131;\"> &#8211;<\/span><\/strong><span style=\"color: #d83131;\"><strong>gi\u00e1:<\/strong><\/span><strong><span style=\"color: #d83131;\"> 4.439.000\u0111<\/span><\/strong>_4 T\u1ea7ng_(KT t\u1ee7 &#8211; ph\u1ee7 b\u00ec : 600)<\/span><\/p>\n<p><span style=\"font-family: 'times new roman', times, serif; font-size: 130%;\"><strong>+ <\/strong>W564*D500*H1650-1950<strong>&#8211;<\/strong><span style=\"color: #d83131;\"><strong>gi\u00e1:<\/strong><\/span><strong><span style=\"color: #d83131;\"> 4.859.000\u0111<\/span><\/strong>_6 T\u1ea7ng_(KT t\u1ee7 &#8211; ph\u1ee7 b\u00ec : 600)<\/span><\/p>\n<p>&nbsp;<\/p>\n<p><span style=\"font-family: 'times new roman', times, serif; font-size: 130%;\"><strong>Ch\u1ea5t li\u1ec7u: <\/strong>Inox<\/span><\/p>\n<p><span style=\"font-family: 'times new roman', times, serif; font-size: 130%; color: #008000;\">+ C\u00e1c N\u1ed9i Dung S\u1ea3n Ph\u1ea9m \u0110\u01b0\u1ee3c B\u1ea3o H\u00e0nh:<\/span><\/p>\n<ul>\n<li><span style=\"font-family: 'times new roman', times, serif; font-size: 130%; color: #282828;\">Gi\u1ecf b\u1ea3o h\u00e0nh r\u1ec9 s\u00e9t 2 n\u0103m<\/span><\/li>\n<li><span style=\"font-family: 'times new roman', times, serif; font-size: 130%; color: #282828;\">H\u1ec7 th\u1ed1ng khung, ray b\u1ea3o h\u00e0nh 2 n\u0103m<\/span><\/li>\n<\/ul>\n<p><span style=\"font-family: 'times new roman', times, serif; font-size: 130%; color: #008000;\">+ C\u00e1c Tr\u01b0\u1eddng H\u1ee3p S\u1ea3n Ph\u1ea9m Kh\u00f4ng \u0110\u01b0\u1ee3c B\u1ea3o H\u00e0nh:<\/span><\/p>\n<ul>\n<li><span style=\"font-family: 'times new roman', times, serif; font-size: 130%;\">S\u1ea3n ph\u1ea9m s\u1eed d\u1ee5ng trong m\u00f4i tr\u01b0\u1eddng \u1ea9m \u01b0\u1edbt<\/span><\/li>\n<li><span style=\"font-family: 'times new roman', times, serif; font-size: 130%;\">S\u1ea3n ph\u1ea9m s\u1eed d\u1ee5ng trong m\u00f4i tr\u01b0\u1eddng c\u00f3 axit, \u0111\u1ed9 m\u1eb7n cao<\/span><\/li>\n<li><span style=\"font-family: 'times new roman', times, serif; font-size: 130%;\">S\u1ea3n ph\u1ea9m b\u1ecb d\u1eabm \u0111\u1ea1p, l\u00e0m bi\u1ebfn d\u1ea1ng do t\u00e1c \u0111\u1ed9ng b\u00ean ngo\u00e0i<\/span><\/li>\n<\/ul>\n<p><span style=\"font-family: 'times new roman', times, serif; font-size: 130%;\">\ud83d\ude1b <span style=\"color: #008000;\"><em>S\u1eed d\u1ee5ng chung s\u1ea3n ph\u1ea9m v\u1edbi l\u1eafp \u0111\u1eb7t t\u1ee7 b\u1ebfp s\u1ebd nh\u1eadn \u0111\u01b0\u1ee3c gi\u00e1 \u01b0u \u0111\u00e3i<\/em><\/span><\/span><\/p>\n<p><span style=\"font-family: 'times new roman', times, serif; font-size: 130%; color: #008000;\"><em>V\u1eadn chuy\u1ec3n mi\u1ec5n ph\u00ed trong n\u1ed9i th\u00e0nh \u0110\u00e0 N\u1eb5ng.<\/em><\/span><\/p>\n","protected":false},"featured_media":5506,"comment_status":"closed","ping_status":"closed","template":"","meta":[],"product_cat":[312,383],"product_tag":[],"class_list":{"0":"post-5505","1":"product","2":"type-product","3":"status-publish","4":"has-post-thumbnail","6":"product_cat-phu-kien-tu-bep-thong-minh","7":"product_cat-phu-kien-nha-bep-phu-kien-tu-bep-thong-minh-tu-kho","9":"first","10":"instock","11":"sale","12":"shipping-taxable","13":"purchasable","14":"product-type-simple"},"yoast_head":"<!-- This site is optimized with the Yoast SEO Premium plugin v22.3 (Yoast SEO v22.8) - https:\/\/yoast.com\/wordpress\/plugins\/seo\/ -->\n<title>T\u1ee7 Kho inox H\u1ed9p T\u1ea7ng C\u00e1nh M\u1edf 4 T\u1ea7ng-TG - V\u1eadt Li\u1ec7u X\u00e2y D\u1ef1ng Tr\u1ea7n Th\u1ecb Chi Nh\u00e1nh H\u00e0 T\u0129nh<\/title>\n<meta name=\"robots\" content=\"index, follow, max-snippet:-1, max-image-preview:large, max-video-preview:-1\" \/>\n<link rel=\"canonical\" href=\"https:\/\/tranthi.vn\/hatinh\/tu-kho-inox-hop-tang-canh-mo-4-tang-tg\/\" \/>\n<meta property=\"og:locale\" content=\"vi_VN\" \/>\n<meta property=\"og:type\" content=\"article\" \/>\n<meta property=\"og:title\" content=\"T\u1ee7 Kho inox H\u1ed9p T\u1ea7ng C\u00e1nh M\u1edf 4 T\u1ea7ng-TG\" \/>\n<meta property=\"og:description\" content=\"\ud83d\ude1b \u0110\u01a1n gi\u00e1: T\u1ee7 kho inox h\u1ed9p t\u1ea7ng c\u00e1nh m\u1edf  K\u00edch th\u01b0\u1edbc: r\u1ed9ng x s\u00e2u x cao  + W414*D500*H1150-1450_ gi\u00e1: 3.589.000\u0111_4 T\u1ea7ng\u00a0_(KT t\u1ee7 - ph\u1ee7 b\u00ec : 450)  + W414*D500*H1150-1450_ gi\u00e1: 4.114.000\u0111_6 T\u1ea7ng_ (KT t\u1ee7 - ph\u1ee7 b\u00ec : 450)  + W564*D500*H1650-1450 -gi\u00e1: 4.439.000\u0111_4 T\u1ea7ng_(KT t\u1ee7 - ph\u1ee7 b\u00ec : 600)  + W564*D500*H1650-1950-gi\u00e1: 4.859.000\u0111_6 T\u1ea7ng_(KT t\u1ee7 - ph\u1ee7 b\u00ec : 600)  &nbsp;  Ch\u1ea5t li\u1ec7u: Inox  + C\u00e1c N\u1ed9i Dung S\u1ea3n Ph\u1ea9m \u0110\u01b0\u1ee3c B\u1ea3o H\u00e0nh:   Gi\u1ecf b\u1ea3o h\u00e0nh r\u1ec9 s\u00e9t 2 n\u0103m  H\u1ec7 th\u1ed1ng khung, ray b\u1ea3o h\u00e0nh 2 n\u0103m  + C\u00e1c Tr\u01b0\u1eddng H\u1ee3p S\u1ea3n Ph\u1ea9m Kh\u00f4ng \u0110\u01b0\u1ee3c B\u1ea3o H\u00e0nh:   S\u1ea3n ph\u1ea9m s\u1eed d\u1ee5ng trong m\u00f4i tr\u01b0\u1eddng \u1ea9m \u01b0\u1edbt  S\u1ea3n ph\u1ea9m s\u1eed d\u1ee5ng trong m\u00f4i tr\u01b0\u1eddng c\u00f3 axit, \u0111\u1ed9 m\u1eb7n cao  S\u1ea3n ph\u1ea9m b\u1ecb d\u1eabm \u0111\u1ea1p, l\u00e0m bi\u1ebfn d\u1ea1ng do t\u00e1c \u0111\u1ed9ng b\u00ean ngo\u00e0i  \ud83d\ude1b S\u1eed d\u1ee5ng chung s\u1ea3n ph\u1ea9m v\u1edbi l\u1eafp \u0111\u1eb7t t\u1ee7 b\u1ebfp s\u1ebd nh\u1eadn \u0111\u01b0\u1ee3c gi\u00e1 \u01b0u \u0111\u00e3i  V\u1eadn chuy\u1ec3n mi\u1ec5n ph\u00ed trong n\u1ed9i th\u00e0nh \u0110\u00e0 N\u1eb5ng.\" \/>\n<meta property=\"og:url\" content=\"https:\/\/tranthi.vn\/hatinh\/tu-kho-inox-hop-tang-canh-mo-4-tang-tg\/\" \/>\n<meta property=\"og:site_name\" content=\"V\u1eadt Li\u1ec7u X\u00e2y D\u1ef1ng Tr\u1ea7n Th\u1ecb Chi Nh\u00e1nh H\u00e0 T\u0129nh\" \/>\n<meta property=\"article:modified_time\" content=\"2024-03-18T04:21:35+00:00\" \/>\n<meta property=\"og:image\" content=\"https:\/\/tranthi.vn\/hatinh\/wp-content\/uploads\/2023\/08\/tu-kho-inox-hop-tang-canh-mo_Da-Nang.jpeg\" \/>\n\t<meta property=\"og:image:width\" content=\"400\" \/>\n\t<meta property=\"og:image:height\" content=\"350\" \/>\n\t<meta property=\"og:image:type\" content=\"image\/jpeg\" \/>\n<meta name=\"twitter:card\" content=\"summary_large_image\" \/>\n<meta name=\"twitter:label1\" content=\"Gi\u00e1\" \/>\n\t<meta name=\"twitter:data1\" content=\"3,589,000&nbsp;&#8363;\" \/>\n\t<meta name=\"twitter:label2\" content=\"Kh\u1ea3 d\u1ee5ng\" \/>\n\t<meta name=\"twitter:data2\" content=\"Trong kho\" \/>\n<script type=\"application\/ld+json\" class=\"yoast-schema-graph\">{\"@context\":\"https:\/\/schema.org\",\"@graph\":[{\"@type\":[\"WebPage\",\"ItemPage\"],\"@id\":\"https:\/\/tranthi.vn\/hatinh\/tu-kho-inox-hop-tang-canh-mo-4-tang-tg\/\",\"url\":\"https:\/\/tranthi.vn\/hatinh\/tu-kho-inox-hop-tang-canh-mo-4-tang-tg\/\",\"name\":\"T\u1ee7 Kho inox H\u1ed9p T\u1ea7ng C\u00e1nh M\u1edf 4 T\u1ea7ng-TG - V\u1eadt Li\u1ec7u X\u00e2y D\u1ef1ng Tr\u1ea7n Th\u1ecb Chi Nh\u00e1nh H\u00e0 T\u0129nh\",\"isPartOf\":{\"@id\":\"https:\/\/tranthi.vn\/hatinh\/#website\"},\"primaryImageOfPage\":{\"@id\":\"https:\/\/tranthi.vn\/hatinh\/tu-kho-inox-hop-tang-canh-mo-4-tang-tg\/#primaryimage\"},\"image\":{\"@id\":\"https:\/\/tranthi.vn\/hatinh\/tu-kho-inox-hop-tang-canh-mo-4-tang-tg\/#primaryimage\"},\"thumbnailUrl\":\"https:\/\/tranthi.vn\/hatinh\/wp-content\/uploads\/2023\/08\/tu-kho-inox-hop-tang-canh-mo_Da-Nang.jpeg\",\"datePublished\":\"2023-08-03T08:48:02+00:00\",\"dateModified\":\"2024-03-18T04:21:35+00:00\",\"breadcrumb\":{\"@id\":\"https:\/\/tranthi.vn\/hatinh\/tu-kho-inox-hop-tang-canh-mo-4-tang-tg\/#breadcrumb\"},\"inLanguage\":\"vi\",\"potentialAction\":[{\"@type\":\"ReadAction\",\"target\":[\"https:\/\/tranthi.vn\/hatinh\/tu-kho-inox-hop-tang-canh-mo-4-tang-tg\/\"]}]},{\"@type\":\"ImageObject\",\"inLanguage\":\"vi\",\"@id\":\"https:\/\/tranthi.vn\/hatinh\/tu-kho-inox-hop-tang-canh-mo-4-tang-tg\/#primaryimage\",\"url\":\"https:\/\/tranthi.vn\/hatinh\/wp-content\/uploads\/2023\/08\/tu-kho-inox-hop-tang-canh-mo_Da-Nang.jpeg\",\"contentUrl\":\"https:\/\/tranthi.vn\/hatinh\/wp-content\/uploads\/2023\/08\/tu-kho-inox-hop-tang-canh-mo_Da-Nang.jpeg\",\"width\":400,\"height\":350,\"caption\":\"t\u1ee7-kho-inox-h\u1ed9p-t\u1ea7ng-c\u00e1nh-m\u1edf_\u0110\u00e0 N\u1eb5ng\"},{\"@type\":\"BreadcrumbList\",\"@id\":\"https:\/\/tranthi.vn\/hatinh\/tu-kho-inox-hop-tang-canh-mo-4-tang-tg\/#breadcrumb\",\"itemListElement\":[{\"@type\":\"ListItem\",\"position\":1,\"name\":\"Trang ch\u1ee7\",\"item\":\"https:\/\/tranthi.vn\/hatinh\/\"},{\"@type\":\"ListItem\",\"position\":2,\"name\":\"Shop\",\"item\":\"https:\/\/tranthi.vn\/hatinh\/shop\/\"},{\"@type\":\"ListItem\",\"position\":3,\"name\":\"T\u1ee7 Kho inox H\u1ed9p T\u1ea7ng C\u00e1nh M\u1edf 4 T\u1ea7ng-TG\"}]},{\"@type\":\"WebSite\",\"@id\":\"https:\/\/tranthi.vn\/hatinh\/#website\",\"url\":\"https:\/\/tranthi.vn\/hatinh\/\",\"name\":\"V\u1eadt Li\u1ec7u X\u00e2y D\u1ef1ng Tr\u1ea7n Th\u1ecb Chi Nh\u00e1nh H\u00e0 T\u0129nh\",\"description\":\"V\u1eadt Li\u1ec7u X\u00e2y D\u1ef1ng - H\u00e0 T\u0129nh\",\"potentialAction\":[{\"@type\":\"SearchAction\",\"target\":{\"@type\":\"EntryPoint\",\"urlTemplate\":\"https:\/\/tranthi.vn\/hatinh\/?s={search_term_string}\"},\"query-input\":\"required name=search_term_string\"}],\"inLanguage\":\"vi\"},{\"@type\":\"ImageObject\",\"inLanguage\":\"vi\",\"@id\":\"https:\/\/tranthi.vn\/hatinh\/tu-kho-inox-hop-tang-canh-mo-4-tang-tg\/#local-main-organization-logo\",\"url\":\"\",\"contentUrl\":\"\",\"caption\":\"V\u1eadt Li\u1ec7u X\u00e2y D\u1ef1ng Tr\u1ea7n Th\u1ecb Chi Nh\u00e1nh H\u00e0 T\u0129nh\"}]}<\/script>\n<meta property=\"product:price:amount\" content=\"3589000\" \/>\n<meta property=\"product:price:currency\" content=\"VND\" \/>\n<meta property=\"og:availability\" content=\"instock\" \/>\n<meta property=\"product:availability\" content=\"instock\" \/>\n<meta property=\"product:condition\" content=\"new\" \/>\n<!-- \/ Yoast SEO Premium plugin. -->","yoast_head_json":{"title":"T\u1ee7 Kho inox H\u1ed9p T\u1ea7ng C\u00e1nh M\u1edf 4 T\u1ea7ng-TG - V\u1eadt Li\u1ec7u X\u00e2y D\u1ef1ng Tr\u1ea7n Th\u1ecb Chi Nh\u00e1nh H\u00e0 T\u0129nh","robots":{"index":"index","follow":"follow","max-snippet":"max-snippet:-1","max-image-preview":"max-image-preview:large","max-video-preview":"max-video-preview:-1"},"canonical":"https:\/\/tranthi.vn\/hatinh\/tu-kho-inox-hop-tang-canh-mo-4-tang-tg\/","og_locale":"vi_VN","og_type":"article","og_title":"T\u1ee7 Kho inox H\u1ed9p T\u1ea7ng C\u00e1nh M\u1edf 4 T\u1ea7ng-TG","og_description":"\ud83d\ude1b \u0110\u01a1n gi\u00e1: T\u1ee7 kho inox h\u1ed9p t\u1ea7ng c\u00e1nh m\u1edf  K\u00edch th\u01b0\u1edbc: r\u1ed9ng x s\u00e2u x cao  + W414*D500*H1150-1450_ gi\u00e1: 3.589.000\u0111_4 T\u1ea7ng\u00a0_(KT t\u1ee7 - ph\u1ee7 b\u00ec : 450)  + W414*D500*H1150-1450_ gi\u00e1: 4.114.000\u0111_6 T\u1ea7ng_ (KT t\u1ee7 - ph\u1ee7 b\u00ec : 450)  + W564*D500*H1650-1450 -gi\u00e1: 4.439.000\u0111_4 T\u1ea7ng_(KT t\u1ee7 - ph\u1ee7 b\u00ec : 600)  + W564*D500*H1650-1950-gi\u00e1: 4.859.000\u0111_6 T\u1ea7ng_(KT t\u1ee7 - ph\u1ee7 b\u00ec : 600)  &nbsp;  Ch\u1ea5t li\u1ec7u: Inox  + C\u00e1c N\u1ed9i Dung S\u1ea3n Ph\u1ea9m \u0110\u01b0\u1ee3c B\u1ea3o H\u00e0nh:   Gi\u1ecf b\u1ea3o h\u00e0nh r\u1ec9 s\u00e9t 2 n\u0103m  H\u1ec7 th\u1ed1ng khung, ray b\u1ea3o h\u00e0nh 2 n\u0103m  + C\u00e1c Tr\u01b0\u1eddng H\u1ee3p S\u1ea3n Ph\u1ea9m Kh\u00f4ng \u0110\u01b0\u1ee3c B\u1ea3o H\u00e0nh:   S\u1ea3n ph\u1ea9m s\u1eed d\u1ee5ng trong m\u00f4i tr\u01b0\u1eddng \u1ea9m \u01b0\u1edbt  S\u1ea3n ph\u1ea9m s\u1eed d\u1ee5ng trong m\u00f4i tr\u01b0\u1eddng c\u00f3 axit, \u0111\u1ed9 m\u1eb7n cao  S\u1ea3n ph\u1ea9m b\u1ecb d\u1eabm \u0111\u1ea1p, l\u00e0m bi\u1ebfn d\u1ea1ng do t\u00e1c \u0111\u1ed9ng b\u00ean ngo\u00e0i  \ud83d\ude1b S\u1eed d\u1ee5ng chung s\u1ea3n ph\u1ea9m v\u1edbi l\u1eafp \u0111\u1eb7t t\u1ee7 b\u1ebfp s\u1ebd nh\u1eadn \u0111\u01b0\u1ee3c gi\u00e1 \u01b0u \u0111\u00e3i  V\u1eadn chuy\u1ec3n mi\u1ec5n ph\u00ed trong n\u1ed9i th\u00e0nh \u0110\u00e0 N\u1eb5ng.","og_url":"https:\/\/tranthi.vn\/hatinh\/tu-kho-inox-hop-tang-canh-mo-4-tang-tg\/","og_site_name":"V\u1eadt Li\u1ec7u X\u00e2y D\u1ef1ng Tr\u1ea7n Th\u1ecb Chi Nh\u00e1nh H\u00e0 T\u0129nh","article_modified_time":"2024-03-18T04:21:35+00:00","og_image":[{"width":400,"height":350,"url":"https:\/\/tranthi.vn\/hatinh\/wp-content\/uploads\/2023\/08\/tu-kho-inox-hop-tang-canh-mo_Da-Nang.jpeg","type":"image\/jpeg"}],"twitter_card":"summary_large_image","twitter_misc":{"Gi\u00e1":"3,589,000&nbsp;&#8363;","Kh\u1ea3 d\u1ee5ng":"Trong kho"},"schema":{"@context":"https:\/\/schema.org","@graph":[{"@type":["WebPage","ItemPage"],"@id":"https:\/\/tranthi.vn\/hatinh\/tu-kho-inox-hop-tang-canh-mo-4-tang-tg\/","url":"https:\/\/tranthi.vn\/hatinh\/tu-kho-inox-hop-tang-canh-mo-4-tang-tg\/","name":"T\u1ee7 Kho inox H\u1ed9p T\u1ea7ng C\u00e1nh M\u1edf 4 T\u1ea7ng-TG - V\u1eadt Li\u1ec7u X\u00e2y D\u1ef1ng Tr\u1ea7n Th\u1ecb Chi Nh\u00e1nh H\u00e0 T\u0129nh","isPartOf":{"@id":"https:\/\/tranthi.vn\/hatinh\/#website"},"primaryImageOfPage":{"@id":"https:\/\/tranthi.vn\/hatinh\/tu-kho-inox-hop-tang-canh-mo-4-tang-tg\/#primaryimage"},"image":{"@id":"https:\/\/tranthi.vn\/hatinh\/tu-kho-inox-hop-tang-canh-mo-4-tang-tg\/#primaryimage"},"thumbnailUrl":"https:\/\/tranthi.vn\/hatinh\/wp-content\/uploads\/2023\/08\/tu-kho-inox-hop-tang-canh-mo_Da-Nang.jpeg","datePublished":"2023-08-03T08:48:02+00:00","dateModified":"2024-03-18T04:21:35+00:00","breadcrumb":{"@id":"https:\/\/tranthi.vn\/hatinh\/tu-kho-inox-hop-tang-canh-mo-4-tang-tg\/#breadcrumb"},"inLanguage":"vi","potentialAction":[{"@type":"ReadAction","target":["https:\/\/tranthi.vn\/hatinh\/tu-kho-inox-hop-tang-canh-mo-4-tang-tg\/"]}]},{"@type":"ImageObject","inLanguage":"vi","@id":"https:\/\/tranthi.vn\/hatinh\/tu-kho-inox-hop-tang-canh-mo-4-tang-tg\/#primaryimage","url":"https:\/\/tranthi.vn\/hatinh\/wp-content\/uploads\/2023\/08\/tu-kho-inox-hop-tang-canh-mo_Da-Nang.jpeg","contentUrl":"https:\/\/tranthi.vn\/hatinh\/wp-content\/uploads\/2023\/08\/tu-kho-inox-hop-tang-canh-mo_Da-Nang.jpeg","width":400,"height":350,"caption":"t\u1ee7-kho-inox-h\u1ed9p-t\u1ea7ng-c\u00e1nh-m\u1edf_\u0110\u00e0 N\u1eb5ng"},{"@type":"BreadcrumbList","@id":"https:\/\/tranthi.vn\/hatinh\/tu-kho-inox-hop-tang-canh-mo-4-tang-tg\/#breadcrumb","itemListElement":[{"@type":"ListItem","position":1,"name":"Trang ch\u1ee7","item":"https:\/\/tranthi.vn\/hatinh\/"},{"@type":"ListItem","position":2,"name":"Shop","item":"https:\/\/tranthi.vn\/hatinh\/shop\/"},{"@type":"ListItem","position":3,"name":"T\u1ee7 Kho inox H\u1ed9p T\u1ea7ng C\u00e1nh M\u1edf 4 T\u1ea7ng-TG"}]},{"@type":"WebSite","@id":"https:\/\/tranthi.vn\/hatinh\/#website","url":"https:\/\/tranthi.vn\/hatinh\/","name":"V\u1eadt Li\u1ec7u X\u00e2y D\u1ef1ng Tr\u1ea7n Th\u1ecb Chi Nh\u00e1nh H\u00e0 T\u0129nh","description":"V\u1eadt Li\u1ec7u X\u00e2y D\u1ef1ng - H\u00e0 T\u0129nh","potentialAction":[{"@type":"SearchAction","target":{"@type":"EntryPoint","urlTemplate":"https:\/\/tranthi.vn\/hatinh\/?s={search_term_string}"},"query-input":"required name=search_term_string"}],"inLanguage":"vi"},{"@type":"ImageObject","inLanguage":"vi","@id":"https:\/\/tranthi.vn\/hatinh\/tu-kho-inox-hop-tang-canh-mo-4-tang-tg\/#local-main-organization-logo","url":"","contentUrl":"","caption":"V\u1eadt Li\u1ec7u X\u00e2y D\u1ef1ng Tr\u1ea7n Th\u1ecb Chi Nh\u00e1nh H\u00e0 T\u0129nh"}]},"product_price_amount":"3589000","product_price_currency":"VND","og_availability":"instock","product_availability":"instock","product_condition":"new"},"_links":{"self":[{"href":"https:\/\/tranthi.vn\/hatinh\/wp-json\/wp\/v2\/product\/5505","targetHints":{"allow":["GET"]}}],"collection":[{"href":"https:\/\/tranthi.vn\/hatinh\/wp-json\/wp\/v2\/product"}],"about":[{"href":"https:\/\/tranthi.vn\/hatinh\/wp-json\/wp\/v2\/types\/product"}],"replies":[{"embeddable":true,"href":"https:\/\/tranthi.vn\/hatinh\/wp-json\/wp\/v2\/comments?post=5505"}],"wp:featuredmedia":[{"embeddable":true,"href":"https:\/\/tranthi.vn\/hatinh\/wp-json\/wp\/v2\/media\/5506"}],"wp:attachment":[{"href":"https:\/\/tranthi.vn\/hatinh\/wp-json\/wp\/v2\/media?parent=5505"}],"wp:term":[{"taxonomy":"product_cat","embeddable":true,"href":"https:\/\/tranthi.vn\/hatinh\/wp-json\/wp\/v2\/product_cat?post=5505"},{"taxonomy":"product_tag","embeddable":true,"href":"https:\/\/tranthi.vn\/hatinh\/wp-json\/wp\/v2\/product_tag?post=5505"}],"curies":[{"name":"wp","href":"https:\/\/api.w.org\/{rel}","templated":true}]}}