{"id":5480,"date":"2023-08-03T10:06:20","date_gmt":"2023-08-03T03:06:20","guid":{"rendered":"https:\/\/tranthi.vn\/quangnam\/?post_type=product&#038;p=5480"},"modified":"2024-03-20T11:08:47","modified_gmt":"2024-03-20T04:08:47","slug":"ke-nang-ha-bat-dia-inox-304-mo-tg","status":"publish","type":"product","link":"https:\/\/tranthi.vn\/hatinh\/ke-nang-ha-bat-dia-inox-304-mo-tg\/","title":{"rendered":"K\u1ec7 N\u00e2ng H\u1ea1 B\u00e1t \u0110\u0129a inox 304 M\u1edd &#8211; TG"},"content":{"rendered":"","protected":false},"excerpt":{"rendered":"<p><span style=\"font-family: 'times new roman', times, serif; font-size: 130%; color: #d83131;\"><strong>\ud83d\ude1b<\/strong><strong> K\u1ec7 n\u00e2ng h\u1ea1 b\u00e1t \u0111\u0129a inox 304 m\u1edd, khay \u0111\u0169a 3 ng\u0103n <\/strong><\/span><\/p>\n<p><span style=\"font-family: 'times new roman', times, serif; font-size: 130%;\"><strong><span style=\"color: #d83131;\">\ud83d\ude1b <\/span>K\u00edch th\u01b0\u1edbc: r\u1ed9ng x s\u00e2u x cao<\/strong><\/span><\/p>\n<p><span style=\"font-family: 'times new roman', times, serif; font-size: 130%; color: #0000ff;\"><strong>K\u00cdCH TH\u01af\u1edaC K\u0128 THU\u1eacT &#8211; L\u1eccT L\u00d2NG:<\/strong><\/span><\/p>\n<p><span style=\"font-family: 'times new roman', times, serif; font-size: 130%;\">+ W565*D280*H650_\u00a0(KT t\u1ee7 &#8211; ph\u1ee7 b\u00ec : 600): <span style=\"color: #ed1c24;\"><strong>gi\u00e1: 3.964.000\u0111<\/strong><\/span><\/span><\/p>\n<p><span style=\"font-family: 'times new roman', times, serif; font-size: 130%;\">+ W665*D280*H650_(KT t\u1ee7 &#8211; ph\u1ee7 b\u00ec : 700):<span style=\"color: #ed1c24;\"><strong> gi\u00e1: 4.021.000\u0111<\/strong><\/span><\/span><\/p>\n<p><span style=\"font-family: 'times new roman', times, serif; font-size: 130%;\">+ W765*D280*H650_(KT t\u1ee7 &#8211; ph\u1ee7 b\u00ec : 800): <strong><span style=\"color: #ed1c24;\">gi\u00e1: 4.134.000\u0111<\/span><\/strong><\/span><\/p>\n<p><span style=\"font-family: 'times new roman', times, serif; font-size: 130%;\">+ W865*D280*H650_(KT t\u1ee7 &#8211; ph\u1ee7 b\u00ec : 900): <strong><span style=\"color: #ed1c24;\">gi\u00e1: 4.245.000\u0111<\/span><\/strong><\/span><\/p>\n<p><span style=\"font-family: 'times new roman', times, serif; font-size: 130%;\"><span style=\"color: #0000ff;\"><strong><span style=\"color: #d83131;\">\ud83d\ude1b <\/span>Ch\u1ea5t li\u1ec7u: <\/strong><\/span><strong>Inox 304 m\u1edd.<\/strong><\/span><\/p>\n<p><span style=\"font-family: 'times new roman', times, serif; font-size: 130%; color: #0000ff;\"><strong>+ C\u00e1c N\u1ed9i Dung S\u1ea3n Ph\u1ea9m \u0110\u01b0\u1ee3c B\u1ea3o H\u00e0nh:<\/strong><\/span><\/p>\n<ul>\n<li><span style=\"font-family: 'times new roman', times, serif; font-size: 130%;\"><strong>B\u1ea3o h\u00e0nh 12 th\u00e1ng<\/strong><\/span><\/li>\n<\/ul>\n<p><span style=\"font-family: 'times new roman', times, serif; font-size: 130%;\"><strong><span style=\"color: #0000ff;\">+ C\u00e1c Tr\u01b0\u1eddng H\u1ee3p S\u1ea3n Ph\u1ea9m Kh\u00f4ng \u0110\u01b0\u1ee3c B\u1ea3o H\u00e0nh:<\/span><\/strong><\/span><\/p>\n<ul>\n<li><span style=\"font-family: 'times new roman', times, serif; font-size: 130%;\"><strong>S\u1ea3n ph\u1ea9m s\u1eed d\u1ee5ng trong m\u00f4i tr\u01b0\u1eddng \u1ea9m \u01b0\u1edbt<\/strong><\/span><\/li>\n<li><span style=\"font-family: 'times new roman', times, serif; font-size: 130%;\"><strong>S\u1ea3n ph\u1ea9m s\u1eed d\u1ee5ng trong m\u00f4i tr\u01b0\u1eddng c\u00f3 axit, \u0111\u1ed9 m\u1eb7n cao<\/strong><\/span><\/li>\n<li><span style=\"font-family: 'times new roman', times, serif; font-size: 130%;\"><strong>S\u1ea3n ph\u1ea9m b\u1ecb d\u1eabm \u0111\u1ea1p, l\u00e0m bi\u1ebfn d\u1ea1ng do t\u00e1c \u0111\u1ed9ng b\u00ean ngo\u00e0i<\/strong><\/span><\/li>\n<\/ul>\n<p><span style=\"font-family: 'times new roman', times, serif; font-size: 130%; color: #0000ff;\"><strong>\ud83d\ude1b<\/strong> <em>S\u1eed d\u1ee5ng chung s\u1ea3n ph\u1ea9m v\u1edbi l\u1eafp \u0111\u1eb7t t\u1ee7 b\u1ebfp s\u1ebd nh\u1eadn \u0111\u01b0\u1ee3c gi\u00e1 \u01b0u \u0111\u00e3i<\/em><\/span><\/p>\n<p><span style=\"font-family: 'times new roman', times, serif; font-size: 130%; color: #0000ff;\"><em>V\u1eadn chuy\u1ec3n trong n\u1ed9i th\u00e0nh \u0110\u00e0 N\u1eb5ng.<\/em><\/span><\/p>\n","protected":false},"featured_media":5481,"comment_status":"closed","ping_status":"closed","template":"","meta":[],"product_cat":[382,312],"product_tag":[],"class_list":{"0":"post-5480","1":"product","2":"type-product","3":"status-publish","4":"has-post-thumbnail","6":"product_cat-phu-kien-nha-bep-phu-kien-tu-bep-thong-minh-gia-bat","7":"product_cat-phu-kien-tu-bep-thong-minh","9":"first","10":"instock","11":"sale","12":"shipping-taxable","13":"purchasable","14":"product-type-simple"},"yoast_head":"<!-- This site is optimized with the Yoast SEO Premium plugin v22.3 (Yoast SEO v22.8) - https:\/\/yoast.com\/wordpress\/plugins\/seo\/ -->\n<title>K\u1ec7 N\u00e2ng H\u1ea1 B\u00e1t \u0110\u0129a inox 304 M\u1edd - TG - V\u1eadt Li\u1ec7u X\u00e2y D\u1ef1ng Tr\u1ea7n Th\u1ecb Chi Nh\u00e1nh H\u00e0 T\u0129nh<\/title>\n<meta name=\"robots\" content=\"index, follow, max-snippet:-1, max-image-preview:large, max-video-preview:-1\" \/>\n<link rel=\"canonical\" href=\"https:\/\/tranthi.vn\/hatinh\/ke-nang-ha-bat-dia-inox-304-mo-tg\/\" \/>\n<meta property=\"og:locale\" content=\"vi_VN\" \/>\n<meta property=\"og:type\" content=\"article\" \/>\n<meta property=\"og:title\" content=\"K\u1ec7 N\u00e2ng H\u1ea1 B\u00e1t \u0110\u0129a inox 304 M\u1edd - TG\" \/>\n<meta property=\"og:description\" content=\"\ud83d\ude1b K\u1ec7 n\u00e2ng h\u1ea1 b\u00e1t \u0111\u0129a inox 304 m\u1edd, khay \u0111\u0169a 3 ng\u0103n   \ud83d\ude1b K\u00edch th\u01b0\u1edbc: r\u1ed9ng x s\u00e2u x cao  K\u00cdCH TH\u01af\u1edaC K\u0128 THU\u1eacT - L\u1eccT L\u00d2NG:  + W565*D280*H650_\u00a0(KT t\u1ee7 - ph\u1ee7 b\u00ec : 600): gi\u00e1: 3.964.000\u0111  + W665*D280*H650_(KT t\u1ee7 - ph\u1ee7 b\u00ec : 700): gi\u00e1: 4.021.000\u0111  + W765*D280*H650_(KT t\u1ee7 - ph\u1ee7 b\u00ec : 800): gi\u00e1: 4.134.000\u0111  + W865*D280*H650_(KT t\u1ee7 - ph\u1ee7 b\u00ec : 900): gi\u00e1: 4.245.000\u0111  \ud83d\ude1b Ch\u1ea5t li\u1ec7u: Inox 304 m\u1edd.  + C\u00e1c N\u1ed9i Dung S\u1ea3n Ph\u1ea9m \u0110\u01b0\u1ee3c B\u1ea3o H\u00e0nh:   B\u1ea3o h\u00e0nh 12 th\u00e1ng  + C\u00e1c Tr\u01b0\u1eddng H\u1ee3p S\u1ea3n Ph\u1ea9m Kh\u00f4ng \u0110\u01b0\u1ee3c B\u1ea3o H\u00e0nh:   S\u1ea3n ph\u1ea9m s\u1eed d\u1ee5ng trong m\u00f4i tr\u01b0\u1eddng \u1ea9m \u01b0\u1edbt  S\u1ea3n ph\u1ea9m s\u1eed d\u1ee5ng trong m\u00f4i tr\u01b0\u1eddng c\u00f3 axit, \u0111\u1ed9 m\u1eb7n cao  S\u1ea3n ph\u1ea9m b\u1ecb d\u1eabm \u0111\u1ea1p, l\u00e0m bi\u1ebfn d\u1ea1ng do t\u00e1c \u0111\u1ed9ng b\u00ean ngo\u00e0i  \ud83d\ude1b S\u1eed d\u1ee5ng chung s\u1ea3n ph\u1ea9m v\u1edbi l\u1eafp \u0111\u1eb7t t\u1ee7 b\u1ebfp s\u1ebd nh\u1eadn \u0111\u01b0\u1ee3c gi\u00e1 \u01b0u \u0111\u00e3i  V\u1eadn chuy\u1ec3n trong n\u1ed9i th\u00e0nh \u0110\u00e0 N\u1eb5ng.\" \/>\n<meta property=\"og:url\" content=\"https:\/\/tranthi.vn\/hatinh\/ke-nang-ha-bat-dia-inox-304-mo-tg\/\" \/>\n<meta property=\"og:site_name\" content=\"V\u1eadt Li\u1ec7u X\u00e2y D\u1ef1ng Tr\u1ea7n Th\u1ecb Chi Nh\u00e1nh H\u00e0 T\u0129nh\" \/>\n<meta property=\"article:modified_time\" content=\"2024-03-20T04:08:47+00:00\" \/>\n<meta property=\"og:image\" content=\"https:\/\/tranthi.vn\/hatinh\/wp-content\/uploads\/2023\/08\/ke-nang-ha-bat-dia-inox-304-mo_da-nang.jpeg\" \/>\n\t<meta property=\"og:image:width\" content=\"400\" \/>\n\t<meta property=\"og:image:height\" content=\"350\" \/>\n\t<meta property=\"og:image:type\" content=\"image\/jpeg\" \/>\n<meta name=\"twitter:card\" content=\"summary_large_image\" \/>\n<meta name=\"twitter:label1\" content=\"Gi\u00e1\" \/>\n\t<meta name=\"twitter:data1\" content=\"3,964,000&nbsp;&#8363;\" \/>\n\t<meta name=\"twitter:label2\" content=\"Kh\u1ea3 d\u1ee5ng\" \/>\n\t<meta name=\"twitter:data2\" content=\"Trong kho\" \/>\n<script type=\"application\/ld+json\" class=\"yoast-schema-graph\">{\"@context\":\"https:\/\/schema.org\",\"@graph\":[{\"@type\":[\"WebPage\",\"ItemPage\"],\"@id\":\"https:\/\/tranthi.vn\/hatinh\/ke-nang-ha-bat-dia-inox-304-mo-tg\/\",\"url\":\"https:\/\/tranthi.vn\/hatinh\/ke-nang-ha-bat-dia-inox-304-mo-tg\/\",\"name\":\"K\u1ec7 N\u00e2ng H\u1ea1 B\u00e1t \u0110\u0129a inox 304 M\u1edd - TG - V\u1eadt Li\u1ec7u X\u00e2y D\u1ef1ng Tr\u1ea7n Th\u1ecb Chi Nh\u00e1nh H\u00e0 T\u0129nh\",\"isPartOf\":{\"@id\":\"https:\/\/tranthi.vn\/hatinh\/#website\"},\"primaryImageOfPage\":{\"@id\":\"https:\/\/tranthi.vn\/hatinh\/ke-nang-ha-bat-dia-inox-304-mo-tg\/#primaryimage\"},\"image\":{\"@id\":\"https:\/\/tranthi.vn\/hatinh\/ke-nang-ha-bat-dia-inox-304-mo-tg\/#primaryimage\"},\"thumbnailUrl\":\"https:\/\/tranthi.vn\/hatinh\/wp-content\/uploads\/2023\/08\/ke-nang-ha-bat-dia-inox-304-mo_da-nang.jpeg\",\"datePublished\":\"2023-08-03T03:06:20+00:00\",\"dateModified\":\"2024-03-20T04:08:47+00:00\",\"breadcrumb\":{\"@id\":\"https:\/\/tranthi.vn\/hatinh\/ke-nang-ha-bat-dia-inox-304-mo-tg\/#breadcrumb\"},\"inLanguage\":\"vi\",\"potentialAction\":[{\"@type\":\"ReadAction\",\"target\":[\"https:\/\/tranthi.vn\/hatinh\/ke-nang-ha-bat-dia-inox-304-mo-tg\/\"]}]},{\"@type\":\"ImageObject\",\"inLanguage\":\"vi\",\"@id\":\"https:\/\/tranthi.vn\/hatinh\/ke-nang-ha-bat-dia-inox-304-mo-tg\/#primaryimage\",\"url\":\"https:\/\/tranthi.vn\/hatinh\/wp-content\/uploads\/2023\/08\/ke-nang-ha-bat-dia-inox-304-mo_da-nang.jpeg\",\"contentUrl\":\"https:\/\/tranthi.vn\/hatinh\/wp-content\/uploads\/2023\/08\/ke-nang-ha-bat-dia-inox-304-mo_da-nang.jpeg\",\"width\":400,\"height\":350,\"caption\":\"k\u1ec7-n\u00e2ng-h\u1ea1-b\u00e1t-\u0111\u0129a-inox-304-m\u1edd_\u0111\u00e0 n\u1eb5ng\"},{\"@type\":\"BreadcrumbList\",\"@id\":\"https:\/\/tranthi.vn\/hatinh\/ke-nang-ha-bat-dia-inox-304-mo-tg\/#breadcrumb\",\"itemListElement\":[{\"@type\":\"ListItem\",\"position\":1,\"name\":\"Trang ch\u1ee7\",\"item\":\"https:\/\/tranthi.vn\/hatinh\/\"},{\"@type\":\"ListItem\",\"position\":2,\"name\":\"Shop\",\"item\":\"https:\/\/tranthi.vn\/hatinh\/shop\/\"},{\"@type\":\"ListItem\",\"position\":3,\"name\":\"K\u1ec7 N\u00e2ng H\u1ea1 B\u00e1t \u0110\u0129a inox 304 M\u1edd &#8211; TG\"}]},{\"@type\":\"WebSite\",\"@id\":\"https:\/\/tranthi.vn\/hatinh\/#website\",\"url\":\"https:\/\/tranthi.vn\/hatinh\/\",\"name\":\"V\u1eadt Li\u1ec7u X\u00e2y D\u1ef1ng Tr\u1ea7n Th\u1ecb Chi Nh\u00e1nh H\u00e0 T\u0129nh\",\"description\":\"V\u1eadt Li\u1ec7u X\u00e2y D\u1ef1ng - H\u00e0 T\u0129nh\",\"potentialAction\":[{\"@type\":\"SearchAction\",\"target\":{\"@type\":\"EntryPoint\",\"urlTemplate\":\"https:\/\/tranthi.vn\/hatinh\/?s={search_term_string}\"},\"query-input\":\"required name=search_term_string\"}],\"inLanguage\":\"vi\"},{\"@type\":\"ImageObject\",\"inLanguage\":\"vi\",\"@id\":\"https:\/\/tranthi.vn\/hatinh\/ke-nang-ha-bat-dia-inox-304-mo-tg\/#local-main-organization-logo\",\"url\":\"\",\"contentUrl\":\"\",\"caption\":\"V\u1eadt Li\u1ec7u X\u00e2y D\u1ef1ng Tr\u1ea7n Th\u1ecb Chi Nh\u00e1nh H\u00e0 T\u0129nh\"}]}<\/script>\n<meta property=\"product:price:amount\" content=\"3964000\" \/>\n<meta property=\"product:price:currency\" content=\"VND\" \/>\n<meta property=\"og:availability\" content=\"instock\" \/>\n<meta property=\"product:availability\" content=\"instock\" \/>\n<meta property=\"product:condition\" content=\"new\" \/>\n<!-- \/ Yoast SEO Premium plugin. -->","yoast_head_json":{"title":"K\u1ec7 N\u00e2ng H\u1ea1 B\u00e1t \u0110\u0129a inox 304 M\u1edd - TG - V\u1eadt Li\u1ec7u X\u00e2y D\u1ef1ng Tr\u1ea7n Th\u1ecb Chi Nh\u00e1nh H\u00e0 T\u0129nh","robots":{"index":"index","follow":"follow","max-snippet":"max-snippet:-1","max-image-preview":"max-image-preview:large","max-video-preview":"max-video-preview:-1"},"canonical":"https:\/\/tranthi.vn\/hatinh\/ke-nang-ha-bat-dia-inox-304-mo-tg\/","og_locale":"vi_VN","og_type":"article","og_title":"K\u1ec7 N\u00e2ng H\u1ea1 B\u00e1t \u0110\u0129a inox 304 M\u1edd - TG","og_description":"\ud83d\ude1b K\u1ec7 n\u00e2ng h\u1ea1 b\u00e1t \u0111\u0129a inox 304 m\u1edd, khay \u0111\u0169a 3 ng\u0103n   \ud83d\ude1b K\u00edch th\u01b0\u1edbc: r\u1ed9ng x s\u00e2u x cao  K\u00cdCH TH\u01af\u1edaC K\u0128 THU\u1eacT - L\u1eccT L\u00d2NG:  + W565*D280*H650_\u00a0(KT t\u1ee7 - ph\u1ee7 b\u00ec : 600): gi\u00e1: 3.964.000\u0111  + W665*D280*H650_(KT t\u1ee7 - ph\u1ee7 b\u00ec : 700): gi\u00e1: 4.021.000\u0111  + W765*D280*H650_(KT t\u1ee7 - ph\u1ee7 b\u00ec : 800): gi\u00e1: 4.134.000\u0111  + W865*D280*H650_(KT t\u1ee7 - ph\u1ee7 b\u00ec : 900): gi\u00e1: 4.245.000\u0111  \ud83d\ude1b Ch\u1ea5t li\u1ec7u: Inox 304 m\u1edd.  + C\u00e1c N\u1ed9i Dung S\u1ea3n Ph\u1ea9m \u0110\u01b0\u1ee3c B\u1ea3o H\u00e0nh:   B\u1ea3o h\u00e0nh 12 th\u00e1ng  + C\u00e1c Tr\u01b0\u1eddng H\u1ee3p S\u1ea3n Ph\u1ea9m Kh\u00f4ng \u0110\u01b0\u1ee3c B\u1ea3o H\u00e0nh:   S\u1ea3n ph\u1ea9m s\u1eed d\u1ee5ng trong m\u00f4i tr\u01b0\u1eddng \u1ea9m \u01b0\u1edbt  S\u1ea3n ph\u1ea9m s\u1eed d\u1ee5ng trong m\u00f4i tr\u01b0\u1eddng c\u00f3 axit, \u0111\u1ed9 m\u1eb7n cao  S\u1ea3n ph\u1ea9m b\u1ecb d\u1eabm \u0111\u1ea1p, l\u00e0m bi\u1ebfn d\u1ea1ng do t\u00e1c \u0111\u1ed9ng b\u00ean ngo\u00e0i  \ud83d\ude1b S\u1eed d\u1ee5ng chung s\u1ea3n ph\u1ea9m v\u1edbi l\u1eafp \u0111\u1eb7t t\u1ee7 b\u1ebfp s\u1ebd nh\u1eadn \u0111\u01b0\u1ee3c gi\u00e1 \u01b0u \u0111\u00e3i  V\u1eadn chuy\u1ec3n trong n\u1ed9i th\u00e0nh \u0110\u00e0 N\u1eb5ng.","og_url":"https:\/\/tranthi.vn\/hatinh\/ke-nang-ha-bat-dia-inox-304-mo-tg\/","og_site_name":"V\u1eadt Li\u1ec7u X\u00e2y D\u1ef1ng Tr\u1ea7n Th\u1ecb Chi Nh\u00e1nh H\u00e0 T\u0129nh","article_modified_time":"2024-03-20T04:08:47+00:00","og_image":[{"width":400,"height":350,"url":"https:\/\/tranthi.vn\/hatinh\/wp-content\/uploads\/2023\/08\/ke-nang-ha-bat-dia-inox-304-mo_da-nang.jpeg","type":"image\/jpeg"}],"twitter_card":"summary_large_image","twitter_misc":{"Gi\u00e1":"3,964,000&nbsp;&#8363;","Kh\u1ea3 d\u1ee5ng":"Trong kho"},"schema":{"@context":"https:\/\/schema.org","@graph":[{"@type":["WebPage","ItemPage"],"@id":"https:\/\/tranthi.vn\/hatinh\/ke-nang-ha-bat-dia-inox-304-mo-tg\/","url":"https:\/\/tranthi.vn\/hatinh\/ke-nang-ha-bat-dia-inox-304-mo-tg\/","name":"K\u1ec7 N\u00e2ng H\u1ea1 B\u00e1t \u0110\u0129a inox 304 M\u1edd - TG - V\u1eadt Li\u1ec7u X\u00e2y D\u1ef1ng Tr\u1ea7n Th\u1ecb Chi Nh\u00e1nh H\u00e0 T\u0129nh","isPartOf":{"@id":"https:\/\/tranthi.vn\/hatinh\/#website"},"primaryImageOfPage":{"@id":"https:\/\/tranthi.vn\/hatinh\/ke-nang-ha-bat-dia-inox-304-mo-tg\/#primaryimage"},"image":{"@id":"https:\/\/tranthi.vn\/hatinh\/ke-nang-ha-bat-dia-inox-304-mo-tg\/#primaryimage"},"thumbnailUrl":"https:\/\/tranthi.vn\/hatinh\/wp-content\/uploads\/2023\/08\/ke-nang-ha-bat-dia-inox-304-mo_da-nang.jpeg","datePublished":"2023-08-03T03:06:20+00:00","dateModified":"2024-03-20T04:08:47+00:00","breadcrumb":{"@id":"https:\/\/tranthi.vn\/hatinh\/ke-nang-ha-bat-dia-inox-304-mo-tg\/#breadcrumb"},"inLanguage":"vi","potentialAction":[{"@type":"ReadAction","target":["https:\/\/tranthi.vn\/hatinh\/ke-nang-ha-bat-dia-inox-304-mo-tg\/"]}]},{"@type":"ImageObject","inLanguage":"vi","@id":"https:\/\/tranthi.vn\/hatinh\/ke-nang-ha-bat-dia-inox-304-mo-tg\/#primaryimage","url":"https:\/\/tranthi.vn\/hatinh\/wp-content\/uploads\/2023\/08\/ke-nang-ha-bat-dia-inox-304-mo_da-nang.jpeg","contentUrl":"https:\/\/tranthi.vn\/hatinh\/wp-content\/uploads\/2023\/08\/ke-nang-ha-bat-dia-inox-304-mo_da-nang.jpeg","width":400,"height":350,"caption":"k\u1ec7-n\u00e2ng-h\u1ea1-b\u00e1t-\u0111\u0129a-inox-304-m\u1edd_\u0111\u00e0 n\u1eb5ng"},{"@type":"BreadcrumbList","@id":"https:\/\/tranthi.vn\/hatinh\/ke-nang-ha-bat-dia-inox-304-mo-tg\/#breadcrumb","itemListElement":[{"@type":"ListItem","position":1,"name":"Trang ch\u1ee7","item":"https:\/\/tranthi.vn\/hatinh\/"},{"@type":"ListItem","position":2,"name":"Shop","item":"https:\/\/tranthi.vn\/hatinh\/shop\/"},{"@type":"ListItem","position":3,"name":"K\u1ec7 N\u00e2ng H\u1ea1 B\u00e1t \u0110\u0129a inox 304 M\u1edd &#8211; TG"}]},{"@type":"WebSite","@id":"https:\/\/tranthi.vn\/hatinh\/#website","url":"https:\/\/tranthi.vn\/hatinh\/","name":"V\u1eadt Li\u1ec7u X\u00e2y D\u1ef1ng Tr\u1ea7n Th\u1ecb Chi Nh\u00e1nh H\u00e0 T\u0129nh","description":"V\u1eadt Li\u1ec7u X\u00e2y D\u1ef1ng - H\u00e0 T\u0129nh","potentialAction":[{"@type":"SearchAction","target":{"@type":"EntryPoint","urlTemplate":"https:\/\/tranthi.vn\/hatinh\/?s={search_term_string}"},"query-input":"required name=search_term_string"}],"inLanguage":"vi"},{"@type":"ImageObject","inLanguage":"vi","@id":"https:\/\/tranthi.vn\/hatinh\/ke-nang-ha-bat-dia-inox-304-mo-tg\/#local-main-organization-logo","url":"","contentUrl":"","caption":"V\u1eadt Li\u1ec7u X\u00e2y D\u1ef1ng Tr\u1ea7n Th\u1ecb Chi Nh\u00e1nh H\u00e0 T\u0129nh"}]},"product_price_amount":"3964000","product_price_currency":"VND","og_availability":"instock","product_availability":"instock","product_condition":"new"},"_links":{"self":[{"href":"https:\/\/tranthi.vn\/hatinh\/wp-json\/wp\/v2\/product\/5480","targetHints":{"allow":["GET"]}}],"collection":[{"href":"https:\/\/tranthi.vn\/hatinh\/wp-json\/wp\/v2\/product"}],"about":[{"href":"https:\/\/tranthi.vn\/hatinh\/wp-json\/wp\/v2\/types\/product"}],"replies":[{"embeddable":true,"href":"https:\/\/tranthi.vn\/hatinh\/wp-json\/wp\/v2\/comments?post=5480"}],"wp:featuredmedia":[{"embeddable":true,"href":"https:\/\/tranthi.vn\/hatinh\/wp-json\/wp\/v2\/media\/5481"}],"wp:attachment":[{"href":"https:\/\/tranthi.vn\/hatinh\/wp-json\/wp\/v2\/media?parent=5480"}],"wp:term":[{"taxonomy":"product_cat","embeddable":true,"href":"https:\/\/tranthi.vn\/hatinh\/wp-json\/wp\/v2\/product_cat?post=5480"},{"taxonomy":"product_tag","embeddable":true,"href":"https:\/\/tranthi.vn\/hatinh\/wp-json\/wp\/v2\/product_tag?post=5480"}],"curies":[{"name":"wp","href":"https:\/\/api.w.org\/{rel}","templated":true}]}}