{"id":5477,"date":"2023-08-03T09:45:51","date_gmt":"2023-08-03T02:45:51","guid":{"rendered":"https:\/\/tranthi.vn\/quangnam\/?post_type=product&#038;p=5477"},"modified":"2024-03-18T15:43:31","modified_gmt":"2024-03-18T08:43:31","slug":"gia-bat-da-nang-net-inox-304-tg","status":"publish","type":"product","link":"https:\/\/tranthi.vn\/hatinh\/gia-bat-da-nang-net-inox-304-tg\/","title":{"rendered":"Gi\u00e1 B\u00e1t \u0110a N\u0103ng N\u1eb9t inox 304-TG"},"content":{"rendered":"","protected":false},"excerpt":{"rendered":"<p><span style=\"font-family: 'times new roman', times, serif; font-size: 130%;\"><strong>\ud83d\ude1b<\/strong><span style=\"color: #d83131;\"><strong> Gi\u00e1 b\u00e1t \u0111a n\u0103ng d\u1eb9t inox 304. <\/strong><\/span><\/span><\/p>\n<p><span style=\"font-family: 'times new roman', times, serif; font-size: 130%;\"><strong>K\u00edch th\u01b0\u1edbc: r\u1ed9ng x s\u00e2u x cao<\/strong><\/span><\/p>\n<p><span style=\"font-family: 'times new roman', times, serif; font-size: 130%; color: #0000ff;\"><strong>K\u00cdCH TH\u01af\u1edaC K\u0128 THU\u1eacT &#8211; L\u1eccT L\u00d2NG:<\/strong><\/span><\/p>\n<p><span style=\"font-family: 'times new roman', times, serif; font-size: 130%; color: #000000;\"><strong>+ W565*D280*H650: <\/strong><span style=\"color: #ed1c24;\"><strong>gi\u00e1: <\/strong><\/span><strong><span style=\"color: #ed1c24;\">1.547.000<\/span>_\u00a0<\/strong><strong>(KT t\u1ee7 &#8211; ph\u1ee7 b\u00ec : 600)<\/strong><\/span><\/p>\n<p><span style=\"font-family: 'times new roman', times, serif; font-size: 130%; color: #000000;\"><strong>+ W665*D280*H650:<\/strong><span style=\"color: #ed1c24;\"><strong> gi\u00e1:<\/strong><\/span><strong><span style=\"color: #ed1c24;\"> 1.661.000<\/span>_<\/strong><strong>(KT t\u1ee7 &#8211; ph\u1ee7 b\u00ec : 700)<\/strong><\/span><\/p>\n<p><span style=\"font-family: 'times new roman', times, serif; font-size: 130%; color: #000000;\"><strong>+ W765*D280*H650: <\/strong><span style=\"color: #ed1c24;\"><strong>gi\u00e1: <\/strong><\/span><strong><span style=\"color: #ed1c24;\">1.774.000<\/span>_<\/strong><strong>(KT t\u1ee7 &#8211; ph\u1ee7 b\u00ec : 800)<\/strong><\/span><\/p>\n<p><span style=\"color: #000000;\"><strong><span style=\"font-family: 'times new roman', times, serif; font-size: 130%;\">+ W865*D280*H650: <span style=\"color: #ed1c24;\">gi\u00e1: 1.885.000<\/span>_(KT t\u1ee7 &#8211; ph\u1ee7 b\u00ec : 900)<\/span><\/strong><\/span><\/p>\n<ul>\n<li><span style=\"font-family: 'times new roman', times, serif; font-size: 130%;\"><strong>Khay \u0111\u0169a 3 ng\u0103n ch\u1ee9a \u0111c b\u00e1t t\u00f4<\/strong><\/span><\/li>\n<li><span style=\"font-family: 'times new roman', times, serif; font-size: 130%;\"><strong>C\u00f4ng n\u0103ng \u0111a d\u1ea1ng , dung sai l\u1eafp \u0111\u1eb7t cho khoang t\u1ee7 +- 50mm<\/strong><\/span><\/li>\n<\/ul>\n<p><span style=\"font-family: 'times new roman', times, serif; font-size: 130%;\"><strong><span style=\"color: #3366ff;\">Ch\u1ea5t li\u1ec7u:<\/span> <\/strong><strong>Inox 304 x\u1eed l\u00fd b\u1ec1 m\u1eb7t b\u1eb1ng c\u00f4ng ngh\u1ec7 \u0111i\u1ec7n h\u00f3a.<\/strong><\/span><\/p>\n<p><span style=\"font-family: 'times new roman', times, serif; font-size: 130%; color: #3366ff;\"><strong>+ C\u00e1c N\u1ed9i Dung S\u1ea3n Ph\u1ea9m \u0110\u01b0\u1ee3c B\u1ea3o H\u00e0nh:<\/strong><\/span><\/p>\n<ul>\n<li><span style=\"font-family: 'times new roman', times, serif; font-size: 130%;\"><strong>B\u1ea3o h\u00e0nh r\u1ec9 v\u0129nh vi\u1ec5n <\/strong><\/span><\/li>\n<\/ul>\n<p><span style=\"font-family: 'times new roman', times, serif; font-size: 130%; color: #3366ff;\"><strong>+ C\u00e1c Tr\u01b0\u1eddng H\u1ee3p S\u1ea3n Ph\u1ea9m Kh\u00f4ng \u0110\u01b0\u1ee3c B\u1ea3o H\u00e0nh:<\/strong><\/span><\/p>\n<ul>\n<li><span style=\"font-family: 'times new roman', times, serif; font-size: 130%;\"><strong>S\u1ea3n ph\u1ea9m s\u1eed d\u1ee5ng trong m\u00f4i tr\u01b0\u1eddng \u1ea9m \u01b0\u1edbt<\/strong><\/span><\/li>\n<li><span style=\"font-family: 'times new roman', times, serif; font-size: 130%;\"><strong>S\u1ea3n ph\u1ea9m s\u1eed d\u1ee5ng trong m\u00f4i tr\u01b0\u1eddng c\u00f3 axit, \u0111\u1ed9 m\u1eb7n cao<\/strong><\/span><\/li>\n<li><span style=\"font-family: 'times new roman', times, serif; font-size: 130%;\"><strong>S\u1ea3n ph\u1ea9m b\u1ecb d\u1eabm \u0111\u1ea1p, l\u00e0m bi\u1ebfn d\u1ea1ng do t\u00e1c \u0111\u1ed9ng b\u00ean ngo\u00e0i<\/strong><\/span><\/li>\n<\/ul>\n<p><span style=\"font-family: 'times new roman', times, serif; font-size: 130%;\"><strong>\ud83d\ude1b<\/strong> <span style=\"color: #3366ff;\"><em>S\u1eed d\u1ee5ng chung s\u1ea3n ph\u1ea9m v\u1edbi l\u1eafp \u0111\u1eb7t t\u1ee7 b\u1ebfp s\u1ebd nh\u1eadn \u0111\u01b0\u1ee3c gi\u00e1 \u01b0u \u0111\u00e3i<\/em><\/span><\/span><\/p>\n<p><span style=\"font-family: 'times new roman', times, serif; font-size: 130%; color: #3366ff;\"><em>V\u1eadn chuy\u1ec3n trong n\u1ed9i th\u00e0nh \u0110\u00e0 N\u1eb5ng.<\/em><\/span><\/p>\n","protected":false},"featured_media":5479,"comment_status":"closed","ping_status":"closed","template":"","meta":[],"product_cat":[382,312],"product_tag":[],"class_list":{"0":"post-5477","1":"product","2":"type-product","3":"status-publish","4":"has-post-thumbnail","6":"product_cat-phu-kien-nha-bep-phu-kien-tu-bep-thong-minh-gia-bat","7":"product_cat-phu-kien-tu-bep-thong-minh","9":"first","10":"instock","11":"sale","12":"shipping-taxable","13":"purchasable","14":"product-type-simple"},"yoast_head":"<!-- This site is optimized with the Yoast SEO Premium plugin v22.3 (Yoast SEO v22.8) - https:\/\/yoast.com\/wordpress\/plugins\/seo\/ -->\n<title>Gi\u00e1 B\u00e1t \u0110a N\u0103ng N\u1eb9t inox 304-TG - V\u1eadt Li\u1ec7u X\u00e2y D\u1ef1ng Tr\u1ea7n Th\u1ecb Chi Nh\u00e1nh H\u00e0 T\u0129nh<\/title>\n<meta name=\"robots\" content=\"index, follow, max-snippet:-1, max-image-preview:large, max-video-preview:-1\" \/>\n<link rel=\"canonical\" href=\"https:\/\/tranthi.vn\/hatinh\/gia-bat-da-nang-net-inox-304-tg\/\" \/>\n<meta property=\"og:locale\" content=\"vi_VN\" \/>\n<meta property=\"og:type\" content=\"article\" \/>\n<meta property=\"og:title\" content=\"Gi\u00e1 B\u00e1t \u0110a N\u0103ng N\u1eb9t inox 304-TG\" \/>\n<meta property=\"og:description\" content=\"\ud83d\ude1b Gi\u00e1 b\u00e1t \u0111a n\u0103ng d\u1eb9t inox 304.   K\u00edch th\u01b0\u1edbc: r\u1ed9ng x s\u00e2u x cao  K\u00cdCH TH\u01af\u1edaC K\u0128 THU\u1eacT - L\u1eccT L\u00d2NG:  + W565*D280*H650: gi\u00e1: 1.547.000_\u00a0(KT t\u1ee7 - ph\u1ee7 b\u00ec : 600)  + W665*D280*H650: gi\u00e1: 1.661.000_(KT t\u1ee7 - ph\u1ee7 b\u00ec : 700)  + W765*D280*H650: gi\u00e1: 1.774.000_(KT t\u1ee7 - ph\u1ee7 b\u00ec : 800)  + W865*D280*H650: gi\u00e1: 1.885.000_(KT t\u1ee7 - ph\u1ee7 b\u00ec : 900)   Khay \u0111\u0169a 3 ng\u0103n ch\u1ee9a \u0111c b\u00e1t t\u00f4  C\u00f4ng n\u0103ng \u0111a d\u1ea1ng , dung sai l\u1eafp \u0111\u1eb7t cho khoang t\u1ee7 +- 50mm  Ch\u1ea5t li\u1ec7u: Inox 304 x\u1eed l\u00fd b\u1ec1 m\u1eb7t b\u1eb1ng c\u00f4ng ngh\u1ec7 \u0111i\u1ec7n h\u00f3a.  + C\u00e1c N\u1ed9i Dung S\u1ea3n Ph\u1ea9m \u0110\u01b0\u1ee3c B\u1ea3o H\u00e0nh:   B\u1ea3o h\u00e0nh r\u1ec9 v\u0129nh vi\u1ec5n   + C\u00e1c Tr\u01b0\u1eddng H\u1ee3p S\u1ea3n Ph\u1ea9m Kh\u00f4ng \u0110\u01b0\u1ee3c B\u1ea3o H\u00e0nh:   S\u1ea3n ph\u1ea9m s\u1eed d\u1ee5ng trong m\u00f4i tr\u01b0\u1eddng \u1ea9m \u01b0\u1edbt  S\u1ea3n ph\u1ea9m s\u1eed d\u1ee5ng trong m\u00f4i tr\u01b0\u1eddng c\u00f3 axit, \u0111\u1ed9 m\u1eb7n cao  S\u1ea3n ph\u1ea9m b\u1ecb d\u1eabm \u0111\u1ea1p, l\u00e0m bi\u1ebfn d\u1ea1ng do t\u00e1c \u0111\u1ed9ng b\u00ean ngo\u00e0i  \ud83d\ude1b S\u1eed d\u1ee5ng chung s\u1ea3n ph\u1ea9m v\u1edbi l\u1eafp \u0111\u1eb7t t\u1ee7 b\u1ebfp s\u1ebd nh\u1eadn \u0111\u01b0\u1ee3c gi\u00e1 \u01b0u \u0111\u00e3i  V\u1eadn chuy\u1ec3n trong n\u1ed9i th\u00e0nh \u0110\u00e0 N\u1eb5ng.\" \/>\n<meta property=\"og:url\" content=\"https:\/\/tranthi.vn\/hatinh\/gia-bat-da-nang-net-inox-304-tg\/\" \/>\n<meta property=\"og:site_name\" content=\"V\u1eadt Li\u1ec7u X\u00e2y D\u1ef1ng Tr\u1ea7n Th\u1ecb Chi Nh\u00e1nh H\u00e0 T\u0129nh\" \/>\n<meta property=\"article:modified_time\" content=\"2024-03-18T08:43:31+00:00\" \/>\n<meta property=\"og:image\" content=\"https:\/\/tranthi.vn\/hatinh\/wp-content\/uploads\/2023\/08\/gia-bat-da-nang-det-inox-304_da-nang.jpeg\" \/>\n\t<meta property=\"og:image:width\" content=\"400\" \/>\n\t<meta property=\"og:image:height\" content=\"350\" \/>\n\t<meta property=\"og:image:type\" content=\"image\/jpeg\" \/>\n<meta name=\"twitter:card\" content=\"summary_large_image\" \/>\n<meta name=\"twitter:label1\" content=\"Gi\u00e1\" \/>\n\t<meta name=\"twitter:data1\" content=\"1,547,000&nbsp;&#8363;\" \/>\n\t<meta name=\"twitter:label2\" content=\"Kh\u1ea3 d\u1ee5ng\" \/>\n\t<meta name=\"twitter:data2\" content=\"Trong kho\" \/>\n<script type=\"application\/ld+json\" class=\"yoast-schema-graph\">{\"@context\":\"https:\/\/schema.org\",\"@graph\":[{\"@type\":[\"WebPage\",\"ItemPage\"],\"@id\":\"https:\/\/tranthi.vn\/hatinh\/gia-bat-da-nang-net-inox-304-tg\/\",\"url\":\"https:\/\/tranthi.vn\/hatinh\/gia-bat-da-nang-net-inox-304-tg\/\",\"name\":\"Gi\u00e1 B\u00e1t \u0110a N\u0103ng N\u1eb9t inox 304-TG - V\u1eadt Li\u1ec7u X\u00e2y D\u1ef1ng Tr\u1ea7n Th\u1ecb Chi Nh\u00e1nh H\u00e0 T\u0129nh\",\"isPartOf\":{\"@id\":\"https:\/\/tranthi.vn\/hatinh\/#website\"},\"primaryImageOfPage\":{\"@id\":\"https:\/\/tranthi.vn\/hatinh\/gia-bat-da-nang-net-inox-304-tg\/#primaryimage\"},\"image\":{\"@id\":\"https:\/\/tranthi.vn\/hatinh\/gia-bat-da-nang-net-inox-304-tg\/#primaryimage\"},\"thumbnailUrl\":\"https:\/\/tranthi.vn\/hatinh\/wp-content\/uploads\/2023\/08\/gia-bat-da-nang-det-inox-304_da-nang.jpeg\",\"datePublished\":\"2023-08-03T02:45:51+00:00\",\"dateModified\":\"2024-03-18T08:43:31+00:00\",\"breadcrumb\":{\"@id\":\"https:\/\/tranthi.vn\/hatinh\/gia-bat-da-nang-net-inox-304-tg\/#breadcrumb\"},\"inLanguage\":\"vi\",\"potentialAction\":[{\"@type\":\"ReadAction\",\"target\":[\"https:\/\/tranthi.vn\/hatinh\/gia-bat-da-nang-net-inox-304-tg\/\"]}]},{\"@type\":\"ImageObject\",\"inLanguage\":\"vi\",\"@id\":\"https:\/\/tranthi.vn\/hatinh\/gia-bat-da-nang-net-inox-304-tg\/#primaryimage\",\"url\":\"https:\/\/tranthi.vn\/hatinh\/wp-content\/uploads\/2023\/08\/gia-bat-da-nang-det-inox-304_da-nang.jpeg\",\"contentUrl\":\"https:\/\/tranthi.vn\/hatinh\/wp-content\/uploads\/2023\/08\/gia-bat-da-nang-det-inox-304_da-nang.jpeg\",\"width\":400,\"height\":350,\"caption\":\"gi\u00e1-b\u00e1t-\u0111a-n\u0103ng-d\u1eb9t-inox-304_\u0111\u00e0 n\u1eb5ng\"},{\"@type\":\"BreadcrumbList\",\"@id\":\"https:\/\/tranthi.vn\/hatinh\/gia-bat-da-nang-net-inox-304-tg\/#breadcrumb\",\"itemListElement\":[{\"@type\":\"ListItem\",\"position\":1,\"name\":\"Trang ch\u1ee7\",\"item\":\"https:\/\/tranthi.vn\/hatinh\/\"},{\"@type\":\"ListItem\",\"position\":2,\"name\":\"Shop\",\"item\":\"https:\/\/tranthi.vn\/hatinh\/shop\/\"},{\"@type\":\"ListItem\",\"position\":3,\"name\":\"Gi\u00e1 B\u00e1t \u0110a N\u0103ng N\u1eb9t inox 304-TG\"}]},{\"@type\":\"WebSite\",\"@id\":\"https:\/\/tranthi.vn\/hatinh\/#website\",\"url\":\"https:\/\/tranthi.vn\/hatinh\/\",\"name\":\"V\u1eadt Li\u1ec7u X\u00e2y D\u1ef1ng Tr\u1ea7n Th\u1ecb Chi Nh\u00e1nh H\u00e0 T\u0129nh\",\"description\":\"V\u1eadt Li\u1ec7u X\u00e2y D\u1ef1ng - H\u00e0 T\u0129nh\",\"potentialAction\":[{\"@type\":\"SearchAction\",\"target\":{\"@type\":\"EntryPoint\",\"urlTemplate\":\"https:\/\/tranthi.vn\/hatinh\/?s={search_term_string}\"},\"query-input\":\"required name=search_term_string\"}],\"inLanguage\":\"vi\"},{\"@type\":\"ImageObject\",\"inLanguage\":\"vi\",\"@id\":\"https:\/\/tranthi.vn\/hatinh\/gia-bat-da-nang-net-inox-304-tg\/#local-main-organization-logo\",\"url\":\"\",\"contentUrl\":\"\",\"caption\":\"V\u1eadt Li\u1ec7u X\u00e2y D\u1ef1ng Tr\u1ea7n Th\u1ecb Chi Nh\u00e1nh H\u00e0 T\u0129nh\"}]}<\/script>\n<meta property=\"product:price:amount\" content=\"1547000\" \/>\n<meta property=\"product:price:currency\" content=\"VND\" \/>\n<meta property=\"og:availability\" content=\"instock\" \/>\n<meta property=\"product:availability\" content=\"instock\" \/>\n<meta property=\"product:condition\" content=\"new\" \/>\n<!-- \/ Yoast SEO Premium plugin. -->","yoast_head_json":{"title":"Gi\u00e1 B\u00e1t \u0110a N\u0103ng N\u1eb9t inox 304-TG - V\u1eadt Li\u1ec7u X\u00e2y D\u1ef1ng Tr\u1ea7n Th\u1ecb Chi Nh\u00e1nh H\u00e0 T\u0129nh","robots":{"index":"index","follow":"follow","max-snippet":"max-snippet:-1","max-image-preview":"max-image-preview:large","max-video-preview":"max-video-preview:-1"},"canonical":"https:\/\/tranthi.vn\/hatinh\/gia-bat-da-nang-net-inox-304-tg\/","og_locale":"vi_VN","og_type":"article","og_title":"Gi\u00e1 B\u00e1t \u0110a N\u0103ng N\u1eb9t inox 304-TG","og_description":"\ud83d\ude1b Gi\u00e1 b\u00e1t \u0111a n\u0103ng d\u1eb9t inox 304.   K\u00edch th\u01b0\u1edbc: r\u1ed9ng x s\u00e2u x cao  K\u00cdCH TH\u01af\u1edaC K\u0128 THU\u1eacT - L\u1eccT L\u00d2NG:  + W565*D280*H650: gi\u00e1: 1.547.000_\u00a0(KT t\u1ee7 - ph\u1ee7 b\u00ec : 600)  + W665*D280*H650: gi\u00e1: 1.661.000_(KT t\u1ee7 - ph\u1ee7 b\u00ec : 700)  + W765*D280*H650: gi\u00e1: 1.774.000_(KT t\u1ee7 - ph\u1ee7 b\u00ec : 800)  + W865*D280*H650: gi\u00e1: 1.885.000_(KT t\u1ee7 - ph\u1ee7 b\u00ec : 900)   Khay \u0111\u0169a 3 ng\u0103n ch\u1ee9a \u0111c b\u00e1t t\u00f4  C\u00f4ng n\u0103ng \u0111a d\u1ea1ng , dung sai l\u1eafp \u0111\u1eb7t cho khoang t\u1ee7 +- 50mm  Ch\u1ea5t li\u1ec7u: Inox 304 x\u1eed l\u00fd b\u1ec1 m\u1eb7t b\u1eb1ng c\u00f4ng ngh\u1ec7 \u0111i\u1ec7n h\u00f3a.  + C\u00e1c N\u1ed9i Dung S\u1ea3n Ph\u1ea9m \u0110\u01b0\u1ee3c B\u1ea3o H\u00e0nh:   B\u1ea3o h\u00e0nh r\u1ec9 v\u0129nh vi\u1ec5n   + C\u00e1c Tr\u01b0\u1eddng H\u1ee3p S\u1ea3n Ph\u1ea9m Kh\u00f4ng \u0110\u01b0\u1ee3c B\u1ea3o H\u00e0nh:   S\u1ea3n ph\u1ea9m s\u1eed d\u1ee5ng trong m\u00f4i tr\u01b0\u1eddng \u1ea9m \u01b0\u1edbt  S\u1ea3n ph\u1ea9m s\u1eed d\u1ee5ng trong m\u00f4i tr\u01b0\u1eddng c\u00f3 axit, \u0111\u1ed9 m\u1eb7n cao  S\u1ea3n ph\u1ea9m b\u1ecb d\u1eabm \u0111\u1ea1p, l\u00e0m bi\u1ebfn d\u1ea1ng do t\u00e1c \u0111\u1ed9ng b\u00ean ngo\u00e0i  \ud83d\ude1b S\u1eed d\u1ee5ng chung s\u1ea3n ph\u1ea9m v\u1edbi l\u1eafp \u0111\u1eb7t t\u1ee7 b\u1ebfp s\u1ebd nh\u1eadn \u0111\u01b0\u1ee3c gi\u00e1 \u01b0u \u0111\u00e3i  V\u1eadn chuy\u1ec3n trong n\u1ed9i th\u00e0nh \u0110\u00e0 N\u1eb5ng.","og_url":"https:\/\/tranthi.vn\/hatinh\/gia-bat-da-nang-net-inox-304-tg\/","og_site_name":"V\u1eadt Li\u1ec7u X\u00e2y D\u1ef1ng Tr\u1ea7n Th\u1ecb Chi Nh\u00e1nh H\u00e0 T\u0129nh","article_modified_time":"2024-03-18T08:43:31+00:00","og_image":[{"width":400,"height":350,"url":"https:\/\/tranthi.vn\/hatinh\/wp-content\/uploads\/2023\/08\/gia-bat-da-nang-det-inox-304_da-nang.jpeg","type":"image\/jpeg"}],"twitter_card":"summary_large_image","twitter_misc":{"Gi\u00e1":"1,547,000&nbsp;&#8363;","Kh\u1ea3 d\u1ee5ng":"Trong kho"},"schema":{"@context":"https:\/\/schema.org","@graph":[{"@type":["WebPage","ItemPage"],"@id":"https:\/\/tranthi.vn\/hatinh\/gia-bat-da-nang-net-inox-304-tg\/","url":"https:\/\/tranthi.vn\/hatinh\/gia-bat-da-nang-net-inox-304-tg\/","name":"Gi\u00e1 B\u00e1t \u0110a N\u0103ng N\u1eb9t inox 304-TG - V\u1eadt Li\u1ec7u X\u00e2y D\u1ef1ng Tr\u1ea7n Th\u1ecb Chi Nh\u00e1nh H\u00e0 T\u0129nh","isPartOf":{"@id":"https:\/\/tranthi.vn\/hatinh\/#website"},"primaryImageOfPage":{"@id":"https:\/\/tranthi.vn\/hatinh\/gia-bat-da-nang-net-inox-304-tg\/#primaryimage"},"image":{"@id":"https:\/\/tranthi.vn\/hatinh\/gia-bat-da-nang-net-inox-304-tg\/#primaryimage"},"thumbnailUrl":"https:\/\/tranthi.vn\/hatinh\/wp-content\/uploads\/2023\/08\/gia-bat-da-nang-det-inox-304_da-nang.jpeg","datePublished":"2023-08-03T02:45:51+00:00","dateModified":"2024-03-18T08:43:31+00:00","breadcrumb":{"@id":"https:\/\/tranthi.vn\/hatinh\/gia-bat-da-nang-net-inox-304-tg\/#breadcrumb"},"inLanguage":"vi","potentialAction":[{"@type":"ReadAction","target":["https:\/\/tranthi.vn\/hatinh\/gia-bat-da-nang-net-inox-304-tg\/"]}]},{"@type":"ImageObject","inLanguage":"vi","@id":"https:\/\/tranthi.vn\/hatinh\/gia-bat-da-nang-net-inox-304-tg\/#primaryimage","url":"https:\/\/tranthi.vn\/hatinh\/wp-content\/uploads\/2023\/08\/gia-bat-da-nang-det-inox-304_da-nang.jpeg","contentUrl":"https:\/\/tranthi.vn\/hatinh\/wp-content\/uploads\/2023\/08\/gia-bat-da-nang-det-inox-304_da-nang.jpeg","width":400,"height":350,"caption":"gi\u00e1-b\u00e1t-\u0111a-n\u0103ng-d\u1eb9t-inox-304_\u0111\u00e0 n\u1eb5ng"},{"@type":"BreadcrumbList","@id":"https:\/\/tranthi.vn\/hatinh\/gia-bat-da-nang-net-inox-304-tg\/#breadcrumb","itemListElement":[{"@type":"ListItem","position":1,"name":"Trang ch\u1ee7","item":"https:\/\/tranthi.vn\/hatinh\/"},{"@type":"ListItem","position":2,"name":"Shop","item":"https:\/\/tranthi.vn\/hatinh\/shop\/"},{"@type":"ListItem","position":3,"name":"Gi\u00e1 B\u00e1t \u0110a N\u0103ng N\u1eb9t inox 304-TG"}]},{"@type":"WebSite","@id":"https:\/\/tranthi.vn\/hatinh\/#website","url":"https:\/\/tranthi.vn\/hatinh\/","name":"V\u1eadt Li\u1ec7u X\u00e2y D\u1ef1ng Tr\u1ea7n Th\u1ecb Chi Nh\u00e1nh H\u00e0 T\u0129nh","description":"V\u1eadt Li\u1ec7u X\u00e2y D\u1ef1ng - H\u00e0 T\u0129nh","potentialAction":[{"@type":"SearchAction","target":{"@type":"EntryPoint","urlTemplate":"https:\/\/tranthi.vn\/hatinh\/?s={search_term_string}"},"query-input":"required name=search_term_string"}],"inLanguage":"vi"},{"@type":"ImageObject","inLanguage":"vi","@id":"https:\/\/tranthi.vn\/hatinh\/gia-bat-da-nang-net-inox-304-tg\/#local-main-organization-logo","url":"","contentUrl":"","caption":"V\u1eadt Li\u1ec7u X\u00e2y D\u1ef1ng Tr\u1ea7n Th\u1ecb Chi Nh\u00e1nh H\u00e0 T\u0129nh"}]},"product_price_amount":"1547000","product_price_currency":"VND","og_availability":"instock","product_availability":"instock","product_condition":"new"},"_links":{"self":[{"href":"https:\/\/tranthi.vn\/hatinh\/wp-json\/wp\/v2\/product\/5477","targetHints":{"allow":["GET"]}}],"collection":[{"href":"https:\/\/tranthi.vn\/hatinh\/wp-json\/wp\/v2\/product"}],"about":[{"href":"https:\/\/tranthi.vn\/hatinh\/wp-json\/wp\/v2\/types\/product"}],"replies":[{"embeddable":true,"href":"https:\/\/tranthi.vn\/hatinh\/wp-json\/wp\/v2\/comments?post=5477"}],"wp:featuredmedia":[{"embeddable":true,"href":"https:\/\/tranthi.vn\/hatinh\/wp-json\/wp\/v2\/media\/5479"}],"wp:attachment":[{"href":"https:\/\/tranthi.vn\/hatinh\/wp-json\/wp\/v2\/media?parent=5477"}],"wp:term":[{"taxonomy":"product_cat","embeddable":true,"href":"https:\/\/tranthi.vn\/hatinh\/wp-json\/wp\/v2\/product_cat?post=5477"},{"taxonomy":"product_tag","embeddable":true,"href":"https:\/\/tranthi.vn\/hatinh\/wp-json\/wp\/v2\/product_tag?post=5477"}],"curies":[{"name":"wp","href":"https:\/\/api.w.org\/{rel}","templated":true}]}}