{"id":5475,"date":"2023-08-03T09:21:10","date_gmt":"2023-08-03T02:21:10","guid":{"rendered":"https:\/\/tranthi.vn\/quangnam\/?post_type=product&#038;p=5475"},"modified":"2024-03-18T15:48:15","modified_gmt":"2024-03-18T08:48:15","slug":"ke-chen-dia-co-dinh-2-tang-tdp","status":"publish","type":"product","link":"https:\/\/tranthi.vn\/hatinh\/ke-chen-dia-co-dinh-2-tang-tdp\/","title":{"rendered":"K\u1ec7 Ch\u00e9n D\u0129a C\u1ed1 \u0110\u1ecbnh 2 T\u1ea7ng-T\u0110P"},"content":{"rendered":"","protected":false},"excerpt":{"rendered":"<p><span style=\"font-family: 'times new roman', times, serif; font-size: 130%;\"><strong>\ud83d\ude1b<\/strong><span style=\"color: #d83131;\"><strong> K\u1ec7 ch\u00e9n d\u0129a c\u1ed1 \u0111\u1ecbnh 2 t\u1ea7ng t\u1ea7ng inox 304 x\u1eed l\u00fd b\u1ec1 m\u1eb7t b\u1eb1ng c\u00f4ng ngh\u1ec7 \u0111i\u1ec7n h\u00f3a.<\/strong><\/span><\/span><\/p>\n<p><span style=\"font-family: 'times new roman', times, serif; font-size: 130%;\"><strong>K\u00edch th\u01b0\u1edbc: r\u1ed9ng x s\u00e2u x cao<\/strong><\/span><\/p>\n<p><span style=\"font-family: 'times new roman', times, serif; font-size: 130%; color: #3366ff;\"><strong>K\u00cdCH TH\u01af\u1edaC K\u0128 THU\u1eacT &#8211; L\u1eccT L\u00d2NG:<\/strong><\/span><\/p>\n<p><span style=\"font-family: 'times new roman', times, serif; font-size: 130%;\"><strong>+ <\/strong>D280*W665*H65_<strong><span style=\"color: #ed1c24;\">gi\u00e1<strong>: 9<\/strong>16.000<\/span><\/strong><span style=\"color: #ed1c24;\"> _<\/span>(KT t\u1ee7 &#8211; ph\u1ee7 b\u00ec : 700)<\/span><\/p>\n<p><span style=\"font-family: 'times new roman', times, serif; font-size: 130%;\"><strong>+ <\/strong>D280*W765*H65<strong>:<\/strong><span style=\"color: #d83131;\"><strong> gi\u00e1:<\/strong><strong> 998.000_<\/strong><\/span>(KT t\u1ee7 &#8211; ph\u1ee7 b\u00ec : 800)<\/span><\/p>\n<p><span style=\"font-family: 'times new roman', times, serif; font-size: 130%;\"><strong>+ <\/strong>D280*W865*H65<strong>: <\/strong><span style=\"color: #d83131;\"><strong>gi\u00e1: <\/strong><strong>1.041.000_<\/strong><\/span>(KT t\u1ee7 &#8211; ph\u1ee7 b\u00ec : 900)<\/span><\/p>\n<p><span style=\"font-family: 'times new roman', times, serif; font-size: 130%;\">+ D280*W965*H65: <span style=\"color: #d83131;\"><strong>gi\u00e1: 1.108.000<\/strong>_<\/span>(KT t\u1ee7 &#8211; ph\u1ee7 b\u00ec : 1000)<\/span><\/p>\n<p><span style=\"font-family: 'times new roman', times, serif; font-size: 130%; color: #0000ff;\"><strong>+ C\u00e1c N\u1ed9i Dung S\u1ea3n Ph\u1ea9m \u0110\u01b0\u1ee3c B\u1ea3o H\u00e0nh:<\/strong><\/span><\/p>\n<ul>\n<li><span style=\"font-family: 'times new roman', times, serif; font-size: 130%;\"><strong>Gi\u1ecf b\u1ea3o h\u00e0nh r\u1ec9 24 th\u00e1ng<\/strong><\/span><\/li>\n<li><span style=\"font-family: 'times new roman', times, serif; font-size: 130%;\"><strong>\u00a0H\u1ec7 th\u1ed1ng khung, ray b\u1ea3o h\u00e0nh 24 th\u00e1ng<\/strong><\/span><\/li>\n<\/ul>\n<p><span style=\"font-family: 'times new roman', times, serif; font-size: 130%; color: #0000ff;\"><strong>+ C\u00e1c Tr\u01b0\u1eddng H\u1ee3p S\u1ea3n Ph\u1ea9m Kh\u00f4ng \u0110\u01b0\u1ee3c B\u1ea3o H\u00e0nh:<\/strong><\/span><\/p>\n<ul>\n<li><span style=\"font-family: 'times new roman', times, serif; font-size: 130%;\"><strong>S\u1ea3n ph\u1ea9m s\u1eed d\u1ee5ng trong m\u00f4i tr\u01b0\u1eddng \u1ea9m \u01b0\u1edbt<\/strong><\/span><\/li>\n<li><span style=\"font-family: 'times new roman', times, serif; font-size: 130%;\"><strong>S\u1ea3n ph\u1ea9m s\u1eed d\u1ee5ng trong m\u00f4i tr\u01b0\u1eddng c\u00f3 axit, \u0111\u1ed9 m\u1eb7n cao<\/strong><\/span><\/li>\n<li><span style=\"font-family: 'times new roman', times, serif; font-size: 130%;\"><strong>S\u1ea3n ph\u1ea9m b\u1ecb d\u1eabm \u0111\u1ea1p, l\u00e0m bi\u1ebfn d\u1ea1ng do t\u00e1c \u0111\u1ed9ng b\u00ean ngo\u00e0i<\/strong><\/span><\/li>\n<\/ul>\n<p><span style=\"font-family: 'times new roman', times, serif; font-size: 130%;\"><strong>\ud83d\ude1b<\/strong> <span style=\"color: #0000ff;\"><em>S\u1eed d\u1ee5ng chung s\u1ea3n ph\u1ea9m v\u1edbi l\u1eafp \u0111\u1eb7t t\u1ee7 b\u1ebfp s\u1ebd nh\u1eadn \u0111\u01b0\u1ee3c gi\u00e1 \u01b0u \u0111\u00e3i<\/em><\/span><\/span><\/p>\n<p><span style=\"font-family: 'times new roman', times, serif; font-size: 130%; color: #0000ff;\"><em>V\u1eadn chuy\u1ec3n trong n\u1ed9i th\u00e0nh \u0110\u00e0 N\u1eb5ng.<\/em><\/span><\/p>\n","protected":false},"featured_media":5476,"comment_status":"closed","ping_status":"closed","template":"","meta":[],"product_cat":[382,312],"product_tag":[],"class_list":{"0":"post-5475","1":"product","2":"type-product","3":"status-publish","4":"has-post-thumbnail","6":"product_cat-phu-kien-nha-bep-phu-kien-tu-bep-thong-minh-gia-bat","7":"product_cat-phu-kien-tu-bep-thong-minh","9":"first","10":"instock","11":"sale","12":"shipping-taxable","13":"purchasable","14":"product-type-simple"},"yoast_head":"<!-- This site is optimized with the Yoast SEO Premium plugin v22.3 (Yoast SEO v22.8) - https:\/\/yoast.com\/wordpress\/plugins\/seo\/ -->\n<title>K\u1ec7 Ch\u00e9n D\u0129a C\u1ed1 \u0110\u1ecbnh 2 T\u1ea7ng-T\u0110P - V\u1eadt Li\u1ec7u X\u00e2y D\u1ef1ng Tr\u1ea7n Th\u1ecb Chi Nh\u00e1nh H\u00e0 T\u0129nh<\/title>\n<meta name=\"robots\" content=\"index, follow, max-snippet:-1, max-image-preview:large, max-video-preview:-1\" \/>\n<link rel=\"canonical\" href=\"https:\/\/tranthi.vn\/hatinh\/ke-chen-dia-co-dinh-2-tang-tdp\/\" \/>\n<meta property=\"og:locale\" content=\"vi_VN\" \/>\n<meta property=\"og:type\" content=\"article\" \/>\n<meta property=\"og:title\" content=\"K\u1ec7 Ch\u00e9n D\u0129a C\u1ed1 \u0110\u1ecbnh 2 T\u1ea7ng-T\u0110P\" \/>\n<meta property=\"og:description\" content=\"\ud83d\ude1b K\u1ec7 ch\u00e9n d\u0129a c\u1ed1 \u0111\u1ecbnh 2 t\u1ea7ng t\u1ea7ng inox 304 x\u1eed l\u00fd b\u1ec1 m\u1eb7t b\u1eb1ng c\u00f4ng ngh\u1ec7 \u0111i\u1ec7n h\u00f3a.  K\u00edch th\u01b0\u1edbc: r\u1ed9ng x s\u00e2u x cao  K\u00cdCH TH\u01af\u1edaC K\u0128 THU\u1eacT - L\u1eccT L\u00d2NG:  + D280*W665*H65_gi\u00e1: 916.000 _(KT t\u1ee7 - ph\u1ee7 b\u00ec : 700)  + D280*W765*H65: gi\u00e1: 998.000_(KT t\u1ee7 - ph\u1ee7 b\u00ec : 800)  + D280*W865*H65: gi\u00e1: 1.041.000_(KT t\u1ee7 - ph\u1ee7 b\u00ec : 900)  + D280*W965*H65: gi\u00e1: 1.108.000_(KT t\u1ee7 - ph\u1ee7 b\u00ec : 1000)  + C\u00e1c N\u1ed9i Dung S\u1ea3n Ph\u1ea9m \u0110\u01b0\u1ee3c B\u1ea3o H\u00e0nh:   Gi\u1ecf b\u1ea3o h\u00e0nh r\u1ec9 24 th\u00e1ng  \u00a0H\u1ec7 th\u1ed1ng khung, ray b\u1ea3o h\u00e0nh 24 th\u00e1ng  + C\u00e1c Tr\u01b0\u1eddng H\u1ee3p S\u1ea3n Ph\u1ea9m Kh\u00f4ng \u0110\u01b0\u1ee3c B\u1ea3o H\u00e0nh:   S\u1ea3n ph\u1ea9m s\u1eed d\u1ee5ng trong m\u00f4i tr\u01b0\u1eddng \u1ea9m \u01b0\u1edbt  S\u1ea3n ph\u1ea9m s\u1eed d\u1ee5ng trong m\u00f4i tr\u01b0\u1eddng c\u00f3 axit, \u0111\u1ed9 m\u1eb7n cao  S\u1ea3n ph\u1ea9m b\u1ecb d\u1eabm \u0111\u1ea1p, l\u00e0m bi\u1ebfn d\u1ea1ng do t\u00e1c \u0111\u1ed9ng b\u00ean ngo\u00e0i  \ud83d\ude1b S\u1eed d\u1ee5ng chung s\u1ea3n ph\u1ea9m v\u1edbi l\u1eafp \u0111\u1eb7t t\u1ee7 b\u1ebfp s\u1ebd nh\u1eadn \u0111\u01b0\u1ee3c gi\u00e1 \u01b0u \u0111\u00e3i  V\u1eadn chuy\u1ec3n trong n\u1ed9i th\u00e0nh \u0110\u00e0 N\u1eb5ng.\" \/>\n<meta property=\"og:url\" content=\"https:\/\/tranthi.vn\/hatinh\/ke-chen-dia-co-dinh-2-tang-tdp\/\" \/>\n<meta property=\"og:site_name\" content=\"V\u1eadt Li\u1ec7u X\u00e2y D\u1ef1ng Tr\u1ea7n Th\u1ecb Chi Nh\u00e1nh H\u00e0 T\u0129nh\" \/>\n<meta property=\"article:modified_time\" content=\"2024-03-18T08:48:15+00:00\" \/>\n<meta property=\"og:image\" content=\"https:\/\/tranthi.vn\/hatinh\/wp-content\/uploads\/2023\/08\/Ke-Chen-Dia-Co-Dinh-2-Tang-da-nang.jpg\" \/>\n\t<meta property=\"og:image:width\" content=\"400\" \/>\n\t<meta property=\"og:image:height\" content=\"350\" \/>\n\t<meta property=\"og:image:type\" content=\"image\/jpeg\" \/>\n<meta name=\"twitter:card\" content=\"summary_large_image\" \/>\n<meta name=\"twitter:label1\" content=\"Gi\u00e1\" \/>\n\t<meta name=\"twitter:data1\" content=\"916,000&nbsp;&#8363;\" \/>\n\t<meta name=\"twitter:label2\" content=\"Kh\u1ea3 d\u1ee5ng\" \/>\n\t<meta name=\"twitter:data2\" content=\"Trong kho\" \/>\n<script type=\"application\/ld+json\" class=\"yoast-schema-graph\">{\"@context\":\"https:\/\/schema.org\",\"@graph\":[{\"@type\":[\"WebPage\",\"ItemPage\"],\"@id\":\"https:\/\/tranthi.vn\/hatinh\/ke-chen-dia-co-dinh-2-tang-tdp\/\",\"url\":\"https:\/\/tranthi.vn\/hatinh\/ke-chen-dia-co-dinh-2-tang-tdp\/\",\"name\":\"K\u1ec7 Ch\u00e9n D\u0129a C\u1ed1 \u0110\u1ecbnh 2 T\u1ea7ng-T\u0110P - V\u1eadt Li\u1ec7u X\u00e2y D\u1ef1ng Tr\u1ea7n Th\u1ecb Chi Nh\u00e1nh H\u00e0 T\u0129nh\",\"isPartOf\":{\"@id\":\"https:\/\/tranthi.vn\/hatinh\/#website\"},\"primaryImageOfPage\":{\"@id\":\"https:\/\/tranthi.vn\/hatinh\/ke-chen-dia-co-dinh-2-tang-tdp\/#primaryimage\"},\"image\":{\"@id\":\"https:\/\/tranthi.vn\/hatinh\/ke-chen-dia-co-dinh-2-tang-tdp\/#primaryimage\"},\"thumbnailUrl\":\"https:\/\/tranthi.vn\/hatinh\/wp-content\/uploads\/2023\/08\/Ke-Chen-Dia-Co-Dinh-2-Tang-da-nang.jpg\",\"datePublished\":\"2023-08-03T02:21:10+00:00\",\"dateModified\":\"2024-03-18T08:48:15+00:00\",\"breadcrumb\":{\"@id\":\"https:\/\/tranthi.vn\/hatinh\/ke-chen-dia-co-dinh-2-tang-tdp\/#breadcrumb\"},\"inLanguage\":\"vi\",\"potentialAction\":[{\"@type\":\"ReadAction\",\"target\":[\"https:\/\/tranthi.vn\/hatinh\/ke-chen-dia-co-dinh-2-tang-tdp\/\"]}]},{\"@type\":\"ImageObject\",\"inLanguage\":\"vi\",\"@id\":\"https:\/\/tranthi.vn\/hatinh\/ke-chen-dia-co-dinh-2-tang-tdp\/#primaryimage\",\"url\":\"https:\/\/tranthi.vn\/hatinh\/wp-content\/uploads\/2023\/08\/Ke-Chen-Dia-Co-Dinh-2-Tang-da-nang.jpg\",\"contentUrl\":\"https:\/\/tranthi.vn\/hatinh\/wp-content\/uploads\/2023\/08\/Ke-Chen-Dia-Co-Dinh-2-Tang-da-nang.jpg\",\"width\":400,\"height\":350,\"caption\":\"K\u1ec7 Ch\u00e9n D\u0129a C\u1ed1 \u0110\u1ecbnh 2 T\u1ea7ng \u0111\u00e0 n\u1eb5ng\"},{\"@type\":\"BreadcrumbList\",\"@id\":\"https:\/\/tranthi.vn\/hatinh\/ke-chen-dia-co-dinh-2-tang-tdp\/#breadcrumb\",\"itemListElement\":[{\"@type\":\"ListItem\",\"position\":1,\"name\":\"Trang ch\u1ee7\",\"item\":\"https:\/\/tranthi.vn\/hatinh\/\"},{\"@type\":\"ListItem\",\"position\":2,\"name\":\"Shop\",\"item\":\"https:\/\/tranthi.vn\/hatinh\/shop\/\"},{\"@type\":\"ListItem\",\"position\":3,\"name\":\"K\u1ec7 Ch\u00e9n D\u0129a C\u1ed1 \u0110\u1ecbnh 2 T\u1ea7ng-T\u0110P\"}]},{\"@type\":\"WebSite\",\"@id\":\"https:\/\/tranthi.vn\/hatinh\/#website\",\"url\":\"https:\/\/tranthi.vn\/hatinh\/\",\"name\":\"V\u1eadt Li\u1ec7u X\u00e2y D\u1ef1ng Tr\u1ea7n Th\u1ecb Chi Nh\u00e1nh H\u00e0 T\u0129nh\",\"description\":\"V\u1eadt Li\u1ec7u X\u00e2y D\u1ef1ng - H\u00e0 T\u0129nh\",\"potentialAction\":[{\"@type\":\"SearchAction\",\"target\":{\"@type\":\"EntryPoint\",\"urlTemplate\":\"https:\/\/tranthi.vn\/hatinh\/?s={search_term_string}\"},\"query-input\":\"required name=search_term_string\"}],\"inLanguage\":\"vi\"},{\"@type\":\"ImageObject\",\"inLanguage\":\"vi\",\"@id\":\"https:\/\/tranthi.vn\/hatinh\/ke-chen-dia-co-dinh-2-tang-tdp\/#local-main-organization-logo\",\"url\":\"\",\"contentUrl\":\"\",\"caption\":\"V\u1eadt Li\u1ec7u X\u00e2y D\u1ef1ng Tr\u1ea7n Th\u1ecb Chi Nh\u00e1nh H\u00e0 T\u0129nh\"}]}<\/script>\n<meta property=\"product:price:amount\" content=\"916000\" \/>\n<meta property=\"product:price:currency\" content=\"VND\" \/>\n<meta property=\"og:availability\" content=\"instock\" \/>\n<meta property=\"product:availability\" content=\"instock\" \/>\n<meta property=\"product:condition\" content=\"new\" \/>\n<!-- \/ Yoast SEO Premium plugin. -->","yoast_head_json":{"title":"K\u1ec7 Ch\u00e9n D\u0129a C\u1ed1 \u0110\u1ecbnh 2 T\u1ea7ng-T\u0110P - V\u1eadt Li\u1ec7u X\u00e2y D\u1ef1ng Tr\u1ea7n Th\u1ecb Chi Nh\u00e1nh H\u00e0 T\u0129nh","robots":{"index":"index","follow":"follow","max-snippet":"max-snippet:-1","max-image-preview":"max-image-preview:large","max-video-preview":"max-video-preview:-1"},"canonical":"https:\/\/tranthi.vn\/hatinh\/ke-chen-dia-co-dinh-2-tang-tdp\/","og_locale":"vi_VN","og_type":"article","og_title":"K\u1ec7 Ch\u00e9n D\u0129a C\u1ed1 \u0110\u1ecbnh 2 T\u1ea7ng-T\u0110P","og_description":"\ud83d\ude1b K\u1ec7 ch\u00e9n d\u0129a c\u1ed1 \u0111\u1ecbnh 2 t\u1ea7ng t\u1ea7ng inox 304 x\u1eed l\u00fd b\u1ec1 m\u1eb7t b\u1eb1ng c\u00f4ng ngh\u1ec7 \u0111i\u1ec7n h\u00f3a.  K\u00edch th\u01b0\u1edbc: r\u1ed9ng x s\u00e2u x cao  K\u00cdCH TH\u01af\u1edaC K\u0128 THU\u1eacT - L\u1eccT L\u00d2NG:  + D280*W665*H65_gi\u00e1: 916.000 _(KT t\u1ee7 - ph\u1ee7 b\u00ec : 700)  + D280*W765*H65: gi\u00e1: 998.000_(KT t\u1ee7 - ph\u1ee7 b\u00ec : 800)  + D280*W865*H65: gi\u00e1: 1.041.000_(KT t\u1ee7 - ph\u1ee7 b\u00ec : 900)  + D280*W965*H65: gi\u00e1: 1.108.000_(KT t\u1ee7 - ph\u1ee7 b\u00ec : 1000)  + C\u00e1c N\u1ed9i Dung S\u1ea3n Ph\u1ea9m \u0110\u01b0\u1ee3c B\u1ea3o H\u00e0nh:   Gi\u1ecf b\u1ea3o h\u00e0nh r\u1ec9 24 th\u00e1ng  \u00a0H\u1ec7 th\u1ed1ng khung, ray b\u1ea3o h\u00e0nh 24 th\u00e1ng  + C\u00e1c Tr\u01b0\u1eddng H\u1ee3p S\u1ea3n Ph\u1ea9m Kh\u00f4ng \u0110\u01b0\u1ee3c B\u1ea3o H\u00e0nh:   S\u1ea3n ph\u1ea9m s\u1eed d\u1ee5ng trong m\u00f4i tr\u01b0\u1eddng \u1ea9m \u01b0\u1edbt  S\u1ea3n ph\u1ea9m s\u1eed d\u1ee5ng trong m\u00f4i tr\u01b0\u1eddng c\u00f3 axit, \u0111\u1ed9 m\u1eb7n cao  S\u1ea3n ph\u1ea9m b\u1ecb d\u1eabm \u0111\u1ea1p, l\u00e0m bi\u1ebfn d\u1ea1ng do t\u00e1c \u0111\u1ed9ng b\u00ean ngo\u00e0i  \ud83d\ude1b S\u1eed d\u1ee5ng chung s\u1ea3n ph\u1ea9m v\u1edbi l\u1eafp \u0111\u1eb7t t\u1ee7 b\u1ebfp s\u1ebd nh\u1eadn \u0111\u01b0\u1ee3c gi\u00e1 \u01b0u \u0111\u00e3i  V\u1eadn chuy\u1ec3n trong n\u1ed9i th\u00e0nh \u0110\u00e0 N\u1eb5ng.","og_url":"https:\/\/tranthi.vn\/hatinh\/ke-chen-dia-co-dinh-2-tang-tdp\/","og_site_name":"V\u1eadt Li\u1ec7u X\u00e2y D\u1ef1ng Tr\u1ea7n Th\u1ecb Chi Nh\u00e1nh H\u00e0 T\u0129nh","article_modified_time":"2024-03-18T08:48:15+00:00","og_image":[{"width":400,"height":350,"url":"https:\/\/tranthi.vn\/hatinh\/wp-content\/uploads\/2023\/08\/Ke-Chen-Dia-Co-Dinh-2-Tang-da-nang.jpg","type":"image\/jpeg"}],"twitter_card":"summary_large_image","twitter_misc":{"Gi\u00e1":"916,000&nbsp;&#8363;","Kh\u1ea3 d\u1ee5ng":"Trong kho"},"schema":{"@context":"https:\/\/schema.org","@graph":[{"@type":["WebPage","ItemPage"],"@id":"https:\/\/tranthi.vn\/hatinh\/ke-chen-dia-co-dinh-2-tang-tdp\/","url":"https:\/\/tranthi.vn\/hatinh\/ke-chen-dia-co-dinh-2-tang-tdp\/","name":"K\u1ec7 Ch\u00e9n D\u0129a C\u1ed1 \u0110\u1ecbnh 2 T\u1ea7ng-T\u0110P - V\u1eadt Li\u1ec7u X\u00e2y D\u1ef1ng Tr\u1ea7n Th\u1ecb Chi Nh\u00e1nh H\u00e0 T\u0129nh","isPartOf":{"@id":"https:\/\/tranthi.vn\/hatinh\/#website"},"primaryImageOfPage":{"@id":"https:\/\/tranthi.vn\/hatinh\/ke-chen-dia-co-dinh-2-tang-tdp\/#primaryimage"},"image":{"@id":"https:\/\/tranthi.vn\/hatinh\/ke-chen-dia-co-dinh-2-tang-tdp\/#primaryimage"},"thumbnailUrl":"https:\/\/tranthi.vn\/hatinh\/wp-content\/uploads\/2023\/08\/Ke-Chen-Dia-Co-Dinh-2-Tang-da-nang.jpg","datePublished":"2023-08-03T02:21:10+00:00","dateModified":"2024-03-18T08:48:15+00:00","breadcrumb":{"@id":"https:\/\/tranthi.vn\/hatinh\/ke-chen-dia-co-dinh-2-tang-tdp\/#breadcrumb"},"inLanguage":"vi","potentialAction":[{"@type":"ReadAction","target":["https:\/\/tranthi.vn\/hatinh\/ke-chen-dia-co-dinh-2-tang-tdp\/"]}]},{"@type":"ImageObject","inLanguage":"vi","@id":"https:\/\/tranthi.vn\/hatinh\/ke-chen-dia-co-dinh-2-tang-tdp\/#primaryimage","url":"https:\/\/tranthi.vn\/hatinh\/wp-content\/uploads\/2023\/08\/Ke-Chen-Dia-Co-Dinh-2-Tang-da-nang.jpg","contentUrl":"https:\/\/tranthi.vn\/hatinh\/wp-content\/uploads\/2023\/08\/Ke-Chen-Dia-Co-Dinh-2-Tang-da-nang.jpg","width":400,"height":350,"caption":"K\u1ec7 Ch\u00e9n D\u0129a C\u1ed1 \u0110\u1ecbnh 2 T\u1ea7ng \u0111\u00e0 n\u1eb5ng"},{"@type":"BreadcrumbList","@id":"https:\/\/tranthi.vn\/hatinh\/ke-chen-dia-co-dinh-2-tang-tdp\/#breadcrumb","itemListElement":[{"@type":"ListItem","position":1,"name":"Trang ch\u1ee7","item":"https:\/\/tranthi.vn\/hatinh\/"},{"@type":"ListItem","position":2,"name":"Shop","item":"https:\/\/tranthi.vn\/hatinh\/shop\/"},{"@type":"ListItem","position":3,"name":"K\u1ec7 Ch\u00e9n D\u0129a C\u1ed1 \u0110\u1ecbnh 2 T\u1ea7ng-T\u0110P"}]},{"@type":"WebSite","@id":"https:\/\/tranthi.vn\/hatinh\/#website","url":"https:\/\/tranthi.vn\/hatinh\/","name":"V\u1eadt Li\u1ec7u X\u00e2y D\u1ef1ng Tr\u1ea7n Th\u1ecb Chi Nh\u00e1nh H\u00e0 T\u0129nh","description":"V\u1eadt Li\u1ec7u X\u00e2y D\u1ef1ng - H\u00e0 T\u0129nh","potentialAction":[{"@type":"SearchAction","target":{"@type":"EntryPoint","urlTemplate":"https:\/\/tranthi.vn\/hatinh\/?s={search_term_string}"},"query-input":"required name=search_term_string"}],"inLanguage":"vi"},{"@type":"ImageObject","inLanguage":"vi","@id":"https:\/\/tranthi.vn\/hatinh\/ke-chen-dia-co-dinh-2-tang-tdp\/#local-main-organization-logo","url":"","contentUrl":"","caption":"V\u1eadt Li\u1ec7u X\u00e2y D\u1ef1ng Tr\u1ea7n Th\u1ecb Chi Nh\u00e1nh H\u00e0 T\u0129nh"}]},"product_price_amount":"916000","product_price_currency":"VND","og_availability":"instock","product_availability":"instock","product_condition":"new"},"_links":{"self":[{"href":"https:\/\/tranthi.vn\/hatinh\/wp-json\/wp\/v2\/product\/5475","targetHints":{"allow":["GET"]}}],"collection":[{"href":"https:\/\/tranthi.vn\/hatinh\/wp-json\/wp\/v2\/product"}],"about":[{"href":"https:\/\/tranthi.vn\/hatinh\/wp-json\/wp\/v2\/types\/product"}],"replies":[{"embeddable":true,"href":"https:\/\/tranthi.vn\/hatinh\/wp-json\/wp\/v2\/comments?post=5475"}],"wp:featuredmedia":[{"embeddable":true,"href":"https:\/\/tranthi.vn\/hatinh\/wp-json\/wp\/v2\/media\/5476"}],"wp:attachment":[{"href":"https:\/\/tranthi.vn\/hatinh\/wp-json\/wp\/v2\/media?parent=5475"}],"wp:term":[{"taxonomy":"product_cat","embeddable":true,"href":"https:\/\/tranthi.vn\/hatinh\/wp-json\/wp\/v2\/product_cat?post=5475"},{"taxonomy":"product_tag","embeddable":true,"href":"https:\/\/tranthi.vn\/hatinh\/wp-json\/wp\/v2\/product_tag?post=5475"}],"curies":[{"name":"wp","href":"https:\/\/api.w.org\/{rel}","templated":true}]}}