{"id":5447,"date":"2023-08-02T11:26:05","date_gmt":"2023-08-02T04:26:05","guid":{"rendered":"https:\/\/tranthi.vn\/quangnam\/?post_type=product&#038;p=5447"},"modified":"2024-04-09T09:18:28","modified_gmt":"2024-04-09T02:18:28","slug":"rs-ct06-tdp","status":"publish","type":"product","link":"https:\/\/tranthi.vn\/hatinh\/rs-ct06-tdp\/","title":{"rendered":"B\u1ec7 ti\u1ec3u nam RS-CT06 T\u0110P"},"content":{"rendered":"","protected":false},"excerpt":{"rendered":"<p><span style=\"font-family: 'times new roman', times, serif; font-size: 130%;\">\ud83e\udd70B\u1ec7 ti\u1ec3u nam RS-CT06<\/span><\/p>\n<p><span style=\"font-family: 'times new roman', times, serif; font-size: 130%;\">\ud83e\udd70\u0110\u01a1n gi\u00e1\u00a0\u00a0<span style=\"color: #d83131;\"><strong>1.698.000\u0111\/c\u00e1i\u00a0<\/strong><\/span><\/span><\/p>\n<p><span style=\"font-family: 'times new roman', times, serif; font-size: 130%;\">\ud83e\udd70K\u00edch th\u01b0\u1edbc: 360x470x1000 mm<\/span><\/p>\n<p><span style=\"font-family: 'times new roman', times, serif; font-size: 130%;\">\ud83e\udd70Ch\u1ebf \u0111\u1ed9: X\u1ea3 c\u1ea3m \u1ee9ng, s\u1eed d\u1ee5ng pin<\/span><\/p>\n<p><span style=\"font-family: 'times new roman', times, serif; font-size: 130%;\">\ud83e\udd70C\u00f4ng ngh\u1ec7 men nano cao c\u1ea5p<\/span><\/p>\n<p><span style=\"font-family: 'times new roman', times, serif; font-size: 130%; color: #0000ff;\"><em>Giao h\u00e0ng trong \u0111\u1ecba b\u00e0n<strong>\u00a0<a style=\"color: #0000ff;\" href=\"https:\/\/fr.wikipedia.org\/wiki\/Da_Nang\">\u0110\u00e0 N\u1eb5ng<\/a><\/strong><\/em><\/span><\/p>\n","protected":false},"featured_media":5451,"comment_status":"closed","ping_status":"closed","template":"","meta":[],"product_cat":[333,179],"product_tag":[],"class_list":{"0":"post-5447","1":"product","2":"type-product","3":"status-publish","4":"has-post-thumbnail","6":"product_cat-be-tieu-nam","7":"product_cat-thiet-bi-ve-sinh-da-nang","9":"first","10":"instock","11":"sale","12":"shipping-taxable","13":"purchasable","14":"product-type-simple"},"yoast_head":"<!-- This site is optimized with the Yoast SEO Premium plugin v22.3 (Yoast SEO v22.8) - https:\/\/yoast.com\/wordpress\/plugins\/seo\/ -->\n<title>B\u1ec7 ti\u1ec3u nam RS-CT06 T\u0110P - V\u1eadt Li\u1ec7u X\u00e2y D\u1ef1ng Tr\u1ea7n Th\u1ecb Chi Nh\u00e1nh H\u00e0 T\u0129nh<\/title>\n<meta name=\"robots\" content=\"index, follow, max-snippet:-1, max-image-preview:large, max-video-preview:-1\" \/>\n<link rel=\"canonical\" href=\"https:\/\/tranthi.vn\/hatinh\/rs-ct06-tdp\/\" \/>\n<meta property=\"og:locale\" content=\"vi_VN\" \/>\n<meta property=\"og:type\" content=\"article\" \/>\n<meta property=\"og:title\" content=\"B\u1ec7 ti\u1ec3u nam RS-CT06 T\u0110P\" \/>\n<meta property=\"og:description\" content=\"\ud83e\udd70B\u1ec7 ti\u1ec3u nam RS-CT06  \ud83e\udd70\u0110\u01a1n gi\u00e1\u00a0\u00a01.698.000\u0111\/c\u00e1i\u00a0  \ud83e\udd70K\u00edch th\u01b0\u1edbc: 360x470x1000 mm  \ud83e\udd70Ch\u1ebf \u0111\u1ed9: X\u1ea3 c\u1ea3m \u1ee9ng, s\u1eed d\u1ee5ng pin  \ud83e\udd70C\u00f4ng ngh\u1ec7 men nano cao c\u1ea5p  Giao h\u00e0ng trong \u0111\u1ecba b\u00e0n\u00a0\u0110\u00e0 N\u1eb5ng\" \/>\n<meta property=\"og:url\" content=\"https:\/\/tranthi.vn\/hatinh\/rs-ct06-tdp\/\" \/>\n<meta property=\"og:site_name\" content=\"V\u1eadt Li\u1ec7u X\u00e2y D\u1ef1ng Tr\u1ea7n Th\u1ecb Chi Nh\u00e1nh H\u00e0 T\u0129nh\" \/>\n<meta property=\"article:modified_time\" content=\"2024-04-09T02:18:28+00:00\" \/>\n<meta property=\"og:image\" content=\"https:\/\/tranthi.vn\/hatinh\/wp-content\/uploads\/2023\/08\/mau-be-tieu-nam-tai-da-nang-ct06-1.jpg\" \/>\n\t<meta property=\"og:image:width\" content=\"402\" \/>\n\t<meta property=\"og:image:height\" content=\"331\" \/>\n\t<meta property=\"og:image:type\" content=\"image\/jpeg\" \/>\n<meta name=\"twitter:card\" content=\"summary_large_image\" \/>\n<meta name=\"twitter:label1\" content=\"Gi\u00e1\" \/>\n\t<meta name=\"twitter:data1\" content=\"1,698,000&nbsp;&#8363;\" \/>\n\t<meta name=\"twitter:label2\" content=\"Kh\u1ea3 d\u1ee5ng\" \/>\n\t<meta name=\"twitter:data2\" content=\"Trong kho\" \/>\n<script type=\"application\/ld+json\" class=\"yoast-schema-graph\">{\"@context\":\"https:\/\/schema.org\",\"@graph\":[{\"@type\":[\"WebPage\",\"ItemPage\"],\"@id\":\"https:\/\/tranthi.vn\/hatinh\/rs-ct06-tdp\/\",\"url\":\"https:\/\/tranthi.vn\/hatinh\/rs-ct06-tdp\/\",\"name\":\"B\u1ec7 ti\u1ec3u nam RS-CT06 T\u0110P - V\u1eadt Li\u1ec7u X\u00e2y D\u1ef1ng Tr\u1ea7n Th\u1ecb Chi Nh\u00e1nh H\u00e0 T\u0129nh\",\"isPartOf\":{\"@id\":\"https:\/\/tranthi.vn\/hatinh\/#website\"},\"primaryImageOfPage\":{\"@id\":\"https:\/\/tranthi.vn\/hatinh\/rs-ct06-tdp\/#primaryimage\"},\"image\":{\"@id\":\"https:\/\/tranthi.vn\/hatinh\/rs-ct06-tdp\/#primaryimage\"},\"thumbnailUrl\":\"https:\/\/tranthi.vn\/hatinh\/wp-content\/uploads\/2023\/08\/mau-be-tieu-nam-tai-da-nang-ct06-1.jpg\",\"datePublished\":\"2023-08-02T04:26:05+00:00\",\"dateModified\":\"2024-04-09T02:18:28+00:00\",\"breadcrumb\":{\"@id\":\"https:\/\/tranthi.vn\/hatinh\/rs-ct06-tdp\/#breadcrumb\"},\"inLanguage\":\"vi\",\"potentialAction\":[{\"@type\":\"ReadAction\",\"target\":[\"https:\/\/tranthi.vn\/hatinh\/rs-ct06-tdp\/\"]}]},{\"@type\":\"ImageObject\",\"inLanguage\":\"vi\",\"@id\":\"https:\/\/tranthi.vn\/hatinh\/rs-ct06-tdp\/#primaryimage\",\"url\":\"https:\/\/tranthi.vn\/hatinh\/wp-content\/uploads\/2023\/08\/mau-be-tieu-nam-tai-da-nang-ct06-1.jpg\",\"contentUrl\":\"https:\/\/tranthi.vn\/hatinh\/wp-content\/uploads\/2023\/08\/mau-be-tieu-nam-tai-da-nang-ct06-1.jpg\",\"width\":402,\"height\":331,\"caption\":\"mau-be-tieu-nam-tai-da-nang-ct06-1.jpg\"},{\"@type\":\"BreadcrumbList\",\"@id\":\"https:\/\/tranthi.vn\/hatinh\/rs-ct06-tdp\/#breadcrumb\",\"itemListElement\":[{\"@type\":\"ListItem\",\"position\":1,\"name\":\"Trang ch\u1ee7\",\"item\":\"https:\/\/tranthi.vn\/hatinh\/\"},{\"@type\":\"ListItem\",\"position\":2,\"name\":\"Shop\",\"item\":\"https:\/\/tranthi.vn\/hatinh\/shop\/\"},{\"@type\":\"ListItem\",\"position\":3,\"name\":\"B\u1ec7 ti\u1ec3u nam RS-CT06 T\u0110P\"}]},{\"@type\":\"WebSite\",\"@id\":\"https:\/\/tranthi.vn\/hatinh\/#website\",\"url\":\"https:\/\/tranthi.vn\/hatinh\/\",\"name\":\"V\u1eadt Li\u1ec7u X\u00e2y D\u1ef1ng Tr\u1ea7n Th\u1ecb Chi Nh\u00e1nh H\u00e0 T\u0129nh\",\"description\":\"V\u1eadt Li\u1ec7u X\u00e2y D\u1ef1ng - H\u00e0 T\u0129nh\",\"potentialAction\":[{\"@type\":\"SearchAction\",\"target\":{\"@type\":\"EntryPoint\",\"urlTemplate\":\"https:\/\/tranthi.vn\/hatinh\/?s={search_term_string}\"},\"query-input\":\"required name=search_term_string\"}],\"inLanguage\":\"vi\"},{\"@type\":\"ImageObject\",\"inLanguage\":\"vi\",\"@id\":\"https:\/\/tranthi.vn\/hatinh\/rs-ct06-tdp\/#local-main-organization-logo\",\"url\":\"\",\"contentUrl\":\"\",\"caption\":\"V\u1eadt Li\u1ec7u X\u00e2y D\u1ef1ng Tr\u1ea7n Th\u1ecb Chi Nh\u00e1nh H\u00e0 T\u0129nh\"}]}<\/script>\n<meta property=\"product:price:amount\" content=\"1698000\" \/>\n<meta property=\"product:price:currency\" content=\"VND\" \/>\n<meta property=\"og:availability\" content=\"instock\" \/>\n<meta property=\"product:availability\" content=\"instock\" \/>\n<meta property=\"product:condition\" content=\"new\" \/>\n<!-- \/ Yoast SEO Premium plugin. -->","yoast_head_json":{"title":"B\u1ec7 ti\u1ec3u nam RS-CT06 T\u0110P - V\u1eadt Li\u1ec7u X\u00e2y D\u1ef1ng Tr\u1ea7n Th\u1ecb Chi Nh\u00e1nh H\u00e0 T\u0129nh","robots":{"index":"index","follow":"follow","max-snippet":"max-snippet:-1","max-image-preview":"max-image-preview:large","max-video-preview":"max-video-preview:-1"},"canonical":"https:\/\/tranthi.vn\/hatinh\/rs-ct06-tdp\/","og_locale":"vi_VN","og_type":"article","og_title":"B\u1ec7 ti\u1ec3u nam RS-CT06 T\u0110P","og_description":"\ud83e\udd70B\u1ec7 ti\u1ec3u nam RS-CT06  \ud83e\udd70\u0110\u01a1n gi\u00e1\u00a0\u00a01.698.000\u0111\/c\u00e1i\u00a0  \ud83e\udd70K\u00edch th\u01b0\u1edbc: 360x470x1000 mm  \ud83e\udd70Ch\u1ebf \u0111\u1ed9: X\u1ea3 c\u1ea3m \u1ee9ng, s\u1eed d\u1ee5ng pin  \ud83e\udd70C\u00f4ng ngh\u1ec7 men nano cao c\u1ea5p  Giao h\u00e0ng trong \u0111\u1ecba b\u00e0n\u00a0\u0110\u00e0 N\u1eb5ng","og_url":"https:\/\/tranthi.vn\/hatinh\/rs-ct06-tdp\/","og_site_name":"V\u1eadt Li\u1ec7u X\u00e2y D\u1ef1ng Tr\u1ea7n Th\u1ecb Chi Nh\u00e1nh H\u00e0 T\u0129nh","article_modified_time":"2024-04-09T02:18:28+00:00","og_image":[{"width":402,"height":331,"url":"https:\/\/tranthi.vn\/hatinh\/wp-content\/uploads\/2023\/08\/mau-be-tieu-nam-tai-da-nang-ct06-1.jpg","type":"image\/jpeg"}],"twitter_card":"summary_large_image","twitter_misc":{"Gi\u00e1":"1,698,000&nbsp;&#8363;","Kh\u1ea3 d\u1ee5ng":"Trong kho"},"schema":{"@context":"https:\/\/schema.org","@graph":[{"@type":["WebPage","ItemPage"],"@id":"https:\/\/tranthi.vn\/hatinh\/rs-ct06-tdp\/","url":"https:\/\/tranthi.vn\/hatinh\/rs-ct06-tdp\/","name":"B\u1ec7 ti\u1ec3u nam RS-CT06 T\u0110P - V\u1eadt Li\u1ec7u X\u00e2y D\u1ef1ng Tr\u1ea7n Th\u1ecb Chi Nh\u00e1nh H\u00e0 T\u0129nh","isPartOf":{"@id":"https:\/\/tranthi.vn\/hatinh\/#website"},"primaryImageOfPage":{"@id":"https:\/\/tranthi.vn\/hatinh\/rs-ct06-tdp\/#primaryimage"},"image":{"@id":"https:\/\/tranthi.vn\/hatinh\/rs-ct06-tdp\/#primaryimage"},"thumbnailUrl":"https:\/\/tranthi.vn\/hatinh\/wp-content\/uploads\/2023\/08\/mau-be-tieu-nam-tai-da-nang-ct06-1.jpg","datePublished":"2023-08-02T04:26:05+00:00","dateModified":"2024-04-09T02:18:28+00:00","breadcrumb":{"@id":"https:\/\/tranthi.vn\/hatinh\/rs-ct06-tdp\/#breadcrumb"},"inLanguage":"vi","potentialAction":[{"@type":"ReadAction","target":["https:\/\/tranthi.vn\/hatinh\/rs-ct06-tdp\/"]}]},{"@type":"ImageObject","inLanguage":"vi","@id":"https:\/\/tranthi.vn\/hatinh\/rs-ct06-tdp\/#primaryimage","url":"https:\/\/tranthi.vn\/hatinh\/wp-content\/uploads\/2023\/08\/mau-be-tieu-nam-tai-da-nang-ct06-1.jpg","contentUrl":"https:\/\/tranthi.vn\/hatinh\/wp-content\/uploads\/2023\/08\/mau-be-tieu-nam-tai-da-nang-ct06-1.jpg","width":402,"height":331,"caption":"mau-be-tieu-nam-tai-da-nang-ct06-1.jpg"},{"@type":"BreadcrumbList","@id":"https:\/\/tranthi.vn\/hatinh\/rs-ct06-tdp\/#breadcrumb","itemListElement":[{"@type":"ListItem","position":1,"name":"Trang ch\u1ee7","item":"https:\/\/tranthi.vn\/hatinh\/"},{"@type":"ListItem","position":2,"name":"Shop","item":"https:\/\/tranthi.vn\/hatinh\/shop\/"},{"@type":"ListItem","position":3,"name":"B\u1ec7 ti\u1ec3u nam RS-CT06 T\u0110P"}]},{"@type":"WebSite","@id":"https:\/\/tranthi.vn\/hatinh\/#website","url":"https:\/\/tranthi.vn\/hatinh\/","name":"V\u1eadt Li\u1ec7u X\u00e2y D\u1ef1ng Tr\u1ea7n Th\u1ecb Chi Nh\u00e1nh H\u00e0 T\u0129nh","description":"V\u1eadt Li\u1ec7u X\u00e2y D\u1ef1ng - H\u00e0 T\u0129nh","potentialAction":[{"@type":"SearchAction","target":{"@type":"EntryPoint","urlTemplate":"https:\/\/tranthi.vn\/hatinh\/?s={search_term_string}"},"query-input":"required name=search_term_string"}],"inLanguage":"vi"},{"@type":"ImageObject","inLanguage":"vi","@id":"https:\/\/tranthi.vn\/hatinh\/rs-ct06-tdp\/#local-main-organization-logo","url":"","contentUrl":"","caption":"V\u1eadt Li\u1ec7u X\u00e2y D\u1ef1ng Tr\u1ea7n Th\u1ecb Chi Nh\u00e1nh H\u00e0 T\u0129nh"}]},"product_price_amount":"1698000","product_price_currency":"VND","og_availability":"instock","product_availability":"instock","product_condition":"new"},"_links":{"self":[{"href":"https:\/\/tranthi.vn\/hatinh\/wp-json\/wp\/v2\/product\/5447","targetHints":{"allow":["GET"]}}],"collection":[{"href":"https:\/\/tranthi.vn\/hatinh\/wp-json\/wp\/v2\/product"}],"about":[{"href":"https:\/\/tranthi.vn\/hatinh\/wp-json\/wp\/v2\/types\/product"}],"replies":[{"embeddable":true,"href":"https:\/\/tranthi.vn\/hatinh\/wp-json\/wp\/v2\/comments?post=5447"}],"wp:featuredmedia":[{"embeddable":true,"href":"https:\/\/tranthi.vn\/hatinh\/wp-json\/wp\/v2\/media\/5451"}],"wp:attachment":[{"href":"https:\/\/tranthi.vn\/hatinh\/wp-json\/wp\/v2\/media?parent=5447"}],"wp:term":[{"taxonomy":"product_cat","embeddable":true,"href":"https:\/\/tranthi.vn\/hatinh\/wp-json\/wp\/v2\/product_cat?post=5447"},{"taxonomy":"product_tag","embeddable":true,"href":"https:\/\/tranthi.vn\/hatinh\/wp-json\/wp\/v2\/product_tag?post=5447"}],"curies":[{"name":"wp","href":"https:\/\/api.w.org\/{rel}","templated":true}]}}