{"id":5339,"date":"2023-07-28T11:19:07","date_gmt":"2023-07-28T04:19:07","guid":{"rendered":"https:\/\/tranthi.vn\/quangnam\/?post_type=product&#038;p=5339"},"modified":"2024-03-12T11:34:32","modified_gmt":"2024-03-12T04:34:32","slug":"voi-rua-chen-nong-lanh-rut-day-tang-ap-nt","status":"publish","type":"product","link":"https:\/\/tranthi.vn\/hatinh\/voi-rua-chen-nong-lanh-rut-day-tang-ap-nt\/","title":{"rendered":"V\u00f2i R\u1eeda Ch\u00e9n N\u00f3ng L\u1ea1nh R\u00fat D\u00e2y T\u0103ng \u00c1p-NT"},"content":{"rendered":"","protected":false},"excerpt":{"rendered":"<p><span style=\"font-family: 'times new roman', times, serif;\"><img decoding=\"async\" class=\"emoji\" draggable=\"false\" src=\"https:\/\/s.w.org\/images\/core\/emoji\/12.0.0-1\/svg\/1f61b.svg\" alt=\"\ud83d\ude1b\" \/><span style=\"font-size: 130%;\">\u00a0\u0110\u01a1n v\u1ecb t\u00ednh: C\u00e1i<\/span><\/span><\/p>\n<p><span style=\"font-family: 'times new roman', times, serif; font-size: 130%;\"><img decoding=\"async\" class=\"emoji\" draggable=\"false\" src=\"https:\/\/s.w.org\/images\/core\/emoji\/12.0.0-1\/svg\/1f61b.svg\" alt=\"\ud83d\ude1b\" \/> \u0110\u01a1n gi\u00e1:<span style=\"color: #ed1c24;\"><strong> 700.000\u00a0\u0111\/C\u00e1i\u00a0<em>\u00a0<\/em><\/strong><\/span><\/span><\/p>\n<p><span style=\"font-family: 'times new roman', times, serif; font-size: 130%;\"><img decoding=\"async\" class=\"emoji\" draggable=\"false\" src=\"https:\/\/s.w.org\/images\/core\/emoji\/12.0.0-1\/svg\/1f61b.svg\" alt=\"\ud83d\ude1b\" \/>Ch\u01b0a bao g\u1ed3m d\u00e2y c\u1ea5p ( 40.000\u0111 )<\/span><\/p>\n<p><span style=\"font-family: 'times new roman', times, serif; font-size: 130%;\"><em><img decoding=\"async\" class=\"emoji\" draggable=\"false\" src=\"https:\/\/s.w.org\/images\/core\/emoji\/12.0.0-1\/svg\/1f61b.svg\" alt=\"\ud83d\ude1b\" \/>\u00a0Giao h\u00e0ng trong \u0111\u1ecba b\u00e0n\u00a0<a href=\"https:\/\/fr.wikipedia.org\/wiki\/Da_Nang\"><strong>\u0110\u00e0 N\u1eb5ng<\/strong><\/a><\/em><\/span><\/p>\n","protected":false},"featured_media":5340,"comment_status":"closed","ping_status":"closed","template":"","meta":[],"product_cat":[266,417,376],"product_tag":[],"class_list":{"0":"post-5339","1":"product","2":"type-product","3":"status-publish","4":"has-post-thumbnail","6":"product_cat-thiet-bi-nha-bep","7":"product_cat-voi-rua-chen-da-nang","8":"product_cat-thiet-bi-ve-sinh-sen-voi-sen-voi-nong-lanh-voi-rua-chen-nong-lanh","10":"first","11":"instock","12":"sale","13":"shipping-taxable","14":"purchasable","15":"product-type-simple"},"yoast_head":"<!-- This site is optimized with the Yoast SEO Premium plugin v22.3 (Yoast SEO v22.8) - https:\/\/yoast.com\/wordpress\/plugins\/seo\/ -->\n<title>V\u00f2i R\u1eeda Ch\u00e9n N\u00f3ng L\u1ea1nh R\u00fat D\u00e2y T\u0103ng \u00c1p-NT - V\u1eadt Li\u1ec7u X\u00e2y D\u1ef1ng Tr\u1ea7n Th\u1ecb Chi Nh\u00e1nh H\u00e0 T\u0129nh<\/title>\n<meta name=\"robots\" content=\"index, follow, max-snippet:-1, max-image-preview:large, max-video-preview:-1\" \/>\n<link rel=\"canonical\" href=\"https:\/\/tranthi.vn\/hatinh\/voi-rua-chen-nong-lanh-rut-day-tang-ap-nt\/\" \/>\n<meta property=\"og:locale\" content=\"vi_VN\" \/>\n<meta property=\"og:type\" content=\"article\" \/>\n<meta property=\"og:title\" content=\"V\u00f2i R\u1eeda Ch\u00e9n N\u00f3ng L\u1ea1nh R\u00fat D\u00e2y T\u0103ng \u00c1p-NT\" \/>\n<meta property=\"og:description\" content=\"\u00a0\u0110\u01a1n v\u1ecb t\u00ednh: C\u00e1i   \u0110\u01a1n gi\u00e1: 700.000\u00a0\u0111\/C\u00e1i\u00a0\u00a0  Ch\u01b0a bao g\u1ed3m d\u00e2y c\u1ea5p ( 40.000\u0111 )  \u00a0Giao h\u00e0ng trong \u0111\u1ecba b\u00e0n\u00a0\u0110\u00e0 N\u1eb5ng\" \/>\n<meta property=\"og:url\" content=\"https:\/\/tranthi.vn\/hatinh\/voi-rua-chen-nong-lanh-rut-day-tang-ap-nt\/\" \/>\n<meta property=\"og:site_name\" content=\"V\u1eadt Li\u1ec7u X\u00e2y D\u1ef1ng Tr\u1ea7n Th\u1ecb Chi Nh\u00e1nh H\u00e0 T\u0129nh\" \/>\n<meta property=\"article:modified_time\" content=\"2024-03-12T04:34:32+00:00\" \/>\n<meta property=\"og:image\" content=\"https:\/\/tranthi.vn\/hatinh\/wp-content\/uploads\/2023\/07\/Voi-chen-N-L-rut-tang-ap-DA-NANG.jpg\" \/>\n\t<meta property=\"og:image:width\" content=\"400\" \/>\n\t<meta property=\"og:image:height\" content=\"350\" \/>\n\t<meta property=\"og:image:type\" content=\"image\/jpeg\" \/>\n<meta name=\"twitter:card\" content=\"summary_large_image\" \/>\n<meta name=\"twitter:label1\" content=\"Gi\u00e1\" \/>\n\t<meta name=\"twitter:data1\" content=\"700,000&nbsp;&#8363;\" \/>\n\t<meta name=\"twitter:label2\" content=\"Kh\u1ea3 d\u1ee5ng\" \/>\n\t<meta name=\"twitter:data2\" content=\"Trong kho\" \/>\n<script type=\"application\/ld+json\" class=\"yoast-schema-graph\">{\"@context\":\"https:\/\/schema.org\",\"@graph\":[{\"@type\":[\"WebPage\",\"ItemPage\"],\"@id\":\"https:\/\/tranthi.vn\/hatinh\/voi-rua-chen-nong-lanh-rut-day-tang-ap-nt\/\",\"url\":\"https:\/\/tranthi.vn\/hatinh\/voi-rua-chen-nong-lanh-rut-day-tang-ap-nt\/\",\"name\":\"V\u00f2i R\u1eeda Ch\u00e9n N\u00f3ng L\u1ea1nh R\u00fat D\u00e2y T\u0103ng \u00c1p-NT - V\u1eadt Li\u1ec7u X\u00e2y D\u1ef1ng Tr\u1ea7n Th\u1ecb Chi Nh\u00e1nh H\u00e0 T\u0129nh\",\"isPartOf\":{\"@id\":\"https:\/\/tranthi.vn\/hatinh\/#website\"},\"primaryImageOfPage\":{\"@id\":\"https:\/\/tranthi.vn\/hatinh\/voi-rua-chen-nong-lanh-rut-day-tang-ap-nt\/#primaryimage\"},\"image\":{\"@id\":\"https:\/\/tranthi.vn\/hatinh\/voi-rua-chen-nong-lanh-rut-day-tang-ap-nt\/#primaryimage\"},\"thumbnailUrl\":\"https:\/\/tranthi.vn\/hatinh\/wp-content\/uploads\/2023\/07\/Voi-chen-N-L-rut-tang-ap-DA-NANG.jpg\",\"datePublished\":\"2023-07-28T04:19:07+00:00\",\"dateModified\":\"2024-03-12T04:34:32+00:00\",\"breadcrumb\":{\"@id\":\"https:\/\/tranthi.vn\/hatinh\/voi-rua-chen-nong-lanh-rut-day-tang-ap-nt\/#breadcrumb\"},\"inLanguage\":\"vi\",\"potentialAction\":[{\"@type\":\"ReadAction\",\"target\":[\"https:\/\/tranthi.vn\/hatinh\/voi-rua-chen-nong-lanh-rut-day-tang-ap-nt\/\"]}]},{\"@type\":\"ImageObject\",\"inLanguage\":\"vi\",\"@id\":\"https:\/\/tranthi.vn\/hatinh\/voi-rua-chen-nong-lanh-rut-day-tang-ap-nt\/#primaryimage\",\"url\":\"https:\/\/tranthi.vn\/hatinh\/wp-content\/uploads\/2023\/07\/Voi-chen-N-L-rut-tang-ap-DA-NANG.jpg\",\"contentUrl\":\"https:\/\/tranthi.vn\/hatinh\/wp-content\/uploads\/2023\/07\/Voi-chen-N-L-rut-tang-ap-DA-NANG.jpg\",\"width\":400,\"height\":350,\"caption\":\"V\u00f2i ch\u00e9n N-L r\u00fat t\u0103ng \u00e1p \u0110\u00c0 N\u1eb4NG\"},{\"@type\":\"BreadcrumbList\",\"@id\":\"https:\/\/tranthi.vn\/hatinh\/voi-rua-chen-nong-lanh-rut-day-tang-ap-nt\/#breadcrumb\",\"itemListElement\":[{\"@type\":\"ListItem\",\"position\":1,\"name\":\"Trang ch\u1ee7\",\"item\":\"https:\/\/tranthi.vn\/hatinh\/\"},{\"@type\":\"ListItem\",\"position\":2,\"name\":\"Shop\",\"item\":\"https:\/\/tranthi.vn\/hatinh\/shop\/\"},{\"@type\":\"ListItem\",\"position\":3,\"name\":\"V\u00f2i R\u1eeda Ch\u00e9n N\u00f3ng L\u1ea1nh R\u00fat D\u00e2y T\u0103ng \u00c1p-NT\"}]},{\"@type\":\"WebSite\",\"@id\":\"https:\/\/tranthi.vn\/hatinh\/#website\",\"url\":\"https:\/\/tranthi.vn\/hatinh\/\",\"name\":\"V\u1eadt Li\u1ec7u X\u00e2y D\u1ef1ng Tr\u1ea7n Th\u1ecb Chi Nh\u00e1nh H\u00e0 T\u0129nh\",\"description\":\"V\u1eadt Li\u1ec7u X\u00e2y D\u1ef1ng - H\u00e0 T\u0129nh\",\"potentialAction\":[{\"@type\":\"SearchAction\",\"target\":{\"@type\":\"EntryPoint\",\"urlTemplate\":\"https:\/\/tranthi.vn\/hatinh\/?s={search_term_string}\"},\"query-input\":\"required name=search_term_string\"}],\"inLanguage\":\"vi\"},{\"@type\":\"ImageObject\",\"inLanguage\":\"vi\",\"@id\":\"https:\/\/tranthi.vn\/hatinh\/voi-rua-chen-nong-lanh-rut-day-tang-ap-nt\/#local-main-organization-logo\",\"url\":\"\",\"contentUrl\":\"\",\"caption\":\"V\u1eadt Li\u1ec7u X\u00e2y D\u1ef1ng Tr\u1ea7n Th\u1ecb Chi Nh\u00e1nh H\u00e0 T\u0129nh\"}]}<\/script>\n<meta property=\"product:price:amount\" content=\"700000\" \/>\n<meta property=\"product:price:currency\" content=\"VND\" \/>\n<meta property=\"og:availability\" content=\"instock\" \/>\n<meta property=\"product:availability\" content=\"instock\" \/>\n<meta property=\"product:condition\" content=\"new\" \/>\n<!-- \/ Yoast SEO Premium plugin. -->","yoast_head_json":{"title":"V\u00f2i R\u1eeda Ch\u00e9n N\u00f3ng L\u1ea1nh R\u00fat D\u00e2y T\u0103ng \u00c1p-NT - V\u1eadt Li\u1ec7u X\u00e2y D\u1ef1ng Tr\u1ea7n Th\u1ecb Chi Nh\u00e1nh H\u00e0 T\u0129nh","robots":{"index":"index","follow":"follow","max-snippet":"max-snippet:-1","max-image-preview":"max-image-preview:large","max-video-preview":"max-video-preview:-1"},"canonical":"https:\/\/tranthi.vn\/hatinh\/voi-rua-chen-nong-lanh-rut-day-tang-ap-nt\/","og_locale":"vi_VN","og_type":"article","og_title":"V\u00f2i R\u1eeda Ch\u00e9n N\u00f3ng L\u1ea1nh R\u00fat D\u00e2y T\u0103ng \u00c1p-NT","og_description":"\u00a0\u0110\u01a1n v\u1ecb t\u00ednh: C\u00e1i   \u0110\u01a1n gi\u00e1: 700.000\u00a0\u0111\/C\u00e1i\u00a0\u00a0  Ch\u01b0a bao g\u1ed3m d\u00e2y c\u1ea5p ( 40.000\u0111 )  \u00a0Giao h\u00e0ng trong \u0111\u1ecba b\u00e0n\u00a0\u0110\u00e0 N\u1eb5ng","og_url":"https:\/\/tranthi.vn\/hatinh\/voi-rua-chen-nong-lanh-rut-day-tang-ap-nt\/","og_site_name":"V\u1eadt Li\u1ec7u X\u00e2y D\u1ef1ng Tr\u1ea7n Th\u1ecb Chi Nh\u00e1nh H\u00e0 T\u0129nh","article_modified_time":"2024-03-12T04:34:32+00:00","og_image":[{"width":400,"height":350,"url":"https:\/\/tranthi.vn\/hatinh\/wp-content\/uploads\/2023\/07\/Voi-chen-N-L-rut-tang-ap-DA-NANG.jpg","type":"image\/jpeg"}],"twitter_card":"summary_large_image","twitter_misc":{"Gi\u00e1":"700,000&nbsp;&#8363;","Kh\u1ea3 d\u1ee5ng":"Trong kho"},"schema":{"@context":"https:\/\/schema.org","@graph":[{"@type":["WebPage","ItemPage"],"@id":"https:\/\/tranthi.vn\/hatinh\/voi-rua-chen-nong-lanh-rut-day-tang-ap-nt\/","url":"https:\/\/tranthi.vn\/hatinh\/voi-rua-chen-nong-lanh-rut-day-tang-ap-nt\/","name":"V\u00f2i R\u1eeda Ch\u00e9n N\u00f3ng L\u1ea1nh R\u00fat D\u00e2y T\u0103ng \u00c1p-NT - V\u1eadt Li\u1ec7u X\u00e2y D\u1ef1ng Tr\u1ea7n Th\u1ecb Chi Nh\u00e1nh H\u00e0 T\u0129nh","isPartOf":{"@id":"https:\/\/tranthi.vn\/hatinh\/#website"},"primaryImageOfPage":{"@id":"https:\/\/tranthi.vn\/hatinh\/voi-rua-chen-nong-lanh-rut-day-tang-ap-nt\/#primaryimage"},"image":{"@id":"https:\/\/tranthi.vn\/hatinh\/voi-rua-chen-nong-lanh-rut-day-tang-ap-nt\/#primaryimage"},"thumbnailUrl":"https:\/\/tranthi.vn\/hatinh\/wp-content\/uploads\/2023\/07\/Voi-chen-N-L-rut-tang-ap-DA-NANG.jpg","datePublished":"2023-07-28T04:19:07+00:00","dateModified":"2024-03-12T04:34:32+00:00","breadcrumb":{"@id":"https:\/\/tranthi.vn\/hatinh\/voi-rua-chen-nong-lanh-rut-day-tang-ap-nt\/#breadcrumb"},"inLanguage":"vi","potentialAction":[{"@type":"ReadAction","target":["https:\/\/tranthi.vn\/hatinh\/voi-rua-chen-nong-lanh-rut-day-tang-ap-nt\/"]}]},{"@type":"ImageObject","inLanguage":"vi","@id":"https:\/\/tranthi.vn\/hatinh\/voi-rua-chen-nong-lanh-rut-day-tang-ap-nt\/#primaryimage","url":"https:\/\/tranthi.vn\/hatinh\/wp-content\/uploads\/2023\/07\/Voi-chen-N-L-rut-tang-ap-DA-NANG.jpg","contentUrl":"https:\/\/tranthi.vn\/hatinh\/wp-content\/uploads\/2023\/07\/Voi-chen-N-L-rut-tang-ap-DA-NANG.jpg","width":400,"height":350,"caption":"V\u00f2i ch\u00e9n N-L r\u00fat t\u0103ng \u00e1p \u0110\u00c0 N\u1eb4NG"},{"@type":"BreadcrumbList","@id":"https:\/\/tranthi.vn\/hatinh\/voi-rua-chen-nong-lanh-rut-day-tang-ap-nt\/#breadcrumb","itemListElement":[{"@type":"ListItem","position":1,"name":"Trang ch\u1ee7","item":"https:\/\/tranthi.vn\/hatinh\/"},{"@type":"ListItem","position":2,"name":"Shop","item":"https:\/\/tranthi.vn\/hatinh\/shop\/"},{"@type":"ListItem","position":3,"name":"V\u00f2i R\u1eeda Ch\u00e9n N\u00f3ng L\u1ea1nh R\u00fat D\u00e2y T\u0103ng \u00c1p-NT"}]},{"@type":"WebSite","@id":"https:\/\/tranthi.vn\/hatinh\/#website","url":"https:\/\/tranthi.vn\/hatinh\/","name":"V\u1eadt Li\u1ec7u X\u00e2y D\u1ef1ng Tr\u1ea7n Th\u1ecb Chi Nh\u00e1nh H\u00e0 T\u0129nh","description":"V\u1eadt Li\u1ec7u X\u00e2y D\u1ef1ng - H\u00e0 T\u0129nh","potentialAction":[{"@type":"SearchAction","target":{"@type":"EntryPoint","urlTemplate":"https:\/\/tranthi.vn\/hatinh\/?s={search_term_string}"},"query-input":"required name=search_term_string"}],"inLanguage":"vi"},{"@type":"ImageObject","inLanguage":"vi","@id":"https:\/\/tranthi.vn\/hatinh\/voi-rua-chen-nong-lanh-rut-day-tang-ap-nt\/#local-main-organization-logo","url":"","contentUrl":"","caption":"V\u1eadt Li\u1ec7u X\u00e2y D\u1ef1ng Tr\u1ea7n Th\u1ecb Chi Nh\u00e1nh H\u00e0 T\u0129nh"}]},"product_price_amount":"700000","product_price_currency":"VND","og_availability":"instock","product_availability":"instock","product_condition":"new"},"_links":{"self":[{"href":"https:\/\/tranthi.vn\/hatinh\/wp-json\/wp\/v2\/product\/5339","targetHints":{"allow":["GET"]}}],"collection":[{"href":"https:\/\/tranthi.vn\/hatinh\/wp-json\/wp\/v2\/product"}],"about":[{"href":"https:\/\/tranthi.vn\/hatinh\/wp-json\/wp\/v2\/types\/product"}],"replies":[{"embeddable":true,"href":"https:\/\/tranthi.vn\/hatinh\/wp-json\/wp\/v2\/comments?post=5339"}],"wp:featuredmedia":[{"embeddable":true,"href":"https:\/\/tranthi.vn\/hatinh\/wp-json\/wp\/v2\/media\/5340"}],"wp:attachment":[{"href":"https:\/\/tranthi.vn\/hatinh\/wp-json\/wp\/v2\/media?parent=5339"}],"wp:term":[{"taxonomy":"product_cat","embeddable":true,"href":"https:\/\/tranthi.vn\/hatinh\/wp-json\/wp\/v2\/product_cat?post=5339"},{"taxonomy":"product_tag","embeddable":true,"href":"https:\/\/tranthi.vn\/hatinh\/wp-json\/wp\/v2\/product_tag?post=5339"}],"curies":[{"name":"wp","href":"https:\/\/api.w.org\/{rel}","templated":true}]}}