{"id":5043,"date":"2023-06-30T09:17:29","date_gmt":"2023-06-30T02:17:29","guid":{"rendered":"https:\/\/tranthi.vn\/quangnam\/?post_type=product&#038;p=5043"},"modified":"2024-03-06T13:16:47","modified_gmt":"2024-03-06T06:16:47","slug":"son-lot-chong-kiem-noi-that-son-lot-noi-that-toa-nanoclean-5l","status":"publish","type":"product","link":"https:\/\/tranthi.vn\/hatinh\/son-lot-chong-kiem-noi-that-son-lot-noi-that-toa-nanoclean-5l\/","title":{"rendered":"S\u01a1n L\u00f3t N\u1ed9i Th\u1ea5t Toa NanoClean (5L)"},"content":{"rendered":"","protected":false},"excerpt":{"rendered":"<p><span style=\"font-family: 'times new roman', times, serif; font-size: 130%; color: #3366ff;\"><strong>\ud83e\udd70<\/strong>\u01afu \u0111i\u1ec3m:<\/span><\/p>\n<ul>\n<li><span style=\"font-family: 'times new roman', times, serif; font-size: 130%;\"><strong>\u0110\u1ed9 b\u00e1m d\u00ednh t\u1ed1t, kh\u00f4ng bong tr\u00f3c<\/strong><\/span><\/li>\n<li><span style=\"font-family: 'times new roman', times, serif; font-size: 130%;\"><strong>Ch\u1ed1ng ki\u1ec1m h\u00f3a t\u1ea1o s\u1ef1 l\u00e1ng m\u1ecbn, gi\u1eef m\u00e0u s\u1eafc b\u1ec1n l\u00e2u cho l\u1edbp s\u01a1 ph\u1ee7,<\/strong><\/span><\/li>\n<\/ul>\n<p><span style=\"font-family: 'times new roman', times, serif; font-size: 130%;\"><strong>\ud83e\udd70<\/strong>\u0110\u01a1n gi\u00e1 \u00a0S\u01a1n L\u00f3t N\u1ed9i Th\u1ea5t Toa NanoClean (5L)<\/span><\/p>\n<p><span style=\"font-family: 'times new roman', times, serif; font-size: 130%; color: #d83131;\"><strong>\ud83e\udd70<\/strong>G\u00eda: 510.000\u0111\/ 5L<\/span><\/p>\n<p><span style=\"font-family: 'times new roman', times, serif; font-size: 130%; color: #d83131;\">\u00a0\u00a0\u00a0\u00a0\u00a0\u00a0 1.515.000\u0111\/ 18L<\/span><\/p>\n<p><span style=\"font-family: 'times new roman', times, serif; font-size: 130%;\"><strong>\ud83e\udd70<\/strong>\u00a0Giao h\u00e0ng trong \u0111\u1ecba b\u00e0n\u00a0<strong><a href=\"https:\/\/fr.wikipedia.org\/wiki\/Da_Nang\">\u0110\u00e0 N\u1eb5ng<\/a><\/strong><\/span><\/p>\n<p><span style=\"font-family: 'times new roman', times, serif; font-size: 130%;\"><strong>\ud83e\udd70<em>\u0110\u01a1n gi\u00e1 \u00e1p d\u1ee5ng khi mua tr\u00ean 5 s\u1ea3n ph\u1ea9m<\/em><\/strong><\/span><\/p>\n<p><span style=\"font-family: 'times new roman', times, serif; font-size: 130%; color: #3366ff;\"><em>(Chi ph\u00ed v\u1eadn chuy\u1ec3n s\u1ebd t\u00ednh theo kho\u1ea3ng c\u00e1ch v\u00e0 s\u1ed1 l\u01b0\u1ee3ng h\u00e0ng h\u00f3a nh\u1eadp)<\/em><\/span><\/p>\n","protected":false},"featured_media":5044,"comment_status":"closed","ping_status":"closed","template":"","meta":[],"product_cat":[139,372,345,165],"product_tag":[],"class_list":{"0":"post-5043","1":"product","2":"type-product","3":"status-publish","4":"has-post-thumbnail","6":"product_cat-son","7":"product_cat-son-lot-chong-kiem-noi-that-toa","8":"product_cat-son-nuoc-da-nang","9":"product_cat-gia-son-toa-da-nang","11":"first","12":"instock","13":"sale","14":"shipping-taxable","15":"purchasable","16":"product-type-simple"},"yoast_head":"<!-- This site is optimized with the Yoast SEO Premium plugin v22.3 (Yoast SEO v22.8) - https:\/\/yoast.com\/wordpress\/plugins\/seo\/ -->\n<title>S\u01a1n L\u00f3t N\u1ed9i Th\u1ea5t Toa NanoClean (5L) _0903595049<\/title>\n<meta name=\"description\" content=\"Tr\u1ea7n Th\u1ecb l\u00e0 \u0111\u01a1n v\u1ecb chuy\u00ean cung c\u1ea5p v\u1eadt li\u1ec7u x\u00e2y d\u1ef1ng v\u00e0 c\u00e1c trang thi\u1ebft b\u1ecb n\u1ed9i, ngo\u1ea1i th\u1ea5t uy t\u00edn t\u1ea1i \u0110\u00e0 N\u1eb5ng.\" \/>\n<meta name=\"robots\" content=\"index, follow, max-snippet:-1, max-image-preview:large, max-video-preview:-1\" \/>\n<link rel=\"canonical\" href=\"https:\/\/tranthi.vn\/hatinh\/son-lot-chong-kiem-noi-that-son-lot-noi-that-toa-nanoclean-5l\/\" \/>\n<meta property=\"og:locale\" content=\"vi_VN\" \/>\n<meta property=\"og:type\" content=\"article\" \/>\n<meta property=\"og:title\" content=\"S\u01a1n L\u00f3t N\u1ed9i Th\u1ea5t Toa NanoClean (5L)\" \/>\n<meta property=\"og:description\" content=\"Tr\u1ea7n Th\u1ecb l\u00e0 \u0111\u01a1n v\u1ecb chuy\u00ean cung c\u1ea5p v\u1eadt li\u1ec7u x\u00e2y d\u1ef1ng v\u00e0 c\u00e1c trang thi\u1ebft b\u1ecb n\u1ed9i, ngo\u1ea1i th\u1ea5t uy t\u00edn t\u1ea1i \u0110\u00e0 N\u1eb5ng.\" \/>\n<meta property=\"og:url\" content=\"https:\/\/tranthi.vn\/hatinh\/son-lot-chong-kiem-noi-that-son-lot-noi-that-toa-nanoclean-5l\/\" \/>\n<meta property=\"og:site_name\" content=\"V\u1eadt Li\u1ec7u X\u00e2y D\u1ef1ng Tr\u1ea7n Th\u1ecb Chi Nh\u00e1nh H\u00e0 T\u0129nh\" \/>\n<meta property=\"article:modified_time\" content=\"2024-03-06T06:16:47+00:00\" \/>\n<meta property=\"og:image\" content=\"https:\/\/tranthi.vn\/hatinh\/wp-content\/uploads\/2023\/06\/son-lot-chong-kiem-noi-that-toa-nanoclean-da-nang.jpeg\" \/>\n\t<meta property=\"og:image:width\" content=\"400\" \/>\n\t<meta property=\"og:image:height\" content=\"350\" \/>\n\t<meta property=\"og:image:type\" content=\"image\/jpeg\" \/>\n<meta name=\"twitter:card\" content=\"summary_large_image\" \/>\n<meta name=\"twitter:label1\" content=\"Gi\u00e1\" \/>\n\t<meta name=\"twitter:data1\" content=\"510,000&nbsp;&#8363;\" \/>\n\t<meta name=\"twitter:label2\" content=\"Kh\u1ea3 d\u1ee5ng\" \/>\n\t<meta name=\"twitter:data2\" content=\"Trong kho\" \/>\n<script type=\"application\/ld+json\" class=\"yoast-schema-graph\">{\"@context\":\"https:\/\/schema.org\",\"@graph\":[{\"@type\":[\"WebPage\",\"ItemPage\"],\"@id\":\"https:\/\/tranthi.vn\/hatinh\/son-lot-chong-kiem-noi-that-son-lot-noi-that-toa-nanoclean-5l\/\",\"url\":\"https:\/\/tranthi.vn\/hatinh\/son-lot-chong-kiem-noi-that-son-lot-noi-that-toa-nanoclean-5l\/\",\"name\":\"S\u01a1n L\u00f3t N\u1ed9i Th\u1ea5t Toa NanoClean (5L) _0903595049\",\"isPartOf\":{\"@id\":\"https:\/\/tranthi.vn\/hatinh\/#website\"},\"primaryImageOfPage\":{\"@id\":\"https:\/\/tranthi.vn\/hatinh\/son-lot-chong-kiem-noi-that-son-lot-noi-that-toa-nanoclean-5l\/#primaryimage\"},\"image\":{\"@id\":\"https:\/\/tranthi.vn\/hatinh\/son-lot-chong-kiem-noi-that-son-lot-noi-that-toa-nanoclean-5l\/#primaryimage\"},\"thumbnailUrl\":\"https:\/\/tranthi.vn\/hatinh\/wp-content\/uploads\/2023\/06\/son-lot-chong-kiem-noi-that-toa-nanoclean-da-nang.jpeg\",\"datePublished\":\"2023-06-30T02:17:29+00:00\",\"dateModified\":\"2024-03-06T06:16:47+00:00\",\"description\":\"Tr\u1ea7n Th\u1ecb l\u00e0 \u0111\u01a1n v\u1ecb chuy\u00ean cung c\u1ea5p v\u1eadt li\u1ec7u x\u00e2y d\u1ef1ng v\u00e0 c\u00e1c trang thi\u1ebft b\u1ecb n\u1ed9i, ngo\u1ea1i th\u1ea5t uy t\u00edn t\u1ea1i \u0110\u00e0 N\u1eb5ng.\",\"breadcrumb\":{\"@id\":\"https:\/\/tranthi.vn\/hatinh\/son-lot-chong-kiem-noi-that-son-lot-noi-that-toa-nanoclean-5l\/#breadcrumb\"},\"inLanguage\":\"vi\",\"potentialAction\":[{\"@type\":\"ReadAction\",\"target\":[\"https:\/\/tranthi.vn\/hatinh\/son-lot-chong-kiem-noi-that-son-lot-noi-that-toa-nanoclean-5l\/\"]}]},{\"@type\":\"ImageObject\",\"inLanguage\":\"vi\",\"@id\":\"https:\/\/tranthi.vn\/hatinh\/son-lot-chong-kiem-noi-that-son-lot-noi-that-toa-nanoclean-5l\/#primaryimage\",\"url\":\"https:\/\/tranthi.vn\/hatinh\/wp-content\/uploads\/2023\/06\/son-lot-chong-kiem-noi-that-toa-nanoclean-da-nang.jpeg\",\"contentUrl\":\"https:\/\/tranthi.vn\/hatinh\/wp-content\/uploads\/2023\/06\/son-lot-chong-kiem-noi-that-toa-nanoclean-da-nang.jpeg\",\"width\":400,\"height\":350,\"caption\":\"s\u01a1n-l\u00f3t-ch\u1ed1ng-ki\u1ec1m-n\u1ed9i-th\u1ea5t-toa-nanoclean-\u0111\u00e0-n\u1eb5ng\"},{\"@type\":\"BreadcrumbList\",\"@id\":\"https:\/\/tranthi.vn\/hatinh\/son-lot-chong-kiem-noi-that-son-lot-noi-that-toa-nanoclean-5l\/#breadcrumb\",\"itemListElement\":[{\"@type\":\"ListItem\",\"position\":1,\"name\":\"Trang ch\u1ee7\",\"item\":\"https:\/\/tranthi.vn\/hatinh\/\"},{\"@type\":\"ListItem\",\"position\":2,\"name\":\"Shop\",\"item\":\"https:\/\/tranthi.vn\/hatinh\/shop\/\"},{\"@type\":\"ListItem\",\"position\":3,\"name\":\"S\u01a1n L\u00f3t N\u1ed9i Th\u1ea5t Toa NanoClean (5L)\"}]},{\"@type\":\"WebSite\",\"@id\":\"https:\/\/tranthi.vn\/hatinh\/#website\",\"url\":\"https:\/\/tranthi.vn\/hatinh\/\",\"name\":\"V\u1eadt Li\u1ec7u X\u00e2y D\u1ef1ng Tr\u1ea7n Th\u1ecb Chi Nh\u00e1nh H\u00e0 T\u0129nh\",\"description\":\"V\u1eadt Li\u1ec7u X\u00e2y D\u1ef1ng - H\u00e0 T\u0129nh\",\"potentialAction\":[{\"@type\":\"SearchAction\",\"target\":{\"@type\":\"EntryPoint\",\"urlTemplate\":\"https:\/\/tranthi.vn\/hatinh\/?s={search_term_string}\"},\"query-input\":\"required name=search_term_string\"}],\"inLanguage\":\"vi\"},{\"@type\":\"ImageObject\",\"inLanguage\":\"vi\",\"@id\":\"https:\/\/tranthi.vn\/hatinh\/son-lot-chong-kiem-noi-that-son-lot-noi-that-toa-nanoclean-5l\/#local-main-organization-logo\",\"url\":\"\",\"contentUrl\":\"\",\"caption\":\"V\u1eadt Li\u1ec7u X\u00e2y D\u1ef1ng Tr\u1ea7n Th\u1ecb Chi Nh\u00e1nh H\u00e0 T\u0129nh\"}]}<\/script>\n<meta property=\"product:price:amount\" content=\"510000\" \/>\n<meta property=\"product:price:currency\" content=\"VND\" \/>\n<meta property=\"og:availability\" content=\"instock\" \/>\n<meta property=\"product:availability\" content=\"instock\" \/>\n<meta property=\"product:condition\" content=\"new\" \/>\n<!-- \/ Yoast SEO Premium plugin. -->","yoast_head_json":{"title":"S\u01a1n L\u00f3t N\u1ed9i Th\u1ea5t Toa NanoClean (5L) _0903595049","description":"Tr\u1ea7n Th\u1ecb l\u00e0 \u0111\u01a1n v\u1ecb chuy\u00ean cung c\u1ea5p v\u1eadt li\u1ec7u x\u00e2y d\u1ef1ng v\u00e0 c\u00e1c trang thi\u1ebft b\u1ecb n\u1ed9i, ngo\u1ea1i th\u1ea5t uy t\u00edn t\u1ea1i \u0110\u00e0 N\u1eb5ng.","robots":{"index":"index","follow":"follow","max-snippet":"max-snippet:-1","max-image-preview":"max-image-preview:large","max-video-preview":"max-video-preview:-1"},"canonical":"https:\/\/tranthi.vn\/hatinh\/son-lot-chong-kiem-noi-that-son-lot-noi-that-toa-nanoclean-5l\/","og_locale":"vi_VN","og_type":"article","og_title":"S\u01a1n L\u00f3t N\u1ed9i Th\u1ea5t Toa NanoClean (5L)","og_description":"Tr\u1ea7n Th\u1ecb l\u00e0 \u0111\u01a1n v\u1ecb chuy\u00ean cung c\u1ea5p v\u1eadt li\u1ec7u x\u00e2y d\u1ef1ng v\u00e0 c\u00e1c trang thi\u1ebft b\u1ecb n\u1ed9i, ngo\u1ea1i th\u1ea5t uy t\u00edn t\u1ea1i \u0110\u00e0 N\u1eb5ng.","og_url":"https:\/\/tranthi.vn\/hatinh\/son-lot-chong-kiem-noi-that-son-lot-noi-that-toa-nanoclean-5l\/","og_site_name":"V\u1eadt Li\u1ec7u X\u00e2y D\u1ef1ng Tr\u1ea7n Th\u1ecb Chi Nh\u00e1nh H\u00e0 T\u0129nh","article_modified_time":"2024-03-06T06:16:47+00:00","og_image":[{"width":400,"height":350,"url":"https:\/\/tranthi.vn\/hatinh\/wp-content\/uploads\/2023\/06\/son-lot-chong-kiem-noi-that-toa-nanoclean-da-nang.jpeg","type":"image\/jpeg"}],"twitter_card":"summary_large_image","twitter_misc":{"Gi\u00e1":"510,000&nbsp;&#8363;","Kh\u1ea3 d\u1ee5ng":"Trong kho"},"schema":{"@context":"https:\/\/schema.org","@graph":[{"@type":["WebPage","ItemPage"],"@id":"https:\/\/tranthi.vn\/hatinh\/son-lot-chong-kiem-noi-that-son-lot-noi-that-toa-nanoclean-5l\/","url":"https:\/\/tranthi.vn\/hatinh\/son-lot-chong-kiem-noi-that-son-lot-noi-that-toa-nanoclean-5l\/","name":"S\u01a1n L\u00f3t N\u1ed9i Th\u1ea5t Toa NanoClean (5L) _0903595049","isPartOf":{"@id":"https:\/\/tranthi.vn\/hatinh\/#website"},"primaryImageOfPage":{"@id":"https:\/\/tranthi.vn\/hatinh\/son-lot-chong-kiem-noi-that-son-lot-noi-that-toa-nanoclean-5l\/#primaryimage"},"image":{"@id":"https:\/\/tranthi.vn\/hatinh\/son-lot-chong-kiem-noi-that-son-lot-noi-that-toa-nanoclean-5l\/#primaryimage"},"thumbnailUrl":"https:\/\/tranthi.vn\/hatinh\/wp-content\/uploads\/2023\/06\/son-lot-chong-kiem-noi-that-toa-nanoclean-da-nang.jpeg","datePublished":"2023-06-30T02:17:29+00:00","dateModified":"2024-03-06T06:16:47+00:00","description":"Tr\u1ea7n Th\u1ecb l\u00e0 \u0111\u01a1n v\u1ecb chuy\u00ean cung c\u1ea5p v\u1eadt li\u1ec7u x\u00e2y d\u1ef1ng v\u00e0 c\u00e1c trang thi\u1ebft b\u1ecb n\u1ed9i, ngo\u1ea1i th\u1ea5t uy t\u00edn t\u1ea1i \u0110\u00e0 N\u1eb5ng.","breadcrumb":{"@id":"https:\/\/tranthi.vn\/hatinh\/son-lot-chong-kiem-noi-that-son-lot-noi-that-toa-nanoclean-5l\/#breadcrumb"},"inLanguage":"vi","potentialAction":[{"@type":"ReadAction","target":["https:\/\/tranthi.vn\/hatinh\/son-lot-chong-kiem-noi-that-son-lot-noi-that-toa-nanoclean-5l\/"]}]},{"@type":"ImageObject","inLanguage":"vi","@id":"https:\/\/tranthi.vn\/hatinh\/son-lot-chong-kiem-noi-that-son-lot-noi-that-toa-nanoclean-5l\/#primaryimage","url":"https:\/\/tranthi.vn\/hatinh\/wp-content\/uploads\/2023\/06\/son-lot-chong-kiem-noi-that-toa-nanoclean-da-nang.jpeg","contentUrl":"https:\/\/tranthi.vn\/hatinh\/wp-content\/uploads\/2023\/06\/son-lot-chong-kiem-noi-that-toa-nanoclean-da-nang.jpeg","width":400,"height":350,"caption":"s\u01a1n-l\u00f3t-ch\u1ed1ng-ki\u1ec1m-n\u1ed9i-th\u1ea5t-toa-nanoclean-\u0111\u00e0-n\u1eb5ng"},{"@type":"BreadcrumbList","@id":"https:\/\/tranthi.vn\/hatinh\/son-lot-chong-kiem-noi-that-son-lot-noi-that-toa-nanoclean-5l\/#breadcrumb","itemListElement":[{"@type":"ListItem","position":1,"name":"Trang ch\u1ee7","item":"https:\/\/tranthi.vn\/hatinh\/"},{"@type":"ListItem","position":2,"name":"Shop","item":"https:\/\/tranthi.vn\/hatinh\/shop\/"},{"@type":"ListItem","position":3,"name":"S\u01a1n L\u00f3t N\u1ed9i Th\u1ea5t Toa NanoClean (5L)"}]},{"@type":"WebSite","@id":"https:\/\/tranthi.vn\/hatinh\/#website","url":"https:\/\/tranthi.vn\/hatinh\/","name":"V\u1eadt Li\u1ec7u X\u00e2y D\u1ef1ng Tr\u1ea7n Th\u1ecb Chi Nh\u00e1nh H\u00e0 T\u0129nh","description":"V\u1eadt Li\u1ec7u X\u00e2y D\u1ef1ng - H\u00e0 T\u0129nh","potentialAction":[{"@type":"SearchAction","target":{"@type":"EntryPoint","urlTemplate":"https:\/\/tranthi.vn\/hatinh\/?s={search_term_string}"},"query-input":"required name=search_term_string"}],"inLanguage":"vi"},{"@type":"ImageObject","inLanguage":"vi","@id":"https:\/\/tranthi.vn\/hatinh\/son-lot-chong-kiem-noi-that-son-lot-noi-that-toa-nanoclean-5l\/#local-main-organization-logo","url":"","contentUrl":"","caption":"V\u1eadt Li\u1ec7u X\u00e2y D\u1ef1ng Tr\u1ea7n Th\u1ecb Chi Nh\u00e1nh H\u00e0 T\u0129nh"}]},"product_price_amount":"510000","product_price_currency":"VND","og_availability":"instock","product_availability":"instock","product_condition":"new"},"_links":{"self":[{"href":"https:\/\/tranthi.vn\/hatinh\/wp-json\/wp\/v2\/product\/5043","targetHints":{"allow":["GET"]}}],"collection":[{"href":"https:\/\/tranthi.vn\/hatinh\/wp-json\/wp\/v2\/product"}],"about":[{"href":"https:\/\/tranthi.vn\/hatinh\/wp-json\/wp\/v2\/types\/product"}],"replies":[{"embeddable":true,"href":"https:\/\/tranthi.vn\/hatinh\/wp-json\/wp\/v2\/comments?post=5043"}],"wp:featuredmedia":[{"embeddable":true,"href":"https:\/\/tranthi.vn\/hatinh\/wp-json\/wp\/v2\/media\/5044"}],"wp:attachment":[{"href":"https:\/\/tranthi.vn\/hatinh\/wp-json\/wp\/v2\/media?parent=5043"}],"wp:term":[{"taxonomy":"product_cat","embeddable":true,"href":"https:\/\/tranthi.vn\/hatinh\/wp-json\/wp\/v2\/product_cat?post=5043"},{"taxonomy":"product_tag","embeddable":true,"href":"https:\/\/tranthi.vn\/hatinh\/wp-json\/wp\/v2\/product_tag?post=5043"}],"curies":[{"name":"wp","href":"https:\/\/api.w.org\/{rel}","templated":true}]}}