{"id":5027,"date":"2023-06-29T15:30:20","date_gmt":"2023-06-29T08:30:20","guid":{"rendered":"https:\/\/tranthi.vn\/quangnam\/?post_type=product&#038;p=5027"},"modified":"2024-03-06T11:22:08","modified_gmt":"2024-03-06T04:22:08","slug":"chong-tham-smart-tapeseal-10cmx3cm_da-nang_optimized","status":"publish","type":"product","link":"https:\/\/tranthi.vn\/hatinh\/chong-tham-smart-tapeseal-10cmx3cm_da-nang_optimized\/","title":{"rendered":"Smart Tapeseal (10cmx3cm)"},"content":{"rendered":"","protected":false},"excerpt":{"rendered":"<p style=\"background: white; margin: 0cm 0cm 15.6pt 0cm;\"><span style=\"font-family: 'times new roman', times, serif; font-size: 130%;\"><span style=\"color: #4a4a4a; letter-spacing: 0.3pt; background: white;\"><span style=\"color: #3366ff;\">\ud83e\udd70\u01afu \u0111i\u1ec3m:<\/span> <\/span><\/span><\/p>\n<ul>\n<li style=\"background: white;\"><span style=\"font-family: 'times new roman', times, serif; font-size: 130%;\"><strong><span style=\"color: #242424; background: white;\">C\u00f3 kha\u0309 na\u0306ng t\u01b0\u0323 b\u00e1m di\u0301nh cao tr\u00ean mo\u0323i b\u00ea\u0300 m\u1ea1\u0306t nh\u01b0 kim loa\u0323i, ki\u0301nh, b\u00ea\u0300 m\u1ea1\u0306t ke\u0303m, be\u0302 to\u0302ng, ga\u0323ch men, g\u00f4\u0303, nh\u1ef1a PVC, cu\u0303ng nhu\u031b tre\u0302n b\u00ea\u0300 m\u1ea1\u0306t \u0111a\u0303 so\u031bn. <\/span><\/strong><\/span><\/li>\n<li style=\"background: white;\"><span style=\"font-family: 'times new roman', times, serif; font-size: 130%;\"><strong><span style=\"color: #242424; background: white;\">Kha\u0309 na\u0306ng nga\u0306n ng\u01b0\u0300a va\u0300 kh\u0103\u0301c phu\u0323c s\u01b0\u0323 c\u00f4\u0301 ro\u0300 ri\u0309, th\u1ea5m n\u01b0\u1edbc.<\/span><\/strong><\/span><\/li>\n<\/ul>\n<p style=\"background: white; margin: 0cm 0cm 15.6pt 0cm;\"><span style=\"font-size: 130%; color: black; font-family: 'times new roman', times, serif;\">\ud83e\udd70\u0110\u01a1n gi\u00e1\u00a0Smart Tapeseal (10cmx3cm)<\/span><\/p>\n<p style=\"background: white; margin: 0cm 0cm 15.6pt 0cm;\"><span style=\"font-size: 130%; color: #d83131; font-family: 'times new roman', times, serif;\">\ud83e\udd70G\u00eda: 200.000 \u0111 \/ cu\u1ed9n<\/span><\/p>\n<p><span style=\"font-family: 'times new roman', times, serif; font-size: 130%;\">\ud83e\udd70<strong><em>\u0110\u01a1n gi\u00e1 \u00e1p d\u1ee5ng khi mua tr\u00ean 5 s\u1ea3n ph\u1ea9m<\/em><\/strong><\/span><\/p>\n<p style=\"background: white; margin: 0cm 0cm 15.6pt 0cm;\"><span style=\"font-size: 130%; color: black; font-family: 'times new roman', times, serif;\"> \ud83e\udd70Giao h\u00e0ng trong \u0111\u1ecba b\u00e0n\u00a0<strong style=\"box-sizing: border-box;\"><a style=\"box-sizing: border-box; touch-action: manipulation;\" href=\"https:\/\/fr.wikipedia.org\/wiki\/Da_Nang\"><span style=\"color: #334862;\">\u0110\u00e0 N\u1eb5ng<\/span><\/a><\/strong><\/span><\/p>\n<p style=\"background: white; box-sizing: border-box; font-variant-ligatures: normal; font-variant-caps: normal; orphans: 2; text-align: start; widows: 2; -webkit-text-stroke-width: 0px; text-decoration-thickness: initial; text-decoration-style: initial; text-decoration-color: initial; word-spacing: 0px; margin: 0cm 0cm 15.6pt 0cm;\"><span style=\"box-sizing: border-box; font-family: 'times new roman', times, serif; font-size: 130%;\"><em style=\"box-sizing: border-box;\"><span style=\"color: #3366ff;\">(Chi ph\u00ed v\u1eadn chuy\u1ec3n s\u1ebd t\u00ednh theo kho\u1ea3ng c\u00e1ch v\u00e0 s\u1ed1 l\u01b0\u1ee3ng h\u00e0ng h\u00f3a nh\u1eadp)<\/span><\/em><\/span><\/p>\n","protected":false},"featured_media":5028,"comment_status":"closed","ping_status":"closed","template":"","meta":[],"product_cat":[167,139,345,165],"product_tag":[],"class_list":{"0":"post-5027","1":"product","2":"type-product","3":"status-publish","4":"has-post-thumbnail","6":"product_cat-chong-tham-toa","7":"product_cat-son","8":"product_cat-son-nuoc-da-nang","9":"product_cat-gia-son-toa-da-nang","11":"first","12":"instock","13":"sale","14":"shipping-taxable","15":"purchasable","16":"product-type-simple"},"yoast_head":"<!-- This site is optimized with the Yoast SEO Premium plugin v22.3 (Yoast SEO v22.8) - https:\/\/yoast.com\/wordpress\/plugins\/seo\/ -->\n<title>ch\u1ed1ng th\u1ea5m cu\u1ed9n keo Smart Tapeseal (10cmx3cm)<\/title>\n<meta name=\"description\" content=\"Tr\u1ea7n Th\u1ecb l\u00e0 \u0111\u01a1n v\u1ecb chuy\u00ean cung c\u1ea5p nguy\u00ean v\u1eadt li\u1ec7u x\u00e2y d\u1ef1ng v\u00e0 c\u00e1c trang thi\u1ebft b\u1ecb n\u1ed9i th\u1ea5t uy t\u00edn t\u1ea1i \u0110\u00e0 N\u1eb5ng.\" \/>\n<meta name=\"robots\" content=\"index, follow, max-snippet:-1, max-image-preview:large, max-video-preview:-1\" \/>\n<link rel=\"canonical\" href=\"https:\/\/tranthi.vn\/hatinh\/chong-tham-smart-tapeseal-10cmx3cm_da-nang_optimized\/\" \/>\n<meta property=\"og:locale\" content=\"vi_VN\" \/>\n<meta property=\"og:type\" content=\"article\" \/>\n<meta property=\"og:title\" content=\"Smart Tapeseal (10cmx3cm)\" \/>\n<meta property=\"og:description\" content=\"Tr\u1ea7n Th\u1ecb l\u00e0 \u0111\u01a1n v\u1ecb chuy\u00ean cung c\u1ea5p nguy\u00ean v\u1eadt li\u1ec7u x\u00e2y d\u1ef1ng v\u00e0 c\u00e1c trang thi\u1ebft b\u1ecb n\u1ed9i th\u1ea5t uy t\u00edn t\u1ea1i \u0110\u00e0 N\u1eb5ng.\" \/>\n<meta property=\"og:url\" content=\"https:\/\/tranthi.vn\/hatinh\/chong-tham-smart-tapeseal-10cmx3cm_da-nang_optimized\/\" \/>\n<meta property=\"og:site_name\" content=\"V\u1eadt Li\u1ec7u X\u00e2y D\u1ef1ng Tr\u1ea7n Th\u1ecb Chi Nh\u00e1nh H\u00e0 T\u0129nh\" \/>\n<meta property=\"article:modified_time\" content=\"2024-03-06T04:22:08+00:00\" \/>\n<meta property=\"og:image\" content=\"https:\/\/tranthi.vn\/hatinh\/wp-content\/uploads\/2023\/06\/chong-tham-smart-tapeseal-10cmx3cm_da-nang_optimized.jpeg\" \/>\n\t<meta property=\"og:image:width\" content=\"400\" \/>\n\t<meta property=\"og:image:height\" content=\"350\" \/>\n\t<meta property=\"og:image:type\" content=\"image\/jpeg\" \/>\n<meta name=\"twitter:card\" content=\"summary_large_image\" \/>\n<meta name=\"twitter:label1\" content=\"Gi\u00e1\" \/>\n\t<meta name=\"twitter:data1\" content=\"200,000&nbsp;&#8363;\" \/>\n\t<meta name=\"twitter:label2\" content=\"Kh\u1ea3 d\u1ee5ng\" \/>\n\t<meta name=\"twitter:data2\" content=\"Trong kho\" \/>\n<script type=\"application\/ld+json\" class=\"yoast-schema-graph\">{\"@context\":\"https:\/\/schema.org\",\"@graph\":[{\"@type\":[\"WebPage\",\"ItemPage\"],\"@id\":\"https:\/\/tranthi.vn\/hatinh\/chong-tham-smart-tapeseal-10cmx3cm_da-nang_optimized\/\",\"url\":\"https:\/\/tranthi.vn\/hatinh\/chong-tham-smart-tapeseal-10cmx3cm_da-nang_optimized\/\",\"name\":\"ch\u1ed1ng th\u1ea5m cu\u1ed9n keo Smart Tapeseal (10cmx3cm)\",\"isPartOf\":{\"@id\":\"https:\/\/tranthi.vn\/hatinh\/#website\"},\"primaryImageOfPage\":{\"@id\":\"https:\/\/tranthi.vn\/hatinh\/chong-tham-smart-tapeseal-10cmx3cm_da-nang_optimized\/#primaryimage\"},\"image\":{\"@id\":\"https:\/\/tranthi.vn\/hatinh\/chong-tham-smart-tapeseal-10cmx3cm_da-nang_optimized\/#primaryimage\"},\"thumbnailUrl\":\"https:\/\/tranthi.vn\/hatinh\/wp-content\/uploads\/2023\/06\/chong-tham-smart-tapeseal-10cmx3cm_da-nang_optimized.jpeg\",\"datePublished\":\"2023-06-29T08:30:20+00:00\",\"dateModified\":\"2024-03-06T04:22:08+00:00\",\"description\":\"Tr\u1ea7n Th\u1ecb l\u00e0 \u0111\u01a1n v\u1ecb chuy\u00ean cung c\u1ea5p nguy\u00ean v\u1eadt li\u1ec7u x\u00e2y d\u1ef1ng v\u00e0 c\u00e1c trang thi\u1ebft b\u1ecb n\u1ed9i th\u1ea5t uy t\u00edn t\u1ea1i \u0110\u00e0 N\u1eb5ng.\",\"breadcrumb\":{\"@id\":\"https:\/\/tranthi.vn\/hatinh\/chong-tham-smart-tapeseal-10cmx3cm_da-nang_optimized\/#breadcrumb\"},\"inLanguage\":\"vi\",\"potentialAction\":[{\"@type\":\"ReadAction\",\"target\":[\"https:\/\/tranthi.vn\/hatinh\/chong-tham-smart-tapeseal-10cmx3cm_da-nang_optimized\/\"]}]},{\"@type\":\"ImageObject\",\"inLanguage\":\"vi\",\"@id\":\"https:\/\/tranthi.vn\/hatinh\/chong-tham-smart-tapeseal-10cmx3cm_da-nang_optimized\/#primaryimage\",\"url\":\"https:\/\/tranthi.vn\/hatinh\/wp-content\/uploads\/2023\/06\/chong-tham-smart-tapeseal-10cmx3cm_da-nang_optimized.jpeg\",\"contentUrl\":\"https:\/\/tranthi.vn\/hatinh\/wp-content\/uploads\/2023\/06\/chong-tham-smart-tapeseal-10cmx3cm_da-nang_optimized.jpeg\",\"width\":400,\"height\":350,\"caption\":\"chong-tham-smart-tapeseal-(10cmx3cm)_da-nang_optimized\"},{\"@type\":\"BreadcrumbList\",\"@id\":\"https:\/\/tranthi.vn\/hatinh\/chong-tham-smart-tapeseal-10cmx3cm_da-nang_optimized\/#breadcrumb\",\"itemListElement\":[{\"@type\":\"ListItem\",\"position\":1,\"name\":\"Trang ch\u1ee7\",\"item\":\"https:\/\/tranthi.vn\/hatinh\/\"},{\"@type\":\"ListItem\",\"position\":2,\"name\":\"Shop\",\"item\":\"https:\/\/tranthi.vn\/hatinh\/shop\/\"},{\"@type\":\"ListItem\",\"position\":3,\"name\":\"Smart Tapeseal (10cmx3cm)\"}]},{\"@type\":\"WebSite\",\"@id\":\"https:\/\/tranthi.vn\/hatinh\/#website\",\"url\":\"https:\/\/tranthi.vn\/hatinh\/\",\"name\":\"V\u1eadt Li\u1ec7u X\u00e2y D\u1ef1ng Tr\u1ea7n Th\u1ecb Chi Nh\u00e1nh H\u00e0 T\u0129nh\",\"description\":\"V\u1eadt Li\u1ec7u X\u00e2y D\u1ef1ng - H\u00e0 T\u0129nh\",\"potentialAction\":[{\"@type\":\"SearchAction\",\"target\":{\"@type\":\"EntryPoint\",\"urlTemplate\":\"https:\/\/tranthi.vn\/hatinh\/?s={search_term_string}\"},\"query-input\":\"required name=search_term_string\"}],\"inLanguage\":\"vi\"},{\"@type\":\"ImageObject\",\"inLanguage\":\"vi\",\"@id\":\"https:\/\/tranthi.vn\/hatinh\/chong-tham-smart-tapeseal-10cmx3cm_da-nang_optimized\/#local-main-organization-logo\",\"url\":\"\",\"contentUrl\":\"\",\"caption\":\"V\u1eadt Li\u1ec7u X\u00e2y D\u1ef1ng Tr\u1ea7n Th\u1ecb Chi Nh\u00e1nh H\u00e0 T\u0129nh\"}]}<\/script>\n<meta property=\"product:price:amount\" content=\"200000\" \/>\n<meta property=\"product:price:currency\" content=\"VND\" \/>\n<meta property=\"og:availability\" content=\"instock\" \/>\n<meta property=\"product:availability\" content=\"instock\" \/>\n<meta property=\"product:condition\" content=\"new\" \/>\n<!-- \/ Yoast SEO Premium plugin. -->","yoast_head_json":{"title":"ch\u1ed1ng th\u1ea5m cu\u1ed9n keo Smart Tapeseal (10cmx3cm)","description":"Tr\u1ea7n Th\u1ecb l\u00e0 \u0111\u01a1n v\u1ecb chuy\u00ean cung c\u1ea5p nguy\u00ean v\u1eadt li\u1ec7u x\u00e2y d\u1ef1ng v\u00e0 c\u00e1c trang thi\u1ebft b\u1ecb n\u1ed9i th\u1ea5t uy t\u00edn t\u1ea1i \u0110\u00e0 N\u1eb5ng.","robots":{"index":"index","follow":"follow","max-snippet":"max-snippet:-1","max-image-preview":"max-image-preview:large","max-video-preview":"max-video-preview:-1"},"canonical":"https:\/\/tranthi.vn\/hatinh\/chong-tham-smart-tapeseal-10cmx3cm_da-nang_optimized\/","og_locale":"vi_VN","og_type":"article","og_title":"Smart Tapeseal (10cmx3cm)","og_description":"Tr\u1ea7n Th\u1ecb l\u00e0 \u0111\u01a1n v\u1ecb chuy\u00ean cung c\u1ea5p nguy\u00ean v\u1eadt li\u1ec7u x\u00e2y d\u1ef1ng v\u00e0 c\u00e1c trang thi\u1ebft b\u1ecb n\u1ed9i th\u1ea5t uy t\u00edn t\u1ea1i \u0110\u00e0 N\u1eb5ng.","og_url":"https:\/\/tranthi.vn\/hatinh\/chong-tham-smart-tapeseal-10cmx3cm_da-nang_optimized\/","og_site_name":"V\u1eadt Li\u1ec7u X\u00e2y D\u1ef1ng Tr\u1ea7n Th\u1ecb Chi Nh\u00e1nh H\u00e0 T\u0129nh","article_modified_time":"2024-03-06T04:22:08+00:00","og_image":[{"width":400,"height":350,"url":"https:\/\/tranthi.vn\/hatinh\/wp-content\/uploads\/2023\/06\/chong-tham-smart-tapeseal-10cmx3cm_da-nang_optimized.jpeg","type":"image\/jpeg"}],"twitter_card":"summary_large_image","twitter_misc":{"Gi\u00e1":"200,000&nbsp;&#8363;","Kh\u1ea3 d\u1ee5ng":"Trong kho"},"schema":{"@context":"https:\/\/schema.org","@graph":[{"@type":["WebPage","ItemPage"],"@id":"https:\/\/tranthi.vn\/hatinh\/chong-tham-smart-tapeseal-10cmx3cm_da-nang_optimized\/","url":"https:\/\/tranthi.vn\/hatinh\/chong-tham-smart-tapeseal-10cmx3cm_da-nang_optimized\/","name":"ch\u1ed1ng th\u1ea5m cu\u1ed9n keo Smart Tapeseal (10cmx3cm)","isPartOf":{"@id":"https:\/\/tranthi.vn\/hatinh\/#website"},"primaryImageOfPage":{"@id":"https:\/\/tranthi.vn\/hatinh\/chong-tham-smart-tapeseal-10cmx3cm_da-nang_optimized\/#primaryimage"},"image":{"@id":"https:\/\/tranthi.vn\/hatinh\/chong-tham-smart-tapeseal-10cmx3cm_da-nang_optimized\/#primaryimage"},"thumbnailUrl":"https:\/\/tranthi.vn\/hatinh\/wp-content\/uploads\/2023\/06\/chong-tham-smart-tapeseal-10cmx3cm_da-nang_optimized.jpeg","datePublished":"2023-06-29T08:30:20+00:00","dateModified":"2024-03-06T04:22:08+00:00","description":"Tr\u1ea7n Th\u1ecb l\u00e0 \u0111\u01a1n v\u1ecb chuy\u00ean cung c\u1ea5p nguy\u00ean v\u1eadt li\u1ec7u x\u00e2y d\u1ef1ng v\u00e0 c\u00e1c trang thi\u1ebft b\u1ecb n\u1ed9i th\u1ea5t uy t\u00edn t\u1ea1i \u0110\u00e0 N\u1eb5ng.","breadcrumb":{"@id":"https:\/\/tranthi.vn\/hatinh\/chong-tham-smart-tapeseal-10cmx3cm_da-nang_optimized\/#breadcrumb"},"inLanguage":"vi","potentialAction":[{"@type":"ReadAction","target":["https:\/\/tranthi.vn\/hatinh\/chong-tham-smart-tapeseal-10cmx3cm_da-nang_optimized\/"]}]},{"@type":"ImageObject","inLanguage":"vi","@id":"https:\/\/tranthi.vn\/hatinh\/chong-tham-smart-tapeseal-10cmx3cm_da-nang_optimized\/#primaryimage","url":"https:\/\/tranthi.vn\/hatinh\/wp-content\/uploads\/2023\/06\/chong-tham-smart-tapeseal-10cmx3cm_da-nang_optimized.jpeg","contentUrl":"https:\/\/tranthi.vn\/hatinh\/wp-content\/uploads\/2023\/06\/chong-tham-smart-tapeseal-10cmx3cm_da-nang_optimized.jpeg","width":400,"height":350,"caption":"chong-tham-smart-tapeseal-(10cmx3cm)_da-nang_optimized"},{"@type":"BreadcrumbList","@id":"https:\/\/tranthi.vn\/hatinh\/chong-tham-smart-tapeseal-10cmx3cm_da-nang_optimized\/#breadcrumb","itemListElement":[{"@type":"ListItem","position":1,"name":"Trang ch\u1ee7","item":"https:\/\/tranthi.vn\/hatinh\/"},{"@type":"ListItem","position":2,"name":"Shop","item":"https:\/\/tranthi.vn\/hatinh\/shop\/"},{"@type":"ListItem","position":3,"name":"Smart Tapeseal (10cmx3cm)"}]},{"@type":"WebSite","@id":"https:\/\/tranthi.vn\/hatinh\/#website","url":"https:\/\/tranthi.vn\/hatinh\/","name":"V\u1eadt Li\u1ec7u X\u00e2y D\u1ef1ng Tr\u1ea7n Th\u1ecb Chi Nh\u00e1nh H\u00e0 T\u0129nh","description":"V\u1eadt Li\u1ec7u X\u00e2y D\u1ef1ng - H\u00e0 T\u0129nh","potentialAction":[{"@type":"SearchAction","target":{"@type":"EntryPoint","urlTemplate":"https:\/\/tranthi.vn\/hatinh\/?s={search_term_string}"},"query-input":"required name=search_term_string"}],"inLanguage":"vi"},{"@type":"ImageObject","inLanguage":"vi","@id":"https:\/\/tranthi.vn\/hatinh\/chong-tham-smart-tapeseal-10cmx3cm_da-nang_optimized\/#local-main-organization-logo","url":"","contentUrl":"","caption":"V\u1eadt Li\u1ec7u X\u00e2y D\u1ef1ng Tr\u1ea7n Th\u1ecb Chi Nh\u00e1nh H\u00e0 T\u0129nh"}]},"product_price_amount":"200000","product_price_currency":"VND","og_availability":"instock","product_availability":"instock","product_condition":"new"},"_links":{"self":[{"href":"https:\/\/tranthi.vn\/hatinh\/wp-json\/wp\/v2\/product\/5027","targetHints":{"allow":["GET"]}}],"collection":[{"href":"https:\/\/tranthi.vn\/hatinh\/wp-json\/wp\/v2\/product"}],"about":[{"href":"https:\/\/tranthi.vn\/hatinh\/wp-json\/wp\/v2\/types\/product"}],"replies":[{"embeddable":true,"href":"https:\/\/tranthi.vn\/hatinh\/wp-json\/wp\/v2\/comments?post=5027"}],"wp:featuredmedia":[{"embeddable":true,"href":"https:\/\/tranthi.vn\/hatinh\/wp-json\/wp\/v2\/media\/5028"}],"wp:attachment":[{"href":"https:\/\/tranthi.vn\/hatinh\/wp-json\/wp\/v2\/media?parent=5027"}],"wp:term":[{"taxonomy":"product_cat","embeddable":true,"href":"https:\/\/tranthi.vn\/hatinh\/wp-json\/wp\/v2\/product_cat?post=5027"},{"taxonomy":"product_tag","embeddable":true,"href":"https:\/\/tranthi.vn\/hatinh\/wp-json\/wp\/v2\/product_tag?post=5027"}],"curies":[{"name":"wp","href":"https:\/\/api.w.org\/{rel}","templated":true}]}}