{"id":4994,"date":"2023-06-28T14:15:49","date_gmt":"2023-06-28T07:15:49","guid":{"rendered":"https:\/\/tranthi.vn\/quangnam\/?post_type=product&#038;p=4994"},"modified":"2024-03-06T13:12:46","modified_gmt":"2024-03-06T06:12:46","slug":"son-nuoc-son-toa-son-phu-noi-that-toa-thoai-mai-lau-chui-bong-mo-da-nang","status":"publish","type":"product","link":"https:\/\/tranthi.vn\/hatinh\/son-nuoc-son-toa-son-phu-noi-that-toa-thoai-mai-lau-chui-bong-mo-da-nang\/","title":{"rendered":"Toa Tho\u00e0i M\u00e1i Lau Ch\u00f9i B\u00f3ng M\u1edd (5L)"},"content":{"rendered":"","protected":false},"excerpt":{"rendered":"<p><span style=\"font-family: 'times new roman', times, serif; font-size: 130%; color: #3366ff;\">\ud83e\udd70\u01afu \u0111i\u1ec3m:<\/span><\/p>\n<ul>\n<li><span style=\"font-family: 'times new roman', times, serif; font-size: 130%;\">D\u1ec5 d\u00e0ng lau ch\u00f9i c\u00e1c v\u1ebft b\u1ea9n th\u00f4ng th\u01b0\u1eddng, kh\u00f4ng l\u00e0m m\u1ea5t \u0111i \u0111\u1ed9 th\u1ea9m m\u1ef9 c\u1ee7a s\u01a1n.<\/span><\/li>\n<li><span style=\"font-family: 'times new roman', times, serif; font-size: 130%;\">M\u00e0n s\u01a1n m\u1ecbn \u0111\u1eb9p, \u0111\u1ed9 che ph\u1ee7 cao,\u00a0<\/span><\/li>\n<\/ul>\n<p><span style=\"font-family: 'times new roman', times, serif; font-size: 130%;\"> \ud83e\udd70\u00a0\u0110\u01a1n gi\u00e1\u00a0<em><strong>Toa Tho\u00e0i M\u00e1i Lau Ch\u00f9i B\u00f3ng M\u1edd-Th\u00f9ng 5L<\/strong><\/em><\/span><\/p>\n<p><span style=\"font-family: 'times new roman', times, serif; font-size: 130%; color: #d83131;\"><strong>\u00a0+ 575.000\/5L<\/strong><\/span><\/p>\n<p><span style=\"font-family: 'times new roman', times, serif; font-size: 130%; color: #d83131;\"><strong>+<\/strong><strong>\u00a0<\/strong><strong>1.795.000\/ 18L<\/strong><\/span><\/p>\n<p><span style=\"font-family: 'times new roman', times, serif; font-size: 130%;\">\u00a0 \ud83e\udd70\u0110\u01a1n v\u1ecb t\u00ednh: l\u00edt\u00a0<\/span><\/p>\n<p><span style=\"font-family: 'times new roman', times, serif; font-size: 130%;\"><strong><em>\ud83e\udd70\u0110\u01a1n gi\u00e1 \u00e1p d\u1ee5ng khi mua tr\u00ean 5 s\u1ea3n ph\u1ea9m<\/em><\/strong><\/span><\/p>\n<p><span style=\"font-family: 'times new roman', times, serif; font-size: 130%;\"> \ud83e\udd70Giao h\u00e0ng trong \u0111\u1ecba b\u00e0n\u00a0<strong><a href=\"https:\/\/fr.wikipedia.org\/wiki\/Da_Nang\">\u0110\u00e0 N\u1eb5ng<\/a><\/strong><\/span><\/p>\n<p><span style=\"color: #3366ff; font-family: 'times new roman', times, serif; font-size: 130%;\"><em>(Chi ph\u00ed v\u1eadn chuy\u1ec3n s\u1ebd t\u00ednh theo kho\u1ea3ng c\u00e1ch v\u00e0 s\u1ed1 l\u01b0\u1ee3ng h\u00e0ng h\u00f3a nh\u1eadp)<\/em><\/span><\/p>\n","protected":false},"featured_media":4995,"comment_status":"closed","ping_status":"closed","template":"","meta":[],"product_cat":[139,345,170,165],"product_tag":[],"class_list":{"0":"post-4994","1":"product","2":"type-product","3":"status-publish","4":"has-post-thumbnail","6":"product_cat-son","7":"product_cat-son-nuoc-da-nang","8":"product_cat-son-phu-noi-that-toa","9":"product_cat-gia-son-toa-da-nang","11":"first","12":"instock","13":"sale","14":"shipping-taxable","15":"purchasable","16":"product-type-simple"},"yoast_head":"<!-- This site is optimized with the Yoast SEO Premium plugin v22.3 (Yoast SEO v22.8) - https:\/\/yoast.com\/wordpress\/plugins\/seo\/ -->\n<title>Toa Tho\u00e0i M\u00e1i Lau Ch\u00f9i B\u00f3ng M\u1edd (5L)_0903595049<\/title>\n<meta name=\"description\" content=\"Tr\u1ea7n Th\u1ecb l\u00e0 c\u1eeda h\u00e0ng chuy\u00ean cung c\u1ea5p v\u1eadt li\u1ec7u x\u00e2y d\u1ef1ng, trang thi\u1ebft b\u1ecb n\u1ed9i th\u1ea5t, gi\u00e1 c\u1ea3 h\u1ee3p l\u00fd \u1edf uy t\u00edn t\u1ea1i \u0110\u00e0 N\u1eb5ng.\" \/>\n<meta name=\"robots\" content=\"index, follow, max-snippet:-1, max-image-preview:large, max-video-preview:-1\" \/>\n<link rel=\"canonical\" href=\"https:\/\/tranthi.vn\/hatinh\/son-nuoc-son-toa-son-phu-noi-that-toa-thoai-mai-lau-chui-bong-mo-da-nang\/\" \/>\n<meta property=\"og:locale\" content=\"vi_VN\" \/>\n<meta property=\"og:type\" content=\"article\" \/>\n<meta property=\"og:title\" content=\"Toa Tho\u00e0i M\u00e1i Lau Ch\u00f9i B\u00f3ng M\u1edd (5L)\" \/>\n<meta property=\"og:description\" content=\"Tr\u1ea7n Th\u1ecb l\u00e0 c\u1eeda h\u00e0ng chuy\u00ean cung c\u1ea5p v\u1eadt li\u1ec7u x\u00e2y d\u1ef1ng, trang thi\u1ebft b\u1ecb n\u1ed9i th\u1ea5t, gi\u00e1 c\u1ea3 h\u1ee3p l\u00fd \u1edf uy t\u00edn t\u1ea1i \u0110\u00e0 N\u1eb5ng.\" \/>\n<meta property=\"og:url\" content=\"https:\/\/tranthi.vn\/hatinh\/son-nuoc-son-toa-son-phu-noi-that-toa-thoai-mai-lau-chui-bong-mo-da-nang\/\" \/>\n<meta property=\"og:site_name\" content=\"V\u1eadt Li\u1ec7u X\u00e2y D\u1ef1ng Tr\u1ea7n Th\u1ecb Chi Nh\u00e1nh H\u00e0 T\u0129nh\" \/>\n<meta property=\"article:modified_time\" content=\"2024-03-06T06:12:46+00:00\" \/>\n<meta property=\"og:image\" content=\"https:\/\/tranthi.vn\/hatinh\/wp-content\/uploads\/2023\/06\/son-nuoc-son-toa-son-phu-noi-that-toa-thoai-mai-lau-chui-bong-mo-da-nang.jpeg\" \/>\n\t<meta property=\"og:image:width\" content=\"400\" \/>\n\t<meta property=\"og:image:height\" content=\"350\" \/>\n\t<meta property=\"og:image:type\" content=\"image\/jpeg\" \/>\n<meta name=\"twitter:card\" content=\"summary_large_image\" \/>\n<meta name=\"twitter:label1\" content=\"Gi\u00e1\" \/>\n\t<meta name=\"twitter:data1\" content=\"575,000&nbsp;&#8363;\" \/>\n\t<meta name=\"twitter:label2\" content=\"Kh\u1ea3 d\u1ee5ng\" \/>\n\t<meta name=\"twitter:data2\" content=\"Trong kho\" \/>\n<script type=\"application\/ld+json\" class=\"yoast-schema-graph\">{\"@context\":\"https:\/\/schema.org\",\"@graph\":[{\"@type\":[\"WebPage\",\"ItemPage\"],\"@id\":\"https:\/\/tranthi.vn\/hatinh\/son-nuoc-son-toa-son-phu-noi-that-toa-thoai-mai-lau-chui-bong-mo-da-nang\/\",\"url\":\"https:\/\/tranthi.vn\/hatinh\/son-nuoc-son-toa-son-phu-noi-that-toa-thoai-mai-lau-chui-bong-mo-da-nang\/\",\"name\":\"Toa Tho\u00e0i M\u00e1i Lau Ch\u00f9i B\u00f3ng M\u1edd (5L)_0903595049\",\"isPartOf\":{\"@id\":\"https:\/\/tranthi.vn\/hatinh\/#website\"},\"primaryImageOfPage\":{\"@id\":\"https:\/\/tranthi.vn\/hatinh\/son-nuoc-son-toa-son-phu-noi-that-toa-thoai-mai-lau-chui-bong-mo-da-nang\/#primaryimage\"},\"image\":{\"@id\":\"https:\/\/tranthi.vn\/hatinh\/son-nuoc-son-toa-son-phu-noi-that-toa-thoai-mai-lau-chui-bong-mo-da-nang\/#primaryimage\"},\"thumbnailUrl\":\"https:\/\/tranthi.vn\/hatinh\/wp-content\/uploads\/2023\/06\/son-nuoc-son-toa-son-phu-noi-that-toa-thoai-mai-lau-chui-bong-mo-da-nang.jpeg\",\"datePublished\":\"2023-06-28T07:15:49+00:00\",\"dateModified\":\"2024-03-06T06:12:46+00:00\",\"description\":\"Tr\u1ea7n Th\u1ecb l\u00e0 c\u1eeda h\u00e0ng chuy\u00ean cung c\u1ea5p v\u1eadt li\u1ec7u x\u00e2y d\u1ef1ng, trang thi\u1ebft b\u1ecb n\u1ed9i th\u1ea5t, gi\u00e1 c\u1ea3 h\u1ee3p l\u00fd \u1edf uy t\u00edn t\u1ea1i \u0110\u00e0 N\u1eb5ng.\",\"breadcrumb\":{\"@id\":\"https:\/\/tranthi.vn\/hatinh\/son-nuoc-son-toa-son-phu-noi-that-toa-thoai-mai-lau-chui-bong-mo-da-nang\/#breadcrumb\"},\"inLanguage\":\"vi\",\"potentialAction\":[{\"@type\":\"ReadAction\",\"target\":[\"https:\/\/tranthi.vn\/hatinh\/son-nuoc-son-toa-son-phu-noi-that-toa-thoai-mai-lau-chui-bong-mo-da-nang\/\"]}]},{\"@type\":\"ImageObject\",\"inLanguage\":\"vi\",\"@id\":\"https:\/\/tranthi.vn\/hatinh\/son-nuoc-son-toa-son-phu-noi-that-toa-thoai-mai-lau-chui-bong-mo-da-nang\/#primaryimage\",\"url\":\"https:\/\/tranthi.vn\/hatinh\/wp-content\/uploads\/2023\/06\/son-nuoc-son-toa-son-phu-noi-that-toa-thoai-mai-lau-chui-bong-mo-da-nang.jpeg\",\"contentUrl\":\"https:\/\/tranthi.vn\/hatinh\/wp-content\/uploads\/2023\/06\/son-nuoc-son-toa-son-phu-noi-that-toa-thoai-mai-lau-chui-bong-mo-da-nang.jpeg\",\"width\":400,\"height\":350,\"caption\":\"son-nuoc-son-toa-son-phu-noi-that-toa-thoai-mai-lau-chui-bong-mo-da-nang\"},{\"@type\":\"BreadcrumbList\",\"@id\":\"https:\/\/tranthi.vn\/hatinh\/son-nuoc-son-toa-son-phu-noi-that-toa-thoai-mai-lau-chui-bong-mo-da-nang\/#breadcrumb\",\"itemListElement\":[{\"@type\":\"ListItem\",\"position\":1,\"name\":\"Trang ch\u1ee7\",\"item\":\"https:\/\/tranthi.vn\/hatinh\/\"},{\"@type\":\"ListItem\",\"position\":2,\"name\":\"Shop\",\"item\":\"https:\/\/tranthi.vn\/hatinh\/shop\/\"},{\"@type\":\"ListItem\",\"position\":3,\"name\":\"Toa Tho\u00e0i M\u00e1i Lau Ch\u00f9i B\u00f3ng M\u1edd (5L)\"}]},{\"@type\":\"WebSite\",\"@id\":\"https:\/\/tranthi.vn\/hatinh\/#website\",\"url\":\"https:\/\/tranthi.vn\/hatinh\/\",\"name\":\"V\u1eadt Li\u1ec7u X\u00e2y D\u1ef1ng Tr\u1ea7n Th\u1ecb Chi Nh\u00e1nh H\u00e0 T\u0129nh\",\"description\":\"V\u1eadt Li\u1ec7u X\u00e2y D\u1ef1ng - H\u00e0 T\u0129nh\",\"potentialAction\":[{\"@type\":\"SearchAction\",\"target\":{\"@type\":\"EntryPoint\",\"urlTemplate\":\"https:\/\/tranthi.vn\/hatinh\/?s={search_term_string}\"},\"query-input\":\"required name=search_term_string\"}],\"inLanguage\":\"vi\"},{\"@type\":\"ImageObject\",\"inLanguage\":\"vi\",\"@id\":\"https:\/\/tranthi.vn\/hatinh\/son-nuoc-son-toa-son-phu-noi-that-toa-thoai-mai-lau-chui-bong-mo-da-nang\/#local-main-organization-logo\",\"url\":\"\",\"contentUrl\":\"\",\"caption\":\"V\u1eadt Li\u1ec7u X\u00e2y D\u1ef1ng Tr\u1ea7n Th\u1ecb Chi Nh\u00e1nh H\u00e0 T\u0129nh\"}]}<\/script>\n<meta property=\"product:price:amount\" content=\"575000\" \/>\n<meta property=\"product:price:currency\" content=\"VND\" \/>\n<meta property=\"og:availability\" content=\"instock\" \/>\n<meta property=\"product:availability\" content=\"instock\" \/>\n<meta property=\"product:condition\" content=\"new\" \/>\n<!-- \/ Yoast SEO Premium plugin. -->","yoast_head_json":{"title":"Toa Tho\u00e0i M\u00e1i Lau Ch\u00f9i B\u00f3ng M\u1edd (5L)_0903595049","description":"Tr\u1ea7n Th\u1ecb l\u00e0 c\u1eeda h\u00e0ng chuy\u00ean cung c\u1ea5p v\u1eadt li\u1ec7u x\u00e2y d\u1ef1ng, trang thi\u1ebft b\u1ecb n\u1ed9i th\u1ea5t, gi\u00e1 c\u1ea3 h\u1ee3p l\u00fd \u1edf uy t\u00edn t\u1ea1i \u0110\u00e0 N\u1eb5ng.","robots":{"index":"index","follow":"follow","max-snippet":"max-snippet:-1","max-image-preview":"max-image-preview:large","max-video-preview":"max-video-preview:-1"},"canonical":"https:\/\/tranthi.vn\/hatinh\/son-nuoc-son-toa-son-phu-noi-that-toa-thoai-mai-lau-chui-bong-mo-da-nang\/","og_locale":"vi_VN","og_type":"article","og_title":"Toa Tho\u00e0i M\u00e1i Lau Ch\u00f9i B\u00f3ng M\u1edd (5L)","og_description":"Tr\u1ea7n Th\u1ecb l\u00e0 c\u1eeda h\u00e0ng chuy\u00ean cung c\u1ea5p v\u1eadt li\u1ec7u x\u00e2y d\u1ef1ng, trang thi\u1ebft b\u1ecb n\u1ed9i th\u1ea5t, gi\u00e1 c\u1ea3 h\u1ee3p l\u00fd \u1edf uy t\u00edn t\u1ea1i \u0110\u00e0 N\u1eb5ng.","og_url":"https:\/\/tranthi.vn\/hatinh\/son-nuoc-son-toa-son-phu-noi-that-toa-thoai-mai-lau-chui-bong-mo-da-nang\/","og_site_name":"V\u1eadt Li\u1ec7u X\u00e2y D\u1ef1ng Tr\u1ea7n Th\u1ecb Chi Nh\u00e1nh H\u00e0 T\u0129nh","article_modified_time":"2024-03-06T06:12:46+00:00","og_image":[{"width":400,"height":350,"url":"https:\/\/tranthi.vn\/hatinh\/wp-content\/uploads\/2023\/06\/son-nuoc-son-toa-son-phu-noi-that-toa-thoai-mai-lau-chui-bong-mo-da-nang.jpeg","type":"image\/jpeg"}],"twitter_card":"summary_large_image","twitter_misc":{"Gi\u00e1":"575,000&nbsp;&#8363;","Kh\u1ea3 d\u1ee5ng":"Trong kho"},"schema":{"@context":"https:\/\/schema.org","@graph":[{"@type":["WebPage","ItemPage"],"@id":"https:\/\/tranthi.vn\/hatinh\/son-nuoc-son-toa-son-phu-noi-that-toa-thoai-mai-lau-chui-bong-mo-da-nang\/","url":"https:\/\/tranthi.vn\/hatinh\/son-nuoc-son-toa-son-phu-noi-that-toa-thoai-mai-lau-chui-bong-mo-da-nang\/","name":"Toa Tho\u00e0i M\u00e1i Lau Ch\u00f9i B\u00f3ng M\u1edd (5L)_0903595049","isPartOf":{"@id":"https:\/\/tranthi.vn\/hatinh\/#website"},"primaryImageOfPage":{"@id":"https:\/\/tranthi.vn\/hatinh\/son-nuoc-son-toa-son-phu-noi-that-toa-thoai-mai-lau-chui-bong-mo-da-nang\/#primaryimage"},"image":{"@id":"https:\/\/tranthi.vn\/hatinh\/son-nuoc-son-toa-son-phu-noi-that-toa-thoai-mai-lau-chui-bong-mo-da-nang\/#primaryimage"},"thumbnailUrl":"https:\/\/tranthi.vn\/hatinh\/wp-content\/uploads\/2023\/06\/son-nuoc-son-toa-son-phu-noi-that-toa-thoai-mai-lau-chui-bong-mo-da-nang.jpeg","datePublished":"2023-06-28T07:15:49+00:00","dateModified":"2024-03-06T06:12:46+00:00","description":"Tr\u1ea7n Th\u1ecb l\u00e0 c\u1eeda h\u00e0ng chuy\u00ean cung c\u1ea5p v\u1eadt li\u1ec7u x\u00e2y d\u1ef1ng, trang thi\u1ebft b\u1ecb n\u1ed9i th\u1ea5t, gi\u00e1 c\u1ea3 h\u1ee3p l\u00fd \u1edf uy t\u00edn t\u1ea1i \u0110\u00e0 N\u1eb5ng.","breadcrumb":{"@id":"https:\/\/tranthi.vn\/hatinh\/son-nuoc-son-toa-son-phu-noi-that-toa-thoai-mai-lau-chui-bong-mo-da-nang\/#breadcrumb"},"inLanguage":"vi","potentialAction":[{"@type":"ReadAction","target":["https:\/\/tranthi.vn\/hatinh\/son-nuoc-son-toa-son-phu-noi-that-toa-thoai-mai-lau-chui-bong-mo-da-nang\/"]}]},{"@type":"ImageObject","inLanguage":"vi","@id":"https:\/\/tranthi.vn\/hatinh\/son-nuoc-son-toa-son-phu-noi-that-toa-thoai-mai-lau-chui-bong-mo-da-nang\/#primaryimage","url":"https:\/\/tranthi.vn\/hatinh\/wp-content\/uploads\/2023\/06\/son-nuoc-son-toa-son-phu-noi-that-toa-thoai-mai-lau-chui-bong-mo-da-nang.jpeg","contentUrl":"https:\/\/tranthi.vn\/hatinh\/wp-content\/uploads\/2023\/06\/son-nuoc-son-toa-son-phu-noi-that-toa-thoai-mai-lau-chui-bong-mo-da-nang.jpeg","width":400,"height":350,"caption":"son-nuoc-son-toa-son-phu-noi-that-toa-thoai-mai-lau-chui-bong-mo-da-nang"},{"@type":"BreadcrumbList","@id":"https:\/\/tranthi.vn\/hatinh\/son-nuoc-son-toa-son-phu-noi-that-toa-thoai-mai-lau-chui-bong-mo-da-nang\/#breadcrumb","itemListElement":[{"@type":"ListItem","position":1,"name":"Trang ch\u1ee7","item":"https:\/\/tranthi.vn\/hatinh\/"},{"@type":"ListItem","position":2,"name":"Shop","item":"https:\/\/tranthi.vn\/hatinh\/shop\/"},{"@type":"ListItem","position":3,"name":"Toa Tho\u00e0i M\u00e1i Lau Ch\u00f9i B\u00f3ng M\u1edd (5L)"}]},{"@type":"WebSite","@id":"https:\/\/tranthi.vn\/hatinh\/#website","url":"https:\/\/tranthi.vn\/hatinh\/","name":"V\u1eadt Li\u1ec7u X\u00e2y D\u1ef1ng Tr\u1ea7n Th\u1ecb Chi Nh\u00e1nh H\u00e0 T\u0129nh","description":"V\u1eadt Li\u1ec7u X\u00e2y D\u1ef1ng - H\u00e0 T\u0129nh","potentialAction":[{"@type":"SearchAction","target":{"@type":"EntryPoint","urlTemplate":"https:\/\/tranthi.vn\/hatinh\/?s={search_term_string}"},"query-input":"required name=search_term_string"}],"inLanguage":"vi"},{"@type":"ImageObject","inLanguage":"vi","@id":"https:\/\/tranthi.vn\/hatinh\/son-nuoc-son-toa-son-phu-noi-that-toa-thoai-mai-lau-chui-bong-mo-da-nang\/#local-main-organization-logo","url":"","contentUrl":"","caption":"V\u1eadt Li\u1ec7u X\u00e2y D\u1ef1ng Tr\u1ea7n Th\u1ecb Chi Nh\u00e1nh H\u00e0 T\u0129nh"}]},"product_price_amount":"575000","product_price_currency":"VND","og_availability":"instock","product_availability":"instock","product_condition":"new"},"_links":{"self":[{"href":"https:\/\/tranthi.vn\/hatinh\/wp-json\/wp\/v2\/product\/4994","targetHints":{"allow":["GET"]}}],"collection":[{"href":"https:\/\/tranthi.vn\/hatinh\/wp-json\/wp\/v2\/product"}],"about":[{"href":"https:\/\/tranthi.vn\/hatinh\/wp-json\/wp\/v2\/types\/product"}],"replies":[{"embeddable":true,"href":"https:\/\/tranthi.vn\/hatinh\/wp-json\/wp\/v2\/comments?post=4994"}],"wp:featuredmedia":[{"embeddable":true,"href":"https:\/\/tranthi.vn\/hatinh\/wp-json\/wp\/v2\/media\/4995"}],"wp:attachment":[{"href":"https:\/\/tranthi.vn\/hatinh\/wp-json\/wp\/v2\/media?parent=4994"}],"wp:term":[{"taxonomy":"product_cat","embeddable":true,"href":"https:\/\/tranthi.vn\/hatinh\/wp-json\/wp\/v2\/product_cat?post=4994"},{"taxonomy":"product_tag","embeddable":true,"href":"https:\/\/tranthi.vn\/hatinh\/wp-json\/wp\/v2\/product_tag?post=4994"}],"curies":[{"name":"wp","href":"https:\/\/api.w.org\/{rel}","templated":true}]}}