{"id":4962,"date":"2023-06-26T14:34:18","date_gmt":"2023-06-26T07:34:18","guid":{"rendered":"https:\/\/tranthi.vn\/quangnam\/?post_type=product&#038;p=4962"},"modified":"2024-05-04T14:07:24","modified_gmt":"2024-05-04T07:07:24","slug":"keo-cha-ron-premium-grout-mau-xam","status":"publish","type":"product","link":"https:\/\/tranthi.vn\/hatinh\/keo-cha-ron-premium-grout-mau-xam\/","title":{"rendered":"Keo Ch\u00e0 Ron Premium Grout (m\u00e0u x\u00e1m)"},"content":{"rendered":"","protected":false},"excerpt":{"rendered":"<p><span style=\"color: #0000ff; font-size: 130%; font-family: 'times new roman', times, serif;\">\ud83e\udd70\u01afu \u0111i\u1ec3m:<\/span><\/p>\n<ul>\n<li><span style=\"font-family: 'times new roman', times, serif; font-size: 130%;\">Ng\u0103n ch\u1eb7n vi khu\u1ea9n v\u00e0 v\u1ebft \u0111en t\u1eeb n\u1ea5m m\u1ed1c<\/span><\/li>\n<li><span style=\"font-family: 'times new roman', times, serif; font-size: 130%;\">Gi\u1ea3m th\u1ea5m, ch\u1ed1ng \u1ed1 v\u00e0 ng\u0103n ng\u1eeba b\u1ee5i b\u1ea9n<\/span><\/li>\n<li><span style=\"font-family: 'times new roman', times, serif; font-size: 130%;\">Ph\u00f9 h\u1ee3p cho \u0111\u01b0\u1eddng ron c\u00f3 chi\u1ec1u r\u1ed9ng t\u1eeb 1mm \u0111\u1ebfn 6mm<\/span><\/li>\n<\/ul>\n<p><span style=\"font-family: 'times new roman', times, serif; font-size: 130%;\">\ud83e\udd70\u0110\u1ecbnh m\u1ee9c ti\u00eau hao: <span style=\"color: #d83131;\">1kg\/4m<\/span> ( cho g\u1ea1ch k\u00edch th\u01b0\u1edbc 20*20cm) <span style=\"color: #d83131;\">\u0111\u01b0\u1eddng ron 3mm<\/span><\/span><\/p>\n<p><span style=\"font-family: 'times new roman', times, serif; font-size: 130%;\">\ud83e\udd70\u0110\u01a1n v\u1ecb t\u00ednh: bao 1kg<\/span><\/p>\n<p><span style=\"font-family: 'times new roman', times, serif; font-size: 130%;\">\ud83e\udd70\u0110\u00f3ng g\u00f3i: 20 bao\/th\u00f9ng<\/span><\/p>\n<p><span style=\"font-family: 'times new roman', times, serif; font-size: 130%;\">\ud83e\udd70\u0110\u01a1n gi\u00e1: <span style=\"color: #ff0000;\"><strong>43.000\u0111\/bao<\/strong><\/span><\/span><\/p>\n<p><span style=\"color: #0000ff; font-size: 130%; font-family: 'times new roman', times, serif;\">Giao h\u00e0ng t\u1eeb 20 bao trong \u0111\u1ecba b\u00e0n\u00a0<a style=\"color: #0000ff;\" href=\"https:\/\/fr.wikipedia.org\/wiki\/Da_Nang\">\u0110\u00e0 N\u1eb5ng<\/a><\/span><\/p>\n","protected":false},"featured_media":4963,"comment_status":"closed","ping_status":"closed","template":"","meta":[],"product_cat":[100],"product_tag":[],"class_list":{"0":"post-4962","1":"product","2":"type-product","3":"status-publish","4":"has-post-thumbnail","6":"product_cat-keo-dan-gach","8":"first","9":"instock","10":"sale","11":"shipping-taxable","12":"purchasable","13":"product-type-simple"},"yoast_head":"<!-- This site is optimized with the Yoast SEO Premium plugin v22.3 (Yoast SEO v22.8) - https:\/\/yoast.com\/wordpress\/plugins\/seo\/ -->\n<title>Keo Ch\u00e0 Ron Premium Grout (m\u00e0u x\u00e1m) - V\u1eadt Li\u1ec7u X\u00e2y D\u1ef1ng Tr\u1ea7n Th\u1ecb Chi Nh\u00e1nh H\u00e0 T\u0129nh<\/title>\n<meta name=\"robots\" content=\"index, follow, max-snippet:-1, max-image-preview:large, max-video-preview:-1\" \/>\n<link rel=\"canonical\" href=\"https:\/\/tranthi.vn\/hatinh\/keo-cha-ron-premium-grout-mau-xam\/\" \/>\n<meta property=\"og:locale\" content=\"vi_VN\" \/>\n<meta property=\"og:type\" content=\"article\" \/>\n<meta property=\"og:title\" content=\"Keo Ch\u00e0 Ron Premium Grout (m\u00e0u x\u00e1m)\" \/>\n<meta property=\"og:description\" content=\"\ud83e\udd70\u01afu \u0111i\u1ec3m:   Ng\u0103n ch\u1eb7n vi khu\u1ea9n v\u00e0 v\u1ebft \u0111en t\u1eeb n\u1ea5m m\u1ed1c  Gi\u1ea3m th\u1ea5m, ch\u1ed1ng \u1ed1 v\u00e0 ng\u0103n ng\u1eeba b\u1ee5i b\u1ea9n  Ph\u00f9 h\u1ee3p cho \u0111\u01b0\u1eddng ron c\u00f3 chi\u1ec1u r\u1ed9ng t\u1eeb 1mm \u0111\u1ebfn 6mm  \ud83e\udd70\u0110\u1ecbnh m\u1ee9c ti\u00eau hao: 1kg\/4m ( cho g\u1ea1ch k\u00edch th\u01b0\u1edbc 20*20cm) \u0111\u01b0\u1eddng ron 3mm  \ud83e\udd70\u0110\u01a1n v\u1ecb t\u00ednh: bao 1kg  \ud83e\udd70\u0110\u00f3ng g\u00f3i: 20 bao\/th\u00f9ng  \ud83e\udd70\u0110\u01a1n gi\u00e1: 43.000\u0111\/bao  Giao h\u00e0ng t\u1eeb 20 bao trong \u0111\u1ecba b\u00e0n\u00a0\u0110\u00e0 N\u1eb5ng\" \/>\n<meta property=\"og:url\" content=\"https:\/\/tranthi.vn\/hatinh\/keo-cha-ron-premium-grout-mau-xam\/\" \/>\n<meta property=\"og:site_name\" content=\"V\u1eadt Li\u1ec7u X\u00e2y D\u1ef1ng Tr\u1ea7n Th\u1ecb Chi Nh\u00e1nh H\u00e0 T\u0129nh\" \/>\n<meta property=\"article:modified_time\" content=\"2024-05-04T07:07:24+00:00\" \/>\n<meta property=\"og:image\" content=\"https:\/\/tranthi.vn\/hatinh\/wp-content\/uploads\/2023\/06\/keo-cha-ron-premiumtile-grout-mau-xam-da-nang-Copy.jpg\" \/>\n\t<meta property=\"og:image:width\" content=\"400\" \/>\n\t<meta property=\"og:image:height\" content=\"350\" \/>\n\t<meta property=\"og:image:type\" content=\"image\/jpeg\" \/>\n<meta name=\"twitter:card\" content=\"summary_large_image\" \/>\n<meta name=\"twitter:label1\" content=\"Gi\u00e1\" \/>\n\t<meta name=\"twitter:data1\" content=\"43,000&nbsp;&#8363;\" \/>\n\t<meta name=\"twitter:label2\" content=\"Kh\u1ea3 d\u1ee5ng\" \/>\n\t<meta name=\"twitter:data2\" content=\"Trong kho\" \/>\n<script type=\"application\/ld+json\" class=\"yoast-schema-graph\">{\"@context\":\"https:\/\/schema.org\",\"@graph\":[{\"@type\":[\"WebPage\",\"ItemPage\"],\"@id\":\"https:\/\/tranthi.vn\/hatinh\/keo-cha-ron-premium-grout-mau-xam\/\",\"url\":\"https:\/\/tranthi.vn\/hatinh\/keo-cha-ron-premium-grout-mau-xam\/\",\"name\":\"Keo Ch\u00e0 Ron Premium Grout (m\u00e0u x\u00e1m) - V\u1eadt Li\u1ec7u X\u00e2y D\u1ef1ng Tr\u1ea7n Th\u1ecb Chi Nh\u00e1nh H\u00e0 T\u0129nh\",\"isPartOf\":{\"@id\":\"https:\/\/tranthi.vn\/hatinh\/#website\"},\"primaryImageOfPage\":{\"@id\":\"https:\/\/tranthi.vn\/hatinh\/keo-cha-ron-premium-grout-mau-xam\/#primaryimage\"},\"image\":{\"@id\":\"https:\/\/tranthi.vn\/hatinh\/keo-cha-ron-premium-grout-mau-xam\/#primaryimage\"},\"thumbnailUrl\":\"https:\/\/tranthi.vn\/hatinh\/wp-content\/uploads\/2023\/06\/keo-cha-ron-premiumtile-grout-mau-xam-da-nang-Copy.jpg\",\"datePublished\":\"2023-06-26T07:34:18+00:00\",\"dateModified\":\"2024-05-04T07:07:24+00:00\",\"breadcrumb\":{\"@id\":\"https:\/\/tranthi.vn\/hatinh\/keo-cha-ron-premium-grout-mau-xam\/#breadcrumb\"},\"inLanguage\":\"vi\",\"potentialAction\":[{\"@type\":\"ReadAction\",\"target\":[\"https:\/\/tranthi.vn\/hatinh\/keo-cha-ron-premium-grout-mau-xam\/\"]}]},{\"@type\":\"ImageObject\",\"inLanguage\":\"vi\",\"@id\":\"https:\/\/tranthi.vn\/hatinh\/keo-cha-ron-premium-grout-mau-xam\/#primaryimage\",\"url\":\"https:\/\/tranthi.vn\/hatinh\/wp-content\/uploads\/2023\/06\/keo-cha-ron-premiumtile-grout-mau-xam-da-nang-Copy.jpg\",\"contentUrl\":\"https:\/\/tranthi.vn\/hatinh\/wp-content\/uploads\/2023\/06\/keo-cha-ron-premiumtile-grout-mau-xam-da-nang-Copy.jpg\",\"width\":400,\"height\":350,\"caption\":\"keo-ch\u00e0-ron-premiumtile-grout-m\u00e0u x\u00e1m-\u0111\u00e0-n\u1eb5ng\"},{\"@type\":\"BreadcrumbList\",\"@id\":\"https:\/\/tranthi.vn\/hatinh\/keo-cha-ron-premium-grout-mau-xam\/#breadcrumb\",\"itemListElement\":[{\"@type\":\"ListItem\",\"position\":1,\"name\":\"Trang ch\u1ee7\",\"item\":\"https:\/\/tranthi.vn\/hatinh\/\"},{\"@type\":\"ListItem\",\"position\":2,\"name\":\"Shop\",\"item\":\"https:\/\/tranthi.vn\/hatinh\/shop\/\"},{\"@type\":\"ListItem\",\"position\":3,\"name\":\"Keo Ch\u00e0 Ron Premium Grout (m\u00e0u x\u00e1m)\"}]},{\"@type\":\"WebSite\",\"@id\":\"https:\/\/tranthi.vn\/hatinh\/#website\",\"url\":\"https:\/\/tranthi.vn\/hatinh\/\",\"name\":\"V\u1eadt Li\u1ec7u X\u00e2y D\u1ef1ng Tr\u1ea7n Th\u1ecb Chi Nh\u00e1nh H\u00e0 T\u0129nh\",\"description\":\"V\u1eadt Li\u1ec7u X\u00e2y D\u1ef1ng - H\u00e0 T\u0129nh\",\"potentialAction\":[{\"@type\":\"SearchAction\",\"target\":{\"@type\":\"EntryPoint\",\"urlTemplate\":\"https:\/\/tranthi.vn\/hatinh\/?s={search_term_string}\"},\"query-input\":\"required name=search_term_string\"}],\"inLanguage\":\"vi\"},{\"@type\":\"ImageObject\",\"inLanguage\":\"vi\",\"@id\":\"https:\/\/tranthi.vn\/hatinh\/keo-cha-ron-premium-grout-mau-xam\/#local-main-organization-logo\",\"url\":\"\",\"contentUrl\":\"\",\"caption\":\"V\u1eadt Li\u1ec7u X\u00e2y D\u1ef1ng Tr\u1ea7n Th\u1ecb Chi Nh\u00e1nh H\u00e0 T\u0129nh\"}]}<\/script>\n<meta property=\"product:price:amount\" content=\"43000\" \/>\n<meta property=\"product:price:currency\" content=\"VND\" \/>\n<meta property=\"og:availability\" content=\"instock\" \/>\n<meta property=\"product:availability\" content=\"instock\" \/>\n<meta property=\"product:condition\" content=\"new\" \/>\n<!-- \/ Yoast SEO Premium plugin. -->","yoast_head_json":{"title":"Keo Ch\u00e0 Ron Premium Grout (m\u00e0u x\u00e1m) - V\u1eadt Li\u1ec7u X\u00e2y D\u1ef1ng Tr\u1ea7n Th\u1ecb Chi Nh\u00e1nh H\u00e0 T\u0129nh","robots":{"index":"index","follow":"follow","max-snippet":"max-snippet:-1","max-image-preview":"max-image-preview:large","max-video-preview":"max-video-preview:-1"},"canonical":"https:\/\/tranthi.vn\/hatinh\/keo-cha-ron-premium-grout-mau-xam\/","og_locale":"vi_VN","og_type":"article","og_title":"Keo Ch\u00e0 Ron Premium Grout (m\u00e0u x\u00e1m)","og_description":"\ud83e\udd70\u01afu \u0111i\u1ec3m:   Ng\u0103n ch\u1eb7n vi khu\u1ea9n v\u00e0 v\u1ebft \u0111en t\u1eeb n\u1ea5m m\u1ed1c  Gi\u1ea3m th\u1ea5m, ch\u1ed1ng \u1ed1 v\u00e0 ng\u0103n ng\u1eeba b\u1ee5i b\u1ea9n  Ph\u00f9 h\u1ee3p cho \u0111\u01b0\u1eddng ron c\u00f3 chi\u1ec1u r\u1ed9ng t\u1eeb 1mm \u0111\u1ebfn 6mm  \ud83e\udd70\u0110\u1ecbnh m\u1ee9c ti\u00eau hao: 1kg\/4m ( cho g\u1ea1ch k\u00edch th\u01b0\u1edbc 20*20cm) \u0111\u01b0\u1eddng ron 3mm  \ud83e\udd70\u0110\u01a1n v\u1ecb t\u00ednh: bao 1kg  \ud83e\udd70\u0110\u00f3ng g\u00f3i: 20 bao\/th\u00f9ng  \ud83e\udd70\u0110\u01a1n gi\u00e1: 43.000\u0111\/bao  Giao h\u00e0ng t\u1eeb 20 bao trong \u0111\u1ecba b\u00e0n\u00a0\u0110\u00e0 N\u1eb5ng","og_url":"https:\/\/tranthi.vn\/hatinh\/keo-cha-ron-premium-grout-mau-xam\/","og_site_name":"V\u1eadt Li\u1ec7u X\u00e2y D\u1ef1ng Tr\u1ea7n Th\u1ecb Chi Nh\u00e1nh H\u00e0 T\u0129nh","article_modified_time":"2024-05-04T07:07:24+00:00","og_image":[{"width":400,"height":350,"url":"https:\/\/tranthi.vn\/hatinh\/wp-content\/uploads\/2023\/06\/keo-cha-ron-premiumtile-grout-mau-xam-da-nang-Copy.jpg","type":"image\/jpeg"}],"twitter_card":"summary_large_image","twitter_misc":{"Gi\u00e1":"43,000&nbsp;&#8363;","Kh\u1ea3 d\u1ee5ng":"Trong kho"},"schema":{"@context":"https:\/\/schema.org","@graph":[{"@type":["WebPage","ItemPage"],"@id":"https:\/\/tranthi.vn\/hatinh\/keo-cha-ron-premium-grout-mau-xam\/","url":"https:\/\/tranthi.vn\/hatinh\/keo-cha-ron-premium-grout-mau-xam\/","name":"Keo Ch\u00e0 Ron Premium Grout (m\u00e0u x\u00e1m) - V\u1eadt Li\u1ec7u X\u00e2y D\u1ef1ng Tr\u1ea7n Th\u1ecb Chi Nh\u00e1nh H\u00e0 T\u0129nh","isPartOf":{"@id":"https:\/\/tranthi.vn\/hatinh\/#website"},"primaryImageOfPage":{"@id":"https:\/\/tranthi.vn\/hatinh\/keo-cha-ron-premium-grout-mau-xam\/#primaryimage"},"image":{"@id":"https:\/\/tranthi.vn\/hatinh\/keo-cha-ron-premium-grout-mau-xam\/#primaryimage"},"thumbnailUrl":"https:\/\/tranthi.vn\/hatinh\/wp-content\/uploads\/2023\/06\/keo-cha-ron-premiumtile-grout-mau-xam-da-nang-Copy.jpg","datePublished":"2023-06-26T07:34:18+00:00","dateModified":"2024-05-04T07:07:24+00:00","breadcrumb":{"@id":"https:\/\/tranthi.vn\/hatinh\/keo-cha-ron-premium-grout-mau-xam\/#breadcrumb"},"inLanguage":"vi","potentialAction":[{"@type":"ReadAction","target":["https:\/\/tranthi.vn\/hatinh\/keo-cha-ron-premium-grout-mau-xam\/"]}]},{"@type":"ImageObject","inLanguage":"vi","@id":"https:\/\/tranthi.vn\/hatinh\/keo-cha-ron-premium-grout-mau-xam\/#primaryimage","url":"https:\/\/tranthi.vn\/hatinh\/wp-content\/uploads\/2023\/06\/keo-cha-ron-premiumtile-grout-mau-xam-da-nang-Copy.jpg","contentUrl":"https:\/\/tranthi.vn\/hatinh\/wp-content\/uploads\/2023\/06\/keo-cha-ron-premiumtile-grout-mau-xam-da-nang-Copy.jpg","width":400,"height":350,"caption":"keo-ch\u00e0-ron-premiumtile-grout-m\u00e0u x\u00e1m-\u0111\u00e0-n\u1eb5ng"},{"@type":"BreadcrumbList","@id":"https:\/\/tranthi.vn\/hatinh\/keo-cha-ron-premium-grout-mau-xam\/#breadcrumb","itemListElement":[{"@type":"ListItem","position":1,"name":"Trang ch\u1ee7","item":"https:\/\/tranthi.vn\/hatinh\/"},{"@type":"ListItem","position":2,"name":"Shop","item":"https:\/\/tranthi.vn\/hatinh\/shop\/"},{"@type":"ListItem","position":3,"name":"Keo Ch\u00e0 Ron Premium Grout (m\u00e0u x\u00e1m)"}]},{"@type":"WebSite","@id":"https:\/\/tranthi.vn\/hatinh\/#website","url":"https:\/\/tranthi.vn\/hatinh\/","name":"V\u1eadt Li\u1ec7u X\u00e2y D\u1ef1ng Tr\u1ea7n Th\u1ecb Chi Nh\u00e1nh H\u00e0 T\u0129nh","description":"V\u1eadt Li\u1ec7u X\u00e2y D\u1ef1ng - H\u00e0 T\u0129nh","potentialAction":[{"@type":"SearchAction","target":{"@type":"EntryPoint","urlTemplate":"https:\/\/tranthi.vn\/hatinh\/?s={search_term_string}"},"query-input":"required name=search_term_string"}],"inLanguage":"vi"},{"@type":"ImageObject","inLanguage":"vi","@id":"https:\/\/tranthi.vn\/hatinh\/keo-cha-ron-premium-grout-mau-xam\/#local-main-organization-logo","url":"","contentUrl":"","caption":"V\u1eadt Li\u1ec7u X\u00e2y D\u1ef1ng Tr\u1ea7n Th\u1ecb Chi Nh\u00e1nh H\u00e0 T\u0129nh"}]},"product_price_amount":"43000","product_price_currency":"VND","og_availability":"instock","product_availability":"instock","product_condition":"new"},"_links":{"self":[{"href":"https:\/\/tranthi.vn\/hatinh\/wp-json\/wp\/v2\/product\/4962","targetHints":{"allow":["GET"]}}],"collection":[{"href":"https:\/\/tranthi.vn\/hatinh\/wp-json\/wp\/v2\/product"}],"about":[{"href":"https:\/\/tranthi.vn\/hatinh\/wp-json\/wp\/v2\/types\/product"}],"replies":[{"embeddable":true,"href":"https:\/\/tranthi.vn\/hatinh\/wp-json\/wp\/v2\/comments?post=4962"}],"wp:featuredmedia":[{"embeddable":true,"href":"https:\/\/tranthi.vn\/hatinh\/wp-json\/wp\/v2\/media\/4963"}],"wp:attachment":[{"href":"https:\/\/tranthi.vn\/hatinh\/wp-json\/wp\/v2\/media?parent=4962"}],"wp:term":[{"taxonomy":"product_cat","embeddable":true,"href":"https:\/\/tranthi.vn\/hatinh\/wp-json\/wp\/v2\/product_cat?post=4962"},{"taxonomy":"product_tag","embeddable":true,"href":"https:\/\/tranthi.vn\/hatinh\/wp-json\/wp\/v2\/product_tag?post=4962"}],"curies":[{"name":"wp","href":"https:\/\/api.w.org\/{rel}","templated":true}]}}