{"id":4960,"date":"2023-06-26T14:25:56","date_gmt":"2023-06-26T07:25:56","guid":{"rendered":"https:\/\/tranthi.vn\/quangnam\/?post_type=product&#038;p=4960"},"modified":"2024-05-04T14:10:52","modified_gmt":"2024-05-04T07:10:52","slug":"keo-cha-ron-premium-grout-mau-kem-mau-trang","status":"publish","type":"product","link":"https:\/\/tranthi.vn\/hatinh\/keo-cha-ron-premium-grout-mau-kem-mau-trang\/","title":{"rendered":"Keo Ch\u00e0 Ron Premium Grout (m\u00e0u kem, m\u00e0u tr\u1eafng)"},"content":{"rendered":"<h2><span style=\"font-family: 'times new roman', times, serif; font-size: 120%;\"><strong>Keo ch\u00e0 ron l\u00e0 g\u00ec ?\u00a0<\/strong><\/span><\/h2>\n<p><span style=\"font-family: 'times new roman', times, serif; font-size: 120%;\"><strong>&#8211;\u00a0<a href=\"http:\/\/hongtamphat.com\/bai-viet\/keo-cha-ron-686.html\">Keo ch\u00e0 ron<\/a><\/strong>\u00a0l\u00e0 v\u1eadt li\u1ec7u d\u00f9ng \u0111\u1ec3 tr\u00e1m, ch\u00e0 v\u00e0o\u00a0<strong>ron\u00a0g\u1ea1ch<\/strong>\u00a0nh\u1eb1m t\u1ea1o li\u00ean k\u1ebft gi\u1eefa c\u00e1c vi\u00ean g\u1ea1ch l\u00e0m k\u00edn b\u1ec1 m\u1eb7t s\u00e0n hay g\u1ecdi chung l\u00e0 c\u1ea7u n\u1ed1i gi\u1eefa ron g\u1ea1ch v\u00e0 g\u1ea1ch ho\u1eb7c g\u1ea1ch\u00a0v\u00e0 m\u1ed9t s\u1ed1 ch\u1ea5t li\u1ec7u kh\u00e1c khi thi c\u00f4ng x\u00e2y d\u1ef1ng.<\/span><\/p>\n<p><span style=\"font-family: 'times new roman', times, serif; font-size: 120%;\"><strong>C\u00e1c c\u00f4ng d\u1ee5ng b\u1ed5 tr\u1ee3 kh\u00e1c:<\/strong><\/span><\/p>\n<p><span style=\"font-family: 'times new roman', times, serif; font-size: 120%;\">+ D\u1ec5 d\u00e0ng t\u00e1ch ra t\u1eebng vi\u00ean g\u1ea1ch n\u1ebfu mu\u1ed1n thay th\u1ebf m\u1ed9t s\u1ed1 vi\u00ean b\u1ecb l\u1ed7i, hay m\u1ed9t s\u1ed1 v\u1ecb tr\u00ed n\u00e0o \u0111\u00f3 m\u00e0 kh\u00f4ng l\u00e0m b\u1ec3 c\u00e1c vi\u00ean g\u1ea1ch l\u00e2n c\u1eadn ( t\u00ecnh tr\u1ea1ng n\u00e0y hi\u1ec7n nay r\u1ea5t nhi\u1ec1u).\u00a0<\/span><\/p>\n<p><span style=\"font-family: 'times new roman', times, serif; font-size: 120%;\">+ Ch\u00ednh s\u1ef1\u00a0b\u00e1m d\u00ednh ch\u1eafc ch\u1eafn\u00a0k\u00edn m\u00e9p cho c\u00e1c\u00a0khu\u00a0v\u1ef1c c\u00f4ng tr\u00ecnh thi c\u00f4ng\u00a0l\u00e0 c\u01a1 s\u1edf cho ch\u1ee9c n\u0103ng\u00a0ch\u1ed1ng th\u1ea5m s\u00e0n nh\u00e0 v\u1ec7 sinh\u00a0hi\u1ec7u qu\u1ea3\u00a0c\u1ee7a s\u1ea3n ph\u1ea9m\u00a0keo d\u00e1n\u00a0<a href=\"https:\/\/hongtamphat.com\/bai-viet\/huong-dan-thi-cong-cha-ron-644.html#c%C3%A1ch_ch%C3%A0\">ron g\u1ea1ch<\/a>,\u00a0<a href=\"https:\/\/keoronsangach.com\/bai-viet\/keo-ron-chong-tham-61.html#keo-ron-chong-tam\">keo ch\u00e0 ron\u00a0ch\u1ed1ng th\u1ea5m<\/a>\u00a0h\u01a1n b\u1ea5t k\u1ef3 lo\u1ea1i v\u1eadt li\u1ec7u n\u00e0o kh\u00e1c.<\/span><\/p>\n<p><span style=\"font-family: 'times new roman', times, serif; font-size: 120%;\">+ \u0110\u1ed1i v\u1edbi m\u1ed7i lo\u1ea1i g\u1ea1ch, hay d\u00f2ng g\u1ea1ch th\u00ec c\u1ea7n c\u00f3 m\u1ed9t m\u00e0u ron kh\u00e1c nhau, hay b\u1ed9t ch\u00e0 ron ri\u00eang. B\u1ea1n c\u00f3 th\u1ec3 d\u1ef1a v\u00e0o m\u00e0u c\u1ee7a g\u1ea1ch \u1ed1p \u0111\u1ec3 ch\u1ecdn lo\u1ea1i b\u1ed9t ch\u00e0 ron ph\u00f9 h\u1ee3p v\u1edbi t\u00f4ng m\u00e0u t\u01b0\u01a1ng \u0111\u1ed3ng cho s\u00e0n nh\u00e0 \u0111\u1ed3ng nh\u1ea5t.\u00a0<\/span><\/p>\n<p><span style=\"font-family: 'times new roman', times, serif; font-size: 120%;\">+ Ron g\u1ea1ch ch\u1eafc ch\u1eafn kh\u00f4ng cho n\u01b0\u1edbc, b\u1ee5i b\u1ea9n th\u00e2m nh\u1eadp t\u1eeb tr\u00ean xu\u1ed1ng \u2013 \u0111\u1ed9 s\u00e2u b\u00e1m d\u00ednh k\u00edn k\u1ebd c\u1ee7a khu v\u1ef1c ron kh\u00f4ng c\u00f3 c\u01a1 h\u1ed9i cho tr\u00e0o ng\u01b0\u1ee3c b\u1ea5t c\u1ee9 th\u1ee9 g\u00ec t\u1eeb d\u01b0\u1edbi l\u00ean\u2026.<\/span><\/p>\n","protected":false},"excerpt":{"rendered":"<p><span style=\"color: #0000ff; font-size: 130%; font-family: 'times new roman', times, serif;\">\ud83e\udd70\u01afu \u0111i\u1ec3m:<\/span><\/p>\n<ul>\n<li><span style=\"font-family: 'times new roman', times, serif; font-size: 130%;\">T\u0103ng c\u01b0\u1eddng \u0111\u1ed9 b\u1ec1n k\u00e9o<\/span><\/li>\n<li><span style=\"font-family: 'times new roman', times, serif; font-size: 130%;\">T\u0103ng c\u01b0\u1eddng kh\u1ea3 n\u0103ng t\u1ea1o c\u1ea7u v\u1ebft n\u1ee9t<\/span><\/li>\n<li><span style=\"font-family: 'times new roman', times, serif; font-size: 130%;\">T\u0103ng \u0111\u1ed9 b\u1ec1n v\u00e0 h\u1ea1n ch\u1ebf x\u00e9 n\u1ee9t c\u1ee7a h\u1ec7 th\u1ed1ng ch\u1ed1ng th\u1ea5m<\/span><\/li>\n<\/ul>\n<p><span style=\"font-size: 130%; font-family: 'times new roman', times, serif;\">\ud83e\udd70\u0110\u1ecbnh m\u1ee9c ti\u00eau hao:<span style=\"color: #d83131;\"> 1kg\/4m<\/span> ( cho g\u1ea1ch k\u00edch th\u01b0\u1edbc 20*20cm) \u0111\u01b0\u1eddng ron 3mm<\/span><\/p>\n<p><span style=\"font-size: 130%; font-family: 'times new roman', times, serif;\">\ud83e\udd70\u0110\u01a1n v\u1ecb t\u00ednh: <span style=\"color: #d83131;\">bao 1kg<\/span><\/span><\/p>\n<p><span style=\"font-size: 130%; font-family: 'times new roman', times, serif;\">\ud83e\udd70\u0110\u00f3ng g\u00f3i: 20 bao\/th\u00f9ng<\/span><\/p>\n<p><span style=\"color: #d83131; font-size: 130%; font-family: 'times new roman', times, serif;\">\ud83e\udd70<\/span><span style=\"font-size: 130%; font-family: 'times new roman', times, serif;\">\u0110\u01a1n gi\u00e1: <span style=\"color: #ff0000;\"><strong>33.000\u0111\/bao<\/strong><\/span><\/span><\/p>\n<p><span style=\"color: #0000ff; font-size: 130%; font-family: 'times new roman', times, serif;\"><em>Giao h\u00e0ng t\u1eeb 20 bao trong \u0111\u1ecba b\u00e0n\u00a0<a style=\"color: #0000ff;\" href=\"https:\/\/fr.wikipedia.org\/wiki\/Da_Nang\">\u0110\u00e0 N\u1eb5ng<\/a><\/em><\/span><\/p>\n","protected":false},"featured_media":4961,"comment_status":"closed","ping_status":"closed","template":"","meta":[],"product_cat":[100],"product_tag":[],"class_list":{"0":"post-4960","1":"product","2":"type-product","3":"status-publish","4":"has-post-thumbnail","6":"product_cat-keo-dan-gach","8":"first","9":"instock","10":"sale","11":"shipping-taxable","12":"purchasable","13":"product-type-simple"},"yoast_head":"<!-- This site is optimized with the Yoast SEO Premium plugin v22.3 (Yoast SEO v22.8) - https:\/\/yoast.com\/wordpress\/plugins\/seo\/ -->\n<title>Keo Ch\u00e0 Ron Premium Grout (m\u00e0u kem, m\u00e0u tr\u1eafng) - V\u1eadt Li\u1ec7u X\u00e2y D\u1ef1ng Tr\u1ea7n Th\u1ecb Chi Nh\u00e1nh H\u00e0 T\u0129nh<\/title>\n<meta name=\"robots\" content=\"index, follow, max-snippet:-1, max-image-preview:large, max-video-preview:-1\" \/>\n<link rel=\"canonical\" href=\"https:\/\/tranthi.vn\/hatinh\/keo-cha-ron-premium-grout-mau-kem-mau-trang\/\" \/>\n<meta property=\"og:locale\" content=\"vi_VN\" \/>\n<meta property=\"og:type\" content=\"article\" \/>\n<meta property=\"og:title\" content=\"Keo Ch\u00e0 Ron Premium Grout (m\u00e0u kem, m\u00e0u tr\u1eafng)\" \/>\n<meta property=\"og:description\" content=\"\ud83e\udd70\u01afu \u0111i\u1ec3m:   T\u0103ng c\u01b0\u1eddng \u0111\u1ed9 b\u1ec1n k\u00e9o  T\u0103ng c\u01b0\u1eddng kh\u1ea3 n\u0103ng t\u1ea1o c\u1ea7u v\u1ebft n\u1ee9t  T\u0103ng \u0111\u1ed9 b\u1ec1n v\u00e0 h\u1ea1n ch\u1ebf x\u00e9 n\u1ee9t c\u1ee7a h\u1ec7 th\u1ed1ng ch\u1ed1ng th\u1ea5m  \ud83e\udd70\u0110\u1ecbnh m\u1ee9c ti\u00eau hao: 1kg\/4m ( cho g\u1ea1ch k\u00edch th\u01b0\u1edbc 20*20cm) \u0111\u01b0\u1eddng ron 3mm  \ud83e\udd70\u0110\u01a1n v\u1ecb t\u00ednh: bao 1kg  \ud83e\udd70\u0110\u00f3ng g\u00f3i: 20 bao\/th\u00f9ng  \ud83e\udd70\u0110\u01a1n gi\u00e1: 33.000\u0111\/bao  Giao h\u00e0ng t\u1eeb 20 bao trong \u0111\u1ecba b\u00e0n\u00a0\u0110\u00e0 N\u1eb5ng\" \/>\n<meta property=\"og:url\" content=\"https:\/\/tranthi.vn\/hatinh\/keo-cha-ron-premium-grout-mau-kem-mau-trang\/\" \/>\n<meta property=\"og:site_name\" content=\"V\u1eadt Li\u1ec7u X\u00e2y D\u1ef1ng Tr\u1ea7n Th\u1ecb Chi Nh\u00e1nh H\u00e0 T\u0129nh\" \/>\n<meta property=\"article:modified_time\" content=\"2024-05-04T07:10:52+00:00\" \/>\n<meta property=\"og:image\" content=\"https:\/\/tranthi.vn\/hatinh\/wp-content\/uploads\/2023\/06\/keo-cha-ron-premiumtile-grout-mau-kem-mau-trang-da-nang.jpg\" \/>\n\t<meta property=\"og:image:width\" content=\"400\" \/>\n\t<meta property=\"og:image:height\" content=\"350\" \/>\n\t<meta property=\"og:image:type\" content=\"image\/jpeg\" \/>\n<meta name=\"twitter:card\" content=\"summary_large_image\" \/>\n<meta name=\"twitter:label1\" content=\"Gi\u00e1\" \/>\n\t<meta name=\"twitter:data1\" content=\"33,000&nbsp;&#8363;\" \/>\n\t<meta name=\"twitter:label2\" content=\"Kh\u1ea3 d\u1ee5ng\" \/>\n\t<meta name=\"twitter:data2\" content=\"Trong kho\" \/>\n<script type=\"application\/ld+json\" class=\"yoast-schema-graph\">{\"@context\":\"https:\/\/schema.org\",\"@graph\":[{\"@type\":[\"WebPage\",\"ItemPage\"],\"@id\":\"https:\/\/tranthi.vn\/hatinh\/keo-cha-ron-premium-grout-mau-kem-mau-trang\/\",\"url\":\"https:\/\/tranthi.vn\/hatinh\/keo-cha-ron-premium-grout-mau-kem-mau-trang\/\",\"name\":\"Keo Ch\u00e0 Ron Premium Grout (m\u00e0u kem, m\u00e0u tr\u1eafng) - V\u1eadt Li\u1ec7u X\u00e2y D\u1ef1ng Tr\u1ea7n Th\u1ecb Chi Nh\u00e1nh H\u00e0 T\u0129nh\",\"isPartOf\":{\"@id\":\"https:\/\/tranthi.vn\/hatinh\/#website\"},\"primaryImageOfPage\":{\"@id\":\"https:\/\/tranthi.vn\/hatinh\/keo-cha-ron-premium-grout-mau-kem-mau-trang\/#primaryimage\"},\"image\":{\"@id\":\"https:\/\/tranthi.vn\/hatinh\/keo-cha-ron-premium-grout-mau-kem-mau-trang\/#primaryimage\"},\"thumbnailUrl\":\"https:\/\/tranthi.vn\/hatinh\/wp-content\/uploads\/2023\/06\/keo-cha-ron-premiumtile-grout-mau-kem-mau-trang-da-nang.jpg\",\"datePublished\":\"2023-06-26T07:25:56+00:00\",\"dateModified\":\"2024-05-04T07:10:52+00:00\",\"breadcrumb\":{\"@id\":\"https:\/\/tranthi.vn\/hatinh\/keo-cha-ron-premium-grout-mau-kem-mau-trang\/#breadcrumb\"},\"inLanguage\":\"vi\",\"potentialAction\":[{\"@type\":\"ReadAction\",\"target\":[\"https:\/\/tranthi.vn\/hatinh\/keo-cha-ron-premium-grout-mau-kem-mau-trang\/\"]}]},{\"@type\":\"ImageObject\",\"inLanguage\":\"vi\",\"@id\":\"https:\/\/tranthi.vn\/hatinh\/keo-cha-ron-premium-grout-mau-kem-mau-trang\/#primaryimage\",\"url\":\"https:\/\/tranthi.vn\/hatinh\/wp-content\/uploads\/2023\/06\/keo-cha-ron-premiumtile-grout-mau-kem-mau-trang-da-nang.jpg\",\"contentUrl\":\"https:\/\/tranthi.vn\/hatinh\/wp-content\/uploads\/2023\/06\/keo-cha-ron-premiumtile-grout-mau-kem-mau-trang-da-nang.jpg\",\"width\":400,\"height\":350,\"caption\":\"keo-ch\u00e0-ron-premiumtile-grout-m\u00e0u kem-m\u00e0u-tr\u1eafng-\u0111\u00e0-n\u1eb5ng\"},{\"@type\":\"BreadcrumbList\",\"@id\":\"https:\/\/tranthi.vn\/hatinh\/keo-cha-ron-premium-grout-mau-kem-mau-trang\/#breadcrumb\",\"itemListElement\":[{\"@type\":\"ListItem\",\"position\":1,\"name\":\"Trang ch\u1ee7\",\"item\":\"https:\/\/tranthi.vn\/hatinh\/\"},{\"@type\":\"ListItem\",\"position\":2,\"name\":\"Shop\",\"item\":\"https:\/\/tranthi.vn\/hatinh\/shop\/\"},{\"@type\":\"ListItem\",\"position\":3,\"name\":\"Keo Ch\u00e0 Ron Premium Grout (m\u00e0u kem, m\u00e0u tr\u1eafng)\"}]},{\"@type\":\"WebSite\",\"@id\":\"https:\/\/tranthi.vn\/hatinh\/#website\",\"url\":\"https:\/\/tranthi.vn\/hatinh\/\",\"name\":\"V\u1eadt Li\u1ec7u X\u00e2y D\u1ef1ng Tr\u1ea7n Th\u1ecb Chi Nh\u00e1nh H\u00e0 T\u0129nh\",\"description\":\"V\u1eadt Li\u1ec7u X\u00e2y D\u1ef1ng - H\u00e0 T\u0129nh\",\"potentialAction\":[{\"@type\":\"SearchAction\",\"target\":{\"@type\":\"EntryPoint\",\"urlTemplate\":\"https:\/\/tranthi.vn\/hatinh\/?s={search_term_string}\"},\"query-input\":\"required name=search_term_string\"}],\"inLanguage\":\"vi\"},{\"@type\":\"ImageObject\",\"inLanguage\":\"vi\",\"@id\":\"https:\/\/tranthi.vn\/hatinh\/keo-cha-ron-premium-grout-mau-kem-mau-trang\/#local-main-organization-logo\",\"url\":\"\",\"contentUrl\":\"\",\"caption\":\"V\u1eadt Li\u1ec7u X\u00e2y D\u1ef1ng Tr\u1ea7n Th\u1ecb Chi Nh\u00e1nh H\u00e0 T\u0129nh\"}]}<\/script>\n<meta property=\"product:price:amount\" content=\"33000\" \/>\n<meta property=\"product:price:currency\" content=\"VND\" \/>\n<meta property=\"og:availability\" content=\"instock\" \/>\n<meta property=\"product:availability\" content=\"instock\" \/>\n<meta property=\"product:condition\" content=\"new\" \/>\n<!-- \/ Yoast SEO Premium plugin. -->","yoast_head_json":{"title":"Keo Ch\u00e0 Ron Premium Grout (m\u00e0u kem, m\u00e0u tr\u1eafng) - V\u1eadt Li\u1ec7u X\u00e2y D\u1ef1ng Tr\u1ea7n Th\u1ecb Chi Nh\u00e1nh H\u00e0 T\u0129nh","robots":{"index":"index","follow":"follow","max-snippet":"max-snippet:-1","max-image-preview":"max-image-preview:large","max-video-preview":"max-video-preview:-1"},"canonical":"https:\/\/tranthi.vn\/hatinh\/keo-cha-ron-premium-grout-mau-kem-mau-trang\/","og_locale":"vi_VN","og_type":"article","og_title":"Keo Ch\u00e0 Ron Premium Grout (m\u00e0u kem, m\u00e0u tr\u1eafng)","og_description":"\ud83e\udd70\u01afu \u0111i\u1ec3m:   T\u0103ng c\u01b0\u1eddng \u0111\u1ed9 b\u1ec1n k\u00e9o  T\u0103ng c\u01b0\u1eddng kh\u1ea3 n\u0103ng t\u1ea1o c\u1ea7u v\u1ebft n\u1ee9t  T\u0103ng \u0111\u1ed9 b\u1ec1n v\u00e0 h\u1ea1n ch\u1ebf x\u00e9 n\u1ee9t c\u1ee7a h\u1ec7 th\u1ed1ng ch\u1ed1ng th\u1ea5m  \ud83e\udd70\u0110\u1ecbnh m\u1ee9c ti\u00eau hao: 1kg\/4m ( cho g\u1ea1ch k\u00edch th\u01b0\u1edbc 20*20cm) \u0111\u01b0\u1eddng ron 3mm  \ud83e\udd70\u0110\u01a1n v\u1ecb t\u00ednh: bao 1kg  \ud83e\udd70\u0110\u00f3ng g\u00f3i: 20 bao\/th\u00f9ng  \ud83e\udd70\u0110\u01a1n gi\u00e1: 33.000\u0111\/bao  Giao h\u00e0ng t\u1eeb 20 bao trong \u0111\u1ecba b\u00e0n\u00a0\u0110\u00e0 N\u1eb5ng","og_url":"https:\/\/tranthi.vn\/hatinh\/keo-cha-ron-premium-grout-mau-kem-mau-trang\/","og_site_name":"V\u1eadt Li\u1ec7u X\u00e2y D\u1ef1ng Tr\u1ea7n Th\u1ecb Chi Nh\u00e1nh H\u00e0 T\u0129nh","article_modified_time":"2024-05-04T07:10:52+00:00","og_image":[{"width":400,"height":350,"url":"https:\/\/tranthi.vn\/hatinh\/wp-content\/uploads\/2023\/06\/keo-cha-ron-premiumtile-grout-mau-kem-mau-trang-da-nang.jpg","type":"image\/jpeg"}],"twitter_card":"summary_large_image","twitter_misc":{"Gi\u00e1":"33,000&nbsp;&#8363;","Kh\u1ea3 d\u1ee5ng":"Trong kho"},"schema":{"@context":"https:\/\/schema.org","@graph":[{"@type":["WebPage","ItemPage"],"@id":"https:\/\/tranthi.vn\/hatinh\/keo-cha-ron-premium-grout-mau-kem-mau-trang\/","url":"https:\/\/tranthi.vn\/hatinh\/keo-cha-ron-premium-grout-mau-kem-mau-trang\/","name":"Keo Ch\u00e0 Ron Premium Grout (m\u00e0u kem, m\u00e0u tr\u1eafng) - V\u1eadt Li\u1ec7u X\u00e2y D\u1ef1ng Tr\u1ea7n Th\u1ecb Chi Nh\u00e1nh H\u00e0 T\u0129nh","isPartOf":{"@id":"https:\/\/tranthi.vn\/hatinh\/#website"},"primaryImageOfPage":{"@id":"https:\/\/tranthi.vn\/hatinh\/keo-cha-ron-premium-grout-mau-kem-mau-trang\/#primaryimage"},"image":{"@id":"https:\/\/tranthi.vn\/hatinh\/keo-cha-ron-premium-grout-mau-kem-mau-trang\/#primaryimage"},"thumbnailUrl":"https:\/\/tranthi.vn\/hatinh\/wp-content\/uploads\/2023\/06\/keo-cha-ron-premiumtile-grout-mau-kem-mau-trang-da-nang.jpg","datePublished":"2023-06-26T07:25:56+00:00","dateModified":"2024-05-04T07:10:52+00:00","breadcrumb":{"@id":"https:\/\/tranthi.vn\/hatinh\/keo-cha-ron-premium-grout-mau-kem-mau-trang\/#breadcrumb"},"inLanguage":"vi","potentialAction":[{"@type":"ReadAction","target":["https:\/\/tranthi.vn\/hatinh\/keo-cha-ron-premium-grout-mau-kem-mau-trang\/"]}]},{"@type":"ImageObject","inLanguage":"vi","@id":"https:\/\/tranthi.vn\/hatinh\/keo-cha-ron-premium-grout-mau-kem-mau-trang\/#primaryimage","url":"https:\/\/tranthi.vn\/hatinh\/wp-content\/uploads\/2023\/06\/keo-cha-ron-premiumtile-grout-mau-kem-mau-trang-da-nang.jpg","contentUrl":"https:\/\/tranthi.vn\/hatinh\/wp-content\/uploads\/2023\/06\/keo-cha-ron-premiumtile-grout-mau-kem-mau-trang-da-nang.jpg","width":400,"height":350,"caption":"keo-ch\u00e0-ron-premiumtile-grout-m\u00e0u kem-m\u00e0u-tr\u1eafng-\u0111\u00e0-n\u1eb5ng"},{"@type":"BreadcrumbList","@id":"https:\/\/tranthi.vn\/hatinh\/keo-cha-ron-premium-grout-mau-kem-mau-trang\/#breadcrumb","itemListElement":[{"@type":"ListItem","position":1,"name":"Trang ch\u1ee7","item":"https:\/\/tranthi.vn\/hatinh\/"},{"@type":"ListItem","position":2,"name":"Shop","item":"https:\/\/tranthi.vn\/hatinh\/shop\/"},{"@type":"ListItem","position":3,"name":"Keo Ch\u00e0 Ron Premium Grout (m\u00e0u kem, m\u00e0u tr\u1eafng)"}]},{"@type":"WebSite","@id":"https:\/\/tranthi.vn\/hatinh\/#website","url":"https:\/\/tranthi.vn\/hatinh\/","name":"V\u1eadt Li\u1ec7u X\u00e2y D\u1ef1ng Tr\u1ea7n Th\u1ecb Chi Nh\u00e1nh H\u00e0 T\u0129nh","description":"V\u1eadt Li\u1ec7u X\u00e2y D\u1ef1ng - H\u00e0 T\u0129nh","potentialAction":[{"@type":"SearchAction","target":{"@type":"EntryPoint","urlTemplate":"https:\/\/tranthi.vn\/hatinh\/?s={search_term_string}"},"query-input":"required name=search_term_string"}],"inLanguage":"vi"},{"@type":"ImageObject","inLanguage":"vi","@id":"https:\/\/tranthi.vn\/hatinh\/keo-cha-ron-premium-grout-mau-kem-mau-trang\/#local-main-organization-logo","url":"","contentUrl":"","caption":"V\u1eadt Li\u1ec7u X\u00e2y D\u1ef1ng Tr\u1ea7n Th\u1ecb Chi Nh\u00e1nh H\u00e0 T\u0129nh"}]},"product_price_amount":"33000","product_price_currency":"VND","og_availability":"instock","product_availability":"instock","product_condition":"new"},"_links":{"self":[{"href":"https:\/\/tranthi.vn\/hatinh\/wp-json\/wp\/v2\/product\/4960","targetHints":{"allow":["GET"]}}],"collection":[{"href":"https:\/\/tranthi.vn\/hatinh\/wp-json\/wp\/v2\/product"}],"about":[{"href":"https:\/\/tranthi.vn\/hatinh\/wp-json\/wp\/v2\/types\/product"}],"replies":[{"embeddable":true,"href":"https:\/\/tranthi.vn\/hatinh\/wp-json\/wp\/v2\/comments?post=4960"}],"wp:featuredmedia":[{"embeddable":true,"href":"https:\/\/tranthi.vn\/hatinh\/wp-json\/wp\/v2\/media\/4961"}],"wp:attachment":[{"href":"https:\/\/tranthi.vn\/hatinh\/wp-json\/wp\/v2\/media?parent=4960"}],"wp:term":[{"taxonomy":"product_cat","embeddable":true,"href":"https:\/\/tranthi.vn\/hatinh\/wp-json\/wp\/v2\/product_cat?post=4960"},{"taxonomy":"product_tag","embeddable":true,"href":"https:\/\/tranthi.vn\/hatinh\/wp-json\/wp\/v2\/product_tag?post=4960"}],"curies":[{"name":"wp","href":"https:\/\/api.w.org\/{rel}","templated":true}]}}