{"id":4951,"date":"2023-06-26T13:09:52","date_gmt":"2023-06-26T06:09:52","guid":{"rendered":"https:\/\/tranthi.vn\/quangnam\/?post_type=product&#038;p=4951"},"modified":"2024-05-04T14:19:50","modified_gmt":"2024-05-04T07:19:50","slug":"keo-dan-gach-protile-mau-xam","status":"publish","type":"product","link":"https:\/\/tranthi.vn\/hatinh\/keo-dan-gach-protile-mau-xam\/","title":{"rendered":"Keo D\u00e1n G\u1ea1ch Protile (m\u00e0u x\u00e1m)"},"content":{"rendered":"<p><span style=\"font-size: 120%; font-family: 'times new roman', times, serif;\"><strong>D\u1ee5ng c\u1ee5 thi c\u00f4ng:<\/strong> Bay r\u0103ng c\u01b0a, bay truy\u1ec1n th\u1ed1ng, m\u00e1y khu\u1ea5y chuy\u00ean d\u1ee5ng c\u1ea7m tay.<\/span><\/p>\n<p><span style=\"font-size: 120%; font-family: 'times new roman', times, serif;\"><strong>\u2714\ufe0fH\u01af\u1edaNG D\u1eaaN THI C\u00d4NG<\/strong><\/span><\/p>\n<ul>\n<li><span style=\"font-size: 120%; font-family: 'times new roman', times, serif;\">L\u1edbp v\u1eefa tr\u00e1t m\u1edbi ho\u1eb7c v\u1eefa t\u1ef1 san ph\u1eb3ng ph\u1ea3i \u0111\u01b0\u1ee3c b\u1ea3o d\u01b0\u1ee1ng \u00edt nh\u1ea5t 7 ng\u00e0y.<\/span><\/li>\n<li><span style=\"font-size: 120%; font-family: 'times new roman', times, serif;\">Ph\u1ea3i lo\u1ea1i b\u1ecf ho\u00e0n to\u00e0n c\u00e1c l\u1edbp d\u1ea7u, s\u00e1p tr\u00ean b\u1ec1 m\u1eb7t.<\/span><\/li>\n<li><span style=\"font-size: 120%; font-family: 'times new roman', times, serif;\">B\u1ec1 m\u1eb7t n\u1ec1n ph\u1ea3i ch\u1eafc, kh\u00f4ng l\u1eabn c\u00e1c t\u1ea1p ch\u1ea5t v\u00e0 b\u1ee5i b\u1ea9n.<\/span><\/li>\n<li><span style=\"font-size: 120%; font-family: 'times new roman', times, serif;\">L\u00e0m s\u1ea1ch b\u1ec1 m\u1eb7t b\u1eb1ng n\u01b0\u1edbc tr\u01b0\u1edbc khi s\u1eed d\u1ee5ng Protile.<\/span><\/li>\n<li><span style=\"font-size: 120%; font-family: 'times new roman', times, serif;\">B\u1ec1 m\u1eb7t ph\u1ea3i \u0111\u01b0\u1ee3c l\u00e0m \u01b0\u1edbt ho\u00e0n to\u00e0n tr\u01b0\u1edbc khi thi c\u00f4ng.<\/span><\/li>\n<\/ul>\n<p><span style=\"font-size: 120%; font-family: 'times new roman', times, serif;\"><strong>\u2714\ufe0fPHA TR\u1ed8N<\/strong><\/span><\/p>\n<ul>\n<li><span style=\"font-size: 120%; font-family: 'times new roman', times, serif;\">Pha tr\u1ed9n keo theo t\u1ec9 l\u1ec7: tr\u1ed9n 20 kg Protile v\u1edbi n\u01b0\u1edbc s\u1ea1ch 5,0 &#8211; 5,2 l\u00edt. Cho n\u01b0\u1edbc v\u00e0o th\u00f9ng r\u1ed7ng tr\u01b0\u1edbc sau \u0111\u00f3 cho t\u1eeb t\u1eeb keo v\u00e0o sau. Tr\u1ed9n \u0111\u1ec1u b\u1eb1ng m\u00e1y tr\u1ed9n t\u1ed1c \u0111\u1ed9 th\u1ea5p cho \u0111\u1ebfn khi h\u1ed7n h\u1ee3p \u0111\u01b0\u1ee3c \u0111\u1ed3ng nh\u1ea5t.<\/span><\/li>\n<li><span style=\"font-size: 120%; font-family: 'times new roman', times, serif;\">\u0110\u1ec3 h\u1ed7n h\u1ee3p t\u1eeb 3 &#8211; 5 ph\u00fat cho h\u00f3a ch\u1ea5t \u0111\u00f3ng r\u1eafn v\u00e0 kh\u1eed b\u1ecdt kh\u00ed, sau \u0111\u00f3 tr\u1ed9n l\u1ea1i tr\u01b0\u1edbc khi s\u1eed d\u1ee5ng.<\/span><\/li>\n<\/ul>\n<p><span style=\"font-size: 120%; font-family: 'times new roman', times, serif;\"><strong>\u2714\ufe0fTHI C\u00d4NG<\/strong><\/span><\/p>\n<ul>\n<li><span style=\"font-size: 120%; font-family: 'times new roman', times, serif;\">D\u00f9ng bay ph\u1eb3ng \u0111\u1ec3 l\u00e0m ph\u1eb3ng Protile tr\u00ean s\u00e0n ho\u1eb7c t\u01b0\u1eddng.<\/span><\/li>\n<li><span style=\"font-size: 120%; font-family: 'times new roman', times, serif;\">D\u00f9ng bay c\u1ea1o h\u1ebft r\u00e3nh. Ch\u1ecdn r\u00e3nh c\u1ee7a l\u01b0\u1ee3c bay ph\u00f9 h\u1ee3p v\u1edbi \u0111\u1ed9 d\u00e0y c\u1ee7a Protile v\u00e0 k\u00edch th\u01b0\u1edbc c\u1ee7a g\u1ea1ch.<\/span><\/li>\n<li><span style=\"font-size: 120%; font-family: 'times new roman', times, serif;\">\u0110\u1eb7t g\u1ea1ch l\u00ean Protile v\u00e0 g\u00f5 g\u1ea1ch th\u1eadt ch\u1eb7t v\u00e0o keo d\u00e1n g\u1ea1ch. \u0110\u1ea3m b\u1ea3o g\u1ea1ch \u0111\u01b0\u1ee3c ch\u1ea1m ho\u00e0n to\u00e0n b\u1eb1ng keo d\u00e1n g\u1ea1ch.<\/span><\/li>\n<li><span style=\"font-size: 120%; font-family: 'times new roman', times, serif;\">M\u1ed7i \u00f4 c\u00f3 th\u1ec3 \u0111\u01b0\u1ee3c \u0111i\u1ec1u ch\u1ec9nh trong v\u00f2ng 15 ph\u00fat.<\/span><\/li>\n<li><span style=\"font-size: 120%; font-family: 'times new roman', times, serif;\">\u0110\u1ec3 kh\u00f4 24 gi\u1edd tr\u01b0\u1edbc khi ch\u00e0 ron.<\/span><\/li>\n<\/ul>\n<p><span style=\"font-size: 120%; font-family: 'times new roman', times, serif;\"><strong>\u2714\ufe0fV\u1ec6 SINH D\u1ee4NG C\u1ee4<\/strong><\/span><\/p>\n<ul>\n<li><span style=\"font-size: 120%; font-family: 'times new roman', times, serif;\">Lo\u1ea1i b\u1ecf Protile c\u00f2n m\u1ec1m t\u1eeb d\u1ee5ng c\u1ee5 v\u00e0 thi\u1ebft b\u1ecb b\u1eb1ng n\u01b0\u1edbc.<\/span><\/li>\n<li><span style=\"font-size: 120%; font-family: 'times new roman', times, serif;\">V\u1eadt li\u1ec7u kh\u00f4 c\u1ee9ng ch\u1ec9 c\u00f3 th\u1ec3 lo\u1ea1i b\u1ecf b\u1eb1ng bi\u1ec7n ph\u00e1p c\u01a1 h\u1ecdc.<\/span><\/li>\n<\/ul>\n<p><span style=\"font-size: 120%; font-family: 'times new roman', times, serif;\"><strong>\ud83d\udce3L\u01b0u \u00fd<\/strong><\/span><\/p>\n<ul>\n<li><span style=\"font-size: 120%; font-family: 'times new roman', times, serif;\">B\u1ec1 m\u1eb7t ph\u1ea3i \u0111\u01b0\u1ee3c l\u00e0m \u01b0\u1edbt ho\u00e0n to\u00e0n tr\u01b0\u1edbc khi thi c\u00f4ng.<\/span><\/li>\n<li><span style=\"font-size: 120%; font-family: 'times new roman', times, serif;\">Kh\u00f4ng s\u1eed d\u1ee5ng Protile khi n\u1eafng g\u1eaft ho\u1eb7c tr\u00ean n\u1ec1n n\u00f3ng s\u1ebd l\u00e0m th\u1eddi gian thi c\u00f4ng k\u00e9m h\u01a1n b\u00ecnh th\u01b0\u1eddng.<\/span><\/li>\n<li><span style=\"font-size: 120%; font-family: 'times new roman', times, serif;\">Cho \u0111\u1ed9 b\u00e1m d\u00ednh cao, t\u1ea5t c\u1ea3 m\u1eb7t sau c\u1ee7a g\u1ea1ch ph\u1ea3i \u0111\u01b0\u1ee3c ti\u1ebfp x\u00fac v\u1edbi Protile.<\/span><\/li>\n<\/ul>\n<p><span style=\"font-size: 120%; font-family: 'times new roman', times, serif;\">S\u1ea3n ph\u1ea9m sau khi tr\u1ed9n v\u1edbi n\u01b0\u1edbc n\u00ean s\u1eed d\u1ee5ng tr\u01b0\u1edbc 3 gi\u1edd.<\/span><\/p>\n","protected":false},"excerpt":{"rendered":"<p><span style=\"color: #0000ff;\"><span style=\"font-family: 'times new roman', times, serif; font-size: 130%;\">\ud83e\udd70\u01afu \u0111i\u1ec3m:<\/span><\/span><\/p>\n<ul>\n<li><span style=\"font-family: 'times new roman', times, serif; font-size: 130%;\">G\u1ed1c xi m\u0103ng, ch\u1ea5t l\u01b0\u1ee3ng \u1ed5n \u0111\u1ecbnh<\/span><\/li>\n<li><span style=\"font-family: 'times new roman', times, serif; font-size: 130%;\">S\u1eed d\u1ee5ng d\u1ec5 d\u00e0ng, ch\u1ec9 c\u1ea7n pha v\u1edbi n\u01b0\u1edbc<\/span><\/li>\n<li><span style=\"font-family: 'times new roman', times, serif; font-size: 130%;\">C\u01b0\u1eddng \u0111\u1ed9 b\u00e1m d\u00ednh tuy\u1ec7t v\u1eddi l\u00ean b\u1ec1 m\u1eb7t<\/span><\/li>\n<li><span style=\"font-family: 'times new roman', times, serif; font-size: 130%;\">G\u1ea1ch c\u00f3 th\u1ec3 \u0111\u01b0\u1ee3c \u0111i\u1ec1u ch\u1ec9nh trong v\u00f2ng 15 ph\u00fat<\/span><\/li>\n<li><span style=\"font-family: 'times new roman', times, serif; font-size: 130%;\">Th\u00edch h\u1ee3p cho g\u1ea1ch men c\u00f3 k\u00edch th\u01b0\u1edbc l\u00ean \u0111\u1ebfn 60*60cm kh\u00f4ng gi\u1edbi h\u1ea1n k\u00edch th\u01b0\u1edbc g\u1ea1ch \u0111\u1ed1i v\u1edbi l\u00e1t s\u00e0n<\/span><\/li>\n<li><span style=\"font-family: 'times new roman', times, serif; font-size: 130%;\">Th\u00edch h\u1ee3p cho s\u00e0n v\u00e0 t\u01b0\u1eddng, n\u1ed9i th\u1ea5t v\u00e0 ngo\u1ea1i th\u1ea5t.<\/span><\/li>\n<\/ul>\n<p><span style=\"font-family: 'times new roman', times, serif; font-size: 130%;\">\ud83e\udd70\u0110\u01a1n v\u1ecb t\u00ednh: bao 20kg<\/span><\/p>\n<p><span style=\"font-family: 'times new roman', times, serif; font-size: 130%;\">\ud83e\udd70\u0110\u01a1n gi\u00e1 bao: <span style=\"color: #ff0000;\"><strong>197.000\u0111<\/strong><\/span><\/span><\/p>\n<p><span style=\"color: #0000ff;\"><em><span style=\"font-family: 'times new roman', times, serif; font-size: 130%;\">Giao h\u00e0ng trong \u0111\u1ecba b\u00e0n\u00a0<a style=\"color: #0000ff;\" href=\"https:\/\/fr.wikipedia.org\/wiki\/Da_Nang\">\u0110\u00e0 N\u1eb5ng<\/a><\/span><\/em><\/span><\/p>\n","protected":false},"featured_media":4952,"comment_status":"closed","ping_status":"closed","template":"","meta":[],"product_cat":[100],"product_tag":[],"class_list":{"0":"post-4951","1":"product","2":"type-product","3":"status-publish","4":"has-post-thumbnail","6":"product_cat-keo-dan-gach","8":"first","9":"instock","10":"sale","11":"shipping-taxable","12":"purchasable","13":"product-type-simple"},"yoast_head":"<!-- This site is optimized with the Yoast SEO Premium plugin v22.3 (Yoast SEO v22.8) - https:\/\/yoast.com\/wordpress\/plugins\/seo\/ -->\n<title>Keo D\u00e1n G\u1ea1ch Protile (m\u00e0u x\u00e1m) - V\u1eadt Li\u1ec7u X\u00e2y D\u1ef1ng Tr\u1ea7n Th\u1ecb Chi Nh\u00e1nh H\u00e0 T\u0129nh<\/title>\n<meta name=\"robots\" content=\"index, follow, max-snippet:-1, max-image-preview:large, max-video-preview:-1\" \/>\n<link rel=\"canonical\" href=\"https:\/\/tranthi.vn\/hatinh\/keo-dan-gach-protile-mau-xam\/\" \/>\n<meta property=\"og:locale\" content=\"vi_VN\" \/>\n<meta property=\"og:type\" content=\"article\" \/>\n<meta property=\"og:title\" content=\"Keo D\u00e1n G\u1ea1ch Protile (m\u00e0u x\u00e1m)\" \/>\n<meta property=\"og:description\" content=\"\ud83e\udd70\u01afu \u0111i\u1ec3m:   G\u1ed1c xi m\u0103ng, ch\u1ea5t l\u01b0\u1ee3ng \u1ed5n \u0111\u1ecbnh  S\u1eed d\u1ee5ng d\u1ec5 d\u00e0ng, ch\u1ec9 c\u1ea7n pha v\u1edbi n\u01b0\u1edbc  C\u01b0\u1eddng \u0111\u1ed9 b\u00e1m d\u00ednh tuy\u1ec7t v\u1eddi l\u00ean b\u1ec1 m\u1eb7t  G\u1ea1ch c\u00f3 th\u1ec3 \u0111\u01b0\u1ee3c \u0111i\u1ec1u ch\u1ec9nh trong v\u00f2ng 15 ph\u00fat  Th\u00edch h\u1ee3p cho g\u1ea1ch men c\u00f3 k\u00edch th\u01b0\u1edbc l\u00ean \u0111\u1ebfn 60*60cm kh\u00f4ng gi\u1edbi h\u1ea1n k\u00edch th\u01b0\u1edbc g\u1ea1ch \u0111\u1ed1i v\u1edbi l\u00e1t s\u00e0n  Th\u00edch h\u1ee3p cho s\u00e0n v\u00e0 t\u01b0\u1eddng, n\u1ed9i th\u1ea5t v\u00e0 ngo\u1ea1i th\u1ea5t.  \ud83e\udd70\u0110\u01a1n v\u1ecb t\u00ednh: bao 20kg  \ud83e\udd70\u0110\u01a1n gi\u00e1 bao: 197.000\u0111  Giao h\u00e0ng trong \u0111\u1ecba b\u00e0n\u00a0\u0110\u00e0 N\u1eb5ng\" \/>\n<meta property=\"og:url\" content=\"https:\/\/tranthi.vn\/hatinh\/keo-dan-gach-protile-mau-xam\/\" \/>\n<meta property=\"og:site_name\" content=\"V\u1eadt Li\u1ec7u X\u00e2y D\u1ef1ng Tr\u1ea7n Th\u1ecb Chi Nh\u00e1nh H\u00e0 T\u0129nh\" \/>\n<meta property=\"article:modified_time\" content=\"2024-05-04T07:19:50+00:00\" \/>\n<meta property=\"og:image\" content=\"https:\/\/tranthi.vn\/hatinh\/wp-content\/uploads\/2023\/06\/keo-dan-gach-protilemau-xanh-da-nang.jpg\" \/>\n\t<meta property=\"og:image:width\" content=\"400\" \/>\n\t<meta property=\"og:image:height\" content=\"350\" \/>\n\t<meta property=\"og:image:type\" content=\"image\/jpeg\" \/>\n<meta name=\"twitter:card\" content=\"summary_large_image\" \/>\n<meta name=\"twitter:label1\" content=\"Gi\u00e1\" \/>\n\t<meta name=\"twitter:data1\" content=\"197,000&nbsp;&#8363;\" \/>\n\t<meta name=\"twitter:label2\" content=\"Kh\u1ea3 d\u1ee5ng\" \/>\n\t<meta name=\"twitter:data2\" content=\"Trong kho\" \/>\n<script type=\"application\/ld+json\" class=\"yoast-schema-graph\">{\"@context\":\"https:\/\/schema.org\",\"@graph\":[{\"@type\":[\"WebPage\",\"ItemPage\"],\"@id\":\"https:\/\/tranthi.vn\/hatinh\/keo-dan-gach-protile-mau-xam\/\",\"url\":\"https:\/\/tranthi.vn\/hatinh\/keo-dan-gach-protile-mau-xam\/\",\"name\":\"Keo D\u00e1n G\u1ea1ch Protile (m\u00e0u x\u00e1m) - V\u1eadt Li\u1ec7u X\u00e2y D\u1ef1ng Tr\u1ea7n Th\u1ecb Chi Nh\u00e1nh H\u00e0 T\u0129nh\",\"isPartOf\":{\"@id\":\"https:\/\/tranthi.vn\/hatinh\/#website\"},\"primaryImageOfPage\":{\"@id\":\"https:\/\/tranthi.vn\/hatinh\/keo-dan-gach-protile-mau-xam\/#primaryimage\"},\"image\":{\"@id\":\"https:\/\/tranthi.vn\/hatinh\/keo-dan-gach-protile-mau-xam\/#primaryimage\"},\"thumbnailUrl\":\"https:\/\/tranthi.vn\/hatinh\/wp-content\/uploads\/2023\/06\/keo-dan-gach-protilemau-xanh-da-nang.jpg\",\"datePublished\":\"2023-06-26T06:09:52+00:00\",\"dateModified\":\"2024-05-04T07:19:50+00:00\",\"breadcrumb\":{\"@id\":\"https:\/\/tranthi.vn\/hatinh\/keo-dan-gach-protile-mau-xam\/#breadcrumb\"},\"inLanguage\":\"vi\",\"potentialAction\":[{\"@type\":\"ReadAction\",\"target\":[\"https:\/\/tranthi.vn\/hatinh\/keo-dan-gach-protile-mau-xam\/\"]}]},{\"@type\":\"ImageObject\",\"inLanguage\":\"vi\",\"@id\":\"https:\/\/tranthi.vn\/hatinh\/keo-dan-gach-protile-mau-xam\/#primaryimage\",\"url\":\"https:\/\/tranthi.vn\/hatinh\/wp-content\/uploads\/2023\/06\/keo-dan-gach-protilemau-xanh-da-nang.jpg\",\"contentUrl\":\"https:\/\/tranthi.vn\/hatinh\/wp-content\/uploads\/2023\/06\/keo-dan-gach-protilemau-xanh-da-nang.jpg\",\"width\":400,\"height\":350,\"caption\":\"keo-d\u00e1n-g\u1ea1ch-protile(m\u00e0u xanh)-\u0111\u00e0-n\u1eb5ng\"},{\"@type\":\"BreadcrumbList\",\"@id\":\"https:\/\/tranthi.vn\/hatinh\/keo-dan-gach-protile-mau-xam\/#breadcrumb\",\"itemListElement\":[{\"@type\":\"ListItem\",\"position\":1,\"name\":\"Trang ch\u1ee7\",\"item\":\"https:\/\/tranthi.vn\/hatinh\/\"},{\"@type\":\"ListItem\",\"position\":2,\"name\":\"Shop\",\"item\":\"https:\/\/tranthi.vn\/hatinh\/shop\/\"},{\"@type\":\"ListItem\",\"position\":3,\"name\":\"Keo D\u00e1n G\u1ea1ch Protile (m\u00e0u x\u00e1m)\"}]},{\"@type\":\"WebSite\",\"@id\":\"https:\/\/tranthi.vn\/hatinh\/#website\",\"url\":\"https:\/\/tranthi.vn\/hatinh\/\",\"name\":\"V\u1eadt Li\u1ec7u X\u00e2y D\u1ef1ng Tr\u1ea7n Th\u1ecb Chi Nh\u00e1nh H\u00e0 T\u0129nh\",\"description\":\"V\u1eadt Li\u1ec7u X\u00e2y D\u1ef1ng - H\u00e0 T\u0129nh\",\"potentialAction\":[{\"@type\":\"SearchAction\",\"target\":{\"@type\":\"EntryPoint\",\"urlTemplate\":\"https:\/\/tranthi.vn\/hatinh\/?s={search_term_string}\"},\"query-input\":\"required name=search_term_string\"}],\"inLanguage\":\"vi\"},{\"@type\":\"ImageObject\",\"inLanguage\":\"vi\",\"@id\":\"https:\/\/tranthi.vn\/hatinh\/keo-dan-gach-protile-mau-xam\/#local-main-organization-logo\",\"url\":\"\",\"contentUrl\":\"\",\"caption\":\"V\u1eadt Li\u1ec7u X\u00e2y D\u1ef1ng Tr\u1ea7n Th\u1ecb Chi Nh\u00e1nh H\u00e0 T\u0129nh\"}]}<\/script>\n<meta property=\"product:price:amount\" content=\"197000\" \/>\n<meta property=\"product:price:currency\" content=\"VND\" \/>\n<meta property=\"og:availability\" content=\"instock\" \/>\n<meta property=\"product:availability\" content=\"instock\" \/>\n<meta property=\"product:condition\" content=\"new\" \/>\n<!-- \/ Yoast SEO Premium plugin. -->","yoast_head_json":{"title":"Keo D\u00e1n G\u1ea1ch Protile (m\u00e0u x\u00e1m) - V\u1eadt Li\u1ec7u X\u00e2y D\u1ef1ng Tr\u1ea7n Th\u1ecb Chi Nh\u00e1nh H\u00e0 T\u0129nh","robots":{"index":"index","follow":"follow","max-snippet":"max-snippet:-1","max-image-preview":"max-image-preview:large","max-video-preview":"max-video-preview:-1"},"canonical":"https:\/\/tranthi.vn\/hatinh\/keo-dan-gach-protile-mau-xam\/","og_locale":"vi_VN","og_type":"article","og_title":"Keo D\u00e1n G\u1ea1ch Protile (m\u00e0u x\u00e1m)","og_description":"\ud83e\udd70\u01afu \u0111i\u1ec3m:   G\u1ed1c xi m\u0103ng, ch\u1ea5t l\u01b0\u1ee3ng \u1ed5n \u0111\u1ecbnh  S\u1eed d\u1ee5ng d\u1ec5 d\u00e0ng, ch\u1ec9 c\u1ea7n pha v\u1edbi n\u01b0\u1edbc  C\u01b0\u1eddng \u0111\u1ed9 b\u00e1m d\u00ednh tuy\u1ec7t v\u1eddi l\u00ean b\u1ec1 m\u1eb7t  G\u1ea1ch c\u00f3 th\u1ec3 \u0111\u01b0\u1ee3c \u0111i\u1ec1u ch\u1ec9nh trong v\u00f2ng 15 ph\u00fat  Th\u00edch h\u1ee3p cho g\u1ea1ch men c\u00f3 k\u00edch th\u01b0\u1edbc l\u00ean \u0111\u1ebfn 60*60cm kh\u00f4ng gi\u1edbi h\u1ea1n k\u00edch th\u01b0\u1edbc g\u1ea1ch \u0111\u1ed1i v\u1edbi l\u00e1t s\u00e0n  Th\u00edch h\u1ee3p cho s\u00e0n v\u00e0 t\u01b0\u1eddng, n\u1ed9i th\u1ea5t v\u00e0 ngo\u1ea1i th\u1ea5t.  \ud83e\udd70\u0110\u01a1n v\u1ecb t\u00ednh: bao 20kg  \ud83e\udd70\u0110\u01a1n gi\u00e1 bao: 197.000\u0111  Giao h\u00e0ng trong \u0111\u1ecba b\u00e0n\u00a0\u0110\u00e0 N\u1eb5ng","og_url":"https:\/\/tranthi.vn\/hatinh\/keo-dan-gach-protile-mau-xam\/","og_site_name":"V\u1eadt Li\u1ec7u X\u00e2y D\u1ef1ng Tr\u1ea7n Th\u1ecb Chi Nh\u00e1nh H\u00e0 T\u0129nh","article_modified_time":"2024-05-04T07:19:50+00:00","og_image":[{"width":400,"height":350,"url":"https:\/\/tranthi.vn\/hatinh\/wp-content\/uploads\/2023\/06\/keo-dan-gach-protilemau-xanh-da-nang.jpg","type":"image\/jpeg"}],"twitter_card":"summary_large_image","twitter_misc":{"Gi\u00e1":"197,000&nbsp;&#8363;","Kh\u1ea3 d\u1ee5ng":"Trong kho"},"schema":{"@context":"https:\/\/schema.org","@graph":[{"@type":["WebPage","ItemPage"],"@id":"https:\/\/tranthi.vn\/hatinh\/keo-dan-gach-protile-mau-xam\/","url":"https:\/\/tranthi.vn\/hatinh\/keo-dan-gach-protile-mau-xam\/","name":"Keo D\u00e1n G\u1ea1ch Protile (m\u00e0u x\u00e1m) - V\u1eadt Li\u1ec7u X\u00e2y D\u1ef1ng Tr\u1ea7n Th\u1ecb Chi Nh\u00e1nh H\u00e0 T\u0129nh","isPartOf":{"@id":"https:\/\/tranthi.vn\/hatinh\/#website"},"primaryImageOfPage":{"@id":"https:\/\/tranthi.vn\/hatinh\/keo-dan-gach-protile-mau-xam\/#primaryimage"},"image":{"@id":"https:\/\/tranthi.vn\/hatinh\/keo-dan-gach-protile-mau-xam\/#primaryimage"},"thumbnailUrl":"https:\/\/tranthi.vn\/hatinh\/wp-content\/uploads\/2023\/06\/keo-dan-gach-protilemau-xanh-da-nang.jpg","datePublished":"2023-06-26T06:09:52+00:00","dateModified":"2024-05-04T07:19:50+00:00","breadcrumb":{"@id":"https:\/\/tranthi.vn\/hatinh\/keo-dan-gach-protile-mau-xam\/#breadcrumb"},"inLanguage":"vi","potentialAction":[{"@type":"ReadAction","target":["https:\/\/tranthi.vn\/hatinh\/keo-dan-gach-protile-mau-xam\/"]}]},{"@type":"ImageObject","inLanguage":"vi","@id":"https:\/\/tranthi.vn\/hatinh\/keo-dan-gach-protile-mau-xam\/#primaryimage","url":"https:\/\/tranthi.vn\/hatinh\/wp-content\/uploads\/2023\/06\/keo-dan-gach-protilemau-xanh-da-nang.jpg","contentUrl":"https:\/\/tranthi.vn\/hatinh\/wp-content\/uploads\/2023\/06\/keo-dan-gach-protilemau-xanh-da-nang.jpg","width":400,"height":350,"caption":"keo-d\u00e1n-g\u1ea1ch-protile(m\u00e0u xanh)-\u0111\u00e0-n\u1eb5ng"},{"@type":"BreadcrumbList","@id":"https:\/\/tranthi.vn\/hatinh\/keo-dan-gach-protile-mau-xam\/#breadcrumb","itemListElement":[{"@type":"ListItem","position":1,"name":"Trang ch\u1ee7","item":"https:\/\/tranthi.vn\/hatinh\/"},{"@type":"ListItem","position":2,"name":"Shop","item":"https:\/\/tranthi.vn\/hatinh\/shop\/"},{"@type":"ListItem","position":3,"name":"Keo D\u00e1n G\u1ea1ch Protile (m\u00e0u x\u00e1m)"}]},{"@type":"WebSite","@id":"https:\/\/tranthi.vn\/hatinh\/#website","url":"https:\/\/tranthi.vn\/hatinh\/","name":"V\u1eadt Li\u1ec7u X\u00e2y D\u1ef1ng Tr\u1ea7n Th\u1ecb Chi Nh\u00e1nh H\u00e0 T\u0129nh","description":"V\u1eadt Li\u1ec7u X\u00e2y D\u1ef1ng - H\u00e0 T\u0129nh","potentialAction":[{"@type":"SearchAction","target":{"@type":"EntryPoint","urlTemplate":"https:\/\/tranthi.vn\/hatinh\/?s={search_term_string}"},"query-input":"required name=search_term_string"}],"inLanguage":"vi"},{"@type":"ImageObject","inLanguage":"vi","@id":"https:\/\/tranthi.vn\/hatinh\/keo-dan-gach-protile-mau-xam\/#local-main-organization-logo","url":"","contentUrl":"","caption":"V\u1eadt Li\u1ec7u X\u00e2y D\u1ef1ng Tr\u1ea7n Th\u1ecb Chi Nh\u00e1nh H\u00e0 T\u0129nh"}]},"product_price_amount":"197000","product_price_currency":"VND","og_availability":"instock","product_availability":"instock","product_condition":"new"},"_links":{"self":[{"href":"https:\/\/tranthi.vn\/hatinh\/wp-json\/wp\/v2\/product\/4951","targetHints":{"allow":["GET"]}}],"collection":[{"href":"https:\/\/tranthi.vn\/hatinh\/wp-json\/wp\/v2\/product"}],"about":[{"href":"https:\/\/tranthi.vn\/hatinh\/wp-json\/wp\/v2\/types\/product"}],"replies":[{"embeddable":true,"href":"https:\/\/tranthi.vn\/hatinh\/wp-json\/wp\/v2\/comments?post=4951"}],"wp:featuredmedia":[{"embeddable":true,"href":"https:\/\/tranthi.vn\/hatinh\/wp-json\/wp\/v2\/media\/4952"}],"wp:attachment":[{"href":"https:\/\/tranthi.vn\/hatinh\/wp-json\/wp\/v2\/media?parent=4951"}],"wp:term":[{"taxonomy":"product_cat","embeddable":true,"href":"https:\/\/tranthi.vn\/hatinh\/wp-json\/wp\/v2\/product_cat?post=4951"},{"taxonomy":"product_tag","embeddable":true,"href":"https:\/\/tranthi.vn\/hatinh\/wp-json\/wp\/v2\/product_tag?post=4951"}],"curies":[{"name":"wp","href":"https:\/\/api.w.org\/{rel}","templated":true}]}}