{"id":4934,"date":"2023-06-26T09:04:31","date_gmt":"2023-06-26T02:04:31","guid":{"rendered":"https:\/\/tranthi.vn\/quangnam\/?post_type=product&#038;p=4934"},"modified":"2023-06-26T09:04:32","modified_gmt":"2023-06-26T02:04:32","slug":"gach-bong-gio-vcb_019-window","status":"publish","type":"product","link":"https:\/\/tranthi.vn\/hatinh\/gach-bong-gio-vcb_019-window\/","title":{"rendered":"G\u1ea1ch B\u00f4ng Gi\u00f3 VCB_019-Window"},"content":{"rendered":"","protected":false},"excerpt":{"rendered":"<p><span style=\"font-family: 'times new roman', times, serif; font-size: 130%; color: #0000ff;\">\u1ee8ng d\u1ee5ng:<\/span><\/p>\n<p><span style=\"font-family: 'times new roman', times, serif; font-size: 130%;\">&#8211; L\u00e0m m\u1eb7t ti\u1ec1n, l\u00e0m v\u00e1ch ng\u0103n, l\u00e0m ch\u00e2n b\u00e0n, \u1ed1p trang tr\u00ed&#8230;\u00a0<\/span><\/p>\n<p><span style=\"font-family: 'times new roman', times, serif; font-size: 130%;\">\u00a0K\u00edch th\u01b0\u1edbc: 190*190*65 mm<\/span><\/p>\n<p><span style=\"font-family: 'times new roman', times, serif; font-size: 130%;\">\u00a0\u0110\u01a1n v\u1ecb t\u00ednh: Vi\u00ean<\/span><\/p>\n<p><span style=\"font-family: 'times new roman', times, serif; font-size: 130%;\"><a href=\"https:\/\/vi.wikipedia.org\/wiki\/Gi%C3%A1\">Gi\u00e1<\/a>\u00a0g\u1ea1ch b\u00f4ng gi\u00f3<\/span><\/p>\n<ul>\n<li><span style=\"font-family: 'times new roman', times, serif; font-size: 130%;\">Tr\u1eafng:\u00a0<span style=\"color: #d83131;\"><strong>gi\u00e1 24.<\/strong><strong>000<\/strong>\/<strong>Vi\u00ean<\/strong><\/span><\/span><\/li>\n<li><span style=\"font-family: 'times new roman', times, serif; font-size: 130%;\">X\u00e1m: <span style=\"color: #d83131;\"><strong>gi\u00e1\u00a020.000\/vi\u00ean\u00a0\u00a0<\/strong><\/span><\/span><\/li>\n<\/ul>\n<p><em><span style=\"font-family: 'times new roman', times, serif; font-size: 130%;\">Giao h\u00e0ng trong \u0111\u1ecba b\u00e0n\u00a0<a href=\"https:\/\/fr.wikipedia.org\/wiki\/Da_Nang\"><strong>\u0110\u00e0 N\u1eb5ng<\/strong><\/a><\/span><\/em><\/p>\n","protected":false},"featured_media":4935,"comment_status":"closed","ping_status":"closed","template":"","meta":[],"product_cat":[105,256,103],"product_tag":[],"class_list":{"0":"post-4934","1":"product","2":"type-product","3":"status-publish","4":"has-post-thumbnail","6":"product_cat-gach-bong-gio-da-nang","7":"product_cat-gach-op-lat","8":"product_cat-gach-trang-tri","10":"first","11":"instock","12":"sale","13":"shipping-taxable","14":"purchasable","15":"product-type-simple"},"yoast_head":"<!-- This site is optimized with the Yoast SEO Premium plugin v22.3 (Yoast SEO v22.8) - https:\/\/yoast.com\/wordpress\/plugins\/seo\/ -->\n<title>G\u1ea1ch B\u00f4ng Gi\u00f3 VCB_019-Window - V\u1eadt Li\u1ec7u X\u00e2y D\u1ef1ng Tr\u1ea7n Th\u1ecb Chi Nh\u00e1nh H\u00e0 T\u0129nh<\/title>\n<meta name=\"robots\" content=\"index, follow, max-snippet:-1, max-image-preview:large, max-video-preview:-1\" \/>\n<link rel=\"canonical\" href=\"https:\/\/tranthi.vn\/hatinh\/gach-bong-gio-vcb_019-window\/\" \/>\n<meta property=\"og:locale\" content=\"vi_VN\" \/>\n<meta property=\"og:type\" content=\"article\" \/>\n<meta property=\"og:title\" content=\"G\u1ea1ch B\u00f4ng Gi\u00f3 VCB_019-Window\" \/>\n<meta property=\"og:description\" content=\"\u1ee8ng d\u1ee5ng:  - L\u00e0m m\u1eb7t ti\u1ec1n, l\u00e0m v\u00e1ch ng\u0103n, l\u00e0m ch\u00e2n b\u00e0n, \u1ed1p trang tr\u00ed...\u00a0  \u00a0K\u00edch th\u01b0\u1edbc: 190*190*65 mm  \u00a0\u0110\u01a1n v\u1ecb t\u00ednh: Vi\u00ean  Gi\u00e1\u00a0g\u1ea1ch b\u00f4ng gi\u00f3   Tr\u1eafng:\u00a0gi\u00e1 24.000\/Vi\u00ean  X\u00e1m: gi\u00e1\u00a020.000\/vi\u00ean\u00a0\u00a0  Giao h\u00e0ng trong \u0111\u1ecba b\u00e0n\u00a0\u0110\u00e0 N\u1eb5ng\" \/>\n<meta property=\"og:url\" content=\"https:\/\/tranthi.vn\/hatinh\/gach-bong-gio-vcb_019-window\/\" \/>\n<meta property=\"og:site_name\" content=\"V\u1eadt Li\u1ec7u X\u00e2y D\u1ef1ng Tr\u1ea7n Th\u1ecb Chi Nh\u00e1nh H\u00e0 T\u0129nh\" \/>\n<meta property=\"article:modified_time\" content=\"2023-06-26T02:04:32+00:00\" \/>\n<meta property=\"og:image\" content=\"https:\/\/tranthi.vn\/hatinh\/wp-content\/uploads\/2023\/06\/gach-op-lat_gach-bong-gio-VCB_019-Window-da-nang.jpg\" \/>\n\t<meta property=\"og:image:width\" content=\"400\" \/>\n\t<meta property=\"og:image:height\" content=\"350\" \/>\n\t<meta property=\"og:image:type\" content=\"image\/jpeg\" \/>\n<meta name=\"twitter:card\" content=\"summary_large_image\" \/>\n<meta name=\"twitter:label1\" content=\"Gi\u00e1\" \/>\n\t<meta name=\"twitter:data1\" content=\"24,000&nbsp;&#8363;\" \/>\n\t<meta name=\"twitter:label2\" content=\"Kh\u1ea3 d\u1ee5ng\" \/>\n\t<meta name=\"twitter:data2\" content=\"Trong kho\" \/>\n<script type=\"application\/ld+json\" class=\"yoast-schema-graph\">{\"@context\":\"https:\/\/schema.org\",\"@graph\":[{\"@type\":[\"WebPage\",\"ItemPage\"],\"@id\":\"https:\/\/tranthi.vn\/hatinh\/gach-bong-gio-vcb_019-window\/\",\"url\":\"https:\/\/tranthi.vn\/hatinh\/gach-bong-gio-vcb_019-window\/\",\"name\":\"G\u1ea1ch B\u00f4ng Gi\u00f3 VCB_019-Window - V\u1eadt Li\u1ec7u X\u00e2y D\u1ef1ng Tr\u1ea7n Th\u1ecb Chi Nh\u00e1nh H\u00e0 T\u0129nh\",\"isPartOf\":{\"@id\":\"https:\/\/tranthi.vn\/hatinh\/#website\"},\"primaryImageOfPage\":{\"@id\":\"https:\/\/tranthi.vn\/hatinh\/gach-bong-gio-vcb_019-window\/#primaryimage\"},\"image\":{\"@id\":\"https:\/\/tranthi.vn\/hatinh\/gach-bong-gio-vcb_019-window\/#primaryimage\"},\"thumbnailUrl\":\"https:\/\/tranthi.vn\/hatinh\/wp-content\/uploads\/2023\/06\/gach-op-lat_gach-bong-gio-VCB_019-Window-da-nang.jpg\",\"datePublished\":\"2023-06-26T02:04:31+00:00\",\"dateModified\":\"2023-06-26T02:04:32+00:00\",\"breadcrumb\":{\"@id\":\"https:\/\/tranthi.vn\/hatinh\/gach-bong-gio-vcb_019-window\/#breadcrumb\"},\"inLanguage\":\"vi\",\"potentialAction\":[{\"@type\":\"ReadAction\",\"target\":[\"https:\/\/tranthi.vn\/hatinh\/gach-bong-gio-vcb_019-window\/\"]}]},{\"@type\":\"ImageObject\",\"inLanguage\":\"vi\",\"@id\":\"https:\/\/tranthi.vn\/hatinh\/gach-bong-gio-vcb_019-window\/#primaryimage\",\"url\":\"https:\/\/tranthi.vn\/hatinh\/wp-content\/uploads\/2023\/06\/gach-op-lat_gach-bong-gio-VCB_019-Window-da-nang.jpg\",\"contentUrl\":\"https:\/\/tranthi.vn\/hatinh\/wp-content\/uploads\/2023\/06\/gach-op-lat_gach-bong-gio-VCB_019-Window-da-nang.jpg\",\"width\":400,\"height\":350,\"caption\":\"g\u1ea1ch \u1ed1p l\u00e1t_g\u1ea1ch b\u00f4ng gi\u00f3 VCB_019-Window \u0111\u00e0 n\u1eb5ng\"},{\"@type\":\"BreadcrumbList\",\"@id\":\"https:\/\/tranthi.vn\/hatinh\/gach-bong-gio-vcb_019-window\/#breadcrumb\",\"itemListElement\":[{\"@type\":\"ListItem\",\"position\":1,\"name\":\"Trang ch\u1ee7\",\"item\":\"https:\/\/tranthi.vn\/hatinh\/\"},{\"@type\":\"ListItem\",\"position\":2,\"name\":\"Shop\",\"item\":\"https:\/\/tranthi.vn\/hatinh\/shop\/\"},{\"@type\":\"ListItem\",\"position\":3,\"name\":\"G\u1ea1ch B\u00f4ng Gi\u00f3 VCB_019-Window\"}]},{\"@type\":\"WebSite\",\"@id\":\"https:\/\/tranthi.vn\/hatinh\/#website\",\"url\":\"https:\/\/tranthi.vn\/hatinh\/\",\"name\":\"V\u1eadt Li\u1ec7u X\u00e2y D\u1ef1ng Tr\u1ea7n Th\u1ecb Chi Nh\u00e1nh H\u00e0 T\u0129nh\",\"description\":\"V\u1eadt Li\u1ec7u X\u00e2y D\u1ef1ng - H\u00e0 T\u0129nh\",\"potentialAction\":[{\"@type\":\"SearchAction\",\"target\":{\"@type\":\"EntryPoint\",\"urlTemplate\":\"https:\/\/tranthi.vn\/hatinh\/?s={search_term_string}\"},\"query-input\":\"required name=search_term_string\"}],\"inLanguage\":\"vi\"},{\"@type\":\"ImageObject\",\"inLanguage\":\"vi\",\"@id\":\"https:\/\/tranthi.vn\/hatinh\/gach-bong-gio-vcb_019-window\/#local-main-organization-logo\",\"url\":\"\",\"contentUrl\":\"\",\"caption\":\"V\u1eadt Li\u1ec7u X\u00e2y D\u1ef1ng Tr\u1ea7n Th\u1ecb Chi Nh\u00e1nh H\u00e0 T\u0129nh\"}]}<\/script>\n<meta property=\"product:price:amount\" content=\"24000\" \/>\n<meta property=\"product:price:currency\" content=\"VND\" \/>\n<meta property=\"og:availability\" content=\"instock\" \/>\n<meta property=\"product:availability\" content=\"instock\" \/>\n<meta property=\"product:condition\" content=\"new\" \/>\n<!-- \/ Yoast SEO Premium plugin. -->","yoast_head_json":{"title":"G\u1ea1ch B\u00f4ng Gi\u00f3 VCB_019-Window - V\u1eadt Li\u1ec7u X\u00e2y D\u1ef1ng Tr\u1ea7n Th\u1ecb Chi Nh\u00e1nh H\u00e0 T\u0129nh","robots":{"index":"index","follow":"follow","max-snippet":"max-snippet:-1","max-image-preview":"max-image-preview:large","max-video-preview":"max-video-preview:-1"},"canonical":"https:\/\/tranthi.vn\/hatinh\/gach-bong-gio-vcb_019-window\/","og_locale":"vi_VN","og_type":"article","og_title":"G\u1ea1ch B\u00f4ng Gi\u00f3 VCB_019-Window","og_description":"\u1ee8ng d\u1ee5ng:  - L\u00e0m m\u1eb7t ti\u1ec1n, l\u00e0m v\u00e1ch ng\u0103n, l\u00e0m ch\u00e2n b\u00e0n, \u1ed1p trang tr\u00ed...\u00a0  \u00a0K\u00edch th\u01b0\u1edbc: 190*190*65 mm  \u00a0\u0110\u01a1n v\u1ecb t\u00ednh: Vi\u00ean  Gi\u00e1\u00a0g\u1ea1ch b\u00f4ng gi\u00f3   Tr\u1eafng:\u00a0gi\u00e1 24.000\/Vi\u00ean  X\u00e1m: gi\u00e1\u00a020.000\/vi\u00ean\u00a0\u00a0  Giao h\u00e0ng trong \u0111\u1ecba b\u00e0n\u00a0\u0110\u00e0 N\u1eb5ng","og_url":"https:\/\/tranthi.vn\/hatinh\/gach-bong-gio-vcb_019-window\/","og_site_name":"V\u1eadt Li\u1ec7u X\u00e2y D\u1ef1ng Tr\u1ea7n Th\u1ecb Chi Nh\u00e1nh H\u00e0 T\u0129nh","article_modified_time":"2023-06-26T02:04:32+00:00","og_image":[{"width":400,"height":350,"url":"https:\/\/tranthi.vn\/hatinh\/wp-content\/uploads\/2023\/06\/gach-op-lat_gach-bong-gio-VCB_019-Window-da-nang.jpg","type":"image\/jpeg"}],"twitter_card":"summary_large_image","twitter_misc":{"Gi\u00e1":"24,000&nbsp;&#8363;","Kh\u1ea3 d\u1ee5ng":"Trong kho"},"schema":{"@context":"https:\/\/schema.org","@graph":[{"@type":["WebPage","ItemPage"],"@id":"https:\/\/tranthi.vn\/hatinh\/gach-bong-gio-vcb_019-window\/","url":"https:\/\/tranthi.vn\/hatinh\/gach-bong-gio-vcb_019-window\/","name":"G\u1ea1ch B\u00f4ng Gi\u00f3 VCB_019-Window - V\u1eadt Li\u1ec7u X\u00e2y D\u1ef1ng Tr\u1ea7n Th\u1ecb Chi Nh\u00e1nh H\u00e0 T\u0129nh","isPartOf":{"@id":"https:\/\/tranthi.vn\/hatinh\/#website"},"primaryImageOfPage":{"@id":"https:\/\/tranthi.vn\/hatinh\/gach-bong-gio-vcb_019-window\/#primaryimage"},"image":{"@id":"https:\/\/tranthi.vn\/hatinh\/gach-bong-gio-vcb_019-window\/#primaryimage"},"thumbnailUrl":"https:\/\/tranthi.vn\/hatinh\/wp-content\/uploads\/2023\/06\/gach-op-lat_gach-bong-gio-VCB_019-Window-da-nang.jpg","datePublished":"2023-06-26T02:04:31+00:00","dateModified":"2023-06-26T02:04:32+00:00","breadcrumb":{"@id":"https:\/\/tranthi.vn\/hatinh\/gach-bong-gio-vcb_019-window\/#breadcrumb"},"inLanguage":"vi","potentialAction":[{"@type":"ReadAction","target":["https:\/\/tranthi.vn\/hatinh\/gach-bong-gio-vcb_019-window\/"]}]},{"@type":"ImageObject","inLanguage":"vi","@id":"https:\/\/tranthi.vn\/hatinh\/gach-bong-gio-vcb_019-window\/#primaryimage","url":"https:\/\/tranthi.vn\/hatinh\/wp-content\/uploads\/2023\/06\/gach-op-lat_gach-bong-gio-VCB_019-Window-da-nang.jpg","contentUrl":"https:\/\/tranthi.vn\/hatinh\/wp-content\/uploads\/2023\/06\/gach-op-lat_gach-bong-gio-VCB_019-Window-da-nang.jpg","width":400,"height":350,"caption":"g\u1ea1ch \u1ed1p l\u00e1t_g\u1ea1ch b\u00f4ng gi\u00f3 VCB_019-Window \u0111\u00e0 n\u1eb5ng"},{"@type":"BreadcrumbList","@id":"https:\/\/tranthi.vn\/hatinh\/gach-bong-gio-vcb_019-window\/#breadcrumb","itemListElement":[{"@type":"ListItem","position":1,"name":"Trang ch\u1ee7","item":"https:\/\/tranthi.vn\/hatinh\/"},{"@type":"ListItem","position":2,"name":"Shop","item":"https:\/\/tranthi.vn\/hatinh\/shop\/"},{"@type":"ListItem","position":3,"name":"G\u1ea1ch B\u00f4ng Gi\u00f3 VCB_019-Window"}]},{"@type":"WebSite","@id":"https:\/\/tranthi.vn\/hatinh\/#website","url":"https:\/\/tranthi.vn\/hatinh\/","name":"V\u1eadt Li\u1ec7u X\u00e2y D\u1ef1ng Tr\u1ea7n Th\u1ecb Chi Nh\u00e1nh H\u00e0 T\u0129nh","description":"V\u1eadt Li\u1ec7u X\u00e2y D\u1ef1ng - H\u00e0 T\u0129nh","potentialAction":[{"@type":"SearchAction","target":{"@type":"EntryPoint","urlTemplate":"https:\/\/tranthi.vn\/hatinh\/?s={search_term_string}"},"query-input":"required name=search_term_string"}],"inLanguage":"vi"},{"@type":"ImageObject","inLanguage":"vi","@id":"https:\/\/tranthi.vn\/hatinh\/gach-bong-gio-vcb_019-window\/#local-main-organization-logo","url":"","contentUrl":"","caption":"V\u1eadt Li\u1ec7u X\u00e2y D\u1ef1ng Tr\u1ea7n Th\u1ecb Chi Nh\u00e1nh H\u00e0 T\u0129nh"}]},"product_price_amount":"24000","product_price_currency":"VND","og_availability":"instock","product_availability":"instock","product_condition":"new"},"_links":{"self":[{"href":"https:\/\/tranthi.vn\/hatinh\/wp-json\/wp\/v2\/product\/4934","targetHints":{"allow":["GET"]}}],"collection":[{"href":"https:\/\/tranthi.vn\/hatinh\/wp-json\/wp\/v2\/product"}],"about":[{"href":"https:\/\/tranthi.vn\/hatinh\/wp-json\/wp\/v2\/types\/product"}],"replies":[{"embeddable":true,"href":"https:\/\/tranthi.vn\/hatinh\/wp-json\/wp\/v2\/comments?post=4934"}],"wp:featuredmedia":[{"embeddable":true,"href":"https:\/\/tranthi.vn\/hatinh\/wp-json\/wp\/v2\/media\/4935"}],"wp:attachment":[{"href":"https:\/\/tranthi.vn\/hatinh\/wp-json\/wp\/v2\/media?parent=4934"}],"wp:term":[{"taxonomy":"product_cat","embeddable":true,"href":"https:\/\/tranthi.vn\/hatinh\/wp-json\/wp\/v2\/product_cat?post=4934"},{"taxonomy":"product_tag","embeddable":true,"href":"https:\/\/tranthi.vn\/hatinh\/wp-json\/wp\/v2\/product_tag?post=4934"}],"curies":[{"name":"wp","href":"https:\/\/api.w.org\/{rel}","templated":true}]}}