{"id":4879,"date":"2023-06-24T16:09:43","date_gmt":"2023-06-24T09:09:43","guid":{"rendered":"https:\/\/tranthi.vn\/quangnam\/?post_type=product&#038;p=4879"},"modified":"2024-07-29T16:34:20","modified_gmt":"2024-07-29T09:34:20","slug":"gach-mosaic-be-boi-ha-tinh","status":"publish","type":"product","link":"https:\/\/tranthi.vn\/hatinh\/gach-mosaic-be-boi-ha-tinh\/","title":{"rendered":"MST25032"},"content":{"rendered":"<h1 style=\"text-align: center;\"><span style=\"font-family: 'times new roman', times, serif; font-size: 140%;\">G\u1ea1ch Gosamic <a href=\"https:\/\/vi.wikipedia.org\/wiki\/H%C3%A0_T%C4%A9nh\">H\u00e0 T\u0129nh<\/a><\/span><\/h1>\n<h1><strong><span style=\"font-family: 'times new roman', times, serif; font-size: 110%;\">G\u1ea1ch Mosaic &#8211; \u0110\u1ed5i M\u1edbi Kh\u00f4ng Gian V\u1edbi S\u1ef1 Tinh T\u1ebf<\/span><\/strong><\/h1>\n<h3><span style=\"font-family: 'times new roman', times, serif; font-size: 110%;\">G\u1ea1ch mosaic, m\u1ed9t lo\u1ea1i g\u1ea1ch trang tr\u00ed \u0111\u1ed9c \u0111\u00e1o, ng\u00e0y c\u00e0ng tr\u1edf n\u00ean ph\u1ed5 bi\u1ebfn trong c\u00e1c thi\u1ebft k\u1ebf n\u1ed9i th\u1ea5t v\u00e0 ngo\u1ea1i th\u1ea5t t\u1ea1i <i><a href=\"https:\/\/vi.wikipedia.org\/wiki\/H%C3%A0_T%C4%A9nh\">H\u00e0 T\u0129nh<\/a>. <\/i>V\u1edbi kh\u1ea3 n\u0103ng t\u1ea1o ra nh\u1eefng m\u1eabu m\u00e3 phong ph\u00fa v\u00e0 m\u00e0u s\u1eafc \u0111a d\u1ea1ng, g\u1ea1ch mosaic kh\u00f4ng ch\u1ec9 l\u00e0m \u0111\u1eb9p cho kh\u00f4ng gian m\u00e0 c\u00f2n mang l\u1ea1i s\u1ef1 c\u00e1 t\u00ednh v\u00e0 phong c\u00e1ch ri\u00eang. .<\/span><\/h3>\n<h1><strong><span style=\"font-family: 'times new roman', times, serif; font-size: 110%;\">1. Gi\u1edbi Thi\u1ec7u V\u1ec1 G\u1ea1ch Mosaic<\/span><\/strong><\/h1>\n<h3><span style=\"font-family: 'times new roman', times, serif; font-size: 110%;\">G\u1ea1ch mosaic l\u00e0 lo\u1ea1i g\u1ea1ch \u0111\u01b0\u1ee3c t\u1ea1o th\u00e0nh t\u1eeb nh\u1eefng m\u1ea3nh nh\u1ecf, th\u01b0\u1eddng l\u00e0 h\u00ecnh vu\u00f4ng, h\u00ecnh ch\u1eef nh\u1eadt ho\u1eb7c h\u00ecnh tr\u00f2n, \u0111\u01b0\u1ee3c gh\u00e9p l\u1ea1i \u0111\u1ec3 t\u1ea1o ra c\u00e1c m\u1eabu trang tr\u00ed \u0111\u1eb7c bi\u1ec7t. C\u00e1c m\u1ea3nh g\u1ea1ch mosaic c\u00f3 th\u1ec3 \u0111\u01b0\u1ee3c l\u00e0m t\u1eeb nhi\u1ec1u ch\u1ea5t li\u1ec7u kh\u00e1c nhau nh\u01b0 th\u1ee7y tinh, \u0111\u00e1 t\u1ef1 nhi\u00ean, g\u1ed1m s\u1ee9, ho\u1eb7c kim lo\u1ea1i. Lo\u1ea1i g\u1ea1ch n\u00e0y th\u01b0\u1eddng \u0111\u01b0\u1ee3c s\u1eed d\u1ee5ng \u0111\u1ec3 trang tr\u00ed t\u01b0\u1eddng, s\u00e0n, b\u1ec3 b\u01a1i, ho\u1eb7c c\u00e1c kh\u00f4ng gian c\u1ea7n \u0111i\u1ec3m nh\u1ea5n ngh\u1ec7 thu\u1eadt.<\/span><\/h3>\n<p style=\"text-align: center;\"><iframe loading=\"lazy\" src=\"\/\/www.youtube.com\/embed\/9kYiUxs6lzs?pp=ygUOZ-G6oWNoIGdvc2FtaWM\" width=\"560\" height=\"314\" allowfullscreen=\"allowfullscreen\"><\/iframe><\/p>\n<h1><strong><span style=\"font-family: 'times new roman', times, serif; font-size: 110%;\">2. L\u1ee3i \u00cdch C\u1ee7a G\u1ea1ch Mosaic T\u1ea1i H\u00e0 T\u0129nh<\/span><\/strong><\/h1>\n<ul>\n<li>\n<h3><span style=\"font-family: 'times new roman', times, serif; font-size: 110%;\">T\u1ea1o \u0111i\u1ec3m nh\u1ea5n ngh\u1ec7 thu\u1eadt: G\u1ea1ch mosaic v\u1edbi c\u00e1c m\u1eabu m\u00e3 v\u00e0 m\u00e0u s\u1eafc \u0111a d\u1ea1ng c\u00f3 kh\u1ea3 n\u0103ng t\u1ea1o ra nh\u1eefng \u0111i\u1ec3m nh\u1ea5n n\u1ed5i b\u1eadt trong kh\u00f4ng gian. B\u1ea1n c\u00f3 th\u1ec3 l\u1ef1a ch\u1ecdn c\u00e1c thi\u1ebft k\u1ebf ph\u1ee9c t\u1ea1p ho\u1eb7c \u0111\u01a1n gi\u1ea3n \u0111\u1ec3 ph\u00f9 h\u1ee3p v\u1edbi phong c\u00e1ch thi\u1ebft k\u1ebf c\u1ee7a m\u00ecnh.<\/span><\/h3>\n<\/li>\n<li>\n<h3><span style=\"font-family: 'times new roman', times, serif; font-size: 110%;\">Ch\u1ecbu n\u01b0\u1edbc v\u00e0 d\u1ec5 v\u1ec7 sinh: G\u1ea1ch mosaic th\u01b0\u1eddng c\u00f3 kh\u1ea3 n\u0103ng ch\u1ed1ng th\u1ea5m n\u01b0\u1edbc t\u1ed1t, l\u00e0m cho n\u00f3 tr\u1edf th\u00e0nh s\u1ef1 l\u1ef1a ch\u1ecdn l\u00fd t\u01b0\u1edfng cho c\u00e1c khu v\u1ef1c nh\u01b0 ph\u00f2ng t\u1eafm, b\u1ec3 b\u01a1i, v\u00e0 nh\u00e0 b\u1ebfp. Ngo\u00e0i ra, b\u1ec1 m\u1eb7t g\u1ea1ch mosaic c\u0169ng d\u1ec5 d\u00e0ng v\u1ec7 sinh, gi\u00fap duy tr\u00ec s\u1ef1 s\u1ea1ch s\u1ebd v\u00e0 m\u1edbi m\u1ebb cho kh\u00f4ng gian.<\/span><\/h3>\n<\/li>\n<li>\n<h3><span style=\"font-family: 'times new roman', times, serif; font-size: 110%;\">\u0110\u1ed9 b\u1ec1n cao: Nhi\u1ec1u lo\u1ea1i g\u1ea1ch mosaic \u0111\u01b0\u1ee3c l\u00e0m t\u1eeb c\u00e1c v\u1eadt li\u1ec7u b\u1ec1n b\u1ec9 nh\u01b0 \u0111\u00e1 t\u1ef1 nhi\u00ean ho\u1eb7c th\u1ee7y tinh, gi\u00fap ch\u00fang c\u00f3 tu\u1ed5i th\u1ecd cao v\u00e0 ch\u1ed1ng l\u1ea1i s\u1ef1 hao m\u00f2n theo th\u1eddi gian.<\/span><\/h3>\n<\/li>\n<li>\n<h3><span style=\"font-family: 'times new roman', times, serif; font-size: 110%;\">T\u00ednh linh ho\u1ea1t trong thi\u1ebft k\u1ebf: G\u1ea1ch mosaic c\u00f3 th\u1ec3 \u0111\u01b0\u1ee3c l\u1eafp \u0111\u1eb7t theo nhi\u1ec1u c\u00e1ch kh\u00e1c nhau, t\u1eeb vi\u1ec7c t\u1ea1o ra c\u00e1c m\u1eabu h\u00ecnh h\u1ecdc \u0111\u1ebfn c\u00e1c h\u1ecda ti\u1ebft t\u00f9y ch\u1ec9nh. \u0110i\u1ec1u n\u00e0y mang l\u1ea1i s\u1ef1 linh ho\u1ea1t cao trong thi\u1ebft k\u1ebf v\u00e0 trang tr\u00ed kh\u00f4ng gian.<\/span><\/h3>\n<\/li>\n<\/ul>\n<h1><strong><span style=\"font-family: 'times new roman', times, serif; font-size: 110%;\">3. L\u00fd Do N\u00ean Ch\u1ecdn G\u1ea1ch Mosaic\u00a0<\/span><\/strong><\/h1>\n<ul>\n<li>\n<h3><span style=\"font-family: 'times new roman', times, serif; font-size: 110%;\">Kh\u00ed h\u1eadu \u0111\u1eb7c th\u00f9: <a href=\"https:\/\/vi.wikipedia.org\/wiki\/H%C3%A0_T%C4%A9nh\">H\u00e0 T\u0129nh<\/a> c\u00f3 kh\u00ed h\u1eadu nhi\u1ec7t \u0111\u1edbi gi\u00f3 m\u00f9a, v\u1edbi m\u00f9a h\u00e8 n\u00f3ng v\u00e0 \u1ea9m. G\u1ea1ch mosaic v\u1edbi kh\u1ea3 n\u0103ng ch\u1ed1ng th\u1ea5m n\u01b0\u1edbc v\u00e0 d\u1ec5 v\u1ec7 sinh r\u1ea5t ph\u00f9 h\u1ee3p v\u1edbi \u0111i\u1ec1u ki\u1ec7n kh\u00ed h\u1eadu n\u00e0y, gi\u00fap b\u1ea3o v\u1ec7 v\u00e0 duy tr\u00ec v\u1ebb \u0111\u1eb9p c\u1ee7a kh\u00f4ng gian trong th\u1eddi gian d\u00e0i.<\/span><\/h3>\n<\/li>\n<li>\n<h3><span style=\"font-family: 'times new roman', times, serif; font-size: 110%;\">Th\u1ecb tr\u01b0\u1eddng \u0111a d\u1ea1ng: B\u1ea1n c\u00f3 th\u1ec3 t\u00ecm th\u1ea5y t\u1ea1i \u0111\u00e2y nhi\u1ec1u c\u1eeda h\u00e0ng v\u00e0 showroom cung c\u1ea5p g\u1ea1ch mosaic v\u1edbi nhi\u1ec1u m\u1eabu m\u00e3 v\u00e0 ch\u1ea5t li\u1ec7u kh\u00e1c nhau. \u0110i\u1ec1u n\u00e0y gi\u00fap b\u1ea1n d\u1ec5 d\u00e0ng l\u1ef1a ch\u1ecdn s\u1ea3n ph\u1ea9m ph\u00f9 h\u1ee3p v\u1edbi nhu c\u1ea7u v\u00e0 phong c\u00e1ch thi\u1ebft k\u1ebf c\u1ee7a m\u00ecnh.<\/span><\/h3>\n<\/li>\n<li>\n<h3><span style=\"font-family: 'times new roman', times, serif; font-size: 110%;\">D\u1ecbch v\u1ee5 v\u00e0 h\u1ed7 tr\u1ee3 ch\u1ea5t l\u01b0\u1ee3ng: C\u00e1c nh\u00e0 cung c\u1ea5p g\u1ea1ch mosaic\u00a0 th\u01b0\u1eddng cung c\u1ea5p d\u1ecbch v\u1ee5 t\u01b0 v\u1ea5n v\u00e0 l\u1eafp \u0111\u1eb7t chuy\u00ean nghi\u1ec7p, gi\u00fap b\u1ea1n \u0111\u1ea3m b\u1ea3o r\u1eb1ng g\u1ea1ch \u0111\u01b0\u1ee3c l\u1eafp \u0111\u1eb7t \u0111\u00fang c\u00e1ch v\u00e0 \u0111\u1ea1t \u0111\u01b0\u1ee3c k\u1ebft qu\u1ea3 t\u1ed1t nh\u1ea5t.<\/span><\/h3>\n<\/li>\n<li>\n<h3><span style=\"font-family: 'times new roman', times, serif; font-size: 110%;\">Gi\u00e1 c\u1ea3 h\u1ee3p l\u00fd: V\u1edbi s\u1ef1 c\u1ea1nh tranh tr\u00ean th\u1ecb tr\u01b0\u1eddng, b\u1ea1n c\u00f3 th\u1ec3 t\u00ecm th\u1ea5y c\u00e1c s\u1ea3n ph\u1ea9m g\u1ea1ch mosaic v\u1edbi m\u1ee9c gi\u00e1 h\u1ee3p l\u00fd v\u00e0 nhi\u1ec1u \u01b0u \u0111\u00e3i h\u1ea5p d\u1eabn t\u1ea1i c\u00e1c c\u1eeda h\u00e0ng v\u00e0 showroom t\u1ea1i H\u00e0 T\u0129nh.<\/span><\/h3>\n<\/li>\n<\/ul>\n<p style=\"text-align: center;\"><iframe loading=\"lazy\" src=\"\/\/www.youtube.com\/embed\/rx4IURyoSpk?pp=ygUOZ-G6oWNoIGdvc2FtaWM\" width=\"560\" height=\"314\" allowfullscreen=\"allowfullscreen\"><\/iframe><\/p>\n<h3><\/h3>\n","protected":false},"excerpt":{"rendered":"<p><span style=\"font-family: 'times new roman', times, serif; font-size: 130%; color: #0000ff;\">\u1ee8ng d\u1ee5ng:<\/span><\/p>\n<p><span style=\"font-family: 'times new roman', times, serif; font-size: 130%;\">\u1ed0p b\u1ec3 b\u01a1i, trang tr\u00ed n\u1ed9i ngo\u1ea1i th\u1ea5t, nh\u00e0 v\u1ec7 sinh, ph\u00f2ng t\u1eafm, t\u01b0\u1eddng trang tr\u00ed,\u2026<\/span><\/p>\n<p><span style=\"font-family: 'times new roman', times, serif; font-size: 130%;\">Ch\u1ea5t li\u1ec7u: Th\u1ee7y tinh<\/span><\/p>\n<p><span style=\"font-family: 'times new roman', times, serif; font-size: 130%;\">K\u00edch th\u01b0\u1edbc vi\u00ean: <span style=\"color: #e14d43;\">25*25mm<\/span><\/span><\/p>\n<p><span style=\"font-family: 'times new roman', times, serif; font-size: 130%;\">K\u00edch th\u01b0\u1edbc v\u1ec9: <span style=\"color: #e14d43;\">300*300mm<\/span><\/span><\/p>\n<p><span style=\"font-family: 'times new roman', times, serif; font-size: 130%;\">Tr\u1ecdng l\u01b0\u1ee3ng 14-19 kg\/ th\u00f9ng = 22 v\u1ec9 = 2m2<\/span><\/p>\n<p><span style=\"font-family: 'times new roman', times, serif; font-size: 130%;\">G\u00eda b\u00e1n : <span style=\"color: #e14d43;\">485.000\u0111\/m<\/span><\/span><\/p>\n<p><em><span style=\"font-family: 'times new roman', times, serif; font-size: 130%; color: #0000ff;\">Mi\u1ec5n ph\u00ed giao h\u00e0ng n\u1ed9i th\u00e0nh <a href=\"https:\/\/vi.wikipedia.org\/wiki\/H%C3%A0_T%C4%A9nh\">H\u00e0 T\u0129nh<\/a> 5m tr\u1edf l\u00ean.<\/span><\/em><\/p>\n<p>&nbsp;<\/p>\n","protected":false},"featured_media":4880,"comment_status":"closed","ping_status":"closed","template":"","meta":[],"product_cat":[342,370],"product_tag":[465],"class_list":{"0":"post-4879","1":"product","2":"type-product","3":"status-publish","4":"has-post-thumbnail","6":"product_cat-gach-op-lat-gach-mosaic-da-nang","7":"product_cat-gach-op-lat-gach-mosaic-gach-mosaic-thuy-tinh-da-nang","8":"product_tag-gia-gach-gosamic-tai-da-nang","10":"first","11":"instock","12":"sale","13":"shipping-taxable","14":"purchasable","15":"product-type-simple"},"yoast_head":"<!-- This site is optimized with the Yoast SEO Premium plugin v22.3 (Yoast SEO v22.8) - https:\/\/yoast.com\/wordpress\/plugins\/seo\/ -->\n<title>G\u1ea1ch mosaic gi\u00e1 r\u1ebb t\u1ea1i H\u00e0 T\u0129nh-0947.335.871<\/title>\n<meta name=\"description\" content=\"Tr\u1ea7n Th\u1ecb - Chuy\u00ean cung c\u1ea5p G\u1ea1ch mosaic b\u1ec3 b\u01a1i gi\u00e1 r\u1ebb t\u1ea1i H\u00e0 T\u0129nh-0947.335.871 cho m\u1ecdi c\u00f4ng tr\u00ecnh t\u1eeb nh\u00e0 \u1edf \u0111\u1ebfn c\u00e1c c\u00f4ng tr\u00ecnh l\u1edbn\" \/>\n<meta name=\"robots\" content=\"index, follow, max-snippet:-1, max-image-preview:large, max-video-preview:-1\" \/>\n<link rel=\"canonical\" href=\"https:\/\/tranthi.vn\/hatinh\/gach-mosaic-be-boi-ha-tinh\/\" \/>\n<meta property=\"og:locale\" content=\"vi_VN\" \/>\n<meta property=\"og:type\" content=\"article\" \/>\n<meta property=\"og:title\" content=\"MST25032\" \/>\n<meta property=\"og:description\" content=\"Tr\u1ea7n Th\u1ecb - Chuy\u00ean cung c\u1ea5p G\u1ea1ch mosaic b\u1ec3 b\u01a1i gi\u00e1 r\u1ebb t\u1ea1i H\u00e0 T\u0129nh-0947.335.871 cho m\u1ecdi c\u00f4ng tr\u00ecnh t\u1eeb nh\u00e0 \u1edf \u0111\u1ebfn c\u00e1c c\u00f4ng tr\u00ecnh l\u1edbn\" \/>\n<meta property=\"og:url\" content=\"https:\/\/tranthi.vn\/hatinh\/gach-mosaic-be-boi-ha-tinh\/\" \/>\n<meta property=\"og:site_name\" content=\"V\u1eadt Li\u1ec7u X\u00e2y D\u1ef1ng Tr\u1ea7n Th\u1ecb Chi Nh\u00e1nh H\u00e0 T\u0129nh\" \/>\n<meta property=\"article:modified_time\" content=\"2024-07-29T09:34:20+00:00\" \/>\n<meta property=\"og:image\" content=\"https:\/\/tranthi.vn\/hatinh\/wp-content\/uploads\/2023\/06\/gach-mosaic-be-boi-MST25032-Da-Nang.jpg\" \/>\n\t<meta property=\"og:image:width\" content=\"400\" \/>\n\t<meta property=\"og:image:height\" content=\"350\" \/>\n\t<meta property=\"og:image:type\" content=\"image\/jpeg\" \/>\n<meta name=\"twitter:card\" content=\"summary_large_image\" \/>\n<meta name=\"twitter:label1\" content=\"Gi\u00e1\" \/>\n\t<meta name=\"twitter:data1\" content=\"485,000&nbsp;&#8363;\" \/>\n\t<meta name=\"twitter:label2\" content=\"Kh\u1ea3 d\u1ee5ng\" \/>\n\t<meta name=\"twitter:data2\" content=\"Trong kho\" \/>\n<script type=\"application\/ld+json\" class=\"yoast-schema-graph\">{\"@context\":\"https:\/\/schema.org\",\"@graph\":[{\"@type\":[\"WebPage\",\"ItemPage\"],\"@id\":\"https:\/\/tranthi.vn\/hatinh\/gach-mosaic-be-boi-ha-tinh\/\",\"url\":\"https:\/\/tranthi.vn\/hatinh\/gach-mosaic-be-boi-ha-tinh\/\",\"name\":\"G\u1ea1ch mosaic gi\u00e1 r\u1ebb t\u1ea1i H\u00e0 T\u0129nh-0947.335.871\",\"isPartOf\":{\"@id\":\"https:\/\/tranthi.vn\/hatinh\/#website\"},\"primaryImageOfPage\":{\"@id\":\"https:\/\/tranthi.vn\/hatinh\/gach-mosaic-be-boi-ha-tinh\/#primaryimage\"},\"image\":{\"@id\":\"https:\/\/tranthi.vn\/hatinh\/gach-mosaic-be-boi-ha-tinh\/#primaryimage\"},\"thumbnailUrl\":\"https:\/\/tranthi.vn\/hatinh\/wp-content\/uploads\/2023\/06\/gach-mosaic-be-boi-MST25032-Da-Nang.jpg\",\"datePublished\":\"2023-06-24T09:09:43+00:00\",\"dateModified\":\"2024-07-29T09:34:20+00:00\",\"description\":\"Tr\u1ea7n Th\u1ecb - Chuy\u00ean cung c\u1ea5p G\u1ea1ch mosaic b\u1ec3 b\u01a1i gi\u00e1 r\u1ebb t\u1ea1i H\u00e0 T\u0129nh-0947.335.871 cho m\u1ecdi c\u00f4ng tr\u00ecnh t\u1eeb nh\u00e0 \u1edf \u0111\u1ebfn c\u00e1c c\u00f4ng tr\u00ecnh l\u1edbn\",\"breadcrumb\":{\"@id\":\"https:\/\/tranthi.vn\/hatinh\/gach-mosaic-be-boi-ha-tinh\/#breadcrumb\"},\"inLanguage\":\"vi\",\"potentialAction\":[{\"@type\":\"ReadAction\",\"target\":[\"https:\/\/tranthi.vn\/hatinh\/gach-mosaic-be-boi-ha-tinh\/\"]}]},{\"@type\":\"ImageObject\",\"inLanguage\":\"vi\",\"@id\":\"https:\/\/tranthi.vn\/hatinh\/gach-mosaic-be-boi-ha-tinh\/#primaryimage\",\"url\":\"https:\/\/tranthi.vn\/hatinh\/wp-content\/uploads\/2023\/06\/gach-mosaic-be-boi-MST25032-Da-Nang.jpg\",\"contentUrl\":\"https:\/\/tranthi.vn\/hatinh\/wp-content\/uploads\/2023\/06\/gach-mosaic-be-boi-MST25032-Da-Nang.jpg\",\"width\":400,\"height\":350,\"caption\":\"g\u1ea1ch mosaic b\u1ec3 b\u01a1i MST25032 \u0110\u00e0 N\u1eb5ng\"},{\"@type\":\"BreadcrumbList\",\"@id\":\"https:\/\/tranthi.vn\/hatinh\/gach-mosaic-be-boi-ha-tinh\/#breadcrumb\",\"itemListElement\":[{\"@type\":\"ListItem\",\"position\":1,\"name\":\"Trang ch\u1ee7\",\"item\":\"https:\/\/tranthi.vn\/hatinh\/\"},{\"@type\":\"ListItem\",\"position\":2,\"name\":\"Shop\",\"item\":\"https:\/\/tranthi.vn\/hatinh\/shop\/\"},{\"@type\":\"ListItem\",\"position\":3,\"name\":\"MST25032\"}]},{\"@type\":\"WebSite\",\"@id\":\"https:\/\/tranthi.vn\/hatinh\/#website\",\"url\":\"https:\/\/tranthi.vn\/hatinh\/\",\"name\":\"V\u1eadt Li\u1ec7u X\u00e2y D\u1ef1ng Tr\u1ea7n Th\u1ecb Chi Nh\u00e1nh H\u00e0 T\u0129nh\",\"description\":\"V\u1eadt Li\u1ec7u X\u00e2y D\u1ef1ng - H\u00e0 T\u0129nh\",\"potentialAction\":[{\"@type\":\"SearchAction\",\"target\":{\"@type\":\"EntryPoint\",\"urlTemplate\":\"https:\/\/tranthi.vn\/hatinh\/?s={search_term_string}\"},\"query-input\":\"required name=search_term_string\"}],\"inLanguage\":\"vi\"},{\"@type\":\"ImageObject\",\"inLanguage\":\"vi\",\"@id\":\"https:\/\/tranthi.vn\/hatinh\/gach-mosaic-be-boi-ha-tinh\/#local-main-organization-logo\",\"url\":\"\",\"contentUrl\":\"\",\"caption\":\"V\u1eadt Li\u1ec7u X\u00e2y D\u1ef1ng Tr\u1ea7n Th\u1ecb Chi Nh\u00e1nh H\u00e0 T\u0129nh\"}]}<\/script>\n<meta property=\"product:price:amount\" content=\"485000\" \/>\n<meta property=\"product:price:currency\" content=\"VND\" \/>\n<meta property=\"og:availability\" content=\"instock\" \/>\n<meta property=\"product:availability\" content=\"instock\" \/>\n<meta property=\"product:condition\" content=\"new\" \/>\n<!-- \/ Yoast SEO Premium plugin. -->","yoast_head_json":{"title":"G\u1ea1ch mosaic gi\u00e1 r\u1ebb t\u1ea1i H\u00e0 T\u0129nh-0947.335.871","description":"Tr\u1ea7n Th\u1ecb - Chuy\u00ean cung c\u1ea5p G\u1ea1ch mosaic b\u1ec3 b\u01a1i gi\u00e1 r\u1ebb t\u1ea1i H\u00e0 T\u0129nh-0947.335.871 cho m\u1ecdi c\u00f4ng tr\u00ecnh t\u1eeb nh\u00e0 \u1edf \u0111\u1ebfn c\u00e1c c\u00f4ng tr\u00ecnh l\u1edbn","robots":{"index":"index","follow":"follow","max-snippet":"max-snippet:-1","max-image-preview":"max-image-preview:large","max-video-preview":"max-video-preview:-1"},"canonical":"https:\/\/tranthi.vn\/hatinh\/gach-mosaic-be-boi-ha-tinh\/","og_locale":"vi_VN","og_type":"article","og_title":"MST25032","og_description":"Tr\u1ea7n Th\u1ecb - Chuy\u00ean cung c\u1ea5p G\u1ea1ch mosaic b\u1ec3 b\u01a1i gi\u00e1 r\u1ebb t\u1ea1i H\u00e0 T\u0129nh-0947.335.871 cho m\u1ecdi c\u00f4ng tr\u00ecnh t\u1eeb nh\u00e0 \u1edf \u0111\u1ebfn c\u00e1c c\u00f4ng tr\u00ecnh l\u1edbn","og_url":"https:\/\/tranthi.vn\/hatinh\/gach-mosaic-be-boi-ha-tinh\/","og_site_name":"V\u1eadt Li\u1ec7u X\u00e2y D\u1ef1ng Tr\u1ea7n Th\u1ecb Chi Nh\u00e1nh H\u00e0 T\u0129nh","article_modified_time":"2024-07-29T09:34:20+00:00","og_image":[{"width":400,"height":350,"url":"https:\/\/tranthi.vn\/hatinh\/wp-content\/uploads\/2023\/06\/gach-mosaic-be-boi-MST25032-Da-Nang.jpg","type":"image\/jpeg"}],"twitter_card":"summary_large_image","twitter_misc":{"Gi\u00e1":"485,000&nbsp;&#8363;","Kh\u1ea3 d\u1ee5ng":"Trong kho"},"schema":{"@context":"https:\/\/schema.org","@graph":[{"@type":["WebPage","ItemPage"],"@id":"https:\/\/tranthi.vn\/hatinh\/gach-mosaic-be-boi-ha-tinh\/","url":"https:\/\/tranthi.vn\/hatinh\/gach-mosaic-be-boi-ha-tinh\/","name":"G\u1ea1ch mosaic gi\u00e1 r\u1ebb t\u1ea1i H\u00e0 T\u0129nh-0947.335.871","isPartOf":{"@id":"https:\/\/tranthi.vn\/hatinh\/#website"},"primaryImageOfPage":{"@id":"https:\/\/tranthi.vn\/hatinh\/gach-mosaic-be-boi-ha-tinh\/#primaryimage"},"image":{"@id":"https:\/\/tranthi.vn\/hatinh\/gach-mosaic-be-boi-ha-tinh\/#primaryimage"},"thumbnailUrl":"https:\/\/tranthi.vn\/hatinh\/wp-content\/uploads\/2023\/06\/gach-mosaic-be-boi-MST25032-Da-Nang.jpg","datePublished":"2023-06-24T09:09:43+00:00","dateModified":"2024-07-29T09:34:20+00:00","description":"Tr\u1ea7n Th\u1ecb - Chuy\u00ean cung c\u1ea5p G\u1ea1ch mosaic b\u1ec3 b\u01a1i gi\u00e1 r\u1ebb t\u1ea1i H\u00e0 T\u0129nh-0947.335.871 cho m\u1ecdi c\u00f4ng tr\u00ecnh t\u1eeb nh\u00e0 \u1edf \u0111\u1ebfn c\u00e1c c\u00f4ng tr\u00ecnh l\u1edbn","breadcrumb":{"@id":"https:\/\/tranthi.vn\/hatinh\/gach-mosaic-be-boi-ha-tinh\/#breadcrumb"},"inLanguage":"vi","potentialAction":[{"@type":"ReadAction","target":["https:\/\/tranthi.vn\/hatinh\/gach-mosaic-be-boi-ha-tinh\/"]}]},{"@type":"ImageObject","inLanguage":"vi","@id":"https:\/\/tranthi.vn\/hatinh\/gach-mosaic-be-boi-ha-tinh\/#primaryimage","url":"https:\/\/tranthi.vn\/hatinh\/wp-content\/uploads\/2023\/06\/gach-mosaic-be-boi-MST25032-Da-Nang.jpg","contentUrl":"https:\/\/tranthi.vn\/hatinh\/wp-content\/uploads\/2023\/06\/gach-mosaic-be-boi-MST25032-Da-Nang.jpg","width":400,"height":350,"caption":"g\u1ea1ch mosaic b\u1ec3 b\u01a1i MST25032 \u0110\u00e0 N\u1eb5ng"},{"@type":"BreadcrumbList","@id":"https:\/\/tranthi.vn\/hatinh\/gach-mosaic-be-boi-ha-tinh\/#breadcrumb","itemListElement":[{"@type":"ListItem","position":1,"name":"Trang ch\u1ee7","item":"https:\/\/tranthi.vn\/hatinh\/"},{"@type":"ListItem","position":2,"name":"Shop","item":"https:\/\/tranthi.vn\/hatinh\/shop\/"},{"@type":"ListItem","position":3,"name":"MST25032"}]},{"@type":"WebSite","@id":"https:\/\/tranthi.vn\/hatinh\/#website","url":"https:\/\/tranthi.vn\/hatinh\/","name":"V\u1eadt Li\u1ec7u X\u00e2y D\u1ef1ng Tr\u1ea7n Th\u1ecb Chi Nh\u00e1nh H\u00e0 T\u0129nh","description":"V\u1eadt Li\u1ec7u X\u00e2y D\u1ef1ng - H\u00e0 T\u0129nh","potentialAction":[{"@type":"SearchAction","target":{"@type":"EntryPoint","urlTemplate":"https:\/\/tranthi.vn\/hatinh\/?s={search_term_string}"},"query-input":"required name=search_term_string"}],"inLanguage":"vi"},{"@type":"ImageObject","inLanguage":"vi","@id":"https:\/\/tranthi.vn\/hatinh\/gach-mosaic-be-boi-ha-tinh\/#local-main-organization-logo","url":"","contentUrl":"","caption":"V\u1eadt Li\u1ec7u X\u00e2y D\u1ef1ng Tr\u1ea7n Th\u1ecb Chi Nh\u00e1nh H\u00e0 T\u0129nh"}]},"product_price_amount":"485000","product_price_currency":"VND","og_availability":"instock","product_availability":"instock","product_condition":"new"},"_links":{"self":[{"href":"https:\/\/tranthi.vn\/hatinh\/wp-json\/wp\/v2\/product\/4879","targetHints":{"allow":["GET"]}}],"collection":[{"href":"https:\/\/tranthi.vn\/hatinh\/wp-json\/wp\/v2\/product"}],"about":[{"href":"https:\/\/tranthi.vn\/hatinh\/wp-json\/wp\/v2\/types\/product"}],"replies":[{"embeddable":true,"href":"https:\/\/tranthi.vn\/hatinh\/wp-json\/wp\/v2\/comments?post=4879"}],"wp:featuredmedia":[{"embeddable":true,"href":"https:\/\/tranthi.vn\/hatinh\/wp-json\/wp\/v2\/media\/4880"}],"wp:attachment":[{"href":"https:\/\/tranthi.vn\/hatinh\/wp-json\/wp\/v2\/media?parent=4879"}],"wp:term":[{"taxonomy":"product_cat","embeddable":true,"href":"https:\/\/tranthi.vn\/hatinh\/wp-json\/wp\/v2\/product_cat?post=4879"},{"taxonomy":"product_tag","embeddable":true,"href":"https:\/\/tranthi.vn\/hatinh\/wp-json\/wp\/v2\/product_tag?post=4879"}],"curies":[{"name":"wp","href":"https:\/\/api.w.org\/{rel}","templated":true}]}}