{"id":4865,"date":"2023-06-23T10:21:15","date_gmt":"2023-06-23T03:21:15","guid":{"rendered":"https:\/\/tranthi.vn\/quangnam\/?post_type=product&#038;p=4865"},"modified":"2023-06-23T10:21:15","modified_gmt":"2023-06-23T03:21:15","slug":"mst25006","status":"publish","type":"product","link":"https:\/\/tranthi.vn\/hatinh\/mst25006\/","title":{"rendered":"MST25006"},"content":{"rendered":"","protected":false},"excerpt":{"rendered":"<p><span style=\"font-family: 'times new roman', times, serif; font-size: 130%; color: #3366ff;\"><strong>\u1ee8ng d\u1ee5ng:<\/strong><\/span><\/p>\n<ul>\n<li><span style=\"font-family: 'times new roman', times, serif; font-size: 130%;\"><strong>\u1ed0p b\u1ec3 b\u01a1i, trang tr\u00ed n\u1ed9i ngo\u1ea1i th\u1ea5t, nh\u00e0 v\u1ec7 sinh, ph\u00f2ng t\u1eafm, t\u01b0\u1eddng trang tr\u00ed,\u2026<\/strong><\/span><\/li>\n<\/ul>\n<p><span style=\"font-family: 'times new roman', times, serif; font-size: 130%;\"><strong>&#8211; Ch\u1ea5t li\u1ec7u: Th\u1ee7y tinh<\/strong><\/span><\/p>\n<p><span style=\"font-family: 'times new roman', times, serif; font-size: 130%;\"><strong>&#8211; K\u00edch th\u01b0\u1edbc vi\u00ean: <span style=\"color: #ed1c24;\">25*25mm<\/span><\/strong><\/span><\/p>\n<p><span style=\"font-family: 'times new roman', times, serif; font-size: 130%;\"><strong>&#8211; K\u00edch th\u01b0\u1edbc v\u1ec9: <span style=\"color: #ed1c24;\">300*300mm<\/span><\/strong><\/span><\/p>\n<p><span style=\"font-family: 'times new roman', times, serif; font-size: 130%;\"><strong>&#8211; Tr\u1ecdng l\u01b0\u1ee3ng 14-19 kg\/ th\u00f9ng = 22 v\u1ec9 = 2m2<\/strong><\/span><\/p>\n<p><span style=\"font-family: 'times new roman', times, serif; font-size: 130%;\"><strong>&#8211; G\u00eda b\u00e1n : <span style=\"color: #ed1c24;\">485.000\u0111\/m\u00a0<\/span><\/strong><\/span><\/p>\n<p><span style=\"font-family: 'times new roman', times, serif; font-size: 130%; color: #3366ff;\"><em><strong>Mi\u1ec5n ph\u00ed giao h\u00e0ng n\u1ed9i th\u00e0nh \u0110\u00e0 N\u1eb5ng t\u1eeb 5m tr\u1edf l\u00ean\u00a0<\/strong><\/em><\/span><\/p>\n","protected":false},"featured_media":4866,"comment_status":"closed","ping_status":"closed","template":"","meta":[],"product_cat":[370],"product_tag":[],"class_list":{"0":"post-4865","1":"product","2":"type-product","3":"status-publish","4":"has-post-thumbnail","6":"product_cat-gach-op-lat-gach-mosaic-gach-mosaic-thuy-tinh-da-nang","8":"first","9":"instock","10":"sale","11":"shipping-taxable","12":"purchasable","13":"product-type-simple"},"yoast_head":"<!-- This site is optimized with the Yoast SEO Premium plugin v22.3 (Yoast SEO v22.8) - https:\/\/yoast.com\/wordpress\/plugins\/seo\/ -->\n<title>MST25006 - V\u1eadt Li\u1ec7u X\u00e2y D\u1ef1ng Tr\u1ea7n Th\u1ecb Chi Nh\u00e1nh H\u00e0 T\u0129nh<\/title>\n<meta name=\"robots\" content=\"index, follow, max-snippet:-1, max-image-preview:large, max-video-preview:-1\" \/>\n<link rel=\"canonical\" href=\"https:\/\/tranthi.vn\/hatinh\/mst25006\/\" \/>\n<meta property=\"og:locale\" content=\"vi_VN\" \/>\n<meta property=\"og:type\" content=\"article\" \/>\n<meta property=\"og:title\" content=\"MST25006\" \/>\n<meta property=\"og:description\" content=\"\u1ee8ng d\u1ee5ng:   \u1ed0p b\u1ec3 b\u01a1i, trang tr\u00ed n\u1ed9i ngo\u1ea1i th\u1ea5t, nh\u00e0 v\u1ec7 sinh, ph\u00f2ng t\u1eafm, t\u01b0\u1eddng trang tr\u00ed,\u2026  - Ch\u1ea5t li\u1ec7u: Th\u1ee7y tinh  - K\u00edch th\u01b0\u1edbc vi\u00ean: 25*25mm  - K\u00edch th\u01b0\u1edbc v\u1ec9: 300*300mm  - Tr\u1ecdng l\u01b0\u1ee3ng 14-19 kg\/ th\u00f9ng = 22 v\u1ec9 = 2m2  - G\u00eda b\u00e1n : 485.000\u0111\/m\u00a0  Mi\u1ec5n ph\u00ed giao h\u00e0ng n\u1ed9i th\u00e0nh \u0110\u00e0 N\u1eb5ng t\u1eeb 5m tr\u1edf l\u00ean\u00a0\" \/>\n<meta property=\"og:url\" content=\"https:\/\/tranthi.vn\/hatinh\/mst25006\/\" \/>\n<meta property=\"og:site_name\" content=\"V\u1eadt Li\u1ec7u X\u00e2y D\u1ef1ng Tr\u1ea7n Th\u1ecb Chi Nh\u00e1nh H\u00e0 T\u0129nh\" \/>\n<meta property=\"og:image\" content=\"https:\/\/tranthi.vn\/hatinh\/wp-content\/uploads\/2023\/06\/MST25006-da-nang.jpg\" \/>\n\t<meta property=\"og:image:width\" content=\"325\" \/>\n\t<meta property=\"og:image:height\" content=\"315\" \/>\n\t<meta property=\"og:image:type\" content=\"image\/jpeg\" \/>\n<meta name=\"twitter:card\" content=\"summary_large_image\" \/>\n<meta name=\"twitter:label1\" content=\"Gi\u00e1\" \/>\n\t<meta name=\"twitter:data1\" content=\"485,000&nbsp;&#8363;\" \/>\n\t<meta name=\"twitter:label2\" content=\"Kh\u1ea3 d\u1ee5ng\" \/>\n\t<meta name=\"twitter:data2\" content=\"Trong kho\" \/>\n<script type=\"application\/ld+json\" class=\"yoast-schema-graph\">{\"@context\":\"https:\/\/schema.org\",\"@graph\":[{\"@type\":[\"WebPage\",\"ItemPage\"],\"@id\":\"https:\/\/tranthi.vn\/hatinh\/mst25006\/\",\"url\":\"https:\/\/tranthi.vn\/hatinh\/mst25006\/\",\"name\":\"MST25006 - V\u1eadt Li\u1ec7u X\u00e2y D\u1ef1ng Tr\u1ea7n Th\u1ecb Chi Nh\u00e1nh H\u00e0 T\u0129nh\",\"isPartOf\":{\"@id\":\"https:\/\/tranthi.vn\/hatinh\/#website\"},\"primaryImageOfPage\":{\"@id\":\"https:\/\/tranthi.vn\/hatinh\/mst25006\/#primaryimage\"},\"image\":{\"@id\":\"https:\/\/tranthi.vn\/hatinh\/mst25006\/#primaryimage\"},\"thumbnailUrl\":\"https:\/\/tranthi.vn\/hatinh\/wp-content\/uploads\/2023\/06\/MST25006-da-nang.jpg\",\"datePublished\":\"2023-06-23T03:21:15+00:00\",\"dateModified\":\"2023-06-23T03:21:15+00:00\",\"breadcrumb\":{\"@id\":\"https:\/\/tranthi.vn\/hatinh\/mst25006\/#breadcrumb\"},\"inLanguage\":\"vi\",\"potentialAction\":[{\"@type\":\"ReadAction\",\"target\":[\"https:\/\/tranthi.vn\/hatinh\/mst25006\/\"]}]},{\"@type\":\"ImageObject\",\"inLanguage\":\"vi\",\"@id\":\"https:\/\/tranthi.vn\/hatinh\/mst25006\/#primaryimage\",\"url\":\"https:\/\/tranthi.vn\/hatinh\/wp-content\/uploads\/2023\/06\/MST25006-da-nang.jpg\",\"contentUrl\":\"https:\/\/tranthi.vn\/hatinh\/wp-content\/uploads\/2023\/06\/MST25006-da-nang.jpg\",\"width\":325,\"height\":315,\"caption\":\"MST25006 \u0111\u00e0 n\u1eb5ng.\"},{\"@type\":\"BreadcrumbList\",\"@id\":\"https:\/\/tranthi.vn\/hatinh\/mst25006\/#breadcrumb\",\"itemListElement\":[{\"@type\":\"ListItem\",\"position\":1,\"name\":\"Trang ch\u1ee7\",\"item\":\"https:\/\/tranthi.vn\/hatinh\/\"},{\"@type\":\"ListItem\",\"position\":2,\"name\":\"Shop\",\"item\":\"https:\/\/tranthi.vn\/hatinh\/shop\/\"},{\"@type\":\"ListItem\",\"position\":3,\"name\":\"MST25006\"}]},{\"@type\":\"WebSite\",\"@id\":\"https:\/\/tranthi.vn\/hatinh\/#website\",\"url\":\"https:\/\/tranthi.vn\/hatinh\/\",\"name\":\"V\u1eadt Li\u1ec7u X\u00e2y D\u1ef1ng Tr\u1ea7n Th\u1ecb Chi Nh\u00e1nh H\u00e0 T\u0129nh\",\"description\":\"V\u1eadt Li\u1ec7u X\u00e2y D\u1ef1ng - H\u00e0 T\u0129nh\",\"potentialAction\":[{\"@type\":\"SearchAction\",\"target\":{\"@type\":\"EntryPoint\",\"urlTemplate\":\"https:\/\/tranthi.vn\/hatinh\/?s={search_term_string}\"},\"query-input\":\"required name=search_term_string\"}],\"inLanguage\":\"vi\"},{\"@type\":\"ImageObject\",\"inLanguage\":\"vi\",\"@id\":\"https:\/\/tranthi.vn\/hatinh\/mst25006\/#local-main-organization-logo\",\"url\":\"\",\"contentUrl\":\"\",\"caption\":\"V\u1eadt Li\u1ec7u X\u00e2y D\u1ef1ng Tr\u1ea7n Th\u1ecb Chi Nh\u00e1nh H\u00e0 T\u0129nh\"}]}<\/script>\n<meta property=\"product:price:amount\" content=\"485000\" \/>\n<meta property=\"product:price:currency\" content=\"VND\" \/>\n<meta property=\"og:availability\" content=\"instock\" \/>\n<meta property=\"product:availability\" content=\"instock\" \/>\n<meta property=\"product:condition\" content=\"new\" \/>\n<!-- \/ Yoast SEO Premium plugin. -->","yoast_head_json":{"title":"MST25006 - V\u1eadt Li\u1ec7u X\u00e2y D\u1ef1ng Tr\u1ea7n Th\u1ecb Chi Nh\u00e1nh H\u00e0 T\u0129nh","robots":{"index":"index","follow":"follow","max-snippet":"max-snippet:-1","max-image-preview":"max-image-preview:large","max-video-preview":"max-video-preview:-1"},"canonical":"https:\/\/tranthi.vn\/hatinh\/mst25006\/","og_locale":"vi_VN","og_type":"article","og_title":"MST25006","og_description":"\u1ee8ng d\u1ee5ng:   \u1ed0p b\u1ec3 b\u01a1i, trang tr\u00ed n\u1ed9i ngo\u1ea1i th\u1ea5t, nh\u00e0 v\u1ec7 sinh, ph\u00f2ng t\u1eafm, t\u01b0\u1eddng trang tr\u00ed,\u2026  - Ch\u1ea5t li\u1ec7u: Th\u1ee7y tinh  - K\u00edch th\u01b0\u1edbc vi\u00ean: 25*25mm  - K\u00edch th\u01b0\u1edbc v\u1ec9: 300*300mm  - Tr\u1ecdng l\u01b0\u1ee3ng 14-19 kg\/ th\u00f9ng = 22 v\u1ec9 = 2m2  - G\u00eda b\u00e1n : 485.000\u0111\/m\u00a0  Mi\u1ec5n ph\u00ed giao h\u00e0ng n\u1ed9i th\u00e0nh \u0110\u00e0 N\u1eb5ng t\u1eeb 5m tr\u1edf l\u00ean\u00a0","og_url":"https:\/\/tranthi.vn\/hatinh\/mst25006\/","og_site_name":"V\u1eadt Li\u1ec7u X\u00e2y D\u1ef1ng Tr\u1ea7n Th\u1ecb Chi Nh\u00e1nh H\u00e0 T\u0129nh","og_image":[{"width":325,"height":315,"url":"https:\/\/tranthi.vn\/hatinh\/wp-content\/uploads\/2023\/06\/MST25006-da-nang.jpg","type":"image\/jpeg"}],"twitter_card":"summary_large_image","twitter_misc":{"Gi\u00e1":"485,000&nbsp;&#8363;","Kh\u1ea3 d\u1ee5ng":"Trong kho"},"schema":{"@context":"https:\/\/schema.org","@graph":[{"@type":["WebPage","ItemPage"],"@id":"https:\/\/tranthi.vn\/hatinh\/mst25006\/","url":"https:\/\/tranthi.vn\/hatinh\/mst25006\/","name":"MST25006 - V\u1eadt Li\u1ec7u X\u00e2y D\u1ef1ng Tr\u1ea7n Th\u1ecb Chi Nh\u00e1nh H\u00e0 T\u0129nh","isPartOf":{"@id":"https:\/\/tranthi.vn\/hatinh\/#website"},"primaryImageOfPage":{"@id":"https:\/\/tranthi.vn\/hatinh\/mst25006\/#primaryimage"},"image":{"@id":"https:\/\/tranthi.vn\/hatinh\/mst25006\/#primaryimage"},"thumbnailUrl":"https:\/\/tranthi.vn\/hatinh\/wp-content\/uploads\/2023\/06\/MST25006-da-nang.jpg","datePublished":"2023-06-23T03:21:15+00:00","dateModified":"2023-06-23T03:21:15+00:00","breadcrumb":{"@id":"https:\/\/tranthi.vn\/hatinh\/mst25006\/#breadcrumb"},"inLanguage":"vi","potentialAction":[{"@type":"ReadAction","target":["https:\/\/tranthi.vn\/hatinh\/mst25006\/"]}]},{"@type":"ImageObject","inLanguage":"vi","@id":"https:\/\/tranthi.vn\/hatinh\/mst25006\/#primaryimage","url":"https:\/\/tranthi.vn\/hatinh\/wp-content\/uploads\/2023\/06\/MST25006-da-nang.jpg","contentUrl":"https:\/\/tranthi.vn\/hatinh\/wp-content\/uploads\/2023\/06\/MST25006-da-nang.jpg","width":325,"height":315,"caption":"MST25006 \u0111\u00e0 n\u1eb5ng."},{"@type":"BreadcrumbList","@id":"https:\/\/tranthi.vn\/hatinh\/mst25006\/#breadcrumb","itemListElement":[{"@type":"ListItem","position":1,"name":"Trang ch\u1ee7","item":"https:\/\/tranthi.vn\/hatinh\/"},{"@type":"ListItem","position":2,"name":"Shop","item":"https:\/\/tranthi.vn\/hatinh\/shop\/"},{"@type":"ListItem","position":3,"name":"MST25006"}]},{"@type":"WebSite","@id":"https:\/\/tranthi.vn\/hatinh\/#website","url":"https:\/\/tranthi.vn\/hatinh\/","name":"V\u1eadt Li\u1ec7u X\u00e2y D\u1ef1ng Tr\u1ea7n Th\u1ecb Chi Nh\u00e1nh H\u00e0 T\u0129nh","description":"V\u1eadt Li\u1ec7u X\u00e2y D\u1ef1ng - H\u00e0 T\u0129nh","potentialAction":[{"@type":"SearchAction","target":{"@type":"EntryPoint","urlTemplate":"https:\/\/tranthi.vn\/hatinh\/?s={search_term_string}"},"query-input":"required name=search_term_string"}],"inLanguage":"vi"},{"@type":"ImageObject","inLanguage":"vi","@id":"https:\/\/tranthi.vn\/hatinh\/mst25006\/#local-main-organization-logo","url":"","contentUrl":"","caption":"V\u1eadt Li\u1ec7u X\u00e2y D\u1ef1ng Tr\u1ea7n Th\u1ecb Chi Nh\u00e1nh H\u00e0 T\u0129nh"}]},"product_price_amount":"485000","product_price_currency":"VND","og_availability":"instock","product_availability":"instock","product_condition":"new"},"_links":{"self":[{"href":"https:\/\/tranthi.vn\/hatinh\/wp-json\/wp\/v2\/product\/4865","targetHints":{"allow":["GET"]}}],"collection":[{"href":"https:\/\/tranthi.vn\/hatinh\/wp-json\/wp\/v2\/product"}],"about":[{"href":"https:\/\/tranthi.vn\/hatinh\/wp-json\/wp\/v2\/types\/product"}],"replies":[{"embeddable":true,"href":"https:\/\/tranthi.vn\/hatinh\/wp-json\/wp\/v2\/comments?post=4865"}],"wp:featuredmedia":[{"embeddable":true,"href":"https:\/\/tranthi.vn\/hatinh\/wp-json\/wp\/v2\/media\/4866"}],"wp:attachment":[{"href":"https:\/\/tranthi.vn\/hatinh\/wp-json\/wp\/v2\/media?parent=4865"}],"wp:term":[{"taxonomy":"product_cat","embeddable":true,"href":"https:\/\/tranthi.vn\/hatinh\/wp-json\/wp\/v2\/product_cat?post=4865"},{"taxonomy":"product_tag","embeddable":true,"href":"https:\/\/tranthi.vn\/hatinh\/wp-json\/wp\/v2\/product_tag?post=4865"}],"curies":[{"name":"wp","href":"https:\/\/api.w.org\/{rel}","templated":true}]}}