{"id":4572,"date":"2023-02-09T10:13:57","date_gmt":"2023-02-09T03:13:57","guid":{"rendered":"https:\/\/tranthi.vn\/quangnam\/?post_type=product&#038;p=4572"},"modified":"2024-04-17T13:58:39","modified_gmt":"2024-04-17T06:58:39","slug":"combo-lbt09","status":"publish","type":"product","link":"https:\/\/tranthi.vn\/hatinh\/combo-lbt09\/","title":{"rendered":"Combo -LBT22-T\u0110P"},"content":{"rendered":"","protected":false},"excerpt":{"rendered":"<p><span style=\"font-family: 'times new roman', times, serif; color: #000000;\"><img decoding=\"async\" class=\"emoji\" role=\"img\" draggable=\"false\" src=\"https:\/\/s.w.org\/images\/core\/emoji\/14.0.0\/svg\/1f61b.svg\" alt=\"\ud83d\ude1b\" \/><span style=\"font-size: 130%;\"> Ch\u1ea5t li\u1ec7u: Nh\u1ef1a PVC cao c\u1ea5p<\/span><\/span><\/p>\n<p><span style=\"font-family: 'times new roman', times, serif; font-size: 130%; color: #000000;\"><img decoding=\"async\" class=\"emoji\" role=\"img\" draggable=\"false\" src=\"https:\/\/s.w.org\/images\/core\/emoji\/14.0.0\/svg\/1f61b.svg\" alt=\"\ud83d\ude1b\" \/> K\u00edch th\u01b0\u1edbc t\u1ee7 lavabo: 800x460x450mm<\/span><\/p>\n<p><span style=\"font-family: 'times new roman', times, serif; font-size: 130%; color: #000000;\"><img decoding=\"async\" class=\"emoji\" role=\"img\" draggable=\"false\" src=\"https:\/\/s.w.org\/images\/core\/emoji\/14.0.0\/svg\/1f61b.svg\" alt=\"\ud83d\ude1b\" \/> K\u00edch th\u01b0\u1edbc k\u00ednh: 770x770x150mm<\/span><\/p>\n<p><span style=\"font-family: 'times new roman', times, serif; font-size: 130%; color: #000000;\"><img decoding=\"async\" class=\"emoji\" role=\"img\" draggable=\"false\" src=\"https:\/\/s.w.org\/images\/core\/emoji\/14.0.0\/svg\/1f61b.svg\" alt=\"\ud83d\ude1b\" \/> \u0110\u01a1n gi\u00e1 :<strong><span style=\"color: #ff0000;\"> 4.277.000\u0111<\/span><\/strong><\/span><\/p>\n<p><span style=\"font-family: 'times new roman', times, serif; font-size: 130%;\"><em><strong><span style=\"color: #000000;\">\u0110\u01a1n gi\u00e1 tr\u00ean bao g\u1ed3m:\u00a0 1 t\u1ee7 nh\u1ef1a 1 c\u00e1nh 2 h\u1ed9c, 1 lavabo s\u1ee9 b\u00e1n \u00e2m, 1 g\u01b0\u01a1ng k\u00e8m t\u1ee7<\/span><\/strong><\/em><\/span><\/p>\n<div class=\"product-info summary col-fit col-divided col entry-summary product-summary\">\n<div class=\"product-short-description\">\n<p><span style=\"font-family: 'times new roman', times, serif; font-size: 130%;\">(Lavabo kh\u00f4ng bao g\u1ed3m v\u00f2i v\u00e0 b\u1ed9 x\u1ea3, K\u00ednh kh\u00f4ng d\u00f9ng keo d\u00e1n silicone)<\/span><\/p>\n<p><span style=\"font-family: 'times new roman', times, serif; font-size: 130%; color: #000000;\"><i>B\u1ea3o h\u00e0nh ph\u1ea7n s\u1ee9 10 n\u0103m, ph\u1ea7n t\u1ee7 3 n\u0103m.<\/i><\/span><\/p>\n<p><span style=\"font-family: 'times new roman', times, serif; font-size: 130%; color: #0000ff;\"><em>V\u1eadn chuy\u1ec3n trong n\u1ed9i th\u00e0nh \u0110\u00e0 N\u1eb5ng.<\/em><\/span><\/p>\n<\/div>\n<\/div>\n","protected":false},"featured_media":5682,"comment_status":"closed","ping_status":"closed","template":"","meta":[],"product_cat":[179,420,421],"product_tag":[],"class_list":{"0":"post-4572","1":"product","2":"type-product","3":"status-publish","4":"has-post-thumbnail","6":"product_cat-thiet-bi-ve-sinh-da-nang","7":"product_cat-tu-chau-lavabo","8":"product_cat-tu-lavabo-nhua-pvc","10":"first","11":"instock","12":"sale","13":"shipping-taxable","14":"purchasable","15":"product-type-simple"},"yoast_head":"<!-- This site is optimized with the Yoast SEO Premium plugin v22.3 (Yoast SEO v22.8) - https:\/\/yoast.com\/wordpress\/plugins\/seo\/ -->\n<title>Combo -LBT22-T\u0110P - V\u1eadt Li\u1ec7u X\u00e2y D\u1ef1ng Tr\u1ea7n Th\u1ecb Chi Nh\u00e1nh H\u00e0 T\u0129nh<\/title>\n<meta name=\"robots\" content=\"index, follow, max-snippet:-1, max-image-preview:large, max-video-preview:-1\" \/>\n<link rel=\"canonical\" href=\"https:\/\/tranthi.vn\/hatinh\/combo-lbt09\/\" \/>\n<meta property=\"og:locale\" content=\"vi_VN\" \/>\n<meta property=\"og:type\" content=\"article\" \/>\n<meta property=\"og:title\" content=\"Combo -LBT22-T\u0110P\" \/>\n<meta property=\"og:description\" content=\"Ch\u1ea5t li\u1ec7u: Nh\u1ef1a PVC cao c\u1ea5p   K\u00edch th\u01b0\u1edbc t\u1ee7 lavabo: 800x460x450mm   K\u00edch th\u01b0\u1edbc k\u00ednh: 770x770x150mm   \u0110\u01a1n gi\u00e1 : 4.277.000\u0111  \u0110\u01a1n gi\u00e1 tr\u00ean bao g\u1ed3m:\u00a0 1 t\u1ee7 nh\u1ef1a 1 c\u00e1nh 2 h\u1ed9c, 1 lavabo s\u1ee9 b\u00e1n \u00e2m, 1 g\u01b0\u01a1ng k\u00e8m t\u1ee7    (Lavabo kh\u00f4ng bao g\u1ed3m v\u00f2i v\u00e0 b\u1ed9 x\u1ea3, K\u00ednh kh\u00f4ng d\u00f9ng keo d\u00e1n silicone)  B\u1ea3o h\u00e0nh ph\u1ea7n s\u1ee9 10 n\u0103m, ph\u1ea7n t\u1ee7 3 n\u0103m.  V\u1eadn chuy\u1ec3n trong n\u1ed9i th\u00e0nh \u0110\u00e0 N\u1eb5ng.\" \/>\n<meta property=\"og:url\" content=\"https:\/\/tranthi.vn\/hatinh\/combo-lbt09\/\" \/>\n<meta property=\"og:site_name\" content=\"V\u1eadt Li\u1ec7u X\u00e2y D\u1ef1ng Tr\u1ea7n Th\u1ecb Chi Nh\u00e1nh H\u00e0 T\u0129nh\" \/>\n<meta property=\"article:modified_time\" content=\"2024-04-17T06:58:39+00:00\" \/>\n<meta property=\"og:image\" content=\"https:\/\/tranthi.vn\/hatinh\/wp-content\/uploads\/2023\/02\/Combo-tu-lavabo-va-kinh-gia-re-tai-da-nang.jpg\" \/>\n\t<meta property=\"og:image:width\" content=\"400\" \/>\n\t<meta property=\"og:image:height\" content=\"350\" \/>\n\t<meta property=\"og:image:type\" content=\"image\/jpeg\" \/>\n<meta name=\"twitter:card\" content=\"summary_large_image\" \/>\n<meta name=\"twitter:label1\" content=\"Gi\u00e1\" \/>\n\t<meta name=\"twitter:data1\" content=\"4,277,000&nbsp;&#8363;\" \/>\n\t<meta name=\"twitter:label2\" content=\"Kh\u1ea3 d\u1ee5ng\" \/>\n\t<meta name=\"twitter:data2\" content=\"Trong kho\" \/>\n<script type=\"application\/ld+json\" class=\"yoast-schema-graph\">{\"@context\":\"https:\/\/schema.org\",\"@graph\":[{\"@type\":[\"WebPage\",\"ItemPage\"],\"@id\":\"https:\/\/tranthi.vn\/hatinh\/combo-lbt09\/\",\"url\":\"https:\/\/tranthi.vn\/hatinh\/combo-lbt09\/\",\"name\":\"Combo -LBT22-T\u0110P - V\u1eadt Li\u1ec7u X\u00e2y D\u1ef1ng Tr\u1ea7n Th\u1ecb Chi Nh\u00e1nh H\u00e0 T\u0129nh\",\"isPartOf\":{\"@id\":\"https:\/\/tranthi.vn\/hatinh\/#website\"},\"primaryImageOfPage\":{\"@id\":\"https:\/\/tranthi.vn\/hatinh\/combo-lbt09\/#primaryimage\"},\"image\":{\"@id\":\"https:\/\/tranthi.vn\/hatinh\/combo-lbt09\/#primaryimage\"},\"thumbnailUrl\":\"https:\/\/tranthi.vn\/hatinh\/wp-content\/uploads\/2023\/02\/Combo-tu-lavabo-va-kinh-gia-re-tai-da-nang.jpg\",\"datePublished\":\"2023-02-09T03:13:57+00:00\",\"dateModified\":\"2024-04-17T06:58:39+00:00\",\"breadcrumb\":{\"@id\":\"https:\/\/tranthi.vn\/hatinh\/combo-lbt09\/#breadcrumb\"},\"inLanguage\":\"vi\",\"potentialAction\":[{\"@type\":\"ReadAction\",\"target\":[\"https:\/\/tranthi.vn\/hatinh\/combo-lbt09\/\"]}]},{\"@type\":\"ImageObject\",\"inLanguage\":\"vi\",\"@id\":\"https:\/\/tranthi.vn\/hatinh\/combo-lbt09\/#primaryimage\",\"url\":\"https:\/\/tranthi.vn\/hatinh\/wp-content\/uploads\/2023\/02\/Combo-tu-lavabo-va-kinh-gia-re-tai-da-nang.jpg\",\"contentUrl\":\"https:\/\/tranthi.vn\/hatinh\/wp-content\/uploads\/2023\/02\/Combo-tu-lavabo-va-kinh-gia-re-tai-da-nang.jpg\",\"width\":400,\"height\":350,\"caption\":\"Combo t\u1ee7 lavabo v\u00e0 k\u00ednh gi\u00e1 r\u1ebb t\u1ea1i \u0111\u00e0 n\u1eb5ng\"},{\"@type\":\"BreadcrumbList\",\"@id\":\"https:\/\/tranthi.vn\/hatinh\/combo-lbt09\/#breadcrumb\",\"itemListElement\":[{\"@type\":\"ListItem\",\"position\":1,\"name\":\"Trang ch\u1ee7\",\"item\":\"https:\/\/tranthi.vn\/hatinh\/\"},{\"@type\":\"ListItem\",\"position\":2,\"name\":\"Shop\",\"item\":\"https:\/\/tranthi.vn\/hatinh\/shop\/\"},{\"@type\":\"ListItem\",\"position\":3,\"name\":\"Combo -LBT22-T\u0110P\"}]},{\"@type\":\"WebSite\",\"@id\":\"https:\/\/tranthi.vn\/hatinh\/#website\",\"url\":\"https:\/\/tranthi.vn\/hatinh\/\",\"name\":\"V\u1eadt Li\u1ec7u X\u00e2y D\u1ef1ng Tr\u1ea7n Th\u1ecb Chi Nh\u00e1nh H\u00e0 T\u0129nh\",\"description\":\"V\u1eadt Li\u1ec7u X\u00e2y D\u1ef1ng - H\u00e0 T\u0129nh\",\"potentialAction\":[{\"@type\":\"SearchAction\",\"target\":{\"@type\":\"EntryPoint\",\"urlTemplate\":\"https:\/\/tranthi.vn\/hatinh\/?s={search_term_string}\"},\"query-input\":\"required name=search_term_string\"}],\"inLanguage\":\"vi\"},{\"@type\":\"ImageObject\",\"inLanguage\":\"vi\",\"@id\":\"https:\/\/tranthi.vn\/hatinh\/combo-lbt09\/#local-main-organization-logo\",\"url\":\"\",\"contentUrl\":\"\",\"caption\":\"V\u1eadt Li\u1ec7u X\u00e2y D\u1ef1ng Tr\u1ea7n Th\u1ecb Chi Nh\u00e1nh H\u00e0 T\u0129nh\"}]}<\/script>\n<meta property=\"product:price:amount\" content=\"4277000\" \/>\n<meta property=\"product:price:currency\" content=\"VND\" \/>\n<meta property=\"og:availability\" content=\"instock\" \/>\n<meta property=\"product:availability\" content=\"instock\" \/>\n<meta property=\"product:condition\" content=\"new\" \/>\n<!-- \/ Yoast SEO Premium plugin. -->","yoast_head_json":{"title":"Combo -LBT22-T\u0110P - V\u1eadt Li\u1ec7u X\u00e2y D\u1ef1ng Tr\u1ea7n Th\u1ecb Chi Nh\u00e1nh H\u00e0 T\u0129nh","robots":{"index":"index","follow":"follow","max-snippet":"max-snippet:-1","max-image-preview":"max-image-preview:large","max-video-preview":"max-video-preview:-1"},"canonical":"https:\/\/tranthi.vn\/hatinh\/combo-lbt09\/","og_locale":"vi_VN","og_type":"article","og_title":"Combo -LBT22-T\u0110P","og_description":"Ch\u1ea5t li\u1ec7u: Nh\u1ef1a PVC cao c\u1ea5p   K\u00edch th\u01b0\u1edbc t\u1ee7 lavabo: 800x460x450mm   K\u00edch th\u01b0\u1edbc k\u00ednh: 770x770x150mm   \u0110\u01a1n gi\u00e1 : 4.277.000\u0111  \u0110\u01a1n gi\u00e1 tr\u00ean bao g\u1ed3m:\u00a0 1 t\u1ee7 nh\u1ef1a 1 c\u00e1nh 2 h\u1ed9c, 1 lavabo s\u1ee9 b\u00e1n \u00e2m, 1 g\u01b0\u01a1ng k\u00e8m t\u1ee7    (Lavabo kh\u00f4ng bao g\u1ed3m v\u00f2i v\u00e0 b\u1ed9 x\u1ea3, K\u00ednh kh\u00f4ng d\u00f9ng keo d\u00e1n silicone)  B\u1ea3o h\u00e0nh ph\u1ea7n s\u1ee9 10 n\u0103m, ph\u1ea7n t\u1ee7 3 n\u0103m.  V\u1eadn chuy\u1ec3n trong n\u1ed9i th\u00e0nh \u0110\u00e0 N\u1eb5ng.","og_url":"https:\/\/tranthi.vn\/hatinh\/combo-lbt09\/","og_site_name":"V\u1eadt Li\u1ec7u X\u00e2y D\u1ef1ng Tr\u1ea7n Th\u1ecb Chi Nh\u00e1nh H\u00e0 T\u0129nh","article_modified_time":"2024-04-17T06:58:39+00:00","og_image":[{"width":400,"height":350,"url":"https:\/\/tranthi.vn\/hatinh\/wp-content\/uploads\/2023\/02\/Combo-tu-lavabo-va-kinh-gia-re-tai-da-nang.jpg","type":"image\/jpeg"}],"twitter_card":"summary_large_image","twitter_misc":{"Gi\u00e1":"4,277,000&nbsp;&#8363;","Kh\u1ea3 d\u1ee5ng":"Trong kho"},"schema":{"@context":"https:\/\/schema.org","@graph":[{"@type":["WebPage","ItemPage"],"@id":"https:\/\/tranthi.vn\/hatinh\/combo-lbt09\/","url":"https:\/\/tranthi.vn\/hatinh\/combo-lbt09\/","name":"Combo -LBT22-T\u0110P - V\u1eadt Li\u1ec7u X\u00e2y D\u1ef1ng Tr\u1ea7n Th\u1ecb Chi Nh\u00e1nh H\u00e0 T\u0129nh","isPartOf":{"@id":"https:\/\/tranthi.vn\/hatinh\/#website"},"primaryImageOfPage":{"@id":"https:\/\/tranthi.vn\/hatinh\/combo-lbt09\/#primaryimage"},"image":{"@id":"https:\/\/tranthi.vn\/hatinh\/combo-lbt09\/#primaryimage"},"thumbnailUrl":"https:\/\/tranthi.vn\/hatinh\/wp-content\/uploads\/2023\/02\/Combo-tu-lavabo-va-kinh-gia-re-tai-da-nang.jpg","datePublished":"2023-02-09T03:13:57+00:00","dateModified":"2024-04-17T06:58:39+00:00","breadcrumb":{"@id":"https:\/\/tranthi.vn\/hatinh\/combo-lbt09\/#breadcrumb"},"inLanguage":"vi","potentialAction":[{"@type":"ReadAction","target":["https:\/\/tranthi.vn\/hatinh\/combo-lbt09\/"]}]},{"@type":"ImageObject","inLanguage":"vi","@id":"https:\/\/tranthi.vn\/hatinh\/combo-lbt09\/#primaryimage","url":"https:\/\/tranthi.vn\/hatinh\/wp-content\/uploads\/2023\/02\/Combo-tu-lavabo-va-kinh-gia-re-tai-da-nang.jpg","contentUrl":"https:\/\/tranthi.vn\/hatinh\/wp-content\/uploads\/2023\/02\/Combo-tu-lavabo-va-kinh-gia-re-tai-da-nang.jpg","width":400,"height":350,"caption":"Combo t\u1ee7 lavabo v\u00e0 k\u00ednh gi\u00e1 r\u1ebb t\u1ea1i \u0111\u00e0 n\u1eb5ng"},{"@type":"BreadcrumbList","@id":"https:\/\/tranthi.vn\/hatinh\/combo-lbt09\/#breadcrumb","itemListElement":[{"@type":"ListItem","position":1,"name":"Trang ch\u1ee7","item":"https:\/\/tranthi.vn\/hatinh\/"},{"@type":"ListItem","position":2,"name":"Shop","item":"https:\/\/tranthi.vn\/hatinh\/shop\/"},{"@type":"ListItem","position":3,"name":"Combo -LBT22-T\u0110P"}]},{"@type":"WebSite","@id":"https:\/\/tranthi.vn\/hatinh\/#website","url":"https:\/\/tranthi.vn\/hatinh\/","name":"V\u1eadt Li\u1ec7u X\u00e2y D\u1ef1ng Tr\u1ea7n Th\u1ecb Chi Nh\u00e1nh H\u00e0 T\u0129nh","description":"V\u1eadt Li\u1ec7u X\u00e2y D\u1ef1ng - H\u00e0 T\u0129nh","potentialAction":[{"@type":"SearchAction","target":{"@type":"EntryPoint","urlTemplate":"https:\/\/tranthi.vn\/hatinh\/?s={search_term_string}"},"query-input":"required name=search_term_string"}],"inLanguage":"vi"},{"@type":"ImageObject","inLanguage":"vi","@id":"https:\/\/tranthi.vn\/hatinh\/combo-lbt09\/#local-main-organization-logo","url":"","contentUrl":"","caption":"V\u1eadt Li\u1ec7u X\u00e2y D\u1ef1ng Tr\u1ea7n Th\u1ecb Chi Nh\u00e1nh H\u00e0 T\u0129nh"}]},"product_price_amount":"4277000","product_price_currency":"VND","og_availability":"instock","product_availability":"instock","product_condition":"new"},"_links":{"self":[{"href":"https:\/\/tranthi.vn\/hatinh\/wp-json\/wp\/v2\/product\/4572","targetHints":{"allow":["GET"]}}],"collection":[{"href":"https:\/\/tranthi.vn\/hatinh\/wp-json\/wp\/v2\/product"}],"about":[{"href":"https:\/\/tranthi.vn\/hatinh\/wp-json\/wp\/v2\/types\/product"}],"replies":[{"embeddable":true,"href":"https:\/\/tranthi.vn\/hatinh\/wp-json\/wp\/v2\/comments?post=4572"}],"wp:featuredmedia":[{"embeddable":true,"href":"https:\/\/tranthi.vn\/hatinh\/wp-json\/wp\/v2\/media\/5682"}],"wp:attachment":[{"href":"https:\/\/tranthi.vn\/hatinh\/wp-json\/wp\/v2\/media?parent=4572"}],"wp:term":[{"taxonomy":"product_cat","embeddable":true,"href":"https:\/\/tranthi.vn\/hatinh\/wp-json\/wp\/v2\/product_cat?post=4572"},{"taxonomy":"product_tag","embeddable":true,"href":"https:\/\/tranthi.vn\/hatinh\/wp-json\/wp\/v2\/product_tag?post=4572"}],"curies":[{"name":"wp","href":"https:\/\/api.w.org\/{rel}","templated":true}]}}