{"id":4513,"date":"2023-01-10T14:49:03","date_gmt":"2023-01-10T07:49:03","guid":{"rendered":"https:\/\/tranthi.vn\/quangnam\/?post_type=product&#038;p=4513"},"modified":"2023-07-25T10:16:09","modified_gmt":"2023-07-25T03:16:09","slug":"ban-da-lavabo-theo-kich-thuoc-yeu-cau-tai-da-nang","status":"publish","type":"product","link":"https:\/\/tranthi.vn\/hatinh\/ban-da-lavabo-theo-kich-thuoc-yeu-cau-tai-da-nang\/","title":{"rendered":"B\u00e0n \u0110\u00e1 Lavabo Theo K\u00edch Th\u01b0\u1edbc Y\u00eau C\u1ea7u"},"content":{"rendered":"<h1 style=\"text-align: center;\"><a href=\"https:\/\/tranthi.vn\/quangnam\/ban-da-lavabo-theo-kich-thuoc-yeu-cau-tai-da-nang\/\"><span style=\"color: #ff0000;\"><strong><span style=\"font-family: 'times new roman', times, serif; font-size: 130%;\">GI\u00c1 B\u00c0N \u0110\u00c1 LAVABO \u0110\u1eb6T THEO K\u00cdCH TH\u01af\u1edaC Y\u00caU C\u1ea6U T\u1ea0I \u0110\u00c0 N\u1eb4NG<\/span><\/strong><\/span><\/a><\/h1>\n<h2><strong><span style=\"font-family: 'times new roman', times, serif; font-size: 100%; color: #ff0000;\">1. Gi\u00e1 b\u00e0n \u0111\u00e1 lavabo \u0111\u1eb7t theo k\u00edch th\u01b0\u1edbc t\u1ea1i \u0110\u00e0 N\u1eb5ng<\/span><\/strong><\/h2>\n<p><span style=\"font-family: 'times new roman', times, serif; font-size: 130%; color: #000000;\">T\u1ea1i <strong><em>\u0110\u00e0 N\u1eb5ng<\/em><\/strong> \u0111\u1ed1i v\u1edbi <strong><em>b\u00e0n \u0111\u00e1 lavabo<\/em><\/strong> s\u1ea3n xu\u1ea5t v\u1edbi k\u00edch th\u01b0\u1edbc t\u1ef1 do <em><strong>gi\u00e1<\/strong><\/em> c\u1ea3 s\u1ebd ph\u1ee5 thu\u1ed9c v\u00e0o ch\u1ea5t l\u01b0\u1ee3ng \u0111\u00e1, m\u1eabu \u0111\u00e1, k\u00edch th\u01b0\u1edbc v\u00e0 ki\u1ec3u d\u00e1ng. B\u00ean c\u1ea1nh \u0111\u00f3 ph\u1ea7n khung \u0111\u1ee1 c\u0169ng \u1ea3nh h\u01b0\u1edfng t\u1edbi gi\u00e1 c\u1ee7a b\u00e0n \u0111\u00e1<\/span><\/p>\n<h3><span style=\"font-family: 'times new roman', times, serif; font-size: 120%; color: #000000;\">a) C\u00e1c ki\u1ec3u d\u00e1ng b\u00e0n \u0111\u00e1 lavabo<\/span><\/h3>\n<ul>\n<li><span style=\"font-family: 'times new roman', times, serif; font-size: 130%; color: #000000;\">Nh\u00fa c\u1ea1nh<\/span><\/li>\n<li><span style=\"font-family: 'times new roman', times, serif; font-size: 130%; color: #000000;\">V\u00e1c m\u00e9p<\/span><\/li>\n<\/ul>\n<p><span style=\"font-family: 'times new roman', times, serif; font-size: 130%; color: #000000;\">\u0110\u01a1n <a href=\"https:\/\/vi.wikipedia.org\/wiki\/Gi%C3%A1_c%E1%BA%A3#:~:text=Gi%C3%A1%20c%E1%BA%A3%20l%C3%A0%20bi%E1%BB%83u%20hi%E1%BB%87n,%C4%91%E1%BB%95i%20xoay%20quanh%20gi%C3%A1%20tr%E1%BB%8B.\">gi\u00e1<\/a> c\u1ee7a b\u00e0n l\u00edp kh\u1ed1i s\u1ebd cao h\u01a1n b\u00e0n nh\u00fa c\u1ea1nh v\u00ec \u0111\u00f2i h\u1ecfi t\u00ednh th\u1ea9m m\u1ef9 cao h\u01a1n. Ngo\u00e0i ra t\u00f9y v\u00e0 v\u1ecb tr\u00ed l\u1eafp \u0111\u1eb7t c\u1ee7a kh\u00e1ch c\u00f3 b\u1ecb c\u1ea5n hay v\u01b0\u1edbng g\u00ec kh\u00f4ng th\u00ec ki\u1ec3u d\u00e1ng b\u00e0n s\u1ebd thay \u0111\u1ed5i cho ph\u00f9 h\u1ee3p<\/span><\/p>\n<p><img loading=\"lazy\" decoding=\"async\" class=\"alignnone size-full wp-image-4531 aligncenter\" src=\"https:\/\/tranthi.vn\/quangnam\/wp-content\/uploads\/2023\/01\/ban-da-lavabo-gia-re-da-nang_optimized.jpg\" alt=\"\" width=\"500\" height=\"400\" \/><\/p>\n<h3><span style=\"font-family: 'times new roman', times, serif; font-size: 120%; color: #000000;\">b) C\u00e1c lo\u1ea1i \u0111\u00e1 \u0111\u1ec3 l\u00e0m b\u00e0n \u0111\u00e1<\/span><\/h3>\n<ul>\n<li><span style=\"font-family: 'times new roman', times, serif; font-size: 130%; color: #000000;\">\u0110\u00e1 t\u1ef1 nhi\u00ean<\/span><\/li>\n<li><span style=\"font-family: 'times new roman', times, serif; font-size: 130%; color: #000000;\">\u0110\u00e1 nh\u00e2n t\u1ea1o<\/span><\/li>\n<\/ul>\n<p><span style=\"font-family: 'times new roman', times, serif; font-size: 130%; color: #000000;\">Trong \u0111\u00f3 \u0111\u00e1 t\u1ef1 nhi\u00ean c\u00f3 gi\u00e1 th\u00e0nh cao g\u1ea5p 3 g\u1ea5p 4 \u0111\u00e1 nh\u00e2n t\u1ea1o t\u00f9y thu\u1ed9c v\u00e0o \u0111\u1ed9 cao c\u1ea5p c\u1ee7a \u0111\u00e1<\/span><\/p>\n<p><span style=\"font-family: 'times new roman', times, serif; font-size: 130%; color: #000000;\">Nh\u1eefng b\u00e0n \u0111\u01b0\u1ee3c l\u00e0m t\u1eeb \u0111\u00e1 t\u1ef1 nhi\u00ean c\u00f3 s\u1ebd \u0111\u1ed9 b\u1ec1n cao, kh\u00f4ng b\u1ecb tr\u1ea7y x\u01b0\u1edbc, \u1ed1 v\u00e0ng hay xu\u1ed1ng m\u00e0u\u00a0 ng\u01b0\u1ee3c l\u1ea1i th\u00ec gi\u00e1 th\u00e0nh kh\u00e1 cao v\u00e0 tr\u1ecdng l\u01b0\u1ee3ng b\u00e0n kh\u00e1 n\u1eb7ng<\/span><\/p>\n<p><span style=\"font-family: 'times new roman', times, serif; font-size: 130%; color: #000000;\">\u0110\u1ed1i v\u1edbi \u0111\u00e1 nh\u1eadn t\u1ea1o c\u0169ng c\u00f3 c\u00f3 nhi\u1ec1u lo\u1ea1i, t\u00f9y thu\u1ed9c v\u00e0o l\u01b0\u1ee3ng ph\u1ee5 gia v\u00e0 b\u1ed9t \u0111\u00e1 m\u00e0 s\u1ebd c\u00f3 m\u1ee9c gi\u00e1 cao th\u1ea5p kh\u00e1c nhau<\/span><\/p>\n<p><span style=\"font-family: 'times new roman', times, serif; font-size: 130%; color: #000000;\">Tuy nhi\u00ean \u0111\u00e3 l\u00e0 \u0111\u00e1 nh\u1eadn t\u1ea1o th\u00ec kh\u00f4ng th\u1ec3 tr\u00e1nh kh\u1ecfi b\u1ecb tr\u1ea7y x\u01b0\u1edbc, xu\u1ed1ng m\u00e0u<\/span><\/p>\n<h3><span style=\"font-family: 'times new roman', times, serif; font-size: 120%; color: #000000;\">c) Ph\u1ea7n khung \u0111\u1ee1\u00a0 b\u00e0n \u0111\u00e1:<\/span><\/h3>\n<ul>\n<li><span style=\"font-family: 'times new roman', times, serif; font-size: 130%; color: #000000;\">Khung g\u00f3c<\/span><\/li>\n<li><span style=\"font-family: 'times new roman', times, serif; font-size: 130%; color: #000000;\">khung \u00e2m\u00a0<\/span><\/li>\n<\/ul>\n<p><span style=\"font-family: 'times new roman', times, serif; font-size: 130%; color: #000000;\">Ph\u1ea7n khung g\u00f3c l\u00e0 d\u1ea1ng khung l\u1ed9 ph\u00eda d\u01b0\u1edbi g\u1ed3m 2 thanh L b\u1eaft 2 b\u00ean g\u00f3c c\u1ee7a b\u00e0n<\/span><\/p>\n<div id='gallery-1' class='gallery galleryid-4513 gallery-columns-2 gallery-size-large'><figure class='gallery-item'>\n\t\t\t<div class='gallery-icon landscape'>\n\t\t\t\t<a href='https:\/\/tranthi.vn\/hatinh\/?attachment_id=3796#main'><img loading=\"lazy\" decoding=\"async\" width=\"350\" height=\"350\" src=\"https:\/\/tranthi.vn\/hatinh\/wp-content\/uploads\/2022\/03\/ke-vuong-ban-da-lavabo_optimized.jpg\" class=\"attachment-large size-large\" alt=\"\" srcset=\"https:\/\/tranthi.vn\/hatinh\/wp-content\/uploads\/2022\/03\/ke-vuong-ban-da-lavabo_optimized.jpg 350w, https:\/\/tranthi.vn\/hatinh\/wp-content\/uploads\/2022\/03\/ke-vuong-ban-da-lavabo_optimized-100x100.jpg 100w\" sizes=\"auto, (max-width: 350px) 100vw, 350px\" \/><\/a>\n\t\t\t<\/div><\/figure><figure class='gallery-item'>\n\t\t\t<div class='gallery-icon landscape'>\n\t\t\t\t<a href='https:\/\/tranthi.vn\/hatinh\/?attachment_id=3794#main'><img loading=\"lazy\" decoding=\"async\" width=\"350\" height=\"350\" src=\"https:\/\/tranthi.vn\/hatinh\/wp-content\/uploads\/2021\/05\/ke-thuong-ban-da-lavabo_optimized.jpg\" class=\"attachment-large size-large\" alt=\"\" srcset=\"https:\/\/tranthi.vn\/hatinh\/wp-content\/uploads\/2021\/05\/ke-thuong-ban-da-lavabo_optimized.jpg 350w, https:\/\/tranthi.vn\/hatinh\/wp-content\/uploads\/2021\/05\/ke-thuong-ban-da-lavabo_optimized-100x100.jpg 100w\" sizes=\"auto, (max-width: 350px) 100vw, 350px\" \/><\/a>\n\t\t\t<\/div><\/figure>\n\t\t<\/div>\n\n<p><span style=\"font-family: 'times new roman', times, serif; font-size: 130%; color: #000000;\">Ph\u1ea7n khung \u00e2m c\u00f3 t\u00ednh th\u1ea9m m\u1ef9 cao h\u01a1n \u0111\u01b0\u1ee3c \u00e2m ho\u00e0n to\u00e0n d\u01b0\u1edbi b\u00e0n v\u00e0 s\u1ee9c ch\u1ecbu l\u1ef1c c\u0169ng cao n\u00ean gi\u00e1 th\u00e0nh cao h\u01a1n, \u0111\u1ed1i v\u1edbi nh\u1eefng b\u00e0n c\u00f3 chi\u1ec1u d\u00e0i tr\u00ean 80cm th\u00ec n\u00ean d\u00f9ng khung \u00e2m \u0111\u1ec3 \u0111\u1ea3m b\u1ea3o an to\u00e0n<\/span><\/p>\n<h2><strong><span style=\"font-family: 'times new roman', times, serif; font-size: 100%; color: #ff0000;\">2. K\u00edch th\u01b0\u1edbc b\u00e0n \u0111\u00e1 lavabo \u0111\u1ea1t chu\u1ea9n<\/span><\/strong><\/h2>\n<p><span style=\"font-family: 'times new roman', times, serif; font-size: 130%; color: #000000;\">\u0110\u1ed1i v\u1edbi b\u00e0n \u0111\u00e1 gia c\u00f4ng th\u00ec k\u00edch th\u01b0\u1edbc b\u00e0n \u0111\u00e1 kh\u00f4ng c\u00f3 m\u1ed9t quy chu\u1ea9n c\u1ee5 th\u1ec3 n\u00e0o. M\u1ed7i nh\u00e0 m\u1ed7i kh\u00f4ng gian k\u00edch th\u01b0\u1edbc kh\u00e1c nhau s\u1ebd t\u1ea1o n\u00ean nh\u1eefng chi\u1ebfc b\u00e0n v\u1edbi k\u00edch th\u01b0\u1edbc kh\u00e1c nhau<\/span><\/p>\n<p><span style=\"font-family: 'times new roman', times, serif; font-size: 130%; color: #000000;\">\u0110\u1ed1i v\u1edbi chi\u1ec1u r\u1ed9ng t\u1eeb t\u01b0\u1eddng ra th\u00ec t\u1ed1i \u0111a t\u1eeb 30cm tr\u1edf l\u00ean v\u00e0 v\u1edbi k\u00edch th\u01b0\u1edbc nh\u1ecf th\u00ec v\u00f2i s\u1ebd \u0111\u01b0\u1ee3c l\u1eafp tr\u1ef1c ti\u1ebfp tr\u00ean lavabo ho\u1eb7c \u0111\u1eb7t \u1edf g\u00f3c<\/span><\/p>\n<p><img loading=\"lazy\" decoding=\"async\" class=\"alignnone wp-image-4532 aligncenter\" src=\"https:\/\/tranthi.vn\/quangnam\/wp-content\/uploads\/2023\/01\/ban-da-lavabo-dat-theo-yeu-cau-tai-da-nang_optimized.jpg\" alt=\"\" width=\"412\" height=\"265\" \/><\/p>\n<p><span style=\"font-family: 'times new roman', times, serif; font-size: 130%; color: #000000;\">\u0110\u1ed1i v\u1edbi chi\u1ec1u d\u00e0i th\u00ec t\u00f9y \u00fd kh\u00e1ch\u00a0<\/span><\/p>\n<h2><span style=\"font-size: 100%; color: #ff0000;\"><strong><span style=\"font-family: 'times new roman', times, serif;\">3. C\u00e1ch \u0111\u1ec3 \u0111\u1eb7t \u0111\u01b0\u1ee3c 1 b\u00e0n \u0111\u00e1 lavabo<\/span><\/strong><\/span><\/h2>\n<p><span style=\"font-family: 'times new roman', times, serif; font-size: 130%; color: #000000;\">B\u01b0\u1edbc 1: C\u1ea7n \u0111o \u0111\u1ea1t v\u1ecb tr\u00ed c\u1ea7n l\u1eafp b\u00e0n \u0111\u1ec3 xem b\u00e0n \u0111\u1ea1t k\u00edch th\u01b0\u1edbc bao nhi\u00eau l\u00e0 ph\u00f9 h\u1ee3p nh\u1ea5t<\/span><\/p>\n<p><span style=\"font-family: 'times new roman', times, serif; font-size: 130%; color: #000000;\">B\u01b0\u1edbc 2: Ki\u1ec3m tra xem b\u00e0n c\u00f3 b\u1ecb c\u1ea5n c\u1eeda hay c\u1ea5n v\u1edbi c\u00e1c ph\u1ee5 ki\u1ec7n kh\u00e1c kh\u00f4ng<\/span><\/p>\n<p><span style=\"font-family: 'times new roman', times, serif; font-size: 130%; color: #000000;\">B\u01b0\u1edbc 3: T\u00ecm hi\u1ec3u tham kh\u1ea3o gi\u00e1 b\u00e0n v\u00e0 l\u1ef1a ch\u1ecdn lo\u1ea1i ph\u00f9 h\u1ee3p v\u1edbi kh\u00f4ng gian v\u00e0 kinh t\u1ebf<\/span><\/p>\n<p><span style=\"font-family: 'times new roman', times, serif; font-size: 130%; color: #000000;\">K\u00e8m theo \u0111\u00f3 l\u00e0 ch\u1ecdn ki\u1ec3u khung lu\u00f4n cho b\u00e0n ( \u0111\u1ed1i v\u1edbi b\u00e0n d\u00e0i tr\u00ean 90 th\u00ec n\u00ean l\u00e0m khung \u00e2m \u0111\u1ec3 \u0111\u1ea3m b\u1ea3o an to\u00e0n)<\/span><\/p>\n<p><span style=\"font-family: 'times new roman', times, serif; font-size: 130%; color: #000000;\">B\u01b0\u1edbc 4: Ch\u1ecdn m\u1eabu lavabo sao cho v\u1eeba v\u1edbi b\u00e0n<\/span><\/p>\n<p><span style=\"font-family: 'times new roman', times, serif; font-size: 130%; color: #000000;\">B\u01b0\u1edbc 4: \u0110\u1eb7t b\u00e0n n\u1ebfu l\u00e0 lavabo \u00e2m b\u00e0n ho\u1eb7c b\u00e1n \u00e2m th\u00ec t\u1ed1t nh\u1ea5t n\u00ean giao cho b\u00ean l\u00e0m b\u00e0n \u0111\u1ec3 h\u1ecd c\u1eaft cho ch\u00ednh x\u00e1c<\/span><\/p>\n<p><span style=\"font-family: 'times new roman', times, serif; font-size: 130%; color: #000000;\">B\u01b0\u1edbc 5: N\u00eau ra t\u1ea5t c\u1ea3 c\u00e1c y\u00eau c\u1ea7u \u0111\u1ed1i v\u1edbi b\u00e0n ( v\u00ed d\u1ee5: \u0111\u1eb7t l\u1ec7ch lavabo b\u00ean ph\u1ea3i, b\u00ean tr\u00e1i, \u0111\u1eb7t v\u00f2i l\u1ec7ch, hay c\u1ea7n bo c\u1ea1nh v\u00ec c\u1ea5n c\u1eeda&#8230;.)<\/span><\/p>\n<p><span style=\"font-family: 'times new roman', times, serif; font-size: 130%; color: #000000;\">B\u01b0\u1edbc 6: X\u00e1c nh\u1eadn r\u00f5 r\u00e0ng qua zalo b\u1eb1ng tin nh\u1eafn v\u00e0 h\u00f3a \u0111\u01a1n \u0111\u1ec3 tr\u00e1nh r\u1eafc r\u1ed1i v\u1ec1 sau<\/span><\/p>\n<p><span style=\"font-family: 'times new roman', times, serif; font-size: 130%; color: #000000;\">B\u01b0\u1edbc 7: Khi l\u1eafp lavabo nh\u1edd th\u1ee3 \u0111i\u1ec7n n\u01b0\u1edbc ch\u1ec9 \u0111\u01b0\u1eddng n\u01b0\u1edbc \u0111i tr\u00e1nh khi b\u1eaft khoan tr\u00fang \u0111\u01b0\u1eddng n\u01b0\u1edbc<\/span><\/p>\n","protected":false},"excerpt":{"rendered":"<p>GI\u00c1 B\u00c0N \u0110\u00c1 LAVABO \u0110\u1eb6T THEO K\u00cdCH TH\u01af\u1edaC Y\u00caU C\u1ea6U T\u1ea0I \u0110\u00c0 N\u1eb4NG 1. Gi\u00e1 b\u00e0n \u0111\u00e1 lavabo \u0111\u1eb7t theo k\u00edch th\u01b0\u1edbc t\u1ea1i \u0110\u00e0 N\u1eb5ng T\u1ea1i \u0110\u00e0 N\u1eb5ng \u0111\u1ed1i v\u1edbi b\u00e0n \u0111\u00e1 lavabo s\u1ea3n xu\u1ea5t v\u1edbi k\u00edch th\u01b0\u1edbc t\u1ef1 do gi\u00e1 c\u1ea3 s\u1ebd ph\u1ee5 thu\u1ed9c v\u00e0o ch\u1ea5t l\u01b0\u1ee3ng \u0111\u00e1, m\u1eabu \u0111\u00e1, k\u00edch th\u01b0\u1edbc v\u00e0 ki\u1ec3u [&#8230;]\n","protected":false},"featured_media":4532,"comment_status":"closed","ping_status":"closed","template":"","meta":[],"product_cat":[15,285],"product_tag":[],"class_list":{"0":"post-4513","1":"product","2":"type-product","3":"status-publish","4":"has-post-thumbnail","6":"product_cat-chua-phan-loai","7":"product_cat-ke-ban-da-lavabo","9":"first","10":"instock","11":"shipping-taxable","12":"product-type-simple"},"yoast_head":"<!-- This site is optimized with the Yoast SEO Premium plugin v22.3 (Yoast SEO v22.8) - https:\/\/yoast.com\/wordpress\/plugins\/seo\/ -->\n<title>B\u00e0n \u0111\u00e1 lavabo nh\u1eadn s\u1ea3n xu\u1ea5t theo y\u00eau c\u1ea7u t\u1ea1i \u0110\u00e0 N\u1eb5ng - 0903.595.049<\/title>\n<meta name=\"description\" content=\"Tr\u1ea7n Th\u1ecb chuy\u00ean s\u1ea3n xu\u1ea5t b\u00e0n \u0111\u00e1 \u0111\u1eb7t lavabo theo k\u00edch th\u01b0\u1edbc, ki\u1ec3u d\u00e1ng y\u00eau c\u1ea7u c\u1ee7a kh\u00e1ch h\u00e0ng v\u1edbi m\u1ee9c gi\u00e1 h\u1ee3p l\u00fd t\u1ea1i \u0110\u00e0 N\u1eb5ng\" \/>\n<meta name=\"robots\" content=\"index, follow, max-snippet:-1, max-image-preview:large, max-video-preview:-1\" \/>\n<link rel=\"canonical\" href=\"https:\/\/tranthi.vn\/hatinh\/ban-da-lavabo-theo-kich-thuoc-yeu-cau-tai-da-nang\/\" \/>\n<meta property=\"og:locale\" content=\"vi_VN\" \/>\n<meta property=\"og:type\" content=\"article\" \/>\n<meta property=\"og:title\" content=\"B\u00e0n \u0110\u00e1 Lavabo Theo K\u00edch Th\u01b0\u1edbc Y\u00eau C\u1ea7u\" \/>\n<meta property=\"og:description\" content=\"Tr\u1ea7n Th\u1ecb chuy\u00ean s\u1ea3n xu\u1ea5t b\u00e0n \u0111\u00e1 \u0111\u1eb7t lavabo theo k\u00edch th\u01b0\u1edbc, ki\u1ec3u d\u00e1ng y\u00eau c\u1ea7u c\u1ee7a kh\u00e1ch h\u00e0ng v\u1edbi m\u1ee9c gi\u00e1 h\u1ee3p l\u00fd t\u1ea1i \u0110\u00e0 N\u1eb5ng\" \/>\n<meta property=\"og:url\" content=\"https:\/\/tranthi.vn\/hatinh\/ban-da-lavabo-theo-kich-thuoc-yeu-cau-tai-da-nang\/\" \/>\n<meta property=\"og:site_name\" content=\"V\u1eadt Li\u1ec7u X\u00e2y D\u1ef1ng Tr\u1ea7n Th\u1ecb Chi Nh\u00e1nh H\u00e0 T\u0129nh\" \/>\n<meta property=\"article:modified_time\" content=\"2023-07-25T03:16:09+00:00\" \/>\n<meta property=\"og:image\" content=\"https:\/\/tranthi.vn\/hatinh\/wp-content\/uploads\/2023\/01\/ban-da-lavabo-dat-theo-yeu-cau-tai-da-nang_optimized.jpg\" \/>\n\t<meta property=\"og:image:width\" content=\"700\" \/>\n\t<meta property=\"og:image:height\" content=\"450\" \/>\n\t<meta property=\"og:image:type\" content=\"image\/jpeg\" \/>\n<meta name=\"twitter:card\" content=\"summary_large_image\" \/>\n<meta name=\"twitter:label1\" content=\"Gi\u00e1\" \/>\n\t<meta name=\"twitter:data1\" content=\"\" \/>\n\t<meta name=\"twitter:label2\" content=\"Kh\u1ea3 d\u1ee5ng\" \/>\n\t<meta name=\"twitter:data2\" content=\"Trong kho\" \/>\n<script type=\"application\/ld+json\" class=\"yoast-schema-graph\">{\"@context\":\"https:\/\/schema.org\",\"@graph\":[{\"@type\":[\"WebPage\",\"ItemPage\"],\"@id\":\"https:\/\/tranthi.vn\/hatinh\/ban-da-lavabo-theo-kich-thuoc-yeu-cau-tai-da-nang\/\",\"url\":\"https:\/\/tranthi.vn\/hatinh\/ban-da-lavabo-theo-kich-thuoc-yeu-cau-tai-da-nang\/\",\"name\":\"B\u00e0n \u0111\u00e1 lavabo nh\u1eadn s\u1ea3n xu\u1ea5t theo y\u00eau c\u1ea7u t\u1ea1i \u0110\u00e0 N\u1eb5ng - 0903.595.049\",\"isPartOf\":{\"@id\":\"https:\/\/tranthi.vn\/hatinh\/#website\"},\"primaryImageOfPage\":{\"@id\":\"https:\/\/tranthi.vn\/hatinh\/ban-da-lavabo-theo-kich-thuoc-yeu-cau-tai-da-nang\/#primaryimage\"},\"image\":{\"@id\":\"https:\/\/tranthi.vn\/hatinh\/ban-da-lavabo-theo-kich-thuoc-yeu-cau-tai-da-nang\/#primaryimage\"},\"thumbnailUrl\":\"https:\/\/tranthi.vn\/hatinh\/wp-content\/uploads\/2023\/01\/ban-da-lavabo-dat-theo-yeu-cau-tai-da-nang_optimized.jpg\",\"datePublished\":\"2023-01-10T07:49:03+00:00\",\"dateModified\":\"2023-07-25T03:16:09+00:00\",\"description\":\"Tr\u1ea7n Th\u1ecb chuy\u00ean s\u1ea3n xu\u1ea5t b\u00e0n \u0111\u00e1 \u0111\u1eb7t lavabo theo k\u00edch th\u01b0\u1edbc, ki\u1ec3u d\u00e1ng y\u00eau c\u1ea7u c\u1ee7a kh\u00e1ch h\u00e0ng v\u1edbi m\u1ee9c gi\u00e1 h\u1ee3p l\u00fd t\u1ea1i \u0110\u00e0 N\u1eb5ng\",\"breadcrumb\":{\"@id\":\"https:\/\/tranthi.vn\/hatinh\/ban-da-lavabo-theo-kich-thuoc-yeu-cau-tai-da-nang\/#breadcrumb\"},\"inLanguage\":\"vi\",\"potentialAction\":[{\"@type\":\"ReadAction\",\"target\":[\"https:\/\/tranthi.vn\/hatinh\/ban-da-lavabo-theo-kich-thuoc-yeu-cau-tai-da-nang\/\"]}]},{\"@type\":\"ImageObject\",\"inLanguage\":\"vi\",\"@id\":\"https:\/\/tranthi.vn\/hatinh\/ban-da-lavabo-theo-kich-thuoc-yeu-cau-tai-da-nang\/#primaryimage\",\"url\":\"https:\/\/tranthi.vn\/hatinh\/wp-content\/uploads\/2023\/01\/ban-da-lavabo-dat-theo-yeu-cau-tai-da-nang_optimized.jpg\",\"contentUrl\":\"https:\/\/tranthi.vn\/hatinh\/wp-content\/uploads\/2023\/01\/ban-da-lavabo-dat-theo-yeu-cau-tai-da-nang_optimized.jpg\",\"width\":700,\"height\":450},{\"@type\":\"BreadcrumbList\",\"@id\":\"https:\/\/tranthi.vn\/hatinh\/ban-da-lavabo-theo-kich-thuoc-yeu-cau-tai-da-nang\/#breadcrumb\",\"itemListElement\":[{\"@type\":\"ListItem\",\"position\":1,\"name\":\"Trang ch\u1ee7\",\"item\":\"https:\/\/tranthi.vn\/hatinh\/\"},{\"@type\":\"ListItem\",\"position\":2,\"name\":\"Shop\",\"item\":\"https:\/\/tranthi.vn\/hatinh\/shop\/\"},{\"@type\":\"ListItem\",\"position\":3,\"name\":\"B\u00e0n \u0110\u00e1 Lavabo Theo K\u00edch Th\u01b0\u1edbc Y\u00eau C\u1ea7u\"}]},{\"@type\":\"WebSite\",\"@id\":\"https:\/\/tranthi.vn\/hatinh\/#website\",\"url\":\"https:\/\/tranthi.vn\/hatinh\/\",\"name\":\"V\u1eadt Li\u1ec7u X\u00e2y D\u1ef1ng Tr\u1ea7n Th\u1ecb Chi Nh\u00e1nh H\u00e0 T\u0129nh\",\"description\":\"V\u1eadt Li\u1ec7u X\u00e2y D\u1ef1ng - H\u00e0 T\u0129nh\",\"potentialAction\":[{\"@type\":\"SearchAction\",\"target\":{\"@type\":\"EntryPoint\",\"urlTemplate\":\"https:\/\/tranthi.vn\/hatinh\/?s={search_term_string}\"},\"query-input\":\"required name=search_term_string\"}],\"inLanguage\":\"vi\"},{\"@type\":\"ImageObject\",\"inLanguage\":\"vi\",\"@id\":\"https:\/\/tranthi.vn\/hatinh\/ban-da-lavabo-theo-kich-thuoc-yeu-cau-tai-da-nang\/#local-main-organization-logo\",\"url\":\"\",\"contentUrl\":\"\",\"caption\":\"V\u1eadt Li\u1ec7u X\u00e2y D\u1ef1ng Tr\u1ea7n Th\u1ecb Chi Nh\u00e1nh H\u00e0 T\u0129nh\"}]}<\/script>\n<meta property=\"product:price:amount\" content=\"0\" \/>\n<meta property=\"product:price:currency\" content=\"VND\" \/>\n<meta property=\"og:availability\" content=\"instock\" \/>\n<meta property=\"product:availability\" content=\"instock\" \/>\n<meta property=\"product:condition\" content=\"new\" \/>\n<!-- \/ Yoast SEO Premium plugin. -->","yoast_head_json":{"title":"B\u00e0n \u0111\u00e1 lavabo nh\u1eadn s\u1ea3n xu\u1ea5t theo y\u00eau c\u1ea7u t\u1ea1i \u0110\u00e0 N\u1eb5ng - 0903.595.049","description":"Tr\u1ea7n Th\u1ecb chuy\u00ean s\u1ea3n xu\u1ea5t b\u00e0n \u0111\u00e1 \u0111\u1eb7t lavabo theo k\u00edch th\u01b0\u1edbc, ki\u1ec3u d\u00e1ng y\u00eau c\u1ea7u c\u1ee7a kh\u00e1ch h\u00e0ng v\u1edbi m\u1ee9c gi\u00e1 h\u1ee3p l\u00fd t\u1ea1i \u0110\u00e0 N\u1eb5ng","robots":{"index":"index","follow":"follow","max-snippet":"max-snippet:-1","max-image-preview":"max-image-preview:large","max-video-preview":"max-video-preview:-1"},"canonical":"https:\/\/tranthi.vn\/hatinh\/ban-da-lavabo-theo-kich-thuoc-yeu-cau-tai-da-nang\/","og_locale":"vi_VN","og_type":"article","og_title":"B\u00e0n \u0110\u00e1 Lavabo Theo K\u00edch Th\u01b0\u1edbc Y\u00eau C\u1ea7u","og_description":"Tr\u1ea7n Th\u1ecb chuy\u00ean s\u1ea3n xu\u1ea5t b\u00e0n \u0111\u00e1 \u0111\u1eb7t lavabo theo k\u00edch th\u01b0\u1edbc, ki\u1ec3u d\u00e1ng y\u00eau c\u1ea7u c\u1ee7a kh\u00e1ch h\u00e0ng v\u1edbi m\u1ee9c gi\u00e1 h\u1ee3p l\u00fd t\u1ea1i \u0110\u00e0 N\u1eb5ng","og_url":"https:\/\/tranthi.vn\/hatinh\/ban-da-lavabo-theo-kich-thuoc-yeu-cau-tai-da-nang\/","og_site_name":"V\u1eadt Li\u1ec7u X\u00e2y D\u1ef1ng Tr\u1ea7n Th\u1ecb Chi Nh\u00e1nh H\u00e0 T\u0129nh","article_modified_time":"2023-07-25T03:16:09+00:00","og_image":[{"width":700,"height":450,"url":"https:\/\/tranthi.vn\/hatinh\/wp-content\/uploads\/2023\/01\/ban-da-lavabo-dat-theo-yeu-cau-tai-da-nang_optimized.jpg","type":"image\/jpeg"}],"twitter_card":"summary_large_image","twitter_misc":{"Gi\u00e1":"","Kh\u1ea3 d\u1ee5ng":"Trong kho"},"schema":{"@context":"https:\/\/schema.org","@graph":[{"@type":["WebPage","ItemPage"],"@id":"https:\/\/tranthi.vn\/hatinh\/ban-da-lavabo-theo-kich-thuoc-yeu-cau-tai-da-nang\/","url":"https:\/\/tranthi.vn\/hatinh\/ban-da-lavabo-theo-kich-thuoc-yeu-cau-tai-da-nang\/","name":"B\u00e0n \u0111\u00e1 lavabo nh\u1eadn s\u1ea3n xu\u1ea5t theo y\u00eau c\u1ea7u t\u1ea1i \u0110\u00e0 N\u1eb5ng - 0903.595.049","isPartOf":{"@id":"https:\/\/tranthi.vn\/hatinh\/#website"},"primaryImageOfPage":{"@id":"https:\/\/tranthi.vn\/hatinh\/ban-da-lavabo-theo-kich-thuoc-yeu-cau-tai-da-nang\/#primaryimage"},"image":{"@id":"https:\/\/tranthi.vn\/hatinh\/ban-da-lavabo-theo-kich-thuoc-yeu-cau-tai-da-nang\/#primaryimage"},"thumbnailUrl":"https:\/\/tranthi.vn\/hatinh\/wp-content\/uploads\/2023\/01\/ban-da-lavabo-dat-theo-yeu-cau-tai-da-nang_optimized.jpg","datePublished":"2023-01-10T07:49:03+00:00","dateModified":"2023-07-25T03:16:09+00:00","description":"Tr\u1ea7n Th\u1ecb chuy\u00ean s\u1ea3n xu\u1ea5t b\u00e0n \u0111\u00e1 \u0111\u1eb7t lavabo theo k\u00edch th\u01b0\u1edbc, ki\u1ec3u d\u00e1ng y\u00eau c\u1ea7u c\u1ee7a kh\u00e1ch h\u00e0ng v\u1edbi m\u1ee9c gi\u00e1 h\u1ee3p l\u00fd t\u1ea1i \u0110\u00e0 N\u1eb5ng","breadcrumb":{"@id":"https:\/\/tranthi.vn\/hatinh\/ban-da-lavabo-theo-kich-thuoc-yeu-cau-tai-da-nang\/#breadcrumb"},"inLanguage":"vi","potentialAction":[{"@type":"ReadAction","target":["https:\/\/tranthi.vn\/hatinh\/ban-da-lavabo-theo-kich-thuoc-yeu-cau-tai-da-nang\/"]}]},{"@type":"ImageObject","inLanguage":"vi","@id":"https:\/\/tranthi.vn\/hatinh\/ban-da-lavabo-theo-kich-thuoc-yeu-cau-tai-da-nang\/#primaryimage","url":"https:\/\/tranthi.vn\/hatinh\/wp-content\/uploads\/2023\/01\/ban-da-lavabo-dat-theo-yeu-cau-tai-da-nang_optimized.jpg","contentUrl":"https:\/\/tranthi.vn\/hatinh\/wp-content\/uploads\/2023\/01\/ban-da-lavabo-dat-theo-yeu-cau-tai-da-nang_optimized.jpg","width":700,"height":450},{"@type":"BreadcrumbList","@id":"https:\/\/tranthi.vn\/hatinh\/ban-da-lavabo-theo-kich-thuoc-yeu-cau-tai-da-nang\/#breadcrumb","itemListElement":[{"@type":"ListItem","position":1,"name":"Trang ch\u1ee7","item":"https:\/\/tranthi.vn\/hatinh\/"},{"@type":"ListItem","position":2,"name":"Shop","item":"https:\/\/tranthi.vn\/hatinh\/shop\/"},{"@type":"ListItem","position":3,"name":"B\u00e0n \u0110\u00e1 Lavabo Theo K\u00edch Th\u01b0\u1edbc Y\u00eau C\u1ea7u"}]},{"@type":"WebSite","@id":"https:\/\/tranthi.vn\/hatinh\/#website","url":"https:\/\/tranthi.vn\/hatinh\/","name":"V\u1eadt Li\u1ec7u X\u00e2y D\u1ef1ng Tr\u1ea7n Th\u1ecb Chi Nh\u00e1nh H\u00e0 T\u0129nh","description":"V\u1eadt Li\u1ec7u X\u00e2y D\u1ef1ng - H\u00e0 T\u0129nh","potentialAction":[{"@type":"SearchAction","target":{"@type":"EntryPoint","urlTemplate":"https:\/\/tranthi.vn\/hatinh\/?s={search_term_string}"},"query-input":"required name=search_term_string"}],"inLanguage":"vi"},{"@type":"ImageObject","inLanguage":"vi","@id":"https:\/\/tranthi.vn\/hatinh\/ban-da-lavabo-theo-kich-thuoc-yeu-cau-tai-da-nang\/#local-main-organization-logo","url":"","contentUrl":"","caption":"V\u1eadt Li\u1ec7u X\u00e2y D\u1ef1ng Tr\u1ea7n Th\u1ecb Chi Nh\u00e1nh H\u00e0 T\u0129nh"}]},"product_price_currency":"VND","og_availability":"instock","product_availability":"instock","product_condition":"new"},"_links":{"self":[{"href":"https:\/\/tranthi.vn\/hatinh\/wp-json\/wp\/v2\/product\/4513","targetHints":{"allow":["GET"]}}],"collection":[{"href":"https:\/\/tranthi.vn\/hatinh\/wp-json\/wp\/v2\/product"}],"about":[{"href":"https:\/\/tranthi.vn\/hatinh\/wp-json\/wp\/v2\/types\/product"}],"replies":[{"embeddable":true,"href":"https:\/\/tranthi.vn\/hatinh\/wp-json\/wp\/v2\/comments?post=4513"}],"wp:featuredmedia":[{"embeddable":true,"href":"https:\/\/tranthi.vn\/hatinh\/wp-json\/wp\/v2\/media\/4532"}],"wp:attachment":[{"href":"https:\/\/tranthi.vn\/hatinh\/wp-json\/wp\/v2\/media?parent=4513"}],"wp:term":[{"taxonomy":"product_cat","embeddable":true,"href":"https:\/\/tranthi.vn\/hatinh\/wp-json\/wp\/v2\/product_cat?post=4513"},{"taxonomy":"product_tag","embeddable":true,"href":"https:\/\/tranthi.vn\/hatinh\/wp-json\/wp\/v2\/product_tag?post=4513"}],"curies":[{"name":"wp","href":"https:\/\/api.w.org\/{rel}","templated":true}]}}