{"id":4278,"date":"2022-10-05T11:09:03","date_gmt":"2022-10-05T04:09:03","guid":{"rendered":"https:\/\/tranthi.vn\/quangnam\/?post_type=product&#038;p=4278"},"modified":"2024-06-13T15:32:32","modified_gmt":"2024-06-13T08:32:32","slug":"composite-phun-in","status":"publish","type":"product","link":"https:\/\/tranthi.vn\/hatinh\/composite-phun-in\/","title":{"rendered":"S12 &#8211; AL C\u1eeda Tr\u01a1n ( KT 230 cm x 80 cm)"},"content":{"rendered":"<p><span style=\"font-family: 'times new roman', times, serif; font-size: 130%; color: #000000;\">Nhi\u1ec1u kh\u00e1ch h\u00e0ng mu\u1ed1n l\u1ef1a ch\u1ecdn c\u1eeda nh\u1ef1a cho ph\u00f2ng v\u1ec7 sinh nh\u01b0ng kh\u00f4ng mu\u1ed1n d\u00f9ng nh\u1ef1a \u0111\u00e0i loan, nh\u1ef1a composite th\u00ec gi\u00e1 th\u00e0nh cao, Tr\u1ea7n Th\u1ecb s\u1ebd g\u1ee3i \u00fd cho kh\u00e1ch h\u00e0ng 1 m\u1eabu c\u1eeda nh\u1ef1a composite v\u1eeba ch\u1eafc ch\u1eafn, sang tr\u1ecdng m\u00e0 gi\u00e1 th\u00e0nh h\u1ee3p l\u00fd<\/span><\/p>\n<h2><strong><span style=\"font-family: 'times new roman', times, serif; font-size: 100%; color: #000000;\">1. Gi\u00e1 c\u1eeda\u00a0 nh\u1ef1a composite ph\u00f2ng v\u1ec7 sinh<\/span><\/strong><\/h2>\n<p><span style=\"font-family: 'times new roman', times, serif; font-size: 130%; color: #000000;\">D\u00f2ng nh\u1ef1a \u0111\u01b0\u1ee3c s\u1eed d\u1ee5ng cho nh\u00e0 v\u1ec7 sinh l\u00e0 d\u00f2ng nh\u1ef1a composite phun in kh\u00f4ng th\u1ea5m n\u01b0\u1edbc kh\u00f4ng bong tr\u00f3c<\/span><\/p>\n<p><span style=\"font-family: 'times new roman', times, serif; font-size: 130%; color: #000000;\">Gi\u00e1 c\u1eeda composite phun in 3.900.000\/b\u1ed9 ch\u01b0a k\u00e8m kh\u00f3a k\u00edch th\u01b0\u1edbc 800&#215;2200<\/span><\/p>\n<p><span style=\"font-family: 'times new roman', times, serif; font-size: 130%; color: #000000;\">s\u1ebd bao g\u1ed3m c\u00e1c m\u00e0u d\u01b0\u1edbi<\/span><\/p>\n<div id='gallery-1' class='gallery galleryid-4278 gallery-columns-3 gallery-size-thumbnail'><figure class='gallery-item'>\n\t\t\t<div class='gallery-icon portrait'>\n\t\t\t\t<a href='https:\/\/tranthi.vn\/hatinh\/?attachment_id=4284#main'><img loading=\"lazy\" decoding=\"async\" width=\"90\" height=\"96\" src=\"https:\/\/tranthi.vn\/hatinh\/wp-content\/uploads\/2022\/10\/gia-cua-nhua-composite-phun-in-da-nang_optimized.jpg\" class=\"attachment-thumbnail size-thumbnail\" alt=\"\" \/><\/a>\n\t\t\t<\/div><\/figure><figure class='gallery-item'>\n\t\t\t<div class='gallery-icon portrait'>\n\t\t\t\t<a href='https:\/\/tranthi.vn\/hatinh\/?attachment_id=4283#main'><img loading=\"lazy\" decoding=\"async\" width=\"90\" height=\"96\" src=\"https:\/\/tranthi.vn\/hatinh\/wp-content\/uploads\/2022\/10\/cua-nhua-composite-phun-in-gia-go-da-nang_optimized.jpg\" class=\"attachment-thumbnail size-thumbnail\" alt=\"\" \/><\/a>\n\t\t\t<\/div><\/figure><figure class='gallery-item'>\n\t\t\t<div class='gallery-icon portrait'>\n\t\t\t\t<a href='https:\/\/tranthi.vn\/hatinh\/?attachment_id=4281#main'><img loading=\"lazy\" decoding=\"async\" width=\"90\" height=\"96\" src=\"https:\/\/tranthi.vn\/hatinh\/wp-content\/uploads\/2022\/10\/cua-nhua-composite-phun-in-van-go-da-nang_optimized.jpg\" class=\"attachment-thumbnail size-thumbnail\" alt=\"\" \/><\/a>\n\t\t\t<\/div><\/figure>\n\t\t<\/div>\n\n<h2><span style=\"font-size: 100%;\"><strong><span style=\"font-family: 'times new roman', times, serif;\">2. \u01afu \u0111i\u1ec3m c\u1ee7a c\u1eeda nh\u1ef1a composite ph\u00f2ng v\u1ec7 sinh<\/span><\/strong><\/span><\/h2>\n<ul>\n<li><span style=\"font-family: 'times new roman', times, serif; font-size: 130%;\">Kh\u00e1ng n\u01b0\u1edbc, kh\u00e1ng m\u1ed1i m\u1ecdt<\/span><\/li>\n<li><span style=\"font-family: 'times new roman', times, serif; font-size: 130%;\">kh\u00f4ng cong v\u00eanh<\/span><\/li>\n<li><span style=\"font-family: 'times new roman', times, serif; font-size: 130%;\">kh\u00f4ng b\u1ecb bong tr\u00f3c<\/span><\/li>\n<li><span style=\"font-family: 'times new roman', times, serif; font-size: 130%;\">C\u00f3 kh\u1ea3 n\u0103ng ch\u1ed1ng ch\u00e1y lan, c\u00e1ch \u00e2m, c\u00e1ch nhi\u1ec7t t\u1ed1t<\/span><\/li>\n<li><span style=\"font-family: 'times new roman', times, serif; font-size: 130%;\">L\u00e0 t\u1ea5m nh\u1ef1a \u0111\u00fac nguy\u00ean kh\u1ed1i n\u00ean \u0111\u1ed9 b\u1ec1n cao, th\u1eddi gian l\u00e3o h\u00f3a l\u00e2u<\/span><\/li>\n<li><span style=\"font-family: 'times new roman', times, serif; font-size: 130%;\">\u0110a d\u1ea1ng m\u00e0u s\u1eafc, d\u1ec5 ph\u1ed1i h\u1ee3p v\u1edbi \u0111\u1ed3 n\u1ed9i th\u1ea5t trong c\u0103n nh\u00e0 hi\u1ec7n \u0111\u1ea1i &amp; t\u00e2n c\u1ed5 \u0111i\u1ec3n<\/span><\/li>\n<li><span style=\"font-family: 'times new roman', times, serif; font-size: 130%;\">B\u1ec1 m\u1eb7t tr\u01a1n l\u00e1ng, d\u1ec5 lau ch\u00f9i, v\u1ec7 sinh.<\/span><\/li>\n<\/ul>\n<h2><span style=\"font-size: 100%;\"><strong><span style=\"font-family: 'times new roman', times, serif; color: #000000;\">3. C\u00e1c ch\u00ednh s\u00e1ch b\u1ea3o h\u00e0nh c\u1eeda nh\u1ef1a composite<\/span><\/strong><\/span><\/h2>\n<p><span style=\"font-family: 'times new roman', times, serif; font-size: 130%; color: #000000;\">C\u1eeda nh\u1ef1a composite s\u1ebd \u0111\u01b0\u1ee3c b\u1ea3o h\u00e0nh 3 n\u0103m b\u1ea3o tr\u00ec\u00a0 6 th\u00e1ng 1 l\u1ea7n<\/span><\/p>\n<ul>\n<li><span style=\"font-family: 'times new roman', times, serif; font-size: 130%; color: #000000;\">C\u1eeda b\u1ecb bong tr\u00f3c, phai m\u00e0u khi kh\u00e1ch s\u1eed d\u1ee5ng \u0111\u00fang theo y\u00eau c\u1ea7u c\u1ee7a nh\u00e0 s\u1ea3n xu\u1ea5t<\/span><\/li>\n<li><span style=\"font-family: 'times new roman', times, serif; font-size: 130%; color: #000000;\">C\u1eeda b\u1ecb bung h\u1edf keo sau th\u1eddi gian s\u1eed d\u1ee5ng<\/span><\/li>\n<li><span style=\"font-family: 'times new roman', times, serif; font-size: 130%; color: #000000;\">C\u1eeda b\u1ecb l\u1ec7ch c\u00e1nh, s\u1eadp c\u00e1nh<\/span><\/li>\n<\/ul>\n<p><span style=\"font-size: 130%; font-family: 'times new roman', times, serif; color: #000000;\">Kh\u00e1ch h\u00e0ng kh\u00f4ng t\u1ef1 \u00fd di d\u1eddi ho\u1eb7c s\u1eeda ch\u1eefa c\u1eeda khi ph\u00e1t hi\u1ec7n l\u1ed7i<\/span><\/p>\n<p style=\"text-align: center;\"><iframe loading=\"lazy\" src=\"\/\/www.youtube.com\/embed\/SRd9ay2M-6o\" width=\"560\" height=\"314\" allowfullscreen=\"allowfullscreen\"><\/iframe><\/p>\n","protected":false},"excerpt":{"rendered":"<p><span style=\"font-family: 'times new roman', times, serif; font-size: 140%;\"><img decoding=\"async\" class=\"emoji\" role=\"img\" draggable=\"false\" src=\"https:\/\/s.w.org\/images\/core\/emoji\/14.0.0\/svg\/1f61b.svg\" alt=\"\ud83d\ude1b\" \/>\u00a0Giao h\u00e0ng trong \u0111\u1ecba b\u00e0n\u00a0<em><a href=\"https:\/\/fr.wikipedia.org\/wiki\/Da_Nang\"><strong>\u0110\u00e0 N\u1eb5ng\u00a0<\/strong><\/a><\/em><\/span><\/p>\n<p><strong><span style=\"font-family: 'times new roman', times, serif; font-size: 140%;\">C\u1eeda Tr\u01a1n: <em>\u0110\u01a1n gi\u00e1 khi mua t\u1eeb 3 b\u1ed9 tr\u1edf l\u00ean.<\/em><\/span><\/strong><\/p>\n<p><span style=\"font-family: 'times new roman', times, serif; font-size: 140%;\"><img decoding=\"async\" class=\"emoji\" role=\"img\" draggable=\"false\" src=\"https:\/\/s.w.org\/images\/core\/emoji\/14.0.0\/svg\/1f61b.svg\" alt=\"\ud83d\ude1b\" \/>\u00a0\u0110\u01a1n v\u1ecb t\u00ednh: B\u1ed9<\/span><\/p>\n<p><span style=\"font-family: 'times new roman', times, serif; font-size: 140%;\"><img decoding=\"async\" class=\"emoji\" role=\"img\" draggable=\"false\" src=\"https:\/\/s.w.org\/images\/core\/emoji\/14.0.0\/svg\/1f61b.svg\" alt=\"\ud83d\ude1b\" \/> K\u00edch th\u01b0\u1edbc : 230 cm \u00d7 d\u01b0\u1edbi 80 cm \u2013 <span style=\"color: #ff0000;\"><strong>3.490.000\u0111<\/strong><\/span><\/span><\/p>\n<p><span style=\"font-family: 'times new roman', times, serif; font-size: 140%;\"><img decoding=\"async\" class=\"emoji\" role=\"img\" draggable=\"false\" src=\"https:\/\/s.w.org\/images\/core\/emoji\/14.0.0\/svg\/1f61b.svg\" alt=\"\ud83d\ude1b\" \/> K\u00edch th\u01b0\u1edbc : 230 cm \u00d7 81 \u0111\u1ebfn 90 cm \u2013 <strong><span style=\"color: #ff0000;\">3.590.000\u0111<\/span><\/strong><\/span><\/p>\n<p><span style=\"font-family: 'times new roman', times, serif; font-size: 140%;\"><img decoding=\"async\" class=\"emoji\" role=\"img\" draggable=\"false\" src=\"https:\/\/s.w.org\/images\/core\/emoji\/14.0.0\/svg\/1f61b.svg\" alt=\"\ud83d\ude1b\" \/> K\u00edch th\u01b0\u1edbc : 230 cm \u00d7 91 \u0111\u1ebfn 98 cm \u2013<strong><span style=\"color: #ff0000;\"> 3.740.000\u0111<\/span><\/strong><\/span><\/p>\n<p><span style=\"font-family: 'times new roman', times, serif; font-size: 140%;\"><img decoding=\"async\" class=\"emoji\" role=\"img\" draggable=\"false\" src=\"https:\/\/s.w.org\/images\/core\/emoji\/14.0.0\/svg\/1f61b.svg\" alt=\"\ud83d\ude1b\" \/> \u0110\u01a1n gi\u00e1 ch\u01b0a bao g\u1ed3m kho\u00e1 c\u1eeda, thi c\u00f4ng v\u00e0 l\u1eafp \u0111\u1eb7t t\u1ea1i c\u00f4ng tr\u00ecnh.<\/span><\/p>\n<p><span style=\"font-family: 'times new roman', times, serif; font-size: 140%; color: #ed1c24;\"><img decoding=\"async\" class=\"emoji\" role=\"img\" draggable=\"false\" src=\"https:\/\/s.w.org\/images\/core\/emoji\/14.0.0\/svg\/1f61b.svg\" alt=\"\ud83d\ude1b\" \/><\/span><span style=\"font-family: 'times new roman', times, serif; font-size: 140%;\">K\u1ebb ch\u1ec9 nh\u00f4m: 70.000\u0111\/ \u0111\u01b0\u1eddng<\/span><\/p>\n<p><span style=\"font-family: 'times new roman', times, serif; font-size: 140%;\"><img decoding=\"async\" class=\"emoji\" role=\"img\" draggable=\"false\" src=\"https:\/\/s.w.org\/images\/core\/emoji\/14.0.0\/svg\/1f61b.svg\" alt=\"\ud83d\ude1b\" \/> T\u1ea1o ki\u1ec3u, h\u00fat m\u00e0ng ( 2 m\u1eb7t )\u00a0 : 300.000\u0111<\/span><\/p>\n<p><span style=\"font-family: 'times new roman', times, serif; font-size: 140%;\"><img decoding=\"async\" class=\"emoji\" role=\"img\" draggable=\"false\" src=\"https:\/\/s.w.org\/images\/core\/emoji\/14.0.0\/svg\/1f61b.svg\" alt=\"\ud83d\ude1b\" \/> C\u1eeda c\u00f3 ph\u00e0o ch\u1ec9 n\u1ed5i\u00a0 \u00a0 \u00a0 \u00a0 \u00a0 \u00a0 \u00a0 \u00a0 \u00a0 \u00a0: 430.000\u0111\/ c\u1eeda<\/span><\/p>\n<p><span style=\"font-family: 'times new roman', times, serif; font-size: 140%;\"><img decoding=\"async\" class=\"emoji\" role=\"img\" draggable=\"false\" src=\"https:\/\/s.w.org\/images\/core\/emoji\/14.0.0\/svg\/1f61b.svg\" alt=\"\ud83d\ude1b\" \/>\u00a0Khung bao t\u01b0\u1eddng ( 200-250mm ) : 430.000\u0111<\/span><\/p>\n<p><span style=\"font-family: 'times new roman', times, serif; font-size: 140%;\"><img decoding=\"async\" class=\"emoji\" role=\"img\" draggable=\"false\" src=\"https:\/\/s.w.org\/images\/core\/emoji\/14.0.0\/svg\/1f61b.svg\" alt=\"\ud83d\ude1b\" \/>\u00a0\u00d4 k\u00ednh nh\u1ecf ( KT: 150\u00d7600 )\u00a0 \u00a0 \u00a0 \u00a0 : 180.000\u0111<\/span><\/p>\n<p><span style=\"font-family: 'times new roman', times, serif; font-size: 140%;\"><img decoding=\"async\" class=\"emoji\" role=\"img\" draggable=\"false\" src=\"https:\/\/s.w.org\/images\/core\/emoji\/14.0.0\/svg\/1f61b.svg\" alt=\"\ud83d\ude1b\" \/>\u00a0\u00d4 k\u00ednh l\u1edbn ( KT 150\u00d71200 )\u00a0 \u00a0 \u00a0 \u00a0:\u00a0 250.000\u0111<\/span><\/p>\n","protected":false},"featured_media":4284,"comment_status":"closed","ping_status":"closed","template":"","meta":[],"product_cat":[304,291],"product_tag":[],"class_list":{"0":"post-4278","1":"product","2":"type-product","3":"status-publish","4":"has-post-thumbnail","6":"product_cat-cua-nhua-gia-go","7":"product_cat-cua-nhua-go-composite","9":"first","10":"instock","11":"sale","12":"shipping-taxable","13":"purchasable","14":"product-type-simple"},"yoast_head":"<!-- This site is optimized with the Yoast SEO Premium plugin v22.3 (Yoast SEO v22.8) - https:\/\/yoast.com\/wordpress\/plugins\/seo\/ -->\n<title>S12 - AL C\u1eeda Tr\u01a1n ( KT 230 cm x 80 cm) - V\u1eadt Li\u1ec7u X\u00e2y D\u1ef1ng Tr\u1ea7n Th\u1ecb Chi Nh\u00e1nh H\u00e0 T\u0129nh<\/title>\n<meta name=\"robots\" content=\"index, follow, max-snippet:-1, max-image-preview:large, max-video-preview:-1\" \/>\n<link rel=\"canonical\" href=\"https:\/\/tranthi.vn\/hatinh\/composite-phun-in\/\" \/>\n<meta property=\"og:locale\" content=\"vi_VN\" \/>\n<meta property=\"og:type\" content=\"article\" \/>\n<meta property=\"og:title\" content=\"S12 - AL C\u1eeda Tr\u01a1n ( KT 230 cm x 80 cm)\" \/>\n<meta property=\"og:description\" content=\"\u00a0Giao h\u00e0ng trong \u0111\u1ecba b\u00e0n\u00a0\u0110\u00e0 N\u1eb5ng\u00a0  C\u1eeda Tr\u01a1n: \u0110\u01a1n gi\u00e1 khi mua t\u1eeb 3 b\u1ed9 tr\u1edf l\u00ean.  \u00a0\u0110\u01a1n v\u1ecb t\u00ednh: B\u1ed9   K\u00edch th\u01b0\u1edbc : 230 cm \u00d7 d\u01b0\u1edbi 80 cm \u2013 3.490.000\u0111   K\u00edch th\u01b0\u1edbc : 230 cm \u00d7 81 \u0111\u1ebfn 90 cm \u2013 3.590.000\u0111   K\u00edch th\u01b0\u1edbc : 230 cm \u00d7 91 \u0111\u1ebfn 98 cm \u2013 3.740.000\u0111   \u0110\u01a1n gi\u00e1 ch\u01b0a bao g\u1ed3m kho\u00e1 c\u1eeda, thi c\u00f4ng v\u00e0 l\u1eafp \u0111\u1eb7t t\u1ea1i c\u00f4ng tr\u00ecnh.  K\u1ebb ch\u1ec9 nh\u00f4m: 70.000\u0111\/ \u0111\u01b0\u1eddng   T\u1ea1o ki\u1ec3u, h\u00fat m\u00e0ng ( 2 m\u1eb7t )\u00a0 : 300.000\u0111   C\u1eeda c\u00f3 ph\u00e0o ch\u1ec9 n\u1ed5i\u00a0 \u00a0 \u00a0 \u00a0 \u00a0 \u00a0 \u00a0 \u00a0 \u00a0 \u00a0: 430.000\u0111\/ c\u1eeda  \u00a0Khung bao t\u01b0\u1eddng ( 200-250mm ) : 430.000\u0111  \u00a0\u00d4 k\u00ednh nh\u1ecf ( KT: 150\u00d7600 )\u00a0 \u00a0 \u00a0 \u00a0 : 180.000\u0111  \u00a0\u00d4 k\u00ednh l\u1edbn ( KT 150\u00d71200 )\u00a0 \u00a0 \u00a0 \u00a0:\u00a0 250.000\u0111\" \/>\n<meta property=\"og:url\" content=\"https:\/\/tranthi.vn\/hatinh\/composite-phun-in\/\" \/>\n<meta property=\"og:site_name\" content=\"V\u1eadt Li\u1ec7u X\u00e2y D\u1ef1ng Tr\u1ea7n Th\u1ecb Chi Nh\u00e1nh H\u00e0 T\u0129nh\" \/>\n<meta property=\"article:modified_time\" content=\"2024-06-13T08:32:32+00:00\" \/>\n<meta property=\"og:image\" content=\"https:\/\/tranthi.vn\/hatinh\/wp-content\/uploads\/2022\/10\/gia-cua-nhua-composite-phun-in-da-nang_optimized.jpg\" \/>\n\t<meta property=\"og:image:width\" content=\"420\" \/>\n\t<meta property=\"og:image:height\" content=\"450\" \/>\n\t<meta property=\"og:image:type\" content=\"image\/jpeg\" \/>\n<meta name=\"twitter:card\" content=\"summary_large_image\" \/>\n<meta name=\"twitter:label1\" content=\"Gi\u00e1\" \/>\n\t<meta name=\"twitter:data1\" content=\"3,490,000&nbsp;&#8363;\" \/>\n\t<meta name=\"twitter:label2\" content=\"Kh\u1ea3 d\u1ee5ng\" \/>\n\t<meta name=\"twitter:data2\" content=\"Trong kho\" \/>\n<script type=\"application\/ld+json\" class=\"yoast-schema-graph\">{\"@context\":\"https:\/\/schema.org\",\"@graph\":[{\"@type\":[\"WebPage\",\"ItemPage\"],\"@id\":\"https:\/\/tranthi.vn\/hatinh\/composite-phun-in\/\",\"url\":\"https:\/\/tranthi.vn\/hatinh\/composite-phun-in\/\",\"name\":\"S12 - AL C\u1eeda Tr\u01a1n ( KT 230 cm x 80 cm) - V\u1eadt Li\u1ec7u X\u00e2y D\u1ef1ng Tr\u1ea7n Th\u1ecb Chi Nh\u00e1nh H\u00e0 T\u0129nh\",\"isPartOf\":{\"@id\":\"https:\/\/tranthi.vn\/hatinh\/#website\"},\"primaryImageOfPage\":{\"@id\":\"https:\/\/tranthi.vn\/hatinh\/composite-phun-in\/#primaryimage\"},\"image\":{\"@id\":\"https:\/\/tranthi.vn\/hatinh\/composite-phun-in\/#primaryimage\"},\"thumbnailUrl\":\"https:\/\/tranthi.vn\/hatinh\/wp-content\/uploads\/2022\/10\/gia-cua-nhua-composite-phun-in-da-nang_optimized.jpg\",\"datePublished\":\"2022-10-05T04:09:03+00:00\",\"dateModified\":\"2024-06-13T08:32:32+00:00\",\"breadcrumb\":{\"@id\":\"https:\/\/tranthi.vn\/hatinh\/composite-phun-in\/#breadcrumb\"},\"inLanguage\":\"vi\",\"potentialAction\":[{\"@type\":\"ReadAction\",\"target\":[\"https:\/\/tranthi.vn\/hatinh\/composite-phun-in\/\"]}]},{\"@type\":\"ImageObject\",\"inLanguage\":\"vi\",\"@id\":\"https:\/\/tranthi.vn\/hatinh\/composite-phun-in\/#primaryimage\",\"url\":\"https:\/\/tranthi.vn\/hatinh\/wp-content\/uploads\/2022\/10\/gia-cua-nhua-composite-phun-in-da-nang_optimized.jpg\",\"contentUrl\":\"https:\/\/tranthi.vn\/hatinh\/wp-content\/uploads\/2022\/10\/gia-cua-nhua-composite-phun-in-da-nang_optimized.jpg\",\"width\":420,\"height\":450},{\"@type\":\"BreadcrumbList\",\"@id\":\"https:\/\/tranthi.vn\/hatinh\/composite-phun-in\/#breadcrumb\",\"itemListElement\":[{\"@type\":\"ListItem\",\"position\":1,\"name\":\"Trang ch\u1ee7\",\"item\":\"https:\/\/tranthi.vn\/hatinh\/\"},{\"@type\":\"ListItem\",\"position\":2,\"name\":\"Shop\",\"item\":\"https:\/\/tranthi.vn\/hatinh\/shop\/\"},{\"@type\":\"ListItem\",\"position\":3,\"name\":\"S12 &#8211; AL C\u1eeda Tr\u01a1n ( KT 230 cm x 80 cm)\"}]},{\"@type\":\"WebSite\",\"@id\":\"https:\/\/tranthi.vn\/hatinh\/#website\",\"url\":\"https:\/\/tranthi.vn\/hatinh\/\",\"name\":\"V\u1eadt Li\u1ec7u X\u00e2y D\u1ef1ng Tr\u1ea7n Th\u1ecb Chi Nh\u00e1nh H\u00e0 T\u0129nh\",\"description\":\"V\u1eadt Li\u1ec7u X\u00e2y D\u1ef1ng - H\u00e0 T\u0129nh\",\"potentialAction\":[{\"@type\":\"SearchAction\",\"target\":{\"@type\":\"EntryPoint\",\"urlTemplate\":\"https:\/\/tranthi.vn\/hatinh\/?s={search_term_string}\"},\"query-input\":\"required name=search_term_string\"}],\"inLanguage\":\"vi\"},{\"@type\":\"ImageObject\",\"inLanguage\":\"vi\",\"@id\":\"https:\/\/tranthi.vn\/hatinh\/composite-phun-in\/#local-main-organization-logo\",\"url\":\"\",\"contentUrl\":\"\",\"caption\":\"V\u1eadt Li\u1ec7u X\u00e2y D\u1ef1ng Tr\u1ea7n Th\u1ecb Chi Nh\u00e1nh H\u00e0 T\u0129nh\"}]}<\/script>\n<meta property=\"product:price:amount\" content=\"3490000\" \/>\n<meta property=\"product:price:currency\" content=\"VND\" \/>\n<meta property=\"og:availability\" content=\"instock\" \/>\n<meta property=\"product:availability\" content=\"instock\" \/>\n<meta property=\"product:condition\" content=\"new\" \/>\n<!-- \/ Yoast SEO Premium plugin. -->","yoast_head_json":{"title":"S12 - AL C\u1eeda Tr\u01a1n ( KT 230 cm x 80 cm) - V\u1eadt Li\u1ec7u X\u00e2y D\u1ef1ng Tr\u1ea7n Th\u1ecb Chi Nh\u00e1nh H\u00e0 T\u0129nh","robots":{"index":"index","follow":"follow","max-snippet":"max-snippet:-1","max-image-preview":"max-image-preview:large","max-video-preview":"max-video-preview:-1"},"canonical":"https:\/\/tranthi.vn\/hatinh\/composite-phun-in\/","og_locale":"vi_VN","og_type":"article","og_title":"S12 - AL C\u1eeda Tr\u01a1n ( KT 230 cm x 80 cm)","og_description":"\u00a0Giao h\u00e0ng trong \u0111\u1ecba b\u00e0n\u00a0\u0110\u00e0 N\u1eb5ng\u00a0  C\u1eeda Tr\u01a1n: \u0110\u01a1n gi\u00e1 khi mua t\u1eeb 3 b\u1ed9 tr\u1edf l\u00ean.  \u00a0\u0110\u01a1n v\u1ecb t\u00ednh: B\u1ed9   K\u00edch th\u01b0\u1edbc : 230 cm \u00d7 d\u01b0\u1edbi 80 cm \u2013 3.490.000\u0111   K\u00edch th\u01b0\u1edbc : 230 cm \u00d7 81 \u0111\u1ebfn 90 cm \u2013 3.590.000\u0111   K\u00edch th\u01b0\u1edbc : 230 cm \u00d7 91 \u0111\u1ebfn 98 cm \u2013 3.740.000\u0111   \u0110\u01a1n gi\u00e1 ch\u01b0a bao g\u1ed3m kho\u00e1 c\u1eeda, thi c\u00f4ng v\u00e0 l\u1eafp \u0111\u1eb7t t\u1ea1i c\u00f4ng tr\u00ecnh.  K\u1ebb ch\u1ec9 nh\u00f4m: 70.000\u0111\/ \u0111\u01b0\u1eddng   T\u1ea1o ki\u1ec3u, h\u00fat m\u00e0ng ( 2 m\u1eb7t )\u00a0 : 300.000\u0111   C\u1eeda c\u00f3 ph\u00e0o ch\u1ec9 n\u1ed5i\u00a0 \u00a0 \u00a0 \u00a0 \u00a0 \u00a0 \u00a0 \u00a0 \u00a0 \u00a0: 430.000\u0111\/ c\u1eeda  \u00a0Khung bao t\u01b0\u1eddng ( 200-250mm ) : 430.000\u0111  \u00a0\u00d4 k\u00ednh nh\u1ecf ( KT: 150\u00d7600 )\u00a0 \u00a0 \u00a0 \u00a0 : 180.000\u0111  \u00a0\u00d4 k\u00ednh l\u1edbn ( KT 150\u00d71200 )\u00a0 \u00a0 \u00a0 \u00a0:\u00a0 250.000\u0111","og_url":"https:\/\/tranthi.vn\/hatinh\/composite-phun-in\/","og_site_name":"V\u1eadt Li\u1ec7u X\u00e2y D\u1ef1ng Tr\u1ea7n Th\u1ecb Chi Nh\u00e1nh H\u00e0 T\u0129nh","article_modified_time":"2024-06-13T08:32:32+00:00","og_image":[{"width":420,"height":450,"url":"https:\/\/tranthi.vn\/hatinh\/wp-content\/uploads\/2022\/10\/gia-cua-nhua-composite-phun-in-da-nang_optimized.jpg","type":"image\/jpeg"}],"twitter_card":"summary_large_image","twitter_misc":{"Gi\u00e1":"3,490,000&nbsp;&#8363;","Kh\u1ea3 d\u1ee5ng":"Trong kho"},"schema":{"@context":"https:\/\/schema.org","@graph":[{"@type":["WebPage","ItemPage"],"@id":"https:\/\/tranthi.vn\/hatinh\/composite-phun-in\/","url":"https:\/\/tranthi.vn\/hatinh\/composite-phun-in\/","name":"S12 - AL C\u1eeda Tr\u01a1n ( KT 230 cm x 80 cm) - V\u1eadt Li\u1ec7u X\u00e2y D\u1ef1ng Tr\u1ea7n Th\u1ecb Chi Nh\u00e1nh H\u00e0 T\u0129nh","isPartOf":{"@id":"https:\/\/tranthi.vn\/hatinh\/#website"},"primaryImageOfPage":{"@id":"https:\/\/tranthi.vn\/hatinh\/composite-phun-in\/#primaryimage"},"image":{"@id":"https:\/\/tranthi.vn\/hatinh\/composite-phun-in\/#primaryimage"},"thumbnailUrl":"https:\/\/tranthi.vn\/hatinh\/wp-content\/uploads\/2022\/10\/gia-cua-nhua-composite-phun-in-da-nang_optimized.jpg","datePublished":"2022-10-05T04:09:03+00:00","dateModified":"2024-06-13T08:32:32+00:00","breadcrumb":{"@id":"https:\/\/tranthi.vn\/hatinh\/composite-phun-in\/#breadcrumb"},"inLanguage":"vi","potentialAction":[{"@type":"ReadAction","target":["https:\/\/tranthi.vn\/hatinh\/composite-phun-in\/"]}]},{"@type":"ImageObject","inLanguage":"vi","@id":"https:\/\/tranthi.vn\/hatinh\/composite-phun-in\/#primaryimage","url":"https:\/\/tranthi.vn\/hatinh\/wp-content\/uploads\/2022\/10\/gia-cua-nhua-composite-phun-in-da-nang_optimized.jpg","contentUrl":"https:\/\/tranthi.vn\/hatinh\/wp-content\/uploads\/2022\/10\/gia-cua-nhua-composite-phun-in-da-nang_optimized.jpg","width":420,"height":450},{"@type":"BreadcrumbList","@id":"https:\/\/tranthi.vn\/hatinh\/composite-phun-in\/#breadcrumb","itemListElement":[{"@type":"ListItem","position":1,"name":"Trang ch\u1ee7","item":"https:\/\/tranthi.vn\/hatinh\/"},{"@type":"ListItem","position":2,"name":"Shop","item":"https:\/\/tranthi.vn\/hatinh\/shop\/"},{"@type":"ListItem","position":3,"name":"S12 &#8211; AL C\u1eeda Tr\u01a1n ( KT 230 cm x 80 cm)"}]},{"@type":"WebSite","@id":"https:\/\/tranthi.vn\/hatinh\/#website","url":"https:\/\/tranthi.vn\/hatinh\/","name":"V\u1eadt Li\u1ec7u X\u00e2y D\u1ef1ng Tr\u1ea7n Th\u1ecb Chi Nh\u00e1nh H\u00e0 T\u0129nh","description":"V\u1eadt Li\u1ec7u X\u00e2y D\u1ef1ng - H\u00e0 T\u0129nh","potentialAction":[{"@type":"SearchAction","target":{"@type":"EntryPoint","urlTemplate":"https:\/\/tranthi.vn\/hatinh\/?s={search_term_string}"},"query-input":"required name=search_term_string"}],"inLanguage":"vi"},{"@type":"ImageObject","inLanguage":"vi","@id":"https:\/\/tranthi.vn\/hatinh\/composite-phun-in\/#local-main-organization-logo","url":"","contentUrl":"","caption":"V\u1eadt Li\u1ec7u X\u00e2y D\u1ef1ng Tr\u1ea7n Th\u1ecb Chi Nh\u00e1nh H\u00e0 T\u0129nh"}]},"product_price_amount":"3490000","product_price_currency":"VND","og_availability":"instock","product_availability":"instock","product_condition":"new"},"_links":{"self":[{"href":"https:\/\/tranthi.vn\/hatinh\/wp-json\/wp\/v2\/product\/4278","targetHints":{"allow":["GET"]}}],"collection":[{"href":"https:\/\/tranthi.vn\/hatinh\/wp-json\/wp\/v2\/product"}],"about":[{"href":"https:\/\/tranthi.vn\/hatinh\/wp-json\/wp\/v2\/types\/product"}],"replies":[{"embeddable":true,"href":"https:\/\/tranthi.vn\/hatinh\/wp-json\/wp\/v2\/comments?post=4278"}],"wp:featuredmedia":[{"embeddable":true,"href":"https:\/\/tranthi.vn\/hatinh\/wp-json\/wp\/v2\/media\/4284"}],"wp:attachment":[{"href":"https:\/\/tranthi.vn\/hatinh\/wp-json\/wp\/v2\/media?parent=4278"}],"wp:term":[{"taxonomy":"product_cat","embeddable":true,"href":"https:\/\/tranthi.vn\/hatinh\/wp-json\/wp\/v2\/product_cat?post=4278"},{"taxonomy":"product_tag","embeddable":true,"href":"https:\/\/tranthi.vn\/hatinh\/wp-json\/wp\/v2\/product_tag?post=4278"}],"curies":[{"name":"wp","href":"https:\/\/api.w.org\/{rel}","templated":true}]}}